{"id":35109,"date":"2022-11-18T10:17:57","date_gmt":"2022-11-18T03:17:57","guid":{"rendered":"https:\/\/mouldking.store\/?post_type=product&#038;p=35109"},"modified":"2022-11-18T10:17:57","modified_gmt":"2022-11-18T03:17:57","slug":"panlos-611016-mechanical-tyrannosaurus-with-2065-pieces","status":"publish","type":"product","link":"https:\/\/mouldking.store\/de\/shop\/panlos-611016-mechanical-tyrannosaurus-with-2065-pieces\/","title":{"rendered":"PANLOS 611016 Mechanischer Tyrannosaurus mit 2065 Teilen"},"content":{"rendered":"<p>Produktinformation:<\/p>\n<ol>\n<li>Marke: PANLOS<\/li>\n<li>Geschlecht: Unisex<\/li>\n<li>Name: Mechanical Tyrannosaurus<\/li>\n<li>Altersspanne: &gt; 6 Jahre alt<\/li>\n<li>Model Number: 611016<\/li>\n<li>Einstufung: Assemblage<\/li>\n<li>Kunststoffblockform: Selbstsichernde Steine<\/li>\n<li>Material: Kunststoff<\/li>\n<li>Kunststofftyp: ABS<\/li>\n<li>Bricks Blocks:2065 PCS<\/li>\n<li>Size: 70 \u00d7 18 \u00d7 26 cm<\/li>\n<li>Enth\u00e4lt eine ausf\u00fchrliche Montageanleitung.<\/li>\n<\/ol>\n<p>Notiz:<br \/>\n1. Ohne Originalverpackung, aber wir garantieren, dass unsere Produkte eine Qualit\u00e4tssicherung und eine sch\u00f6ne Verpackung haben.<br \/>\n2. Wie alle Teile, die wir vor dem Versand \u00fcberpr\u00fcft haben, machen Sie sich keine Sorgen, wenn Sie feststellen, dass einige Teile fehlen oder besch\u00e4digt sind, und kontaktieren Sie uns einfach, und wir k\u00f6nnen sie Ihnen umgehend kostenlos erneut zusenden.<\/p>\n<figure id=\"attachment_35110\" aria-describedby=\"caption-attachment-35110\" style=\"width: 768px\" class=\"wp-caption aligncenter\"><img fetchpriority=\"high\" decoding=\"async\" class=\"wp-image-35110 size-full\" src=\"https:\/\/mouldking.store\/wp-content\/uploads\/2022\/11\/PANLOS-611016-8.jpg\" alt=\"PANLOS 611016 Mechanical Tyrannosaurus With 2065 Pieces\" width=\"768\" height=\"768\" title=\"-\" srcset=\"https:\/\/mouldking.store\/wp-content\/uploads\/2022\/11\/PANLOS-611016-8.jpg 768w, https:\/\/mouldking.store\/wp-content\/uploads\/2022\/11\/PANLOS-611016-8-300x300.jpg 300w, https:\/\/mouldking.store\/wp-content\/uploads\/2022\/11\/PANLOS-611016-8-600x600.jpg 600w, https:\/\/mouldking.store\/wp-content\/uploads\/2022\/11\/PANLOS-611016-8-150x150.jpg 150w, https:\/\/mouldking.store\/wp-content\/uploads\/2022\/11\/PANLOS-611016-8-60x60.jpg 60w, https:\/\/mouldking.store\/wp-content\/uploads\/2022\/11\/PANLOS-611016-8-90x90.jpg 90w\" sizes=\"(max-width: 768px) 100vw, 768px\" \/><figcaption id=\"caption-attachment-35110\" class=\"wp-caption-text\">PANLOS 611016 Mechanischer Tyrannosaurus mit 2065 Teilen<\/figcaption><\/figure>\n<figure id=\"attachment_35111\" aria-describedby=\"caption-attachment-35111\" style=\"width: 768px\" class=\"wp-caption aligncenter\"><img decoding=\"async\" class=\"wp-image-35111 size-full\" src=\"https:\/\/mouldking.store\/wp-content\/uploads\/2022\/11\/PANLOS-611016-7.jpg\" alt=\"PANLOS 611016 Mechanical Tyrannosaurus With 2065 Pieces\" width=\"768\" height=\"768\" title=\"-\" srcset=\"https:\/\/mouldking.store\/wp-content\/uploads\/2022\/11\/PANLOS-611016-7.jpg 768w, https:\/\/mouldking.store\/wp-content\/uploads\/2022\/11\/PANLOS-611016-7-300x300.jpg 300w, https:\/\/mouldking.store\/wp-content\/uploads\/2022\/11\/PANLOS-611016-7-600x600.jpg 600w, https:\/\/mouldking.store\/wp-content\/uploads\/2022\/11\/PANLOS-611016-7-150x150.jpg 150w, https:\/\/mouldking.store\/wp-content\/uploads\/2022\/11\/PANLOS-611016-7-60x60.jpg 60w, https:\/\/mouldking.store\/wp-content\/uploads\/2022\/11\/PANLOS-611016-7-90x90.jpg 90w\" sizes=\"(max-width: 768px) 100vw, 768px\" \/><figcaption id=\"caption-attachment-35111\" class=\"wp-caption-text\">PANLOS 611016 Mechanischer Tyrannosaurus mit 2065 Teilen<\/figcaption><\/figure>\n<figure id=\"attachment_35112\" aria-describedby=\"caption-attachment-35112\" style=\"width: 530px\" class=\"wp-caption aligncenter\"><img decoding=\"async\" class=\"wp-image-35112 size-full\" src=\"https:\/\/mouldking.store\/wp-content\/uploads\/2022\/11\/PANLOS-611016-6.jpg\" alt=\"PANLOS 611016 Mechanical Tyrannosaurus With 2065 Pieces\" width=\"530\" height=\"1024\" title=\"-\" srcset=\"https:\/\/mouldking.store\/wp-content\/uploads\/2022\/11\/PANLOS-611016-6.jpg 530w, https:\/\/mouldking.store\/wp-content\/uploads\/2022\/11\/PANLOS-611016-6-155x300.jpg 155w, https:\/\/mouldking.store\/wp-content\/uploads\/2022\/11\/PANLOS-611016-6-300x580.jpg 300w, https:\/\/mouldking.store\/wp-content\/uploads\/2022\/11\/PANLOS-611016-6-78x150.jpg 78w, https:\/\/mouldking.store\/wp-content\/uploads\/2022\/11\/PANLOS-611016-6-31x60.jpg 31w, https:\/\/mouldking.store\/wp-content\/uploads\/2022\/11\/PANLOS-611016-6-47x90.jpg 47w\" sizes=\"(max-width: 530px) 100vw, 530px\" \/><figcaption id=\"caption-attachment-35112\" class=\"wp-caption-text\">PANLOS 611016 Mechanischer Tyrannosaurus mit 2065 Teilen<\/figcaption><\/figure>\n<figure id=\"attachment_35113\" aria-describedby=\"caption-attachment-35113\" style=\"width: 550px\" class=\"wp-caption aligncenter\"><img loading=\"lazy\" decoding=\"async\" class=\"wp-image-35113 size-full\" src=\"https:\/\/mouldking.store\/wp-content\/uploads\/2022\/11\/PANLOS-611016-5.jpg\" alt=\"PANLOS 611016 Mechanical Tyrannosaurus With 2065 Pieces\" width=\"550\" height=\"1024\" title=\"-\" srcset=\"https:\/\/mouldking.store\/wp-content\/uploads\/2022\/11\/PANLOS-611016-5.jpg 550w, https:\/\/mouldking.store\/wp-content\/uploads\/2022\/11\/PANLOS-611016-5-161x300.jpg 161w, https:\/\/mouldking.store\/wp-content\/uploads\/2022\/11\/PANLOS-611016-5-300x559.jpg 300w, https:\/\/mouldking.store\/wp-content\/uploads\/2022\/11\/PANLOS-611016-5-81x150.jpg 81w, https:\/\/mouldking.store\/wp-content\/uploads\/2022\/11\/PANLOS-611016-5-32x60.jpg 32w, https:\/\/mouldking.store\/wp-content\/uploads\/2022\/11\/PANLOS-611016-5-48x90.jpg 48w\" sizes=\"(max-width: 550px) 100vw, 550px\" \/><figcaption id=\"caption-attachment-35113\" class=\"wp-caption-text\">PANLOS 611016 Mechanischer Tyrannosaurus mit 2065 Teilen<\/figcaption><\/figure>\n<figure id=\"attachment_35114\" aria-describedby=\"caption-attachment-35114\" style=\"width: 669px\" class=\"wp-caption aligncenter\"><img loading=\"lazy\" decoding=\"async\" class=\"wp-image-35114 size-full\" src=\"https:\/\/mouldking.store\/wp-content\/uploads\/2022\/11\/PANLOS-611016-4.jpg\" alt=\"PANLOS 611016 Mechanical Tyrannosaurus With 2065 Pieces\" width=\"669\" height=\"1024\" title=\"-\" srcset=\"https:\/\/mouldking.store\/wp-content\/uploads\/2022\/11\/PANLOS-611016-4.jpg 669w, https:\/\/mouldking.store\/wp-content\/uploads\/2022\/11\/PANLOS-611016-4-196x300.jpg 196w, https:\/\/mouldking.store\/wp-content\/uploads\/2022\/11\/PANLOS-611016-4-300x459.jpg 300w, https:\/\/mouldking.store\/wp-content\/uploads\/2022\/11\/PANLOS-611016-4-600x918.jpg 600w, https:\/\/mouldking.store\/wp-content\/uploads\/2022\/11\/PANLOS-611016-4-98x150.jpg 98w, https:\/\/mouldking.store\/wp-content\/uploads\/2022\/11\/PANLOS-611016-4-39x60.jpg 39w, https:\/\/mouldking.store\/wp-content\/uploads\/2022\/11\/PANLOS-611016-4-59x90.jpg 59w\" sizes=\"(max-width: 669px) 100vw, 669px\" \/><figcaption id=\"caption-attachment-35114\" class=\"wp-caption-text\">PANLOS 611016 Mechanischer Tyrannosaurus mit 2065 Teilen<\/figcaption><\/figure>\n<figure id=\"attachment_35115\" aria-describedby=\"caption-attachment-35115\" style=\"width: 582px\" class=\"wp-caption aligncenter\"><img loading=\"lazy\" decoding=\"async\" class=\"wp-image-35115 size-full\" src=\"https:\/\/mouldking.store\/wp-content\/uploads\/2022\/11\/PANLOS-611016-3.jpg\" alt=\"PANLOS 611016 Mechanical Tyrannosaurus With 2065 Pieces\" width=\"582\" height=\"1024\" title=\"-\" srcset=\"https:\/\/mouldking.store\/wp-content\/uploads\/2022\/11\/PANLOS-611016-3.jpg 582w, https:\/\/mouldking.store\/wp-content\/uploads\/2022\/11\/PANLOS-611016-3-171x300.jpg 171w, https:\/\/mouldking.store\/wp-content\/uploads\/2022\/11\/PANLOS-611016-3-300x528.jpg 300w, https:\/\/mouldking.store\/wp-content\/uploads\/2022\/11\/PANLOS-611016-3-85x150.jpg 85w, https:\/\/mouldking.store\/wp-content\/uploads\/2022\/11\/PANLOS-611016-3-34x60.jpg 34w, https:\/\/mouldking.store\/wp-content\/uploads\/2022\/11\/PANLOS-611016-3-51x90.jpg 51w\" sizes=\"(max-width: 582px) 100vw, 582px\" \/><figcaption id=\"caption-attachment-35115\" class=\"wp-caption-text\">PANLOS 611016 Mechanischer Tyrannosaurus mit 2065 Teilen<\/figcaption><\/figure>\n<figure id=\"attachment_35116\" aria-describedby=\"caption-attachment-35116\" style=\"width: 768px\" class=\"wp-caption aligncenter\"><img loading=\"lazy\" decoding=\"async\" class=\"wp-image-35116 size-full\" src=\"https:\/\/mouldking.store\/wp-content\/uploads\/2022\/11\/PANLOS-611016-2.jpg\" alt=\"PANLOS 611016 Mechanical Tyrannosaurus With 2065 Pieces\" width=\"768\" height=\"768\" title=\"-\" srcset=\"https:\/\/mouldking.store\/wp-content\/uploads\/2022\/11\/PANLOS-611016-2.jpg 768w, https:\/\/mouldking.store\/wp-content\/uploads\/2022\/11\/PANLOS-611016-2-300x300.jpg 300w, https:\/\/mouldking.store\/wp-content\/uploads\/2022\/11\/PANLOS-611016-2-600x600.jpg 600w, https:\/\/mouldking.store\/wp-content\/uploads\/2022\/11\/PANLOS-611016-2-150x150.jpg 150w, https:\/\/mouldking.store\/wp-content\/uploads\/2022\/11\/PANLOS-611016-2-60x60.jpg 60w, https:\/\/mouldking.store\/wp-content\/uploads\/2022\/11\/PANLOS-611016-2-90x90.jpg 90w\" sizes=\"(max-width: 768px) 100vw, 768px\" \/><figcaption id=\"caption-attachment-35116\" class=\"wp-caption-text\">PANLOS 611016 Mechanischer Tyrannosaurus mit 2065 Teilen<\/figcaption><\/figure>\n<figure id=\"attachment_35117\" aria-describedby=\"caption-attachment-35117\" style=\"width: 768px\" class=\"wp-caption aligncenter\"><img loading=\"lazy\" decoding=\"async\" class=\"wp-image-35117 size-full\" src=\"https:\/\/mouldking.store\/wp-content\/uploads\/2022\/11\/PANLOS-611016-1.jpg\" alt=\"PANLOS 611016 Mechanical Tyrannosaurus With 2065 Pieces\" width=\"768\" height=\"826\" title=\"-\" srcset=\"https:\/\/mouldking.store\/wp-content\/uploads\/2022\/11\/PANLOS-611016-1.jpg 768w, https:\/\/mouldking.store\/wp-content\/uploads\/2022\/11\/PANLOS-611016-1-279x300.jpg 279w, https:\/\/mouldking.store\/wp-content\/uploads\/2022\/11\/PANLOS-611016-1-300x323.jpg 300w, https:\/\/mouldking.store\/wp-content\/uploads\/2022\/11\/PANLOS-611016-1-600x645.jpg 600w, https:\/\/mouldking.store\/wp-content\/uploads\/2022\/11\/PANLOS-611016-1-139x150.jpg 139w, https:\/\/mouldking.store\/wp-content\/uploads\/2022\/11\/PANLOS-611016-1-56x60.jpg 56w, https:\/\/mouldking.store\/wp-content\/uploads\/2022\/11\/PANLOS-611016-1-84x90.jpg 84w\" sizes=\"(max-width: 768px) 100vw, 768px\" \/><figcaption id=\"caption-attachment-35117\" class=\"wp-caption-text\">PANLOS 611016 Mechanischer Tyrannosaurus mit 2065 Teilen<\/figcaption><\/figure>","protected":false},"excerpt":{"rendered":"<p>Product information: Brand: PANLOS Gender: Unisex Name: Mechanical Tyrannosaurus Age Range: &gt; 6 years old Model Number: 611016 Classification: Assemblage Plastic Block Shape: Self-Locking Bricks Material: Plastic Plastic Type: ABS Bricks Blocks:2065 PCS Size: 70 \u00d7 18 \u00d7 26 cm Contains detailed assembly instructions. Notice: 1. Without an original box, but we guarantee our products [&hellip;]<\/p>","protected":false},"featured_media":35110,"comment_status":"closed","ping_status":"closed","template":"","meta":{"_acf_changed":false},"product_cat":[1365],"product_tag":[7344,7345,7347,1851,7346,7348,7343,5185],"class_list":["product","first","instock","shipping-taxable","purchasable","product-type-simple"],"acf":[],"_links":{"self":[{"href":"https:\/\/mouldking.store\/de\/wp-json\/wp\/v2\/product\/35109","targetHints":{"allow":["GET"]}}],"collection":[{"href":"https:\/\/mouldking.store\/de\/wp-json\/wp\/v2\/product"}],"about":[{"href":"https:\/\/mouldking.store\/de\/wp-json\/wp\/v2\/types\/product"}],"replies":[{"embeddable":true,"href":"https:\/\/mouldking.store\/de\/wp-json\/wp\/v2\/comments?post=35109"}],"wp:featuredmedia":[{"embeddable":true,"href":"https:\/\/mouldking.store\/de\/wp-json\/wp\/v2\/media\/35110"}],"wp:attachment":[{"href":"https:\/\/mouldking.store\/de\/wp-json\/wp\/v2\/media?parent=35109"}],"wp:term":[{"taxonomy":"product_cat","embeddable":true,"href":"https:\/\/mouldking.store\/de\/wp-json\/wp\/v2\/product_cat?post=35109"},{"taxonomy":"product_tag","embeddable":true,"href":"https:\/\/mouldking.store\/de\/wp-json\/wp\/v2\/product_tag?post=35109"}],"curies":[{"name":"wp","href":"https:\/\/api.w.org\/{rel}","templated":true}]}}