{"id":35119,"date":"2022-11-18T10:25:26","date_gmt":"2022-11-18T03:25:26","guid":{"rendered":"https:\/\/mouldking.store\/?post_type=product&#038;p=35119"},"modified":"2022-11-18T10:25:26","modified_gmt":"2022-11-18T03:25:26","slug":"panlos-687006-mechanical-godzilla-with-1446-pieces","status":"publish","type":"product","link":"https:\/\/mouldking.store\/de\/shop\/panlos-687006-mechanical-godzilla-with-1446-pieces\/","title":{"rendered":"PANLOS 687006 Mechanischer Godzilla mit 1446 Teilen"},"content":{"rendered":"<p>Produktinformation:<\/p>\n<ol>\n<li>Marke: PANLOS<\/li>\n<li>Geschlecht: Unisex<\/li>\n<li>Name: Mechanical Godzilla<\/li>\n<li>Altersspanne: &gt; 6 Jahre alt<\/li>\n<li>Model Number: 687006<\/li>\n<li>Einstufung: Assemblage<\/li>\n<li>Kunststoffblockform: Selbstsichernde Steine<\/li>\n<li>Material: Kunststoff<\/li>\n<li>Kunststofftyp: ABS<\/li>\n<li>Bricks Blocks:1446PCS<\/li>\n<li>Size: 37 \u00d7 20 \u00d7 22 cm<\/li>\n<li>Enth\u00e4lt eine ausf\u00fchrliche Montageanleitung.<\/li>\n<\/ol>\n<p>Notiz:<br \/>\n1. Ohne Originalverpackung, aber wir garantieren, dass unsere Produkte eine Qualit\u00e4tssicherung und eine sch\u00f6ne Verpackung haben.<br \/>\n2. Wie alle Teile, die wir vor dem Versand \u00fcberpr\u00fcft haben, machen Sie sich keine Sorgen, wenn Sie feststellen, dass einige Teile fehlen oder besch\u00e4digt sind, und kontaktieren Sie uns einfach, und wir k\u00f6nnen sie Ihnen umgehend kostenlos erneut zusenden.<\/p>\n<figure id=\"attachment_35120\" aria-describedby=\"caption-attachment-35120\" style=\"width: 768px\" class=\"wp-caption aligncenter\"><img fetchpriority=\"high\" decoding=\"async\" class=\"wp-image-35120 size-full\" src=\"https:\/\/mouldking.store\/wp-content\/uploads\/2022\/11\/PANLOS-687006-5.jpg\" alt=\"PANLOS 687006 Mechanical Godzilla With 1446 Pieces\" width=\"768\" height=\"768\" title=\"-\" srcset=\"https:\/\/mouldking.store\/wp-content\/uploads\/2022\/11\/PANLOS-687006-5.jpg 768w, https:\/\/mouldking.store\/wp-content\/uploads\/2022\/11\/PANLOS-687006-5-300x300.jpg 300w, https:\/\/mouldking.store\/wp-content\/uploads\/2022\/11\/PANLOS-687006-5-600x600.jpg 600w, https:\/\/mouldking.store\/wp-content\/uploads\/2022\/11\/PANLOS-687006-5-150x150.jpg 150w, https:\/\/mouldking.store\/wp-content\/uploads\/2022\/11\/PANLOS-687006-5-60x60.jpg 60w, https:\/\/mouldking.store\/wp-content\/uploads\/2022\/11\/PANLOS-687006-5-90x90.jpg 90w\" sizes=\"(max-width: 768px) 100vw, 768px\" \/><figcaption id=\"caption-attachment-35120\" class=\"wp-caption-text\">PANLOS 687006 Mechanischer Godzilla mit 1446 Teilen<\/figcaption><\/figure>\n<figure id=\"attachment_35121\" aria-describedby=\"caption-attachment-35121\" style=\"width: 750px\" class=\"wp-caption aligncenter\"><img decoding=\"async\" class=\"wp-image-35121 size-full\" src=\"https:\/\/mouldking.store\/wp-content\/uploads\/2022\/11\/PANLOS-687006-4.jpg\" alt=\"PANLOS 687006 Mechanical Godzilla With 1446 Pieces\" width=\"750\" height=\"1000\" title=\"-\" srcset=\"https:\/\/mouldking.store\/wp-content\/uploads\/2022\/11\/PANLOS-687006-4.jpg 750w, https:\/\/mouldking.store\/wp-content\/uploads\/2022\/11\/PANLOS-687006-4-225x300.jpg 225w, https:\/\/mouldking.store\/wp-content\/uploads\/2022\/11\/PANLOS-687006-4-300x400.jpg 300w, https:\/\/mouldking.store\/wp-content\/uploads\/2022\/11\/PANLOS-687006-4-600x800.jpg 600w, https:\/\/mouldking.store\/wp-content\/uploads\/2022\/11\/PANLOS-687006-4-113x150.jpg 113w, https:\/\/mouldking.store\/wp-content\/uploads\/2022\/11\/PANLOS-687006-4-45x60.jpg 45w, https:\/\/mouldking.store\/wp-content\/uploads\/2022\/11\/PANLOS-687006-4-68x90.jpg 68w\" sizes=\"(max-width: 750px) 100vw, 750px\" \/><figcaption id=\"caption-attachment-35121\" class=\"wp-caption-text\">PANLOS 687006 Mechanischer Godzilla mit 1446 Teilen<\/figcaption><\/figure>\n<figure id=\"attachment_35122\" aria-describedby=\"caption-attachment-35122\" style=\"width: 768px\" class=\"wp-caption aligncenter\"><img decoding=\"async\" class=\"wp-image-35122 size-full\" src=\"https:\/\/mouldking.store\/wp-content\/uploads\/2022\/11\/PANLOS-687006-3.jpg\" alt=\"PANLOS 687006 Mechanical Godzilla With 1446 Pieces\" width=\"768\" height=\"776\" title=\"-\" srcset=\"https:\/\/mouldking.store\/wp-content\/uploads\/2022\/11\/PANLOS-687006-3.jpg 768w, https:\/\/mouldking.store\/wp-content\/uploads\/2022\/11\/PANLOS-687006-3-297x300.jpg 297w, https:\/\/mouldking.store\/wp-content\/uploads\/2022\/11\/PANLOS-687006-3-300x303.jpg 300w, https:\/\/mouldking.store\/wp-content\/uploads\/2022\/11\/PANLOS-687006-3-600x606.jpg 600w, https:\/\/mouldking.store\/wp-content\/uploads\/2022\/11\/PANLOS-687006-3-148x150.jpg 148w, https:\/\/mouldking.store\/wp-content\/uploads\/2022\/11\/PANLOS-687006-3-59x60.jpg 59w, https:\/\/mouldking.store\/wp-content\/uploads\/2022\/11\/PANLOS-687006-3-89x90.jpg 89w\" sizes=\"(max-width: 768px) 100vw, 768px\" \/><figcaption id=\"caption-attachment-35122\" class=\"wp-caption-text\">PANLOS 687006 Mechanischer Godzilla mit 1446 Teilen<\/figcaption><\/figure>\n<figure id=\"attachment_35123\" aria-describedby=\"caption-attachment-35123\" style=\"width: 768px\" class=\"wp-caption aligncenter\"><img loading=\"lazy\" decoding=\"async\" class=\"wp-image-35123 size-full\" src=\"https:\/\/mouldking.store\/wp-content\/uploads\/2022\/11\/PANLOS-687006-2.jpg\" alt=\"PANLOS 687006 Mechanical Godzilla With 1446 Pieces\" width=\"768\" height=\"653\" title=\"-\" srcset=\"https:\/\/mouldking.store\/wp-content\/uploads\/2022\/11\/PANLOS-687006-2.jpg 768w, https:\/\/mouldking.store\/wp-content\/uploads\/2022\/11\/PANLOS-687006-2-300x255.jpg 300w, https:\/\/mouldking.store\/wp-content\/uploads\/2022\/11\/PANLOS-687006-2-600x510.jpg 600w, https:\/\/mouldking.store\/wp-content\/uploads\/2022\/11\/PANLOS-687006-2-150x128.jpg 150w, https:\/\/mouldking.store\/wp-content\/uploads\/2022\/11\/PANLOS-687006-2-71x60.jpg 71w, https:\/\/mouldking.store\/wp-content\/uploads\/2022\/11\/PANLOS-687006-2-106x90.jpg 106w\" sizes=\"(max-width: 768px) 100vw, 768px\" \/><figcaption id=\"caption-attachment-35123\" class=\"wp-caption-text\">PANLOS 687006 Mechanischer Godzilla mit 1446 Teilen<\/figcaption><\/figure>\n<figure id=\"attachment_35124\" aria-describedby=\"caption-attachment-35124\" style=\"width: 768px\" class=\"wp-caption aligncenter\"><img loading=\"lazy\" decoding=\"async\" class=\"wp-image-35124 size-full\" src=\"https:\/\/mouldking.store\/wp-content\/uploads\/2022\/11\/PANLOS-687006-1.jpg\" alt=\"PANLOS 687006 Mechanical Godzilla With 1446 Pieces\" width=\"768\" height=\"895\" title=\"-\" srcset=\"https:\/\/mouldking.store\/wp-content\/uploads\/2022\/11\/PANLOS-687006-1.jpg 768w, https:\/\/mouldking.store\/wp-content\/uploads\/2022\/11\/PANLOS-687006-1-257x300.jpg 257w, https:\/\/mouldking.store\/wp-content\/uploads\/2022\/11\/PANLOS-687006-1-300x350.jpg 300w, https:\/\/mouldking.store\/wp-content\/uploads\/2022\/11\/PANLOS-687006-1-600x699.jpg 600w, https:\/\/mouldking.store\/wp-content\/uploads\/2022\/11\/PANLOS-687006-1-129x150.jpg 129w, https:\/\/mouldking.store\/wp-content\/uploads\/2022\/11\/PANLOS-687006-1-51x60.jpg 51w, https:\/\/mouldking.store\/wp-content\/uploads\/2022\/11\/PANLOS-687006-1-77x90.jpg 77w\" sizes=\"(max-width: 768px) 100vw, 768px\" \/><figcaption id=\"caption-attachment-35124\" class=\"wp-caption-text\">PANLOS 687006 Mechanischer Godzilla mit 1446 Teilen<\/figcaption><\/figure>","protected":false},"excerpt":{"rendered":"<p>Product information: Brand: PANLOS Gender: Unisex Name: Mechanical Godzilla Age Range: &gt; 6 years old Model Number: 687006 Classification: Assemblage Plastic Block Shape: Self-Locking Bricks Material: Plastic Plastic Type: ABS Bricks Blocks:1446PCS Size: 37 \u00d7 20 \u00d7 22 cm Contains detailed assembly instructions. Notice: 1. Without an original box, but we guarantee our products have [&hellip;]<\/p>","protected":false},"featured_media":35120,"comment_status":"closed","ping_status":"closed","template":"","meta":{"_acf_changed":false},"product_cat":[1365],"product_tag":[7350,3547,7345,6385,1851,7351,7352,7349],"class_list":["product","first","instock","shipping-taxable","purchasable","product-type-simple"],"acf":[],"_links":{"self":[{"href":"https:\/\/mouldking.store\/de\/wp-json\/wp\/v2\/product\/35119","targetHints":{"allow":["GET"]}}],"collection":[{"href":"https:\/\/mouldking.store\/de\/wp-json\/wp\/v2\/product"}],"about":[{"href":"https:\/\/mouldking.store\/de\/wp-json\/wp\/v2\/types\/product"}],"replies":[{"embeddable":true,"href":"https:\/\/mouldking.store\/de\/wp-json\/wp\/v2\/comments?post=35119"}],"wp:featuredmedia":[{"embeddable":true,"href":"https:\/\/mouldking.store\/de\/wp-json\/wp\/v2\/media\/35120"}],"wp:attachment":[{"href":"https:\/\/mouldking.store\/de\/wp-json\/wp\/v2\/media?parent=35119"}],"wp:term":[{"taxonomy":"product_cat","embeddable":true,"href":"https:\/\/mouldking.store\/de\/wp-json\/wp\/v2\/product_cat?post=35119"},{"taxonomy":"product_tag","embeddable":true,"href":"https:\/\/mouldking.store\/de\/wp-json\/wp\/v2\/product_tag?post=35119"}],"curies":[{"name":"wp","href":"https:\/\/api.w.org\/{rel}","templated":true}]}}