{"id":35150,"date":"2022-11-18T10:57:42","date_gmt":"2022-11-18T03:57:42","guid":{"rendered":"https:\/\/mouldking.store\/?post_type=product&#038;p=35150"},"modified":"2022-11-18T10:57:42","modified_gmt":"2022-11-18T03:57:42","slug":"wange-5237-villa-savoy-with-1226-pieces","status":"publish","type":"product","link":"https:\/\/mouldking.store\/de\/shop\/wange-5237-villa-savoy-with-1226-pieces\/","title":{"rendered":"WANGE 5237 Villa Savoyen mit 1226 Teilen"},"content":{"rendered":"<p>Produktinformation:<\/p>\n<ol>\n<li>Marke: WANGE<\/li>\n<li>Geschlecht: Unisex<\/li>\n<li>Name: Villa Savoy<\/li>\n<li>Altersspanne: &gt; 6 Jahre alt<\/li>\n<li>Model Number: 5237<\/li>\n<li>Einstufung: Assemblage<\/li>\n<li>Kunststoffblockform: Selbstsichernde Steine<\/li>\n<li>Material: Kunststoff<\/li>\n<li>Kunststofftyp: ABS<\/li>\n<li>Bricks Blocks:1226 PCS<\/li>\n<li>Size: 27.1\u00d736.7\u00d714.5cm<\/li>\n<li>Enth\u00e4lt eine ausf\u00fchrliche Montageanleitung.<\/li>\n<\/ol>\n<p>Notiz:<br \/>\n1. Ohne Originalverpackung, aber wir garantieren, dass unsere Produkte eine Qualit\u00e4tssicherung und eine sch\u00f6ne Verpackung haben.<br \/>\n2. Wie alle Teile, die wir vor dem Versand \u00fcberpr\u00fcft haben, machen Sie sich keine Sorgen, wenn Sie feststellen, dass einige Teile fehlen oder besch\u00e4digt sind, und kontaktieren Sie uns einfach, und wir k\u00f6nnen sie Ihnen umgehend kostenlos erneut zusenden.<\/p>\n<figure id=\"attachment_35151\" aria-describedby=\"caption-attachment-35151\" style=\"width: 768px\" class=\"wp-caption aligncenter\"><img fetchpriority=\"high\" decoding=\"async\" class=\"wp-image-35151 size-full\" src=\"https:\/\/mouldking.store\/wp-content\/uploads\/2022\/11\/WANGE-5237-20.jpg\" alt=\"WANGE 5237 Villa Savoy With 1226 Pieces\" width=\"768\" height=\"768\" title=\"-\" srcset=\"https:\/\/mouldking.store\/wp-content\/uploads\/2022\/11\/WANGE-5237-20.jpg 768w, https:\/\/mouldking.store\/wp-content\/uploads\/2022\/11\/WANGE-5237-20-300x300.jpg 300w, https:\/\/mouldking.store\/wp-content\/uploads\/2022\/11\/WANGE-5237-20-600x600.jpg 600w, https:\/\/mouldking.store\/wp-content\/uploads\/2022\/11\/WANGE-5237-20-150x150.jpg 150w, https:\/\/mouldking.store\/wp-content\/uploads\/2022\/11\/WANGE-5237-20-60x60.jpg 60w, https:\/\/mouldking.store\/wp-content\/uploads\/2022\/11\/WANGE-5237-20-90x90.jpg 90w\" sizes=\"(max-width: 768px) 100vw, 768px\" \/><figcaption id=\"caption-attachment-35151\" class=\"wp-caption-text\">WANGE 5237 Villa Savoyen mit 1226 Teilen<\/figcaption><\/figure>\n<figure id=\"attachment_35152\" aria-describedby=\"caption-attachment-35152\" style=\"width: 768px\" class=\"wp-caption aligncenter\"><img decoding=\"async\" class=\"wp-image-35152 size-full\" src=\"https:\/\/mouldking.store\/wp-content\/uploads\/2022\/11\/WANGE-5237-19.jpg\" alt=\"WANGE 5237 Villa Savoy With 1226 Pieces\" width=\"768\" height=\"768\" title=\"-\" srcset=\"https:\/\/mouldking.store\/wp-content\/uploads\/2022\/11\/WANGE-5237-19.jpg 768w, https:\/\/mouldking.store\/wp-content\/uploads\/2022\/11\/WANGE-5237-19-300x300.jpg 300w, https:\/\/mouldking.store\/wp-content\/uploads\/2022\/11\/WANGE-5237-19-600x600.jpg 600w, https:\/\/mouldking.store\/wp-content\/uploads\/2022\/11\/WANGE-5237-19-150x150.jpg 150w, https:\/\/mouldking.store\/wp-content\/uploads\/2022\/11\/WANGE-5237-19-60x60.jpg 60w, https:\/\/mouldking.store\/wp-content\/uploads\/2022\/11\/WANGE-5237-19-90x90.jpg 90w\" sizes=\"(max-width: 768px) 100vw, 768px\" \/><figcaption id=\"caption-attachment-35152\" class=\"wp-caption-text\">WANGE 5237 Villa Savoyen mit 1226 Teilen<\/figcaption><\/figure>\n<figure id=\"attachment_35153\" aria-describedby=\"caption-attachment-35153\" style=\"width: 768px\" class=\"wp-caption aligncenter\"><img decoding=\"async\" class=\"wp-image-35153 size-full\" src=\"https:\/\/mouldking.store\/wp-content\/uploads\/2022\/11\/WANGE-5237-18.jpg\" alt=\"WANGE 5237 Villa Savoy With 1226 Pieces\" width=\"768\" height=\"768\" title=\"-\" srcset=\"https:\/\/mouldking.store\/wp-content\/uploads\/2022\/11\/WANGE-5237-18.jpg 768w, https:\/\/mouldking.store\/wp-content\/uploads\/2022\/11\/WANGE-5237-18-300x300.jpg 300w, https:\/\/mouldking.store\/wp-content\/uploads\/2022\/11\/WANGE-5237-18-600x600.jpg 600w, https:\/\/mouldking.store\/wp-content\/uploads\/2022\/11\/WANGE-5237-18-150x150.jpg 150w, https:\/\/mouldking.store\/wp-content\/uploads\/2022\/11\/WANGE-5237-18-60x60.jpg 60w, https:\/\/mouldking.store\/wp-content\/uploads\/2022\/11\/WANGE-5237-18-90x90.jpg 90w\" sizes=\"(max-width: 768px) 100vw, 768px\" \/><figcaption id=\"caption-attachment-35153\" class=\"wp-caption-text\">WANGE 5237 Villa Savoyen mit 1226 Teilen<\/figcaption><\/figure>\n<figure id=\"attachment_35154\" aria-describedby=\"caption-attachment-35154\" style=\"width: 768px\" class=\"wp-caption aligncenter\"><img loading=\"lazy\" decoding=\"async\" class=\"wp-image-35154 size-full\" src=\"https:\/\/mouldking.store\/wp-content\/uploads\/2022\/11\/WANGE-5237-17.jpg\" alt=\"WANGE 5237 Villa Savoy With 1226 Pieces\" width=\"768\" height=\"768\" title=\"-\" srcset=\"https:\/\/mouldking.store\/wp-content\/uploads\/2022\/11\/WANGE-5237-17.jpg 768w, https:\/\/mouldking.store\/wp-content\/uploads\/2022\/11\/WANGE-5237-17-300x300.jpg 300w, https:\/\/mouldking.store\/wp-content\/uploads\/2022\/11\/WANGE-5237-17-600x600.jpg 600w, https:\/\/mouldking.store\/wp-content\/uploads\/2022\/11\/WANGE-5237-17-150x150.jpg 150w, https:\/\/mouldking.store\/wp-content\/uploads\/2022\/11\/WANGE-5237-17-60x60.jpg 60w, https:\/\/mouldking.store\/wp-content\/uploads\/2022\/11\/WANGE-5237-17-90x90.jpg 90w\" sizes=\"(max-width: 768px) 100vw, 768px\" \/><figcaption id=\"caption-attachment-35154\" class=\"wp-caption-text\">WANGE 5237 Villa Savoyen mit 1226 Teilen<\/figcaption><\/figure>\n<figure id=\"attachment_35155\" aria-describedby=\"caption-attachment-35155\" style=\"width: 768px\" class=\"wp-caption aligncenter\"><img loading=\"lazy\" decoding=\"async\" class=\"wp-image-35155 size-full\" src=\"https:\/\/mouldking.store\/wp-content\/uploads\/2022\/11\/WANGE-5237-16.jpg\" alt=\"WANGE 5237 Villa Savoy With 1226 Pieces\" width=\"768\" height=\"768\" title=\"-\" srcset=\"https:\/\/mouldking.store\/wp-content\/uploads\/2022\/11\/WANGE-5237-16.jpg 768w, https:\/\/mouldking.store\/wp-content\/uploads\/2022\/11\/WANGE-5237-16-300x300.jpg 300w, https:\/\/mouldking.store\/wp-content\/uploads\/2022\/11\/WANGE-5237-16-600x600.jpg 600w, https:\/\/mouldking.store\/wp-content\/uploads\/2022\/11\/WANGE-5237-16-150x150.jpg 150w, https:\/\/mouldking.store\/wp-content\/uploads\/2022\/11\/WANGE-5237-16-60x60.jpg 60w, https:\/\/mouldking.store\/wp-content\/uploads\/2022\/11\/WANGE-5237-16-90x90.jpg 90w\" sizes=\"(max-width: 768px) 100vw, 768px\" \/><figcaption id=\"caption-attachment-35155\" class=\"wp-caption-text\">WANGE 5237 Villa Savoyen mit 1226 Teilen<\/figcaption><\/figure>\n<figure id=\"attachment_35156\" aria-describedby=\"caption-attachment-35156\" style=\"width: 768px\" class=\"wp-caption aligncenter\"><img loading=\"lazy\" decoding=\"async\" class=\"wp-image-35156 size-full\" src=\"https:\/\/mouldking.store\/wp-content\/uploads\/2022\/11\/WANGE-5237-15.jpg\" alt=\"WANGE 5237 Villa Savoy With 1226 Pieces\" width=\"768\" height=\"883\" title=\"-\" srcset=\"https:\/\/mouldking.store\/wp-content\/uploads\/2022\/11\/WANGE-5237-15.jpg 768w, https:\/\/mouldking.store\/wp-content\/uploads\/2022\/11\/WANGE-5237-15-261x300.jpg 261w, https:\/\/mouldking.store\/wp-content\/uploads\/2022\/11\/WANGE-5237-15-300x345.jpg 300w, https:\/\/mouldking.store\/wp-content\/uploads\/2022\/11\/WANGE-5237-15-600x690.jpg 600w, https:\/\/mouldking.store\/wp-content\/uploads\/2022\/11\/WANGE-5237-15-130x150.jpg 130w, https:\/\/mouldking.store\/wp-content\/uploads\/2022\/11\/WANGE-5237-15-52x60.jpg 52w, https:\/\/mouldking.store\/wp-content\/uploads\/2022\/11\/WANGE-5237-15-78x90.jpg 78w\" sizes=\"(max-width: 768px) 100vw, 768px\" \/><figcaption id=\"caption-attachment-35156\" class=\"wp-caption-text\">WANGE 5237 Villa Savoyen mit 1226 Teilen<\/figcaption><\/figure>\n<figure id=\"attachment_35157\" aria-describedby=\"caption-attachment-35157\" style=\"width: 874px\" class=\"wp-caption aligncenter\"><img loading=\"lazy\" decoding=\"async\" class=\"wp-image-35157 size-full\" src=\"https:\/\/mouldking.store\/wp-content\/uploads\/2022\/11\/WANGE-5237-14.jpg\" alt=\"WANGE 5237 Villa Savoy With 1226 Pieces\" width=\"874\" height=\"1024\" title=\"-\" srcset=\"https:\/\/mouldking.store\/wp-content\/uploads\/2022\/11\/WANGE-5237-14.jpg 874w, https:\/\/mouldking.store\/wp-content\/uploads\/2022\/11\/WANGE-5237-14-256x300.jpg 256w, https:\/\/mouldking.store\/wp-content\/uploads\/2022\/11\/WANGE-5237-14-768x900.jpg 768w, https:\/\/mouldking.store\/wp-content\/uploads\/2022\/11\/WANGE-5237-14-300x351.jpg 300w, https:\/\/mouldking.store\/wp-content\/uploads\/2022\/11\/WANGE-5237-14-600x703.jpg 600w, https:\/\/mouldking.store\/wp-content\/uploads\/2022\/11\/WANGE-5237-14-128x150.jpg 128w, https:\/\/mouldking.store\/wp-content\/uploads\/2022\/11\/WANGE-5237-14-51x60.jpg 51w, https:\/\/mouldking.store\/wp-content\/uploads\/2022\/11\/WANGE-5237-14-77x90.jpg 77w\" sizes=\"(max-width: 874px) 100vw, 874px\" \/><figcaption id=\"caption-attachment-35157\" class=\"wp-caption-text\">WANGE 5237 Villa Savoyen mit 1226 Teilen<\/figcaption><\/figure>\n<figure id=\"attachment_35158\" aria-describedby=\"caption-attachment-35158\" style=\"width: 687px\" class=\"wp-caption aligncenter\"><img loading=\"lazy\" decoding=\"async\" class=\"wp-image-35158 size-full\" src=\"https:\/\/mouldking.store\/wp-content\/uploads\/2022\/11\/WANGE-5237-13.jpg\" alt=\"WANGE 5237 Villa Savoy With 1226 Pieces\" width=\"687\" height=\"1024\" title=\"-\" srcset=\"https:\/\/mouldking.store\/wp-content\/uploads\/2022\/11\/WANGE-5237-13.jpg 687w, https:\/\/mouldking.store\/wp-content\/uploads\/2022\/11\/WANGE-5237-13-201x300.jpg 201w, https:\/\/mouldking.store\/wp-content\/uploads\/2022\/11\/WANGE-5237-13-300x447.jpg 300w, https:\/\/mouldking.store\/wp-content\/uploads\/2022\/11\/WANGE-5237-13-600x894.jpg 600w, https:\/\/mouldking.store\/wp-content\/uploads\/2022\/11\/WANGE-5237-13-101x150.jpg 101w, https:\/\/mouldking.store\/wp-content\/uploads\/2022\/11\/WANGE-5237-13-40x60.jpg 40w, https:\/\/mouldking.store\/wp-content\/uploads\/2022\/11\/WANGE-5237-13-60x90.jpg 60w\" sizes=\"(max-width: 687px) 100vw, 687px\" \/><figcaption id=\"caption-attachment-35158\" class=\"wp-caption-text\">WANGE 5237 Villa Savoyen mit 1226 Teilen<\/figcaption><\/figure>\n<figure id=\"attachment_35159\" aria-describedby=\"caption-attachment-35159\" style=\"width: 992px\" class=\"wp-caption aligncenter\"><img loading=\"lazy\" decoding=\"async\" class=\"wp-image-35159 size-full\" src=\"https:\/\/mouldking.store\/wp-content\/uploads\/2022\/11\/WANGE-5237-12.jpg\" alt=\"WANGE 5237 Villa Savoy With 1226 Pieces\" width=\"992\" height=\"1024\" title=\"-\" srcset=\"https:\/\/mouldking.store\/wp-content\/uploads\/2022\/11\/WANGE-5237-12.jpg 992w, https:\/\/mouldking.store\/wp-content\/uploads\/2022\/11\/WANGE-5237-12-291x300.jpg 291w, https:\/\/mouldking.store\/wp-content\/uploads\/2022\/11\/WANGE-5237-12-768x793.jpg 768w, https:\/\/mouldking.store\/wp-content\/uploads\/2022\/11\/WANGE-5237-12-300x310.jpg 300w, https:\/\/mouldking.store\/wp-content\/uploads\/2022\/11\/WANGE-5237-12-600x619.jpg 600w, https:\/\/mouldking.store\/wp-content\/uploads\/2022\/11\/WANGE-5237-12-145x150.jpg 145w, https:\/\/mouldking.store\/wp-content\/uploads\/2022\/11\/WANGE-5237-12-58x60.jpg 58w, https:\/\/mouldking.store\/wp-content\/uploads\/2022\/11\/WANGE-5237-12-87x90.jpg 87w\" sizes=\"(max-width: 992px) 100vw, 992px\" \/><figcaption id=\"caption-attachment-35159\" class=\"wp-caption-text\">WANGE 5237 Villa Savoyen mit 1226 Teilen<\/figcaption><\/figure>\n<figure id=\"attachment_35160\" aria-describedby=\"caption-attachment-35160\" style=\"width: 690px\" class=\"wp-caption aligncenter\"><img loading=\"lazy\" decoding=\"async\" class=\"wp-image-35160 size-full\" src=\"https:\/\/mouldking.store\/wp-content\/uploads\/2022\/11\/WANGE-5237-11.jpg\" alt=\"WANGE 5237 Villa Savoy With 1226 Pieces\" width=\"690\" height=\"1024\" title=\"-\" srcset=\"https:\/\/mouldking.store\/wp-content\/uploads\/2022\/11\/WANGE-5237-11.jpg 690w, https:\/\/mouldking.store\/wp-content\/uploads\/2022\/11\/WANGE-5237-11-202x300.jpg 202w, https:\/\/mouldking.store\/wp-content\/uploads\/2022\/11\/WANGE-5237-11-300x445.jpg 300w, https:\/\/mouldking.store\/wp-content\/uploads\/2022\/11\/WANGE-5237-11-600x890.jpg 600w, https:\/\/mouldking.store\/wp-content\/uploads\/2022\/11\/WANGE-5237-11-101x150.jpg 101w, https:\/\/mouldking.store\/wp-content\/uploads\/2022\/11\/WANGE-5237-11-40x60.jpg 40w, https:\/\/mouldking.store\/wp-content\/uploads\/2022\/11\/WANGE-5237-11-61x90.jpg 61w\" sizes=\"(max-width: 690px) 100vw, 690px\" \/><figcaption id=\"caption-attachment-35160\" class=\"wp-caption-text\">WANGE 5237 Villa Savoyen mit 1226 Teilen<\/figcaption><\/figure>\n<figure id=\"attachment_35161\" aria-describedby=\"caption-attachment-35161\" style=\"width: 720px\" class=\"wp-caption aligncenter\"><img loading=\"lazy\" decoding=\"async\" class=\"wp-image-35161 size-full\" src=\"https:\/\/mouldking.store\/wp-content\/uploads\/2022\/11\/WANGE-5237-10.jpg\" alt=\"WANGE 5237 Villa Savoy With 1226 Pieces\" width=\"720\" height=\"1024\" title=\"-\" srcset=\"https:\/\/mouldking.store\/wp-content\/uploads\/2022\/11\/WANGE-5237-10.jpg 720w, https:\/\/mouldking.store\/wp-content\/uploads\/2022\/11\/WANGE-5237-10-211x300.jpg 211w, https:\/\/mouldking.store\/wp-content\/uploads\/2022\/11\/WANGE-5237-10-300x427.jpg 300w, https:\/\/mouldking.store\/wp-content\/uploads\/2022\/11\/WANGE-5237-10-600x853.jpg 600w, https:\/\/mouldking.store\/wp-content\/uploads\/2022\/11\/WANGE-5237-10-105x150.jpg 105w, https:\/\/mouldking.store\/wp-content\/uploads\/2022\/11\/WANGE-5237-10-42x60.jpg 42w, https:\/\/mouldking.store\/wp-content\/uploads\/2022\/11\/WANGE-5237-10-63x90.jpg 63w\" sizes=\"(max-width: 720px) 100vw, 720px\" \/><figcaption id=\"caption-attachment-35161\" class=\"wp-caption-text\">WANGE 5237 Villa Savoyen mit 1226 Teilen<\/figcaption><\/figure>\n<figure id=\"attachment_35162\" aria-describedby=\"caption-attachment-35162\" style=\"width: 600px\" class=\"wp-caption aligncenter\"><img loading=\"lazy\" decoding=\"async\" class=\"wp-image-35162 size-full\" src=\"https:\/\/mouldking.store\/wp-content\/uploads\/2022\/11\/WANGE-5237-9.jpg\" alt=\"WANGE 5237 Villa Savoy With 1226 Pieces\" width=\"600\" height=\"930\" title=\"-\" srcset=\"https:\/\/mouldking.store\/wp-content\/uploads\/2022\/11\/WANGE-5237-9.jpg 600w, https:\/\/mouldking.store\/wp-content\/uploads\/2022\/11\/WANGE-5237-9-194x300.jpg 194w, https:\/\/mouldking.store\/wp-content\/uploads\/2022\/11\/WANGE-5237-9-300x465.jpg 300w, https:\/\/mouldking.store\/wp-content\/uploads\/2022\/11\/WANGE-5237-9-97x150.jpg 97w, https:\/\/mouldking.store\/wp-content\/uploads\/2022\/11\/WANGE-5237-9-39x60.jpg 39w, https:\/\/mouldking.store\/wp-content\/uploads\/2022\/11\/WANGE-5237-9-58x90.jpg 58w\" sizes=\"(max-width: 600px) 100vw, 600px\" \/><figcaption id=\"caption-attachment-35162\" class=\"wp-caption-text\">WANGE 5237 Villa Savoyen mit 1226 Teilen<\/figcaption><\/figure>\n<figure id=\"attachment_35163\" aria-describedby=\"caption-attachment-35163\" style=\"width: 600px\" class=\"wp-caption aligncenter\"><img loading=\"lazy\" decoding=\"async\" class=\"wp-image-35163 size-full\" src=\"https:\/\/mouldking.store\/wp-content\/uploads\/2022\/11\/WANGE-5237-8.jpg\" alt=\"WANGE 5237 Villa Savoy With 1226 Pieces\" width=\"600\" height=\"930\" title=\"-\" srcset=\"https:\/\/mouldking.store\/wp-content\/uploads\/2022\/11\/WANGE-5237-8.jpg 600w, https:\/\/mouldking.store\/wp-content\/uploads\/2022\/11\/WANGE-5237-8-194x300.jpg 194w, https:\/\/mouldking.store\/wp-content\/uploads\/2022\/11\/WANGE-5237-8-300x465.jpg 300w, https:\/\/mouldking.store\/wp-content\/uploads\/2022\/11\/WANGE-5237-8-97x150.jpg 97w, https:\/\/mouldking.store\/wp-content\/uploads\/2022\/11\/WANGE-5237-8-39x60.jpg 39w, https:\/\/mouldking.store\/wp-content\/uploads\/2022\/11\/WANGE-5237-8-58x90.jpg 58w\" sizes=\"(max-width: 600px) 100vw, 600px\" \/><figcaption id=\"caption-attachment-35163\" class=\"wp-caption-text\">WANGE 5237 Villa Savoyen mit 1226 Teilen<\/figcaption><\/figure>\n<figure id=\"attachment_35164\" aria-describedby=\"caption-attachment-35164\" style=\"width: 600px\" class=\"wp-caption aligncenter\"><img loading=\"lazy\" decoding=\"async\" class=\"wp-image-35164 size-full\" src=\"https:\/\/mouldking.store\/wp-content\/uploads\/2022\/11\/WANGE-5237-7.jpg\" alt=\"WANGE 5237 Villa Savoy With 1226 Pieces\" width=\"600\" height=\"930\" title=\"-\" srcset=\"https:\/\/mouldking.store\/wp-content\/uploads\/2022\/11\/WANGE-5237-7.jpg 600w, https:\/\/mouldking.store\/wp-content\/uploads\/2022\/11\/WANGE-5237-7-194x300.jpg 194w, https:\/\/mouldking.store\/wp-content\/uploads\/2022\/11\/WANGE-5237-7-300x465.jpg 300w, https:\/\/mouldking.store\/wp-content\/uploads\/2022\/11\/WANGE-5237-7-97x150.jpg 97w, https:\/\/mouldking.store\/wp-content\/uploads\/2022\/11\/WANGE-5237-7-39x60.jpg 39w, https:\/\/mouldking.store\/wp-content\/uploads\/2022\/11\/WANGE-5237-7-58x90.jpg 58w\" sizes=\"(max-width: 600px) 100vw, 600px\" \/><figcaption id=\"caption-attachment-35164\" class=\"wp-caption-text\">WANGE 5237 Villa Savoyen mit 1226 Teilen<\/figcaption><\/figure>\n<figure id=\"attachment_35165\" aria-describedby=\"caption-attachment-35165\" style=\"width: 1001px\" class=\"wp-caption aligncenter\"><img loading=\"lazy\" decoding=\"async\" class=\"wp-image-35165 size-full\" src=\"https:\/\/mouldking.store\/wp-content\/uploads\/2022\/11\/WANGE-5237-6.jpg\" alt=\"WANGE 5237 Villa Savoy With 1226 Pieces\" width=\"1001\" height=\"1024\" title=\"-\" srcset=\"https:\/\/mouldking.store\/wp-content\/uploads\/2022\/11\/WANGE-5237-6.jpg 1001w, https:\/\/mouldking.store\/wp-content\/uploads\/2022\/11\/WANGE-5237-6-293x300.jpg 293w, https:\/\/mouldking.store\/wp-content\/uploads\/2022\/11\/WANGE-5237-6-768x786.jpg 768w, https:\/\/mouldking.store\/wp-content\/uploads\/2022\/11\/WANGE-5237-6-300x307.jpg 300w, https:\/\/mouldking.store\/wp-content\/uploads\/2022\/11\/WANGE-5237-6-600x614.jpg 600w, https:\/\/mouldking.store\/wp-content\/uploads\/2022\/11\/WANGE-5237-6-147x150.jpg 147w, https:\/\/mouldking.store\/wp-content\/uploads\/2022\/11\/WANGE-5237-6-59x60.jpg 59w, https:\/\/mouldking.store\/wp-content\/uploads\/2022\/11\/WANGE-5237-6-88x90.jpg 88w\" sizes=\"(max-width: 1001px) 100vw, 1001px\" \/><figcaption id=\"caption-attachment-35165\" class=\"wp-caption-text\">WANGE 5237 Villa Savoyen mit 1226 Teilen<\/figcaption><\/figure>\n<figure id=\"attachment_35166\" aria-describedby=\"caption-attachment-35166\" style=\"width: 696px\" class=\"wp-caption aligncenter\"><img loading=\"lazy\" decoding=\"async\" class=\"wp-image-35166 size-full\" src=\"https:\/\/mouldking.store\/wp-content\/uploads\/2022\/11\/WANGE-5237-5.jpg\" alt=\"WANGE 5237 Villa Savoy With 1226 Pieces\" width=\"696\" height=\"1024\" title=\"-\" srcset=\"https:\/\/mouldking.store\/wp-content\/uploads\/2022\/11\/WANGE-5237-5.jpg 696w, https:\/\/mouldking.store\/wp-content\/uploads\/2022\/11\/WANGE-5237-5-204x300.jpg 204w, https:\/\/mouldking.store\/wp-content\/uploads\/2022\/11\/WANGE-5237-5-300x441.jpg 300w, https:\/\/mouldking.store\/wp-content\/uploads\/2022\/11\/WANGE-5237-5-600x883.jpg 600w, https:\/\/mouldking.store\/wp-content\/uploads\/2022\/11\/WANGE-5237-5-102x150.jpg 102w, https:\/\/mouldking.store\/wp-content\/uploads\/2022\/11\/WANGE-5237-5-41x60.jpg 41w, https:\/\/mouldking.store\/wp-content\/uploads\/2022\/11\/WANGE-5237-5-61x90.jpg 61w\" sizes=\"(max-width: 696px) 100vw, 696px\" \/><figcaption id=\"caption-attachment-35166\" class=\"wp-caption-text\">WANGE 5237 Villa Savoyen mit 1226 Teilen<\/figcaption><\/figure>\n<figure id=\"attachment_35167\" aria-describedby=\"caption-attachment-35167\" style=\"width: 1024px\" class=\"wp-caption aligncenter\"><img loading=\"lazy\" decoding=\"async\" class=\"wp-image-35167 size-full\" src=\"https:\/\/mouldking.store\/wp-content\/uploads\/2022\/11\/WANGE-5237-4.jpg\" alt=\"WANGE 5237 Villa Savoy With 1226 Pieces\" width=\"1024\" height=\"1013\" title=\"-\" srcset=\"https:\/\/mouldking.store\/wp-content\/uploads\/2022\/11\/WANGE-5237-4.jpg 1024w, https:\/\/mouldking.store\/wp-content\/uploads\/2022\/11\/WANGE-5237-4-300x297.jpg 300w, https:\/\/mouldking.store\/wp-content\/uploads\/2022\/11\/WANGE-5237-4-768x760.jpg 768w, https:\/\/mouldking.store\/wp-content\/uploads\/2022\/11\/WANGE-5237-4-600x594.jpg 600w, https:\/\/mouldking.store\/wp-content\/uploads\/2022\/11\/WANGE-5237-4-150x148.jpg 150w, https:\/\/mouldking.store\/wp-content\/uploads\/2022\/11\/WANGE-5237-4-61x60.jpg 61w, https:\/\/mouldking.store\/wp-content\/uploads\/2022\/11\/WANGE-5237-4-91x90.jpg 91w\" sizes=\"(max-width: 1024px) 100vw, 1024px\" \/><figcaption id=\"caption-attachment-35167\" class=\"wp-caption-text\">WANGE 5237 Villa Savoyen mit 1226 Teilen<\/figcaption><\/figure>\n<figure id=\"attachment_35168\" aria-describedby=\"caption-attachment-35168\" style=\"width: 768px\" class=\"wp-caption aligncenter\"><img loading=\"lazy\" decoding=\"async\" class=\"wp-image-35168 size-full\" src=\"https:\/\/mouldking.store\/wp-content\/uploads\/2022\/11\/WANGE-5237-3.jpg\" alt=\"WANGE 5237 Villa Savoy With 1226 Pieces\" width=\"768\" height=\"941\" title=\"-\" srcset=\"https:\/\/mouldking.store\/wp-content\/uploads\/2022\/11\/WANGE-5237-3.jpg 768w, https:\/\/mouldking.store\/wp-content\/uploads\/2022\/11\/WANGE-5237-3-245x300.jpg 245w, https:\/\/mouldking.store\/wp-content\/uploads\/2022\/11\/WANGE-5237-3-300x368.jpg 300w, https:\/\/mouldking.store\/wp-content\/uploads\/2022\/11\/WANGE-5237-3-600x735.jpg 600w, https:\/\/mouldking.store\/wp-content\/uploads\/2022\/11\/WANGE-5237-3-122x150.jpg 122w, https:\/\/mouldking.store\/wp-content\/uploads\/2022\/11\/WANGE-5237-3-49x60.jpg 49w, https:\/\/mouldking.store\/wp-content\/uploads\/2022\/11\/WANGE-5237-3-73x90.jpg 73w\" sizes=\"(max-width: 768px) 100vw, 768px\" \/><figcaption id=\"caption-attachment-35168\" class=\"wp-caption-text\">WANGE 5237 Villa Savoyen mit 1226 Teilen<\/figcaption><\/figure>\n<figure id=\"attachment_35169\" aria-describedby=\"caption-attachment-35169\" style=\"width: 1024px\" class=\"wp-caption aligncenter\"><img loading=\"lazy\" decoding=\"async\" class=\"wp-image-35169 size-full\" src=\"https:\/\/mouldking.store\/wp-content\/uploads\/2022\/11\/WANGE-5237-2.jpg\" alt=\"WANGE 5237 Villa Savoy With 1226 Pieces\" width=\"1024\" height=\"841\" title=\"-\" srcset=\"https:\/\/mouldking.store\/wp-content\/uploads\/2022\/11\/WANGE-5237-2.jpg 1024w, https:\/\/mouldking.store\/wp-content\/uploads\/2022\/11\/WANGE-5237-2-300x246.jpg 300w, https:\/\/mouldking.store\/wp-content\/uploads\/2022\/11\/WANGE-5237-2-768x631.jpg 768w, https:\/\/mouldking.store\/wp-content\/uploads\/2022\/11\/WANGE-5237-2-600x493.jpg 600w, https:\/\/mouldking.store\/wp-content\/uploads\/2022\/11\/WANGE-5237-2-150x123.jpg 150w, https:\/\/mouldking.store\/wp-content\/uploads\/2022\/11\/WANGE-5237-2-73x60.jpg 73w, https:\/\/mouldking.store\/wp-content\/uploads\/2022\/11\/WANGE-5237-2-110x90.jpg 110w\" sizes=\"(max-width: 1024px) 100vw, 1024px\" \/><figcaption id=\"caption-attachment-35169\" class=\"wp-caption-text\">WANGE 5237 Villa Savoyen mit 1226 Teilen<\/figcaption><\/figure>\n<figure id=\"attachment_35170\" aria-describedby=\"caption-attachment-35170\" style=\"width: 600px\" class=\"wp-caption aligncenter\"><img loading=\"lazy\" decoding=\"async\" class=\"wp-image-35170 size-full\" src=\"https:\/\/mouldking.store\/wp-content\/uploads\/2022\/11\/WANGE-5237-1.jpg\" alt=\"WANGE 5237 Villa Savoy With 1226 Pieces\" width=\"600\" height=\"930\" title=\"-\" srcset=\"https:\/\/mouldking.store\/wp-content\/uploads\/2022\/11\/WANGE-5237-1.jpg 600w, https:\/\/mouldking.store\/wp-content\/uploads\/2022\/11\/WANGE-5237-1-194x300.jpg 194w, https:\/\/mouldking.store\/wp-content\/uploads\/2022\/11\/WANGE-5237-1-300x465.jpg 300w, https:\/\/mouldking.store\/wp-content\/uploads\/2022\/11\/WANGE-5237-1-97x150.jpg 97w, https:\/\/mouldking.store\/wp-content\/uploads\/2022\/11\/WANGE-5237-1-39x60.jpg 39w, https:\/\/mouldking.store\/wp-content\/uploads\/2022\/11\/WANGE-5237-1-58x90.jpg 58w\" sizes=\"(max-width: 600px) 100vw, 600px\" \/><figcaption id=\"caption-attachment-35170\" class=\"wp-caption-text\">WANGE 5237 Villa Savoyen mit 1226 Teilen<\/figcaption><\/figure>","protected":false},"excerpt":{"rendered":"<p>Product information: Brand: WANGE Gender: Unisex Name: Villa Savoy Age Range: &gt; 6 years old Model Number: 5237 Classification: Assemblage Plastic Block Shape: Self-Locking Bricks Material: Plastic Plastic Type: ABS Bricks Blocks:1226 PCS Size: 27.1\u00d736.7\u00d714.5cm Contains detailed assembly instructions. Notice: 1. Without an original box, but we guarantee our products have quality assurance and nice [&hellip;]<\/p>","protected":false},"featured_media":35151,"comment_status":"closed","ping_status":"closed","template":"","meta":{"_acf_changed":false},"product_cat":[1395],"product_tag":[7366,7368,6614,7367,2299,7369,7370,7365],"class_list":["product","first","instock","shipping-taxable","purchasable","product-type-simple"],"acf":[],"_links":{"self":[{"href":"https:\/\/mouldking.store\/de\/wp-json\/wp\/v2\/product\/35150","targetHints":{"allow":["GET"]}}],"collection":[{"href":"https:\/\/mouldking.store\/de\/wp-json\/wp\/v2\/product"}],"about":[{"href":"https:\/\/mouldking.store\/de\/wp-json\/wp\/v2\/types\/product"}],"replies":[{"embeddable":true,"href":"https:\/\/mouldking.store\/de\/wp-json\/wp\/v2\/comments?post=35150"}],"wp:featuredmedia":[{"embeddable":true,"href":"https:\/\/mouldking.store\/de\/wp-json\/wp\/v2\/media\/35151"}],"wp:attachment":[{"href":"https:\/\/mouldking.store\/de\/wp-json\/wp\/v2\/media?parent=35150"}],"wp:term":[{"taxonomy":"product_cat","embeddable":true,"href":"https:\/\/mouldking.store\/de\/wp-json\/wp\/v2\/product_cat?post=35150"},{"taxonomy":"product_tag","embeddable":true,"href":"https:\/\/mouldking.store\/de\/wp-json\/wp\/v2\/product_tag?post=35150"}],"curies":[{"name":"wp","href":"https:\/\/api.w.org\/{rel}","templated":true}]}}