{"id":35171,"date":"2022-11-18T11:07:42","date_gmt":"2022-11-18T04:07:42","guid":{"rendered":"https:\/\/mouldking.store\/?post_type=product&#038;p=35171"},"modified":"2022-11-18T11:07:43","modified_gmt":"2022-11-18T04:07:43","slug":"cada-c56027-carrier-fighter-with-1011-pieces","status":"publish","type":"product","link":"https:\/\/mouldking.store\/de\/shop\/cada-c56027-carrier-fighter-with-1011-pieces\/","title":{"rendered":"CADA C56027 Carrier Fighter mit 1011 Teilen"},"content":{"rendered":"<p>Produktinformation:<\/p>\n<ol>\n<li>Marke: CADA<\/li>\n<li>Geschlecht: Unisex<\/li>\n<li>Name: Carrier Fighter<\/li>\n<li>Altersspanne: &gt; 6 Jahre alt<\/li>\n<li>Model Number: C56027<\/li>\n<li>Einstufung: Assemblage<\/li>\n<li>Kunststoffblockform: Selbstsichernde Steine<\/li>\n<li>Material: Kunststoff<\/li>\n<li>Kunststofftyp: ABS<\/li>\n<li>Bricks Blocks:1011 PCS<\/li>\n<li>Size: 42 \u00d7 9 \u00d7 34 cm<\/li>\n<li>Enth\u00e4lt eine ausf\u00fchrliche Montageanleitung.<\/li>\n<\/ol>\n<p>Notiz:<br \/>\n1. Ohne Originalverpackung, aber wir garantieren, dass unsere Produkte eine Qualit\u00e4tssicherung und eine sch\u00f6ne Verpackung haben.<br \/>\n2. Wie alle Teile, die wir vor dem Versand \u00fcberpr\u00fcft haben, machen Sie sich keine Sorgen, wenn Sie feststellen, dass einige Teile fehlen oder besch\u00e4digt sind, und kontaktieren Sie uns einfach, und wir k\u00f6nnen sie Ihnen umgehend kostenlos erneut zusenden.<\/p>\n<figure id=\"attachment_35172\" aria-describedby=\"caption-attachment-35172\" style=\"width: 768px\" class=\"wp-caption aligncenter\"><img fetchpriority=\"high\" decoding=\"async\" class=\"wp-image-35172 size-full\" src=\"https:\/\/mouldking.store\/wp-content\/uploads\/2022\/11\/CADA-C56027-11.jpg\" alt=\"CADA C56027 Carrier Fighter With 1011 Pieces\" width=\"768\" height=\"768\" title=\"-\" srcset=\"https:\/\/mouldking.store\/wp-content\/uploads\/2022\/11\/CADA-C56027-11.jpg 768w, https:\/\/mouldking.store\/wp-content\/uploads\/2022\/11\/CADA-C56027-11-300x300.jpg 300w, https:\/\/mouldking.store\/wp-content\/uploads\/2022\/11\/CADA-C56027-11-600x600.jpg 600w, https:\/\/mouldking.store\/wp-content\/uploads\/2022\/11\/CADA-C56027-11-150x150.jpg 150w, https:\/\/mouldking.store\/wp-content\/uploads\/2022\/11\/CADA-C56027-11-60x60.jpg 60w, https:\/\/mouldking.store\/wp-content\/uploads\/2022\/11\/CADA-C56027-11-90x90.jpg 90w\" sizes=\"(max-width: 768px) 100vw, 768px\" \/><figcaption id=\"caption-attachment-35172\" class=\"wp-caption-text\">CADA C56027 Carrier Fighter mit 1011 Teilen<\/figcaption><\/figure>\n<figure id=\"attachment_35173\" aria-describedby=\"caption-attachment-35173\" style=\"width: 768px\" class=\"wp-caption aligncenter\"><img decoding=\"async\" class=\"wp-image-35173 size-full\" src=\"https:\/\/mouldking.store\/wp-content\/uploads\/2022\/11\/CADA-C56027-10.jpg\" alt=\"CADA C56027 Carrier Fighter With 1011 Pieces\" width=\"768\" height=\"768\" title=\"-\" srcset=\"https:\/\/mouldking.store\/wp-content\/uploads\/2022\/11\/CADA-C56027-10.jpg 768w, https:\/\/mouldking.store\/wp-content\/uploads\/2022\/11\/CADA-C56027-10-300x300.jpg 300w, https:\/\/mouldking.store\/wp-content\/uploads\/2022\/11\/CADA-C56027-10-600x600.jpg 600w, https:\/\/mouldking.store\/wp-content\/uploads\/2022\/11\/CADA-C56027-10-150x150.jpg 150w, https:\/\/mouldking.store\/wp-content\/uploads\/2022\/11\/CADA-C56027-10-60x60.jpg 60w, https:\/\/mouldking.store\/wp-content\/uploads\/2022\/11\/CADA-C56027-10-90x90.jpg 90w\" sizes=\"(max-width: 768px) 100vw, 768px\" \/><figcaption id=\"caption-attachment-35173\" class=\"wp-caption-text\">CADA C56027 Carrier Fighter mit 1011 Teilen<\/figcaption><\/figure>\n<figure id=\"attachment_35174\" aria-describedby=\"caption-attachment-35174\" style=\"width: 768px\" class=\"wp-caption aligncenter\"><img decoding=\"async\" class=\"wp-image-35174 size-full\" src=\"https:\/\/mouldking.store\/wp-content\/uploads\/2022\/11\/CADA-C56027-9.jpg\" alt=\"CADA C56027 Carrier Fighter With 1011 Pieces\" width=\"768\" height=\"768\" title=\"-\" srcset=\"https:\/\/mouldking.store\/wp-content\/uploads\/2022\/11\/CADA-C56027-9.jpg 768w, https:\/\/mouldking.store\/wp-content\/uploads\/2022\/11\/CADA-C56027-9-300x300.jpg 300w, https:\/\/mouldking.store\/wp-content\/uploads\/2022\/11\/CADA-C56027-9-600x600.jpg 600w, https:\/\/mouldking.store\/wp-content\/uploads\/2022\/11\/CADA-C56027-9-150x150.jpg 150w, https:\/\/mouldking.store\/wp-content\/uploads\/2022\/11\/CADA-C56027-9-60x60.jpg 60w, https:\/\/mouldking.store\/wp-content\/uploads\/2022\/11\/CADA-C56027-9-90x90.jpg 90w\" sizes=\"(max-width: 768px) 100vw, 768px\" \/><figcaption id=\"caption-attachment-35174\" class=\"wp-caption-text\">CADA C56027 Carrier Fighter mit 1011 Teilen<\/figcaption><\/figure>\n<figure id=\"attachment_35175\" aria-describedby=\"caption-attachment-35175\" style=\"width: 583px\" class=\"wp-caption aligncenter\"><img loading=\"lazy\" decoding=\"async\" class=\"wp-image-35175 size-full\" src=\"https:\/\/mouldking.store\/wp-content\/uploads\/2022\/11\/CADA-C56027-8.jpg\" alt=\"CADA C56027 Carrier Fighter With 1011 Pieces\" width=\"583\" height=\"1024\" title=\"-\" srcset=\"https:\/\/mouldking.store\/wp-content\/uploads\/2022\/11\/CADA-C56027-8.jpg 583w, https:\/\/mouldking.store\/wp-content\/uploads\/2022\/11\/CADA-C56027-8-171x300.jpg 171w, https:\/\/mouldking.store\/wp-content\/uploads\/2022\/11\/CADA-C56027-8-300x527.jpg 300w, https:\/\/mouldking.store\/wp-content\/uploads\/2022\/11\/CADA-C56027-8-85x150.jpg 85w, https:\/\/mouldking.store\/wp-content\/uploads\/2022\/11\/CADA-C56027-8-34x60.jpg 34w, https:\/\/mouldking.store\/wp-content\/uploads\/2022\/11\/CADA-C56027-8-51x90.jpg 51w\" sizes=\"(max-width: 583px) 100vw, 583px\" \/><figcaption id=\"caption-attachment-35175\" class=\"wp-caption-text\">CADA C56027 Carrier Fighter mit 1011 Teilen<\/figcaption><\/figure>\n<figure id=\"attachment_35176\" aria-describedby=\"caption-attachment-35176\" style=\"width: 768px\" class=\"wp-caption aligncenter\"><img loading=\"lazy\" decoding=\"async\" class=\"wp-image-35176 size-full\" src=\"https:\/\/mouldking.store\/wp-content\/uploads\/2022\/11\/CADA-C56027-7.jpg\" alt=\"CADA C56027 Carrier Fighter With 1011 Pieces\" width=\"768\" height=\"938\" title=\"-\" srcset=\"https:\/\/mouldking.store\/wp-content\/uploads\/2022\/11\/CADA-C56027-7.jpg 768w, https:\/\/mouldking.store\/wp-content\/uploads\/2022\/11\/CADA-C56027-7-246x300.jpg 246w, https:\/\/mouldking.store\/wp-content\/uploads\/2022\/11\/CADA-C56027-7-300x366.jpg 300w, https:\/\/mouldking.store\/wp-content\/uploads\/2022\/11\/CADA-C56027-7-600x733.jpg 600w, https:\/\/mouldking.store\/wp-content\/uploads\/2022\/11\/CADA-C56027-7-123x150.jpg 123w, https:\/\/mouldking.store\/wp-content\/uploads\/2022\/11\/CADA-C56027-7-49x60.jpg 49w, https:\/\/mouldking.store\/wp-content\/uploads\/2022\/11\/CADA-C56027-7-74x90.jpg 74w\" sizes=\"(max-width: 768px) 100vw, 768px\" \/><figcaption id=\"caption-attachment-35176\" class=\"wp-caption-text\">CADA C56027 Carrier Fighter mit 1011 Teilen<\/figcaption><\/figure>\n<figure id=\"attachment_35177\" aria-describedby=\"caption-attachment-35177\" style=\"width: 677px\" class=\"wp-caption aligncenter\"><img loading=\"lazy\" decoding=\"async\" class=\"wp-image-35177 size-full\" src=\"https:\/\/mouldking.store\/wp-content\/uploads\/2022\/11\/CADA-C56027-6.jpg\" alt=\"CADA C56027 Carrier Fighter With 1011 Pieces\" width=\"677\" height=\"1024\" title=\"-\" srcset=\"https:\/\/mouldking.store\/wp-content\/uploads\/2022\/11\/CADA-C56027-6.jpg 677w, https:\/\/mouldking.store\/wp-content\/uploads\/2022\/11\/CADA-C56027-6-198x300.jpg 198w, https:\/\/mouldking.store\/wp-content\/uploads\/2022\/11\/CADA-C56027-6-300x454.jpg 300w, https:\/\/mouldking.store\/wp-content\/uploads\/2022\/11\/CADA-C56027-6-600x908.jpg 600w, https:\/\/mouldking.store\/wp-content\/uploads\/2022\/11\/CADA-C56027-6-99x150.jpg 99w, https:\/\/mouldking.store\/wp-content\/uploads\/2022\/11\/CADA-C56027-6-40x60.jpg 40w, https:\/\/mouldking.store\/wp-content\/uploads\/2022\/11\/CADA-C56027-6-60x90.jpg 60w\" sizes=\"(max-width: 677px) 100vw, 677px\" \/><figcaption id=\"caption-attachment-35177\" class=\"wp-caption-text\">CADA C56027 Carrier Fighter mit 1011 Teilen<\/figcaption><\/figure>\n<figure id=\"attachment_35178\" aria-describedby=\"caption-attachment-35178\" style=\"width: 768px\" class=\"wp-caption aligncenter\"><img loading=\"lazy\" decoding=\"async\" class=\"wp-image-35178 size-full\" src=\"https:\/\/mouldking.store\/wp-content\/uploads\/2022\/11\/CADA-C56027-5.jpg\" alt=\"CADA C56027 Carrier Fighter With 1011 Pieces\" width=\"768\" height=\"885\" title=\"-\" srcset=\"https:\/\/mouldking.store\/wp-content\/uploads\/2022\/11\/CADA-C56027-5.jpg 768w, https:\/\/mouldking.store\/wp-content\/uploads\/2022\/11\/CADA-C56027-5-260x300.jpg 260w, https:\/\/mouldking.store\/wp-content\/uploads\/2022\/11\/CADA-C56027-5-300x346.jpg 300w, https:\/\/mouldking.store\/wp-content\/uploads\/2022\/11\/CADA-C56027-5-600x691.jpg 600w, https:\/\/mouldking.store\/wp-content\/uploads\/2022\/11\/CADA-C56027-5-130x150.jpg 130w, https:\/\/mouldking.store\/wp-content\/uploads\/2022\/11\/CADA-C56027-5-52x60.jpg 52w, https:\/\/mouldking.store\/wp-content\/uploads\/2022\/11\/CADA-C56027-5-78x90.jpg 78w\" sizes=\"(max-width: 768px) 100vw, 768px\" \/><figcaption id=\"caption-attachment-35178\" class=\"wp-caption-text\">CADA C56027 Carrier Fighter mit 1011 Teilen<\/figcaption><\/figure>\n<figure id=\"attachment_35179\" aria-describedby=\"caption-attachment-35179\" style=\"width: 768px\" class=\"wp-caption aligncenter\"><img loading=\"lazy\" decoding=\"async\" class=\"wp-image-35179 size-full\" src=\"https:\/\/mouldking.store\/wp-content\/uploads\/2022\/11\/CADA-C56027-4.jpg\" alt=\"CADA C56027 Carrier Fighter With 1011 Pieces\" width=\"768\" height=\"933\" title=\"-\" srcset=\"https:\/\/mouldking.store\/wp-content\/uploads\/2022\/11\/CADA-C56027-4.jpg 768w, https:\/\/mouldking.store\/wp-content\/uploads\/2022\/11\/CADA-C56027-4-247x300.jpg 247w, https:\/\/mouldking.store\/wp-content\/uploads\/2022\/11\/CADA-C56027-4-300x364.jpg 300w, https:\/\/mouldking.store\/wp-content\/uploads\/2022\/11\/CADA-C56027-4-600x729.jpg 600w, https:\/\/mouldking.store\/wp-content\/uploads\/2022\/11\/CADA-C56027-4-123x150.jpg 123w, https:\/\/mouldking.store\/wp-content\/uploads\/2022\/11\/CADA-C56027-4-49x60.jpg 49w, https:\/\/mouldking.store\/wp-content\/uploads\/2022\/11\/CADA-C56027-4-74x90.jpg 74w\" sizes=\"(max-width: 768px) 100vw, 768px\" \/><figcaption id=\"caption-attachment-35179\" class=\"wp-caption-text\">CADA C56027 Carrier Fighter mit 1011 Teilen<\/figcaption><\/figure>\n<figure id=\"attachment_35180\" aria-describedby=\"caption-attachment-35180\" style=\"width: 768px\" class=\"wp-caption aligncenter\"><img loading=\"lazy\" decoding=\"async\" class=\"wp-image-35180 size-full\" src=\"https:\/\/mouldking.store\/wp-content\/uploads\/2022\/11\/CADA-C56027-3.jpg\" alt=\"CADA C56027 Carrier Fighter With 1011 Pieces\" width=\"768\" height=\"972\" title=\"-\" srcset=\"https:\/\/mouldking.store\/wp-content\/uploads\/2022\/11\/CADA-C56027-3.jpg 768w, https:\/\/mouldking.store\/wp-content\/uploads\/2022\/11\/CADA-C56027-3-237x300.jpg 237w, https:\/\/mouldking.store\/wp-content\/uploads\/2022\/11\/CADA-C56027-3-300x380.jpg 300w, https:\/\/mouldking.store\/wp-content\/uploads\/2022\/11\/CADA-C56027-3-600x759.jpg 600w, https:\/\/mouldking.store\/wp-content\/uploads\/2022\/11\/CADA-C56027-3-119x150.jpg 119w, https:\/\/mouldking.store\/wp-content\/uploads\/2022\/11\/CADA-C56027-3-47x60.jpg 47w, https:\/\/mouldking.store\/wp-content\/uploads\/2022\/11\/CADA-C56027-3-71x90.jpg 71w\" sizes=\"(max-width: 768px) 100vw, 768px\" \/><figcaption id=\"caption-attachment-35180\" class=\"wp-caption-text\">CADA C56027 Carrier Fighter mit 1011 Teilen<\/figcaption><\/figure>\n<figure id=\"attachment_35181\" aria-describedby=\"caption-attachment-35181\" style=\"width: 768px\" class=\"wp-caption aligncenter\"><img loading=\"lazy\" decoding=\"async\" class=\"wp-image-35181 size-full\" src=\"https:\/\/mouldking.store\/wp-content\/uploads\/2022\/11\/CADA-C56027-2.jpg\" alt=\"CADA C56027 Carrier Fighter With 1011 Pieces\" width=\"768\" height=\"953\" title=\"-\" srcset=\"https:\/\/mouldking.store\/wp-content\/uploads\/2022\/11\/CADA-C56027-2.jpg 768w, https:\/\/mouldking.store\/wp-content\/uploads\/2022\/11\/CADA-C56027-2-242x300.jpg 242w, https:\/\/mouldking.store\/wp-content\/uploads\/2022\/11\/CADA-C56027-2-300x372.jpg 300w, https:\/\/mouldking.store\/wp-content\/uploads\/2022\/11\/CADA-C56027-2-600x745.jpg 600w, https:\/\/mouldking.store\/wp-content\/uploads\/2022\/11\/CADA-C56027-2-121x150.jpg 121w, https:\/\/mouldking.store\/wp-content\/uploads\/2022\/11\/CADA-C56027-2-48x60.jpg 48w, https:\/\/mouldking.store\/wp-content\/uploads\/2022\/11\/CADA-C56027-2-73x90.jpg 73w\" sizes=\"(max-width: 768px) 100vw, 768px\" \/><figcaption id=\"caption-attachment-35181\" class=\"wp-caption-text\">CADA C56027 Carrier Fighter mit 1011 Teilen<\/figcaption><\/figure>\n<figure id=\"attachment_35182\" aria-describedby=\"caption-attachment-35182\" style=\"width: 768px\" class=\"wp-caption aligncenter\"><img loading=\"lazy\" decoding=\"async\" class=\"wp-image-35182 size-full\" src=\"https:\/\/mouldking.store\/wp-content\/uploads\/2022\/11\/CADA-C56027-1.jpg\" alt=\"CADA C56027 Carrier Fighter With 1011 Pieces\" width=\"768\" height=\"535\" title=\"-\" srcset=\"https:\/\/mouldking.store\/wp-content\/uploads\/2022\/11\/CADA-C56027-1.jpg 768w, https:\/\/mouldking.store\/wp-content\/uploads\/2022\/11\/CADA-C56027-1-300x209.jpg 300w, https:\/\/mouldking.store\/wp-content\/uploads\/2022\/11\/CADA-C56027-1-600x418.jpg 600w, https:\/\/mouldking.store\/wp-content\/uploads\/2022\/11\/CADA-C56027-1-150x104.jpg 150w, https:\/\/mouldking.store\/wp-content\/uploads\/2022\/11\/CADA-C56027-1-86x60.jpg 86w, https:\/\/mouldking.store\/wp-content\/uploads\/2022\/11\/CADA-C56027-1-129x90.jpg 129w\" sizes=\"(max-width: 768px) 100vw, 768px\" \/><figcaption id=\"caption-attachment-35182\" class=\"wp-caption-text\">CADA C56027 Carrier Fighter mit 1011 Teilen<\/figcaption><\/figure>","protected":false},"excerpt":{"rendered":"<p>Product information: Brand: CADA Gender: Unisex Name: Carrier Fighter Age Range: &gt; 6 years old Model Number: C56027 Classification: Assemblage Plastic Block Shape: Self-Locking Bricks Material: Plastic Plastic Type: ABS Bricks Blocks:1011 PCS Size: 42 \u00d7 9 \u00d7 34 cm Contains detailed assembly instructions. Notice: 1. Without an original box, but we guarantee our products [&hellip;]<\/p>","protected":false},"featured_media":35172,"comment_status":"closed","ping_status":"closed","template":"","meta":{"_acf_changed":false},"product_cat":[1350],"product_tag":[7372,1916,7376,7377,7371,7373,7375,7374],"class_list":["product","first","instock","shipping-taxable","purchasable","product-type-simple"],"acf":[],"_links":{"self":[{"href":"https:\/\/mouldking.store\/de\/wp-json\/wp\/v2\/product\/35171","targetHints":{"allow":["GET"]}}],"collection":[{"href":"https:\/\/mouldking.store\/de\/wp-json\/wp\/v2\/product"}],"about":[{"href":"https:\/\/mouldking.store\/de\/wp-json\/wp\/v2\/types\/product"}],"replies":[{"embeddable":true,"href":"https:\/\/mouldking.store\/de\/wp-json\/wp\/v2\/comments?post=35171"}],"wp:featuredmedia":[{"embeddable":true,"href":"https:\/\/mouldking.store\/de\/wp-json\/wp\/v2\/media\/35172"}],"wp:attachment":[{"href":"https:\/\/mouldking.store\/de\/wp-json\/wp\/v2\/media?parent=35171"}],"wp:term":[{"taxonomy":"product_cat","embeddable":true,"href":"https:\/\/mouldking.store\/de\/wp-json\/wp\/v2\/product_cat?post=35171"},{"taxonomy":"product_tag","embeddable":true,"href":"https:\/\/mouldking.store\/de\/wp-json\/wp\/v2\/product_tag?post=35171"}],"curies":[{"name":"wp","href":"https:\/\/api.w.org\/{rel}","templated":true}]}}