{"id":35205,"date":"2022-11-18T11:30:45","date_gmt":"2022-11-18T04:30:45","guid":{"rendered":"https:\/\/mouldking.store\/?post_type=product&#038;p=35205"},"modified":"2022-11-18T11:30:45","modified_gmt":"2022-11-18T04:30:45","slug":"my-88319-jesko-sports-car-with-1116-pieces","status":"publish","type":"product","link":"https:\/\/mouldking.store\/de\/shop\/my-88319-jesko-sports-car-with-1116-pieces\/","title":{"rendered":"MY 88319 Jesko Sportwagen mit 1116 Teilen"},"content":{"rendered":"<p>Produktinformation:<\/p>\n<ol>\n<li>Marke: MOYU<\/li>\n<li>Geschlecht: Unisex<\/li>\n<li>Name: Jesko Sports Car<\/li>\n<li>Altersspanne: &gt; 6 Jahre alt<\/li>\n<li>Model Number: 88319<\/li>\n<li>Einstufung: Assemblage<\/li>\n<li>Kunststoffblockform: Selbstsichernde Steine<\/li>\n<li>Material: Kunststoff<\/li>\n<li>Kunststofftyp: ABS<\/li>\n<li>Bricks Blocks:1116PCS<\/li>\n<li>Enth\u00e4lt eine ausf\u00fchrliche Montageanleitung.<\/li>\n<\/ol>\n<p>Notiz:<br \/>\n1. Ohne Originalverpackung, aber wir garantieren, dass unsere Produkte eine Qualit\u00e4tssicherung und eine sch\u00f6ne Verpackung haben.<br \/>\n2. Wie alle Teile, die wir vor dem Versand \u00fcberpr\u00fcft haben, machen Sie sich keine Sorgen, wenn Sie feststellen, dass einige Teile fehlen oder besch\u00e4digt sind, und kontaktieren Sie uns einfach, und wir k\u00f6nnen sie Ihnen umgehend kostenlos erneut zusenden.<\/p>\n<figure id=\"attachment_35206\" aria-describedby=\"caption-attachment-35206\" style=\"width: 950px\" class=\"wp-caption aligncenter\"><img fetchpriority=\"high\" decoding=\"async\" class=\"wp-image-35206 size-full\" src=\"https:\/\/mouldking.store\/wp-content\/uploads\/2022\/11\/MY-88319-5.jpg\" alt=\"MY 88319 Jesko Sports Car With 1116 Pieces\" width=\"950\" height=\"950\" title=\"-\" srcset=\"https:\/\/mouldking.store\/wp-content\/uploads\/2022\/11\/MY-88319-5.jpg 950w, https:\/\/mouldking.store\/wp-content\/uploads\/2022\/11\/MY-88319-5-300x300.jpg 300w, https:\/\/mouldking.store\/wp-content\/uploads\/2022\/11\/MY-88319-5-768x768.jpg 768w, https:\/\/mouldking.store\/wp-content\/uploads\/2022\/11\/MY-88319-5-600x600.jpg 600w, https:\/\/mouldking.store\/wp-content\/uploads\/2022\/11\/MY-88319-5-150x150.jpg 150w, https:\/\/mouldking.store\/wp-content\/uploads\/2022\/11\/MY-88319-5-60x60.jpg 60w, https:\/\/mouldking.store\/wp-content\/uploads\/2022\/11\/MY-88319-5-90x90.jpg 90w\" sizes=\"(max-width: 950px) 100vw, 950px\" \/><figcaption id=\"caption-attachment-35206\" class=\"wp-caption-text\">MY 88319 Jesko Sportwagen mit 1116 Teilen<\/figcaption><\/figure>\n<figure id=\"attachment_35207\" aria-describedby=\"caption-attachment-35207\" style=\"width: 950px\" class=\"wp-caption aligncenter\"><img decoding=\"async\" class=\"wp-image-35207 size-full\" src=\"https:\/\/mouldking.store\/wp-content\/uploads\/2022\/11\/MY-88319-4.jpg\" alt=\"MY 88319 Jesko Sports Car With 1116 Pieces\" width=\"950\" height=\"950\" title=\"-\" srcset=\"https:\/\/mouldking.store\/wp-content\/uploads\/2022\/11\/MY-88319-4.jpg 950w, https:\/\/mouldking.store\/wp-content\/uploads\/2022\/11\/MY-88319-4-300x300.jpg 300w, https:\/\/mouldking.store\/wp-content\/uploads\/2022\/11\/MY-88319-4-768x768.jpg 768w, https:\/\/mouldking.store\/wp-content\/uploads\/2022\/11\/MY-88319-4-600x600.jpg 600w, https:\/\/mouldking.store\/wp-content\/uploads\/2022\/11\/MY-88319-4-150x150.jpg 150w, https:\/\/mouldking.store\/wp-content\/uploads\/2022\/11\/MY-88319-4-60x60.jpg 60w, https:\/\/mouldking.store\/wp-content\/uploads\/2022\/11\/MY-88319-4-90x90.jpg 90w\" sizes=\"(max-width: 950px) 100vw, 950px\" \/><figcaption id=\"caption-attachment-35207\" class=\"wp-caption-text\">MY 88319 Jesko Sportwagen mit 1116 Teilen<\/figcaption><\/figure>\n<figure id=\"attachment_35208\" aria-describedby=\"caption-attachment-35208\" style=\"width: 950px\" class=\"wp-caption aligncenter\"><img decoding=\"async\" class=\"wp-image-35208 size-full\" src=\"https:\/\/mouldking.store\/wp-content\/uploads\/2022\/11\/MY-88319-3.jpg\" alt=\"MY 88319 Jesko Sports Car With 1116 Pieces\" width=\"950\" height=\"950\" title=\"-\" srcset=\"https:\/\/mouldking.store\/wp-content\/uploads\/2022\/11\/MY-88319-3.jpg 950w, https:\/\/mouldking.store\/wp-content\/uploads\/2022\/11\/MY-88319-3-300x300.jpg 300w, https:\/\/mouldking.store\/wp-content\/uploads\/2022\/11\/MY-88319-3-768x768.jpg 768w, https:\/\/mouldking.store\/wp-content\/uploads\/2022\/11\/MY-88319-3-600x600.jpg 600w, https:\/\/mouldking.store\/wp-content\/uploads\/2022\/11\/MY-88319-3-150x150.jpg 150w, https:\/\/mouldking.store\/wp-content\/uploads\/2022\/11\/MY-88319-3-60x60.jpg 60w, https:\/\/mouldking.store\/wp-content\/uploads\/2022\/11\/MY-88319-3-90x90.jpg 90w\" sizes=\"(max-width: 950px) 100vw, 950px\" \/><figcaption id=\"caption-attachment-35208\" class=\"wp-caption-text\">MY 88319 Jesko Sportwagen mit 1116 Teilen<\/figcaption><\/figure>\n<figure id=\"attachment_35209\" aria-describedby=\"caption-attachment-35209\" style=\"width: 950px\" class=\"wp-caption alignnone\"><img loading=\"lazy\" decoding=\"async\" class=\"wp-image-35209 size-full\" src=\"https:\/\/mouldking.store\/wp-content\/uploads\/2022\/11\/MY-88319-2.jpg\" alt=\"MY 88319 Jesko Sports Car With 1116 Pieces\" width=\"950\" height=\"950\" title=\"-\" srcset=\"https:\/\/mouldking.store\/wp-content\/uploads\/2022\/11\/MY-88319-2.jpg 950w, https:\/\/mouldking.store\/wp-content\/uploads\/2022\/11\/MY-88319-2-300x300.jpg 300w, https:\/\/mouldking.store\/wp-content\/uploads\/2022\/11\/MY-88319-2-768x768.jpg 768w, https:\/\/mouldking.store\/wp-content\/uploads\/2022\/11\/MY-88319-2-600x600.jpg 600w, https:\/\/mouldking.store\/wp-content\/uploads\/2022\/11\/MY-88319-2-150x150.jpg 150w, https:\/\/mouldking.store\/wp-content\/uploads\/2022\/11\/MY-88319-2-60x60.jpg 60w, https:\/\/mouldking.store\/wp-content\/uploads\/2022\/11\/MY-88319-2-90x90.jpg 90w\" sizes=\"(max-width: 950px) 100vw, 950px\" \/><figcaption id=\"caption-attachment-35209\" class=\"wp-caption-text\">MY 88319 Jesko Sportwagen mit 1116 Teilen<\/figcaption><\/figure>\n<figure id=\"attachment_35210\" aria-describedby=\"caption-attachment-35210\" style=\"width: 950px\" class=\"wp-caption aligncenter\"><img loading=\"lazy\" decoding=\"async\" class=\"wp-image-35210 size-full\" src=\"https:\/\/mouldking.store\/wp-content\/uploads\/2022\/11\/MY-88319-1.jpg\" alt=\"MY 88319 Jesko Sports Car With 1116 Pieces\" width=\"950\" height=\"950\" title=\"-\" srcset=\"https:\/\/mouldking.store\/wp-content\/uploads\/2022\/11\/MY-88319-1.jpg 950w, https:\/\/mouldking.store\/wp-content\/uploads\/2022\/11\/MY-88319-1-300x300.jpg 300w, https:\/\/mouldking.store\/wp-content\/uploads\/2022\/11\/MY-88319-1-768x768.jpg 768w, https:\/\/mouldking.store\/wp-content\/uploads\/2022\/11\/MY-88319-1-600x600.jpg 600w, https:\/\/mouldking.store\/wp-content\/uploads\/2022\/11\/MY-88319-1-150x150.jpg 150w, https:\/\/mouldking.store\/wp-content\/uploads\/2022\/11\/MY-88319-1-60x60.jpg 60w, https:\/\/mouldking.store\/wp-content\/uploads\/2022\/11\/MY-88319-1-90x90.jpg 90w\" sizes=\"(max-width: 950px) 100vw, 950px\" \/><figcaption id=\"caption-attachment-35210\" class=\"wp-caption-text\">MY 88319 Jesko Sportwagen mit 1116 Teilen<\/figcaption><\/figure>","protected":false},"excerpt":{"rendered":"<p>Product information: Brand: MOYU Gender: Unisex Name: Jesko Sports Car Age Range: &gt; 6 years old Model Number: 88319 Classification: Assemblage Plastic Block Shape: Self-Locking Bricks Material: Plastic Plastic Type: ABS Bricks Blocks:1116PCS Contains detailed assembly instructions. Notice: 1. Without an original box, but we guarantee our products have quality assurance and nice packaging. 2. [&hellip;]<\/p>","protected":false},"featured_media":35206,"comment_status":"closed","ping_status":"closed","template":"","meta":{"_acf_changed":false},"product_cat":[1360,1357],"product_tag":[7393,7394,7395,7392,7396,7397,7391,5166],"class_list":["product","first","instock","shipping-taxable","purchasable","product-type-variable"],"acf":[],"_links":{"self":[{"href":"https:\/\/mouldking.store\/de\/wp-json\/wp\/v2\/product\/35205","targetHints":{"allow":["GET"]}}],"collection":[{"href":"https:\/\/mouldking.store\/de\/wp-json\/wp\/v2\/product"}],"about":[{"href":"https:\/\/mouldking.store\/de\/wp-json\/wp\/v2\/types\/product"}],"replies":[{"embeddable":true,"href":"https:\/\/mouldking.store\/de\/wp-json\/wp\/v2\/comments?post=35205"}],"wp:featuredmedia":[{"embeddable":true,"href":"https:\/\/mouldking.store\/de\/wp-json\/wp\/v2\/media\/35206"}],"wp:attachment":[{"href":"https:\/\/mouldking.store\/de\/wp-json\/wp\/v2\/media?parent=35205"}],"wp:term":[{"taxonomy":"product_cat","embeddable":true,"href":"https:\/\/mouldking.store\/de\/wp-json\/wp\/v2\/product_cat?post=35205"},{"taxonomy":"product_tag","embeddable":true,"href":"https:\/\/mouldking.store\/de\/wp-json\/wp\/v2\/product_tag?post=35205"}],"curies":[{"name":"wp","href":"https:\/\/api.w.org\/{rel}","templated":true}]}}