{"id":35343,"date":"2022-11-18T14:34:09","date_gmt":"2022-11-18T07:34:09","guid":{"rendered":"https:\/\/mouldking.store\/?post_type=product&#038;p=35343"},"modified":"2022-11-18T14:34:09","modified_gmt":"2022-11-18T07:34:09","slug":"pantasy-86302-le-petit-prince-the-only-rose-with-500-pieces","status":"publish","type":"product","link":"https:\/\/mouldking.store\/de\/shop\/pantasy-86302-le-petit-prince-the-only-rose-with-500-pieces\/","title":{"rendered":"PANTASY 86302 Le Petit Prince \u2013 Die einzige Rose mit 500 St\u00fcck"},"content":{"rendered":"<p>Produktinformation:<\/p>\n<ol>\n<li>Marke: PANTASY<\/li>\n<li>Geschlecht: Unisex<\/li>\n<li>Name: Le Petit Prince \u2013 The Only Rose<\/li>\n<li>Altersspanne: &gt; 6 Jahre alt<\/li>\n<li>Model Number: 86302<\/li>\n<li>Einstufung: Assemblage<\/li>\n<li>Kunststoffblockform: Selbstsichernde Steine<\/li>\n<li>Material: Kunststoff<\/li>\n<li>Kunststofftyp: ABS<\/li>\n<li>Bricks Blocks:500 PCS<\/li>\n<li>Size: 10 \u00d7 10 \u00d7 21.5 cm<\/li>\n<li>Enth\u00e4lt eine ausf\u00fchrliche Montageanleitung.<\/li>\n<\/ol>\n<p>Notiz:<br \/>\n1. Ohne Originalverpackung, aber wir garantieren, dass unsere Produkte eine Qualit\u00e4tssicherung und eine sch\u00f6ne Verpackung haben.<br \/>\n2. Wie alle Teile, die wir vor dem Versand \u00fcberpr\u00fcft haben, machen Sie sich keine Sorgen, wenn Sie feststellen, dass einige Teile fehlen oder besch\u00e4digt sind, und kontaktieren Sie uns einfach, und wir k\u00f6nnen sie Ihnen umgehend kostenlos erneut zusenden.<\/p>\n<figure id=\"attachment_35344\" aria-describedby=\"caption-attachment-35344\" style=\"width: 768px\" class=\"wp-caption aligncenter\"><img fetchpriority=\"high\" decoding=\"async\" class=\"wp-image-35344 size-full\" src=\"https:\/\/mouldking.store\/wp-content\/uploads\/2022\/11\/PANTASY-86302-13.jpg\" alt=\"PANTASY 86302 Le Petit Prince \u2013 The Only Rose With 500 Pieces\" width=\"768\" height=\"768\" title=\"-\" srcset=\"https:\/\/mouldking.store\/wp-content\/uploads\/2022\/11\/PANTASY-86302-13.jpg 768w, https:\/\/mouldking.store\/wp-content\/uploads\/2022\/11\/PANTASY-86302-13-300x300.jpg 300w, https:\/\/mouldking.store\/wp-content\/uploads\/2022\/11\/PANTASY-86302-13-600x600.jpg 600w, https:\/\/mouldking.store\/wp-content\/uploads\/2022\/11\/PANTASY-86302-13-150x150.jpg 150w, https:\/\/mouldking.store\/wp-content\/uploads\/2022\/11\/PANTASY-86302-13-60x60.jpg 60w, https:\/\/mouldking.store\/wp-content\/uploads\/2022\/11\/PANTASY-86302-13-90x90.jpg 90w\" sizes=\"(max-width: 768px) 100vw, 768px\" \/><figcaption id=\"caption-attachment-35344\" class=\"wp-caption-text\">PANTASY 86302 Le Petit Prince \u2013 Die einzige Rose mit 500 St\u00fcck<\/figcaption><\/figure>\n<figure id=\"attachment_35345\" aria-describedby=\"caption-attachment-35345\" style=\"width: 768px\" class=\"wp-caption aligncenter\"><img decoding=\"async\" class=\"wp-image-35345 size-full\" src=\"https:\/\/mouldking.store\/wp-content\/uploads\/2022\/11\/PANTASY-86302-12.jpg\" alt=\"PANTASY 86302 Le Petit Prince \u2013 The Only Rose With 500 Pieces\" width=\"768\" height=\"768\" title=\"-\" srcset=\"https:\/\/mouldking.store\/wp-content\/uploads\/2022\/11\/PANTASY-86302-12.jpg 768w, https:\/\/mouldking.store\/wp-content\/uploads\/2022\/11\/PANTASY-86302-12-300x300.jpg 300w, https:\/\/mouldking.store\/wp-content\/uploads\/2022\/11\/PANTASY-86302-12-600x600.jpg 600w, https:\/\/mouldking.store\/wp-content\/uploads\/2022\/11\/PANTASY-86302-12-150x150.jpg 150w, https:\/\/mouldking.store\/wp-content\/uploads\/2022\/11\/PANTASY-86302-12-60x60.jpg 60w, https:\/\/mouldking.store\/wp-content\/uploads\/2022\/11\/PANTASY-86302-12-90x90.jpg 90w\" sizes=\"(max-width: 768px) 100vw, 768px\" \/><figcaption id=\"caption-attachment-35345\" class=\"wp-caption-text\">PANTASY 86302 Le Petit Prince \u2013 Die einzige Rose mit 500 St\u00fcck<\/figcaption><\/figure>\n<figure id=\"attachment_35346\" aria-describedby=\"caption-attachment-35346\" style=\"width: 768px\" class=\"wp-caption aligncenter\"><img decoding=\"async\" class=\"wp-image-35346 size-full\" src=\"https:\/\/mouldking.store\/wp-content\/uploads\/2022\/11\/PANTASY-86302-11.jpg\" alt=\"PANTASY 86302 Le Petit Prince \u2013 The Only Rose With 500 Pieces\" width=\"768\" height=\"768\" title=\"-\" srcset=\"https:\/\/mouldking.store\/wp-content\/uploads\/2022\/11\/PANTASY-86302-11.jpg 768w, https:\/\/mouldking.store\/wp-content\/uploads\/2022\/11\/PANTASY-86302-11-300x300.jpg 300w, https:\/\/mouldking.store\/wp-content\/uploads\/2022\/11\/PANTASY-86302-11-600x600.jpg 600w, https:\/\/mouldking.store\/wp-content\/uploads\/2022\/11\/PANTASY-86302-11-150x150.jpg 150w, https:\/\/mouldking.store\/wp-content\/uploads\/2022\/11\/PANTASY-86302-11-60x60.jpg 60w, https:\/\/mouldking.store\/wp-content\/uploads\/2022\/11\/PANTASY-86302-11-90x90.jpg 90w\" sizes=\"(max-width: 768px) 100vw, 768px\" \/><figcaption id=\"caption-attachment-35346\" class=\"wp-caption-text\">PANTASY 86302 Le Petit Prince \u2013 Die einzige Rose mit 500 St\u00fcck<\/figcaption><\/figure>\n<figure id=\"attachment_35347\" aria-describedby=\"caption-attachment-35347\" style=\"width: 768px\" class=\"wp-caption aligncenter\"><img loading=\"lazy\" decoding=\"async\" class=\"wp-image-35347 size-full\" src=\"https:\/\/mouldking.store\/wp-content\/uploads\/2022\/11\/PANTASY-86302-10.jpg\" alt=\"PANTASY 86302 Le Petit Prince \u2013 The Only Rose With 500 Pieces\" width=\"768\" height=\"766\" title=\"-\" srcset=\"https:\/\/mouldking.store\/wp-content\/uploads\/2022\/11\/PANTASY-86302-10.jpg 768w, https:\/\/mouldking.store\/wp-content\/uploads\/2022\/11\/PANTASY-86302-10-300x299.jpg 300w, https:\/\/mouldking.store\/wp-content\/uploads\/2022\/11\/PANTASY-86302-10-600x598.jpg 600w, https:\/\/mouldking.store\/wp-content\/uploads\/2022\/11\/PANTASY-86302-10-150x150.jpg 150w, https:\/\/mouldking.store\/wp-content\/uploads\/2022\/11\/PANTASY-86302-10-60x60.jpg 60w, https:\/\/mouldking.store\/wp-content\/uploads\/2022\/11\/PANTASY-86302-10-90x90.jpg 90w\" sizes=\"(max-width: 768px) 100vw, 768px\" \/><figcaption id=\"caption-attachment-35347\" class=\"wp-caption-text\">PANTASY 86302 Le Petit Prince \u2013 Die einzige Rose mit 500 St\u00fcck<\/figcaption><\/figure>\n<figure id=\"attachment_35348\" aria-describedby=\"caption-attachment-35348\" style=\"width: 768px\" class=\"wp-caption aligncenter\"><img loading=\"lazy\" decoding=\"async\" class=\"wp-image-35348 size-full\" src=\"https:\/\/mouldking.store\/wp-content\/uploads\/2022\/11\/PANTASY-86302-9.jpg\" alt=\"PANTASY 86302 Le Petit Prince \u2013 The Only Rose With 500 Pieces\" width=\"768\" height=\"766\" title=\"-\" srcset=\"https:\/\/mouldking.store\/wp-content\/uploads\/2022\/11\/PANTASY-86302-9.jpg 768w, https:\/\/mouldking.store\/wp-content\/uploads\/2022\/11\/PANTASY-86302-9-300x299.jpg 300w, https:\/\/mouldking.store\/wp-content\/uploads\/2022\/11\/PANTASY-86302-9-600x598.jpg 600w, https:\/\/mouldking.store\/wp-content\/uploads\/2022\/11\/PANTASY-86302-9-150x150.jpg 150w, https:\/\/mouldking.store\/wp-content\/uploads\/2022\/11\/PANTASY-86302-9-60x60.jpg 60w, https:\/\/mouldking.store\/wp-content\/uploads\/2022\/11\/PANTASY-86302-9-90x90.jpg 90w\" sizes=\"(max-width: 768px) 100vw, 768px\" \/><figcaption id=\"caption-attachment-35348\" class=\"wp-caption-text\">PANTASY 86302 Le Petit Prince \u2013 Die einzige Rose mit 500 St\u00fcck<\/figcaption><\/figure>\n<figure id=\"attachment_35349\" aria-describedby=\"caption-attachment-35349\" style=\"width: 600px\" class=\"wp-caption aligncenter\"><img loading=\"lazy\" decoding=\"async\" class=\"wp-image-35349 size-full\" src=\"https:\/\/mouldking.store\/wp-content\/uploads\/2022\/11\/PANTASY-86302-8.jpg\" alt=\"PANTASY 86302 Le Petit Prince \u2013 The Only Rose With 500 Pieces\" width=\"600\" height=\"931\" title=\"-\" srcset=\"https:\/\/mouldking.store\/wp-content\/uploads\/2022\/11\/PANTASY-86302-8.jpg 600w, https:\/\/mouldking.store\/wp-content\/uploads\/2022\/11\/PANTASY-86302-8-193x300.jpg 193w, https:\/\/mouldking.store\/wp-content\/uploads\/2022\/11\/PANTASY-86302-8-300x466.jpg 300w, https:\/\/mouldking.store\/wp-content\/uploads\/2022\/11\/PANTASY-86302-8-97x150.jpg 97w, https:\/\/mouldking.store\/wp-content\/uploads\/2022\/11\/PANTASY-86302-8-39x60.jpg 39w, https:\/\/mouldking.store\/wp-content\/uploads\/2022\/11\/PANTASY-86302-8-58x90.jpg 58w\" sizes=\"(max-width: 600px) 100vw, 600px\" \/><figcaption id=\"caption-attachment-35349\" class=\"wp-caption-text\">PANTASY 86302 Le Petit Prince \u2013 Die einzige Rose mit 500 St\u00fcck<\/figcaption><\/figure>\n<figure id=\"attachment_35350\" aria-describedby=\"caption-attachment-35350\" style=\"width: 731px\" class=\"wp-caption aligncenter\"><img loading=\"lazy\" decoding=\"async\" class=\"wp-image-35350 size-full\" src=\"https:\/\/mouldking.store\/wp-content\/uploads\/2022\/11\/PANTASY-86302-7.jpg\" alt=\"PANTASY 86302 Le Petit Prince \u2013 The Only Rose With 500 Pieces\" width=\"731\" height=\"1024\" title=\"-\" srcset=\"https:\/\/mouldking.store\/wp-content\/uploads\/2022\/11\/PANTASY-86302-7.jpg 731w, https:\/\/mouldking.store\/wp-content\/uploads\/2022\/11\/PANTASY-86302-7-214x300.jpg 214w, https:\/\/mouldking.store\/wp-content\/uploads\/2022\/11\/PANTASY-86302-7-300x420.jpg 300w, https:\/\/mouldking.store\/wp-content\/uploads\/2022\/11\/PANTASY-86302-7-600x840.jpg 600w, https:\/\/mouldking.store\/wp-content\/uploads\/2022\/11\/PANTASY-86302-7-107x150.jpg 107w, https:\/\/mouldking.store\/wp-content\/uploads\/2022\/11\/PANTASY-86302-7-43x60.jpg 43w, https:\/\/mouldking.store\/wp-content\/uploads\/2022\/11\/PANTASY-86302-7-64x90.jpg 64w\" sizes=\"(max-width: 731px) 100vw, 731px\" \/><figcaption id=\"caption-attachment-35350\" class=\"wp-caption-text\">PANTASY 86302 Le Petit Prince \u2013 Die einzige Rose mit 500 St\u00fcck<\/figcaption><\/figure>\n<figure id=\"attachment_35351\" aria-describedby=\"caption-attachment-35351\" style=\"width: 768px\" class=\"wp-caption aligncenter\"><img loading=\"lazy\" decoding=\"async\" class=\"wp-image-35351 size-full\" src=\"https:\/\/mouldking.store\/wp-content\/uploads\/2022\/11\/PANTASY-86302-6.jpg\" alt=\"PANTASY 86302 Le Petit Prince \u2013 The Only Rose With 500 Pieces\" width=\"768\" height=\"931\" title=\"-\" srcset=\"https:\/\/mouldking.store\/wp-content\/uploads\/2022\/11\/PANTASY-86302-6.jpg 768w, https:\/\/mouldking.store\/wp-content\/uploads\/2022\/11\/PANTASY-86302-6-247x300.jpg 247w, https:\/\/mouldking.store\/wp-content\/uploads\/2022\/11\/PANTASY-86302-6-300x364.jpg 300w, https:\/\/mouldking.store\/wp-content\/uploads\/2022\/11\/PANTASY-86302-6-600x727.jpg 600w, https:\/\/mouldking.store\/wp-content\/uploads\/2022\/11\/PANTASY-86302-6-124x150.jpg 124w, https:\/\/mouldking.store\/wp-content\/uploads\/2022\/11\/PANTASY-86302-6-49x60.jpg 49w, https:\/\/mouldking.store\/wp-content\/uploads\/2022\/11\/PANTASY-86302-6-74x90.jpg 74w\" sizes=\"(max-width: 768px) 100vw, 768px\" \/><figcaption id=\"caption-attachment-35351\" class=\"wp-caption-text\">PANTASY 86302 Le Petit Prince \u2013 Die einzige Rose mit 500 St\u00fcck<\/figcaption><\/figure>\n<figure id=\"attachment_35352\" aria-describedby=\"caption-attachment-35352\" style=\"width: 768px\" class=\"wp-caption aligncenter\"><img loading=\"lazy\" decoding=\"async\" class=\"wp-image-35352 size-full\" src=\"https:\/\/mouldking.store\/wp-content\/uploads\/2022\/11\/PANTASY-86302-5.jpg\" alt=\"PANTASY 86302 Le Petit Prince \u2013 The Only Rose With 500 Pieces\" width=\"768\" height=\"1013\" title=\"-\" srcset=\"https:\/\/mouldking.store\/wp-content\/uploads\/2022\/11\/PANTASY-86302-5.jpg 768w, https:\/\/mouldking.store\/wp-content\/uploads\/2022\/11\/PANTASY-86302-5-227x300.jpg 227w, https:\/\/mouldking.store\/wp-content\/uploads\/2022\/11\/PANTASY-86302-5-300x396.jpg 300w, https:\/\/mouldking.store\/wp-content\/uploads\/2022\/11\/PANTASY-86302-5-600x791.jpg 600w, https:\/\/mouldking.store\/wp-content\/uploads\/2022\/11\/PANTASY-86302-5-114x150.jpg 114w, https:\/\/mouldking.store\/wp-content\/uploads\/2022\/11\/PANTASY-86302-5-45x60.jpg 45w, https:\/\/mouldking.store\/wp-content\/uploads\/2022\/11\/PANTASY-86302-5-68x90.jpg 68w\" sizes=\"(max-width: 768px) 100vw, 768px\" \/><figcaption id=\"caption-attachment-35352\" class=\"wp-caption-text\">PANTASY 86302 Le Petit Prince \u2013 Die einzige Rose mit 500 St\u00fcck<\/figcaption><\/figure>\n<figure id=\"attachment_35353\" aria-describedby=\"caption-attachment-35353\" style=\"width: 768px\" class=\"wp-caption aligncenter\"><img loading=\"lazy\" decoding=\"async\" class=\"wp-image-35353 size-full\" src=\"https:\/\/mouldking.store\/wp-content\/uploads\/2022\/11\/PANTASY-86302-4.jpg\" alt=\"PANTASY 86302 Le Petit Prince \u2013 The Only Rose With 500 Pieces\" width=\"768\" height=\"1004\" title=\"-\" srcset=\"https:\/\/mouldking.store\/wp-content\/uploads\/2022\/11\/PANTASY-86302-4.jpg 768w, https:\/\/mouldking.store\/wp-content\/uploads\/2022\/11\/PANTASY-86302-4-229x300.jpg 229w, https:\/\/mouldking.store\/wp-content\/uploads\/2022\/11\/PANTASY-86302-4-300x392.jpg 300w, https:\/\/mouldking.store\/wp-content\/uploads\/2022\/11\/PANTASY-86302-4-600x784.jpg 600w, https:\/\/mouldking.store\/wp-content\/uploads\/2022\/11\/PANTASY-86302-4-115x150.jpg 115w, https:\/\/mouldking.store\/wp-content\/uploads\/2022\/11\/PANTASY-86302-4-46x60.jpg 46w, https:\/\/mouldking.store\/wp-content\/uploads\/2022\/11\/PANTASY-86302-4-69x90.jpg 69w\" sizes=\"(max-width: 768px) 100vw, 768px\" \/><figcaption id=\"caption-attachment-35353\" class=\"wp-caption-text\">PANTASY 86302 Le Petit Prince \u2013 Die einzige Rose mit 500 St\u00fcck<\/figcaption><\/figure>\n<figure id=\"attachment_35354\" aria-describedby=\"caption-attachment-35354\" style=\"width: 862px\" class=\"wp-caption aligncenter\"><img loading=\"lazy\" decoding=\"async\" class=\"wp-image-35354 size-full\" src=\"https:\/\/mouldking.store\/wp-content\/uploads\/2022\/11\/PANTASY-86302-3.jpg\" alt=\"PANTASY 86302 Le Petit Prince \u2013 The Only Rose With 500 Pieces\" width=\"862\" height=\"1024\" title=\"-\" srcset=\"https:\/\/mouldking.store\/wp-content\/uploads\/2022\/11\/PANTASY-86302-3.jpg 862w, https:\/\/mouldking.store\/wp-content\/uploads\/2022\/11\/PANTASY-86302-3-253x300.jpg 253w, https:\/\/mouldking.store\/wp-content\/uploads\/2022\/11\/PANTASY-86302-3-768x912.jpg 768w, https:\/\/mouldking.store\/wp-content\/uploads\/2022\/11\/PANTASY-86302-3-300x356.jpg 300w, https:\/\/mouldking.store\/wp-content\/uploads\/2022\/11\/PANTASY-86302-3-600x713.jpg 600w, https:\/\/mouldking.store\/wp-content\/uploads\/2022\/11\/PANTASY-86302-3-126x150.jpg 126w, https:\/\/mouldking.store\/wp-content\/uploads\/2022\/11\/PANTASY-86302-3-51x60.jpg 51w, https:\/\/mouldking.store\/wp-content\/uploads\/2022\/11\/PANTASY-86302-3-76x90.jpg 76w\" sizes=\"(max-width: 862px) 100vw, 862px\" \/><figcaption id=\"caption-attachment-35354\" class=\"wp-caption-text\">PANTASY 86302 Le Petit Prince \u2013 Die einzige Rose mit 500 St\u00fcck<\/figcaption><\/figure>\n<figure id=\"attachment_35355\" aria-describedby=\"caption-attachment-35355\" style=\"width: 600px\" class=\"wp-caption aligncenter\"><img loading=\"lazy\" decoding=\"async\" class=\"wp-image-35355 size-full\" src=\"https:\/\/mouldking.store\/wp-content\/uploads\/2022\/11\/PANTASY-86302-2.jpg\" alt=\"PANTASY 86302 Le Petit Prince \u2013 The Only Rose With 500 Pieces\" width=\"600\" height=\"930\" title=\"-\" srcset=\"https:\/\/mouldking.store\/wp-content\/uploads\/2022\/11\/PANTASY-86302-2.jpg 600w, https:\/\/mouldking.store\/wp-content\/uploads\/2022\/11\/PANTASY-86302-2-194x300.jpg 194w, https:\/\/mouldking.store\/wp-content\/uploads\/2022\/11\/PANTASY-86302-2-300x465.jpg 300w, https:\/\/mouldking.store\/wp-content\/uploads\/2022\/11\/PANTASY-86302-2-97x150.jpg 97w, https:\/\/mouldking.store\/wp-content\/uploads\/2022\/11\/PANTASY-86302-2-39x60.jpg 39w, https:\/\/mouldking.store\/wp-content\/uploads\/2022\/11\/PANTASY-86302-2-58x90.jpg 58w\" sizes=\"(max-width: 600px) 100vw, 600px\" \/><figcaption id=\"caption-attachment-35355\" class=\"wp-caption-text\">PANTASY 86302 Le Petit Prince \u2013 Die einzige Rose mit 500 St\u00fcck<\/figcaption><\/figure>\n<figure id=\"attachment_35356\" aria-describedby=\"caption-attachment-35356\" style=\"width: 1024px\" class=\"wp-caption aligncenter\"><img loading=\"lazy\" decoding=\"async\" class=\"wp-image-35356 size-full\" src=\"https:\/\/mouldking.store\/wp-content\/uploads\/2022\/11\/PANTASY-86302-1.jpg\" alt=\"PANTASY 86302 Le Petit Prince \u2013 The Only Rose With 500 Pieces\" width=\"1024\" height=\"683\" title=\"-\" srcset=\"https:\/\/mouldking.store\/wp-content\/uploads\/2022\/11\/PANTASY-86302-1.jpg 1024w, https:\/\/mouldking.store\/wp-content\/uploads\/2022\/11\/PANTASY-86302-1-300x200.jpg 300w, https:\/\/mouldking.store\/wp-content\/uploads\/2022\/11\/PANTASY-86302-1-768x512.jpg 768w, https:\/\/mouldking.store\/wp-content\/uploads\/2022\/11\/PANTASY-86302-1-600x400.jpg 600w, https:\/\/mouldking.store\/wp-content\/uploads\/2022\/11\/PANTASY-86302-1-150x100.jpg 150w, https:\/\/mouldking.store\/wp-content\/uploads\/2022\/11\/PANTASY-86302-1-90x60.jpg 90w, https:\/\/mouldking.store\/wp-content\/uploads\/2022\/11\/PANTASY-86302-1-135x90.jpg 135w\" sizes=\"(max-width: 1024px) 100vw, 1024px\" \/><figcaption id=\"caption-attachment-35356\" class=\"wp-caption-text\">PANTASY 86302 Le Petit Prince \u2013 Die einzige Rose mit 500 St\u00fcck<\/figcaption><\/figure>","protected":false},"excerpt":{"rendered":"<p>Product information: Brand: PANTASY Gender: Unisex Name: Le Petit Prince \u2013 The Only Rose Age Range: &gt; 6 years old Model Number: 86302 Classification: Assemblage Plastic Block Shape: Self-Locking Bricks Material: Plastic Plastic Type: ABS Bricks Blocks:500 PCS Size: 10 \u00d7 10 \u00d7 21.5 cm Contains detailed assembly instructions. Notice: 1. Without an original box, [&hellip;]<\/p>","protected":false},"featured_media":35344,"comment_status":"closed","ping_status":"closed","template":"","meta":{"_acf_changed":false},"product_cat":[1365],"product_tag":[7478,7479,7482,6280,7481,7483,7477,7480],"class_list":["product","first","instock","shipping-taxable","purchasable","product-type-simple"],"acf":[],"_links":{"self":[{"href":"https:\/\/mouldking.store\/de\/wp-json\/wp\/v2\/product\/35343","targetHints":{"allow":["GET"]}}],"collection":[{"href":"https:\/\/mouldking.store\/de\/wp-json\/wp\/v2\/product"}],"about":[{"href":"https:\/\/mouldking.store\/de\/wp-json\/wp\/v2\/types\/product"}],"replies":[{"embeddable":true,"href":"https:\/\/mouldking.store\/de\/wp-json\/wp\/v2\/comments?post=35343"}],"wp:featuredmedia":[{"embeddable":true,"href":"https:\/\/mouldking.store\/de\/wp-json\/wp\/v2\/media\/35344"}],"wp:attachment":[{"href":"https:\/\/mouldking.store\/de\/wp-json\/wp\/v2\/media?parent=35343"}],"wp:term":[{"taxonomy":"product_cat","embeddable":true,"href":"https:\/\/mouldking.store\/de\/wp-json\/wp\/v2\/product_cat?post=35343"},{"taxonomy":"product_tag","embeddable":true,"href":"https:\/\/mouldking.store\/de\/wp-json\/wp\/v2\/product_tag?post=35343"}],"curies":[{"name":"wp","href":"https:\/\/api.w.org\/{rel}","templated":true}]}}