{"id":35426,"date":"2022-11-18T17:57:57","date_gmt":"2022-11-18T10:57:57","guid":{"rendered":"https:\/\/mouldking.store\/?post_type=product&#038;p=35426"},"modified":"2022-11-18T17:57:58","modified_gmt":"2022-11-18T10:57:58","slug":"mould-king-21025-mk-space-kylo-ren-tie-fighter-with-3619-pieces","status":"publish","type":"product","link":"https:\/\/mouldking.store\/de\/shop\/mould-king-21025-mk-space-kylo-ren-tie-fighter-with-3619-pieces\/","title":{"rendered":"MOLD KING 21025 MK Space KYLO REN TIE FIGHTER Mit 3619 Teilen"},"content":{"rendered":"<p>Produktinformation:<\/p>\n<ol>\n<li>Marke: MOLD KING<\/li>\n<li>Geschlecht: Unisex<\/li>\n<li>Name: MK Space KYLO REN TIE FIGHTER<\/li>\n<li>Altersspanne: &gt; 6 Jahre alt<\/li>\n<li>Modellnummer: 21025<\/li>\n<li>Einstufung: Assemblage<\/li>\n<li>Kunststoffblockform: Selbstsichernde Steine<\/li>\n<li>Material: Kunststoff<\/li>\n<li>Kunststofftyp: ABS<\/li>\n<li>Bricks Blocks:3619 PCS<\/li>\n<li>Size: 79.3 \u00d7 28.5 \u00d7 28.5 cm<\/li>\n<li>Enth\u00e4lt eine ausf\u00fchrliche Montageanleitung.<\/li>\n<\/ol>\n<p>Notiz:<br \/>\n1. Ohne Originalverpackung, aber wir garantieren, dass unsere Produkte eine Qualit\u00e4tssicherung und eine sch\u00f6ne Verpackung haben.<br \/>\n2. Wie alle Teile, die wir vor dem Versand \u00fcberpr\u00fcft haben, machen Sie sich keine Sorgen, wenn Sie feststellen, dass einige Teile fehlen oder besch\u00e4digt sind, und kontaktieren Sie uns einfach, und wir k\u00f6nnen sie Ihnen umgehend kostenlos erneut zusenden.<\/p>\n<figure id=\"attachment_35427\" aria-describedby=\"caption-attachment-35427\" style=\"width: 800px\" class=\"wp-caption aligncenter\"><img fetchpriority=\"high\" decoding=\"async\" class=\"wp-image-35427 size-full\" src=\"https:\/\/mouldking.store\/wp-content\/uploads\/2022\/11\/MK21025-1-1724.jpg\" alt=\"MOULD KING 21025 MK Space KYLO REN TIE FIGHTER With 3619 Pieces\" width=\"800\" height=\"800\" title=\"-\" srcset=\"https:\/\/mouldking.store\/wp-content\/uploads\/2022\/11\/MK21025-1-1724.jpg 800w, https:\/\/mouldking.store\/wp-content\/uploads\/2022\/11\/MK21025-1-1724-300x300.jpg 300w, https:\/\/mouldking.store\/wp-content\/uploads\/2022\/11\/MK21025-1-1724-768x768.jpg 768w, https:\/\/mouldking.store\/wp-content\/uploads\/2022\/11\/MK21025-1-1724-600x600.jpg 600w, https:\/\/mouldking.store\/wp-content\/uploads\/2022\/11\/MK21025-1-1724-150x150.jpg 150w, https:\/\/mouldking.store\/wp-content\/uploads\/2022\/11\/MK21025-1-1724-60x60.jpg 60w, https:\/\/mouldking.store\/wp-content\/uploads\/2022\/11\/MK21025-1-1724-90x90.jpg 90w\" sizes=\"(max-width: 800px) 100vw, 800px\" \/><figcaption id=\"caption-attachment-35427\" class=\"wp-caption-text\">MOLD KING 21025 MK Space KYLO REN TIE FIGHTER Mit 3619 Teilen<\/figcaption><\/figure>\n<figure id=\"attachment_35428\" aria-describedby=\"caption-attachment-35428\" style=\"width: 800px\" class=\"wp-caption aligncenter\"><img decoding=\"async\" class=\"wp-image-35428 size-full\" src=\"https:\/\/mouldking.store\/wp-content\/uploads\/2022\/11\/MK21025-2-7c3c.jpg\" alt=\"MOULD KING 21025 MK Space KYLO REN TIE FIGHTER With 3619 Pieces\" width=\"800\" height=\"800\" title=\"-\" srcset=\"https:\/\/mouldking.store\/wp-content\/uploads\/2022\/11\/MK21025-2-7c3c.jpg 800w, https:\/\/mouldking.store\/wp-content\/uploads\/2022\/11\/MK21025-2-7c3c-300x300.jpg 300w, https:\/\/mouldking.store\/wp-content\/uploads\/2022\/11\/MK21025-2-7c3c-768x768.jpg 768w, https:\/\/mouldking.store\/wp-content\/uploads\/2022\/11\/MK21025-2-7c3c-600x600.jpg 600w, https:\/\/mouldking.store\/wp-content\/uploads\/2022\/11\/MK21025-2-7c3c-150x150.jpg 150w, https:\/\/mouldking.store\/wp-content\/uploads\/2022\/11\/MK21025-2-7c3c-60x60.jpg 60w, https:\/\/mouldking.store\/wp-content\/uploads\/2022\/11\/MK21025-2-7c3c-90x90.jpg 90w\" sizes=\"(max-width: 800px) 100vw, 800px\" \/><figcaption id=\"caption-attachment-35428\" class=\"wp-caption-text\">MOLD KING 21025 MK Space KYLO REN TIE FIGHTER Mit 3619 Teilen<\/figcaption><\/figure>\n<figure id=\"attachment_35429\" aria-describedby=\"caption-attachment-35429\" style=\"width: 800px\" class=\"wp-caption aligncenter\"><img decoding=\"async\" class=\"wp-image-35429 size-full\" src=\"https:\/\/mouldking.store\/wp-content\/uploads\/2022\/11\/MK21025-3-e1d5.jpg\" alt=\"MOULD KING 21025 MK Space KYLO REN TIE FIGHTER With 3619 Pieces\" width=\"800\" height=\"800\" title=\"-\" srcset=\"https:\/\/mouldking.store\/wp-content\/uploads\/2022\/11\/MK21025-3-e1d5.jpg 800w, https:\/\/mouldking.store\/wp-content\/uploads\/2022\/11\/MK21025-3-e1d5-300x300.jpg 300w, https:\/\/mouldking.store\/wp-content\/uploads\/2022\/11\/MK21025-3-e1d5-768x768.jpg 768w, https:\/\/mouldking.store\/wp-content\/uploads\/2022\/11\/MK21025-3-e1d5-600x600.jpg 600w, https:\/\/mouldking.store\/wp-content\/uploads\/2022\/11\/MK21025-3-e1d5-150x150.jpg 150w, https:\/\/mouldking.store\/wp-content\/uploads\/2022\/11\/MK21025-3-e1d5-60x60.jpg 60w, https:\/\/mouldking.store\/wp-content\/uploads\/2022\/11\/MK21025-3-e1d5-90x90.jpg 90w\" sizes=\"(max-width: 800px) 100vw, 800px\" \/><figcaption id=\"caption-attachment-35429\" class=\"wp-caption-text\">MOLD KING 21025 MK Space KYLO REN TIE FIGHTER Mit 3619 Teilen<\/figcaption><\/figure>\n<figure id=\"attachment_35430\" aria-describedby=\"caption-attachment-35430\" style=\"width: 800px\" class=\"wp-caption aligncenter\"><img loading=\"lazy\" decoding=\"async\" class=\"wp-image-35430 size-full\" src=\"https:\/\/mouldking.store\/wp-content\/uploads\/2022\/11\/MK21025-4-cba3.jpg\" alt=\"MOULD KING 21025 MK Space KYLO REN TIE FIGHTER With 3619 Pieces\" width=\"800\" height=\"800\" title=\"-\" srcset=\"https:\/\/mouldking.store\/wp-content\/uploads\/2022\/11\/MK21025-4-cba3.jpg 800w, https:\/\/mouldking.store\/wp-content\/uploads\/2022\/11\/MK21025-4-cba3-300x300.jpg 300w, https:\/\/mouldking.store\/wp-content\/uploads\/2022\/11\/MK21025-4-cba3-768x768.jpg 768w, https:\/\/mouldking.store\/wp-content\/uploads\/2022\/11\/MK21025-4-cba3-600x600.jpg 600w, https:\/\/mouldking.store\/wp-content\/uploads\/2022\/11\/MK21025-4-cba3-150x150.jpg 150w, https:\/\/mouldking.store\/wp-content\/uploads\/2022\/11\/MK21025-4-cba3-60x60.jpg 60w, https:\/\/mouldking.store\/wp-content\/uploads\/2022\/11\/MK21025-4-cba3-90x90.jpg 90w\" sizes=\"(max-width: 800px) 100vw, 800px\" \/><figcaption id=\"caption-attachment-35430\" class=\"wp-caption-text\">MOLD KING 21025 MK Space KYLO REN TIE FIGHTER Mit 3619 Teilen<\/figcaption><\/figure>\n<figure id=\"attachment_35431\" aria-describedby=\"caption-attachment-35431\" style=\"width: 800px\" class=\"wp-caption aligncenter\"><img loading=\"lazy\" decoding=\"async\" class=\"wp-image-35431 size-full\" src=\"https:\/\/mouldking.store\/wp-content\/uploads\/2022\/11\/MK21025-5-7441.jpg\" alt=\"MOULD KING 21025 MK Space KYLO REN TIE FIGHTER With 3619 Pieces\" width=\"800\" height=\"800\" title=\"-\" srcset=\"https:\/\/mouldking.store\/wp-content\/uploads\/2022\/11\/MK21025-5-7441.jpg 800w, https:\/\/mouldking.store\/wp-content\/uploads\/2022\/11\/MK21025-5-7441-300x300.jpg 300w, https:\/\/mouldking.store\/wp-content\/uploads\/2022\/11\/MK21025-5-7441-768x768.jpg 768w, https:\/\/mouldking.store\/wp-content\/uploads\/2022\/11\/MK21025-5-7441-600x600.jpg 600w, https:\/\/mouldking.store\/wp-content\/uploads\/2022\/11\/MK21025-5-7441-150x150.jpg 150w, https:\/\/mouldking.store\/wp-content\/uploads\/2022\/11\/MK21025-5-7441-60x60.jpg 60w, https:\/\/mouldking.store\/wp-content\/uploads\/2022\/11\/MK21025-5-7441-90x90.jpg 90w\" sizes=\"(max-width: 800px) 100vw, 800px\" \/><figcaption id=\"caption-attachment-35431\" class=\"wp-caption-text\">MOLD KING 21025 MK Space KYLO REN TIE FIGHTER Mit 3619 Teilen<\/figcaption><\/figure>","protected":false},"excerpt":{"rendered":"<p>Product information: Brand: MOULD KING Gender: Unisex Name: MK Space KYLO REN TIE FIGHTER Age Range: &gt; 6 years old Model Number: 21025 Classification: Assemblage Plastic Block Shape: Self-Locking Bricks Material: Plastic Plastic Type: ABS Bricks Blocks:3619 PCS Size: 79.3 \u00d7 28.5 \u00d7 28.5 cm Contains detailed assembly instructions. Notice: 1. Without an original box, [&hellip;]<\/p>","protected":false},"featured_media":35427,"comment_status":"closed","ping_status":"closed","template":"","meta":{"_acf_changed":false},"product_cat":[415],"product_tag":[7563,7565,7564,7566,615,7567,7568,7562],"class_list":["product","first","instock","shipping-taxable","purchasable","product-type-simple"],"acf":[],"_links":{"self":[{"href":"https:\/\/mouldking.store\/de\/wp-json\/wp\/v2\/product\/35426","targetHints":{"allow":["GET"]}}],"collection":[{"href":"https:\/\/mouldking.store\/de\/wp-json\/wp\/v2\/product"}],"about":[{"href":"https:\/\/mouldking.store\/de\/wp-json\/wp\/v2\/types\/product"}],"replies":[{"embeddable":true,"href":"https:\/\/mouldking.store\/de\/wp-json\/wp\/v2\/comments?post=35426"}],"wp:featuredmedia":[{"embeddable":true,"href":"https:\/\/mouldking.store\/de\/wp-json\/wp\/v2\/media\/35427"}],"wp:attachment":[{"href":"https:\/\/mouldking.store\/de\/wp-json\/wp\/v2\/media?parent=35426"}],"wp:term":[{"taxonomy":"product_cat","embeddable":true,"href":"https:\/\/mouldking.store\/de\/wp-json\/wp\/v2\/product_cat?post=35426"},{"taxonomy":"product_tag","embeddable":true,"href":"https:\/\/mouldking.store\/de\/wp-json\/wp\/v2\/product_tag?post=35426"}],"curies":[{"name":"wp","href":"https:\/\/api.w.org\/{rel}","templated":true}]}}