{"id":35492,"date":"2022-11-21T14:06:39","date_gmt":"2022-11-21T07:06:39","guid":{"rendered":"https:\/\/mouldking.store\/?post_type=product&#038;p=35492"},"modified":"2022-11-21T14:06:39","modified_gmt":"2022-11-21T07:06:39","slug":"reobrix-22014-wire-rope-shovel-excavator-with-3170-pieces","status":"publish","type":"product","link":"https:\/\/mouldking.store\/de\/shop\/reobrix-22014-wire-rope-shovel-excavator-with-3170-pieces\/","title":{"rendered":"Reobrix 22014 Drahtseilbagger Bagger mit 3170 Teilen"},"content":{"rendered":"<p>Produktinformation:<\/p>\n<ol>\n<li>Marke: Reobrix<\/li>\n<li>Geschlecht: Unisex<\/li>\n<li>Name: Drahtseilschaufelbagger<\/li>\n<li>Altersspanne: &gt; 6 Jahre alt<\/li>\n<li>Modellnummer: 22014<\/li>\n<li>Einstufung: Assemblage<\/li>\n<li>Kunststoffblockform: Selbstsichernde Steine<\/li>\n<li>Material: Kunststoff<\/li>\n<li>Kunststofftyp: ABS<\/li>\n<li>Ziegelsteine: 3170 St\u00fcck<\/li>\n<li>Gr\u00f6\u00dfe: 65,5 \u00d7 25 \u00d7 40,5 cm<\/li>\n<li>Enth\u00e4lt eine ausf\u00fchrliche Montageanleitung.<\/li>\n<\/ol>\n<p>Notiz:<br \/>\n1. Ohne Originalverpackung, aber wir garantieren, dass unsere Produkte eine Qualit\u00e4tssicherung und eine sch\u00f6ne Verpackung haben.<br \/>\n2. Wie alle Teile, die wir vor dem Versand \u00fcberpr\u00fcft haben, machen Sie sich keine Sorgen, wenn Sie feststellen, dass einige Teile fehlen oder besch\u00e4digt sind, und kontaktieren Sie uns einfach, und wir k\u00f6nnen sie Ihnen umgehend kostenlos erneut zusenden.<\/p>\n<figure id=\"attachment_35493\" aria-describedby=\"caption-attachment-35493\" style=\"width: 1024px\" class=\"wp-caption aligncenter\"><img fetchpriority=\"high\" decoding=\"async\" class=\"wp-image-35493 size-large\" src=\"https:\/\/mouldking.store\/wp-content\/uploads\/2022\/11\/22014-1-fe5f-1024x1024.jpg\" alt=\"Reobrix 22014 Wire Rope Shovel Excavator With 3170 Pieces\" width=\"1024\" height=\"1024\" title=\"-\" srcset=\"https:\/\/mouldking.store\/wp-content\/uploads\/2022\/11\/22014-1-fe5f-1024x1024.jpg 1024w, https:\/\/mouldking.store\/wp-content\/uploads\/2022\/11\/22014-1-fe5f-300x300.jpg 300w, https:\/\/mouldking.store\/wp-content\/uploads\/2022\/11\/22014-1-fe5f-768x768.jpg 768w, https:\/\/mouldking.store\/wp-content\/uploads\/2022\/11\/22014-1-fe5f-1536x1536.jpg 1536w, https:\/\/mouldking.store\/wp-content\/uploads\/2022\/11\/22014-1-fe5f-600x600.jpg 600w, https:\/\/mouldking.store\/wp-content\/uploads\/2022\/11\/22014-1-fe5f-150x150.jpg 150w, https:\/\/mouldking.store\/wp-content\/uploads\/2022\/11\/22014-1-fe5f-60x60.jpg 60w, https:\/\/mouldking.store\/wp-content\/uploads\/2022\/11\/22014-1-fe5f-90x90.jpg 90w, https:\/\/mouldking.store\/wp-content\/uploads\/2022\/11\/22014-1-fe5f.jpg 1920w\" sizes=\"(max-width: 1024px) 100vw, 1024px\" \/><figcaption id=\"caption-attachment-35493\" class=\"wp-caption-text\">Reobrix 22014 Drahtseilbagger Bagger mit 3170 Teilen<\/figcaption><\/figure>\n<figure id=\"attachment_35494\" aria-describedby=\"caption-attachment-35494\" style=\"width: 1024px\" class=\"wp-caption aligncenter\"><img decoding=\"async\" class=\"wp-image-35494 size-large\" src=\"https:\/\/mouldking.store\/wp-content\/uploads\/2022\/11\/22014-6-449d-1024x1024.jpg\" alt=\"Reobrix 22014 Wire Rope Shovel Excavator With 3170 Pieces\" width=\"1024\" height=\"1024\" title=\"-\" srcset=\"https:\/\/mouldking.store\/wp-content\/uploads\/2022\/11\/22014-6-449d-1024x1024.jpg 1024w, https:\/\/mouldking.store\/wp-content\/uploads\/2022\/11\/22014-6-449d-300x300.jpg 300w, https:\/\/mouldking.store\/wp-content\/uploads\/2022\/11\/22014-6-449d-768x768.jpg 768w, https:\/\/mouldking.store\/wp-content\/uploads\/2022\/11\/22014-6-449d-1536x1536.jpg 1536w, https:\/\/mouldking.store\/wp-content\/uploads\/2022\/11\/22014-6-449d-600x600.jpg 600w, https:\/\/mouldking.store\/wp-content\/uploads\/2022\/11\/22014-6-449d-150x150.jpg 150w, https:\/\/mouldking.store\/wp-content\/uploads\/2022\/11\/22014-6-449d-60x60.jpg 60w, https:\/\/mouldking.store\/wp-content\/uploads\/2022\/11\/22014-6-449d-90x90.jpg 90w, https:\/\/mouldking.store\/wp-content\/uploads\/2022\/11\/22014-6-449d.jpg 1920w\" sizes=\"(max-width: 1024px) 100vw, 1024px\" \/><figcaption id=\"caption-attachment-35494\" class=\"wp-caption-text\">Reobrix 22014 Drahtseilbagger Bagger mit 3170 Teilen<\/figcaption><\/figure>\n<figure id=\"attachment_35495\" aria-describedby=\"caption-attachment-35495\" style=\"width: 1024px\" class=\"wp-caption aligncenter\"><img decoding=\"async\" class=\"wp-image-35495 size-large\" src=\"https:\/\/mouldking.store\/wp-content\/uploads\/2022\/11\/22014-2-cc06-1024x1024.jpg\" alt=\"Reobrix 22014 Wire Rope Shovel Excavator With 3170 Pieces\" width=\"1024\" height=\"1024\" title=\"-\" srcset=\"https:\/\/mouldking.store\/wp-content\/uploads\/2022\/11\/22014-2-cc06-1024x1024.jpg 1024w, https:\/\/mouldking.store\/wp-content\/uploads\/2022\/11\/22014-2-cc06-300x300.jpg 300w, https:\/\/mouldking.store\/wp-content\/uploads\/2022\/11\/22014-2-cc06-768x768.jpg 768w, https:\/\/mouldking.store\/wp-content\/uploads\/2022\/11\/22014-2-cc06-1536x1536.jpg 1536w, https:\/\/mouldking.store\/wp-content\/uploads\/2022\/11\/22014-2-cc06-600x600.jpg 600w, https:\/\/mouldking.store\/wp-content\/uploads\/2022\/11\/22014-2-cc06-150x150.jpg 150w, https:\/\/mouldking.store\/wp-content\/uploads\/2022\/11\/22014-2-cc06-60x60.jpg 60w, https:\/\/mouldking.store\/wp-content\/uploads\/2022\/11\/22014-2-cc06-90x90.jpg 90w, https:\/\/mouldking.store\/wp-content\/uploads\/2022\/11\/22014-2-cc06.jpg 1920w\" sizes=\"(max-width: 1024px) 100vw, 1024px\" \/><figcaption id=\"caption-attachment-35495\" class=\"wp-caption-text\">Reobrix 22014 Drahtseilbagger Bagger mit 3170 Teilen<\/figcaption><\/figure>\n<figure id=\"attachment_35496\" aria-describedby=\"caption-attachment-35496\" style=\"width: 1024px\" class=\"wp-caption aligncenter\"><img loading=\"lazy\" decoding=\"async\" class=\"wp-image-35496 size-large\" src=\"https:\/\/mouldking.store\/wp-content\/uploads\/2022\/11\/22014-3-2329-1024x1024.jpg\" alt=\"Reobrix 22014 Wire Rope Shovel Excavator With 3170 Pieces\" width=\"1024\" height=\"1024\" title=\"-\" srcset=\"https:\/\/mouldking.store\/wp-content\/uploads\/2022\/11\/22014-3-2329-1024x1024.jpg 1024w, https:\/\/mouldking.store\/wp-content\/uploads\/2022\/11\/22014-3-2329-300x300.jpg 300w, https:\/\/mouldking.store\/wp-content\/uploads\/2022\/11\/22014-3-2329-768x768.jpg 768w, https:\/\/mouldking.store\/wp-content\/uploads\/2022\/11\/22014-3-2329-1536x1536.jpg 1536w, https:\/\/mouldking.store\/wp-content\/uploads\/2022\/11\/22014-3-2329-600x600.jpg 600w, https:\/\/mouldking.store\/wp-content\/uploads\/2022\/11\/22014-3-2329-150x150.jpg 150w, https:\/\/mouldking.store\/wp-content\/uploads\/2022\/11\/22014-3-2329-60x60.jpg 60w, https:\/\/mouldking.store\/wp-content\/uploads\/2022\/11\/22014-3-2329-90x90.jpg 90w, https:\/\/mouldking.store\/wp-content\/uploads\/2022\/11\/22014-3-2329.jpg 1920w\" sizes=\"(max-width: 1024px) 100vw, 1024px\" \/><figcaption id=\"caption-attachment-35496\" class=\"wp-caption-text\">Reobrix 22014 Drahtseilbagger Bagger mit 3170 Teilen<\/figcaption><\/figure>\n<figure id=\"attachment_35497\" aria-describedby=\"caption-attachment-35497\" style=\"width: 1024px\" class=\"wp-caption aligncenter\"><img loading=\"lazy\" decoding=\"async\" class=\"wp-image-35497 size-large\" src=\"https:\/\/mouldking.store\/wp-content\/uploads\/2022\/11\/22014-4-fd6d-1024x1024.jpg\" alt=\"Reobrix 22014 Wire Rope Shovel Excavator With 3170 Pieces\" width=\"1024\" height=\"1024\" title=\"-\" srcset=\"https:\/\/mouldking.store\/wp-content\/uploads\/2022\/11\/22014-4-fd6d-1024x1024.jpg 1024w, https:\/\/mouldking.store\/wp-content\/uploads\/2022\/11\/22014-4-fd6d-300x300.jpg 300w, https:\/\/mouldking.store\/wp-content\/uploads\/2022\/11\/22014-4-fd6d-768x768.jpg 768w, https:\/\/mouldking.store\/wp-content\/uploads\/2022\/11\/22014-4-fd6d-1536x1536.jpg 1536w, https:\/\/mouldking.store\/wp-content\/uploads\/2022\/11\/22014-4-fd6d-600x600.jpg 600w, https:\/\/mouldking.store\/wp-content\/uploads\/2022\/11\/22014-4-fd6d-150x150.jpg 150w, https:\/\/mouldking.store\/wp-content\/uploads\/2022\/11\/22014-4-fd6d-60x60.jpg 60w, https:\/\/mouldking.store\/wp-content\/uploads\/2022\/11\/22014-4-fd6d-90x90.jpg 90w, https:\/\/mouldking.store\/wp-content\/uploads\/2022\/11\/22014-4-fd6d.jpg 1920w\" sizes=\"(max-width: 1024px) 100vw, 1024px\" \/><figcaption id=\"caption-attachment-35497\" class=\"wp-caption-text\">Reobrix 22014 Drahtseilbagger Bagger mit 3170 Teilen<\/figcaption><\/figure>\n<figure id=\"attachment_35498\" aria-describedby=\"caption-attachment-35498\" style=\"width: 1024px\" class=\"wp-caption aligncenter\"><img loading=\"lazy\" decoding=\"async\" class=\"wp-image-35498 size-large\" src=\"https:\/\/mouldking.store\/wp-content\/uploads\/2022\/11\/22014-5-46b7-1024x1024.jpg\" alt=\"Reobrix 22014 Wire Rope Shovel Excavator With 3170 Pieces\" width=\"1024\" height=\"1024\" title=\"-\" srcset=\"https:\/\/mouldking.store\/wp-content\/uploads\/2022\/11\/22014-5-46b7-1024x1024.jpg 1024w, https:\/\/mouldking.store\/wp-content\/uploads\/2022\/11\/22014-5-46b7-300x300.jpg 300w, https:\/\/mouldking.store\/wp-content\/uploads\/2022\/11\/22014-5-46b7-768x768.jpg 768w, https:\/\/mouldking.store\/wp-content\/uploads\/2022\/11\/22014-5-46b7-1536x1536.jpg 1536w, https:\/\/mouldking.store\/wp-content\/uploads\/2022\/11\/22014-5-46b7-600x600.jpg 600w, https:\/\/mouldking.store\/wp-content\/uploads\/2022\/11\/22014-5-46b7-150x150.jpg 150w, https:\/\/mouldking.store\/wp-content\/uploads\/2022\/11\/22014-5-46b7-60x60.jpg 60w, https:\/\/mouldking.store\/wp-content\/uploads\/2022\/11\/22014-5-46b7-90x90.jpg 90w, https:\/\/mouldking.store\/wp-content\/uploads\/2022\/11\/22014-5-46b7.jpg 1920w\" sizes=\"(max-width: 1024px) 100vw, 1024px\" \/><figcaption id=\"caption-attachment-35498\" class=\"wp-caption-text\">Reobrix 22014 Drahtseilbagger Bagger mit 3170 Teilen<\/figcaption><\/figure>","protected":false},"excerpt":{"rendered":"<p>Product information: Brand: Reobrix Gender: Unisex Name: Wire Rope Shovel Excavator Age Range: &gt; 6 years old Model Number: 22014 Classification: Assemblage Plastic Block Shape: Self-Locking Bricks Material: Plastic Plastic Type: ABS Bricks Blocks:3170 PCS Size: 65.5 \u00d7 25 \u00d7 40.5 cm Contains detailed assembly instructions. Notice: 1. Without an original box, but we guarantee [&hellip;]<\/p>","protected":false},"featured_media":35493,"comment_status":"closed","ping_status":"closed","template":"","meta":{"_acf_changed":false},"product_cat":[1357],"product_tag":[7611,755,2669,7615,7616,7610,7613,7612,7614],"class_list":["product","first","instock","shipping-taxable","purchasable","product-type-simple"],"acf":[],"_links":{"self":[{"href":"https:\/\/mouldking.store\/de\/wp-json\/wp\/v2\/product\/35492","targetHints":{"allow":["GET"]}}],"collection":[{"href":"https:\/\/mouldking.store\/de\/wp-json\/wp\/v2\/product"}],"about":[{"href":"https:\/\/mouldking.store\/de\/wp-json\/wp\/v2\/types\/product"}],"replies":[{"embeddable":true,"href":"https:\/\/mouldking.store\/de\/wp-json\/wp\/v2\/comments?post=35492"}],"wp:featuredmedia":[{"embeddable":true,"href":"https:\/\/mouldking.store\/de\/wp-json\/wp\/v2\/media\/35493"}],"wp:attachment":[{"href":"https:\/\/mouldking.store\/de\/wp-json\/wp\/v2\/media?parent=35492"}],"wp:term":[{"taxonomy":"product_cat","embeddable":true,"href":"https:\/\/mouldking.store\/de\/wp-json\/wp\/v2\/product_cat?post=35492"},{"taxonomy":"product_tag","embeddable":true,"href":"https:\/\/mouldking.store\/de\/wp-json\/wp\/v2\/product_tag?post=35492"}],"curies":[{"name":"wp","href":"https:\/\/api.w.org\/{rel}","templated":true}]}}