{"id":35556,"date":"2022-11-21T15:13:37","date_gmt":"2022-11-21T08:13:37","guid":{"rendered":"https:\/\/mouldking.store\/?post_type=product&#038;p=35556"},"modified":"2022-11-21T15:13:37","modified_gmt":"2022-11-21T08:13:37","slug":"panlos-632017-tiger-hunting-heavy-armored-tank-jagdtiger-with-1967-pieces","status":"publish","type":"product","link":"https:\/\/mouldking.store\/de\/shop\/panlos-632017-tiger-hunting-heavy-armored-tank-jagdtiger-with-1967-pieces\/","title":{"rendered":"PANLOS 632017 Tiger Hunting Heavy Armored Tank Jagdtiger mit 1967 St\u00fcck"},"content":{"rendered":"<p>Produktinformation:<\/p>\n<ol>\n<li>Marke: PANLOS<\/li>\n<li>Geschlecht: Unisex<\/li>\n<li>Name: Tiger Hunting Heavy Armored Tank Jagdtiger<\/li>\n<li>Altersspanne: &gt; 6 Jahre alt<\/li>\n<li>Model Number: 632017<\/li>\n<li>Einstufung: Assemblage<\/li>\n<li>Kunststoffblockform: Selbstsichernde Steine<\/li>\n<li>Material: Kunststoff<\/li>\n<li>Kunststofftyp: ABS<\/li>\n<li>Bricks Blocks:1967 PCS<\/li>\n<li>Size: 37 \u00d7 14 \u00d7 14 cm<\/li>\n<li>Enth\u00e4lt eine ausf\u00fchrliche Montageanleitung.<\/li>\n<\/ol>\n<p>Notiz:<br \/>\n1. Ohne Originalverpackung, aber wir garantieren, dass unsere Produkte eine Qualit\u00e4tssicherung und eine sch\u00f6ne Verpackung haben.<br \/>\n2. Wie alle Teile, die wir vor dem Versand \u00fcberpr\u00fcft haben, machen Sie sich keine Sorgen, wenn Sie feststellen, dass einige Teile fehlen oder besch\u00e4digt sind, und kontaktieren Sie uns einfach, und wir k\u00f6nnen sie Ihnen umgehend kostenlos erneut zusenden.<\/p>\n<figure id=\"attachment_35557\" aria-describedby=\"caption-attachment-35557\" style=\"width: 768px\" class=\"wp-caption aligncenter\"><img fetchpriority=\"high\" decoding=\"async\" class=\"wp-image-35557 size-full\" src=\"https:\/\/mouldking.store\/wp-content\/uploads\/2022\/11\/PANLOS-632017-6.jpg\" alt=\"PANLOS 632017 Tiger Hunting Heavy Armored Tank Jagdtiger With 1967 Pieces\" width=\"768\" height=\"768\" title=\"-\" srcset=\"https:\/\/mouldking.store\/wp-content\/uploads\/2022\/11\/PANLOS-632017-6.jpg 768w, https:\/\/mouldking.store\/wp-content\/uploads\/2022\/11\/PANLOS-632017-6-300x300.jpg 300w, https:\/\/mouldking.store\/wp-content\/uploads\/2022\/11\/PANLOS-632017-6-600x600.jpg 600w, https:\/\/mouldking.store\/wp-content\/uploads\/2022\/11\/PANLOS-632017-6-150x150.jpg 150w, https:\/\/mouldking.store\/wp-content\/uploads\/2022\/11\/PANLOS-632017-6-60x60.jpg 60w, https:\/\/mouldking.store\/wp-content\/uploads\/2022\/11\/PANLOS-632017-6-90x90.jpg 90w\" sizes=\"(max-width: 768px) 100vw, 768px\" \/><figcaption id=\"caption-attachment-35557\" class=\"wp-caption-text\">PANLOS 632017 Tiger Hunting Heavy Armored Tank Jagdtiger mit 1967 St\u00fcck<\/figcaption><\/figure>\n<figure id=\"attachment_35558\" aria-describedby=\"caption-attachment-35558\" style=\"width: 768px\" class=\"wp-caption aligncenter\"><img decoding=\"async\" class=\"wp-image-35558 size-full\" src=\"https:\/\/mouldking.store\/wp-content\/uploads\/2022\/11\/PANLOS-632017-5.jpg\" alt=\"PANLOS 632017 Tiger Hunting Heavy Armored Tank Jagdtiger With 1967 Pieces\" width=\"768\" height=\"768\" title=\"-\" srcset=\"https:\/\/mouldking.store\/wp-content\/uploads\/2022\/11\/PANLOS-632017-5.jpg 768w, https:\/\/mouldking.store\/wp-content\/uploads\/2022\/11\/PANLOS-632017-5-300x300.jpg 300w, https:\/\/mouldking.store\/wp-content\/uploads\/2022\/11\/PANLOS-632017-5-600x600.jpg 600w, https:\/\/mouldking.store\/wp-content\/uploads\/2022\/11\/PANLOS-632017-5-150x150.jpg 150w, https:\/\/mouldking.store\/wp-content\/uploads\/2022\/11\/PANLOS-632017-5-60x60.jpg 60w, https:\/\/mouldking.store\/wp-content\/uploads\/2022\/11\/PANLOS-632017-5-90x90.jpg 90w\" sizes=\"(max-width: 768px) 100vw, 768px\" \/><figcaption id=\"caption-attachment-35558\" class=\"wp-caption-text\">PANLOS 632017 Tiger Hunting Heavy Armored Tank Jagdtiger mit 1967 St\u00fcck<\/figcaption><\/figure>\n<figure id=\"attachment_35559\" aria-describedby=\"caption-attachment-35559\" style=\"width: 1024px\" class=\"wp-caption aligncenter\"><img decoding=\"async\" class=\"wp-image-35559 size-full\" src=\"https:\/\/mouldking.store\/wp-content\/uploads\/2022\/11\/PANLOS-632017-4.jpg\" alt=\"PANLOS 632017 Tiger Hunting Heavy Armored Tank Jagdtiger With 1967 Pieces\" width=\"1024\" height=\"786\" title=\"-\" srcset=\"https:\/\/mouldking.store\/wp-content\/uploads\/2022\/11\/PANLOS-632017-4.jpg 1024w, https:\/\/mouldking.store\/wp-content\/uploads\/2022\/11\/PANLOS-632017-4-300x230.jpg 300w, https:\/\/mouldking.store\/wp-content\/uploads\/2022\/11\/PANLOS-632017-4-768x590.jpg 768w, https:\/\/mouldking.store\/wp-content\/uploads\/2022\/11\/PANLOS-632017-4-600x461.jpg 600w, https:\/\/mouldking.store\/wp-content\/uploads\/2022\/11\/PANLOS-632017-4-150x115.jpg 150w, https:\/\/mouldking.store\/wp-content\/uploads\/2022\/11\/PANLOS-632017-4-78x60.jpg 78w, https:\/\/mouldking.store\/wp-content\/uploads\/2022\/11\/PANLOS-632017-4-117x90.jpg 117w\" sizes=\"(max-width: 1024px) 100vw, 1024px\" \/><figcaption id=\"caption-attachment-35559\" class=\"wp-caption-text\">PANLOS 632017 Tiger Hunting Heavy Armored Tank Jagdtiger mit 1967 St\u00fcck<\/figcaption><\/figure>\n<figure id=\"attachment_35560\" aria-describedby=\"caption-attachment-35560\" style=\"width: 1024px\" class=\"wp-caption aligncenter\"><img loading=\"lazy\" decoding=\"async\" class=\"wp-image-35560 size-full\" src=\"https:\/\/mouldking.store\/wp-content\/uploads\/2022\/11\/PANLOS-632017-3.jpg\" alt=\"PANLOS 632017 Tiger Hunting Heavy Armored Tank Jagdtiger With 1967 Pieces\" width=\"1024\" height=\"922\" title=\"-\" srcset=\"https:\/\/mouldking.store\/wp-content\/uploads\/2022\/11\/PANLOS-632017-3.jpg 1024w, https:\/\/mouldking.store\/wp-content\/uploads\/2022\/11\/PANLOS-632017-3-300x270.jpg 300w, https:\/\/mouldking.store\/wp-content\/uploads\/2022\/11\/PANLOS-632017-3-768x692.jpg 768w, https:\/\/mouldking.store\/wp-content\/uploads\/2022\/11\/PANLOS-632017-3-600x540.jpg 600w, https:\/\/mouldking.store\/wp-content\/uploads\/2022\/11\/PANLOS-632017-3-150x135.jpg 150w, https:\/\/mouldking.store\/wp-content\/uploads\/2022\/11\/PANLOS-632017-3-67x60.jpg 67w, https:\/\/mouldking.store\/wp-content\/uploads\/2022\/11\/PANLOS-632017-3-100x90.jpg 100w\" sizes=\"(max-width: 1024px) 100vw, 1024px\" \/><figcaption id=\"caption-attachment-35560\" class=\"wp-caption-text\">PANLOS 632017 Tiger Hunting Heavy Armored Tank Jagdtiger mit 1967 St\u00fcck<\/figcaption><\/figure>\n<figure id=\"attachment_35561\" aria-describedby=\"caption-attachment-35561\" style=\"width: 603px\" class=\"wp-caption aligncenter\"><img loading=\"lazy\" decoding=\"async\" class=\"wp-image-35561 size-full\" src=\"https:\/\/mouldking.store\/wp-content\/uploads\/2022\/11\/PANLOS-632017-2.jpg\" alt=\"PANLOS 632017 Tiger Hunting Heavy Armored Tank Jagdtiger With 1967 Pieces\" width=\"603\" height=\"586\" title=\"-\" srcset=\"https:\/\/mouldking.store\/wp-content\/uploads\/2022\/11\/PANLOS-632017-2.jpg 603w, https:\/\/mouldking.store\/wp-content\/uploads\/2022\/11\/PANLOS-632017-2-300x292.jpg 300w, https:\/\/mouldking.store\/wp-content\/uploads\/2022\/11\/PANLOS-632017-2-600x583.jpg 600w, https:\/\/mouldking.store\/wp-content\/uploads\/2022\/11\/PANLOS-632017-2-150x146.jpg 150w, https:\/\/mouldking.store\/wp-content\/uploads\/2022\/11\/PANLOS-632017-2-62x60.jpg 62w, https:\/\/mouldking.store\/wp-content\/uploads\/2022\/11\/PANLOS-632017-2-93x90.jpg 93w\" sizes=\"(max-width: 603px) 100vw, 603px\" \/><figcaption id=\"caption-attachment-35561\" class=\"wp-caption-text\">PANLOS 632017 Tiger Hunting Heavy Armored Tank Jagdtiger mit 1967 St\u00fcck<\/figcaption><\/figure>\n<figure id=\"attachment_35562\" aria-describedby=\"caption-attachment-35562\" style=\"width: 1024px\" class=\"wp-caption aligncenter\"><img loading=\"lazy\" decoding=\"async\" class=\"wp-image-35562 size-full\" src=\"https:\/\/mouldking.store\/wp-content\/uploads\/2022\/11\/PANLOS-632017-1.jpg\" alt=\"PANLOS 632017 Tiger Hunting Heavy Armored Tank Jagdtiger With 1967 Pieces\" width=\"1024\" height=\"762\" title=\"-\" srcset=\"https:\/\/mouldking.store\/wp-content\/uploads\/2022\/11\/PANLOS-632017-1.jpg 1024w, https:\/\/mouldking.store\/wp-content\/uploads\/2022\/11\/PANLOS-632017-1-300x223.jpg 300w, https:\/\/mouldking.store\/wp-content\/uploads\/2022\/11\/PANLOS-632017-1-768x572.jpg 768w, https:\/\/mouldking.store\/wp-content\/uploads\/2022\/11\/PANLOS-632017-1-600x446.jpg 600w, https:\/\/mouldking.store\/wp-content\/uploads\/2022\/11\/PANLOS-632017-1-150x112.jpg 150w, https:\/\/mouldking.store\/wp-content\/uploads\/2022\/11\/PANLOS-632017-1-81x60.jpg 81w, https:\/\/mouldking.store\/wp-content\/uploads\/2022\/11\/PANLOS-632017-1-121x90.jpg 121w\" sizes=\"(max-width: 1024px) 100vw, 1024px\" \/><figcaption id=\"caption-attachment-35562\" class=\"wp-caption-text\">PANLOS 632017 Tiger Hunting Heavy Armored Tank Jagdtiger mit 1967 St\u00fcck<\/figcaption><\/figure>","protected":false},"excerpt":{"rendered":"<p>Keine Minifiguren<\/p>","protected":false},"featured_media":35557,"comment_status":"closed","ping_status":"closed","template":"","meta":{"_acf_changed":false},"product_cat":[1350],"product_tag":[7671,7673,7674,1851,7676,7677,7670,485,7672,7675],"class_list":["product","first","instock","shipping-taxable","purchasable","product-type-variable"],"acf":[],"_links":{"self":[{"href":"https:\/\/mouldking.store\/de\/wp-json\/wp\/v2\/product\/35556","targetHints":{"allow":["GET"]}}],"collection":[{"href":"https:\/\/mouldking.store\/de\/wp-json\/wp\/v2\/product"}],"about":[{"href":"https:\/\/mouldking.store\/de\/wp-json\/wp\/v2\/types\/product"}],"replies":[{"embeddable":true,"href":"https:\/\/mouldking.store\/de\/wp-json\/wp\/v2\/comments?post=35556"}],"wp:featuredmedia":[{"embeddable":true,"href":"https:\/\/mouldking.store\/de\/wp-json\/wp\/v2\/media\/35557"}],"wp:attachment":[{"href":"https:\/\/mouldking.store\/de\/wp-json\/wp\/v2\/media?parent=35556"}],"wp:term":[{"taxonomy":"product_cat","embeddable":true,"href":"https:\/\/mouldking.store\/de\/wp-json\/wp\/v2\/product_cat?post=35556"},{"taxonomy":"product_tag","embeddable":true,"href":"https:\/\/mouldking.store\/de\/wp-json\/wp\/v2\/product_tag?post=35556"}],"curies":[{"name":"wp","href":"https:\/\/api.w.org\/{rel}","templated":true}]}}