{"id":35573,"date":"2022-11-21T15:30:16","date_gmt":"2022-11-21T08:30:16","guid":{"rendered":"https:\/\/mouldking.store\/?post_type=product&#038;p=35573"},"modified":"2022-11-21T15:30:16","modified_gmt":"2022-11-21T08:30:16","slug":"sluban-m38-b1118-great-white-shark-with-592-pieces","status":"publish","type":"product","link":"https:\/\/mouldking.store\/de\/shop\/sluban-m38-b1118-great-white-shark-with-592-pieces\/","title":{"rendered":"SLUBAN M38-B1118 Wei\u00dfer Hai mit 592 St\u00fcck"},"content":{"rendered":"<p>Produktinformation:<\/p>\n<ol>\n<li>Marke: SLUBAN<\/li>\n<li>Geschlecht: Unisex<\/li>\n<li>Name: Wei\u00dfer Hai<\/li>\n<li>Altersspanne: &gt; 6 Jahre alt<\/li>\n<li>Modellnummer: M38-B1118<\/li>\n<li>Einstufung: Assemblage<\/li>\n<li>Kunststoffblockform: Selbstsichernde Steine<\/li>\n<li>Material: Kunststoff<\/li>\n<li>Kunststofftyp: ABS<\/li>\n<li>Ziegelsteine: 592 St\u00fcck<\/li>\n<li>Gr\u00f6\u00dfe: 27,4 cm<\/li>\n<li>Enth\u00e4lt eine ausf\u00fchrliche Montageanleitung.<\/li>\n<\/ol>\n<p>Notiz:<br \/>\n1. Ohne Originalverpackung, aber wir garantieren, dass unsere Produkte eine Qualit\u00e4tssicherung und eine sch\u00f6ne Verpackung haben.<br \/>\n2. Wie alle Teile, die wir vor dem Versand \u00fcberpr\u00fcft haben, machen Sie sich keine Sorgen, wenn Sie feststellen, dass einige Teile fehlen oder besch\u00e4digt sind, und kontaktieren Sie uns einfach, und wir k\u00f6nnen sie Ihnen umgehend kostenlos erneut zusenden.<\/p>\n<figure id=\"attachment_35574\" aria-describedby=\"caption-attachment-35574\" style=\"width: 768px\" class=\"wp-caption aligncenter\"><img fetchpriority=\"high\" decoding=\"async\" class=\"wp-image-35574 size-full\" src=\"https:\/\/mouldking.store\/wp-content\/uploads\/2022\/11\/SLUBAN-M38-B1118-7.jpg\" alt=\"SLUBAN M38-B1118 Great White Shark With 592 Pieces\" width=\"768\" height=\"768\" title=\"-\" srcset=\"https:\/\/mouldking.store\/wp-content\/uploads\/2022\/11\/SLUBAN-M38-B1118-7.jpg 768w, https:\/\/mouldking.store\/wp-content\/uploads\/2022\/11\/SLUBAN-M38-B1118-7-300x300.jpg 300w, https:\/\/mouldking.store\/wp-content\/uploads\/2022\/11\/SLUBAN-M38-B1118-7-600x600.jpg 600w, https:\/\/mouldking.store\/wp-content\/uploads\/2022\/11\/SLUBAN-M38-B1118-7-150x150.jpg 150w, https:\/\/mouldking.store\/wp-content\/uploads\/2022\/11\/SLUBAN-M38-B1118-7-60x60.jpg 60w, https:\/\/mouldking.store\/wp-content\/uploads\/2022\/11\/SLUBAN-M38-B1118-7-90x90.jpg 90w\" sizes=\"(max-width: 768px) 100vw, 768px\" \/><figcaption id=\"caption-attachment-35574\" class=\"wp-caption-text\">SLUBAN M38-B1118 Wei\u00dfer Hai mit 592 St\u00fcck<\/figcaption><\/figure>\n<figure id=\"attachment_35575\" aria-describedby=\"caption-attachment-35575\" style=\"width: 768px\" class=\"wp-caption aligncenter\"><img decoding=\"async\" class=\"wp-image-35575 size-full\" src=\"https:\/\/mouldking.store\/wp-content\/uploads\/2022\/11\/SLUBAN-M38-B1118-6.jpg\" alt=\"SLUBAN M38-B1118 Great White Shark With 592 Pieces\" width=\"768\" height=\"768\" title=\"-\" srcset=\"https:\/\/mouldking.store\/wp-content\/uploads\/2022\/11\/SLUBAN-M38-B1118-6.jpg 768w, https:\/\/mouldking.store\/wp-content\/uploads\/2022\/11\/SLUBAN-M38-B1118-6-300x300.jpg 300w, https:\/\/mouldking.store\/wp-content\/uploads\/2022\/11\/SLUBAN-M38-B1118-6-600x600.jpg 600w, https:\/\/mouldking.store\/wp-content\/uploads\/2022\/11\/SLUBAN-M38-B1118-6-150x150.jpg 150w, https:\/\/mouldking.store\/wp-content\/uploads\/2022\/11\/SLUBAN-M38-B1118-6-60x60.jpg 60w, https:\/\/mouldking.store\/wp-content\/uploads\/2022\/11\/SLUBAN-M38-B1118-6-90x90.jpg 90w\" sizes=\"(max-width: 768px) 100vw, 768px\" \/><figcaption id=\"caption-attachment-35575\" class=\"wp-caption-text\">SLUBAN M38-B1118 Wei\u00dfer Hai mit 592 St\u00fcck<\/figcaption><\/figure>\n<figure id=\"attachment_35576\" aria-describedby=\"caption-attachment-35576\" style=\"width: 768px\" class=\"wp-caption aligncenter\"><img decoding=\"async\" class=\"wp-image-35576 size-full\" src=\"https:\/\/mouldking.store\/wp-content\/uploads\/2022\/11\/SLUBAN-M38-B1118-5.jpg\" alt=\"SLUBAN M38-B1118 Great White Shark With 592 Pieces\" width=\"768\" height=\"768\" title=\"-\" srcset=\"https:\/\/mouldking.store\/wp-content\/uploads\/2022\/11\/SLUBAN-M38-B1118-5.jpg 768w, https:\/\/mouldking.store\/wp-content\/uploads\/2022\/11\/SLUBAN-M38-B1118-5-300x300.jpg 300w, https:\/\/mouldking.store\/wp-content\/uploads\/2022\/11\/SLUBAN-M38-B1118-5-600x600.jpg 600w, https:\/\/mouldking.store\/wp-content\/uploads\/2022\/11\/SLUBAN-M38-B1118-5-150x150.jpg 150w, https:\/\/mouldking.store\/wp-content\/uploads\/2022\/11\/SLUBAN-M38-B1118-5-60x60.jpg 60w, https:\/\/mouldking.store\/wp-content\/uploads\/2022\/11\/SLUBAN-M38-B1118-5-90x90.jpg 90w\" sizes=\"(max-width: 768px) 100vw, 768px\" \/><figcaption id=\"caption-attachment-35576\" class=\"wp-caption-text\">SLUBAN M38-B1118 Wei\u00dfer Hai mit 592 St\u00fcck<\/figcaption><\/figure>\n<figure id=\"attachment_35577\" aria-describedby=\"caption-attachment-35577\" style=\"width: 768px\" class=\"wp-caption aligncenter\"><img loading=\"lazy\" decoding=\"async\" class=\"wp-image-35577 size-full\" src=\"https:\/\/mouldking.store\/wp-content\/uploads\/2022\/11\/SLUBAN-M38-B1118-4.jpg\" alt=\"SLUBAN M38-B1118 Great White Shark With 592 Pieces\" width=\"768\" height=\"768\" title=\"-\" srcset=\"https:\/\/mouldking.store\/wp-content\/uploads\/2022\/11\/SLUBAN-M38-B1118-4.jpg 768w, https:\/\/mouldking.store\/wp-content\/uploads\/2022\/11\/SLUBAN-M38-B1118-4-300x300.jpg 300w, https:\/\/mouldking.store\/wp-content\/uploads\/2022\/11\/SLUBAN-M38-B1118-4-600x600.jpg 600w, https:\/\/mouldking.store\/wp-content\/uploads\/2022\/11\/SLUBAN-M38-B1118-4-150x150.jpg 150w, https:\/\/mouldking.store\/wp-content\/uploads\/2022\/11\/SLUBAN-M38-B1118-4-60x60.jpg 60w, https:\/\/mouldking.store\/wp-content\/uploads\/2022\/11\/SLUBAN-M38-B1118-4-90x90.jpg 90w\" sizes=\"(max-width: 768px) 100vw, 768px\" \/><figcaption id=\"caption-attachment-35577\" class=\"wp-caption-text\">SLUBAN M38-B1118 Wei\u00dfer Hai mit 592 St\u00fcck<\/figcaption><\/figure>\n<figure id=\"attachment_35578\" aria-describedby=\"caption-attachment-35578\" style=\"width: 691px\" class=\"wp-caption aligncenter\"><img loading=\"lazy\" decoding=\"async\" class=\"wp-image-35578 size-full\" src=\"https:\/\/mouldking.store\/wp-content\/uploads\/2022\/11\/SLUBAN-M38-B1118-3.jpg\" alt=\"SLUBAN M38-B1118 Great White Shark With 592 Pieces\" width=\"691\" height=\"1024\" title=\"-\" srcset=\"https:\/\/mouldking.store\/wp-content\/uploads\/2022\/11\/SLUBAN-M38-B1118-3.jpg 691w, https:\/\/mouldking.store\/wp-content\/uploads\/2022\/11\/SLUBAN-M38-B1118-3-202x300.jpg 202w, https:\/\/mouldking.store\/wp-content\/uploads\/2022\/11\/SLUBAN-M38-B1118-3-300x445.jpg 300w, https:\/\/mouldking.store\/wp-content\/uploads\/2022\/11\/SLUBAN-M38-B1118-3-600x889.jpg 600w, https:\/\/mouldking.store\/wp-content\/uploads\/2022\/11\/SLUBAN-M38-B1118-3-101x150.jpg 101w, https:\/\/mouldking.store\/wp-content\/uploads\/2022\/11\/SLUBAN-M38-B1118-3-40x60.jpg 40w, https:\/\/mouldking.store\/wp-content\/uploads\/2022\/11\/SLUBAN-M38-B1118-3-61x90.jpg 61w\" sizes=\"(max-width: 691px) 100vw, 691px\" \/><figcaption id=\"caption-attachment-35578\" class=\"wp-caption-text\">SLUBAN M38-B1118 Wei\u00dfer Hai mit 592 St\u00fcck<\/figcaption><\/figure>\n<figure id=\"attachment_35579\" aria-describedby=\"caption-attachment-35579\" style=\"width: 600px\" class=\"wp-caption aligncenter\"><img loading=\"lazy\" decoding=\"async\" class=\"wp-image-35579 size-full\" src=\"https:\/\/mouldking.store\/wp-content\/uploads\/2022\/11\/SLUBAN-M38-B1118-2.jpg\" alt=\"SLUBAN M38-B1118 Great White Shark With 592 Pieces\" width=\"600\" height=\"927\" title=\"-\" srcset=\"https:\/\/mouldking.store\/wp-content\/uploads\/2022\/11\/SLUBAN-M38-B1118-2.jpg 600w, https:\/\/mouldking.store\/wp-content\/uploads\/2022\/11\/SLUBAN-M38-B1118-2-194x300.jpg 194w, https:\/\/mouldking.store\/wp-content\/uploads\/2022\/11\/SLUBAN-M38-B1118-2-300x464.jpg 300w, https:\/\/mouldking.store\/wp-content\/uploads\/2022\/11\/SLUBAN-M38-B1118-2-97x150.jpg 97w, https:\/\/mouldking.store\/wp-content\/uploads\/2022\/11\/SLUBAN-M38-B1118-2-39x60.jpg 39w, https:\/\/mouldking.store\/wp-content\/uploads\/2022\/11\/SLUBAN-M38-B1118-2-58x90.jpg 58w\" sizes=\"(max-width: 600px) 100vw, 600px\" \/><figcaption id=\"caption-attachment-35579\" class=\"wp-caption-text\">SLUBAN M38-B1118 Wei\u00dfer Hai mit 592 St\u00fcck<\/figcaption><\/figure>\n<figure id=\"attachment_35580\" aria-describedby=\"caption-attachment-35580\" style=\"width: 1024px\" class=\"wp-caption aligncenter\"><img loading=\"lazy\" decoding=\"async\" class=\"wp-image-35580 size-full\" src=\"https:\/\/mouldking.store\/wp-content\/uploads\/2022\/11\/SLUBAN-M38-B1118-1.jpg\" alt=\"SLUBAN M38-B1118 Great White Shark With 592 Pieces\" width=\"1024\" height=\"852\" title=\"-\" srcset=\"https:\/\/mouldking.store\/wp-content\/uploads\/2022\/11\/SLUBAN-M38-B1118-1.jpg 1024w, https:\/\/mouldking.store\/wp-content\/uploads\/2022\/11\/SLUBAN-M38-B1118-1-300x250.jpg 300w, https:\/\/mouldking.store\/wp-content\/uploads\/2022\/11\/SLUBAN-M38-B1118-1-768x639.jpg 768w, https:\/\/mouldking.store\/wp-content\/uploads\/2022\/11\/SLUBAN-M38-B1118-1-600x499.jpg 600w, https:\/\/mouldking.store\/wp-content\/uploads\/2022\/11\/SLUBAN-M38-B1118-1-150x125.jpg 150w, https:\/\/mouldking.store\/wp-content\/uploads\/2022\/11\/SLUBAN-M38-B1118-1-72x60.jpg 72w, https:\/\/mouldking.store\/wp-content\/uploads\/2022\/11\/SLUBAN-M38-B1118-1-108x90.jpg 108w\" sizes=\"(max-width: 1024px) 100vw, 1024px\" \/><figcaption id=\"caption-attachment-35580\" class=\"wp-caption-text\">SLUBAN M38-B1118 Wei\u00dfer Hai mit 592 St\u00fcck<\/figcaption><\/figure>","protected":false},"excerpt":{"rendered":"<p>Keine Minifiguren<\/p>","protected":false},"featured_media":35574,"comment_status":"closed","ping_status":"closed","template":"","meta":{"_acf_changed":false},"product_cat":[1365],"product_tag":[5968,7691,7517,7693,7694,7690,7692],"class_list":["product","first","instock","shipping-taxable","purchasable","product-type-simple"],"acf":[],"_links":{"self":[{"href":"https:\/\/mouldking.store\/de\/wp-json\/wp\/v2\/product\/35573","targetHints":{"allow":["GET"]}}],"collection":[{"href":"https:\/\/mouldking.store\/de\/wp-json\/wp\/v2\/product"}],"about":[{"href":"https:\/\/mouldking.store\/de\/wp-json\/wp\/v2\/types\/product"}],"replies":[{"embeddable":true,"href":"https:\/\/mouldking.store\/de\/wp-json\/wp\/v2\/comments?post=35573"}],"wp:featuredmedia":[{"embeddable":true,"href":"https:\/\/mouldking.store\/de\/wp-json\/wp\/v2\/media\/35574"}],"wp:attachment":[{"href":"https:\/\/mouldking.store\/de\/wp-json\/wp\/v2\/media?parent=35573"}],"wp:term":[{"taxonomy":"product_cat","embeddable":true,"href":"https:\/\/mouldking.store\/de\/wp-json\/wp\/v2\/product_cat?post=35573"},{"taxonomy":"product_tag","embeddable":true,"href":"https:\/\/mouldking.store\/de\/wp-json\/wp\/v2\/product_tag?post=35573"}],"curies":[{"name":"wp","href":"https:\/\/api.w.org\/{rel}","templated":true}]}}