{"id":35581,"date":"2022-11-21T15:37:43","date_gmt":"2022-11-21T08:37:43","guid":{"rendered":"https:\/\/mouldking.store\/?post_type=product&#038;p=35581"},"modified":"2022-11-21T15:37:44","modified_gmt":"2022-11-21T08:37:44","slug":"sluban-m38-b1119-fishing-boat-with-610-pieces","status":"publish","type":"product","link":"https:\/\/mouldking.store\/de\/shop\/sluban-m38-b1119-fishing-boat-with-610-pieces\/","title":{"rendered":"SLUBAN M38-B1119 Fischerboot mit 610 St\u00fcck"},"content":{"rendered":"<p>Produktinformation:<\/p>\n<ol>\n<li>Marke: SLUBAN<\/li>\n<li>Geschlecht: Unisex<\/li>\n<li>Name: Fischerboot<\/li>\n<li>Altersspanne: &gt; 6 Jahre alt<\/li>\n<li>Modellnummer: M38-B1119<\/li>\n<li>Einstufung: Assemblage<\/li>\n<li>Kunststoffblockform: Selbstsichernde Steine<\/li>\n<li>Material: Kunststoff<\/li>\n<li>Kunststofftyp: ABS<\/li>\n<li>Ziegelsteine: 610 St\u00fcck<\/li>\n<li>Gr\u00f6\u00dfe: 26,8 cm<\/li>\n<li>Enth\u00e4lt eine ausf\u00fchrliche Montageanleitung.<\/li>\n<\/ol>\n<p>Notiz:<br \/>\n1. Ohne Originalverpackung, aber wir garantieren, dass unsere Produkte eine Qualit\u00e4tssicherung und eine sch\u00f6ne Verpackung haben.<br \/>\n2. Wie alle Teile, die wir vor dem Versand \u00fcberpr\u00fcft haben, machen Sie sich keine Sorgen, wenn Sie feststellen, dass einige Teile fehlen oder besch\u00e4digt sind, und kontaktieren Sie uns einfach, und wir k\u00f6nnen sie Ihnen umgehend kostenlos erneut zusenden.<\/p>\n<figure id=\"attachment_35582\" aria-describedby=\"caption-attachment-35582\" style=\"width: 768px\" class=\"wp-caption aligncenter\"><img fetchpriority=\"high\" decoding=\"async\" class=\"wp-image-35582 size-full\" src=\"https:\/\/mouldking.store\/wp-content\/uploads\/2022\/11\/SLUBAN-M38-B1119-6.jpg\" alt=\"SLUBAN M38-B1119 Fishing Boat With 610 Pieces\" width=\"768\" height=\"768\" title=\"-\" srcset=\"https:\/\/mouldking.store\/wp-content\/uploads\/2022\/11\/SLUBAN-M38-B1119-6.jpg 768w, https:\/\/mouldking.store\/wp-content\/uploads\/2022\/11\/SLUBAN-M38-B1119-6-300x300.jpg 300w, https:\/\/mouldking.store\/wp-content\/uploads\/2022\/11\/SLUBAN-M38-B1119-6-600x600.jpg 600w, https:\/\/mouldking.store\/wp-content\/uploads\/2022\/11\/SLUBAN-M38-B1119-6-150x150.jpg 150w, https:\/\/mouldking.store\/wp-content\/uploads\/2022\/11\/SLUBAN-M38-B1119-6-60x60.jpg 60w, https:\/\/mouldking.store\/wp-content\/uploads\/2022\/11\/SLUBAN-M38-B1119-6-90x90.jpg 90w\" sizes=\"(max-width: 768px) 100vw, 768px\" \/><figcaption id=\"caption-attachment-35582\" class=\"wp-caption-text\">SLUBAN M38-B1119 Fischerboot mit 610 St\u00fcck<\/figcaption><\/figure>\n<figure id=\"attachment_35583\" aria-describedby=\"caption-attachment-35583\" style=\"width: 768px\" class=\"wp-caption aligncenter\"><img decoding=\"async\" class=\"wp-image-35583 size-full\" src=\"https:\/\/mouldking.store\/wp-content\/uploads\/2022\/11\/SLUBAN-M38-B1119-5.jpg\" alt=\"SLUBAN M38-B1119 Fishing Boat With 610 Pieces\" width=\"768\" height=\"768\" title=\"-\" srcset=\"https:\/\/mouldking.store\/wp-content\/uploads\/2022\/11\/SLUBAN-M38-B1119-5.jpg 768w, https:\/\/mouldking.store\/wp-content\/uploads\/2022\/11\/SLUBAN-M38-B1119-5-300x300.jpg 300w, https:\/\/mouldking.store\/wp-content\/uploads\/2022\/11\/SLUBAN-M38-B1119-5-600x600.jpg 600w, https:\/\/mouldking.store\/wp-content\/uploads\/2022\/11\/SLUBAN-M38-B1119-5-150x150.jpg 150w, https:\/\/mouldking.store\/wp-content\/uploads\/2022\/11\/SLUBAN-M38-B1119-5-60x60.jpg 60w, https:\/\/mouldking.store\/wp-content\/uploads\/2022\/11\/SLUBAN-M38-B1119-5-90x90.jpg 90w\" sizes=\"(max-width: 768px) 100vw, 768px\" \/><figcaption id=\"caption-attachment-35583\" class=\"wp-caption-text\">SLUBAN M38-B1119 Fischerboot mit 610 St\u00fcck<\/figcaption><\/figure>\n<figure id=\"attachment_35584\" aria-describedby=\"caption-attachment-35584\" style=\"width: 768px\" class=\"wp-caption aligncenter\"><img decoding=\"async\" class=\"wp-image-35584 size-full\" src=\"https:\/\/mouldking.store\/wp-content\/uploads\/2022\/11\/SLUBAN-M38-B1119-4.jpg\" alt=\"SLUBAN M38-B1119 Fishing Boat With 610 Pieces\" width=\"768\" height=\"768\" title=\"-\" srcset=\"https:\/\/mouldking.store\/wp-content\/uploads\/2022\/11\/SLUBAN-M38-B1119-4.jpg 768w, https:\/\/mouldking.store\/wp-content\/uploads\/2022\/11\/SLUBAN-M38-B1119-4-300x300.jpg 300w, https:\/\/mouldking.store\/wp-content\/uploads\/2022\/11\/SLUBAN-M38-B1119-4-600x600.jpg 600w, https:\/\/mouldking.store\/wp-content\/uploads\/2022\/11\/SLUBAN-M38-B1119-4-150x150.jpg 150w, https:\/\/mouldking.store\/wp-content\/uploads\/2022\/11\/SLUBAN-M38-B1119-4-60x60.jpg 60w, https:\/\/mouldking.store\/wp-content\/uploads\/2022\/11\/SLUBAN-M38-B1119-4-90x90.jpg 90w\" sizes=\"(max-width: 768px) 100vw, 768px\" \/><figcaption id=\"caption-attachment-35584\" class=\"wp-caption-text\">SLUBAN M38-B1119 Fischerboot mit 610 St\u00fcck<\/figcaption><\/figure>\n<figure id=\"attachment_35585\" aria-describedby=\"caption-attachment-35585\" style=\"width: 680px\" class=\"wp-caption aligncenter\"><img loading=\"lazy\" decoding=\"async\" class=\"wp-image-35585 size-full\" src=\"https:\/\/mouldking.store\/wp-content\/uploads\/2022\/11\/SLUBAN-M38-B1119-3.jpg\" alt=\"SLUBAN M38-B1119 Fishing Boat With 610 Pieces\" width=\"680\" height=\"1024\" title=\"-\" srcset=\"https:\/\/mouldking.store\/wp-content\/uploads\/2022\/11\/SLUBAN-M38-B1119-3.jpg 680w, https:\/\/mouldking.store\/wp-content\/uploads\/2022\/11\/SLUBAN-M38-B1119-3-199x300.jpg 199w, https:\/\/mouldking.store\/wp-content\/uploads\/2022\/11\/SLUBAN-M38-B1119-3-300x452.jpg 300w, https:\/\/mouldking.store\/wp-content\/uploads\/2022\/11\/SLUBAN-M38-B1119-3-600x904.jpg 600w, https:\/\/mouldking.store\/wp-content\/uploads\/2022\/11\/SLUBAN-M38-B1119-3-100x150.jpg 100w, https:\/\/mouldking.store\/wp-content\/uploads\/2022\/11\/SLUBAN-M38-B1119-3-40x60.jpg 40w, https:\/\/mouldking.store\/wp-content\/uploads\/2022\/11\/SLUBAN-M38-B1119-3-60x90.jpg 60w\" sizes=\"(max-width: 680px) 100vw, 680px\" \/><figcaption id=\"caption-attachment-35585\" class=\"wp-caption-text\">SLUBAN M38-B1119 Fischerboot mit 610 St\u00fcck<\/figcaption><\/figure>\n<figure id=\"attachment_35586\" aria-describedby=\"caption-attachment-35586\" style=\"width: 600px\" class=\"wp-caption aligncenter\"><img loading=\"lazy\" decoding=\"async\" class=\"wp-image-35586 size-full\" src=\"https:\/\/mouldking.store\/wp-content\/uploads\/2022\/11\/SLUBAN-M38-B1119-2.jpg\" alt=\"SLUBAN M38-B1119 Fishing Boat With 610 Pieces\" width=\"600\" height=\"925\" title=\"-\" srcset=\"https:\/\/mouldking.store\/wp-content\/uploads\/2022\/11\/SLUBAN-M38-B1119-2.jpg 600w, https:\/\/mouldking.store\/wp-content\/uploads\/2022\/11\/SLUBAN-M38-B1119-2-195x300.jpg 195w, https:\/\/mouldking.store\/wp-content\/uploads\/2022\/11\/SLUBAN-M38-B1119-2-300x463.jpg 300w, https:\/\/mouldking.store\/wp-content\/uploads\/2022\/11\/SLUBAN-M38-B1119-2-97x150.jpg 97w, https:\/\/mouldking.store\/wp-content\/uploads\/2022\/11\/SLUBAN-M38-B1119-2-39x60.jpg 39w, https:\/\/mouldking.store\/wp-content\/uploads\/2022\/11\/SLUBAN-M38-B1119-2-58x90.jpg 58w\" sizes=\"(max-width: 600px) 100vw, 600px\" \/><figcaption id=\"caption-attachment-35586\" class=\"wp-caption-text\">SLUBAN M38-B1119 Fischerboot mit 610 St\u00fcck<\/figcaption><\/figure>\n<figure id=\"attachment_35587\" aria-describedby=\"caption-attachment-35587\" style=\"width: 1024px\" class=\"wp-caption aligncenter\"><img loading=\"lazy\" decoding=\"async\" class=\"wp-image-35587 size-full\" src=\"https:\/\/mouldking.store\/wp-content\/uploads\/2022\/11\/SLUBAN-M38-B1119-1.jpg\" alt=\"SLUBAN M38-B1119 Fishing Boat With 610 Pieces\" width=\"1024\" height=\"852\" title=\"-\" srcset=\"https:\/\/mouldking.store\/wp-content\/uploads\/2022\/11\/SLUBAN-M38-B1119-1.jpg 1024w, https:\/\/mouldking.store\/wp-content\/uploads\/2022\/11\/SLUBAN-M38-B1119-1-300x250.jpg 300w, https:\/\/mouldking.store\/wp-content\/uploads\/2022\/11\/SLUBAN-M38-B1119-1-768x639.jpg 768w, https:\/\/mouldking.store\/wp-content\/uploads\/2022\/11\/SLUBAN-M38-B1119-1-600x499.jpg 600w, https:\/\/mouldking.store\/wp-content\/uploads\/2022\/11\/SLUBAN-M38-B1119-1-150x125.jpg 150w, https:\/\/mouldking.store\/wp-content\/uploads\/2022\/11\/SLUBAN-M38-B1119-1-72x60.jpg 72w, https:\/\/mouldking.store\/wp-content\/uploads\/2022\/11\/SLUBAN-M38-B1119-1-108x90.jpg 108w\" sizes=\"(max-width: 1024px) 100vw, 1024px\" \/><figcaption id=\"caption-attachment-35587\" class=\"wp-caption-text\">SLUBAN M38-B1119 Fischerboot mit 610 St\u00fcck<\/figcaption><\/figure>","protected":false},"excerpt":{"rendered":"<p>Keine Minifiguren<\/p>","protected":false},"featured_media":35582,"comment_status":"closed","ping_status":"closed","template":"","meta":{"_acf_changed":false},"product_cat":[1365],"product_tag":[6471,7697,7698,7696,7517,7699,7700,7695],"class_list":["product","first","instock","shipping-taxable","purchasable","product-type-simple"],"acf":[],"_links":{"self":[{"href":"https:\/\/mouldking.store\/de\/wp-json\/wp\/v2\/product\/35581","targetHints":{"allow":["GET"]}}],"collection":[{"href":"https:\/\/mouldking.store\/de\/wp-json\/wp\/v2\/product"}],"about":[{"href":"https:\/\/mouldking.store\/de\/wp-json\/wp\/v2\/types\/product"}],"replies":[{"embeddable":true,"href":"https:\/\/mouldking.store\/de\/wp-json\/wp\/v2\/comments?post=35581"}],"wp:featuredmedia":[{"embeddable":true,"href":"https:\/\/mouldking.store\/de\/wp-json\/wp\/v2\/media\/35582"}],"wp:attachment":[{"href":"https:\/\/mouldking.store\/de\/wp-json\/wp\/v2\/media?parent=35581"}],"wp:term":[{"taxonomy":"product_cat","embeddable":true,"href":"https:\/\/mouldking.store\/de\/wp-json\/wp\/v2\/product_cat?post=35581"},{"taxonomy":"product_tag","embeddable":true,"href":"https:\/\/mouldking.store\/de\/wp-json\/wp\/v2\/product_tag?post=35581"}],"curies":[{"name":"wp","href":"https:\/\/api.w.org\/{rel}","templated":true}]}}