{"id":35588,"date":"2022-11-21T15:43:50","date_gmt":"2022-11-21T08:43:50","guid":{"rendered":"https:\/\/mouldking.store\/?post_type=product&#038;p=35588"},"modified":"2022-11-21T15:43:51","modified_gmt":"2022-11-21T08:43:51","slug":"sembo-601073-japanese-style-street-scene-bbq-shop-with-310-pieces","status":"publish","type":"product","link":"https:\/\/mouldking.store\/de\/shop\/sembo-601073-japanese-style-street-scene-bbq-shop-with-310-pieces\/","title":{"rendered":"SEMBO 601073 Stra\u00dfenszene im japanischen Stil: Grillladen mit 310 Teilen"},"content":{"rendered":"<p>Produktinformation:<\/p>\n<ol>\n<li>Marke: SEMBO<\/li>\n<li>Geschlecht: Unisex<\/li>\n<li>Name: Stra\u00dfenszene im japanischen Stil: Grillladen<\/li>\n<li>Altersspanne: &gt; 6 Jahre alt<\/li>\n<li>Modellnummer: 601073<\/li>\n<li>Einstufung: Assemblage<\/li>\n<li>Kunststoffblockform: Selbstsichernde Steine<\/li>\n<li>Material: Kunststoff<\/li>\n<li>Kunststofftyp: ABS<\/li>\n<li>Ziegelsteine: 310 St\u00fcck<\/li>\n<li>Enth\u00e4lt eine ausf\u00fchrliche Montageanleitung.<\/li>\n<\/ol>\n<p>Notiz:<br \/>\n1. Ohne Originalverpackung, aber wir garantieren, dass unsere Produkte eine Qualit\u00e4tssicherung und eine sch\u00f6ne Verpackung haben.<br \/>\n2. Wie alle Teile, die wir vor dem Versand \u00fcberpr\u00fcft haben, machen Sie sich keine Sorgen, wenn Sie feststellen, dass einige Teile fehlen oder besch\u00e4digt sind, und kontaktieren Sie uns einfach, und wir k\u00f6nnen sie Ihnen umgehend kostenlos erneut zusenden.<\/p>\n<figure id=\"attachment_35589\" aria-describedby=\"caption-attachment-35589\" style=\"width: 768px\" class=\"wp-caption aligncenter\"><img fetchpriority=\"high\" decoding=\"async\" class=\"wp-image-35589 size-full\" src=\"https:\/\/mouldking.store\/wp-content\/uploads\/2022\/11\/SEMBO-601073-1.jpg\" alt=\"SEMBO 601073 Japanese -Style Street Scene: BBQ Shop With 310 Pieces\" width=\"768\" height=\"768\" title=\"-\" srcset=\"https:\/\/mouldking.store\/wp-content\/uploads\/2022\/11\/SEMBO-601073-1.jpg 768w, https:\/\/mouldking.store\/wp-content\/uploads\/2022\/11\/SEMBO-601073-1-300x300.jpg 300w, https:\/\/mouldking.store\/wp-content\/uploads\/2022\/11\/SEMBO-601073-1-600x600.jpg 600w, https:\/\/mouldking.store\/wp-content\/uploads\/2022\/11\/SEMBO-601073-1-150x150.jpg 150w, https:\/\/mouldking.store\/wp-content\/uploads\/2022\/11\/SEMBO-601073-1-60x60.jpg 60w, https:\/\/mouldking.store\/wp-content\/uploads\/2022\/11\/SEMBO-601073-1-90x90.jpg 90w\" sizes=\"(max-width: 768px) 100vw, 768px\" \/><figcaption id=\"caption-attachment-35589\" class=\"wp-caption-text\">SEMBO 601073 Stra\u00dfenszene im japanischen Stil: Grillladen mit 310 Teilen<\/figcaption><\/figure>","protected":false},"excerpt":{"rendered":"<p>Keine Minifiguren<\/p>","protected":false},"featured_media":35589,"comment_status":"closed","ping_status":"closed","template":"","meta":{"_acf_changed":false},"product_cat":[1365],"product_tag":[7702,7704,7703,7705,1491,7706,7707,7701,4630],"class_list":["product","first","instock","shipping-taxable","purchasable","product-type-simple"],"acf":[],"_links":{"self":[{"href":"https:\/\/mouldking.store\/de\/wp-json\/wp\/v2\/product\/35588","targetHints":{"allow":["GET"]}}],"collection":[{"href":"https:\/\/mouldking.store\/de\/wp-json\/wp\/v2\/product"}],"about":[{"href":"https:\/\/mouldking.store\/de\/wp-json\/wp\/v2\/types\/product"}],"replies":[{"embeddable":true,"href":"https:\/\/mouldking.store\/de\/wp-json\/wp\/v2\/comments?post=35588"}],"wp:featuredmedia":[{"embeddable":true,"href":"https:\/\/mouldking.store\/de\/wp-json\/wp\/v2\/media\/35589"}],"wp:attachment":[{"href":"https:\/\/mouldking.store\/de\/wp-json\/wp\/v2\/media?parent=35588"}],"wp:term":[{"taxonomy":"product_cat","embeddable":true,"href":"https:\/\/mouldking.store\/de\/wp-json\/wp\/v2\/product_cat?post=35588"},{"taxonomy":"product_tag","embeddable":true,"href":"https:\/\/mouldking.store\/de\/wp-json\/wp\/v2\/product_tag?post=35588"}],"curies":[{"name":"wp","href":"https:\/\/api.w.org\/{rel}","templated":true}]}}