{"id":35602,"date":"2022-11-21T16:33:37","date_gmt":"2022-11-21T09:33:37","guid":{"rendered":"https:\/\/mouldking.store\/?post_type=product&#038;p=35602"},"modified":"2022-11-21T16:33:37","modified_gmt":"2022-11-21T09:33:37","slug":"zhegao-dz6021-church-of-cuba-with-2300-pieces","status":"publish","type":"product","link":"https:\/\/mouldking.store\/de\/shop\/zhegao-dz6021-church-of-cuba-with-2300-pieces\/","title":{"rendered":"ZHEGAO DZ6021 Kirche von Kuba mit 2300 Teilen"},"content":{"rendered":"<p>Produktinformation:<\/p>\n<ol>\n<li>Marke: ZHEGAO<\/li>\n<li>Geschlecht: Unisex<\/li>\n<li>Name: Church Of Cuba<\/li>\n<li>Altersspanne: &gt; 6 Jahre alt<\/li>\n<li>Model Number: DZ6021<\/li>\n<li>Einstufung: Assemblage<\/li>\n<li>Kunststoffblockform: Selbstsichernde Steine<\/li>\n<li>Material: Kunststoff<\/li>\n<li>Kunststofftyp: ABS<\/li>\n<li>Bricks Blocks: 2300\u00a0 PCS<\/li>\n<li>Size: 19.2 \u00d7 19.2 \u00d7 22.3 cm<\/li>\n<li>Enth\u00e4lt eine ausf\u00fchrliche Montageanleitung.<\/li>\n<\/ol>\n<p>Notiz:<br \/>\n1. Ohne Originalverpackung, aber wir garantieren, dass unsere Produkte eine Qualit\u00e4tssicherung und eine sch\u00f6ne Verpackung haben.<br \/>\n2. Wie alle Teile, die wir vor dem Versand \u00fcberpr\u00fcft haben, machen Sie sich keine Sorgen, wenn Sie feststellen, dass einige Teile fehlen oder besch\u00e4digt sind, und kontaktieren Sie uns einfach, und wir k\u00f6nnen sie Ihnen umgehend kostenlos erneut zusenden.<\/p>\n<figure id=\"attachment_35603\" aria-describedby=\"caption-attachment-35603\" style=\"width: 800px\" class=\"wp-caption aligncenter\"><img fetchpriority=\"high\" decoding=\"async\" class=\"wp-image-35603 size-full\" src=\"https:\/\/mouldking.store\/wp-content\/uploads\/2022\/11\/Church-Of-Cuba-ZHEGAO-DZ6021-4.jpg\" alt=\"ZHEGAO DZ6021 Church Of Cuba With 2300 Pieces\" width=\"800\" height=\"800\" title=\"-\" srcset=\"https:\/\/mouldking.store\/wp-content\/uploads\/2022\/11\/Church-Of-Cuba-ZHEGAO-DZ6021-4.jpg 800w, https:\/\/mouldking.store\/wp-content\/uploads\/2022\/11\/Church-Of-Cuba-ZHEGAO-DZ6021-4-300x300.jpg 300w, https:\/\/mouldking.store\/wp-content\/uploads\/2022\/11\/Church-Of-Cuba-ZHEGAO-DZ6021-4-768x768.jpg 768w, https:\/\/mouldking.store\/wp-content\/uploads\/2022\/11\/Church-Of-Cuba-ZHEGAO-DZ6021-4-600x600.jpg 600w, https:\/\/mouldking.store\/wp-content\/uploads\/2022\/11\/Church-Of-Cuba-ZHEGAO-DZ6021-4-150x150.jpg 150w, https:\/\/mouldking.store\/wp-content\/uploads\/2022\/11\/Church-Of-Cuba-ZHEGAO-DZ6021-4-60x60.jpg 60w, https:\/\/mouldking.store\/wp-content\/uploads\/2022\/11\/Church-Of-Cuba-ZHEGAO-DZ6021-4-90x90.jpg 90w\" sizes=\"(max-width: 800px) 100vw, 800px\" \/><figcaption id=\"caption-attachment-35603\" class=\"wp-caption-text\">ZHEGAO DZ6021 Kirche von Kuba mit 2300 Teilen<\/figcaption><\/figure>\n<figure id=\"attachment_35604\" aria-describedby=\"caption-attachment-35604\" style=\"width: 800px\" class=\"wp-caption aligncenter\"><img decoding=\"async\" class=\"wp-image-35604 size-full\" src=\"https:\/\/mouldking.store\/wp-content\/uploads\/2022\/11\/Church-Of-Cuba-ZHEGAO-DZ6021-3.jpg\" alt=\"ZHEGAO DZ6021 Church Of Cuba With 2300 Pieces\" width=\"800\" height=\"800\" title=\"-\" srcset=\"https:\/\/mouldking.store\/wp-content\/uploads\/2022\/11\/Church-Of-Cuba-ZHEGAO-DZ6021-3.jpg 800w, https:\/\/mouldking.store\/wp-content\/uploads\/2022\/11\/Church-Of-Cuba-ZHEGAO-DZ6021-3-300x300.jpg 300w, https:\/\/mouldking.store\/wp-content\/uploads\/2022\/11\/Church-Of-Cuba-ZHEGAO-DZ6021-3-768x768.jpg 768w, https:\/\/mouldking.store\/wp-content\/uploads\/2022\/11\/Church-Of-Cuba-ZHEGAO-DZ6021-3-600x600.jpg 600w, https:\/\/mouldking.store\/wp-content\/uploads\/2022\/11\/Church-Of-Cuba-ZHEGAO-DZ6021-3-150x150.jpg 150w, https:\/\/mouldking.store\/wp-content\/uploads\/2022\/11\/Church-Of-Cuba-ZHEGAO-DZ6021-3-60x60.jpg 60w, https:\/\/mouldking.store\/wp-content\/uploads\/2022\/11\/Church-Of-Cuba-ZHEGAO-DZ6021-3-90x90.jpg 90w\" sizes=\"(max-width: 800px) 100vw, 800px\" \/><figcaption id=\"caption-attachment-35604\" class=\"wp-caption-text\">ZHEGAO DZ6021 Kirche von Kuba mit 2300 Teilen<\/figcaption><\/figure>\n<figure id=\"attachment_35605\" aria-describedby=\"caption-attachment-35605\" style=\"width: 800px\" class=\"wp-caption aligncenter\"><img decoding=\"async\" class=\"wp-image-35605 size-full\" src=\"https:\/\/mouldking.store\/wp-content\/uploads\/2022\/11\/Church-Of-Cuba-ZHEGAO-DZ6021-2.jpg\" alt=\"ZHEGAO DZ6021 Church Of Cuba With 2300 Pieces\" width=\"800\" height=\"800\" title=\"-\" srcset=\"https:\/\/mouldking.store\/wp-content\/uploads\/2022\/11\/Church-Of-Cuba-ZHEGAO-DZ6021-2.jpg 800w, https:\/\/mouldking.store\/wp-content\/uploads\/2022\/11\/Church-Of-Cuba-ZHEGAO-DZ6021-2-300x300.jpg 300w, https:\/\/mouldking.store\/wp-content\/uploads\/2022\/11\/Church-Of-Cuba-ZHEGAO-DZ6021-2-768x768.jpg 768w, https:\/\/mouldking.store\/wp-content\/uploads\/2022\/11\/Church-Of-Cuba-ZHEGAO-DZ6021-2-600x600.jpg 600w, https:\/\/mouldking.store\/wp-content\/uploads\/2022\/11\/Church-Of-Cuba-ZHEGAO-DZ6021-2-150x150.jpg 150w, https:\/\/mouldking.store\/wp-content\/uploads\/2022\/11\/Church-Of-Cuba-ZHEGAO-DZ6021-2-60x60.jpg 60w, https:\/\/mouldking.store\/wp-content\/uploads\/2022\/11\/Church-Of-Cuba-ZHEGAO-DZ6021-2-90x90.jpg 90w\" sizes=\"(max-width: 800px) 100vw, 800px\" \/><figcaption id=\"caption-attachment-35605\" class=\"wp-caption-text\">ZHEGAO DZ6021 Kirche von Kuba mit 2300 Teilen<\/figcaption><\/figure>\n<figure id=\"attachment_35606\" aria-describedby=\"caption-attachment-35606\" style=\"width: 800px\" class=\"wp-caption aligncenter\"><img loading=\"lazy\" decoding=\"async\" class=\"wp-image-35606 size-full\" src=\"https:\/\/mouldking.store\/wp-content\/uploads\/2022\/11\/Church-Of-Cuba-ZHEGAO-DZ6021-1.jpg\" alt=\"ZHEGAO DZ6021 Church Of Cuba With 2300 Pieces\" width=\"800\" height=\"800\" title=\"-\" srcset=\"https:\/\/mouldking.store\/wp-content\/uploads\/2022\/11\/Church-Of-Cuba-ZHEGAO-DZ6021-1.jpg 800w, https:\/\/mouldking.store\/wp-content\/uploads\/2022\/11\/Church-Of-Cuba-ZHEGAO-DZ6021-1-300x300.jpg 300w, https:\/\/mouldking.store\/wp-content\/uploads\/2022\/11\/Church-Of-Cuba-ZHEGAO-DZ6021-1-768x768.jpg 768w, https:\/\/mouldking.store\/wp-content\/uploads\/2022\/11\/Church-Of-Cuba-ZHEGAO-DZ6021-1-600x600.jpg 600w, https:\/\/mouldking.store\/wp-content\/uploads\/2022\/11\/Church-Of-Cuba-ZHEGAO-DZ6021-1-150x150.jpg 150w, https:\/\/mouldking.store\/wp-content\/uploads\/2022\/11\/Church-Of-Cuba-ZHEGAO-DZ6021-1-60x60.jpg 60w, https:\/\/mouldking.store\/wp-content\/uploads\/2022\/11\/Church-Of-Cuba-ZHEGAO-DZ6021-1-90x90.jpg 90w\" sizes=\"(max-width: 800px) 100vw, 800px\" \/><figcaption id=\"caption-attachment-35606\" class=\"wp-caption-text\">ZHEGAO DZ6021 Kirche von Kuba mit 2300 Teilen<\/figcaption><\/figure>","protected":false},"excerpt":{"rendered":"<p>Product information: Brand: ZHEGAO Gender: Unisex Name: Church Of Cuba Age Range: &gt; 6 years old Model Number: DZ6021 Classification: Assemblage Plastic Block Shape: Self-Locking Bricks Material: Plastic Plastic Type: ABS Bricks Blocks: 2300\u00a0 PCS Size: 19.2 \u00d7 19.2 \u00d7 22.3 cm Contains detailed assembly instructions. Notice: 1. Without an original box, but we guarantee [&hellip;]<\/p>","protected":false},"featured_media":35603,"comment_status":"closed","ping_status":"closed","template":"","meta":{"_acf_changed":false},"product_cat":[1395],"product_tag":[4977,7749,7748,7747,1698,7750,7751,7746],"class_list":["product","first","instock","shipping-taxable","purchasable","product-type-simple"],"acf":[],"_links":{"self":[{"href":"https:\/\/mouldking.store\/de\/wp-json\/wp\/v2\/product\/35602","targetHints":{"allow":["GET"]}}],"collection":[{"href":"https:\/\/mouldking.store\/de\/wp-json\/wp\/v2\/product"}],"about":[{"href":"https:\/\/mouldking.store\/de\/wp-json\/wp\/v2\/types\/product"}],"replies":[{"embeddable":true,"href":"https:\/\/mouldking.store\/de\/wp-json\/wp\/v2\/comments?post=35602"}],"wp:featuredmedia":[{"embeddable":true,"href":"https:\/\/mouldking.store\/de\/wp-json\/wp\/v2\/media\/35603"}],"wp:attachment":[{"href":"https:\/\/mouldking.store\/de\/wp-json\/wp\/v2\/media?parent=35602"}],"wp:term":[{"taxonomy":"product_cat","embeddable":true,"href":"https:\/\/mouldking.store\/de\/wp-json\/wp\/v2\/product_cat?post=35602"},{"taxonomy":"product_tag","embeddable":true,"href":"https:\/\/mouldking.store\/de\/wp-json\/wp\/v2\/product_tag?post=35602"}],"curies":[{"name":"wp","href":"https:\/\/api.w.org\/{rel}","templated":true}]}}