{"id":35618,"date":"2022-11-21T16:53:00","date_gmt":"2022-11-21T09:53:00","guid":{"rendered":"https:\/\/mouldking.store\/?post_type=product&#038;p=35618"},"modified":"2022-11-21T16:53:00","modified_gmt":"2022-11-21T09:53:00","slug":"sluban-m38-b1097-speed-champions-yellow-930-racers-sports-car-with-290-pieces","status":"publish","type":"product","link":"https:\/\/mouldking.store\/de\/shop\/sluban-m38-b1097-speed-champions-yellow-930-racers-sports-car-with-290-pieces\/","title":{"rendered":"Sluban M38-B1097 Speed Champions Yellow 930 Racers Sportwagen mit 290 Teilen"},"content":{"rendered":"<p>Produktinformation:<\/p>\n<ol>\n<li>Marke: Sluban<\/li>\n<li>Geschlecht: Unisex<\/li>\n<li>Name: Speed Champions Yellow 930 Racers Sportwagen<\/li>\n<li>Altersspanne: &gt; 6 Jahre alt<\/li>\n<li>Modellnummer: M38-B1097<\/li>\n<li>Einstufung: Assemblage<\/li>\n<li>Kunststoffblockform: Selbstsichernde Steine<\/li>\n<li>Material: Kunststoff<\/li>\n<li>Kunststofftyp: ABS<\/li>\n<li>Ziegelsteine: 290 St\u00fcck<\/li>\n<li>Gr\u00f6\u00dfe: 16 cm<\/li>\n<li>Enth\u00e4lt eine ausf\u00fchrliche Montageanleitung.<\/li>\n<\/ol>\n<p>Notiz:<br \/>\n1. Ohne Originalverpackung, aber wir garantieren, dass unsere Produkte eine Qualit\u00e4tssicherung und eine sch\u00f6ne Verpackung haben.<br \/>\n2. Wie alle Teile, die wir vor dem Versand \u00fcberpr\u00fcft haben, machen Sie sich keine Sorgen, wenn Sie feststellen, dass einige Teile fehlen oder besch\u00e4digt sind, und kontaktieren Sie uns einfach, und wir k\u00f6nnen sie Ihnen umgehend kostenlos erneut zusenden.<\/p>\n<figure id=\"attachment_35619\" aria-describedby=\"caption-attachment-35619\" style=\"width: 800px\" class=\"wp-caption aligncenter\"><img fetchpriority=\"high\" decoding=\"async\" class=\"wp-image-35619 size-full\" src=\"https:\/\/mouldking.store\/wp-content\/uploads\/2022\/11\/Speed-Champions-Yellow-930-Racers-Sports-Car-2.jpg\" alt=\"Sluban M38-B1097 Speed Champions Yellow 930 Racers Sports Car With 290 Pieces\" width=\"800\" height=\"800\" title=\"-\" srcset=\"https:\/\/mouldking.store\/wp-content\/uploads\/2022\/11\/Speed-Champions-Yellow-930-Racers-Sports-Car-2.jpg 800w, https:\/\/mouldking.store\/wp-content\/uploads\/2022\/11\/Speed-Champions-Yellow-930-Racers-Sports-Car-2-300x300.jpg 300w, https:\/\/mouldking.store\/wp-content\/uploads\/2022\/11\/Speed-Champions-Yellow-930-Racers-Sports-Car-2-768x768.jpg 768w, https:\/\/mouldking.store\/wp-content\/uploads\/2022\/11\/Speed-Champions-Yellow-930-Racers-Sports-Car-2-600x600.jpg 600w, https:\/\/mouldking.store\/wp-content\/uploads\/2022\/11\/Speed-Champions-Yellow-930-Racers-Sports-Car-2-150x150.jpg 150w, https:\/\/mouldking.store\/wp-content\/uploads\/2022\/11\/Speed-Champions-Yellow-930-Racers-Sports-Car-2-60x60.jpg 60w, https:\/\/mouldking.store\/wp-content\/uploads\/2022\/11\/Speed-Champions-Yellow-930-Racers-Sports-Car-2-90x90.jpg 90w\" sizes=\"(max-width: 800px) 100vw, 800px\" \/><figcaption id=\"caption-attachment-35619\" class=\"wp-caption-text\">Sluban M38-B1097 Speed Champions Yellow 930 Racers Sportwagen mit 290 Teilen<\/figcaption><\/figure>\n<figure id=\"attachment_35620\" aria-describedby=\"caption-attachment-35620\" style=\"width: 800px\" class=\"wp-caption aligncenter\"><img decoding=\"async\" class=\"wp-image-35620 size-full\" src=\"https:\/\/mouldking.store\/wp-content\/uploads\/2022\/11\/Speed-Champions-Yellow-930-Racers-Sports-Car-1.jpg\" alt=\"Sluban M38-B1097 Speed Champions Yellow 930 Racers Sports Car With 290 Pieces\" width=\"800\" height=\"800\" title=\"-\" srcset=\"https:\/\/mouldking.store\/wp-content\/uploads\/2022\/11\/Speed-Champions-Yellow-930-Racers-Sports-Car-1.jpg 800w, https:\/\/mouldking.store\/wp-content\/uploads\/2022\/11\/Speed-Champions-Yellow-930-Racers-Sports-Car-1-300x300.jpg 300w, https:\/\/mouldking.store\/wp-content\/uploads\/2022\/11\/Speed-Champions-Yellow-930-Racers-Sports-Car-1-768x768.jpg 768w, https:\/\/mouldking.store\/wp-content\/uploads\/2022\/11\/Speed-Champions-Yellow-930-Racers-Sports-Car-1-600x600.jpg 600w, https:\/\/mouldking.store\/wp-content\/uploads\/2022\/11\/Speed-Champions-Yellow-930-Racers-Sports-Car-1-150x150.jpg 150w, https:\/\/mouldking.store\/wp-content\/uploads\/2022\/11\/Speed-Champions-Yellow-930-Racers-Sports-Car-1-60x60.jpg 60w, https:\/\/mouldking.store\/wp-content\/uploads\/2022\/11\/Speed-Champions-Yellow-930-Racers-Sports-Car-1-90x90.jpg 90w\" sizes=\"(max-width: 800px) 100vw, 800px\" \/><figcaption id=\"caption-attachment-35620\" class=\"wp-caption-text\">Sluban M38-B1097 Speed Champions Yellow 930 Racers Sportwagen mit 290 Teilen<\/figcaption><\/figure>\n<figure id=\"attachment_35621\" aria-describedby=\"caption-attachment-35621\" style=\"width: 800px\" class=\"wp-caption aligncenter\"><img decoding=\"async\" class=\"wp-image-35621 size-full\" src=\"https:\/\/mouldking.store\/wp-content\/uploads\/2022\/11\/Speed-Champions-Yellow-930-Racers-Sports-Car-4.jpg\" alt=\"Sluban M38-B1097 Speed Champions Yellow 930 Racers Sports Car With 290 Pieces\" width=\"800\" height=\"800\" title=\"-\" srcset=\"https:\/\/mouldking.store\/wp-content\/uploads\/2022\/11\/Speed-Champions-Yellow-930-Racers-Sports-Car-4.jpg 800w, https:\/\/mouldking.store\/wp-content\/uploads\/2022\/11\/Speed-Champions-Yellow-930-Racers-Sports-Car-4-300x300.jpg 300w, https:\/\/mouldking.store\/wp-content\/uploads\/2022\/11\/Speed-Champions-Yellow-930-Racers-Sports-Car-4-768x768.jpg 768w, https:\/\/mouldking.store\/wp-content\/uploads\/2022\/11\/Speed-Champions-Yellow-930-Racers-Sports-Car-4-600x600.jpg 600w, https:\/\/mouldking.store\/wp-content\/uploads\/2022\/11\/Speed-Champions-Yellow-930-Racers-Sports-Car-4-150x150.jpg 150w, https:\/\/mouldking.store\/wp-content\/uploads\/2022\/11\/Speed-Champions-Yellow-930-Racers-Sports-Car-4-60x60.jpg 60w, https:\/\/mouldking.store\/wp-content\/uploads\/2022\/11\/Speed-Champions-Yellow-930-Racers-Sports-Car-4-90x90.jpg 90w\" sizes=\"(max-width: 800px) 100vw, 800px\" \/><figcaption id=\"caption-attachment-35621\" class=\"wp-caption-text\">Sluban M38-B1097 Speed Champions Yellow 930 Racers Sportwagen mit 290 Teilen<\/figcaption><\/figure>\n<figure id=\"attachment_35622\" aria-describedby=\"caption-attachment-35622\" style=\"width: 800px\" class=\"wp-caption aligncenter\"><img loading=\"lazy\" decoding=\"async\" class=\"wp-image-35622 size-full\" src=\"https:\/\/mouldking.store\/wp-content\/uploads\/2022\/11\/Speed-Champions-Yellow-930-Racers-Sports-Car-3.jpg\" alt=\"Sluban M38-B1097 Speed Champions Yellow 930 Racers Sports Car With 290 Pieces\" width=\"800\" height=\"800\" title=\"-\" srcset=\"https:\/\/mouldking.store\/wp-content\/uploads\/2022\/11\/Speed-Champions-Yellow-930-Racers-Sports-Car-3.jpg 800w, https:\/\/mouldking.store\/wp-content\/uploads\/2022\/11\/Speed-Champions-Yellow-930-Racers-Sports-Car-3-300x300.jpg 300w, https:\/\/mouldking.store\/wp-content\/uploads\/2022\/11\/Speed-Champions-Yellow-930-Racers-Sports-Car-3-768x768.jpg 768w, https:\/\/mouldking.store\/wp-content\/uploads\/2022\/11\/Speed-Champions-Yellow-930-Racers-Sports-Car-3-600x600.jpg 600w, https:\/\/mouldking.store\/wp-content\/uploads\/2022\/11\/Speed-Champions-Yellow-930-Racers-Sports-Car-3-150x150.jpg 150w, https:\/\/mouldking.store\/wp-content\/uploads\/2022\/11\/Speed-Champions-Yellow-930-Racers-Sports-Car-3-60x60.jpg 60w, https:\/\/mouldking.store\/wp-content\/uploads\/2022\/11\/Speed-Champions-Yellow-930-Racers-Sports-Car-3-90x90.jpg 90w\" sizes=\"(max-width: 800px) 100vw, 800px\" \/><figcaption id=\"caption-attachment-35622\" class=\"wp-caption-text\">Sluban M38-B1097 Speed Champions Yellow 930 Racers Sportwagen mit 290 Teilen<\/figcaption><\/figure>","protected":false},"excerpt":{"rendered":"<p>Keine Minifiguren<\/p>","protected":false},"featured_media":35621,"comment_status":"closed","ping_status":"closed","template":"","meta":{"_acf_changed":false},"product_cat":[1360,1357],"product_tag":[6635,7767,7517,7770,7771,7766,6633,7769,5166,7768],"class_list":["product","first","instock","shipping-taxable","purchasable","product-type-simple"],"acf":[],"_links":{"self":[{"href":"https:\/\/mouldking.store\/de\/wp-json\/wp\/v2\/product\/35618","targetHints":{"allow":["GET"]}}],"collection":[{"href":"https:\/\/mouldking.store\/de\/wp-json\/wp\/v2\/product"}],"about":[{"href":"https:\/\/mouldking.store\/de\/wp-json\/wp\/v2\/types\/product"}],"replies":[{"embeddable":true,"href":"https:\/\/mouldking.store\/de\/wp-json\/wp\/v2\/comments?post=35618"}],"wp:featuredmedia":[{"embeddable":true,"href":"https:\/\/mouldking.store\/de\/wp-json\/wp\/v2\/media\/35621"}],"wp:attachment":[{"href":"https:\/\/mouldking.store\/de\/wp-json\/wp\/v2\/media?parent=35618"}],"wp:term":[{"taxonomy":"product_cat","embeddable":true,"href":"https:\/\/mouldking.store\/de\/wp-json\/wp\/v2\/product_cat?post=35618"},{"taxonomy":"product_tag","embeddable":true,"href":"https:\/\/mouldking.store\/de\/wp-json\/wp\/v2\/product_tag?post=35618"}],"curies":[{"name":"wp","href":"https:\/\/api.w.org\/{rel}","templated":true}]}}