{"id":35623,"date":"2022-11-21T16:59:32","date_gmt":"2022-11-21T09:59:32","guid":{"rendered":"https:\/\/mouldking.store\/?post_type=product&#038;p=35623"},"modified":"2022-11-21T16:59:32","modified_gmt":"2022-11-21T09:59:32","slug":"sluban-m38-b1085-racers-sports-car-with-328-pieces","status":"publish","type":"product","link":"https:\/\/mouldking.store\/de\/shop\/sluban-m38-b1085-racers-sports-car-with-328-pieces\/","title":{"rendered":"Sluban M38-B1085 Racers Sportwagen mit 328 Teilen"},"content":{"rendered":"<p>Produktinformation:<\/p>\n<ol>\n<li>Marke: Sluban<\/li>\n<li>Geschlecht: Unisex<\/li>\n<li>Name: Racers Sports Car<\/li>\n<li>Altersspanne: &gt; 6 Jahre alt<\/li>\n<li>Model Number: M38-B1085<\/li>\n<li>Einstufung: Assemblage<\/li>\n<li>Kunststoffblockform: Selbstsichernde Steine<\/li>\n<li>Material: Kunststoff<\/li>\n<li>Kunststofftyp: ABS<\/li>\n<li>Ziegelsteine: 328 ST\u00dcCKE<\/li>\n<li>Size:16 cm<\/li>\n<li>Enth\u00e4lt eine ausf\u00fchrliche Montageanleitung.<\/li>\n<\/ol>\n<p>Notiz:<br \/>\n1. Ohne Originalverpackung, aber wir garantieren, dass unsere Produkte eine Qualit\u00e4tssicherung und eine sch\u00f6ne Verpackung haben.<br \/>\n2. Wie alle Teile, die wir vor dem Versand \u00fcberpr\u00fcft haben, machen Sie sich keine Sorgen, wenn Sie feststellen, dass einige Teile fehlen oder besch\u00e4digt sind, und kontaktieren Sie uns einfach, und wir k\u00f6nnen sie Ihnen umgehend kostenlos erneut zusenden.<\/p>\n<figure id=\"attachment_35624\" aria-describedby=\"caption-attachment-35624\" style=\"width: 800px\" class=\"wp-caption aligncenter\"><img fetchpriority=\"high\" decoding=\"async\" class=\"wp-image-35624 size-full\" src=\"https:\/\/mouldking.store\/wp-content\/uploads\/2022\/11\/Racers-Sports-Car-Sluban-M38-B1085-5.jpg\" alt=\"Sluban M38-B1085 Racers Sports Car With 328 Pieces\" width=\"800\" height=\"800\" title=\"-\" srcset=\"https:\/\/mouldking.store\/wp-content\/uploads\/2022\/11\/Racers-Sports-Car-Sluban-M38-B1085-5.jpg 800w, https:\/\/mouldking.store\/wp-content\/uploads\/2022\/11\/Racers-Sports-Car-Sluban-M38-B1085-5-300x300.jpg 300w, https:\/\/mouldking.store\/wp-content\/uploads\/2022\/11\/Racers-Sports-Car-Sluban-M38-B1085-5-768x768.jpg 768w, https:\/\/mouldking.store\/wp-content\/uploads\/2022\/11\/Racers-Sports-Car-Sluban-M38-B1085-5-600x600.jpg 600w, https:\/\/mouldking.store\/wp-content\/uploads\/2022\/11\/Racers-Sports-Car-Sluban-M38-B1085-5-150x150.jpg 150w, https:\/\/mouldking.store\/wp-content\/uploads\/2022\/11\/Racers-Sports-Car-Sluban-M38-B1085-5-60x60.jpg 60w, https:\/\/mouldking.store\/wp-content\/uploads\/2022\/11\/Racers-Sports-Car-Sluban-M38-B1085-5-90x90.jpg 90w\" sizes=\"(max-width: 800px) 100vw, 800px\" \/><figcaption id=\"caption-attachment-35624\" class=\"wp-caption-text\">Sluban M38-B1085 Racers Sportwagen mit 328 Teilen<\/figcaption><\/figure>\n<figure id=\"attachment_35625\" aria-describedby=\"caption-attachment-35625\" style=\"width: 800px\" class=\"wp-caption aligncenter\"><img decoding=\"async\" class=\"wp-image-35625 size-full\" src=\"https:\/\/mouldking.store\/wp-content\/uploads\/2022\/11\/Racers-Sports-Car-Sluban-M38-B1085-4.jpg\" alt=\"Sluban M38-B1085 Racers Sports Car With 328 Pieces\" width=\"800\" height=\"800\" title=\"-\" srcset=\"https:\/\/mouldking.store\/wp-content\/uploads\/2022\/11\/Racers-Sports-Car-Sluban-M38-B1085-4.jpg 800w, https:\/\/mouldking.store\/wp-content\/uploads\/2022\/11\/Racers-Sports-Car-Sluban-M38-B1085-4-300x300.jpg 300w, https:\/\/mouldking.store\/wp-content\/uploads\/2022\/11\/Racers-Sports-Car-Sluban-M38-B1085-4-768x768.jpg 768w, https:\/\/mouldking.store\/wp-content\/uploads\/2022\/11\/Racers-Sports-Car-Sluban-M38-B1085-4-600x600.jpg 600w, https:\/\/mouldking.store\/wp-content\/uploads\/2022\/11\/Racers-Sports-Car-Sluban-M38-B1085-4-150x150.jpg 150w, https:\/\/mouldking.store\/wp-content\/uploads\/2022\/11\/Racers-Sports-Car-Sluban-M38-B1085-4-60x60.jpg 60w, https:\/\/mouldking.store\/wp-content\/uploads\/2022\/11\/Racers-Sports-Car-Sluban-M38-B1085-4-90x90.jpg 90w\" sizes=\"(max-width: 800px) 100vw, 800px\" \/><figcaption id=\"caption-attachment-35625\" class=\"wp-caption-text\">Sluban M38-B1085 Racers Sportwagen mit 328 Teilen<\/figcaption><\/figure>\n<figure id=\"attachment_35626\" aria-describedby=\"caption-attachment-35626\" style=\"width: 800px\" class=\"wp-caption aligncenter\"><img decoding=\"async\" class=\"wp-image-35626 size-full\" src=\"https:\/\/mouldking.store\/wp-content\/uploads\/2022\/11\/Racers-Sports-Car-Sluban-M38-B1085-3.jpg\" alt=\"Sluban M38-B1085 Racers Sports Car With 328 Pieces\" width=\"800\" height=\"800\" title=\"-\" srcset=\"https:\/\/mouldking.store\/wp-content\/uploads\/2022\/11\/Racers-Sports-Car-Sluban-M38-B1085-3.jpg 800w, https:\/\/mouldking.store\/wp-content\/uploads\/2022\/11\/Racers-Sports-Car-Sluban-M38-B1085-3-300x300.jpg 300w, https:\/\/mouldking.store\/wp-content\/uploads\/2022\/11\/Racers-Sports-Car-Sluban-M38-B1085-3-768x768.jpg 768w, https:\/\/mouldking.store\/wp-content\/uploads\/2022\/11\/Racers-Sports-Car-Sluban-M38-B1085-3-600x600.jpg 600w, https:\/\/mouldking.store\/wp-content\/uploads\/2022\/11\/Racers-Sports-Car-Sluban-M38-B1085-3-150x150.jpg 150w, https:\/\/mouldking.store\/wp-content\/uploads\/2022\/11\/Racers-Sports-Car-Sluban-M38-B1085-3-60x60.jpg 60w, https:\/\/mouldking.store\/wp-content\/uploads\/2022\/11\/Racers-Sports-Car-Sluban-M38-B1085-3-90x90.jpg 90w\" sizes=\"(max-width: 800px) 100vw, 800px\" \/><figcaption id=\"caption-attachment-35626\" class=\"wp-caption-text\">Sluban M38-B1085 Racers Sportwagen mit 328 Teilen<\/figcaption><\/figure>\n<figure id=\"attachment_35627\" aria-describedby=\"caption-attachment-35627\" style=\"width: 800px\" class=\"wp-caption aligncenter\"><img loading=\"lazy\" decoding=\"async\" class=\"wp-image-35627 size-full\" src=\"https:\/\/mouldking.store\/wp-content\/uploads\/2022\/11\/Racers-Sports-Car-Sluban-M38-B1085-2.jpg\" alt=\"Sluban M38-B1085 Racers Sports Car With 328 Pieces\" width=\"800\" height=\"800\" title=\"-\" srcset=\"https:\/\/mouldking.store\/wp-content\/uploads\/2022\/11\/Racers-Sports-Car-Sluban-M38-B1085-2.jpg 800w, https:\/\/mouldking.store\/wp-content\/uploads\/2022\/11\/Racers-Sports-Car-Sluban-M38-B1085-2-300x300.jpg 300w, https:\/\/mouldking.store\/wp-content\/uploads\/2022\/11\/Racers-Sports-Car-Sluban-M38-B1085-2-768x768.jpg 768w, https:\/\/mouldking.store\/wp-content\/uploads\/2022\/11\/Racers-Sports-Car-Sluban-M38-B1085-2-600x600.jpg 600w, https:\/\/mouldking.store\/wp-content\/uploads\/2022\/11\/Racers-Sports-Car-Sluban-M38-B1085-2-150x150.jpg 150w, https:\/\/mouldking.store\/wp-content\/uploads\/2022\/11\/Racers-Sports-Car-Sluban-M38-B1085-2-60x60.jpg 60w, https:\/\/mouldking.store\/wp-content\/uploads\/2022\/11\/Racers-Sports-Car-Sluban-M38-B1085-2-90x90.jpg 90w\" sizes=\"(max-width: 800px) 100vw, 800px\" \/><figcaption id=\"caption-attachment-35627\" class=\"wp-caption-text\">Sluban M38-B1085 Racers Sportwagen mit 328 Teilen<\/figcaption><\/figure>\n<figure id=\"attachment_35628\" aria-describedby=\"caption-attachment-35628\" style=\"width: 800px\" class=\"wp-caption aligncenter\"><img loading=\"lazy\" decoding=\"async\" class=\"wp-image-35628 size-full\" src=\"https:\/\/mouldking.store\/wp-content\/uploads\/2022\/11\/Racers-Sports-Car-Sluban-M38-B1085-1.jpg\" alt=\"Sluban M38-B1085 Racers Sports Car With 328 Pieces\" width=\"800\" height=\"800\" title=\"-\" srcset=\"https:\/\/mouldking.store\/wp-content\/uploads\/2022\/11\/Racers-Sports-Car-Sluban-M38-B1085-1.jpg 800w, https:\/\/mouldking.store\/wp-content\/uploads\/2022\/11\/Racers-Sports-Car-Sluban-M38-B1085-1-300x300.jpg 300w, https:\/\/mouldking.store\/wp-content\/uploads\/2022\/11\/Racers-Sports-Car-Sluban-M38-B1085-1-768x768.jpg 768w, https:\/\/mouldking.store\/wp-content\/uploads\/2022\/11\/Racers-Sports-Car-Sluban-M38-B1085-1-600x600.jpg 600w, https:\/\/mouldking.store\/wp-content\/uploads\/2022\/11\/Racers-Sports-Car-Sluban-M38-B1085-1-150x150.jpg 150w, https:\/\/mouldking.store\/wp-content\/uploads\/2022\/11\/Racers-Sports-Car-Sluban-M38-B1085-1-60x60.jpg 60w, https:\/\/mouldking.store\/wp-content\/uploads\/2022\/11\/Racers-Sports-Car-Sluban-M38-B1085-1-90x90.jpg 90w\" sizes=\"(max-width: 800px) 100vw, 800px\" \/><figcaption id=\"caption-attachment-35628\" class=\"wp-caption-text\">Sluban M38-B1085 Racers Sportwagen mit 328 Teilen<\/figcaption><\/figure>","protected":false},"excerpt":{"rendered":"<p>Keine Originalverpackung<\/p>","protected":false},"featured_media":35624,"comment_status":"closed","ping_status":"closed","template":"","meta":{"_acf_changed":false},"product_cat":[1360,1357],"product_tag":[7773,7761,7774,7517,7775,7772,5166],"class_list":["product","first","instock","shipping-taxable","purchasable","product-type-simple"],"acf":[],"_links":{"self":[{"href":"https:\/\/mouldking.store\/de\/wp-json\/wp\/v2\/product\/35623","targetHints":{"allow":["GET"]}}],"collection":[{"href":"https:\/\/mouldking.store\/de\/wp-json\/wp\/v2\/product"}],"about":[{"href":"https:\/\/mouldking.store\/de\/wp-json\/wp\/v2\/types\/product"}],"replies":[{"embeddable":true,"href":"https:\/\/mouldking.store\/de\/wp-json\/wp\/v2\/comments?post=35623"}],"wp:featuredmedia":[{"embeddable":true,"href":"https:\/\/mouldking.store\/de\/wp-json\/wp\/v2\/media\/35624"}],"wp:attachment":[{"href":"https:\/\/mouldking.store\/de\/wp-json\/wp\/v2\/media?parent=35623"}],"wp:term":[{"taxonomy":"product_cat","embeddable":true,"href":"https:\/\/mouldking.store\/de\/wp-json\/wp\/v2\/product_cat?post=35623"},{"taxonomy":"product_tag","embeddable":true,"href":"https:\/\/mouldking.store\/de\/wp-json\/wp\/v2\/product_tag?post=35623"}],"curies":[{"name":"wp","href":"https:\/\/api.w.org\/{rel}","templated":true}]}}