{"id":35636,"date":"2022-11-21T17:11:37","date_gmt":"2022-11-21T10:11:37","guid":{"rendered":"https:\/\/mouldking.store\/?post_type=product&#038;p=35636"},"modified":"2022-11-21T17:11:37","modified_gmt":"2022-11-21T10:11:37","slug":"sembo-605026-romantic-christmas-bouquet-with-2963-pieces","status":"publish","type":"product","link":"https:\/\/mouldking.store\/de\/shop\/sembo-605026-romantic-christmas-bouquet-with-2963-pieces\/","title":{"rendered":"SEMBO 605026 Romantischer Weihnachtsstrau\u00df mit 2963 St\u00fcck"},"content":{"rendered":"<p>Produktinformation:<\/p>\n<ol>\n<li>Marke: SEMBO<\/li>\n<li>Geschlecht: Unisex<\/li>\n<li>Name: Romantic Christmas Bouquet<\/li>\n<li>Altersspanne: &gt; 6 Jahre alt<\/li>\n<li>Model Number: 605026<\/li>\n<li>Einstufung: Assemblage<\/li>\n<li>Kunststoffblockform: Selbstsichernde Steine<\/li>\n<li>Material: Kunststoff<\/li>\n<li>Kunststofftyp: ABS<\/li>\n<li>Ziegelsteine: 2963 PCS<\/li>\n<li>Size: 27 \u00d7 22 \u00d7 31 cm<\/li>\n<li>Enth\u00e4lt eine ausf\u00fchrliche Montageanleitung.<\/li>\n<\/ol>\n<p>Notiz:<br \/>\n1. Ohne Originalverpackung, aber wir garantieren, dass unsere Produkte eine Qualit\u00e4tssicherung und eine sch\u00f6ne Verpackung haben.<br \/>\n2. Wie alle Teile, die wir vor dem Versand \u00fcberpr\u00fcft haben, machen Sie sich keine Sorgen, wenn Sie feststellen, dass einige Teile fehlen oder besch\u00e4digt sind, und kontaktieren Sie uns einfach, und wir k\u00f6nnen sie Ihnen umgehend kostenlos erneut zusenden.<\/p>\n<figure id=\"attachment_35637\" aria-describedby=\"caption-attachment-35637\" style=\"width: 800px\" class=\"wp-caption aligncenter\"><img fetchpriority=\"high\" decoding=\"async\" class=\"wp-image-35637 size-full\" src=\"https:\/\/mouldking.store\/wp-content\/uploads\/2022\/11\/Romantic-Christmas-Bouquet-SEMBO-605026-5.jpg\" alt=\"SEMBO 605026 Romantic Christmas Bouquet With 2963 Pieces\" width=\"800\" height=\"800\" title=\"-\" srcset=\"https:\/\/mouldking.store\/wp-content\/uploads\/2022\/11\/Romantic-Christmas-Bouquet-SEMBO-605026-5.jpg 800w, https:\/\/mouldking.store\/wp-content\/uploads\/2022\/11\/Romantic-Christmas-Bouquet-SEMBO-605026-5-300x300.jpg 300w, https:\/\/mouldking.store\/wp-content\/uploads\/2022\/11\/Romantic-Christmas-Bouquet-SEMBO-605026-5-768x768.jpg 768w, https:\/\/mouldking.store\/wp-content\/uploads\/2022\/11\/Romantic-Christmas-Bouquet-SEMBO-605026-5-600x600.jpg 600w, https:\/\/mouldking.store\/wp-content\/uploads\/2022\/11\/Romantic-Christmas-Bouquet-SEMBO-605026-5-150x150.jpg 150w, https:\/\/mouldking.store\/wp-content\/uploads\/2022\/11\/Romantic-Christmas-Bouquet-SEMBO-605026-5-60x60.jpg 60w, https:\/\/mouldking.store\/wp-content\/uploads\/2022\/11\/Romantic-Christmas-Bouquet-SEMBO-605026-5-90x90.jpg 90w\" sizes=\"(max-width: 800px) 100vw, 800px\" \/><figcaption id=\"caption-attachment-35637\" class=\"wp-caption-text\">SEMBO 605026 Romantischer Weihnachtsstrau\u00df mit 2963 St\u00fcck<\/figcaption><\/figure>\n<figure id=\"attachment_35638\" aria-describedby=\"caption-attachment-35638\" style=\"width: 800px\" class=\"wp-caption aligncenter\"><img decoding=\"async\" class=\"wp-image-35638 size-full\" src=\"https:\/\/mouldking.store\/wp-content\/uploads\/2022\/11\/Romantic-Christmas-Bouquet-SEMBO-605026-4.jpg\" alt=\"SEMBO 605026 Romantic Christmas Bouquet With 2963 Pieces\" width=\"800\" height=\"800\" title=\"-\" srcset=\"https:\/\/mouldking.store\/wp-content\/uploads\/2022\/11\/Romantic-Christmas-Bouquet-SEMBO-605026-4.jpg 800w, https:\/\/mouldking.store\/wp-content\/uploads\/2022\/11\/Romantic-Christmas-Bouquet-SEMBO-605026-4-300x300.jpg 300w, https:\/\/mouldking.store\/wp-content\/uploads\/2022\/11\/Romantic-Christmas-Bouquet-SEMBO-605026-4-768x768.jpg 768w, https:\/\/mouldking.store\/wp-content\/uploads\/2022\/11\/Romantic-Christmas-Bouquet-SEMBO-605026-4-600x600.jpg 600w, https:\/\/mouldking.store\/wp-content\/uploads\/2022\/11\/Romantic-Christmas-Bouquet-SEMBO-605026-4-150x150.jpg 150w, https:\/\/mouldking.store\/wp-content\/uploads\/2022\/11\/Romantic-Christmas-Bouquet-SEMBO-605026-4-60x60.jpg 60w, https:\/\/mouldking.store\/wp-content\/uploads\/2022\/11\/Romantic-Christmas-Bouquet-SEMBO-605026-4-90x90.jpg 90w\" sizes=\"(max-width: 800px) 100vw, 800px\" \/><figcaption id=\"caption-attachment-35638\" class=\"wp-caption-text\">SEMBO 605026 Romantischer Weihnachtsstrau\u00df mit 2963 St\u00fcck<\/figcaption><\/figure>\n<figure id=\"attachment_35639\" aria-describedby=\"caption-attachment-35639\" style=\"width: 800px\" class=\"wp-caption aligncenter\"><img decoding=\"async\" class=\"wp-image-35639 size-full\" src=\"https:\/\/mouldking.store\/wp-content\/uploads\/2022\/11\/Romantic-Christmas-Bouquet-SEMBO-605026-3.jpg\" alt=\"SEMBO 605026 Romantic Christmas Bouquet With 2963 Pieces\" width=\"800\" height=\"800\" title=\"-\" srcset=\"https:\/\/mouldking.store\/wp-content\/uploads\/2022\/11\/Romantic-Christmas-Bouquet-SEMBO-605026-3.jpg 800w, https:\/\/mouldking.store\/wp-content\/uploads\/2022\/11\/Romantic-Christmas-Bouquet-SEMBO-605026-3-300x300.jpg 300w, https:\/\/mouldking.store\/wp-content\/uploads\/2022\/11\/Romantic-Christmas-Bouquet-SEMBO-605026-3-768x768.jpg 768w, https:\/\/mouldking.store\/wp-content\/uploads\/2022\/11\/Romantic-Christmas-Bouquet-SEMBO-605026-3-600x600.jpg 600w, https:\/\/mouldking.store\/wp-content\/uploads\/2022\/11\/Romantic-Christmas-Bouquet-SEMBO-605026-3-150x150.jpg 150w, https:\/\/mouldking.store\/wp-content\/uploads\/2022\/11\/Romantic-Christmas-Bouquet-SEMBO-605026-3-60x60.jpg 60w, https:\/\/mouldking.store\/wp-content\/uploads\/2022\/11\/Romantic-Christmas-Bouquet-SEMBO-605026-3-90x90.jpg 90w\" sizes=\"(max-width: 800px) 100vw, 800px\" \/><figcaption id=\"caption-attachment-35639\" class=\"wp-caption-text\">SEMBO 605026 Romantischer Weihnachtsstrau\u00df mit 2963 St\u00fcck<\/figcaption><\/figure>\n<figure id=\"attachment_35640\" aria-describedby=\"caption-attachment-35640\" style=\"width: 800px\" class=\"wp-caption aligncenter\"><img loading=\"lazy\" decoding=\"async\" class=\"wp-image-35640 size-full\" src=\"https:\/\/mouldking.store\/wp-content\/uploads\/2022\/11\/Romantic-Christmas-Bouquet-SEMBO-605026-2.jpg\" alt=\"SEMBO 605026 Romantic Christmas Bouquet With 2963 Pieces\" width=\"800\" height=\"800\" title=\"-\" srcset=\"https:\/\/mouldking.store\/wp-content\/uploads\/2022\/11\/Romantic-Christmas-Bouquet-SEMBO-605026-2.jpg 800w, https:\/\/mouldking.store\/wp-content\/uploads\/2022\/11\/Romantic-Christmas-Bouquet-SEMBO-605026-2-300x300.jpg 300w, https:\/\/mouldking.store\/wp-content\/uploads\/2022\/11\/Romantic-Christmas-Bouquet-SEMBO-605026-2-768x768.jpg 768w, https:\/\/mouldking.store\/wp-content\/uploads\/2022\/11\/Romantic-Christmas-Bouquet-SEMBO-605026-2-600x600.jpg 600w, https:\/\/mouldking.store\/wp-content\/uploads\/2022\/11\/Romantic-Christmas-Bouquet-SEMBO-605026-2-150x150.jpg 150w, https:\/\/mouldking.store\/wp-content\/uploads\/2022\/11\/Romantic-Christmas-Bouquet-SEMBO-605026-2-60x60.jpg 60w, https:\/\/mouldking.store\/wp-content\/uploads\/2022\/11\/Romantic-Christmas-Bouquet-SEMBO-605026-2-90x90.jpg 90w\" sizes=\"(max-width: 800px) 100vw, 800px\" \/><figcaption id=\"caption-attachment-35640\" class=\"wp-caption-text\">SEMBO 605026 Romantischer Weihnachtsstrau\u00df mit 2963 St\u00fcck<\/figcaption><\/figure>\n<figure id=\"attachment_35641\" aria-describedby=\"caption-attachment-35641\" style=\"width: 800px\" class=\"wp-caption aligncenter\"><img loading=\"lazy\" decoding=\"async\" class=\"wp-image-35641 size-full\" src=\"https:\/\/mouldking.store\/wp-content\/uploads\/2022\/11\/Romantic-Christmas-Bouquet-SEMBO-605026-1.jpg\" alt=\"SEMBO 605026 Romantic Christmas Bouquet With 2963 Pieces\" width=\"800\" height=\"800\" title=\"-\" srcset=\"https:\/\/mouldking.store\/wp-content\/uploads\/2022\/11\/Romantic-Christmas-Bouquet-SEMBO-605026-1.jpg 800w, https:\/\/mouldking.store\/wp-content\/uploads\/2022\/11\/Romantic-Christmas-Bouquet-SEMBO-605026-1-300x300.jpg 300w, https:\/\/mouldking.store\/wp-content\/uploads\/2022\/11\/Romantic-Christmas-Bouquet-SEMBO-605026-1-768x768.jpg 768w, https:\/\/mouldking.store\/wp-content\/uploads\/2022\/11\/Romantic-Christmas-Bouquet-SEMBO-605026-1-600x600.jpg 600w, https:\/\/mouldking.store\/wp-content\/uploads\/2022\/11\/Romantic-Christmas-Bouquet-SEMBO-605026-1-150x150.jpg 150w, https:\/\/mouldking.store\/wp-content\/uploads\/2022\/11\/Romantic-Christmas-Bouquet-SEMBO-605026-1-60x60.jpg 60w, https:\/\/mouldking.store\/wp-content\/uploads\/2022\/11\/Romantic-Christmas-Bouquet-SEMBO-605026-1-90x90.jpg 90w\" sizes=\"(max-width: 800px) 100vw, 800px\" \/><figcaption id=\"caption-attachment-35641\" class=\"wp-caption-text\">SEMBO 605026 Romantischer Weihnachtsstrau\u00df mit 2963 St\u00fcck<\/figcaption><\/figure>","protected":false},"excerpt":{"rendered":"<p>Product information: Brand: SEMBO Gender: Unisex Name: Romantic Christmas Bouquet Age Range: &gt; 6 years old Model Number: 605026 Classification: Assemblage Plastic Block Shape: Self-Locking Bricks Material: Plastic Plastic Type: ABS Bricks Blocks:2963 PCS Size: 27 \u00d7 22 \u00d7 31 cm Contains detailed assembly instructions. Notice: 1. Without an original box, but we guarantee our [&hellip;]<\/p>","protected":false},"featured_media":35637,"comment_status":"closed","ping_status":"closed","template":"","meta":{"_acf_changed":false},"product_cat":[1365],"product_tag":[7785,2617,1066,7786,7787,1491,7788,7789,7784],"class_list":["product","first","instock","shipping-taxable","purchasable","product-type-simple"],"acf":[],"_links":{"self":[{"href":"https:\/\/mouldking.store\/de\/wp-json\/wp\/v2\/product\/35636","targetHints":{"allow":["GET"]}}],"collection":[{"href":"https:\/\/mouldking.store\/de\/wp-json\/wp\/v2\/product"}],"about":[{"href":"https:\/\/mouldking.store\/de\/wp-json\/wp\/v2\/types\/product"}],"replies":[{"embeddable":true,"href":"https:\/\/mouldking.store\/de\/wp-json\/wp\/v2\/comments?post=35636"}],"wp:featuredmedia":[{"embeddable":true,"href":"https:\/\/mouldking.store\/de\/wp-json\/wp\/v2\/media\/35637"}],"wp:attachment":[{"href":"https:\/\/mouldking.store\/de\/wp-json\/wp\/v2\/media?parent=35636"}],"wp:term":[{"taxonomy":"product_cat","embeddable":true,"href":"https:\/\/mouldking.store\/de\/wp-json\/wp\/v2\/product_cat?post=35636"},{"taxonomy":"product_tag","embeddable":true,"href":"https:\/\/mouldking.store\/de\/wp-json\/wp\/v2\/product_tag?post=35636"}],"curies":[{"name":"wp","href":"https:\/\/api.w.org\/{rel}","templated":true}]}}