{"id":35666,"date":"2022-11-22T09:56:05","date_gmt":"2022-11-22T02:56:05","guid":{"rendered":"https:\/\/mouldking.store\/?post_type=product&#038;p=35666"},"modified":"2022-11-22T09:56:05","modified_gmt":"2022-11-22T02:56:05","slug":"mould-king-19013-motor-dump-truck-8x8-with-5768-pieces","status":"publish","type":"product","link":"https:\/\/mouldking.store\/de\/shop\/mould-king-19013-motor-dump-truck-8x8-with-5768-pieces\/","title":{"rendered":"MOLD KING 19013 Motor Muldenkipper 8\u00d78 mit 5768 Teilen"},"content":{"rendered":"<p>Produktinformation:<\/p>\n<ol>\n<li>Marke: Mould King<\/li>\n<li>Geschlecht: Unisex<\/li>\n<li>Name: Motormuldenkipper 8\u00d78<\/li>\n<li>Altersspanne: &gt; 6 Jahre alt<\/li>\n<li>Modellnummer: 19013<\/li>\n<li>Einstufung: Assemblage<\/li>\n<li>Kunststoffblockform: Selbstsichernde Steine<\/li>\n<li>Material: Kunststoff<\/li>\n<li>Kunststofftyp: ABS<\/li>\n<li>Ziegelsteine: 5768 ST\u00dcCKE<\/li>\n<li>Gr\u00f6\u00dfe: 75,4 \u00d7 27 \u00d7 40,5 cm<\/li>\n<li>Enth\u00e4lt eine ausf\u00fchrliche Montageanleitung.<\/li>\n<\/ol>\n<p>Notiz:<br \/>\n1. Ohne Originalverpackung, aber wir garantieren, dass unsere Produkte eine Qualit\u00e4tssicherung und eine sch\u00f6ne Verpackung haben.<br \/>\n2. Wie alle Teile, die wir vor dem Versand \u00fcberpr\u00fcft haben, machen Sie sich keine Sorgen, wenn Sie feststellen, dass einige Teile fehlen oder besch\u00e4digt sind, und kontaktieren Sie uns einfach, und wir k\u00f6nnen sie Ihnen umgehend kostenlos erneut zusenden.<\/p>\n<figure id=\"attachment_35667\" aria-describedby=\"caption-attachment-35667\" style=\"width: 1024px\" class=\"wp-caption aligncenter\"><img fetchpriority=\"high\" decoding=\"async\" class=\"wp-image-35667 size-full\" src=\"https:\/\/mouldking.store\/wp-content\/uploads\/2022\/11\/Motor-Dump-Truck-8x8-MOULD-KING-19013-6.jpg\" alt=\"MOULD KING 19013 Motor Dump Truck 8\u00d78 With 5768 Pieces\" width=\"1024\" height=\"1024\" title=\"-\" srcset=\"https:\/\/mouldking.store\/wp-content\/uploads\/2022\/11\/Motor-Dump-Truck-8x8-MOULD-KING-19013-6.jpg 1024w, https:\/\/mouldking.store\/wp-content\/uploads\/2022\/11\/Motor-Dump-Truck-8x8-MOULD-KING-19013-6-300x300.jpg 300w, https:\/\/mouldking.store\/wp-content\/uploads\/2022\/11\/Motor-Dump-Truck-8x8-MOULD-KING-19013-6-768x768.jpg 768w, https:\/\/mouldking.store\/wp-content\/uploads\/2022\/11\/Motor-Dump-Truck-8x8-MOULD-KING-19013-6-600x600.jpg 600w, https:\/\/mouldking.store\/wp-content\/uploads\/2022\/11\/Motor-Dump-Truck-8x8-MOULD-KING-19013-6-150x150.jpg 150w, https:\/\/mouldking.store\/wp-content\/uploads\/2022\/11\/Motor-Dump-Truck-8x8-MOULD-KING-19013-6-60x60.jpg 60w, https:\/\/mouldking.store\/wp-content\/uploads\/2022\/11\/Motor-Dump-Truck-8x8-MOULD-KING-19013-6-90x90.jpg 90w\" sizes=\"(max-width: 1024px) 100vw, 1024px\" \/><figcaption id=\"caption-attachment-35667\" class=\"wp-caption-text\">MOLD KING 19013 Motor Muldenkipper 8\u00d78 mit 5768 Teilen<\/figcaption><\/figure>\n<figure id=\"attachment_35668\" aria-describedby=\"caption-attachment-35668\" style=\"width: 1024px\" class=\"wp-caption aligncenter\"><img decoding=\"async\" class=\"wp-image-35668 size-large\" src=\"https:\/\/mouldking.store\/wp-content\/uploads\/2022\/11\/Motor-Dump-Truck-8x8-MOULD-KING-19013-5-1024x1024.jpg\" alt=\"MOULD KING 19013 Motor Dump Truck 8\u00d78 With 5768 Pieces\" width=\"1024\" height=\"1024\" title=\"-\" srcset=\"https:\/\/mouldking.store\/wp-content\/uploads\/2022\/11\/Motor-Dump-Truck-8x8-MOULD-KING-19013-5-1024x1024.jpg 1024w, https:\/\/mouldking.store\/wp-content\/uploads\/2022\/11\/Motor-Dump-Truck-8x8-MOULD-KING-19013-5-300x300.jpg 300w, https:\/\/mouldking.store\/wp-content\/uploads\/2022\/11\/Motor-Dump-Truck-8x8-MOULD-KING-19013-5-768x768.jpg 768w, https:\/\/mouldking.store\/wp-content\/uploads\/2022\/11\/Motor-Dump-Truck-8x8-MOULD-KING-19013-5-1536x1536.jpg 1536w, https:\/\/mouldking.store\/wp-content\/uploads\/2022\/11\/Motor-Dump-Truck-8x8-MOULD-KING-19013-5-2048x2048.jpg 2048w, https:\/\/mouldking.store\/wp-content\/uploads\/2022\/11\/Motor-Dump-Truck-8x8-MOULD-KING-19013-5-600x600.jpg 600w, https:\/\/mouldking.store\/wp-content\/uploads\/2022\/11\/Motor-Dump-Truck-8x8-MOULD-KING-19013-5-150x150.jpg 150w, https:\/\/mouldking.store\/wp-content\/uploads\/2022\/11\/Motor-Dump-Truck-8x8-MOULD-KING-19013-5-60x60.jpg 60w, https:\/\/mouldking.store\/wp-content\/uploads\/2022\/11\/Motor-Dump-Truck-8x8-MOULD-KING-19013-5-90x90.jpg 90w\" sizes=\"(max-width: 1024px) 100vw, 1024px\" \/><figcaption id=\"caption-attachment-35668\" class=\"wp-caption-text\">MOLD KING 19013 Motor Muldenkipper 8\u00d78 mit 5768 Teilen<\/figcaption><\/figure>\n<figure id=\"attachment_35669\" aria-describedby=\"caption-attachment-35669\" style=\"width: 1024px\" class=\"wp-caption aligncenter\"><img decoding=\"async\" class=\"wp-image-35669 size-large\" src=\"https:\/\/mouldking.store\/wp-content\/uploads\/2022\/11\/Motor-Dump-Truck-8x8-MOULD-KING-19013-4-1024x1024.jpg\" alt=\"MOULD KING 19013 Motor Dump Truck 8\u00d78 With 5768 Pieces\" width=\"1024\" height=\"1024\" title=\"-\" srcset=\"https:\/\/mouldking.store\/wp-content\/uploads\/2022\/11\/Motor-Dump-Truck-8x8-MOULD-KING-19013-4-1024x1024.jpg 1024w, https:\/\/mouldking.store\/wp-content\/uploads\/2022\/11\/Motor-Dump-Truck-8x8-MOULD-KING-19013-4-300x300.jpg 300w, https:\/\/mouldking.store\/wp-content\/uploads\/2022\/11\/Motor-Dump-Truck-8x8-MOULD-KING-19013-4-768x768.jpg 768w, https:\/\/mouldking.store\/wp-content\/uploads\/2022\/11\/Motor-Dump-Truck-8x8-MOULD-KING-19013-4-600x600.jpg 600w, https:\/\/mouldking.store\/wp-content\/uploads\/2022\/11\/Motor-Dump-Truck-8x8-MOULD-KING-19013-4-150x150.jpg 150w, https:\/\/mouldking.store\/wp-content\/uploads\/2022\/11\/Motor-Dump-Truck-8x8-MOULD-KING-19013-4-60x60.jpg 60w, https:\/\/mouldking.store\/wp-content\/uploads\/2022\/11\/Motor-Dump-Truck-8x8-MOULD-KING-19013-4-90x90.jpg 90w, https:\/\/mouldking.store\/wp-content\/uploads\/2022\/11\/Motor-Dump-Truck-8x8-MOULD-KING-19013-4.jpg 1026w\" sizes=\"(max-width: 1024px) 100vw, 1024px\" \/><figcaption id=\"caption-attachment-35669\" class=\"wp-caption-text\">MOLD KING 19013 Motor Muldenkipper 8\u00d78 mit 5768 Teilen<\/figcaption><\/figure>\n<figure id=\"attachment_35670\" aria-describedby=\"caption-attachment-35670\" style=\"width: 1026px\" class=\"wp-caption aligncenter\"><img loading=\"lazy\" decoding=\"async\" class=\"wp-image-35670 size-full\" src=\"https:\/\/mouldking.store\/wp-content\/uploads\/2022\/11\/Motor-Dump-Truck-8x8-MOULD-KING-19013-3.jpg\" alt=\"MOULD KING 19013 Motor Dump Truck 8\u00d78 With 5768 Pieces\" width=\"1026\" height=\"1026\" title=\"-\" srcset=\"https:\/\/mouldking.store\/wp-content\/uploads\/2022\/11\/Motor-Dump-Truck-8x8-MOULD-KING-19013-3.jpg 1026w, https:\/\/mouldking.store\/wp-content\/uploads\/2022\/11\/Motor-Dump-Truck-8x8-MOULD-KING-19013-3-300x300.jpg 300w, https:\/\/mouldking.store\/wp-content\/uploads\/2022\/11\/Motor-Dump-Truck-8x8-MOULD-KING-19013-3-1024x1024.jpg 1024w, https:\/\/mouldking.store\/wp-content\/uploads\/2022\/11\/Motor-Dump-Truck-8x8-MOULD-KING-19013-3-768x768.jpg 768w, https:\/\/mouldking.store\/wp-content\/uploads\/2022\/11\/Motor-Dump-Truck-8x8-MOULD-KING-19013-3-600x600.jpg 600w, https:\/\/mouldking.store\/wp-content\/uploads\/2022\/11\/Motor-Dump-Truck-8x8-MOULD-KING-19013-3-150x150.jpg 150w, https:\/\/mouldking.store\/wp-content\/uploads\/2022\/11\/Motor-Dump-Truck-8x8-MOULD-KING-19013-3-60x60.jpg 60w, https:\/\/mouldking.store\/wp-content\/uploads\/2022\/11\/Motor-Dump-Truck-8x8-MOULD-KING-19013-3-90x90.jpg 90w\" sizes=\"(max-width: 1026px) 100vw, 1026px\" \/><figcaption id=\"caption-attachment-35670\" class=\"wp-caption-text\">MOLD KING 19013 Motor Muldenkipper 8\u00d78 mit 5768 Teilen<\/figcaption><\/figure>\n<figure id=\"attachment_35671\" aria-describedby=\"caption-attachment-35671\" style=\"width: 1024px\" class=\"wp-caption aligncenter\"><img loading=\"lazy\" decoding=\"async\" class=\"wp-image-35671 size-large\" src=\"https:\/\/mouldking.store\/wp-content\/uploads\/2022\/11\/Motor-Dump-Truck-8x8-MOULD-KING-19013-2-1024x1024.jpg\" alt=\"MOULD KING 19013 Motor Dump Truck 8\u00d78 With 5768 Pieces\" width=\"1024\" height=\"1024\" title=\"-\" srcset=\"https:\/\/mouldking.store\/wp-content\/uploads\/2022\/11\/Motor-Dump-Truck-8x8-MOULD-KING-19013-2-1024x1024.jpg 1024w, https:\/\/mouldking.store\/wp-content\/uploads\/2022\/11\/Motor-Dump-Truck-8x8-MOULD-KING-19013-2-300x300.jpg 300w, https:\/\/mouldking.store\/wp-content\/uploads\/2022\/11\/Motor-Dump-Truck-8x8-MOULD-KING-19013-2-768x768.jpg 768w, https:\/\/mouldking.store\/wp-content\/uploads\/2022\/11\/Motor-Dump-Truck-8x8-MOULD-KING-19013-2-600x600.jpg 600w, https:\/\/mouldking.store\/wp-content\/uploads\/2022\/11\/Motor-Dump-Truck-8x8-MOULD-KING-19013-2-150x150.jpg 150w, https:\/\/mouldking.store\/wp-content\/uploads\/2022\/11\/Motor-Dump-Truck-8x8-MOULD-KING-19013-2-60x60.jpg 60w, https:\/\/mouldking.store\/wp-content\/uploads\/2022\/11\/Motor-Dump-Truck-8x8-MOULD-KING-19013-2-90x90.jpg 90w, https:\/\/mouldking.store\/wp-content\/uploads\/2022\/11\/Motor-Dump-Truck-8x8-MOULD-KING-19013-2.jpg 1026w\" sizes=\"(max-width: 1024px) 100vw, 1024px\" \/><figcaption id=\"caption-attachment-35671\" class=\"wp-caption-text\">MOLD KING 19013 Motor Muldenkipper 8\u00d78 mit 5768 Teilen<\/figcaption><\/figure>\n<figure id=\"attachment_35672\" aria-describedby=\"caption-attachment-35672\" style=\"width: 888px\" class=\"wp-caption aligncenter\"><img loading=\"lazy\" decoding=\"async\" class=\"wp-image-35672 size-full\" src=\"https:\/\/mouldking.store\/wp-content\/uploads\/2022\/11\/Motor-Dump-Truck-8x8-MOULD-KING-19013-1.jpg\" alt=\"MOULD KING 19013 Motor Dump Truck 8\u00d78 With 5768 Pieces\" width=\"888\" height=\"888\" title=\"-\" srcset=\"https:\/\/mouldking.store\/wp-content\/uploads\/2022\/11\/Motor-Dump-Truck-8x8-MOULD-KING-19013-1.jpg 888w, https:\/\/mouldking.store\/wp-content\/uploads\/2022\/11\/Motor-Dump-Truck-8x8-MOULD-KING-19013-1-300x300.jpg 300w, https:\/\/mouldking.store\/wp-content\/uploads\/2022\/11\/Motor-Dump-Truck-8x8-MOULD-KING-19013-1-768x768.jpg 768w, https:\/\/mouldking.store\/wp-content\/uploads\/2022\/11\/Motor-Dump-Truck-8x8-MOULD-KING-19013-1-600x600.jpg 600w, https:\/\/mouldking.store\/wp-content\/uploads\/2022\/11\/Motor-Dump-Truck-8x8-MOULD-KING-19013-1-150x150.jpg 150w, https:\/\/mouldking.store\/wp-content\/uploads\/2022\/11\/Motor-Dump-Truck-8x8-MOULD-KING-19013-1-60x60.jpg 60w, https:\/\/mouldking.store\/wp-content\/uploads\/2022\/11\/Motor-Dump-Truck-8x8-MOULD-KING-19013-1-90x90.jpg 90w\" sizes=\"(max-width: 888px) 100vw, 888px\" \/><figcaption id=\"caption-attachment-35672\" class=\"wp-caption-text\">MOLD KING 19013 Motor Muldenkipper 8\u00d78 mit 5768 Teilen<\/figcaption><\/figure>","protected":false},"excerpt":{"rendered":"<p>Product information: Brand: Mould King Gender: Unisex Name: Motor Dump Truck 8\u00d78 Age Range: &gt; 6 years old Model Number: 19013 Classification: Assemblage Plastic Block Shape: Self-Locking Bricks Material: Plastic Plastic Type: ABS Bricks Blocks:5768 PCS Size: 75.4 \u00d7 27 \u00d7 40.5 cm Contains detailed assembly instructions. Notice: 1. Without an original box, but we [&hellip;]<\/p>","protected":false},"featured_media":35667,"comment_status":"closed","ping_status":"closed","template":"","meta":{"_acf_changed":false},"product_cat":[1357],"product_tag":[7813,2900,7815,7814,615,7816,7817,7812,466],"class_list":["product","first","instock","shipping-taxable","purchasable","product-type-simple"],"acf":[],"_links":{"self":[{"href":"https:\/\/mouldking.store\/de\/wp-json\/wp\/v2\/product\/35666","targetHints":{"allow":["GET"]}}],"collection":[{"href":"https:\/\/mouldking.store\/de\/wp-json\/wp\/v2\/product"}],"about":[{"href":"https:\/\/mouldking.store\/de\/wp-json\/wp\/v2\/types\/product"}],"replies":[{"embeddable":true,"href":"https:\/\/mouldking.store\/de\/wp-json\/wp\/v2\/comments?post=35666"}],"wp:featuredmedia":[{"embeddable":true,"href":"https:\/\/mouldking.store\/de\/wp-json\/wp\/v2\/media\/35667"}],"wp:attachment":[{"href":"https:\/\/mouldking.store\/de\/wp-json\/wp\/v2\/media?parent=35666"}],"wp:term":[{"taxonomy":"product_cat","embeddable":true,"href":"https:\/\/mouldking.store\/de\/wp-json\/wp\/v2\/product_cat?post=35666"},{"taxonomy":"product_tag","embeddable":true,"href":"https:\/\/mouldking.store\/de\/wp-json\/wp\/v2\/product_tag?post=35666"}],"curies":[{"name":"wp","href":"https:\/\/api.w.org\/{rel}","templated":true}]}}