{"id":35678,"date":"2022-11-22T10:08:39","date_gmt":"2022-11-22T03:08:39","guid":{"rendered":"https:\/\/mouldking.store\/?post_type=product&#038;p=35678"},"modified":"2022-11-22T10:08:40","modified_gmt":"2022-11-22T03:08:40","slug":"jiestar-92031-amenoma-kageuchi-knife-with-748-pieces","status":"publish","type":"product","link":"https:\/\/mouldking.store\/de\/shop\/jiestar-92031-amenoma-kageuchi-knife-with-748-pieces\/","title":{"rendered":"JIESTAR 92031 Amenoma Kageuchi Messer mit 748 Teilen"},"content":{"rendered":"<p>Produktinformation:<\/p>\n<ol>\n<li>Marke: JIESTAR<\/li>\n<li>Geschlecht: Unisex<\/li>\n<li>Name: Amenoma Kageuchi Knife<\/li>\n<li>Altersspanne: &gt; 6 Jahre alt<\/li>\n<li>Model Number: 92031<\/li>\n<li>Einstufung: Assemblage<\/li>\n<li>Kunststoffblockform: Selbstsichernde Steine<\/li>\n<li>Material: Kunststoff<\/li>\n<li>Kunststofftyp: ABS<\/li>\n<li>Bricks Blocks:748 PCS<\/li>\n<li>Size: 64.5 \u00d7 23 \u00d7 7 cm<\/li>\n<li>Enth\u00e4lt eine ausf\u00fchrliche Montageanleitung.<\/li>\n<\/ol>\n<p>Notiz:<br \/>\n1. Ohne Originalverpackung, aber wir garantieren, dass unsere Produkte eine Qualit\u00e4tssicherung und eine sch\u00f6ne Verpackung haben.<br \/>\n2. Wie alle Teile, die wir vor dem Versand \u00fcberpr\u00fcft haben, machen Sie sich keine Sorgen, wenn Sie feststellen, dass einige Teile fehlen oder besch\u00e4digt sind, und kontaktieren Sie uns einfach, und wir k\u00f6nnen sie Ihnen umgehend kostenlos erneut zusenden.<\/p>\n<figure id=\"attachment_35679\" aria-describedby=\"caption-attachment-35679\" style=\"width: 800px\" class=\"wp-caption aligncenter\"><img fetchpriority=\"high\" decoding=\"async\" class=\"wp-image-35679 size-full\" src=\"https:\/\/mouldking.store\/wp-content\/uploads\/2022\/11\/Amenoma-Kageuchi-Knife-JIESTAR-92031-6.jpg\" alt=\"JIESTAR 92031 Amenoma Kageuchi Knife With 748 Pieces\" width=\"800\" height=\"800\" title=\"-\" srcset=\"https:\/\/mouldking.store\/wp-content\/uploads\/2022\/11\/Amenoma-Kageuchi-Knife-JIESTAR-92031-6.jpg 800w, https:\/\/mouldking.store\/wp-content\/uploads\/2022\/11\/Amenoma-Kageuchi-Knife-JIESTAR-92031-6-300x300.jpg 300w, https:\/\/mouldking.store\/wp-content\/uploads\/2022\/11\/Amenoma-Kageuchi-Knife-JIESTAR-92031-6-768x768.jpg 768w, https:\/\/mouldking.store\/wp-content\/uploads\/2022\/11\/Amenoma-Kageuchi-Knife-JIESTAR-92031-6-600x600.jpg 600w, https:\/\/mouldking.store\/wp-content\/uploads\/2022\/11\/Amenoma-Kageuchi-Knife-JIESTAR-92031-6-150x150.jpg 150w, https:\/\/mouldking.store\/wp-content\/uploads\/2022\/11\/Amenoma-Kageuchi-Knife-JIESTAR-92031-6-60x60.jpg 60w, https:\/\/mouldking.store\/wp-content\/uploads\/2022\/11\/Amenoma-Kageuchi-Knife-JIESTAR-92031-6-90x90.jpg 90w\" sizes=\"(max-width: 800px) 100vw, 800px\" \/><figcaption id=\"caption-attachment-35679\" class=\"wp-caption-text\">JIESTAR 92031 Amenoma Kageuchi Messer mit 748 Teilen<\/figcaption><\/figure>\n<figure id=\"attachment_35680\" aria-describedby=\"caption-attachment-35680\" style=\"width: 800px\" class=\"wp-caption aligncenter\"><img decoding=\"async\" class=\"wp-image-35680 size-full\" src=\"https:\/\/mouldking.store\/wp-content\/uploads\/2022\/11\/Amenoma-Kageuchi-Knife-JIESTAR-92031-5.jpg\" alt=\"JIESTAR 92031 Amenoma Kageuchi Knife With 748 Pieces\" width=\"800\" height=\"800\" title=\"-\" srcset=\"https:\/\/mouldking.store\/wp-content\/uploads\/2022\/11\/Amenoma-Kageuchi-Knife-JIESTAR-92031-5.jpg 800w, https:\/\/mouldking.store\/wp-content\/uploads\/2022\/11\/Amenoma-Kageuchi-Knife-JIESTAR-92031-5-300x300.jpg 300w, https:\/\/mouldking.store\/wp-content\/uploads\/2022\/11\/Amenoma-Kageuchi-Knife-JIESTAR-92031-5-768x768.jpg 768w, https:\/\/mouldking.store\/wp-content\/uploads\/2022\/11\/Amenoma-Kageuchi-Knife-JIESTAR-92031-5-600x600.jpg 600w, https:\/\/mouldking.store\/wp-content\/uploads\/2022\/11\/Amenoma-Kageuchi-Knife-JIESTAR-92031-5-150x150.jpg 150w, https:\/\/mouldking.store\/wp-content\/uploads\/2022\/11\/Amenoma-Kageuchi-Knife-JIESTAR-92031-5-60x60.jpg 60w, https:\/\/mouldking.store\/wp-content\/uploads\/2022\/11\/Amenoma-Kageuchi-Knife-JIESTAR-92031-5-90x90.jpg 90w\" sizes=\"(max-width: 800px) 100vw, 800px\" \/><figcaption id=\"caption-attachment-35680\" class=\"wp-caption-text\">JIESTAR 92031 Amenoma Kageuchi Messer mit 748 Teilen<\/figcaption><\/figure>\n<figure id=\"attachment_35681\" aria-describedby=\"caption-attachment-35681\" style=\"width: 800px\" class=\"wp-caption aligncenter\"><img decoding=\"async\" class=\"wp-image-35681 size-full\" src=\"https:\/\/mouldking.store\/wp-content\/uploads\/2022\/11\/Amenoma-Kageuchi-Knife-JIESTAR-92031-4.jpg\" alt=\"JIESTAR 92031 Amenoma Kageuchi Knife With 748 Pieces\" width=\"800\" height=\"800\" title=\"-\" srcset=\"https:\/\/mouldking.store\/wp-content\/uploads\/2022\/11\/Amenoma-Kageuchi-Knife-JIESTAR-92031-4.jpg 800w, https:\/\/mouldking.store\/wp-content\/uploads\/2022\/11\/Amenoma-Kageuchi-Knife-JIESTAR-92031-4-300x300.jpg 300w, https:\/\/mouldking.store\/wp-content\/uploads\/2022\/11\/Amenoma-Kageuchi-Knife-JIESTAR-92031-4-768x768.jpg 768w, https:\/\/mouldking.store\/wp-content\/uploads\/2022\/11\/Amenoma-Kageuchi-Knife-JIESTAR-92031-4-600x600.jpg 600w, https:\/\/mouldking.store\/wp-content\/uploads\/2022\/11\/Amenoma-Kageuchi-Knife-JIESTAR-92031-4-150x150.jpg 150w, https:\/\/mouldking.store\/wp-content\/uploads\/2022\/11\/Amenoma-Kageuchi-Knife-JIESTAR-92031-4-60x60.jpg 60w, https:\/\/mouldking.store\/wp-content\/uploads\/2022\/11\/Amenoma-Kageuchi-Knife-JIESTAR-92031-4-90x90.jpg 90w\" sizes=\"(max-width: 800px) 100vw, 800px\" \/><figcaption id=\"caption-attachment-35681\" class=\"wp-caption-text\">JIESTAR 92031 Amenoma Kageuchi Messer mit 748 Teilen<\/figcaption><\/figure>\n<figure id=\"attachment_35682\" aria-describedby=\"caption-attachment-35682\" style=\"width: 800px\" class=\"wp-caption aligncenter\"><img loading=\"lazy\" decoding=\"async\" class=\"wp-image-35682 size-full\" src=\"https:\/\/mouldking.store\/wp-content\/uploads\/2022\/11\/Amenoma-Kageuchi-Knife-JIESTAR-92031-3.jpg\" alt=\"JIESTAR 92031 Amenoma Kageuchi Knife With 748 Pieces\" width=\"800\" height=\"800\" title=\"-\" srcset=\"https:\/\/mouldking.store\/wp-content\/uploads\/2022\/11\/Amenoma-Kageuchi-Knife-JIESTAR-92031-3.jpg 800w, https:\/\/mouldking.store\/wp-content\/uploads\/2022\/11\/Amenoma-Kageuchi-Knife-JIESTAR-92031-3-300x300.jpg 300w, https:\/\/mouldking.store\/wp-content\/uploads\/2022\/11\/Amenoma-Kageuchi-Knife-JIESTAR-92031-3-768x768.jpg 768w, https:\/\/mouldking.store\/wp-content\/uploads\/2022\/11\/Amenoma-Kageuchi-Knife-JIESTAR-92031-3-600x600.jpg 600w, https:\/\/mouldking.store\/wp-content\/uploads\/2022\/11\/Amenoma-Kageuchi-Knife-JIESTAR-92031-3-150x150.jpg 150w, https:\/\/mouldking.store\/wp-content\/uploads\/2022\/11\/Amenoma-Kageuchi-Knife-JIESTAR-92031-3-60x60.jpg 60w, https:\/\/mouldking.store\/wp-content\/uploads\/2022\/11\/Amenoma-Kageuchi-Knife-JIESTAR-92031-3-90x90.jpg 90w\" sizes=\"(max-width: 800px) 100vw, 800px\" \/><figcaption id=\"caption-attachment-35682\" class=\"wp-caption-text\">JIESTAR 92031 Amenoma Kageuchi Messer mit 748 Teilen<\/figcaption><\/figure>\n<figure id=\"attachment_35683\" aria-describedby=\"caption-attachment-35683\" style=\"width: 800px\" class=\"wp-caption aligncenter\"><img loading=\"lazy\" decoding=\"async\" class=\"wp-image-35683 size-full\" src=\"https:\/\/mouldking.store\/wp-content\/uploads\/2022\/11\/Amenoma-Kageuchi-Knife-JIESTAR-92031-2.jpg\" alt=\"JIESTAR 92031 Amenoma Kageuchi Knife With 748 Pieces\" width=\"800\" height=\"800\" title=\"-\" srcset=\"https:\/\/mouldking.store\/wp-content\/uploads\/2022\/11\/Amenoma-Kageuchi-Knife-JIESTAR-92031-2.jpg 800w, https:\/\/mouldking.store\/wp-content\/uploads\/2022\/11\/Amenoma-Kageuchi-Knife-JIESTAR-92031-2-300x300.jpg 300w, https:\/\/mouldking.store\/wp-content\/uploads\/2022\/11\/Amenoma-Kageuchi-Knife-JIESTAR-92031-2-768x768.jpg 768w, https:\/\/mouldking.store\/wp-content\/uploads\/2022\/11\/Amenoma-Kageuchi-Knife-JIESTAR-92031-2-600x600.jpg 600w, https:\/\/mouldking.store\/wp-content\/uploads\/2022\/11\/Amenoma-Kageuchi-Knife-JIESTAR-92031-2-150x150.jpg 150w, https:\/\/mouldking.store\/wp-content\/uploads\/2022\/11\/Amenoma-Kageuchi-Knife-JIESTAR-92031-2-60x60.jpg 60w, https:\/\/mouldking.store\/wp-content\/uploads\/2022\/11\/Amenoma-Kageuchi-Knife-JIESTAR-92031-2-90x90.jpg 90w\" sizes=\"(max-width: 800px) 100vw, 800px\" \/><figcaption id=\"caption-attachment-35683\" class=\"wp-caption-text\">JIESTAR 92031 Amenoma Kageuchi Messer mit 748 Teilen<\/figcaption><\/figure>\n<figure id=\"attachment_35684\" aria-describedby=\"caption-attachment-35684\" style=\"width: 800px\" class=\"wp-caption aligncenter\"><img loading=\"lazy\" decoding=\"async\" class=\"wp-image-35684 size-full\" src=\"https:\/\/mouldking.store\/wp-content\/uploads\/2022\/11\/Amenoma-Kageuchi-Knife-JIESTAR-92031-1.jpg\" alt=\"JIESTAR 92031 Amenoma Kageuchi Knife With 748 Pieces\" width=\"800\" height=\"800\" title=\"-\" srcset=\"https:\/\/mouldking.store\/wp-content\/uploads\/2022\/11\/Amenoma-Kageuchi-Knife-JIESTAR-92031-1.jpg 800w, https:\/\/mouldking.store\/wp-content\/uploads\/2022\/11\/Amenoma-Kageuchi-Knife-JIESTAR-92031-1-300x300.jpg 300w, https:\/\/mouldking.store\/wp-content\/uploads\/2022\/11\/Amenoma-Kageuchi-Knife-JIESTAR-92031-1-768x768.jpg 768w, https:\/\/mouldking.store\/wp-content\/uploads\/2022\/11\/Amenoma-Kageuchi-Knife-JIESTAR-92031-1-600x600.jpg 600w, https:\/\/mouldking.store\/wp-content\/uploads\/2022\/11\/Amenoma-Kageuchi-Knife-JIESTAR-92031-1-150x150.jpg 150w, https:\/\/mouldking.store\/wp-content\/uploads\/2022\/11\/Amenoma-Kageuchi-Knife-JIESTAR-92031-1-60x60.jpg 60w, https:\/\/mouldking.store\/wp-content\/uploads\/2022\/11\/Amenoma-Kageuchi-Knife-JIESTAR-92031-1-90x90.jpg 90w\" sizes=\"(max-width: 800px) 100vw, 800px\" \/><figcaption id=\"caption-attachment-35684\" class=\"wp-caption-text\">JIESTAR 92031 Amenoma Kageuchi Messer mit 748 Teilen<\/figcaption><\/figure>","protected":false},"excerpt":{"rendered":"<p>Product information: Brand: JIESTAR Gender: Unisex Name: Amenoma Kageuchi Knife Age Range: &gt; 6 years old Model Number: 92031 Classification: Assemblage Plastic Block Shape: Self-Locking Bricks Material: Plastic Plastic Type: ABS Bricks Blocks:748 PCS Size: 64.5 \u00d7 23 \u00d7 7 cm Contains detailed assembly instructions. Notice: 1. Without an original box, but we guarantee our [&hellip;]<\/p>","protected":false},"featured_media":35679,"comment_status":"closed","ping_status":"closed","template":"","meta":{"_acf_changed":false},"product_cat":[1408],"product_tag":[7825,7826,7829,7831,3075,7830,7832,7824,7827,7828],"class_list":["product","first","instock","shipping-taxable","purchasable","product-type-simple"],"acf":[],"_links":{"self":[{"href":"https:\/\/mouldking.store\/de\/wp-json\/wp\/v2\/product\/35678","targetHints":{"allow":["GET"]}}],"collection":[{"href":"https:\/\/mouldking.store\/de\/wp-json\/wp\/v2\/product"}],"about":[{"href":"https:\/\/mouldking.store\/de\/wp-json\/wp\/v2\/types\/product"}],"replies":[{"embeddable":true,"href":"https:\/\/mouldking.store\/de\/wp-json\/wp\/v2\/comments?post=35678"}],"wp:featuredmedia":[{"embeddable":true,"href":"https:\/\/mouldking.store\/de\/wp-json\/wp\/v2\/media\/35679"}],"wp:attachment":[{"href":"https:\/\/mouldking.store\/de\/wp-json\/wp\/v2\/media?parent=35678"}],"wp:term":[{"taxonomy":"product_cat","embeddable":true,"href":"https:\/\/mouldking.store\/de\/wp-json\/wp\/v2\/product_cat?post=35678"},{"taxonomy":"product_tag","embeddable":true,"href":"https:\/\/mouldking.store\/de\/wp-json\/wp\/v2\/product_tag?post=35678"}],"curies":[{"name":"wp","href":"https:\/\/api.w.org\/{rel}","templated":true}]}}