{"id":35691,"date":"2022-11-22T10:21:57","date_gmt":"2022-11-22T03:21:57","guid":{"rendered":"https:\/\/mouldking.store\/?post_type=product&#038;p=35691"},"modified":"2022-11-22T10:21:57","modified_gmt":"2022-11-22T03:21:57","slug":"panlos-672101-15-red-ducati-v4s-motorcycle-with-2098-pieces","status":"publish","type":"product","link":"https:\/\/mouldking.store\/de\/shop\/panlos-672101-15-red-ducati-v4s-motorcycle-with-2098-pieces\/","title":{"rendered":"PANLOS 672101 1:5 rotes Ducati V4S Motorrad mit 2098 Teilen"},"content":{"rendered":"<p>Produktinformation:<\/p>\n<ol>\n<li>Marke: PANLOS<\/li>\n<li>Geschlecht: Unisex<\/li>\n<li>Name: 1:5 Red Ducati V4S Motorcycle<\/li>\n<li>Altersspanne: &gt; 6 Jahre alt<\/li>\n<li>Model Number: 672101<\/li>\n<li>Einstufung: Assemblage<\/li>\n<li>Kunststoffblockform: Selbstsichernde Steine<\/li>\n<li>Material: Kunststoff<\/li>\n<li>Kunststofftyp: ABS<\/li>\n<li>Bricks Blocks:2098 PCS<\/li>\n<li>Size: 48 \u00d7 18 \u00d7 30 cm<\/li>\n<li>Enth\u00e4lt eine ausf\u00fchrliche Montageanleitung.<\/li>\n<\/ol>\n<p>Notiz:<br \/>\n1. Ohne Originalverpackung, aber wir garantieren, dass unsere Produkte eine Qualit\u00e4tssicherung und eine sch\u00f6ne Verpackung haben.<br \/>\n2. Wie alle Teile, die wir vor dem Versand \u00fcberpr\u00fcft haben, machen Sie sich keine Sorgen, wenn Sie feststellen, dass einige Teile fehlen oder besch\u00e4digt sind, und kontaktieren Sie uns einfach, und wir k\u00f6nnen sie Ihnen umgehend kostenlos erneut zusenden.<\/p>\n<figure id=\"attachment_35692\" aria-describedby=\"caption-attachment-35692\" style=\"width: 800px\" class=\"wp-caption aligncenter\"><img fetchpriority=\"high\" decoding=\"async\" class=\"wp-image-35692 size-full\" src=\"https:\/\/mouldking.store\/wp-content\/uploads\/2022\/11\/Red-Ducati-V4S-Motorcycle-PANLOS-672101-4.jpg\" alt=\"PANLOS 672101 1:5 Red Ducati V4S Motorcycle With 2098 Pieces\" width=\"800\" height=\"800\" title=\"-\" srcset=\"https:\/\/mouldking.store\/wp-content\/uploads\/2022\/11\/Red-Ducati-V4S-Motorcycle-PANLOS-672101-4.jpg 800w, https:\/\/mouldking.store\/wp-content\/uploads\/2022\/11\/Red-Ducati-V4S-Motorcycle-PANLOS-672101-4-300x300.jpg 300w, https:\/\/mouldking.store\/wp-content\/uploads\/2022\/11\/Red-Ducati-V4S-Motorcycle-PANLOS-672101-4-768x768.jpg 768w, https:\/\/mouldking.store\/wp-content\/uploads\/2022\/11\/Red-Ducati-V4S-Motorcycle-PANLOS-672101-4-600x600.jpg 600w, https:\/\/mouldking.store\/wp-content\/uploads\/2022\/11\/Red-Ducati-V4S-Motorcycle-PANLOS-672101-4-150x150.jpg 150w, https:\/\/mouldking.store\/wp-content\/uploads\/2022\/11\/Red-Ducati-V4S-Motorcycle-PANLOS-672101-4-60x60.jpg 60w, https:\/\/mouldking.store\/wp-content\/uploads\/2022\/11\/Red-Ducati-V4S-Motorcycle-PANLOS-672101-4-90x90.jpg 90w\" sizes=\"(max-width: 800px) 100vw, 800px\" \/><figcaption id=\"caption-attachment-35692\" class=\"wp-caption-text\">PANLOS 672101 1:5 rotes Ducati V4S Motorrad mit 2098 Teilen<\/figcaption><\/figure>\n<figure id=\"attachment_35693\" aria-describedby=\"caption-attachment-35693\" style=\"width: 800px\" class=\"wp-caption aligncenter\"><img decoding=\"async\" class=\"wp-image-35693 size-full\" src=\"https:\/\/mouldking.store\/wp-content\/uploads\/2022\/11\/Red-Ducati-V4S-Motorcycle-PANLOS-672101-3.jpg\" alt=\"PANLOS 672101 1:5 Red Ducati V4S Motorcycle With 2098 Pieces\" width=\"800\" height=\"800\" title=\"-\" srcset=\"https:\/\/mouldking.store\/wp-content\/uploads\/2022\/11\/Red-Ducati-V4S-Motorcycle-PANLOS-672101-3.jpg 800w, https:\/\/mouldking.store\/wp-content\/uploads\/2022\/11\/Red-Ducati-V4S-Motorcycle-PANLOS-672101-3-300x300.jpg 300w, https:\/\/mouldking.store\/wp-content\/uploads\/2022\/11\/Red-Ducati-V4S-Motorcycle-PANLOS-672101-3-768x768.jpg 768w, https:\/\/mouldking.store\/wp-content\/uploads\/2022\/11\/Red-Ducati-V4S-Motorcycle-PANLOS-672101-3-600x600.jpg 600w, https:\/\/mouldking.store\/wp-content\/uploads\/2022\/11\/Red-Ducati-V4S-Motorcycle-PANLOS-672101-3-150x150.jpg 150w, https:\/\/mouldking.store\/wp-content\/uploads\/2022\/11\/Red-Ducati-V4S-Motorcycle-PANLOS-672101-3-60x60.jpg 60w, https:\/\/mouldking.store\/wp-content\/uploads\/2022\/11\/Red-Ducati-V4S-Motorcycle-PANLOS-672101-3-90x90.jpg 90w\" sizes=\"(max-width: 800px) 100vw, 800px\" \/><figcaption id=\"caption-attachment-35693\" class=\"wp-caption-text\">PANLOS 672101 1:5 rotes Ducati V4S Motorrad mit 2098 Teilen<\/figcaption><\/figure>\n<figure id=\"attachment_35694\" aria-describedby=\"caption-attachment-35694\" style=\"width: 800px\" class=\"wp-caption aligncenter\"><img decoding=\"async\" class=\"wp-image-35694 size-full\" src=\"https:\/\/mouldking.store\/wp-content\/uploads\/2022\/11\/Red-Ducati-V4S-Motorcycle-PANLOS-672101-2.jpg\" alt=\"PANLOS 672101 1:5 Red Ducati V4S Motorcycle With 2098 Pieces\" width=\"800\" height=\"800\" title=\"-\" srcset=\"https:\/\/mouldking.store\/wp-content\/uploads\/2022\/11\/Red-Ducati-V4S-Motorcycle-PANLOS-672101-2.jpg 800w, https:\/\/mouldking.store\/wp-content\/uploads\/2022\/11\/Red-Ducati-V4S-Motorcycle-PANLOS-672101-2-300x300.jpg 300w, https:\/\/mouldking.store\/wp-content\/uploads\/2022\/11\/Red-Ducati-V4S-Motorcycle-PANLOS-672101-2-768x768.jpg 768w, https:\/\/mouldking.store\/wp-content\/uploads\/2022\/11\/Red-Ducati-V4S-Motorcycle-PANLOS-672101-2-600x600.jpg 600w, https:\/\/mouldking.store\/wp-content\/uploads\/2022\/11\/Red-Ducati-V4S-Motorcycle-PANLOS-672101-2-150x150.jpg 150w, https:\/\/mouldking.store\/wp-content\/uploads\/2022\/11\/Red-Ducati-V4S-Motorcycle-PANLOS-672101-2-60x60.jpg 60w, https:\/\/mouldking.store\/wp-content\/uploads\/2022\/11\/Red-Ducati-V4S-Motorcycle-PANLOS-672101-2-90x90.jpg 90w\" sizes=\"(max-width: 800px) 100vw, 800px\" \/><figcaption id=\"caption-attachment-35694\" class=\"wp-caption-text\">PANLOS 672101 1:5 rotes Ducati V4S Motorrad mit 2098 Teilen<\/figcaption><\/figure>\n<figure id=\"attachment_35695\" aria-describedby=\"caption-attachment-35695\" style=\"width: 1920px\" class=\"wp-caption aligncenter\"><img loading=\"lazy\" decoding=\"async\" class=\"wp-image-35695 size-full\" src=\"https:\/\/mouldking.store\/wp-content\/uploads\/2022\/11\/Red-Ducati-V4S-Motorcycle-PANLOS-672101-1.jpg\" alt=\"PANLOS 672101 1:5 Red Ducati V4S Motorcycle With 2098 Pieces\" width=\"1920\" height=\"1816\" title=\"-\" srcset=\"https:\/\/mouldking.store\/wp-content\/uploads\/2022\/11\/Red-Ducati-V4S-Motorcycle-PANLOS-672101-1.jpg 1920w, https:\/\/mouldking.store\/wp-content\/uploads\/2022\/11\/Red-Ducati-V4S-Motorcycle-PANLOS-672101-1-300x284.jpg 300w, https:\/\/mouldking.store\/wp-content\/uploads\/2022\/11\/Red-Ducati-V4S-Motorcycle-PANLOS-672101-1-1024x969.jpg 1024w, https:\/\/mouldking.store\/wp-content\/uploads\/2022\/11\/Red-Ducati-V4S-Motorcycle-PANLOS-672101-1-768x726.jpg 768w, https:\/\/mouldking.store\/wp-content\/uploads\/2022\/11\/Red-Ducati-V4S-Motorcycle-PANLOS-672101-1-1536x1453.jpg 1536w, https:\/\/mouldking.store\/wp-content\/uploads\/2022\/11\/Red-Ducati-V4S-Motorcycle-PANLOS-672101-1-600x568.jpg 600w, https:\/\/mouldking.store\/wp-content\/uploads\/2022\/11\/Red-Ducati-V4S-Motorcycle-PANLOS-672101-1-150x142.jpg 150w, https:\/\/mouldking.store\/wp-content\/uploads\/2022\/11\/Red-Ducati-V4S-Motorcycle-PANLOS-672101-1-63x60.jpg 63w, https:\/\/mouldking.store\/wp-content\/uploads\/2022\/11\/Red-Ducati-V4S-Motorcycle-PANLOS-672101-1-95x90.jpg 95w\" sizes=\"(max-width: 1920px) 100vw, 1920px\" \/><figcaption id=\"caption-attachment-35695\" class=\"wp-caption-text\">PANLOS 672101 1:5 rotes Ducati V4S Motorrad mit 2098 Teilen<\/figcaption><\/figure>","protected":false},"excerpt":{"rendered":"<p>Product information: Brand: PANLOS Gender: Unisex Name: 1:5 Red Ducati V4S Motorcycle Age Range: &gt; 6 years old Model Number: 672101 Classification: Assemblage Plastic Block Shape: Self-Locking Bricks Material: Plastic Plastic Type: ABS Bricks Blocks:2098 PCS Size: 48 \u00d7 18 \u00d7 30 cm Contains detailed assembly instructions. Notice: 1. Without an original box, but we [&hellip;]<\/p>","protected":false},"featured_media":35692,"comment_status":"closed","ping_status":"closed","template":"","meta":{"_acf_changed":false},"product_cat":[1357],"product_tag":[7845,7842,5553,7843,7844,2449,1851,7846,7847,7841],"class_list":["product","first","instock","shipping-taxable","purchasable","product-type-simple"],"acf":[],"_links":{"self":[{"href":"https:\/\/mouldking.store\/de\/wp-json\/wp\/v2\/product\/35691","targetHints":{"allow":["GET"]}}],"collection":[{"href":"https:\/\/mouldking.store\/de\/wp-json\/wp\/v2\/product"}],"about":[{"href":"https:\/\/mouldking.store\/de\/wp-json\/wp\/v2\/types\/product"}],"replies":[{"embeddable":true,"href":"https:\/\/mouldking.store\/de\/wp-json\/wp\/v2\/comments?post=35691"}],"wp:featuredmedia":[{"embeddable":true,"href":"https:\/\/mouldking.store\/de\/wp-json\/wp\/v2\/media\/35692"}],"wp:attachment":[{"href":"https:\/\/mouldking.store\/de\/wp-json\/wp\/v2\/media?parent=35691"}],"wp:term":[{"taxonomy":"product_cat","embeddable":true,"href":"https:\/\/mouldking.store\/de\/wp-json\/wp\/v2\/product_cat?post=35691"},{"taxonomy":"product_tag","embeddable":true,"href":"https:\/\/mouldking.store\/de\/wp-json\/wp\/v2\/product_tag?post=35691"}],"curies":[{"name":"wp","href":"https:\/\/api.w.org\/{rel}","templated":true}]}}