{"id":35709,"date":"2022-11-22T10:44:03","date_gmt":"2022-11-22T03:44:03","guid":{"rendered":"https:\/\/mouldking.store\/?post_type=product&#038;p=35709"},"modified":"2024-12-09T17:41:48","modified_gmt":"2024-12-09T10:41:48","slug":"panlos-672104-15-yamaha-r1-with-2347-pieces","status":"publish","type":"product","link":"https:\/\/mouldking.store\/de\/shop\/panlos-672104-15-yamaha-r1-with-2347-pieces\/","title":{"rendered":"PANLOS 672104 1:5 YAMAHA R1 mit 2347 Teilen"},"content":{"rendered":"<p>Produktinformation:<\/p>\n<ol>\n<li>Marke: PANLOS<\/li>\n<li>Geschlecht: Unisex<\/li>\n<li>Name: 1:5 YAMAHA R1<\/li>\n<li>Altersspanne: &gt; 6 Jahre alt<\/li>\n<li>Modellnummer: 672104<\/li>\n<li>Einstufung: Assemblage<\/li>\n<li>Kunststoffblockform: Selbstsichernde Steine<\/li>\n<li>Material: Kunststoff<\/li>\n<li>Kunststofftyp: ABS<\/li>\n<li>Bricks Blocks:2347 PCS<\/li>\n<li>Size: 49 \u00d7 18 \u00d7 32 cm<\/li>\n<li>Enth\u00e4lt eine ausf\u00fchrliche Montageanleitung.<\/li>\n<\/ol>\n<p>Notiz:<br \/>\n1. Ohne Originalverpackung, aber wir garantieren, dass unsere Produkte eine Qualit\u00e4tssicherung und eine sch\u00f6ne Verpackung haben.<br \/>\n2. Wie alle Teile, die wir vor dem Versand \u00fcberpr\u00fcft haben, machen Sie sich keine Sorgen, wenn Sie feststellen, dass einige Teile fehlen oder besch\u00e4digt sind, und kontaktieren Sie uns einfach, und wir k\u00f6nnen sie Ihnen umgehend kostenlos erneut zusenden.<\/p>\n<figure id=\"attachment_35710\" aria-describedby=\"caption-attachment-35710\" style=\"width: 800px\" class=\"wp-caption aligncenter\"><img fetchpriority=\"high\" decoding=\"async\" class=\"wp-image-35710 size-full\" src=\"https:\/\/mouldking.store\/wp-content\/uploads\/2022\/11\/YAMAHA-R1-6.jpg\" alt=\"PANLOS 672104 1:5 YAMAHA R1 With 2347 Pieces\" width=\"800\" height=\"800\" title=\"-\" srcset=\"https:\/\/mouldking.store\/wp-content\/uploads\/2022\/11\/YAMAHA-R1-6.jpg 800w, https:\/\/mouldking.store\/wp-content\/uploads\/2022\/11\/YAMAHA-R1-6-300x300.jpg 300w, https:\/\/mouldking.store\/wp-content\/uploads\/2022\/11\/YAMAHA-R1-6-768x768.jpg 768w, https:\/\/mouldking.store\/wp-content\/uploads\/2022\/11\/YAMAHA-R1-6-600x600.jpg 600w, https:\/\/mouldking.store\/wp-content\/uploads\/2022\/11\/YAMAHA-R1-6-150x150.jpg 150w, https:\/\/mouldking.store\/wp-content\/uploads\/2022\/11\/YAMAHA-R1-6-60x60.jpg 60w, https:\/\/mouldking.store\/wp-content\/uploads\/2022\/11\/YAMAHA-R1-6-90x90.jpg 90w\" sizes=\"(max-width: 800px) 100vw, 800px\" \/><figcaption id=\"caption-attachment-35710\" class=\"wp-caption-text\">PANLOS 672104 1:5 YAMAHA R1 mit 2347 Teilen<\/figcaption><\/figure>\n<figure id=\"attachment_35711\" aria-describedby=\"caption-attachment-35711\" style=\"width: 800px\" class=\"wp-caption aligncenter\"><img decoding=\"async\" class=\"wp-image-35711 size-full\" src=\"https:\/\/mouldking.store\/wp-content\/uploads\/2022\/11\/YAMAHA-R1-5.jpg\" alt=\"PANLOS 672104 1:5 YAMAHA R1 With 2347 Pieces\" width=\"800\" height=\"800\" title=\"-\" srcset=\"https:\/\/mouldking.store\/wp-content\/uploads\/2022\/11\/YAMAHA-R1-5.jpg 800w, https:\/\/mouldking.store\/wp-content\/uploads\/2022\/11\/YAMAHA-R1-5-300x300.jpg 300w, https:\/\/mouldking.store\/wp-content\/uploads\/2022\/11\/YAMAHA-R1-5-768x768.jpg 768w, https:\/\/mouldking.store\/wp-content\/uploads\/2022\/11\/YAMAHA-R1-5-600x600.jpg 600w, https:\/\/mouldking.store\/wp-content\/uploads\/2022\/11\/YAMAHA-R1-5-150x150.jpg 150w, https:\/\/mouldking.store\/wp-content\/uploads\/2022\/11\/YAMAHA-R1-5-60x60.jpg 60w, https:\/\/mouldking.store\/wp-content\/uploads\/2022\/11\/YAMAHA-R1-5-90x90.jpg 90w\" sizes=\"(max-width: 800px) 100vw, 800px\" \/><figcaption id=\"caption-attachment-35711\" class=\"wp-caption-text\">PANLOS 672104 1:5 YAMAHA R1 mit 2347 Teilen<\/figcaption><\/figure>\n<figure id=\"attachment_35712\" aria-describedby=\"caption-attachment-35712\" style=\"width: 723px\" class=\"wp-caption aligncenter\"><img decoding=\"async\" class=\"wp-image-35712 size-full\" src=\"https:\/\/mouldking.store\/wp-content\/uploads\/2022\/11\/YAMAHA-R1-4.jpg\" alt=\"PANLOS 672104 1:5 YAMAHA R1 With 2347 Pieces\" width=\"723\" height=\"1024\" title=\"-\" srcset=\"https:\/\/mouldking.store\/wp-content\/uploads\/2022\/11\/YAMAHA-R1-4.jpg 723w, https:\/\/mouldking.store\/wp-content\/uploads\/2022\/11\/YAMAHA-R1-4-212x300.jpg 212w, https:\/\/mouldking.store\/wp-content\/uploads\/2022\/11\/YAMAHA-R1-4-300x425.jpg 300w, https:\/\/mouldking.store\/wp-content\/uploads\/2022\/11\/YAMAHA-R1-4-600x850.jpg 600w, https:\/\/mouldking.store\/wp-content\/uploads\/2022\/11\/YAMAHA-R1-4-106x150.jpg 106w, https:\/\/mouldking.store\/wp-content\/uploads\/2022\/11\/YAMAHA-R1-4-42x60.jpg 42w, https:\/\/mouldking.store\/wp-content\/uploads\/2022\/11\/YAMAHA-R1-4-64x90.jpg 64w\" sizes=\"(max-width: 723px) 100vw, 723px\" \/><figcaption id=\"caption-attachment-35712\" class=\"wp-caption-text\">PANLOS 672104 1:5 YAMAHA R1 mit 2347 Teilen<\/figcaption><\/figure>\n<figure id=\"attachment_35713\" aria-describedby=\"caption-attachment-35713\" style=\"width: 744px\" class=\"wp-caption aligncenter\"><img loading=\"lazy\" decoding=\"async\" class=\"wp-image-35713 size-full\" src=\"https:\/\/mouldking.store\/wp-content\/uploads\/2022\/11\/YAMAHA-R1-3.jpg\" alt=\"PANLOS 672104 1:5 YAMAHA R1 With 2347 Pieces\" width=\"744\" height=\"964\" title=\"-\" srcset=\"https:\/\/mouldking.store\/wp-content\/uploads\/2022\/11\/YAMAHA-R1-3.jpg 744w, https:\/\/mouldking.store\/wp-content\/uploads\/2022\/11\/YAMAHA-R1-3-232x300.jpg 232w, https:\/\/mouldking.store\/wp-content\/uploads\/2022\/11\/YAMAHA-R1-3-300x389.jpg 300w, https:\/\/mouldking.store\/wp-content\/uploads\/2022\/11\/YAMAHA-R1-3-600x777.jpg 600w, https:\/\/mouldking.store\/wp-content\/uploads\/2022\/11\/YAMAHA-R1-3-116x150.jpg 116w, https:\/\/mouldking.store\/wp-content\/uploads\/2022\/11\/YAMAHA-R1-3-46x60.jpg 46w, https:\/\/mouldking.store\/wp-content\/uploads\/2022\/11\/YAMAHA-R1-3-69x90.jpg 69w\" sizes=\"(max-width: 744px) 100vw, 744px\" \/><figcaption id=\"caption-attachment-35713\" class=\"wp-caption-text\">PANLOS 672104 1:5 YAMAHA R1 mit 2347 Teilen<\/figcaption><\/figure>\n<figure id=\"attachment_35714\" aria-describedby=\"caption-attachment-35714\" style=\"width: 1024px\" class=\"wp-caption aligncenter\"><img loading=\"lazy\" decoding=\"async\" class=\"wp-image-35714 size-full\" src=\"https:\/\/mouldking.store\/wp-content\/uploads\/2022\/11\/YAMAHA-R1-2.jpg\" alt=\"PANLOS 672104 1:5 YAMAHA R1 With 2347 Pieces\" width=\"1024\" height=\"792\" title=\"-\" srcset=\"https:\/\/mouldking.store\/wp-content\/uploads\/2022\/11\/YAMAHA-R1-2.jpg 1024w, https:\/\/mouldking.store\/wp-content\/uploads\/2022\/11\/YAMAHA-R1-2-300x232.jpg 300w, https:\/\/mouldking.store\/wp-content\/uploads\/2022\/11\/YAMAHA-R1-2-768x594.jpg 768w, https:\/\/mouldking.store\/wp-content\/uploads\/2022\/11\/YAMAHA-R1-2-600x464.jpg 600w, https:\/\/mouldking.store\/wp-content\/uploads\/2022\/11\/YAMAHA-R1-2-150x116.jpg 150w, https:\/\/mouldking.store\/wp-content\/uploads\/2022\/11\/YAMAHA-R1-2-78x60.jpg 78w, https:\/\/mouldking.store\/wp-content\/uploads\/2022\/11\/YAMAHA-R1-2-116x90.jpg 116w\" sizes=\"(max-width: 1024px) 100vw, 1024px\" \/><figcaption id=\"caption-attachment-35714\" class=\"wp-caption-text\">PANLOS 672104 1:5 YAMAHA R1 mit 2347 Teilen<\/figcaption><\/figure>\n<figure id=\"attachment_35715\" aria-describedby=\"caption-attachment-35715\" style=\"width: 1024px\" class=\"wp-caption aligncenter\"><img loading=\"lazy\" decoding=\"async\" class=\"wp-image-35715 size-full\" src=\"https:\/\/mouldking.store\/wp-content\/uploads\/2022\/11\/YAMAHA-R1-1.jpg\" alt=\"PANLOS 672104 1:5 YAMAHA R1 With 2347 Pieces\" width=\"1024\" height=\"994\" title=\"-\" srcset=\"https:\/\/mouldking.store\/wp-content\/uploads\/2022\/11\/YAMAHA-R1-1.jpg 1024w, https:\/\/mouldking.store\/wp-content\/uploads\/2022\/11\/YAMAHA-R1-1-300x291.jpg 300w, https:\/\/mouldking.store\/wp-content\/uploads\/2022\/11\/YAMAHA-R1-1-768x746.jpg 768w, https:\/\/mouldking.store\/wp-content\/uploads\/2022\/11\/YAMAHA-R1-1-600x582.jpg 600w, https:\/\/mouldking.store\/wp-content\/uploads\/2022\/11\/YAMAHA-R1-1-150x146.jpg 150w, https:\/\/mouldking.store\/wp-content\/uploads\/2022\/11\/YAMAHA-R1-1-62x60.jpg 62w, https:\/\/mouldking.store\/wp-content\/uploads\/2022\/11\/YAMAHA-R1-1-93x90.jpg 93w\" sizes=\"(max-width: 1024px) 100vw, 1024px\" \/><figcaption id=\"caption-attachment-35715\" class=\"wp-caption-text\">PANLOS 672104 1:5 YAMAHA R1 mit 2347 Teilen<\/figcaption><\/figure>","protected":false},"excerpt":{"rendered":"<p>Product information: Brand: PANLOS Gender: Unisex Name: 1:5 YAMAHA R1 Age Range: &gt; 6 years old Model Number: 672104 Classification: Assemblage Plastic Block Shape: Self-Locking Bricks Material: Plastic Plastic Type: ABS Bricks Blocks:2347 PCS Size: 49 \u00d7 18 \u00d7 32 cm Contains detailed assembly instructions. Notice: 1. Without an original box, but we guarantee our [&hellip;]<\/p>","protected":false},"featured_media":35710,"comment_status":"closed","ping_status":"closed","template":"","meta":{"_acf_changed":false},"product_cat":[1357],"product_tag":[7866,7863,1851,7867,7868,7862,7864,7865],"class_list":["product","first","instock","shipping-taxable","purchasable","product-type-simple"],"acf":[],"_links":{"self":[{"href":"https:\/\/mouldking.store\/de\/wp-json\/wp\/v2\/product\/35709","targetHints":{"allow":["GET"]}}],"collection":[{"href":"https:\/\/mouldking.store\/de\/wp-json\/wp\/v2\/product"}],"about":[{"href":"https:\/\/mouldking.store\/de\/wp-json\/wp\/v2\/types\/product"}],"replies":[{"embeddable":true,"href":"https:\/\/mouldking.store\/de\/wp-json\/wp\/v2\/comments?post=35709"}],"wp:featuredmedia":[{"embeddable":true,"href":"https:\/\/mouldking.store\/de\/wp-json\/wp\/v2\/media\/35710"}],"wp:attachment":[{"href":"https:\/\/mouldking.store\/de\/wp-json\/wp\/v2\/media?parent=35709"}],"wp:term":[{"taxonomy":"product_cat","embeddable":true,"href":"https:\/\/mouldking.store\/de\/wp-json\/wp\/v2\/product_cat?post=35709"},{"taxonomy":"product_tag","embeddable":true,"href":"https:\/\/mouldking.store\/de\/wp-json\/wp\/v2\/product_tag?post=35709"}],"curies":[{"name":"wp","href":"https:\/\/api.w.org\/{rel}","templated":true}]}}