{"id":35716,"date":"2022-11-22T10:52:07","date_gmt":"2022-11-22T03:52:07","guid":{"rendered":"https:\/\/mouldking.store\/?post_type=product&#038;p=35716"},"modified":"2022-11-22T10:52:07","modified_gmt":"2022-11-22T03:52:07","slug":"panlos-632016-king-tiger-heavy-armored-tank-with-1974-pieces","status":"publish","type":"product","link":"https:\/\/mouldking.store\/de\/shop\/panlos-632016-king-tiger-heavy-armored-tank-with-1974-pieces\/","title":{"rendered":"PANLOS 632016 King Tiger Heavy Armored Tank mit 1974 St\u00fcck"},"content":{"rendered":"<p>Produktinformation:<\/p>\n<ol>\n<li>Marke: PANLOS<\/li>\n<li>Geschlecht: Unisex<\/li>\n<li>Name: King Tiger Heavy Armored Tank<\/li>\n<li>Altersspanne: &gt; 6 Jahre alt<\/li>\n<li>Model Number: 632016<\/li>\n<li>Einstufung: Assemblage<\/li>\n<li>Kunststoffblockform: Selbstsichernde Steine<\/li>\n<li>Material: Kunststoff<\/li>\n<li>Kunststofftyp: ABS<\/li>\n<li>Bricks Blocks:1974 PCS<\/li>\n<li>Size: 36 \u00d7 13 \u00d7 14 cm<\/li>\n<li>Enth\u00e4lt eine ausf\u00fchrliche Montageanleitung.<\/li>\n<\/ol>\n<p>Notiz:<br \/>\n1. Ohne Originalverpackung, aber wir garantieren, dass unsere Produkte eine Qualit\u00e4tssicherung und eine sch\u00f6ne Verpackung haben.<br \/>\n2. Wie alle Teile, die wir vor dem Versand \u00fcberpr\u00fcft haben, machen Sie sich keine Sorgen, wenn Sie feststellen, dass einige Teile fehlen oder besch\u00e4digt sind, und kontaktieren Sie uns einfach, und wir k\u00f6nnen sie Ihnen umgehend kostenlos erneut zusenden.<\/p>\n<figure id=\"attachment_35717\" aria-describedby=\"caption-attachment-35717\" style=\"width: 800px\" class=\"wp-caption aligncenter\"><img fetchpriority=\"high\" decoding=\"async\" class=\"wp-image-35717 size-full\" src=\"https:\/\/mouldking.store\/wp-content\/uploads\/2022\/11\/PANLOS-632016-King-Tiger-Heavy-Armored-Tank-4.jpg\" alt=\"PANLOS 632016 King Tiger Heavy Armored Tank With 1974 Pieces\" width=\"800\" height=\"800\" title=\"-\" srcset=\"https:\/\/mouldking.store\/wp-content\/uploads\/2022\/11\/PANLOS-632016-King-Tiger-Heavy-Armored-Tank-4.jpg 800w, https:\/\/mouldking.store\/wp-content\/uploads\/2022\/11\/PANLOS-632016-King-Tiger-Heavy-Armored-Tank-4-300x300.jpg 300w, https:\/\/mouldking.store\/wp-content\/uploads\/2022\/11\/PANLOS-632016-King-Tiger-Heavy-Armored-Tank-4-768x768.jpg 768w, https:\/\/mouldking.store\/wp-content\/uploads\/2022\/11\/PANLOS-632016-King-Tiger-Heavy-Armored-Tank-4-600x600.jpg 600w, https:\/\/mouldking.store\/wp-content\/uploads\/2022\/11\/PANLOS-632016-King-Tiger-Heavy-Armored-Tank-4-150x150.jpg 150w, https:\/\/mouldking.store\/wp-content\/uploads\/2022\/11\/PANLOS-632016-King-Tiger-Heavy-Armored-Tank-4-60x60.jpg 60w, https:\/\/mouldking.store\/wp-content\/uploads\/2022\/11\/PANLOS-632016-King-Tiger-Heavy-Armored-Tank-4-90x90.jpg 90w\" sizes=\"(max-width: 800px) 100vw, 800px\" \/><figcaption id=\"caption-attachment-35717\" class=\"wp-caption-text\">PANLOS 632016 King Tiger Heavy Armored Tank mit 1974 St\u00fcck<\/figcaption><\/figure>\n<figure id=\"attachment_35718\" aria-describedby=\"caption-attachment-35718\" style=\"width: 800px\" class=\"wp-caption aligncenter\"><img decoding=\"async\" class=\"wp-image-35718 size-full\" src=\"https:\/\/mouldking.store\/wp-content\/uploads\/2022\/11\/PANLOS-632016-King-Tiger-Heavy-Armored-Tank-3.jpg\" alt=\"PANLOS 632016 King Tiger Heavy Armored Tank With 1974 Pieces\" width=\"800\" height=\"800\" title=\"-\" srcset=\"https:\/\/mouldking.store\/wp-content\/uploads\/2022\/11\/PANLOS-632016-King-Tiger-Heavy-Armored-Tank-3.jpg 800w, https:\/\/mouldking.store\/wp-content\/uploads\/2022\/11\/PANLOS-632016-King-Tiger-Heavy-Armored-Tank-3-300x300.jpg 300w, https:\/\/mouldking.store\/wp-content\/uploads\/2022\/11\/PANLOS-632016-King-Tiger-Heavy-Armored-Tank-3-768x768.jpg 768w, https:\/\/mouldking.store\/wp-content\/uploads\/2022\/11\/PANLOS-632016-King-Tiger-Heavy-Armored-Tank-3-600x600.jpg 600w, https:\/\/mouldking.store\/wp-content\/uploads\/2022\/11\/PANLOS-632016-King-Tiger-Heavy-Armored-Tank-3-150x150.jpg 150w, https:\/\/mouldking.store\/wp-content\/uploads\/2022\/11\/PANLOS-632016-King-Tiger-Heavy-Armored-Tank-3-60x60.jpg 60w, https:\/\/mouldking.store\/wp-content\/uploads\/2022\/11\/PANLOS-632016-King-Tiger-Heavy-Armored-Tank-3-90x90.jpg 90w\" sizes=\"(max-width: 800px) 100vw, 800px\" \/><figcaption id=\"caption-attachment-35718\" class=\"wp-caption-text\">PANLOS 632016 King Tiger Heavy Armored Tank mit 1974 St\u00fcck<\/figcaption><\/figure>\n<figure id=\"attachment_35719\" aria-describedby=\"caption-attachment-35719\" style=\"width: 547px\" class=\"wp-caption aligncenter\"><img decoding=\"async\" class=\"wp-image-35719 size-full\" src=\"https:\/\/mouldking.store\/wp-content\/uploads\/2022\/11\/PANLOS-632016-King-Tiger-Heavy-Armored-Tank-2.jpg\" alt=\"PANLOS 632016 King Tiger Heavy Armored Tank With 1974 Pieces\" width=\"547\" height=\"1024\" title=\"-\" srcset=\"https:\/\/mouldking.store\/wp-content\/uploads\/2022\/11\/PANLOS-632016-King-Tiger-Heavy-Armored-Tank-2.jpg 547w, https:\/\/mouldking.store\/wp-content\/uploads\/2022\/11\/PANLOS-632016-King-Tiger-Heavy-Armored-Tank-2-160x300.jpg 160w, https:\/\/mouldking.store\/wp-content\/uploads\/2022\/11\/PANLOS-632016-King-Tiger-Heavy-Armored-Tank-2-300x562.jpg 300w, https:\/\/mouldking.store\/wp-content\/uploads\/2022\/11\/PANLOS-632016-King-Tiger-Heavy-Armored-Tank-2-80x150.jpg 80w, https:\/\/mouldking.store\/wp-content\/uploads\/2022\/11\/PANLOS-632016-King-Tiger-Heavy-Armored-Tank-2-32x60.jpg 32w, https:\/\/mouldking.store\/wp-content\/uploads\/2022\/11\/PANLOS-632016-King-Tiger-Heavy-Armored-Tank-2-48x90.jpg 48w\" sizes=\"(max-width: 547px) 100vw, 547px\" \/><figcaption id=\"caption-attachment-35719\" class=\"wp-caption-text\">PANLOS 632016 King Tiger Heavy Armored Tank mit 1974 St\u00fcck<\/figcaption><\/figure>\n<figure id=\"attachment_35720\" aria-describedby=\"caption-attachment-35720\" style=\"width: 800px\" class=\"wp-caption aligncenter\"><img loading=\"lazy\" decoding=\"async\" class=\"wp-image-35720 size-full\" src=\"https:\/\/mouldking.store\/wp-content\/uploads\/2022\/11\/PANLOS-632016-King-Tiger-Heavy-Armored-Tank-1.jpg\" alt=\"PANLOS 632016 King Tiger Heavy Armored Tank With 1974 Pieces\" width=\"800\" height=\"800\" title=\"-\" srcset=\"https:\/\/mouldking.store\/wp-content\/uploads\/2022\/11\/PANLOS-632016-King-Tiger-Heavy-Armored-Tank-1.jpg 800w, https:\/\/mouldking.store\/wp-content\/uploads\/2022\/11\/PANLOS-632016-King-Tiger-Heavy-Armored-Tank-1-300x300.jpg 300w, https:\/\/mouldking.store\/wp-content\/uploads\/2022\/11\/PANLOS-632016-King-Tiger-Heavy-Armored-Tank-1-768x768.jpg 768w, https:\/\/mouldking.store\/wp-content\/uploads\/2022\/11\/PANLOS-632016-King-Tiger-Heavy-Armored-Tank-1-600x600.jpg 600w, https:\/\/mouldking.store\/wp-content\/uploads\/2022\/11\/PANLOS-632016-King-Tiger-Heavy-Armored-Tank-1-150x150.jpg 150w, https:\/\/mouldking.store\/wp-content\/uploads\/2022\/11\/PANLOS-632016-King-Tiger-Heavy-Armored-Tank-1-60x60.jpg 60w, https:\/\/mouldking.store\/wp-content\/uploads\/2022\/11\/PANLOS-632016-King-Tiger-Heavy-Armored-Tank-1-90x90.jpg 90w\" sizes=\"(max-width: 800px) 100vw, 800px\" \/><figcaption id=\"caption-attachment-35720\" class=\"wp-caption-text\">PANLOS 632016 King Tiger Heavy Armored Tank mit 1974 St\u00fcck<\/figcaption><\/figure>","protected":false},"excerpt":{"rendered":"<p>Keine Minifiguren<\/p>","protected":false},"featured_media":35717,"comment_status":"closed","ping_status":"closed","template":"","meta":{"_acf_changed":false},"product_cat":[1350],"product_tag":[7870,7673,7872,7871,7873,1851,7874,7875,7869,485],"class_list":["product","first","instock","shipping-taxable","purchasable","product-type-simple"],"acf":[],"_links":{"self":[{"href":"https:\/\/mouldking.store\/de\/wp-json\/wp\/v2\/product\/35716","targetHints":{"allow":["GET"]}}],"collection":[{"href":"https:\/\/mouldking.store\/de\/wp-json\/wp\/v2\/product"}],"about":[{"href":"https:\/\/mouldking.store\/de\/wp-json\/wp\/v2\/types\/product"}],"replies":[{"embeddable":true,"href":"https:\/\/mouldking.store\/de\/wp-json\/wp\/v2\/comments?post=35716"}],"wp:featuredmedia":[{"embeddable":true,"href":"https:\/\/mouldking.store\/de\/wp-json\/wp\/v2\/media\/35717"}],"wp:attachment":[{"href":"https:\/\/mouldking.store\/de\/wp-json\/wp\/v2\/media?parent=35716"}],"wp:term":[{"taxonomy":"product_cat","embeddable":true,"href":"https:\/\/mouldking.store\/de\/wp-json\/wp\/v2\/product_cat?post=35716"},{"taxonomy":"product_tag","embeddable":true,"href":"https:\/\/mouldking.store\/de\/wp-json\/wp\/v2\/product_tag?post=35716"}],"curies":[{"name":"wp","href":"https:\/\/api.w.org\/{rel}","templated":true}]}}