{"id":35738,"date":"2022-11-22T11:59:52","date_gmt":"2022-11-22T04:59:52","guid":{"rendered":"https:\/\/mouldking.store\/?post_type=product&#038;p=35738"},"modified":"2022-11-22T11:59:53","modified_gmt":"2022-11-22T04:59:53","slug":"weile-6003-christmas-camping-lights-with-806-pieces","status":"publish","type":"product","link":"https:\/\/mouldking.store\/de\/shop\/weile-6003-christmas-camping-lights-with-806-pieces\/","title":{"rendered":"WeiLe 6003 Weihnachts-Campingbeleuchtung mit 806 St\u00fcck"},"content":{"rendered":"<p>Produktinformation:<\/p>\n<ol>\n<li>Brand: WeiLe<\/li>\n<li>Geschlecht: Unisex<\/li>\n<li>Name: Christmas Camping Lights<\/li>\n<li>Altersspanne: &gt; 6 Jahre alt<\/li>\n<li>Model Number: 6003<\/li>\n<li>Einstufung: Assemblage<\/li>\n<li>Kunststoffblockform: Selbstsichernde Steine<\/li>\n<li>Material: Kunststoff<\/li>\n<li>Kunststofftyp: ABS<\/li>\n<li>Bricks Blocks:806 PCS<\/li>\n<li>Size: 12x12x26 cm<\/li>\n<li>Enth\u00e4lt eine ausf\u00fchrliche Montageanleitung.<\/li>\n<\/ol>\n<p>Notiz:<br \/>\n1. Ohne Originalverpackung, aber wir garantieren, dass unsere Produkte eine Qualit\u00e4tssicherung und eine sch\u00f6ne Verpackung haben.<br \/>\n2. Wie alle Teile, die wir vor dem Versand \u00fcberpr\u00fcft haben, machen Sie sich keine Sorgen, wenn Sie feststellen, dass einige Teile fehlen oder besch\u00e4digt sind, und kontaktieren Sie uns einfach, und wir k\u00f6nnen sie Ihnen umgehend kostenlos erneut zusenden.<\/p>\n<figure id=\"attachment_35739\" aria-describedby=\"caption-attachment-35739\" style=\"width: 750px\" class=\"wp-caption aligncenter\"><img fetchpriority=\"high\" decoding=\"async\" class=\"wp-image-35739 size-full\" src=\"https:\/\/mouldking.store\/wp-content\/uploads\/2022\/11\/Christmas-Camping-Lights-WeiLe-6003-4.jpg\" alt=\"WeiLe 6003 Christmas Camping Lights With 806 Pieces\" width=\"750\" height=\"744\" title=\"-\" srcset=\"https:\/\/mouldking.store\/wp-content\/uploads\/2022\/11\/Christmas-Camping-Lights-WeiLe-6003-4.jpg 750w, https:\/\/mouldking.store\/wp-content\/uploads\/2022\/11\/Christmas-Camping-Lights-WeiLe-6003-4-300x298.jpg 300w, https:\/\/mouldking.store\/wp-content\/uploads\/2022\/11\/Christmas-Camping-Lights-WeiLe-6003-4-600x595.jpg 600w, https:\/\/mouldking.store\/wp-content\/uploads\/2022\/11\/Christmas-Camping-Lights-WeiLe-6003-4-150x150.jpg 150w, https:\/\/mouldking.store\/wp-content\/uploads\/2022\/11\/Christmas-Camping-Lights-WeiLe-6003-4-60x60.jpg 60w, https:\/\/mouldking.store\/wp-content\/uploads\/2022\/11\/Christmas-Camping-Lights-WeiLe-6003-4-91x90.jpg 91w\" sizes=\"(max-width: 750px) 100vw, 750px\" \/><figcaption id=\"caption-attachment-35739\" class=\"wp-caption-text\">WeiLe 6003 Weihnachts-Campingbeleuchtung mit 806 St\u00fcck<\/figcaption><\/figure>\n<figure id=\"attachment_35740\" aria-describedby=\"caption-attachment-35740\" style=\"width: 750px\" class=\"wp-caption aligncenter\"><img decoding=\"async\" class=\"wp-image-35740 size-full\" src=\"https:\/\/mouldking.store\/wp-content\/uploads\/2022\/11\/Christmas-Camping-Lights-WeiLe-6003-3.jpg\" alt=\"WeiLe 6003 Christmas Camping Lights With 806 Pieces\" width=\"750\" height=\"750\" title=\"-\" srcset=\"https:\/\/mouldking.store\/wp-content\/uploads\/2022\/11\/Christmas-Camping-Lights-WeiLe-6003-3.jpg 750w, https:\/\/mouldking.store\/wp-content\/uploads\/2022\/11\/Christmas-Camping-Lights-WeiLe-6003-3-300x300.jpg 300w, https:\/\/mouldking.store\/wp-content\/uploads\/2022\/11\/Christmas-Camping-Lights-WeiLe-6003-3-600x600.jpg 600w, https:\/\/mouldking.store\/wp-content\/uploads\/2022\/11\/Christmas-Camping-Lights-WeiLe-6003-3-150x150.jpg 150w, https:\/\/mouldking.store\/wp-content\/uploads\/2022\/11\/Christmas-Camping-Lights-WeiLe-6003-3-60x60.jpg 60w, https:\/\/mouldking.store\/wp-content\/uploads\/2022\/11\/Christmas-Camping-Lights-WeiLe-6003-3-90x90.jpg 90w\" sizes=\"(max-width: 750px) 100vw, 750px\" \/><figcaption id=\"caption-attachment-35740\" class=\"wp-caption-text\">WeiLe 6003 Weihnachts-Campingbeleuchtung mit 806 St\u00fcck<\/figcaption><\/figure>\n<figure id=\"attachment_35741\" aria-describedby=\"caption-attachment-35741\" style=\"width: 750px\" class=\"wp-caption aligncenter\"><img decoding=\"async\" class=\"wp-image-35741 size-full\" src=\"https:\/\/mouldking.store\/wp-content\/uploads\/2022\/11\/Christmas-Camping-Lights-WeiLe-6003-2.jpg\" alt=\"WeiLe 6003 Christmas Camping Lights With 806 Pieces\" width=\"750\" height=\"746\" title=\"-\" srcset=\"https:\/\/mouldking.store\/wp-content\/uploads\/2022\/11\/Christmas-Camping-Lights-WeiLe-6003-2.jpg 750w, https:\/\/mouldking.store\/wp-content\/uploads\/2022\/11\/Christmas-Camping-Lights-WeiLe-6003-2-300x298.jpg 300w, https:\/\/mouldking.store\/wp-content\/uploads\/2022\/11\/Christmas-Camping-Lights-WeiLe-6003-2-600x597.jpg 600w, https:\/\/mouldking.store\/wp-content\/uploads\/2022\/11\/Christmas-Camping-Lights-WeiLe-6003-2-150x150.jpg 150w, https:\/\/mouldking.store\/wp-content\/uploads\/2022\/11\/Christmas-Camping-Lights-WeiLe-6003-2-60x60.jpg 60w, https:\/\/mouldking.store\/wp-content\/uploads\/2022\/11\/Christmas-Camping-Lights-WeiLe-6003-2-90x90.jpg 90w\" sizes=\"(max-width: 750px) 100vw, 750px\" \/><figcaption id=\"caption-attachment-35741\" class=\"wp-caption-text\">WeiLe 6003 Weihnachts-Campingbeleuchtung mit 806 St\u00fcck<\/figcaption><\/figure>\n<figure id=\"attachment_35742\" aria-describedby=\"caption-attachment-35742\" style=\"width: 750px\" class=\"wp-caption aligncenter\"><img loading=\"lazy\" decoding=\"async\" class=\"wp-image-35742 size-full\" src=\"https:\/\/mouldking.store\/wp-content\/uploads\/2022\/11\/Christmas-Camping-Lights-WeiLe-6003-1.jpg\" alt=\"WeiLe 6003 Christmas Camping Lights With 806 Pieces\" width=\"750\" height=\"750\" title=\"-\" srcset=\"https:\/\/mouldking.store\/wp-content\/uploads\/2022\/11\/Christmas-Camping-Lights-WeiLe-6003-1.jpg 750w, https:\/\/mouldking.store\/wp-content\/uploads\/2022\/11\/Christmas-Camping-Lights-WeiLe-6003-1-300x300.jpg 300w, https:\/\/mouldking.store\/wp-content\/uploads\/2022\/11\/Christmas-Camping-Lights-WeiLe-6003-1-600x600.jpg 600w, https:\/\/mouldking.store\/wp-content\/uploads\/2022\/11\/Christmas-Camping-Lights-WeiLe-6003-1-150x150.jpg 150w, https:\/\/mouldking.store\/wp-content\/uploads\/2022\/11\/Christmas-Camping-Lights-WeiLe-6003-1-60x60.jpg 60w, https:\/\/mouldking.store\/wp-content\/uploads\/2022\/11\/Christmas-Camping-Lights-WeiLe-6003-1-90x90.jpg 90w\" sizes=\"(max-width: 750px) 100vw, 750px\" \/><figcaption id=\"caption-attachment-35742\" class=\"wp-caption-text\">WeiLe 6003 Weihnachts-Campingbeleuchtung mit 806 St\u00fcck<\/figcaption><\/figure>","protected":false},"excerpt":{"rendered":"<p>Product information: Brand: WeiLe Gender: Unisex Name: Christmas Camping Lights Age Range: &gt; 6 years old Model Number: 6003 Classification: Assemblage Plastic Block Shape: Self-Locking Bricks Material: Plastic Plastic Type: ABS Bricks Blocks:806 PCS Size: 12x12x26 cm Contains detailed assembly instructions. Notice: 1. Without an original box, but we guarantee our products have quality assurance [&hellip;]<\/p>","protected":false},"featured_media":35739,"comment_status":"closed","ping_status":"closed","template":"","meta":{"_acf_changed":false},"product_cat":[1365],"product_tag":[7893,7894,1066,7895,2496,7892,7896,7897,7891],"class_list":["product","first","instock","shipping-taxable","purchasable","product-type-simple"],"acf":[],"_links":{"self":[{"href":"https:\/\/mouldking.store\/de\/wp-json\/wp\/v2\/product\/35738","targetHints":{"allow":["GET"]}}],"collection":[{"href":"https:\/\/mouldking.store\/de\/wp-json\/wp\/v2\/product"}],"about":[{"href":"https:\/\/mouldking.store\/de\/wp-json\/wp\/v2\/types\/product"}],"replies":[{"embeddable":true,"href":"https:\/\/mouldking.store\/de\/wp-json\/wp\/v2\/comments?post=35738"}],"wp:featuredmedia":[{"embeddable":true,"href":"https:\/\/mouldking.store\/de\/wp-json\/wp\/v2\/media\/35739"}],"wp:attachment":[{"href":"https:\/\/mouldking.store\/de\/wp-json\/wp\/v2\/media?parent=35738"}],"wp:term":[{"taxonomy":"product_cat","embeddable":true,"href":"https:\/\/mouldking.store\/de\/wp-json\/wp\/v2\/product_cat?post=35738"},{"taxonomy":"product_tag","embeddable":true,"href":"https:\/\/mouldking.store\/de\/wp-json\/wp\/v2\/product_tag?post=35738"}],"curies":[{"name":"wp","href":"https:\/\/api.w.org\/{rel}","templated":true}]}}