{"id":35752,"date":"2022-11-22T12:23:19","date_gmt":"2022-11-22T05:23:19","guid":{"rendered":"https:\/\/mouldking.store\/?post_type=product&#038;p=35752"},"modified":"2022-11-22T12:23:19","modified_gmt":"2022-11-22T05:23:19","slug":"mork-031063-sunshine-ecological-park-with-1506-pieces","status":"publish","type":"product","link":"https:\/\/mouldking.store\/de\/shop\/mork-031063-sunshine-ecological-park-with-1506-pieces\/","title":{"rendered":"Mork 031063 Sunshine Ecological Park mit 1506 Teilen"},"content":{"rendered":"<p>Produktinformation:<\/p>\n<ol>\n<li>Marke: Morke<\/li>\n<li>Geschlecht: Unisex<\/li>\n<li>Name: Sunshine Ecological Park<\/li>\n<li>Altersspanne: &gt; 6 Jahre alt<\/li>\n<li>Modellnummer: 031063<\/li>\n<li>Einstufung: Assemblage<\/li>\n<li>Kunststoffblockform: Selbstsichernde Steine<\/li>\n<li>Material: Kunststoff<\/li>\n<li>Kunststofftyp: ABS<\/li>\n<li>Ziegelsteine: 1506 St\u00fcck<\/li>\n<li>Gr\u00f6\u00dfe: 21 \u00d7 16 \u00d7 20,5 cm<\/li>\n<li>Enth\u00e4lt eine ausf\u00fchrliche Montageanleitung.<\/li>\n<\/ol>\n<p>Notiz:<br \/>\n1. Ohne Originalverpackung, aber wir garantieren, dass unsere Produkte eine Qualit\u00e4tssicherung und eine sch\u00f6ne Verpackung haben.<br \/>\n2. Wie alle Teile, die wir vor dem Versand \u00fcberpr\u00fcft haben, machen Sie sich keine Sorgen, wenn Sie feststellen, dass einige Teile fehlen oder besch\u00e4digt sind, und kontaktieren Sie uns einfach, und wir k\u00f6nnen sie Ihnen umgehend kostenlos erneut zusenden.<\/p>\n<figure id=\"attachment_35753\" aria-describedby=\"caption-attachment-35753\" style=\"width: 800px\" class=\"wp-caption aligncenter\"><img fetchpriority=\"high\" decoding=\"async\" class=\"wp-image-35753 size-full\" src=\"https:\/\/mouldking.store\/wp-content\/uploads\/2022\/11\/Sunshine-Ecological-Park-Mork-031063-5.jpg\" alt=\"Mork 031063 Sunshine Ecological Park With 1506 Pieces\" width=\"800\" height=\"800\" title=\"-\" srcset=\"https:\/\/mouldking.store\/wp-content\/uploads\/2022\/11\/Sunshine-Ecological-Park-Mork-031063-5.jpg 800w, https:\/\/mouldking.store\/wp-content\/uploads\/2022\/11\/Sunshine-Ecological-Park-Mork-031063-5-300x300.jpg 300w, https:\/\/mouldking.store\/wp-content\/uploads\/2022\/11\/Sunshine-Ecological-Park-Mork-031063-5-768x768.jpg 768w, https:\/\/mouldking.store\/wp-content\/uploads\/2022\/11\/Sunshine-Ecological-Park-Mork-031063-5-600x600.jpg 600w, https:\/\/mouldking.store\/wp-content\/uploads\/2022\/11\/Sunshine-Ecological-Park-Mork-031063-5-150x150.jpg 150w, https:\/\/mouldking.store\/wp-content\/uploads\/2022\/11\/Sunshine-Ecological-Park-Mork-031063-5-60x60.jpg 60w, https:\/\/mouldking.store\/wp-content\/uploads\/2022\/11\/Sunshine-Ecological-Park-Mork-031063-5-90x90.jpg 90w\" sizes=\"(max-width: 800px) 100vw, 800px\" \/><figcaption id=\"caption-attachment-35753\" class=\"wp-caption-text\">Mork 031063 Sunshine Ecological Park mit 1506 Teilen<\/figcaption><\/figure>\n<figure id=\"attachment_35754\" aria-describedby=\"caption-attachment-35754\" style=\"width: 800px\" class=\"wp-caption aligncenter\"><img decoding=\"async\" class=\"wp-image-35754 size-full\" src=\"https:\/\/mouldking.store\/wp-content\/uploads\/2022\/11\/Sunshine-Ecological-Park-Mork-031063-4.jpg\" alt=\"Mork 031063 Sunshine Ecological Park With 1506 Pieces\" width=\"800\" height=\"800\" title=\"-\" srcset=\"https:\/\/mouldking.store\/wp-content\/uploads\/2022\/11\/Sunshine-Ecological-Park-Mork-031063-4.jpg 800w, https:\/\/mouldking.store\/wp-content\/uploads\/2022\/11\/Sunshine-Ecological-Park-Mork-031063-4-300x300.jpg 300w, https:\/\/mouldking.store\/wp-content\/uploads\/2022\/11\/Sunshine-Ecological-Park-Mork-031063-4-768x768.jpg 768w, https:\/\/mouldking.store\/wp-content\/uploads\/2022\/11\/Sunshine-Ecological-Park-Mork-031063-4-600x600.jpg 600w, https:\/\/mouldking.store\/wp-content\/uploads\/2022\/11\/Sunshine-Ecological-Park-Mork-031063-4-150x150.jpg 150w, https:\/\/mouldking.store\/wp-content\/uploads\/2022\/11\/Sunshine-Ecological-Park-Mork-031063-4-60x60.jpg 60w, https:\/\/mouldking.store\/wp-content\/uploads\/2022\/11\/Sunshine-Ecological-Park-Mork-031063-4-90x90.jpg 90w\" sizes=\"(max-width: 800px) 100vw, 800px\" \/><figcaption id=\"caption-attachment-35754\" class=\"wp-caption-text\">Mork 031063 Sunshine Ecological Park mit 1506 Teilen<\/figcaption><\/figure>\n<figure id=\"attachment_35755\" aria-describedby=\"caption-attachment-35755\" style=\"width: 800px\" class=\"wp-caption aligncenter\"><img decoding=\"async\" class=\"wp-image-35755 size-full\" src=\"https:\/\/mouldking.store\/wp-content\/uploads\/2022\/11\/Sunshine-Ecological-Park-Mork-031063-3.jpg\" alt=\"Mork 031063 Sunshine Ecological Park With 1506 Pieces\" width=\"800\" height=\"800\" title=\"-\" srcset=\"https:\/\/mouldking.store\/wp-content\/uploads\/2022\/11\/Sunshine-Ecological-Park-Mork-031063-3.jpg 800w, https:\/\/mouldking.store\/wp-content\/uploads\/2022\/11\/Sunshine-Ecological-Park-Mork-031063-3-300x300.jpg 300w, https:\/\/mouldking.store\/wp-content\/uploads\/2022\/11\/Sunshine-Ecological-Park-Mork-031063-3-768x768.jpg 768w, https:\/\/mouldking.store\/wp-content\/uploads\/2022\/11\/Sunshine-Ecological-Park-Mork-031063-3-600x600.jpg 600w, https:\/\/mouldking.store\/wp-content\/uploads\/2022\/11\/Sunshine-Ecological-Park-Mork-031063-3-150x150.jpg 150w, https:\/\/mouldking.store\/wp-content\/uploads\/2022\/11\/Sunshine-Ecological-Park-Mork-031063-3-60x60.jpg 60w, https:\/\/mouldking.store\/wp-content\/uploads\/2022\/11\/Sunshine-Ecological-Park-Mork-031063-3-90x90.jpg 90w\" sizes=\"(max-width: 800px) 100vw, 800px\" \/><figcaption id=\"caption-attachment-35755\" class=\"wp-caption-text\">Mork 031063 Sunshine Ecological Park mit 1506 Teilen<\/figcaption><\/figure>\n<figure id=\"attachment_35756\" aria-describedby=\"caption-attachment-35756\" style=\"width: 800px\" class=\"wp-caption aligncenter\"><img loading=\"lazy\" decoding=\"async\" class=\"wp-image-35756 size-full\" src=\"https:\/\/mouldking.store\/wp-content\/uploads\/2022\/11\/Sunshine-Ecological-Park-Mork-031063-2.jpg\" alt=\"Mork 031063 Sunshine Ecological Park With 1506 Pieces\" width=\"800\" height=\"800\" title=\"-\" srcset=\"https:\/\/mouldking.store\/wp-content\/uploads\/2022\/11\/Sunshine-Ecological-Park-Mork-031063-2.jpg 800w, https:\/\/mouldking.store\/wp-content\/uploads\/2022\/11\/Sunshine-Ecological-Park-Mork-031063-2-300x300.jpg 300w, https:\/\/mouldking.store\/wp-content\/uploads\/2022\/11\/Sunshine-Ecological-Park-Mork-031063-2-768x768.jpg 768w, https:\/\/mouldking.store\/wp-content\/uploads\/2022\/11\/Sunshine-Ecological-Park-Mork-031063-2-600x600.jpg 600w, https:\/\/mouldking.store\/wp-content\/uploads\/2022\/11\/Sunshine-Ecological-Park-Mork-031063-2-150x150.jpg 150w, https:\/\/mouldking.store\/wp-content\/uploads\/2022\/11\/Sunshine-Ecological-Park-Mork-031063-2-60x60.jpg 60w, https:\/\/mouldking.store\/wp-content\/uploads\/2022\/11\/Sunshine-Ecological-Park-Mork-031063-2-90x90.jpg 90w\" sizes=\"(max-width: 800px) 100vw, 800px\" \/><figcaption id=\"caption-attachment-35756\" class=\"wp-caption-text\">Mork 031063 Sunshine Ecological Park mit 1506 Teilen<\/figcaption><\/figure>\n<figure id=\"attachment_35757\" aria-describedby=\"caption-attachment-35757\" style=\"width: 800px\" class=\"wp-caption aligncenter\"><img loading=\"lazy\" decoding=\"async\" class=\"wp-image-35757 size-full\" src=\"https:\/\/mouldking.store\/wp-content\/uploads\/2022\/11\/Sunshine-Ecological-Park-Mork-031063-1.jpg\" alt=\"Mork 031063 Sunshine Ecological Park With 1506 Pieces\" width=\"800\" height=\"800\" title=\"-\" srcset=\"https:\/\/mouldking.store\/wp-content\/uploads\/2022\/11\/Sunshine-Ecological-Park-Mork-031063-1.jpg 800w, https:\/\/mouldking.store\/wp-content\/uploads\/2022\/11\/Sunshine-Ecological-Park-Mork-031063-1-300x300.jpg 300w, https:\/\/mouldking.store\/wp-content\/uploads\/2022\/11\/Sunshine-Ecological-Park-Mork-031063-1-768x768.jpg 768w, https:\/\/mouldking.store\/wp-content\/uploads\/2022\/11\/Sunshine-Ecological-Park-Mork-031063-1-600x600.jpg 600w, https:\/\/mouldking.store\/wp-content\/uploads\/2022\/11\/Sunshine-Ecological-Park-Mork-031063-1-150x150.jpg 150w, https:\/\/mouldking.store\/wp-content\/uploads\/2022\/11\/Sunshine-Ecological-Park-Mork-031063-1-60x60.jpg 60w, https:\/\/mouldking.store\/wp-content\/uploads\/2022\/11\/Sunshine-Ecological-Park-Mork-031063-1-90x90.jpg 90w\" sizes=\"(max-width: 800px) 100vw, 800px\" \/><figcaption id=\"caption-attachment-35757\" class=\"wp-caption-text\">Mork 031063 Sunshine Ecological Park mit 1506 Teilen<\/figcaption><\/figure>","protected":false},"excerpt":{"rendered":"<p>Product information: Brand: Mork Gender: Unisex Name: Sunshine Ecological Park Age Range: &gt; 6 years old Model Number: 031063 Classification: Assemblage Plastic Block Shape: Self-Locking Bricks Material: Plastic Plastic Type: ABS Bricks Blocks:1506 PCS Size: 21 \u00d7 16 \u00d7 20.5 cm Contains detailed assembly instructions. Notice: 1. Without an original box, but we guarantee our [&hellip;]<\/p>","protected":false},"featured_media":35753,"comment_status":"closed","ping_status":"closed","template":"","meta":{"_acf_changed":false},"product_cat":[1365],"product_tag":[7906,7907,2352,7910,7911,7905,7908,7387,7909],"class_list":["product","first","instock","shipping-taxable","purchasable","product-type-simple"],"acf":[],"_links":{"self":[{"href":"https:\/\/mouldking.store\/de\/wp-json\/wp\/v2\/product\/35752","targetHints":{"allow":["GET"]}}],"collection":[{"href":"https:\/\/mouldking.store\/de\/wp-json\/wp\/v2\/product"}],"about":[{"href":"https:\/\/mouldking.store\/de\/wp-json\/wp\/v2\/types\/product"}],"replies":[{"embeddable":true,"href":"https:\/\/mouldking.store\/de\/wp-json\/wp\/v2\/comments?post=35752"}],"wp:featuredmedia":[{"embeddable":true,"href":"https:\/\/mouldking.store\/de\/wp-json\/wp\/v2\/media\/35753"}],"wp:attachment":[{"href":"https:\/\/mouldking.store\/de\/wp-json\/wp\/v2\/media?parent=35752"}],"wp:term":[{"taxonomy":"product_cat","embeddable":true,"href":"https:\/\/mouldking.store\/de\/wp-json\/wp\/v2\/product_cat?post=35752"},{"taxonomy":"product_tag","embeddable":true,"href":"https:\/\/mouldking.store\/de\/wp-json\/wp\/v2\/product_tag?post=35752"}],"curies":[{"name":"wp","href":"https:\/\/api.w.org\/{rel}","templated":true}]}}