{"id":35758,"date":"2022-11-22T12:34:18","date_gmt":"2022-11-22T05:34:18","guid":{"rendered":"https:\/\/mouldking.store\/?post_type=product&#038;p=35758"},"modified":"2022-11-22T12:34:18","modified_gmt":"2022-11-22T05:34:18","slug":"panlosinbrixx-687403-mechanical-king-kong-head-with-2595-pieces","status":"publish","type":"product","link":"https:\/\/mouldking.store\/de\/shop\/panlosinbrixx-687403-mechanical-king-kong-head-with-2595-pieces\/","title":{"rendered":"(PANLOS)Inbrixx 687403 Mechanischer King Kong Kopf mit 2595 Teilen"},"content":{"rendered":"<p>Produktinformation:<\/p>\n<ol>\n<li>Marke: (PANLOS)Inbrixx<\/li>\n<li>Geschlecht: Unisex<\/li>\n<li>Name: Mechanischer King-Kong-Kopf<\/li>\n<li>Altersspanne: &gt; 6 Jahre alt<\/li>\n<li>Modellnummer: 687403<\/li>\n<li>Einstufung: Assemblage<\/li>\n<li>Kunststoffblockform: Selbstsichernde Steine<\/li>\n<li>Material: Kunststoff<\/li>\n<li>Kunststofftyp: ABS<\/li>\n<li>Ziegelsteine: 2595 ST\u00dcCKE<\/li>\n<li>Gr\u00f6\u00dfe: 16 \u00d7 34,5 \u00d7 25 cm<\/li>\n<li>Enth\u00e4lt eine ausf\u00fchrliche Montageanleitung.<\/li>\n<\/ol>\n<p>Notiz:<br \/>\n1. Ohne Originalverpackung, aber wir garantieren, dass unsere Produkte eine Qualit\u00e4tssicherung und eine sch\u00f6ne Verpackung haben.<br \/>\n2. Wie alle Teile, die wir vor dem Versand \u00fcberpr\u00fcft haben, machen Sie sich keine Sorgen, wenn Sie feststellen, dass einige Teile fehlen oder besch\u00e4digt sind, und kontaktieren Sie uns einfach, und wir k\u00f6nnen sie Ihnen umgehend kostenlos erneut zusenden.<\/p>\n<figure id=\"attachment_35759\" aria-describedby=\"caption-attachment-35759\" style=\"width: 800px\" class=\"wp-caption aligncenter\"><img fetchpriority=\"high\" decoding=\"async\" class=\"wp-image-35759 size-full\" src=\"https:\/\/mouldking.store\/wp-content\/uploads\/2022\/11\/Mechanical-King-Kong-Head-PANLOSInbrixx-687403-1.jpg\" alt=\"(PANLOS)Inbrixx 687403 Mechanical King Kong Head With 2595 Pieces\" width=\"800\" height=\"800\" title=\"-\" srcset=\"https:\/\/mouldking.store\/wp-content\/uploads\/2022\/11\/Mechanical-King-Kong-Head-PANLOSInbrixx-687403-1.jpg 800w, https:\/\/mouldking.store\/wp-content\/uploads\/2022\/11\/Mechanical-King-Kong-Head-PANLOSInbrixx-687403-1-300x300.jpg 300w, https:\/\/mouldking.store\/wp-content\/uploads\/2022\/11\/Mechanical-King-Kong-Head-PANLOSInbrixx-687403-1-768x768.jpg 768w, https:\/\/mouldking.store\/wp-content\/uploads\/2022\/11\/Mechanical-King-Kong-Head-PANLOSInbrixx-687403-1-600x600.jpg 600w, https:\/\/mouldking.store\/wp-content\/uploads\/2022\/11\/Mechanical-King-Kong-Head-PANLOSInbrixx-687403-1-150x150.jpg 150w, https:\/\/mouldking.store\/wp-content\/uploads\/2022\/11\/Mechanical-King-Kong-Head-PANLOSInbrixx-687403-1-60x60.jpg 60w, https:\/\/mouldking.store\/wp-content\/uploads\/2022\/11\/Mechanical-King-Kong-Head-PANLOSInbrixx-687403-1-90x90.jpg 90w\" sizes=\"(max-width: 800px) 100vw, 800px\" \/><figcaption id=\"caption-attachment-35759\" class=\"wp-caption-text\">(PANLOS)Inbrixx 687403 Mechanischer King Kong Kopf mit 2595 Teilen<\/figcaption><\/figure>","protected":false},"excerpt":{"rendered":"<p>Product information: Brand: (PANLOS)Inbrixx Gender: Unisex Name: Mechanical King Kong Head Age Range: &gt; 6 years old Model Number: 687403 Classification: Assemblage Plastic Block Shape: Self-Locking Bricks Material: Plastic Plastic Type: ABS Bricks Blocks:2595PCS Size: 16 \u00d7 34.5 \u00d7 25 cm Contains detailed assembly instructions. Notice: 1. Without an original box, but we guarantee our [&hellip;]<\/p>","protected":false},"featured_media":35759,"comment_status":"closed","ping_status":"closed","template":"","meta":{"_acf_changed":false},"product_cat":[1408],"product_tag":[7917,7918,7912,7914,6483,7913,7916,2508,7345,7915,1851],"class_list":["product","first","instock","shipping-taxable","purchasable","product-type-simple"],"acf":[],"_links":{"self":[{"href":"https:\/\/mouldking.store\/de\/wp-json\/wp\/v2\/product\/35758","targetHints":{"allow":["GET"]}}],"collection":[{"href":"https:\/\/mouldking.store\/de\/wp-json\/wp\/v2\/product"}],"about":[{"href":"https:\/\/mouldking.store\/de\/wp-json\/wp\/v2\/types\/product"}],"replies":[{"embeddable":true,"href":"https:\/\/mouldking.store\/de\/wp-json\/wp\/v2\/comments?post=35758"}],"wp:featuredmedia":[{"embeddable":true,"href":"https:\/\/mouldking.store\/de\/wp-json\/wp\/v2\/media\/35759"}],"wp:attachment":[{"href":"https:\/\/mouldking.store\/de\/wp-json\/wp\/v2\/media?parent=35758"}],"wp:term":[{"taxonomy":"product_cat","embeddable":true,"href":"https:\/\/mouldking.store\/de\/wp-json\/wp\/v2\/product_cat?post=35758"},{"taxonomy":"product_tag","embeddable":true,"href":"https:\/\/mouldking.store\/de\/wp-json\/wp\/v2\/product_tag?post=35758"}],"curies":[{"name":"wp","href":"https:\/\/api.w.org\/{rel}","templated":true}]}}