{"id":35770,"date":"2022-11-22T14:46:13","date_gmt":"2022-11-22T07:46:13","guid":{"rendered":"https:\/\/mouldking.store\/?post_type=product&#038;p=35770"},"modified":"2022-11-22T14:46:14","modified_gmt":"2022-11-22T07:46:14","slug":"dk-1511-demon-slayer-kokushibo-saber-katana-with-789-pieces","status":"publish","type":"product","link":"https:\/\/mouldking.store\/de\/shop\/dk-1511-demon-slayer-kokushibo-saber-katana-with-789-pieces\/","title":{"rendered":"DK 1511 Demon Slayer Kokushibo Sabre Katana mit 789 Teilen"},"content":{"rendered":"<p>Produktinformation:<\/p>\n<ol>\n<li>Marke: DK<\/li>\n<li>Geschlecht: Unisex<\/li>\n<li>Name: Demon Slayer Kokushibo Saber Katana<\/li>\n<li>Altersspanne: &gt; 6 Jahre alt<\/li>\n<li>Model Number: 1511<\/li>\n<li>Einstufung: Assemblage<\/li>\n<li>Kunststoffblockform: Selbstsichernde Steine<\/li>\n<li>Material: Kunststoff<\/li>\n<li>Kunststofftyp: ABS<\/li>\n<li>Bricks Blocks:789 PCS<\/li>\n<li>Size: 99.7 x13 cm<\/li>\n<li>Enth\u00e4lt eine ausf\u00fchrliche Montageanleitung.<\/li>\n<\/ol>\n<p>Notiz:<br \/>\n1. Ohne Originalverpackung, aber wir garantieren, dass unsere Produkte eine Qualit\u00e4tssicherung und eine sch\u00f6ne Verpackung haben.<br \/>\n2. Wie alle Teile, die wir vor dem Versand \u00fcberpr\u00fcft haben, machen Sie sich keine Sorgen, wenn Sie feststellen, dass einige Teile fehlen oder besch\u00e4digt sind, und kontaktieren Sie uns einfach, und wir k\u00f6nnen sie Ihnen umgehend kostenlos erneut zusenden.<\/p>\n<figure id=\"attachment_35771\" aria-describedby=\"caption-attachment-35771\" style=\"width: 800px\" class=\"wp-caption aligncenter\"><img fetchpriority=\"high\" decoding=\"async\" class=\"wp-image-35771 size-full\" src=\"https:\/\/mouldking.store\/wp-content\/uploads\/2022\/11\/Demon-Slayer-Kokushibo-Saber-Katana-DK-1511-4.jpg\" alt=\"DK 1511 Demon Slayer Kokushibo Saber Katana With 789 Pieces\" width=\"800\" height=\"800\" title=\"-\" srcset=\"https:\/\/mouldking.store\/wp-content\/uploads\/2022\/11\/Demon-Slayer-Kokushibo-Saber-Katana-DK-1511-4.jpg 800w, https:\/\/mouldking.store\/wp-content\/uploads\/2022\/11\/Demon-Slayer-Kokushibo-Saber-Katana-DK-1511-4-300x300.jpg 300w, https:\/\/mouldking.store\/wp-content\/uploads\/2022\/11\/Demon-Slayer-Kokushibo-Saber-Katana-DK-1511-4-768x768.jpg 768w, https:\/\/mouldking.store\/wp-content\/uploads\/2022\/11\/Demon-Slayer-Kokushibo-Saber-Katana-DK-1511-4-600x600.jpg 600w, https:\/\/mouldking.store\/wp-content\/uploads\/2022\/11\/Demon-Slayer-Kokushibo-Saber-Katana-DK-1511-4-150x150.jpg 150w, https:\/\/mouldking.store\/wp-content\/uploads\/2022\/11\/Demon-Slayer-Kokushibo-Saber-Katana-DK-1511-4-60x60.jpg 60w, https:\/\/mouldking.store\/wp-content\/uploads\/2022\/11\/Demon-Slayer-Kokushibo-Saber-Katana-DK-1511-4-90x90.jpg 90w\" sizes=\"(max-width: 800px) 100vw, 800px\" \/><figcaption id=\"caption-attachment-35771\" class=\"wp-caption-text\">DK 1511 Demon Slayer Kokushibo Sabre Katana mit 789 Teilen<\/figcaption><\/figure>\n<figure id=\"attachment_35772\" aria-describedby=\"caption-attachment-35772\" style=\"width: 800px\" class=\"wp-caption aligncenter\"><img decoding=\"async\" class=\"wp-image-35772 size-full\" src=\"https:\/\/mouldking.store\/wp-content\/uploads\/2022\/11\/Demon-Slayer-Kokushibo-Saber-Katana-DK-1511-3.jpg\" alt=\"DK 1511 Demon Slayer Kokushibo Saber Katana With 789 Pieces\" width=\"800\" height=\"800\" title=\"-\" srcset=\"https:\/\/mouldking.store\/wp-content\/uploads\/2022\/11\/Demon-Slayer-Kokushibo-Saber-Katana-DK-1511-3.jpg 800w, https:\/\/mouldking.store\/wp-content\/uploads\/2022\/11\/Demon-Slayer-Kokushibo-Saber-Katana-DK-1511-3-300x300.jpg 300w, https:\/\/mouldking.store\/wp-content\/uploads\/2022\/11\/Demon-Slayer-Kokushibo-Saber-Katana-DK-1511-3-768x768.jpg 768w, https:\/\/mouldking.store\/wp-content\/uploads\/2022\/11\/Demon-Slayer-Kokushibo-Saber-Katana-DK-1511-3-600x600.jpg 600w, https:\/\/mouldking.store\/wp-content\/uploads\/2022\/11\/Demon-Slayer-Kokushibo-Saber-Katana-DK-1511-3-150x150.jpg 150w, https:\/\/mouldking.store\/wp-content\/uploads\/2022\/11\/Demon-Slayer-Kokushibo-Saber-Katana-DK-1511-3-60x60.jpg 60w, https:\/\/mouldking.store\/wp-content\/uploads\/2022\/11\/Demon-Slayer-Kokushibo-Saber-Katana-DK-1511-3-90x90.jpg 90w\" sizes=\"(max-width: 800px) 100vw, 800px\" \/><figcaption id=\"caption-attachment-35772\" class=\"wp-caption-text\">DK 1511 Demon Slayer Kokushibo Sabre Katana mit 789 Teilen<\/figcaption><\/figure>\n<figure id=\"attachment_35773\" aria-describedby=\"caption-attachment-35773\" style=\"width: 800px\" class=\"wp-caption aligncenter\"><img decoding=\"async\" class=\"wp-image-35773 size-full\" src=\"https:\/\/mouldking.store\/wp-content\/uploads\/2022\/11\/Demon-Slayer-Kokushibo-Saber-Katana-DK-1511-2.jpg\" alt=\"DK 1511 Demon Slayer Kokushibo Saber Katana With 789 Pieces\" width=\"800\" height=\"800\" title=\"-\" srcset=\"https:\/\/mouldking.store\/wp-content\/uploads\/2022\/11\/Demon-Slayer-Kokushibo-Saber-Katana-DK-1511-2.jpg 800w, https:\/\/mouldking.store\/wp-content\/uploads\/2022\/11\/Demon-Slayer-Kokushibo-Saber-Katana-DK-1511-2-300x300.jpg 300w, https:\/\/mouldking.store\/wp-content\/uploads\/2022\/11\/Demon-Slayer-Kokushibo-Saber-Katana-DK-1511-2-768x768.jpg 768w, https:\/\/mouldking.store\/wp-content\/uploads\/2022\/11\/Demon-Slayer-Kokushibo-Saber-Katana-DK-1511-2-600x600.jpg 600w, https:\/\/mouldking.store\/wp-content\/uploads\/2022\/11\/Demon-Slayer-Kokushibo-Saber-Katana-DK-1511-2-150x150.jpg 150w, https:\/\/mouldking.store\/wp-content\/uploads\/2022\/11\/Demon-Slayer-Kokushibo-Saber-Katana-DK-1511-2-60x60.jpg 60w, https:\/\/mouldking.store\/wp-content\/uploads\/2022\/11\/Demon-Slayer-Kokushibo-Saber-Katana-DK-1511-2-90x90.jpg 90w\" sizes=\"(max-width: 800px) 100vw, 800px\" \/><figcaption id=\"caption-attachment-35773\" class=\"wp-caption-text\">DK 1511 Demon Slayer Kokushibo Sabre Katana mit 789 Teilen<\/figcaption><\/figure>\n<figure id=\"attachment_35774\" aria-describedby=\"caption-attachment-35774\" style=\"width: 800px\" class=\"wp-caption aligncenter\"><img loading=\"lazy\" decoding=\"async\" class=\"wp-image-35774 size-full\" src=\"https:\/\/mouldking.store\/wp-content\/uploads\/2022\/11\/Demon-Slayer-Kokushibo-Saber-Katana-DK-1511-1.jpg\" alt=\"DK 1511 Demon Slayer Kokushibo Saber Katana With 789 Pieces\" width=\"800\" height=\"800\" title=\"-\" srcset=\"https:\/\/mouldking.store\/wp-content\/uploads\/2022\/11\/Demon-Slayer-Kokushibo-Saber-Katana-DK-1511-1.jpg 800w, https:\/\/mouldking.store\/wp-content\/uploads\/2022\/11\/Demon-Slayer-Kokushibo-Saber-Katana-DK-1511-1-300x300.jpg 300w, https:\/\/mouldking.store\/wp-content\/uploads\/2022\/11\/Demon-Slayer-Kokushibo-Saber-Katana-DK-1511-1-768x768.jpg 768w, https:\/\/mouldking.store\/wp-content\/uploads\/2022\/11\/Demon-Slayer-Kokushibo-Saber-Katana-DK-1511-1-600x600.jpg 600w, https:\/\/mouldking.store\/wp-content\/uploads\/2022\/11\/Demon-Slayer-Kokushibo-Saber-Katana-DK-1511-1-150x150.jpg 150w, https:\/\/mouldking.store\/wp-content\/uploads\/2022\/11\/Demon-Slayer-Kokushibo-Saber-Katana-DK-1511-1-60x60.jpg 60w, https:\/\/mouldking.store\/wp-content\/uploads\/2022\/11\/Demon-Slayer-Kokushibo-Saber-Katana-DK-1511-1-90x90.jpg 90w\" sizes=\"(max-width: 800px) 100vw, 800px\" \/><figcaption id=\"caption-attachment-35774\" class=\"wp-caption-text\">DK 1511 Demon Slayer Kokushibo Sabre Katana mit 789 Teilen<\/figcaption><\/figure>","protected":false},"excerpt":{"rendered":"<p>Product information: Brand: DK Gender: Unisex Name: Demon Slayer Kokushibo Saber Katana Age Range: &gt; 6 years old Model Number: 1511 Classification: Assemblage Plastic Block Shape: Self-Locking Bricks Material: Plastic Plastic Type: ABS Bricks Blocks:789 PCS Size: 99.7 x13 cm Contains detailed assembly instructions. Notice: 1. Without an original box, but we guarantee our products [&hellip;]<\/p>","protected":false},"featured_media":35771,"comment_status":"closed","ping_status":"closed","template":"","meta":{"_acf_changed":false},"product_cat":[1408],"product_tag":[7931,2977,7937,2914,7936,7938,7930,7934,7932,7935,7933],"class_list":["product","first","instock","shipping-taxable","purchasable","product-type-simple"],"acf":[],"_links":{"self":[{"href":"https:\/\/mouldking.store\/de\/wp-json\/wp\/v2\/product\/35770","targetHints":{"allow":["GET"]}}],"collection":[{"href":"https:\/\/mouldking.store\/de\/wp-json\/wp\/v2\/product"}],"about":[{"href":"https:\/\/mouldking.store\/de\/wp-json\/wp\/v2\/types\/product"}],"replies":[{"embeddable":true,"href":"https:\/\/mouldking.store\/de\/wp-json\/wp\/v2\/comments?post=35770"}],"wp:featuredmedia":[{"embeddable":true,"href":"https:\/\/mouldking.store\/de\/wp-json\/wp\/v2\/media\/35771"}],"wp:attachment":[{"href":"https:\/\/mouldking.store\/de\/wp-json\/wp\/v2\/media?parent=35770"}],"wp:term":[{"taxonomy":"product_cat","embeddable":true,"href":"https:\/\/mouldking.store\/de\/wp-json\/wp\/v2\/product_cat?post=35770"},{"taxonomy":"product_tag","embeddable":true,"href":"https:\/\/mouldking.store\/de\/wp-json\/wp\/v2\/product_tag?post=35770"}],"curies":[{"name":"wp","href":"https:\/\/api.w.org\/{rel}","templated":true}]}}