{"id":35775,"date":"2022-11-22T14:57:57","date_gmt":"2022-11-22T07:57:57","guid":{"rendered":"https:\/\/mouldking.store\/?post_type=product&#038;p=35775"},"modified":"2022-11-22T14:57:57","modified_gmt":"2022-11-22T07:57:57","slug":"zhegao-00387-vintage-cash-register-with-1630-pieces","status":"publish","type":"product","link":"https:\/\/mouldking.store\/de\/shop\/zhegao-00387-vintage-cash-register-with-1630-pieces\/","title":{"rendered":"ZHEGAO 00387 Vintage Registrierkasse mit 1630 St\u00fcck"},"content":{"rendered":"<p>Produktinformation:<\/p>\n<ol>\n<li>Marke: ZHEGAO<\/li>\n<li>Geschlecht: Unisex<\/li>\n<li>Name: Vintage Cash Register<\/li>\n<li>Altersspanne: &gt; 6 Jahre alt<\/li>\n<li>Model Number: 00387<\/li>\n<li>Einstufung: Assemblage<\/li>\n<li>Kunststoffblockform: Selbstsichernde Steine<\/li>\n<li>Material: Kunststoff<\/li>\n<li>Kunststofftyp: ABS<\/li>\n<li>Bricks Blocks:1630 PCS<\/li>\n<li>Size: 19.2 \u00d7 16 \u00d7 18.7 cm<\/li>\n<li>Enth\u00e4lt eine ausf\u00fchrliche Montageanleitung.<\/li>\n<\/ol>\n<p>Notiz:<br \/>\n1. Ohne Originalverpackung, aber wir garantieren, dass unsere Produkte eine Qualit\u00e4tssicherung und eine sch\u00f6ne Verpackung haben.<br \/>\n2. Wie alle Teile, die wir vor dem Versand \u00fcberpr\u00fcft haben, machen Sie sich keine Sorgen, wenn Sie feststellen, dass einige Teile fehlen oder besch\u00e4digt sind, und kontaktieren Sie uns einfach, und wir k\u00f6nnen sie Ihnen umgehend kostenlos erneut zusenden.<\/p>\n<figure id=\"attachment_35776\" aria-describedby=\"caption-attachment-35776\" style=\"width: 800px\" class=\"wp-caption aligncenter\"><img fetchpriority=\"high\" decoding=\"async\" class=\"wp-image-35776 size-full\" src=\"https:\/\/mouldking.store\/wp-content\/uploads\/2022\/11\/Vintage-Cash-Register-ZHEGAO-00387-7.jpg\" alt=\"ZHEGAO 00387 Vintage Cash Register With 1630 Pieces\" width=\"800\" height=\"800\" title=\"-\" srcset=\"https:\/\/mouldking.store\/wp-content\/uploads\/2022\/11\/Vintage-Cash-Register-ZHEGAO-00387-7.jpg 800w, https:\/\/mouldking.store\/wp-content\/uploads\/2022\/11\/Vintage-Cash-Register-ZHEGAO-00387-7-300x300.jpg 300w, https:\/\/mouldking.store\/wp-content\/uploads\/2022\/11\/Vintage-Cash-Register-ZHEGAO-00387-7-768x768.jpg 768w, https:\/\/mouldking.store\/wp-content\/uploads\/2022\/11\/Vintage-Cash-Register-ZHEGAO-00387-7-600x600.jpg 600w, https:\/\/mouldking.store\/wp-content\/uploads\/2022\/11\/Vintage-Cash-Register-ZHEGAO-00387-7-150x150.jpg 150w, https:\/\/mouldking.store\/wp-content\/uploads\/2022\/11\/Vintage-Cash-Register-ZHEGAO-00387-7-60x60.jpg 60w, https:\/\/mouldking.store\/wp-content\/uploads\/2022\/11\/Vintage-Cash-Register-ZHEGAO-00387-7-90x90.jpg 90w\" sizes=\"(max-width: 800px) 100vw, 800px\" \/><figcaption id=\"caption-attachment-35776\" class=\"wp-caption-text\">ZHEGAO 00387 Vintage Registrierkasse mit 1630 St\u00fcck<\/figcaption><\/figure>\n<figure id=\"attachment_35777\" aria-describedby=\"caption-attachment-35777\" style=\"width: 800px\" class=\"wp-caption aligncenter\"><img decoding=\"async\" class=\"wp-image-35777 size-full\" src=\"https:\/\/mouldking.store\/wp-content\/uploads\/2022\/11\/Vintage-Cash-Register-ZHEGAO-00387-6.jpg\" alt=\"ZHEGAO 00387 Vintage Cash Register With 1630 Pieces\" width=\"800\" height=\"800\" title=\"-\" srcset=\"https:\/\/mouldking.store\/wp-content\/uploads\/2022\/11\/Vintage-Cash-Register-ZHEGAO-00387-6.jpg 800w, https:\/\/mouldking.store\/wp-content\/uploads\/2022\/11\/Vintage-Cash-Register-ZHEGAO-00387-6-300x300.jpg 300w, https:\/\/mouldking.store\/wp-content\/uploads\/2022\/11\/Vintage-Cash-Register-ZHEGAO-00387-6-768x768.jpg 768w, https:\/\/mouldking.store\/wp-content\/uploads\/2022\/11\/Vintage-Cash-Register-ZHEGAO-00387-6-600x600.jpg 600w, https:\/\/mouldking.store\/wp-content\/uploads\/2022\/11\/Vintage-Cash-Register-ZHEGAO-00387-6-150x150.jpg 150w, https:\/\/mouldking.store\/wp-content\/uploads\/2022\/11\/Vintage-Cash-Register-ZHEGAO-00387-6-60x60.jpg 60w, https:\/\/mouldking.store\/wp-content\/uploads\/2022\/11\/Vintage-Cash-Register-ZHEGAO-00387-6-90x90.jpg 90w\" sizes=\"(max-width: 800px) 100vw, 800px\" \/><figcaption id=\"caption-attachment-35777\" class=\"wp-caption-text\">ZHEGAO 00387 Vintage Registrierkasse mit 1630 St\u00fcck<\/figcaption><\/figure>\n<figure id=\"attachment_35778\" aria-describedby=\"caption-attachment-35778\" style=\"width: 800px\" class=\"wp-caption aligncenter\"><img decoding=\"async\" class=\"wp-image-35778 size-full\" src=\"https:\/\/mouldking.store\/wp-content\/uploads\/2022\/11\/Vintage-Cash-Register-ZHEGAO-00387-5.jpg\" alt=\"ZHEGAO 00387 Vintage Cash Register With 1630 Pieces\" width=\"800\" height=\"800\" title=\"-\" srcset=\"https:\/\/mouldking.store\/wp-content\/uploads\/2022\/11\/Vintage-Cash-Register-ZHEGAO-00387-5.jpg 800w, https:\/\/mouldking.store\/wp-content\/uploads\/2022\/11\/Vintage-Cash-Register-ZHEGAO-00387-5-300x300.jpg 300w, https:\/\/mouldking.store\/wp-content\/uploads\/2022\/11\/Vintage-Cash-Register-ZHEGAO-00387-5-768x768.jpg 768w, https:\/\/mouldking.store\/wp-content\/uploads\/2022\/11\/Vintage-Cash-Register-ZHEGAO-00387-5-600x600.jpg 600w, https:\/\/mouldking.store\/wp-content\/uploads\/2022\/11\/Vintage-Cash-Register-ZHEGAO-00387-5-150x150.jpg 150w, https:\/\/mouldking.store\/wp-content\/uploads\/2022\/11\/Vintage-Cash-Register-ZHEGAO-00387-5-60x60.jpg 60w, https:\/\/mouldking.store\/wp-content\/uploads\/2022\/11\/Vintage-Cash-Register-ZHEGAO-00387-5-90x90.jpg 90w\" sizes=\"(max-width: 800px) 100vw, 800px\" \/><figcaption id=\"caption-attachment-35778\" class=\"wp-caption-text\">ZHEGAO 00387 Vintage Registrierkasse mit 1630 St\u00fcck<\/figcaption><\/figure>\n<figure id=\"attachment_35779\" aria-describedby=\"caption-attachment-35779\" style=\"width: 800px\" class=\"wp-caption aligncenter\"><img loading=\"lazy\" decoding=\"async\" class=\"wp-image-35779 size-full\" src=\"https:\/\/mouldking.store\/wp-content\/uploads\/2022\/11\/Vintage-Cash-Register-ZHEGAO-00387-4.jpg\" alt=\"ZHEGAO 00387 Vintage Cash Register With 1630 Pieces\" width=\"800\" height=\"800\" title=\"-\" srcset=\"https:\/\/mouldking.store\/wp-content\/uploads\/2022\/11\/Vintage-Cash-Register-ZHEGAO-00387-4.jpg 800w, https:\/\/mouldking.store\/wp-content\/uploads\/2022\/11\/Vintage-Cash-Register-ZHEGAO-00387-4-300x300.jpg 300w, https:\/\/mouldking.store\/wp-content\/uploads\/2022\/11\/Vintage-Cash-Register-ZHEGAO-00387-4-768x768.jpg 768w, https:\/\/mouldking.store\/wp-content\/uploads\/2022\/11\/Vintage-Cash-Register-ZHEGAO-00387-4-600x600.jpg 600w, https:\/\/mouldking.store\/wp-content\/uploads\/2022\/11\/Vintage-Cash-Register-ZHEGAO-00387-4-150x150.jpg 150w, https:\/\/mouldking.store\/wp-content\/uploads\/2022\/11\/Vintage-Cash-Register-ZHEGAO-00387-4-60x60.jpg 60w, https:\/\/mouldking.store\/wp-content\/uploads\/2022\/11\/Vintage-Cash-Register-ZHEGAO-00387-4-90x90.jpg 90w\" sizes=\"(max-width: 800px) 100vw, 800px\" \/><figcaption id=\"caption-attachment-35779\" class=\"wp-caption-text\">ZHEGAO 00387 Vintage Registrierkasse mit 1630 St\u00fcck<\/figcaption><\/figure>\n<figure id=\"attachment_35780\" aria-describedby=\"caption-attachment-35780\" style=\"width: 800px\" class=\"wp-caption aligncenter\"><img loading=\"lazy\" decoding=\"async\" class=\"wp-image-35780 size-full\" src=\"https:\/\/mouldking.store\/wp-content\/uploads\/2022\/11\/Vintage-Cash-Register-ZHEGAO-00387-3.jpg\" alt=\"ZHEGAO 00387 Vintage Cash Register With 1630 Pieces\" width=\"800\" height=\"800\" title=\"-\" srcset=\"https:\/\/mouldking.store\/wp-content\/uploads\/2022\/11\/Vintage-Cash-Register-ZHEGAO-00387-3.jpg 800w, https:\/\/mouldking.store\/wp-content\/uploads\/2022\/11\/Vintage-Cash-Register-ZHEGAO-00387-3-300x300.jpg 300w, https:\/\/mouldking.store\/wp-content\/uploads\/2022\/11\/Vintage-Cash-Register-ZHEGAO-00387-3-768x768.jpg 768w, https:\/\/mouldking.store\/wp-content\/uploads\/2022\/11\/Vintage-Cash-Register-ZHEGAO-00387-3-600x600.jpg 600w, https:\/\/mouldking.store\/wp-content\/uploads\/2022\/11\/Vintage-Cash-Register-ZHEGAO-00387-3-150x150.jpg 150w, https:\/\/mouldking.store\/wp-content\/uploads\/2022\/11\/Vintage-Cash-Register-ZHEGAO-00387-3-60x60.jpg 60w, https:\/\/mouldking.store\/wp-content\/uploads\/2022\/11\/Vintage-Cash-Register-ZHEGAO-00387-3-90x90.jpg 90w\" sizes=\"(max-width: 800px) 100vw, 800px\" \/><figcaption id=\"caption-attachment-35780\" class=\"wp-caption-text\">ZHEGAO 00387 Vintage Registrierkasse mit 1630 St\u00fcck<\/figcaption><\/figure>\n<figure id=\"attachment_35781\" aria-describedby=\"caption-attachment-35781\" style=\"width: 800px\" class=\"wp-caption aligncenter\"><img loading=\"lazy\" decoding=\"async\" class=\"wp-image-35781 size-full\" src=\"https:\/\/mouldking.store\/wp-content\/uploads\/2022\/11\/Vintage-Cash-Register-ZHEGAO-00387-2.jpg\" alt=\"ZHEGAO 00387 Vintage Cash Register With 1630 Pieces\" width=\"800\" height=\"800\" title=\"-\" srcset=\"https:\/\/mouldking.store\/wp-content\/uploads\/2022\/11\/Vintage-Cash-Register-ZHEGAO-00387-2.jpg 800w, https:\/\/mouldking.store\/wp-content\/uploads\/2022\/11\/Vintage-Cash-Register-ZHEGAO-00387-2-300x300.jpg 300w, https:\/\/mouldking.store\/wp-content\/uploads\/2022\/11\/Vintage-Cash-Register-ZHEGAO-00387-2-768x768.jpg 768w, https:\/\/mouldking.store\/wp-content\/uploads\/2022\/11\/Vintage-Cash-Register-ZHEGAO-00387-2-600x600.jpg 600w, https:\/\/mouldking.store\/wp-content\/uploads\/2022\/11\/Vintage-Cash-Register-ZHEGAO-00387-2-150x150.jpg 150w, https:\/\/mouldking.store\/wp-content\/uploads\/2022\/11\/Vintage-Cash-Register-ZHEGAO-00387-2-60x60.jpg 60w, https:\/\/mouldking.store\/wp-content\/uploads\/2022\/11\/Vintage-Cash-Register-ZHEGAO-00387-2-90x90.jpg 90w\" sizes=\"(max-width: 800px) 100vw, 800px\" \/><figcaption id=\"caption-attachment-35781\" class=\"wp-caption-text\">ZHEGAO 00387 Vintage Registrierkasse mit 1630 St\u00fcck<\/figcaption><\/figure>\n<figure id=\"attachment_35782\" aria-describedby=\"caption-attachment-35782\" style=\"width: 800px\" class=\"wp-caption aligncenter\"><img loading=\"lazy\" decoding=\"async\" class=\"wp-image-35782 size-full\" src=\"https:\/\/mouldking.store\/wp-content\/uploads\/2022\/11\/Vintage-Cash-Register-ZHEGAO-00387-1.jpg\" alt=\"ZHEGAO 00387 Vintage Cash Register With 1630 Pieces\" width=\"800\" height=\"800\" title=\"-\" srcset=\"https:\/\/mouldking.store\/wp-content\/uploads\/2022\/11\/Vintage-Cash-Register-ZHEGAO-00387-1.jpg 800w, https:\/\/mouldking.store\/wp-content\/uploads\/2022\/11\/Vintage-Cash-Register-ZHEGAO-00387-1-300x300.jpg 300w, https:\/\/mouldking.store\/wp-content\/uploads\/2022\/11\/Vintage-Cash-Register-ZHEGAO-00387-1-768x768.jpg 768w, https:\/\/mouldking.store\/wp-content\/uploads\/2022\/11\/Vintage-Cash-Register-ZHEGAO-00387-1-600x600.jpg 600w, https:\/\/mouldking.store\/wp-content\/uploads\/2022\/11\/Vintage-Cash-Register-ZHEGAO-00387-1-150x150.jpg 150w, https:\/\/mouldking.store\/wp-content\/uploads\/2022\/11\/Vintage-Cash-Register-ZHEGAO-00387-1-60x60.jpg 60w, https:\/\/mouldking.store\/wp-content\/uploads\/2022\/11\/Vintage-Cash-Register-ZHEGAO-00387-1-90x90.jpg 90w\" sizes=\"(max-width: 800px) 100vw, 800px\" \/><figcaption id=\"caption-attachment-35782\" class=\"wp-caption-text\">ZHEGAO 00387 Vintage Registrierkasse mit 1630 St\u00fcck<\/figcaption><\/figure>","protected":false},"excerpt":{"rendered":"<p>Product information: Brand: ZHEGAO Gender: Unisex Name: Vintage Cash Register Age Range: &gt; 6 years old Model Number: 00387 Classification: Assemblage Plastic Block Shape: Self-Locking Bricks Material: Plastic Plastic Type: ABS Bricks Blocks:1630 PCS Size: 19.2 \u00d7 16 \u00d7 18.7 cm Contains detailed assembly instructions. Notice: 1. Without an original box, but we guarantee our [&hellip;]<\/p>","protected":false},"featured_media":35776,"comment_status":"closed","ping_status":"closed","template":"","meta":{"_acf_changed":false},"product_cat":[1365],"product_tag":[7940,7942,7943,7941,7945,1698,7944,7946,7939],"class_list":["product","first","instock","shipping-taxable","purchasable","product-type-simple"],"acf":[],"_links":{"self":[{"href":"https:\/\/mouldking.store\/de\/wp-json\/wp\/v2\/product\/35775","targetHints":{"allow":["GET"]}}],"collection":[{"href":"https:\/\/mouldking.store\/de\/wp-json\/wp\/v2\/product"}],"about":[{"href":"https:\/\/mouldking.store\/de\/wp-json\/wp\/v2\/types\/product"}],"replies":[{"embeddable":true,"href":"https:\/\/mouldking.store\/de\/wp-json\/wp\/v2\/comments?post=35775"}],"wp:featuredmedia":[{"embeddable":true,"href":"https:\/\/mouldking.store\/de\/wp-json\/wp\/v2\/media\/35776"}],"wp:attachment":[{"href":"https:\/\/mouldking.store\/de\/wp-json\/wp\/v2\/media?parent=35775"}],"wp:term":[{"taxonomy":"product_cat","embeddable":true,"href":"https:\/\/mouldking.store\/de\/wp-json\/wp\/v2\/product_cat?post=35775"},{"taxonomy":"product_tag","embeddable":true,"href":"https:\/\/mouldking.store\/de\/wp-json\/wp\/v2\/product_tag?post=35775"}],"curies":[{"name":"wp","href":"https:\/\/api.w.org\/{rel}","templated":true}]}}