{"id":35783,"date":"2022-11-22T15:06:01","date_gmt":"2022-11-22T08:06:01","guid":{"rendered":"https:\/\/mouldking.store\/?post_type=product&#038;p=35783"},"modified":"2022-11-22T15:06:01","modified_gmt":"2022-11-22T08:06:01","slug":"mould-king-13083-pirates-seagull-ship-with-1288-pieces","status":"publish","type":"product","link":"https:\/\/mouldking.store\/de\/shop\/mould-king-13083-pirates-seagull-ship-with-1288-pieces\/","title":{"rendered":"MOLD KING 13083 Piraten-M\u00f6wenschiff mit 1288 Teilen"},"content":{"rendered":"<p>Produktinformation:<\/p>\n<ol>\n<li>Marke: Mould King<\/li>\n<li>Geschlecht: Unisex<\/li>\n<li>Name: Pirates Seagull Ship<\/li>\n<li>Altersspanne: &gt; 6 Jahre alt<\/li>\n<li>Model Number: 13083<\/li>\n<li>Einstufung: Assemblage<\/li>\n<li>Kunststoffblockform: Selbstsichernde Steine<\/li>\n<li>Material: Kunststoff<\/li>\n<li>Kunststofftyp: ABS<\/li>\n<li>Ziegelsteine: 1288 St\u00fcck<\/li>\n<li>Size: 43.7 \u00d7 25.7 \u00d7 40.9 cm<\/li>\n<li>Enth\u00e4lt eine ausf\u00fchrliche Montageanleitung.<\/li>\n<\/ol>\n<p>Notiz:<br \/>\n1. Ohne Originalverpackung, aber wir garantieren, dass unsere Produkte eine Qualit\u00e4tssicherung und eine sch\u00f6ne Verpackung haben.<br \/>\n2. Wie alle Teile, die wir vor dem Versand \u00fcberpr\u00fcft haben, machen Sie sich keine Sorgen, wenn Sie feststellen, dass einige Teile fehlen oder besch\u00e4digt sind, und kontaktieren Sie uns einfach, und wir k\u00f6nnen sie Ihnen umgehend kostenlos erneut zusenden.<\/p>\n<figure id=\"attachment_35784\" aria-describedby=\"caption-attachment-35784\" style=\"width: 800px\" class=\"wp-caption aligncenter\"><img fetchpriority=\"high\" decoding=\"async\" class=\"wp-image-35784 size-full\" src=\"https:\/\/mouldking.store\/wp-content\/uploads\/2022\/11\/Pirates-Seagull-Ship-MOULD-KING-13083-5.jpg\" alt=\"MOULD KING 13083 Pirates Seagull Ship With 1288 Pieces\" width=\"800\" height=\"800\" title=\"-\" srcset=\"https:\/\/mouldking.store\/wp-content\/uploads\/2022\/11\/Pirates-Seagull-Ship-MOULD-KING-13083-5.jpg 800w, https:\/\/mouldking.store\/wp-content\/uploads\/2022\/11\/Pirates-Seagull-Ship-MOULD-KING-13083-5-300x300.jpg 300w, https:\/\/mouldking.store\/wp-content\/uploads\/2022\/11\/Pirates-Seagull-Ship-MOULD-KING-13083-5-768x768.jpg 768w, https:\/\/mouldking.store\/wp-content\/uploads\/2022\/11\/Pirates-Seagull-Ship-MOULD-KING-13083-5-600x600.jpg 600w, https:\/\/mouldking.store\/wp-content\/uploads\/2022\/11\/Pirates-Seagull-Ship-MOULD-KING-13083-5-150x150.jpg 150w, https:\/\/mouldking.store\/wp-content\/uploads\/2022\/11\/Pirates-Seagull-Ship-MOULD-KING-13083-5-60x60.jpg 60w, https:\/\/mouldking.store\/wp-content\/uploads\/2022\/11\/Pirates-Seagull-Ship-MOULD-KING-13083-5-90x90.jpg 90w\" sizes=\"(max-width: 800px) 100vw, 800px\" \/><figcaption id=\"caption-attachment-35784\" class=\"wp-caption-text\">MOLD KING 13083 Piraten-M\u00f6wenschiff mit 1288 Teilen<\/figcaption><\/figure>\n<figure id=\"attachment_35785\" aria-describedby=\"caption-attachment-35785\" style=\"width: 800px\" class=\"wp-caption aligncenter\"><img decoding=\"async\" class=\"wp-image-35785 size-full\" src=\"https:\/\/mouldking.store\/wp-content\/uploads\/2022\/11\/Pirates-Seagull-Ship-MOULD-KING-13083-4.jpg\" alt=\"MOULD KING 13083 Pirates Seagull Ship With 1288 Pieces\" width=\"800\" height=\"800\" title=\"-\" srcset=\"https:\/\/mouldking.store\/wp-content\/uploads\/2022\/11\/Pirates-Seagull-Ship-MOULD-KING-13083-4.jpg 800w, https:\/\/mouldking.store\/wp-content\/uploads\/2022\/11\/Pirates-Seagull-Ship-MOULD-KING-13083-4-300x300.jpg 300w, https:\/\/mouldking.store\/wp-content\/uploads\/2022\/11\/Pirates-Seagull-Ship-MOULD-KING-13083-4-768x768.jpg 768w, https:\/\/mouldking.store\/wp-content\/uploads\/2022\/11\/Pirates-Seagull-Ship-MOULD-KING-13083-4-600x600.jpg 600w, https:\/\/mouldking.store\/wp-content\/uploads\/2022\/11\/Pirates-Seagull-Ship-MOULD-KING-13083-4-150x150.jpg 150w, https:\/\/mouldking.store\/wp-content\/uploads\/2022\/11\/Pirates-Seagull-Ship-MOULD-KING-13083-4-60x60.jpg 60w, https:\/\/mouldking.store\/wp-content\/uploads\/2022\/11\/Pirates-Seagull-Ship-MOULD-KING-13083-4-90x90.jpg 90w\" sizes=\"(max-width: 800px) 100vw, 800px\" \/><figcaption id=\"caption-attachment-35785\" class=\"wp-caption-text\">MOLD KING 13083 Piraten-M\u00f6wenschiff mit 1288 Teilen<\/figcaption><\/figure>\n<figure id=\"attachment_35786\" aria-describedby=\"caption-attachment-35786\" style=\"width: 800px\" class=\"wp-caption aligncenter\"><img decoding=\"async\" class=\"wp-image-35786 size-full\" src=\"https:\/\/mouldking.store\/wp-content\/uploads\/2022\/11\/Pirates-Seagull-Ship-MOULD-KING-13083-3.jpg\" alt=\"MOULD KING 13083 Pirates Seagull Ship With 1288 Pieces\" width=\"800\" height=\"800\" title=\"-\" srcset=\"https:\/\/mouldking.store\/wp-content\/uploads\/2022\/11\/Pirates-Seagull-Ship-MOULD-KING-13083-3.jpg 800w, https:\/\/mouldking.store\/wp-content\/uploads\/2022\/11\/Pirates-Seagull-Ship-MOULD-KING-13083-3-300x300.jpg 300w, https:\/\/mouldking.store\/wp-content\/uploads\/2022\/11\/Pirates-Seagull-Ship-MOULD-KING-13083-3-768x768.jpg 768w, https:\/\/mouldking.store\/wp-content\/uploads\/2022\/11\/Pirates-Seagull-Ship-MOULD-KING-13083-3-600x600.jpg 600w, https:\/\/mouldking.store\/wp-content\/uploads\/2022\/11\/Pirates-Seagull-Ship-MOULD-KING-13083-3-150x150.jpg 150w, https:\/\/mouldking.store\/wp-content\/uploads\/2022\/11\/Pirates-Seagull-Ship-MOULD-KING-13083-3-60x60.jpg 60w, https:\/\/mouldking.store\/wp-content\/uploads\/2022\/11\/Pirates-Seagull-Ship-MOULD-KING-13083-3-90x90.jpg 90w\" sizes=\"(max-width: 800px) 100vw, 800px\" \/><figcaption id=\"caption-attachment-35786\" class=\"wp-caption-text\">MOLD KING 13083 Piraten-M\u00f6wenschiff mit 1288 Teilen<\/figcaption><\/figure>\n<figure id=\"attachment_35787\" aria-describedby=\"caption-attachment-35787\" style=\"width: 800px\" class=\"wp-caption aligncenter\"><img loading=\"lazy\" decoding=\"async\" class=\"wp-image-35787 size-full\" src=\"https:\/\/mouldking.store\/wp-content\/uploads\/2022\/11\/Pirates-Seagull-Ship-MOULD-KING-13083-2.jpg\" alt=\"MOULD KING 13083 Pirates Seagull Ship With 1288 Pieces\" width=\"800\" height=\"800\" title=\"-\" srcset=\"https:\/\/mouldking.store\/wp-content\/uploads\/2022\/11\/Pirates-Seagull-Ship-MOULD-KING-13083-2.jpg 800w, https:\/\/mouldking.store\/wp-content\/uploads\/2022\/11\/Pirates-Seagull-Ship-MOULD-KING-13083-2-300x300.jpg 300w, https:\/\/mouldking.store\/wp-content\/uploads\/2022\/11\/Pirates-Seagull-Ship-MOULD-KING-13083-2-768x768.jpg 768w, https:\/\/mouldking.store\/wp-content\/uploads\/2022\/11\/Pirates-Seagull-Ship-MOULD-KING-13083-2-600x600.jpg 600w, https:\/\/mouldking.store\/wp-content\/uploads\/2022\/11\/Pirates-Seagull-Ship-MOULD-KING-13083-2-150x150.jpg 150w, https:\/\/mouldking.store\/wp-content\/uploads\/2022\/11\/Pirates-Seagull-Ship-MOULD-KING-13083-2-60x60.jpg 60w, https:\/\/mouldking.store\/wp-content\/uploads\/2022\/11\/Pirates-Seagull-Ship-MOULD-KING-13083-2-90x90.jpg 90w\" sizes=\"(max-width: 800px) 100vw, 800px\" \/><figcaption id=\"caption-attachment-35787\" class=\"wp-caption-text\">MOLD KING 13083 Piraten-M\u00f6wenschiff mit 1288 Teilen<\/figcaption><\/figure>\n<figure id=\"attachment_35788\" aria-describedby=\"caption-attachment-35788\" style=\"width: 800px\" class=\"wp-caption aligncenter\"><img loading=\"lazy\" decoding=\"async\" class=\"wp-image-35788 size-full\" src=\"https:\/\/mouldking.store\/wp-content\/uploads\/2022\/11\/Pirates-Seagull-Ship-MOULD-KING-13083-1.jpg\" alt=\"MOULD KING 13083 Pirates Seagull Ship With 1288 Pieces\" width=\"800\" height=\"800\" title=\"-\" srcset=\"https:\/\/mouldking.store\/wp-content\/uploads\/2022\/11\/Pirates-Seagull-Ship-MOULD-KING-13083-1.jpg 800w, https:\/\/mouldking.store\/wp-content\/uploads\/2022\/11\/Pirates-Seagull-Ship-MOULD-KING-13083-1-300x300.jpg 300w, https:\/\/mouldking.store\/wp-content\/uploads\/2022\/11\/Pirates-Seagull-Ship-MOULD-KING-13083-1-768x768.jpg 768w, https:\/\/mouldking.store\/wp-content\/uploads\/2022\/11\/Pirates-Seagull-Ship-MOULD-KING-13083-1-600x600.jpg 600w, https:\/\/mouldking.store\/wp-content\/uploads\/2022\/11\/Pirates-Seagull-Ship-MOULD-KING-13083-1-150x150.jpg 150w, https:\/\/mouldking.store\/wp-content\/uploads\/2022\/11\/Pirates-Seagull-Ship-MOULD-KING-13083-1-60x60.jpg 60w, https:\/\/mouldking.store\/wp-content\/uploads\/2022\/11\/Pirates-Seagull-Ship-MOULD-KING-13083-1-90x90.jpg 90w\" sizes=\"(max-width: 800px) 100vw, 800px\" \/><figcaption id=\"caption-attachment-35788\" class=\"wp-caption-text\">MOLD KING 13083 Piraten-M\u00f6wenschiff mit 1288 Teilen<\/figcaption><\/figure>","protected":false},"excerpt":{"rendered":"<p>Product information: Brand: Mould King Gender: Unisex Name: Pirates Seagull Ship Age Range: &gt; 6 years old Model Number: 13083 Classification: Assemblage Plastic Block Shape: Self-Locking Bricks Material: Plastic Plastic Type: ABS Bricks Blocks:1288 PCS Size: 43.7 \u00d7 25.7 \u00d7 40.9 cm Contains detailed assembly instructions. Notice: 1. Without an original box, but we guarantee [&hellip;]<\/p>","protected":false},"featured_media":35784,"comment_status":"closed","ping_status":"closed","template":"","meta":{"_acf_changed":false},"product_cat":[1365],"product_tag":[7948,615,7951,7952,7947,2429,7950,7949,304],"class_list":["product","first","instock","shipping-taxable","purchasable","product-type-simple"],"acf":[],"_links":{"self":[{"href":"https:\/\/mouldking.store\/de\/wp-json\/wp\/v2\/product\/35783","targetHints":{"allow":["GET"]}}],"collection":[{"href":"https:\/\/mouldking.store\/de\/wp-json\/wp\/v2\/product"}],"about":[{"href":"https:\/\/mouldking.store\/de\/wp-json\/wp\/v2\/types\/product"}],"replies":[{"embeddable":true,"href":"https:\/\/mouldking.store\/de\/wp-json\/wp\/v2\/comments?post=35783"}],"wp:featuredmedia":[{"embeddable":true,"href":"https:\/\/mouldking.store\/de\/wp-json\/wp\/v2\/media\/35784"}],"wp:attachment":[{"href":"https:\/\/mouldking.store\/de\/wp-json\/wp\/v2\/media?parent=35783"}],"wp:term":[{"taxonomy":"product_cat","embeddable":true,"href":"https:\/\/mouldking.store\/de\/wp-json\/wp\/v2\/product_cat?post=35783"},{"taxonomy":"product_tag","embeddable":true,"href":"https:\/\/mouldking.store\/de\/wp-json\/wp\/v2\/product_tag?post=35783"}],"curies":[{"name":"wp","href":"https:\/\/api.w.org\/{rel}","templated":true}]}}