{"id":35810,"date":"2022-11-22T15:53:07","date_gmt":"2022-11-22T08:53:07","guid":{"rendered":"https:\/\/mouldking.store\/?post_type=product&#038;p=35810"},"modified":"2022-11-22T15:53:08","modified_gmt":"2022-11-22T08:53:08","slug":"zhegao-dz6023-corner-post-office-with-2285-pieces","status":"publish","type":"product","link":"https:\/\/mouldking.store\/de\/shop\/zhegao-dz6023-corner-post-office-with-2285-pieces\/","title":{"rendered":"ZHEGAO DZ6023 Eckpostamt mit 2285 St\u00fcck"},"content":{"rendered":"<p>Produktinformation:<\/p>\n<ol>\n<li>Marke: ZHEGAO<\/li>\n<li>Geschlecht: Unisex<\/li>\n<li>Name: Corner Post Office<\/li>\n<li>Altersspanne: &gt; 6 Jahre alt<\/li>\n<li>Model Number: DZ6023<\/li>\n<li>Einstufung: Assemblage<\/li>\n<li>Kunststoffblockform: Selbstsichernde Steine<\/li>\n<li>Material: Kunststoff<\/li>\n<li>Kunststofftyp: ABS<\/li>\n<li>Bricks Blocks:2285 PCS<\/li>\n<li>Size: 19.2 \u00d7 19.2 \u00d7 29.3 cm<\/li>\n<li>Enth\u00e4lt eine ausf\u00fchrliche Montageanleitung.<\/li>\n<\/ol>\n<p>Notiz:<br \/>\n1. Ohne Originalverpackung, aber wir garantieren, dass unsere Produkte eine Qualit\u00e4tssicherung und eine sch\u00f6ne Verpackung haben.<br \/>\n2. Wie alle Teile, die wir vor dem Versand \u00fcberpr\u00fcft haben, machen Sie sich keine Sorgen, wenn Sie feststellen, dass einige Teile fehlen oder besch\u00e4digt sind, und kontaktieren Sie uns einfach, und wir k\u00f6nnen sie Ihnen umgehend kostenlos erneut zusenden.<\/p>\n<figure id=\"attachment_35811\" aria-describedby=\"caption-attachment-35811\" style=\"width: 800px\" class=\"wp-caption aligncenter\"><img fetchpriority=\"high\" decoding=\"async\" class=\"wp-image-35811 size-full\" src=\"https:\/\/mouldking.store\/wp-content\/uploads\/2022\/11\/Corner-Post-Office-ZHEGAO-DZ6023-4.jpg\" alt=\"ZHEGAO DZ6023 Corner Post Office With 2285 Pieces\" width=\"800\" height=\"800\" title=\"-\" srcset=\"https:\/\/mouldking.store\/wp-content\/uploads\/2022\/11\/Corner-Post-Office-ZHEGAO-DZ6023-4.jpg 800w, https:\/\/mouldking.store\/wp-content\/uploads\/2022\/11\/Corner-Post-Office-ZHEGAO-DZ6023-4-300x300.jpg 300w, https:\/\/mouldking.store\/wp-content\/uploads\/2022\/11\/Corner-Post-Office-ZHEGAO-DZ6023-4-768x768.jpg 768w, https:\/\/mouldking.store\/wp-content\/uploads\/2022\/11\/Corner-Post-Office-ZHEGAO-DZ6023-4-600x600.jpg 600w, https:\/\/mouldking.store\/wp-content\/uploads\/2022\/11\/Corner-Post-Office-ZHEGAO-DZ6023-4-150x150.jpg 150w, https:\/\/mouldking.store\/wp-content\/uploads\/2022\/11\/Corner-Post-Office-ZHEGAO-DZ6023-4-60x60.jpg 60w, https:\/\/mouldking.store\/wp-content\/uploads\/2022\/11\/Corner-Post-Office-ZHEGAO-DZ6023-4-90x90.jpg 90w\" sizes=\"(max-width: 800px) 100vw, 800px\" \/><figcaption id=\"caption-attachment-35811\" class=\"wp-caption-text\">ZHEGAO DZ6023 Eckpostamt mit 2285 St\u00fcck<\/figcaption><\/figure>\n<figure id=\"attachment_35812\" aria-describedby=\"caption-attachment-35812\" style=\"width: 800px\" class=\"wp-caption aligncenter\"><img decoding=\"async\" class=\"wp-image-35812 size-full\" src=\"https:\/\/mouldking.store\/wp-content\/uploads\/2022\/11\/Corner-Post-Office-ZHEGAO-DZ6023-3.jpg\" alt=\"ZHEGAO DZ6023 Corner Post Office With 2285 Pieces\" width=\"800\" height=\"800\" title=\"-\" srcset=\"https:\/\/mouldking.store\/wp-content\/uploads\/2022\/11\/Corner-Post-Office-ZHEGAO-DZ6023-3.jpg 800w, https:\/\/mouldking.store\/wp-content\/uploads\/2022\/11\/Corner-Post-Office-ZHEGAO-DZ6023-3-300x300.jpg 300w, https:\/\/mouldking.store\/wp-content\/uploads\/2022\/11\/Corner-Post-Office-ZHEGAO-DZ6023-3-768x768.jpg 768w, https:\/\/mouldking.store\/wp-content\/uploads\/2022\/11\/Corner-Post-Office-ZHEGAO-DZ6023-3-600x600.jpg 600w, https:\/\/mouldking.store\/wp-content\/uploads\/2022\/11\/Corner-Post-Office-ZHEGAO-DZ6023-3-150x150.jpg 150w, https:\/\/mouldking.store\/wp-content\/uploads\/2022\/11\/Corner-Post-Office-ZHEGAO-DZ6023-3-60x60.jpg 60w, https:\/\/mouldking.store\/wp-content\/uploads\/2022\/11\/Corner-Post-Office-ZHEGAO-DZ6023-3-90x90.jpg 90w\" sizes=\"(max-width: 800px) 100vw, 800px\" \/><figcaption id=\"caption-attachment-35812\" class=\"wp-caption-text\">ZHEGAO DZ6023 Eckpostamt mit 2285 St\u00fcck<\/figcaption><\/figure>\n<figure id=\"attachment_35813\" aria-describedby=\"caption-attachment-35813\" style=\"width: 800px\" class=\"wp-caption aligncenter\"><img decoding=\"async\" class=\"wp-image-35813 size-full\" src=\"https:\/\/mouldking.store\/wp-content\/uploads\/2022\/11\/Corner-Post-Office-ZHEGAO-DZ6023-2.jpg\" alt=\"ZHEGAO DZ6023 Corner Post Office With 2285 Pieces\" width=\"800\" height=\"800\" title=\"-\" srcset=\"https:\/\/mouldking.store\/wp-content\/uploads\/2022\/11\/Corner-Post-Office-ZHEGAO-DZ6023-2.jpg 800w, https:\/\/mouldking.store\/wp-content\/uploads\/2022\/11\/Corner-Post-Office-ZHEGAO-DZ6023-2-300x300.jpg 300w, https:\/\/mouldking.store\/wp-content\/uploads\/2022\/11\/Corner-Post-Office-ZHEGAO-DZ6023-2-768x768.jpg 768w, https:\/\/mouldking.store\/wp-content\/uploads\/2022\/11\/Corner-Post-Office-ZHEGAO-DZ6023-2-600x600.jpg 600w, https:\/\/mouldking.store\/wp-content\/uploads\/2022\/11\/Corner-Post-Office-ZHEGAO-DZ6023-2-150x150.jpg 150w, https:\/\/mouldking.store\/wp-content\/uploads\/2022\/11\/Corner-Post-Office-ZHEGAO-DZ6023-2-60x60.jpg 60w, https:\/\/mouldking.store\/wp-content\/uploads\/2022\/11\/Corner-Post-Office-ZHEGAO-DZ6023-2-90x90.jpg 90w\" sizes=\"(max-width: 800px) 100vw, 800px\" \/><figcaption id=\"caption-attachment-35813\" class=\"wp-caption-text\">ZHEGAO DZ6023 Eckpostamt mit 2285 St\u00fcck<\/figcaption><\/figure>\n<figure id=\"attachment_35814\" aria-describedby=\"caption-attachment-35814\" style=\"width: 800px\" class=\"wp-caption aligncenter\"><img loading=\"lazy\" decoding=\"async\" class=\"wp-image-35814 size-full\" src=\"https:\/\/mouldking.store\/wp-content\/uploads\/2022\/11\/Corner-Post-Office-ZHEGAO-DZ6023-1.jpg\" alt=\"ZHEGAO DZ6023 Corner Post Office With 2285 Pieces\" width=\"800\" height=\"800\" title=\"-\" srcset=\"https:\/\/mouldking.store\/wp-content\/uploads\/2022\/11\/Corner-Post-Office-ZHEGAO-DZ6023-1.jpg 800w, https:\/\/mouldking.store\/wp-content\/uploads\/2022\/11\/Corner-Post-Office-ZHEGAO-DZ6023-1-300x300.jpg 300w, https:\/\/mouldking.store\/wp-content\/uploads\/2022\/11\/Corner-Post-Office-ZHEGAO-DZ6023-1-768x768.jpg 768w, https:\/\/mouldking.store\/wp-content\/uploads\/2022\/11\/Corner-Post-Office-ZHEGAO-DZ6023-1-600x600.jpg 600w, https:\/\/mouldking.store\/wp-content\/uploads\/2022\/11\/Corner-Post-Office-ZHEGAO-DZ6023-1-150x150.jpg 150w, https:\/\/mouldking.store\/wp-content\/uploads\/2022\/11\/Corner-Post-Office-ZHEGAO-DZ6023-1-60x60.jpg 60w, https:\/\/mouldking.store\/wp-content\/uploads\/2022\/11\/Corner-Post-Office-ZHEGAO-DZ6023-1-90x90.jpg 90w\" sizes=\"(max-width: 800px) 100vw, 800px\" \/><figcaption id=\"caption-attachment-35814\" class=\"wp-caption-text\">ZHEGAO DZ6023 Eckpostamt mit 2285 St\u00fcck<\/figcaption><\/figure>","protected":false},"excerpt":{"rendered":"<p>Product information: Brand: ZHEGAO Gender: Unisex Name: Corner Post Office Age Range: &gt; 6 years old Model Number: DZ6023 Classification: Assemblage Plastic Block Shape: Self-Locking Bricks Material: Plastic Plastic Type: ABS Bricks Blocks:2285 PCS Size: 19.2 \u00d7 19.2 \u00d7 29.3 cm Contains detailed assembly instructions. Notice: 1. Without an original box, but we guarantee our [&hellip;]<\/p>","protected":false},"featured_media":35811,"comment_status":"closed","ping_status":"closed","template":"","meta":{"_acf_changed":false},"product_cat":[1395],"product_tag":[772,7968,7966,769,1698,7967,7969,7965],"class_list":["product","first","instock","shipping-taxable","purchasable","product-type-simple"],"acf":[],"_links":{"self":[{"href":"https:\/\/mouldking.store\/de\/wp-json\/wp\/v2\/product\/35810","targetHints":{"allow":["GET"]}}],"collection":[{"href":"https:\/\/mouldking.store\/de\/wp-json\/wp\/v2\/product"}],"about":[{"href":"https:\/\/mouldking.store\/de\/wp-json\/wp\/v2\/types\/product"}],"replies":[{"embeddable":true,"href":"https:\/\/mouldking.store\/de\/wp-json\/wp\/v2\/comments?post=35810"}],"wp:featuredmedia":[{"embeddable":true,"href":"https:\/\/mouldking.store\/de\/wp-json\/wp\/v2\/media\/35811"}],"wp:attachment":[{"href":"https:\/\/mouldking.store\/de\/wp-json\/wp\/v2\/media?parent=35810"}],"wp:term":[{"taxonomy":"product_cat","embeddable":true,"href":"https:\/\/mouldking.store\/de\/wp-json\/wp\/v2\/product_cat?post=35810"},{"taxonomy":"product_tag","embeddable":true,"href":"https:\/\/mouldking.store\/de\/wp-json\/wp\/v2\/product_tag?post=35810"}],"curies":[{"name":"wp","href":"https:\/\/api.w.org\/{rel}","templated":true}]}}