{"id":35835,"date":"2022-11-22T16:24:18","date_gmt":"2022-11-22T09:24:18","guid":{"rendered":"https:\/\/mouldking.store\/?post_type=product&#038;p=35835"},"modified":"2022-11-22T16:24:18","modified_gmt":"2022-11-22T09:24:18","slug":"pantasy-99105-metal-slug-3-marco-and-the-captive-brickhead-with-300-pieces","status":"publish","type":"product","link":"https:\/\/mouldking.store\/de\/shop\/pantasy-99105-metal-slug-3-marco-and-the-captive-brickhead-with-300-pieces\/","title":{"rendered":"PANTASY 99105 Metal Slug 3: Marco und der gefangene Brickhead mit 300 Teilen"},"content":{"rendered":"<p>Produktinformation:<\/p>\n<ol>\n<li>Marke: PANTASY<\/li>\n<li>Geschlecht: Unisex<\/li>\n<li>Name: Metal Slug 3: Marco and the Captive Brickhead<\/li>\n<li>Altersspanne: &gt; 6 Jahre alt<\/li>\n<li>Model Number: 99105<\/li>\n<li>Einstufung: Assemblage<\/li>\n<li>Kunststoffblockform: Selbstsichernde Steine<\/li>\n<li>Material: Kunststoff<\/li>\n<li>Kunststofftyp: ABS<\/li>\n<li>Bricks Blocks:300 PCS<\/li>\n<li>Enth\u00e4lt eine ausf\u00fchrliche Montageanleitung.<\/li>\n<\/ol>\n<p>Notiz:<br \/>\n1. Ohne Originalverpackung, aber wir garantieren, dass unsere Produkte eine Qualit\u00e4tssicherung und eine sch\u00f6ne Verpackung haben.<br \/>\n2. Wie alle Teile, die wir vor dem Versand \u00fcberpr\u00fcft haben, machen Sie sich keine Sorgen, wenn Sie feststellen, dass einige Teile fehlen oder besch\u00e4digt sind, und kontaktieren Sie uns einfach, und wir k\u00f6nnen sie Ihnen umgehend kostenlos erneut zusenden.<\/p>\n<figure id=\"attachment_35836\" aria-describedby=\"caption-attachment-35836\" style=\"width: 800px\" class=\"wp-caption aligncenter\"><img fetchpriority=\"high\" decoding=\"async\" class=\"wp-image-35836 size-full\" src=\"https:\/\/mouldking.store\/wp-content\/uploads\/2022\/11\/Marco-and-the-Captive-Brickhead-PANTASY-99105-14.jpg\" alt=\"PANTASY 99105 Metal Slug 3: Marco and the Captive Brickhead With 300 Pieces\" width=\"800\" height=\"800\" title=\"-\" srcset=\"https:\/\/mouldking.store\/wp-content\/uploads\/2022\/11\/Marco-and-the-Captive-Brickhead-PANTASY-99105-14.jpg 800w, https:\/\/mouldking.store\/wp-content\/uploads\/2022\/11\/Marco-and-the-Captive-Brickhead-PANTASY-99105-14-300x300.jpg 300w, https:\/\/mouldking.store\/wp-content\/uploads\/2022\/11\/Marco-and-the-Captive-Brickhead-PANTASY-99105-14-768x768.jpg 768w, https:\/\/mouldking.store\/wp-content\/uploads\/2022\/11\/Marco-and-the-Captive-Brickhead-PANTASY-99105-14-600x600.jpg 600w, https:\/\/mouldking.store\/wp-content\/uploads\/2022\/11\/Marco-and-the-Captive-Brickhead-PANTASY-99105-14-150x150.jpg 150w, https:\/\/mouldking.store\/wp-content\/uploads\/2022\/11\/Marco-and-the-Captive-Brickhead-PANTASY-99105-14-60x60.jpg 60w, https:\/\/mouldking.store\/wp-content\/uploads\/2022\/11\/Marco-and-the-Captive-Brickhead-PANTASY-99105-14-90x90.jpg 90w\" sizes=\"(max-width: 800px) 100vw, 800px\" \/><figcaption id=\"caption-attachment-35836\" class=\"wp-caption-text\">PANTASY 99105 Metal Slug 3: Marco und der gefangene Brickhead mit 300 Teilen<\/figcaption><\/figure>\n<figure id=\"attachment_35837\" aria-describedby=\"caption-attachment-35837\" style=\"width: 533px\" class=\"wp-caption aligncenter\"><img decoding=\"async\" class=\"wp-image-35837 size-full\" src=\"https:\/\/mouldking.store\/wp-content\/uploads\/2022\/11\/Marco-and-the-Captive-Brickhead-PANTASY-99105-13.jpg\" alt=\"PANTASY 99105 Metal Slug 3: Marco and the Captive Brickhead With 300 Pieces\" width=\"533\" height=\"800\" title=\"-\" srcset=\"https:\/\/mouldking.store\/wp-content\/uploads\/2022\/11\/Marco-and-the-Captive-Brickhead-PANTASY-99105-13.jpg 533w, https:\/\/mouldking.store\/wp-content\/uploads\/2022\/11\/Marco-and-the-Captive-Brickhead-PANTASY-99105-13-200x300.jpg 200w, https:\/\/mouldking.store\/wp-content\/uploads\/2022\/11\/Marco-and-the-Captive-Brickhead-PANTASY-99105-13-300x450.jpg 300w, https:\/\/mouldking.store\/wp-content\/uploads\/2022\/11\/Marco-and-the-Captive-Brickhead-PANTASY-99105-13-100x150.jpg 100w, https:\/\/mouldking.store\/wp-content\/uploads\/2022\/11\/Marco-and-the-Captive-Brickhead-PANTASY-99105-13-40x60.jpg 40w, https:\/\/mouldking.store\/wp-content\/uploads\/2022\/11\/Marco-and-the-Captive-Brickhead-PANTASY-99105-13-60x90.jpg 60w\" sizes=\"(max-width: 533px) 100vw, 533px\" \/><figcaption id=\"caption-attachment-35837\" class=\"wp-caption-text\">PANTASY 99105 Metal Slug 3: Marco und der gefangene Brickhead mit 300 Teilen<\/figcaption><\/figure>\n<figure id=\"attachment_35838\" aria-describedby=\"caption-attachment-35838\" style=\"width: 1024px\" class=\"wp-caption aligncenter\"><img decoding=\"async\" class=\"wp-image-35838 size-full\" src=\"https:\/\/mouldking.store\/wp-content\/uploads\/2022\/11\/Marco-and-the-Captive-Brickhead-PANTASY-99105-12.jpg\" alt=\"PANTASY 99105 Metal Slug 3: Marco and the Captive Brickhead With 300 Pieces\" width=\"1024\" height=\"683\" title=\"-\" srcset=\"https:\/\/mouldking.store\/wp-content\/uploads\/2022\/11\/Marco-and-the-Captive-Brickhead-PANTASY-99105-12.jpg 1024w, https:\/\/mouldking.store\/wp-content\/uploads\/2022\/11\/Marco-and-the-Captive-Brickhead-PANTASY-99105-12-300x200.jpg 300w, https:\/\/mouldking.store\/wp-content\/uploads\/2022\/11\/Marco-and-the-Captive-Brickhead-PANTASY-99105-12-768x512.jpg 768w, https:\/\/mouldking.store\/wp-content\/uploads\/2022\/11\/Marco-and-the-Captive-Brickhead-PANTASY-99105-12-600x400.jpg 600w, https:\/\/mouldking.store\/wp-content\/uploads\/2022\/11\/Marco-and-the-Captive-Brickhead-PANTASY-99105-12-150x100.jpg 150w, https:\/\/mouldking.store\/wp-content\/uploads\/2022\/11\/Marco-and-the-Captive-Brickhead-PANTASY-99105-12-90x60.jpg 90w, https:\/\/mouldking.store\/wp-content\/uploads\/2022\/11\/Marco-and-the-Captive-Brickhead-PANTASY-99105-12-135x90.jpg 135w\" sizes=\"(max-width: 1024px) 100vw, 1024px\" \/><figcaption id=\"caption-attachment-35838\" class=\"wp-caption-text\">PANTASY 99105 Metal Slug 3: Marco und der gefangene Brickhead mit 300 Teilen<\/figcaption><\/figure>\n<figure id=\"attachment_35839\" aria-describedby=\"caption-attachment-35839\" style=\"width: 977px\" class=\"wp-caption aligncenter\"><img loading=\"lazy\" decoding=\"async\" class=\"wp-image-35839 size-full\" src=\"https:\/\/mouldking.store\/wp-content\/uploads\/2022\/11\/Marco-and-the-Captive-Brickhead-PANTASY-99105-11.jpg\" alt=\"PANTASY 99105 Metal Slug 3: Marco and the Captive Brickhead With 300 Pieces\" width=\"977\" height=\"800\" title=\"-\" srcset=\"https:\/\/mouldking.store\/wp-content\/uploads\/2022\/11\/Marco-and-the-Captive-Brickhead-PANTASY-99105-11.jpg 977w, https:\/\/mouldking.store\/wp-content\/uploads\/2022\/11\/Marco-and-the-Captive-Brickhead-PANTASY-99105-11-300x246.jpg 300w, https:\/\/mouldking.store\/wp-content\/uploads\/2022\/11\/Marco-and-the-Captive-Brickhead-PANTASY-99105-11-768x629.jpg 768w, https:\/\/mouldking.store\/wp-content\/uploads\/2022\/11\/Marco-and-the-Captive-Brickhead-PANTASY-99105-11-600x491.jpg 600w, https:\/\/mouldking.store\/wp-content\/uploads\/2022\/11\/Marco-and-the-Captive-Brickhead-PANTASY-99105-11-150x123.jpg 150w, https:\/\/mouldking.store\/wp-content\/uploads\/2022\/11\/Marco-and-the-Captive-Brickhead-PANTASY-99105-11-73x60.jpg 73w, https:\/\/mouldking.store\/wp-content\/uploads\/2022\/11\/Marco-and-the-Captive-Brickhead-PANTASY-99105-11-110x90.jpg 110w\" sizes=\"(max-width: 977px) 100vw, 977px\" \/><figcaption id=\"caption-attachment-35839\" class=\"wp-caption-text\">PANTASY 99105 Metal Slug 3: Marco und der gefangene Brickhead mit 300 Teilen<\/figcaption><\/figure>\n<figure id=\"attachment_35840\" aria-describedby=\"caption-attachment-35840\" style=\"width: 525px\" class=\"wp-caption aligncenter\"><img loading=\"lazy\" decoding=\"async\" class=\"wp-image-35840 size-full\" src=\"https:\/\/mouldking.store\/wp-content\/uploads\/2022\/11\/Marco-and-the-Captive-Brickhead-PANTASY-99105-10.jpg\" alt=\"PANTASY 99105 Metal Slug 3: Marco and the Captive Brickhead With 300 Pieces\" width=\"525\" height=\"800\" title=\"-\" srcset=\"https:\/\/mouldking.store\/wp-content\/uploads\/2022\/11\/Marco-and-the-Captive-Brickhead-PANTASY-99105-10.jpg 525w, https:\/\/mouldking.store\/wp-content\/uploads\/2022\/11\/Marco-and-the-Captive-Brickhead-PANTASY-99105-10-197x300.jpg 197w, https:\/\/mouldking.store\/wp-content\/uploads\/2022\/11\/Marco-and-the-Captive-Brickhead-PANTASY-99105-10-300x457.jpg 300w, https:\/\/mouldking.store\/wp-content\/uploads\/2022\/11\/Marco-and-the-Captive-Brickhead-PANTASY-99105-10-98x150.jpg 98w, https:\/\/mouldking.store\/wp-content\/uploads\/2022\/11\/Marco-and-the-Captive-Brickhead-PANTASY-99105-10-39x60.jpg 39w, https:\/\/mouldking.store\/wp-content\/uploads\/2022\/11\/Marco-and-the-Captive-Brickhead-PANTASY-99105-10-59x90.jpg 59w\" sizes=\"(max-width: 525px) 100vw, 525px\" \/><figcaption id=\"caption-attachment-35840\" class=\"wp-caption-text\">PANTASY 99105 Metal Slug 3: Marco und der gefangene Brickhead mit 300 Teilen<\/figcaption><\/figure>\n<figure id=\"attachment_35841\" aria-describedby=\"caption-attachment-35841\" style=\"width: 533px\" class=\"wp-caption aligncenter\"><img loading=\"lazy\" decoding=\"async\" class=\"wp-image-35841 size-full\" src=\"https:\/\/mouldking.store\/wp-content\/uploads\/2022\/11\/Marco-and-the-Captive-Brickhead-PANTASY-99105-9.jpg\" alt=\"PANTASY 99105 Metal Slug 3: Marco and the Captive Brickhead With 300 Pieces\" width=\"533\" height=\"800\" title=\"-\" srcset=\"https:\/\/mouldking.store\/wp-content\/uploads\/2022\/11\/Marco-and-the-Captive-Brickhead-PANTASY-99105-9.jpg 533w, https:\/\/mouldking.store\/wp-content\/uploads\/2022\/11\/Marco-and-the-Captive-Brickhead-PANTASY-99105-9-200x300.jpg 200w, https:\/\/mouldking.store\/wp-content\/uploads\/2022\/11\/Marco-and-the-Captive-Brickhead-PANTASY-99105-9-300x450.jpg 300w, https:\/\/mouldking.store\/wp-content\/uploads\/2022\/11\/Marco-and-the-Captive-Brickhead-PANTASY-99105-9-100x150.jpg 100w, https:\/\/mouldking.store\/wp-content\/uploads\/2022\/11\/Marco-and-the-Captive-Brickhead-PANTASY-99105-9-40x60.jpg 40w, https:\/\/mouldking.store\/wp-content\/uploads\/2022\/11\/Marco-and-the-Captive-Brickhead-PANTASY-99105-9-60x90.jpg 60w\" sizes=\"(max-width: 533px) 100vw, 533px\" \/><figcaption id=\"caption-attachment-35841\" class=\"wp-caption-text\">PANTASY 99105 Metal Slug 3: Marco und der gefangene Brickhead mit 300 Teilen<\/figcaption><\/figure>\n<figure id=\"attachment_35842\" aria-describedby=\"caption-attachment-35842\" style=\"width: 533px\" class=\"wp-caption aligncenter\"><img loading=\"lazy\" decoding=\"async\" class=\"wp-image-35842 size-full\" src=\"https:\/\/mouldking.store\/wp-content\/uploads\/2022\/11\/Marco-and-the-Captive-Brickhead-PANTASY-99105-8.jpg\" alt=\"PANTASY 99105 Metal Slug 3: Marco and the Captive Brickhead With 300 Pieces\" width=\"533\" height=\"800\" title=\"-\" srcset=\"https:\/\/mouldking.store\/wp-content\/uploads\/2022\/11\/Marco-and-the-Captive-Brickhead-PANTASY-99105-8.jpg 533w, https:\/\/mouldking.store\/wp-content\/uploads\/2022\/11\/Marco-and-the-Captive-Brickhead-PANTASY-99105-8-200x300.jpg 200w, https:\/\/mouldking.store\/wp-content\/uploads\/2022\/11\/Marco-and-the-Captive-Brickhead-PANTASY-99105-8-300x450.jpg 300w, https:\/\/mouldking.store\/wp-content\/uploads\/2022\/11\/Marco-and-the-Captive-Brickhead-PANTASY-99105-8-100x150.jpg 100w, https:\/\/mouldking.store\/wp-content\/uploads\/2022\/11\/Marco-and-the-Captive-Brickhead-PANTASY-99105-8-40x60.jpg 40w, https:\/\/mouldking.store\/wp-content\/uploads\/2022\/11\/Marco-and-the-Captive-Brickhead-PANTASY-99105-8-60x90.jpg 60w\" sizes=\"(max-width: 533px) 100vw, 533px\" \/><figcaption id=\"caption-attachment-35842\" class=\"wp-caption-text\">PANTASY 99105 Metal Slug 3: Marco und der gefangene Brickhead mit 300 Teilen<\/figcaption><\/figure>\n<figure id=\"attachment_35843\" aria-describedby=\"caption-attachment-35843\" style=\"width: 533px\" class=\"wp-caption aligncenter\"><img loading=\"lazy\" decoding=\"async\" class=\"wp-image-35843 size-full\" src=\"https:\/\/mouldking.store\/wp-content\/uploads\/2022\/11\/Marco-and-the-Captive-Brickhead-PANTASY-99105-7.jpg\" alt=\"PANTASY 99105 Metal Slug 3: Marco and the Captive Brickhead With 300 Pieces\" width=\"533\" height=\"800\" title=\"-\" srcset=\"https:\/\/mouldking.store\/wp-content\/uploads\/2022\/11\/Marco-and-the-Captive-Brickhead-PANTASY-99105-7.jpg 533w, https:\/\/mouldking.store\/wp-content\/uploads\/2022\/11\/Marco-and-the-Captive-Brickhead-PANTASY-99105-7-200x300.jpg 200w, https:\/\/mouldking.store\/wp-content\/uploads\/2022\/11\/Marco-and-the-Captive-Brickhead-PANTASY-99105-7-300x450.jpg 300w, https:\/\/mouldking.store\/wp-content\/uploads\/2022\/11\/Marco-and-the-Captive-Brickhead-PANTASY-99105-7-100x150.jpg 100w, https:\/\/mouldking.store\/wp-content\/uploads\/2022\/11\/Marco-and-the-Captive-Brickhead-PANTASY-99105-7-40x60.jpg 40w, https:\/\/mouldking.store\/wp-content\/uploads\/2022\/11\/Marco-and-the-Captive-Brickhead-PANTASY-99105-7-60x90.jpg 60w\" sizes=\"(max-width: 533px) 100vw, 533px\" \/><figcaption id=\"caption-attachment-35843\" class=\"wp-caption-text\">PANTASY 99105 Metal Slug 3: Marco und der gefangene Brickhead mit 300 Teilen<\/figcaption><\/figure>\n<figure id=\"attachment_35844\" aria-describedby=\"caption-attachment-35844\" style=\"width: 533px\" class=\"wp-caption aligncenter\"><img loading=\"lazy\" decoding=\"async\" class=\"wp-image-35844 size-full\" src=\"https:\/\/mouldking.store\/wp-content\/uploads\/2022\/11\/Marco-and-the-Captive-Brickhead-PANTASY-99105-6.jpg\" alt=\"PANTASY 99105 Metal Slug 3: Marco and the Captive Brickhead With 300 Pieces\" width=\"533\" height=\"800\" title=\"-\" srcset=\"https:\/\/mouldking.store\/wp-content\/uploads\/2022\/11\/Marco-and-the-Captive-Brickhead-PANTASY-99105-6.jpg 533w, https:\/\/mouldking.store\/wp-content\/uploads\/2022\/11\/Marco-and-the-Captive-Brickhead-PANTASY-99105-6-200x300.jpg 200w, https:\/\/mouldking.store\/wp-content\/uploads\/2022\/11\/Marco-and-the-Captive-Brickhead-PANTASY-99105-6-300x450.jpg 300w, https:\/\/mouldking.store\/wp-content\/uploads\/2022\/11\/Marco-and-the-Captive-Brickhead-PANTASY-99105-6-100x150.jpg 100w, https:\/\/mouldking.store\/wp-content\/uploads\/2022\/11\/Marco-and-the-Captive-Brickhead-PANTASY-99105-6-40x60.jpg 40w, https:\/\/mouldking.store\/wp-content\/uploads\/2022\/11\/Marco-and-the-Captive-Brickhead-PANTASY-99105-6-60x90.jpg 60w\" sizes=\"(max-width: 533px) 100vw, 533px\" \/><figcaption id=\"caption-attachment-35844\" class=\"wp-caption-text\">PANTASY 99105 Metal Slug 3: Marco und der gefangene Brickhead mit 300 Teilen<\/figcaption><\/figure>\n<figure id=\"attachment_35845\" aria-describedby=\"caption-attachment-35845\" style=\"width: 533px\" class=\"wp-caption aligncenter\"><img loading=\"lazy\" decoding=\"async\" class=\"wp-image-35845 size-full\" src=\"https:\/\/mouldking.store\/wp-content\/uploads\/2022\/11\/Marco-and-the-Captive-Brickhead-PANTASY-99105-5.jpg\" alt=\"PANTASY 99105 Metal Slug 3: Marco and the Captive Brickhead With 300 Pieces\" width=\"533\" height=\"800\" title=\"-\" srcset=\"https:\/\/mouldking.store\/wp-content\/uploads\/2022\/11\/Marco-and-the-Captive-Brickhead-PANTASY-99105-5.jpg 533w, https:\/\/mouldking.store\/wp-content\/uploads\/2022\/11\/Marco-and-the-Captive-Brickhead-PANTASY-99105-5-200x300.jpg 200w, https:\/\/mouldking.store\/wp-content\/uploads\/2022\/11\/Marco-and-the-Captive-Brickhead-PANTASY-99105-5-300x450.jpg 300w, https:\/\/mouldking.store\/wp-content\/uploads\/2022\/11\/Marco-and-the-Captive-Brickhead-PANTASY-99105-5-100x150.jpg 100w, https:\/\/mouldking.store\/wp-content\/uploads\/2022\/11\/Marco-and-the-Captive-Brickhead-PANTASY-99105-5-40x60.jpg 40w, https:\/\/mouldking.store\/wp-content\/uploads\/2022\/11\/Marco-and-the-Captive-Brickhead-PANTASY-99105-5-60x90.jpg 60w\" sizes=\"(max-width: 533px) 100vw, 533px\" \/><figcaption id=\"caption-attachment-35845\" class=\"wp-caption-text\">PANTASY 99105 Metal Slug 3: Marco und der gefangene Brickhead mit 300 Teilen<\/figcaption><\/figure>\n<figure id=\"attachment_35846\" aria-describedby=\"caption-attachment-35846\" style=\"width: 533px\" class=\"wp-caption aligncenter\"><img loading=\"lazy\" decoding=\"async\" class=\"wp-image-35846 size-full\" src=\"https:\/\/mouldking.store\/wp-content\/uploads\/2022\/11\/Marco-and-the-Captive-Brickhead-PANTASY-99105-4.jpg\" alt=\"PANTASY 99105 Metal Slug 3: Marco and the Captive Brickhead With 300 Pieces\" width=\"533\" height=\"800\" title=\"-\" srcset=\"https:\/\/mouldking.store\/wp-content\/uploads\/2022\/11\/Marco-and-the-Captive-Brickhead-PANTASY-99105-4.jpg 533w, https:\/\/mouldking.store\/wp-content\/uploads\/2022\/11\/Marco-and-the-Captive-Brickhead-PANTASY-99105-4-200x300.jpg 200w, https:\/\/mouldking.store\/wp-content\/uploads\/2022\/11\/Marco-and-the-Captive-Brickhead-PANTASY-99105-4-300x450.jpg 300w, https:\/\/mouldking.store\/wp-content\/uploads\/2022\/11\/Marco-and-the-Captive-Brickhead-PANTASY-99105-4-100x150.jpg 100w, https:\/\/mouldking.store\/wp-content\/uploads\/2022\/11\/Marco-and-the-Captive-Brickhead-PANTASY-99105-4-40x60.jpg 40w, https:\/\/mouldking.store\/wp-content\/uploads\/2022\/11\/Marco-and-the-Captive-Brickhead-PANTASY-99105-4-60x90.jpg 60w\" sizes=\"(max-width: 533px) 100vw, 533px\" \/><figcaption id=\"caption-attachment-35846\" class=\"wp-caption-text\">PANTASY 99105 Metal Slug 3: Marco und der gefangene Brickhead mit 300 Teilen<\/figcaption><\/figure>\n<figure id=\"attachment_35847\" aria-describedby=\"caption-attachment-35847\" style=\"width: 533px\" class=\"wp-caption aligncenter\"><img loading=\"lazy\" decoding=\"async\" class=\"wp-image-35847 size-full\" src=\"https:\/\/mouldking.store\/wp-content\/uploads\/2022\/11\/Marco-and-the-Captive-Brickhead-PANTASY-99105-3.jpg\" alt=\"PANTASY 99105 Metal Slug 3: Marco and the Captive Brickhead With 300 Pieces\" width=\"533\" height=\"800\" title=\"-\" srcset=\"https:\/\/mouldking.store\/wp-content\/uploads\/2022\/11\/Marco-and-the-Captive-Brickhead-PANTASY-99105-3.jpg 533w, https:\/\/mouldking.store\/wp-content\/uploads\/2022\/11\/Marco-and-the-Captive-Brickhead-PANTASY-99105-3-200x300.jpg 200w, https:\/\/mouldking.store\/wp-content\/uploads\/2022\/11\/Marco-and-the-Captive-Brickhead-PANTASY-99105-3-300x450.jpg 300w, https:\/\/mouldking.store\/wp-content\/uploads\/2022\/11\/Marco-and-the-Captive-Brickhead-PANTASY-99105-3-100x150.jpg 100w, https:\/\/mouldking.store\/wp-content\/uploads\/2022\/11\/Marco-and-the-Captive-Brickhead-PANTASY-99105-3-40x60.jpg 40w, https:\/\/mouldking.store\/wp-content\/uploads\/2022\/11\/Marco-and-the-Captive-Brickhead-PANTASY-99105-3-60x90.jpg 60w\" sizes=\"(max-width: 533px) 100vw, 533px\" \/><figcaption id=\"caption-attachment-35847\" class=\"wp-caption-text\">PANTASY 99105 Metal Slug 3: Marco und der gefangene Brickhead mit 300 Teilen<\/figcaption><\/figure>\n<figure id=\"attachment_35848\" aria-describedby=\"caption-attachment-35848\" style=\"width: 1024px\" class=\"wp-caption aligncenter\"><img loading=\"lazy\" decoding=\"async\" class=\"wp-image-35848 size-full\" src=\"https:\/\/mouldking.store\/wp-content\/uploads\/2022\/11\/Marco-and-the-Captive-Brickhead-PANTASY-99105-2.jpg\" alt=\"PANTASY 99105 Metal Slug 3: Marco and the Captive Brickhead With 300 Pieces\" width=\"1024\" height=\"683\" title=\"-\" srcset=\"https:\/\/mouldking.store\/wp-content\/uploads\/2022\/11\/Marco-and-the-Captive-Brickhead-PANTASY-99105-2.jpg 1024w, https:\/\/mouldking.store\/wp-content\/uploads\/2022\/11\/Marco-and-the-Captive-Brickhead-PANTASY-99105-2-300x200.jpg 300w, https:\/\/mouldking.store\/wp-content\/uploads\/2022\/11\/Marco-and-the-Captive-Brickhead-PANTASY-99105-2-768x512.jpg 768w, https:\/\/mouldking.store\/wp-content\/uploads\/2022\/11\/Marco-and-the-Captive-Brickhead-PANTASY-99105-2-600x400.jpg 600w, https:\/\/mouldking.store\/wp-content\/uploads\/2022\/11\/Marco-and-the-Captive-Brickhead-PANTASY-99105-2-150x100.jpg 150w, https:\/\/mouldking.store\/wp-content\/uploads\/2022\/11\/Marco-and-the-Captive-Brickhead-PANTASY-99105-2-90x60.jpg 90w, https:\/\/mouldking.store\/wp-content\/uploads\/2022\/11\/Marco-and-the-Captive-Brickhead-PANTASY-99105-2-135x90.jpg 135w\" sizes=\"(max-width: 1024px) 100vw, 1024px\" \/><figcaption id=\"caption-attachment-35848\" class=\"wp-caption-text\">PANTASY 99105 Metal Slug 3: Marco und der gefangene Brickhead mit 300 Teilen<\/figcaption><\/figure>\n<figure id=\"attachment_35849\" aria-describedby=\"caption-attachment-35849\" style=\"width: 533px\" class=\"wp-caption aligncenter\"><img loading=\"lazy\" decoding=\"async\" class=\"wp-image-35849 size-full\" src=\"https:\/\/mouldking.store\/wp-content\/uploads\/2022\/11\/Marco-and-the-Captive-Brickhead-PANTASY-99105-1.jpg\" alt=\"PANTASY 99105 Metal Slug 3: Marco and the Captive Brickhead With 300 Pieces\" width=\"533\" height=\"800\" title=\"-\" srcset=\"https:\/\/mouldking.store\/wp-content\/uploads\/2022\/11\/Marco-and-the-Captive-Brickhead-PANTASY-99105-1.jpg 533w, https:\/\/mouldking.store\/wp-content\/uploads\/2022\/11\/Marco-and-the-Captive-Brickhead-PANTASY-99105-1-200x300.jpg 200w, https:\/\/mouldking.store\/wp-content\/uploads\/2022\/11\/Marco-and-the-Captive-Brickhead-PANTASY-99105-1-300x450.jpg 300w, https:\/\/mouldking.store\/wp-content\/uploads\/2022\/11\/Marco-and-the-Captive-Brickhead-PANTASY-99105-1-100x150.jpg 100w, https:\/\/mouldking.store\/wp-content\/uploads\/2022\/11\/Marco-and-the-Captive-Brickhead-PANTASY-99105-1-40x60.jpg 40w, https:\/\/mouldking.store\/wp-content\/uploads\/2022\/11\/Marco-and-the-Captive-Brickhead-PANTASY-99105-1-60x90.jpg 60w\" sizes=\"(max-width: 533px) 100vw, 533px\" \/><figcaption id=\"caption-attachment-35849\" class=\"wp-caption-text\">PANTASY 99105 Metal Slug 3: Marco und der gefangene Brickhead mit 300 Teilen<\/figcaption><\/figure>","protected":false},"excerpt":{"rendered":"<p>Produktinformationen: Marke: PANTASY Geschlecht: Unisex Name: Metal Slug 3: Marco und der gefangene Brickhead Altersgruppe: &gt; 6 Jahre Modellnummer: 99105 Klassifizierung: Assemblage Kunststoffblock Form: selbstsichernde Steine Material: Kunststoff Kunststofftyp: ABS-Steine Bl\u00f6cke: 300 St\u00fcck. Enth\u00e4lt eine detaillierte Montageanleitung. Hinweis: 1. Ohne Originalverpackung, aber wir garantieren, dass unsere Produkte [\u2026]<\/p>","protected":false},"featured_media":35836,"comment_status":"closed","ping_status":"closed","template":"","meta":{"_acf_changed":false},"product_cat":[1408],"product_tag":[7990,7993,7992,7994,7991,7996,6280,7995,7997,7989],"class_list":["product","first","instock","shipping-taxable","purchasable","product-type-simple"],"acf":[],"_links":{"self":[{"href":"https:\/\/mouldking.store\/de\/wp-json\/wp\/v2\/product\/35835","targetHints":{"allow":["GET"]}}],"collection":[{"href":"https:\/\/mouldking.store\/de\/wp-json\/wp\/v2\/product"}],"about":[{"href":"https:\/\/mouldking.store\/de\/wp-json\/wp\/v2\/types\/product"}],"replies":[{"embeddable":true,"href":"https:\/\/mouldking.store\/de\/wp-json\/wp\/v2\/comments?post=35835"}],"wp:featuredmedia":[{"embeddable":true,"href":"https:\/\/mouldking.store\/de\/wp-json\/wp\/v2\/media\/35836"}],"wp:attachment":[{"href":"https:\/\/mouldking.store\/de\/wp-json\/wp\/v2\/media?parent=35835"}],"wp:term":[{"taxonomy":"product_cat","embeddable":true,"href":"https:\/\/mouldking.store\/de\/wp-json\/wp\/v2\/product_cat?post=35835"},{"taxonomy":"product_tag","embeddable":true,"href":"https:\/\/mouldking.store\/de\/wp-json\/wp\/v2\/product_tag?post=35835"}],"curies":[{"name":"wp","href":"https:\/\/api.w.org\/{rel}","templated":true}]}}