{"id":35876,"date":"2022-11-22T16:47:07","date_gmt":"2022-11-22T09:47:07","guid":{"rendered":"https:\/\/mouldking.store\/?post_type=product&#038;p=35876"},"modified":"2022-11-22T16:47:07","modified_gmt":"2022-11-22T09:47:07","slug":"jie-star-92002-g65-amg-with-1579-pieces","status":"publish","type":"product","link":"https:\/\/mouldking.store\/de\/shop\/jie-star-92002-g65-amg-with-1579-pieces\/","title":{"rendered":"JIE STAR 92002 G65 AMG mit 1579 St\u00fcck"},"content":{"rendered":"<p>Produktinformation:<\/p>\n<ol>\n<li>Marke: JIE STAR<\/li>\n<li>Geschlecht: Unisex<\/li>\n<li>Name: G65 AMG<\/li>\n<li>Altersspanne: &gt; 6 Jahre alt<\/li>\n<li>Model Number: 92002<\/li>\n<li>Einstufung: Assemblage<\/li>\n<li>Kunststoffblockform: Selbstsichernde Steine<\/li>\n<li>Material: Kunststoff<\/li>\n<li>Kunststofftyp: ABS<\/li>\n<li>Bricks Blocks:1579 PCS<\/li>\n<li>Size:36 \u00d7 16 \u00d7 14.4 cm<\/li>\n<li>Enth\u00e4lt eine ausf\u00fchrliche Montageanleitung.<\/li>\n<\/ol>\n<p>Notiz:<br \/>\n1. Ohne Originalverpackung, aber wir garantieren, dass unsere Produkte eine Qualit\u00e4tssicherung und eine sch\u00f6ne Verpackung haben.<br \/>\n2. Wie alle Teile, die wir vor dem Versand \u00fcberpr\u00fcft haben, machen Sie sich keine Sorgen, wenn Sie feststellen, dass einige Teile fehlen oder besch\u00e4digt sind, und kontaktieren Sie uns einfach, und wir k\u00f6nnen sie Ihnen umgehend kostenlos erneut zusenden.<\/p>\n<figure id=\"attachment_35877\" aria-describedby=\"caption-attachment-35877\" style=\"width: 800px\" class=\"wp-caption aligncenter\"><img fetchpriority=\"high\" decoding=\"async\" class=\"wp-image-35877 size-full\" src=\"https:\/\/mouldking.store\/wp-content\/uploads\/2022\/11\/JIE-STAR-92002-G65-AMG-7.jpg\" alt=\"JIE STAR 92002 G65 AMG With 1579 Pieces\" width=\"800\" height=\"800\" title=\"-\" srcset=\"https:\/\/mouldking.store\/wp-content\/uploads\/2022\/11\/JIE-STAR-92002-G65-AMG-7.jpg 800w, https:\/\/mouldking.store\/wp-content\/uploads\/2022\/11\/JIE-STAR-92002-G65-AMG-7-300x300.jpg 300w, https:\/\/mouldking.store\/wp-content\/uploads\/2022\/11\/JIE-STAR-92002-G65-AMG-7-768x768.jpg 768w, https:\/\/mouldking.store\/wp-content\/uploads\/2022\/11\/JIE-STAR-92002-G65-AMG-7-600x600.jpg 600w, https:\/\/mouldking.store\/wp-content\/uploads\/2022\/11\/JIE-STAR-92002-G65-AMG-7-150x150.jpg 150w, https:\/\/mouldking.store\/wp-content\/uploads\/2022\/11\/JIE-STAR-92002-G65-AMG-7-60x60.jpg 60w, https:\/\/mouldking.store\/wp-content\/uploads\/2022\/11\/JIE-STAR-92002-G65-AMG-7-90x90.jpg 90w\" sizes=\"(max-width: 800px) 100vw, 800px\" \/><figcaption id=\"caption-attachment-35877\" class=\"wp-caption-text\">JIE STAR 92002 G65 AMG mit 1579 St\u00fcck<\/figcaption><\/figure>\n<figure id=\"attachment_35878\" aria-describedby=\"caption-attachment-35878\" style=\"width: 750px\" class=\"wp-caption aligncenter\"><img decoding=\"async\" class=\"wp-image-35878 size-full\" src=\"https:\/\/mouldking.store\/wp-content\/uploads\/2022\/11\/JIE-STAR-92002-G65-AMG-6.jpg\" alt=\"JIE STAR 92002 G65 AMG With 1579 Pieces\" width=\"750\" height=\"901\" title=\"-\" srcset=\"https:\/\/mouldking.store\/wp-content\/uploads\/2022\/11\/JIE-STAR-92002-G65-AMG-6.jpg 750w, https:\/\/mouldking.store\/wp-content\/uploads\/2022\/11\/JIE-STAR-92002-G65-AMG-6-250x300.jpg 250w, https:\/\/mouldking.store\/wp-content\/uploads\/2022\/11\/JIE-STAR-92002-G65-AMG-6-300x360.jpg 300w, https:\/\/mouldking.store\/wp-content\/uploads\/2022\/11\/JIE-STAR-92002-G65-AMG-6-600x721.jpg 600w, https:\/\/mouldking.store\/wp-content\/uploads\/2022\/11\/JIE-STAR-92002-G65-AMG-6-125x150.jpg 125w, https:\/\/mouldking.store\/wp-content\/uploads\/2022\/11\/JIE-STAR-92002-G65-AMG-6-50x60.jpg 50w, https:\/\/mouldking.store\/wp-content\/uploads\/2022\/11\/JIE-STAR-92002-G65-AMG-6-75x90.jpg 75w\" sizes=\"(max-width: 750px) 100vw, 750px\" \/><figcaption id=\"caption-attachment-35878\" class=\"wp-caption-text\">JIE STAR 92002 G65 AMG mit 1579 St\u00fcck<\/figcaption><\/figure>\n<figure id=\"attachment_35879\" aria-describedby=\"caption-attachment-35879\" style=\"width: 748px\" class=\"wp-caption aligncenter\"><img decoding=\"async\" class=\"wp-image-35879 size-full\" src=\"https:\/\/mouldking.store\/wp-content\/uploads\/2022\/11\/JIE-STAR-92002-G65-AMG-5.jpg\" alt=\"JIE STAR 92002 G65 AMG With 1579 Pieces\" width=\"748\" height=\"524\" title=\"-\" srcset=\"https:\/\/mouldking.store\/wp-content\/uploads\/2022\/11\/JIE-STAR-92002-G65-AMG-5.jpg 748w, https:\/\/mouldking.store\/wp-content\/uploads\/2022\/11\/JIE-STAR-92002-G65-AMG-5-300x210.jpg 300w, https:\/\/mouldking.store\/wp-content\/uploads\/2022\/11\/JIE-STAR-92002-G65-AMG-5-600x420.jpg 600w, https:\/\/mouldking.store\/wp-content\/uploads\/2022\/11\/JIE-STAR-92002-G65-AMG-5-150x105.jpg 150w, https:\/\/mouldking.store\/wp-content\/uploads\/2022\/11\/JIE-STAR-92002-G65-AMG-5-86x60.jpg 86w, https:\/\/mouldking.store\/wp-content\/uploads\/2022\/11\/JIE-STAR-92002-G65-AMG-5-128x90.jpg 128w\" sizes=\"(max-width: 748px) 100vw, 748px\" \/><figcaption id=\"caption-attachment-35879\" class=\"wp-caption-text\">JIE STAR 92002 G65 AMG mit 1579 St\u00fcck<\/figcaption><\/figure>\n<figure id=\"attachment_35880\" aria-describedby=\"caption-attachment-35880\" style=\"width: 750px\" class=\"wp-caption aligncenter\"><img loading=\"lazy\" decoding=\"async\" class=\"wp-image-35880 size-full\" src=\"https:\/\/mouldking.store\/wp-content\/uploads\/2022\/11\/JIE-STAR-92002-G65-AMG-4.jpg\" alt=\"JIE STAR 92002 G65 AMG With 1579 Pieces\" width=\"750\" height=\"464\" title=\"-\" srcset=\"https:\/\/mouldking.store\/wp-content\/uploads\/2022\/11\/JIE-STAR-92002-G65-AMG-4.jpg 750w, https:\/\/mouldking.store\/wp-content\/uploads\/2022\/11\/JIE-STAR-92002-G65-AMG-4-300x186.jpg 300w, https:\/\/mouldking.store\/wp-content\/uploads\/2022\/11\/JIE-STAR-92002-G65-AMG-4-600x371.jpg 600w, https:\/\/mouldking.store\/wp-content\/uploads\/2022\/11\/JIE-STAR-92002-G65-AMG-4-150x93.jpg 150w, https:\/\/mouldking.store\/wp-content\/uploads\/2022\/11\/JIE-STAR-92002-G65-AMG-4-97x60.jpg 97w, https:\/\/mouldking.store\/wp-content\/uploads\/2022\/11\/JIE-STAR-92002-G65-AMG-4-145x90.jpg 145w\" sizes=\"(max-width: 750px) 100vw, 750px\" \/><figcaption id=\"caption-attachment-35880\" class=\"wp-caption-text\">JIE STAR 92002 G65 AMG mit 1579 St\u00fcck<\/figcaption><\/figure>\n<figure id=\"attachment_35881\" aria-describedby=\"caption-attachment-35881\" style=\"width: 626px\" class=\"wp-caption aligncenter\"><img loading=\"lazy\" decoding=\"async\" class=\"wp-image-35881 size-full\" src=\"https:\/\/mouldking.store\/wp-content\/uploads\/2022\/11\/JIE-STAR-92002-G65-AMG-3.jpg\" alt=\"JIE STAR 92002 G65 AMG With 1579 Pieces\" width=\"626\" height=\"1024\" title=\"-\" srcset=\"https:\/\/mouldking.store\/wp-content\/uploads\/2022\/11\/JIE-STAR-92002-G65-AMG-3.jpg 626w, https:\/\/mouldking.store\/wp-content\/uploads\/2022\/11\/JIE-STAR-92002-G65-AMG-3-183x300.jpg 183w, https:\/\/mouldking.store\/wp-content\/uploads\/2022\/11\/JIE-STAR-92002-G65-AMG-3-300x491.jpg 300w, https:\/\/mouldking.store\/wp-content\/uploads\/2022\/11\/JIE-STAR-92002-G65-AMG-3-600x981.jpg 600w, https:\/\/mouldking.store\/wp-content\/uploads\/2022\/11\/JIE-STAR-92002-G65-AMG-3-92x150.jpg 92w, https:\/\/mouldking.store\/wp-content\/uploads\/2022\/11\/JIE-STAR-92002-G65-AMG-3-37x60.jpg 37w, https:\/\/mouldking.store\/wp-content\/uploads\/2022\/11\/JIE-STAR-92002-G65-AMG-3-55x90.jpg 55w\" sizes=\"(max-width: 626px) 100vw, 626px\" \/><figcaption id=\"caption-attachment-35881\" class=\"wp-caption-text\">JIE STAR 92002 G65 AMG mit 1579 St\u00fcck<\/figcaption><\/figure>\n<figure id=\"attachment_35882\" aria-describedby=\"caption-attachment-35882\" style=\"width: 534px\" class=\"wp-caption aligncenter\"><img loading=\"lazy\" decoding=\"async\" class=\"wp-image-35882 size-full\" src=\"https:\/\/mouldking.store\/wp-content\/uploads\/2022\/11\/JIE-STAR-92002-G65-AMG-2.jpg\" alt=\"JIE STAR 92002 G65 AMG With 1579 Pieces\" width=\"534\" height=\"1024\" title=\"-\" srcset=\"https:\/\/mouldking.store\/wp-content\/uploads\/2022\/11\/JIE-STAR-92002-G65-AMG-2.jpg 534w, https:\/\/mouldking.store\/wp-content\/uploads\/2022\/11\/JIE-STAR-92002-G65-AMG-2-156x300.jpg 156w, https:\/\/mouldking.store\/wp-content\/uploads\/2022\/11\/JIE-STAR-92002-G65-AMG-2-300x575.jpg 300w, https:\/\/mouldking.store\/wp-content\/uploads\/2022\/11\/JIE-STAR-92002-G65-AMG-2-78x150.jpg 78w, https:\/\/mouldking.store\/wp-content\/uploads\/2022\/11\/JIE-STAR-92002-G65-AMG-2-31x60.jpg 31w, https:\/\/mouldking.store\/wp-content\/uploads\/2022\/11\/JIE-STAR-92002-G65-AMG-2-47x90.jpg 47w\" sizes=\"(max-width: 534px) 100vw, 534px\" \/><figcaption id=\"caption-attachment-35882\" class=\"wp-caption-text\">JIE STAR 92002 G65 AMG mit 1579 St\u00fcck<\/figcaption><\/figure>\n<figure id=\"attachment_35883\" aria-describedby=\"caption-attachment-35883\" style=\"width: 540px\" class=\"wp-caption aligncenter\"><img loading=\"lazy\" decoding=\"async\" class=\"wp-image-35883 size-full\" src=\"https:\/\/mouldking.store\/wp-content\/uploads\/2022\/11\/JIE-STAR-92002-G65-AMG-1.jpg\" alt=\"JIE STAR 92002 G65 AMG With 1579 Pieces\" width=\"540\" height=\"1024\" title=\"-\" srcset=\"https:\/\/mouldking.store\/wp-content\/uploads\/2022\/11\/JIE-STAR-92002-G65-AMG-1.jpg 540w, https:\/\/mouldking.store\/wp-content\/uploads\/2022\/11\/JIE-STAR-92002-G65-AMG-1-158x300.jpg 158w, https:\/\/mouldking.store\/wp-content\/uploads\/2022\/11\/JIE-STAR-92002-G65-AMG-1-300x569.jpg 300w, https:\/\/mouldking.store\/wp-content\/uploads\/2022\/11\/JIE-STAR-92002-G65-AMG-1-79x150.jpg 79w, https:\/\/mouldking.store\/wp-content\/uploads\/2022\/11\/JIE-STAR-92002-G65-AMG-1-32x60.jpg 32w, https:\/\/mouldking.store\/wp-content\/uploads\/2022\/11\/JIE-STAR-92002-G65-AMG-1-47x90.jpg 47w\" sizes=\"(max-width: 540px) 100vw, 540px\" \/><figcaption id=\"caption-attachment-35883\" class=\"wp-caption-text\">JIE STAR 92002 G65 AMG mit 1579 St\u00fcck<\/figcaption><\/figure>","protected":false},"excerpt":{"rendered":"<p>Product information: Brand: JIE STAR Gender: Unisex Name: G65 AMG Age Range: &gt; 6 years old Model Number: 92002 Classification: Assemblage Plastic Block Shape: Self-Locking Bricks Material: Plastic Plastic Type: ABS Bricks Blocks:1579 PCS Size:36 \u00d7 16 \u00d7 14.4 cm Contains detailed assembly instructions. Notice: 1. Without an original box, but we guarantee our products [&hellip;]<\/p>","protected":false},"featured_media":35877,"comment_status":"closed","ping_status":"closed","template":"","meta":{"_acf_changed":false},"product_cat":[1357],"product_tag":[8014,1456,8015,8016,2256,8017,8018,8013],"class_list":["product","first","instock","shipping-taxable","purchasable","product-type-simple"],"acf":[],"_links":{"self":[{"href":"https:\/\/mouldking.store\/de\/wp-json\/wp\/v2\/product\/35876","targetHints":{"allow":["GET"]}}],"collection":[{"href":"https:\/\/mouldking.store\/de\/wp-json\/wp\/v2\/product"}],"about":[{"href":"https:\/\/mouldking.store\/de\/wp-json\/wp\/v2\/types\/product"}],"replies":[{"embeddable":true,"href":"https:\/\/mouldking.store\/de\/wp-json\/wp\/v2\/comments?post=35876"}],"wp:featuredmedia":[{"embeddable":true,"href":"https:\/\/mouldking.store\/de\/wp-json\/wp\/v2\/media\/35877"}],"wp:attachment":[{"href":"https:\/\/mouldking.store\/de\/wp-json\/wp\/v2\/media?parent=35876"}],"wp:term":[{"taxonomy":"product_cat","embeddable":true,"href":"https:\/\/mouldking.store\/de\/wp-json\/wp\/v2\/product_cat?post=35876"},{"taxonomy":"product_tag","embeddable":true,"href":"https:\/\/mouldking.store\/de\/wp-json\/wp\/v2\/product_tag?post=35876"}],"curies":[{"name":"wp","href":"https:\/\/api.w.org\/{rel}","templated":true}]}}