{"id":35914,"date":"2022-11-22T17:36:03","date_gmt":"2022-11-22T10:36:03","guid":{"rendered":"https:\/\/mouldking.store\/?post_type=product&#038;p=35914"},"modified":"2025-12-25T09:12:22","modified_gmt":"2025-12-25T02:12:22","slug":"moc-100573-devil-may-hare-tasmanian-devil-taz-with-698-pieces","status":"publish","type":"product","link":"https:\/\/mouldking.store\/de\/shop\/moc-100573-devil-may-hare-tasmanian-devil-taz-with-698-pieces\/","title":{"rendered":"MOC-100573 Devil May Hare Tasmanian Devil Taz mit 698 St\u00fcck"},"content":{"rendered":"<p>Produktinformation:<\/p>\n<ol>\n<li>Marke: MOC<\/li>\n<li>Geschlecht: Unisex<\/li>\n<li>Name: Devil May Hare Tasmanischer Teufel Taz<\/li>\n<li>Altersspanne: &gt; 6 Jahre alt<\/li>\n<li>Model Number: 100573<\/li>\n<li>Einstufung: Assemblage<\/li>\n<li>Kunststoffblockform: Selbstsichernde Steine<\/li>\n<li>Material: Kunststoff<\/li>\n<li>Kunststofftyp: ABS<\/li>\n<li>Bricks Blocks:698 PCS<\/li>\n<li>Size: 25 x 13.4 x 22.6 cm<\/li>\n<li>Gewicht: 0,34 kg<\/li>\n<li>Enth\u00e4lt eine ausf\u00fchrliche Montageanleitung.<\/li>\n<\/ol>\n<p>Notiz:<br \/>\n1. Ohne Originalverpackung, aber wir garantieren, dass unsere Produkte eine Qualit\u00e4tssicherung und eine sch\u00f6ne Verpackung haben.<br \/>\n2. Wie alle Teile, die wir vor dem Versand \u00fcberpr\u00fcft haben, machen Sie sich keine Sorgen, wenn Sie feststellen, dass einige Teile fehlen oder besch\u00e4digt sind, und kontaktieren Sie uns einfach, und wir k\u00f6nnen sie Ihnen umgehend kostenlos erneut zusenden.<\/p>\n<figure id=\"attachment_35939\" aria-describedby=\"caption-attachment-35939\" style=\"width: 730px\" class=\"wp-caption aligncenter\"><img fetchpriority=\"high\" decoding=\"async\" class=\"wp-image-35939 size-full\" src=\"https:\/\/mouldking.store\/wp-content\/uploads\/2022\/11\/MOC-100573-Creator-Devil-May-Hare-Tasmanian-Devil-Taz-MOC-FACTORY-1.png\" alt=\"MOC-100573 Devil May Hare Tasmanian Devil Taz With 698 Pieces\" width=\"730\" height=\"730\" title=\"-\" srcset=\"https:\/\/mouldking.store\/wp-content\/uploads\/2022\/11\/MOC-100573-Creator-Devil-May-Hare-Tasmanian-Devil-Taz-MOC-FACTORY-1.png 730w, https:\/\/mouldking.store\/wp-content\/uploads\/2022\/11\/MOC-100573-Creator-Devil-May-Hare-Tasmanian-Devil-Taz-MOC-FACTORY-1-300x300.png 300w, https:\/\/mouldking.store\/wp-content\/uploads\/2022\/11\/MOC-100573-Creator-Devil-May-Hare-Tasmanian-Devil-Taz-MOC-FACTORY-1-600x600.png 600w, https:\/\/mouldking.store\/wp-content\/uploads\/2022\/11\/MOC-100573-Creator-Devil-May-Hare-Tasmanian-Devil-Taz-MOC-FACTORY-1-150x150.png 150w, https:\/\/mouldking.store\/wp-content\/uploads\/2022\/11\/MOC-100573-Creator-Devil-May-Hare-Tasmanian-Devil-Taz-MOC-FACTORY-1-60x60.png 60w, https:\/\/mouldking.store\/wp-content\/uploads\/2022\/11\/MOC-100573-Creator-Devil-May-Hare-Tasmanian-Devil-Taz-MOC-FACTORY-1-90x90.png 90w\" sizes=\"(max-width: 730px) 100vw, 730px\" \/><figcaption id=\"caption-attachment-35939\" class=\"wp-caption-text\">MOC-100573 Devil May Hare Tasmanian Devil Taz mit 698 St\u00fcck<\/figcaption><\/figure>\n<figure id=\"attachment_35916\" aria-describedby=\"caption-attachment-35916\" style=\"width: 1000px\" class=\"wp-caption aligncenter\"><img decoding=\"async\" class=\"wp-image-35916 size-full\" src=\"https:\/\/mouldking.store\/wp-content\/uploads\/2022\/11\/Devil-May-Hare-Tasmanian-Devil-Taz-7.jpg\" alt=\"MOC-100573 Devil May Hare Tasmanian Devil Taz With 698 Pieces\" width=\"1000\" height=\"1000\" title=\"-\" srcset=\"https:\/\/mouldking.store\/wp-content\/uploads\/2022\/11\/Devil-May-Hare-Tasmanian-Devil-Taz-7.jpg 1000w, https:\/\/mouldking.store\/wp-content\/uploads\/2022\/11\/Devil-May-Hare-Tasmanian-Devil-Taz-7-300x300.jpg 300w, https:\/\/mouldking.store\/wp-content\/uploads\/2022\/11\/Devil-May-Hare-Tasmanian-Devil-Taz-7-768x768.jpg 768w, https:\/\/mouldking.store\/wp-content\/uploads\/2022\/11\/Devil-May-Hare-Tasmanian-Devil-Taz-7-600x600.jpg 600w, https:\/\/mouldking.store\/wp-content\/uploads\/2022\/11\/Devil-May-Hare-Tasmanian-Devil-Taz-7-150x150.jpg 150w, https:\/\/mouldking.store\/wp-content\/uploads\/2022\/11\/Devil-May-Hare-Tasmanian-Devil-Taz-7-60x60.jpg 60w, https:\/\/mouldking.store\/wp-content\/uploads\/2022\/11\/Devil-May-Hare-Tasmanian-Devil-Taz-7-90x90.jpg 90w\" sizes=\"(max-width: 1000px) 100vw, 1000px\" \/><figcaption id=\"caption-attachment-35916\" class=\"wp-caption-text\">MOC-100573 Devil May Hare Tasmanian Devil Taz mit 698 St\u00fcck<\/figcaption><\/figure>\n<figure id=\"attachment_35917\" aria-describedby=\"caption-attachment-35917\" style=\"width: 1000px\" class=\"wp-caption aligncenter\"><img decoding=\"async\" class=\"wp-image-35917 size-full\" src=\"https:\/\/mouldking.store\/wp-content\/uploads\/2022\/11\/Devil-May-Hare-Tasmanian-Devil-Taz-6.jpg\" alt=\"MOC-100573 Devil May Hare Tasmanian Devil Taz With 698 Pieces\" width=\"1000\" height=\"1000\" title=\"-\" srcset=\"https:\/\/mouldking.store\/wp-content\/uploads\/2022\/11\/Devil-May-Hare-Tasmanian-Devil-Taz-6.jpg 1000w, https:\/\/mouldking.store\/wp-content\/uploads\/2022\/11\/Devil-May-Hare-Tasmanian-Devil-Taz-6-300x300.jpg 300w, https:\/\/mouldking.store\/wp-content\/uploads\/2022\/11\/Devil-May-Hare-Tasmanian-Devil-Taz-6-768x768.jpg 768w, https:\/\/mouldking.store\/wp-content\/uploads\/2022\/11\/Devil-May-Hare-Tasmanian-Devil-Taz-6-600x600.jpg 600w, https:\/\/mouldking.store\/wp-content\/uploads\/2022\/11\/Devil-May-Hare-Tasmanian-Devil-Taz-6-150x150.jpg 150w, https:\/\/mouldking.store\/wp-content\/uploads\/2022\/11\/Devil-May-Hare-Tasmanian-Devil-Taz-6-60x60.jpg 60w, https:\/\/mouldking.store\/wp-content\/uploads\/2022\/11\/Devil-May-Hare-Tasmanian-Devil-Taz-6-90x90.jpg 90w\" sizes=\"(max-width: 1000px) 100vw, 1000px\" \/><figcaption id=\"caption-attachment-35917\" class=\"wp-caption-text\">MOC-100573 Devil May Hare Tasmanian Devil Taz mit 698 St\u00fcck<\/figcaption><\/figure>\n<figure id=\"attachment_35918\" aria-describedby=\"caption-attachment-35918\" style=\"width: 1000px\" class=\"wp-caption aligncenter\"><img loading=\"lazy\" decoding=\"async\" class=\"wp-image-35918 size-full\" src=\"https:\/\/mouldking.store\/wp-content\/uploads\/2022\/11\/Devil-May-Hare-Tasmanian-Devil-Taz-5.jpg\" alt=\"MOC-100573 Devil May Hare Tasmanian Devil Taz With 698 Pieces\" width=\"1000\" height=\"1000\" title=\"-\" srcset=\"https:\/\/mouldking.store\/wp-content\/uploads\/2022\/11\/Devil-May-Hare-Tasmanian-Devil-Taz-5.jpg 1000w, https:\/\/mouldking.store\/wp-content\/uploads\/2022\/11\/Devil-May-Hare-Tasmanian-Devil-Taz-5-300x300.jpg 300w, https:\/\/mouldking.store\/wp-content\/uploads\/2022\/11\/Devil-May-Hare-Tasmanian-Devil-Taz-5-768x768.jpg 768w, https:\/\/mouldking.store\/wp-content\/uploads\/2022\/11\/Devil-May-Hare-Tasmanian-Devil-Taz-5-600x600.jpg 600w, https:\/\/mouldking.store\/wp-content\/uploads\/2022\/11\/Devil-May-Hare-Tasmanian-Devil-Taz-5-150x150.jpg 150w, https:\/\/mouldking.store\/wp-content\/uploads\/2022\/11\/Devil-May-Hare-Tasmanian-Devil-Taz-5-60x60.jpg 60w, https:\/\/mouldking.store\/wp-content\/uploads\/2022\/11\/Devil-May-Hare-Tasmanian-Devil-Taz-5-90x90.jpg 90w\" sizes=\"(max-width: 1000px) 100vw, 1000px\" \/><figcaption id=\"caption-attachment-35918\" class=\"wp-caption-text\">MOC-100573 Devil May Hare Tasmanian Devil Taz mit 698 St\u00fcck<\/figcaption><\/figure>\n<figure id=\"attachment_35919\" aria-describedby=\"caption-attachment-35919\" style=\"width: 1000px\" class=\"wp-caption aligncenter\"><img loading=\"lazy\" decoding=\"async\" class=\"wp-image-35919 size-full\" src=\"https:\/\/mouldking.store\/wp-content\/uploads\/2022\/11\/Devil-May-Hare-Tasmanian-Devil-Taz-4.jpg\" alt=\"MOC-100573 Devil May Hare Tasmanian Devil Taz With 698 Pieces\" width=\"1000\" height=\"1000\" title=\"-\" srcset=\"https:\/\/mouldking.store\/wp-content\/uploads\/2022\/11\/Devil-May-Hare-Tasmanian-Devil-Taz-4.jpg 1000w, https:\/\/mouldking.store\/wp-content\/uploads\/2022\/11\/Devil-May-Hare-Tasmanian-Devil-Taz-4-300x300.jpg 300w, https:\/\/mouldking.store\/wp-content\/uploads\/2022\/11\/Devil-May-Hare-Tasmanian-Devil-Taz-4-768x768.jpg 768w, https:\/\/mouldking.store\/wp-content\/uploads\/2022\/11\/Devil-May-Hare-Tasmanian-Devil-Taz-4-600x600.jpg 600w, https:\/\/mouldking.store\/wp-content\/uploads\/2022\/11\/Devil-May-Hare-Tasmanian-Devil-Taz-4-150x150.jpg 150w, https:\/\/mouldking.store\/wp-content\/uploads\/2022\/11\/Devil-May-Hare-Tasmanian-Devil-Taz-4-60x60.jpg 60w, https:\/\/mouldking.store\/wp-content\/uploads\/2022\/11\/Devil-May-Hare-Tasmanian-Devil-Taz-4-90x90.jpg 90w\" sizes=\"(max-width: 1000px) 100vw, 1000px\" \/><figcaption id=\"caption-attachment-35919\" class=\"wp-caption-text\">MOC-100573 Devil May Hare Tasmanian Devil Taz mit 698 St\u00fcck<\/figcaption><\/figure>\n<figure id=\"attachment_35920\" aria-describedby=\"caption-attachment-35920\" style=\"width: 1000px\" class=\"wp-caption aligncenter\"><img loading=\"lazy\" decoding=\"async\" class=\"wp-image-35920 size-full\" src=\"https:\/\/mouldking.store\/wp-content\/uploads\/2022\/11\/Devil-May-Hare-Tasmanian-Devil-Taz-3.jpg\" alt=\"MOC-100573 Devil May Hare Tasmanian Devil Taz With 698 Pieces\" width=\"1000\" height=\"1000\" title=\"-\" srcset=\"https:\/\/mouldking.store\/wp-content\/uploads\/2022\/11\/Devil-May-Hare-Tasmanian-Devil-Taz-3.jpg 1000w, https:\/\/mouldking.store\/wp-content\/uploads\/2022\/11\/Devil-May-Hare-Tasmanian-Devil-Taz-3-300x300.jpg 300w, https:\/\/mouldking.store\/wp-content\/uploads\/2022\/11\/Devil-May-Hare-Tasmanian-Devil-Taz-3-768x768.jpg 768w, https:\/\/mouldking.store\/wp-content\/uploads\/2022\/11\/Devil-May-Hare-Tasmanian-Devil-Taz-3-600x600.jpg 600w, https:\/\/mouldking.store\/wp-content\/uploads\/2022\/11\/Devil-May-Hare-Tasmanian-Devil-Taz-3-150x150.jpg 150w, https:\/\/mouldking.store\/wp-content\/uploads\/2022\/11\/Devil-May-Hare-Tasmanian-Devil-Taz-3-60x60.jpg 60w, https:\/\/mouldking.store\/wp-content\/uploads\/2022\/11\/Devil-May-Hare-Tasmanian-Devil-Taz-3-90x90.jpg 90w\" sizes=\"(max-width: 1000px) 100vw, 1000px\" \/><figcaption id=\"caption-attachment-35920\" class=\"wp-caption-text\">MOC-100573 Devil May Hare Tasmanian Devil Taz mit 698 St\u00fcck<\/figcaption><\/figure>\n<figure id=\"attachment_35921\" aria-describedby=\"caption-attachment-35921\" style=\"width: 1000px\" class=\"wp-caption aligncenter\"><img loading=\"lazy\" decoding=\"async\" class=\"wp-image-35921 size-full\" src=\"https:\/\/mouldking.store\/wp-content\/uploads\/2022\/11\/Devil-May-Hare-Tasmanian-Devil-Taz-2.jpg\" alt=\"MOC-100573 Devil May Hare Tasmanian Devil Taz With 698 Pieces\" width=\"1000\" height=\"1000\" title=\"-\" srcset=\"https:\/\/mouldking.store\/wp-content\/uploads\/2022\/11\/Devil-May-Hare-Tasmanian-Devil-Taz-2.jpg 1000w, https:\/\/mouldking.store\/wp-content\/uploads\/2022\/11\/Devil-May-Hare-Tasmanian-Devil-Taz-2-300x300.jpg 300w, https:\/\/mouldking.store\/wp-content\/uploads\/2022\/11\/Devil-May-Hare-Tasmanian-Devil-Taz-2-768x768.jpg 768w, https:\/\/mouldking.store\/wp-content\/uploads\/2022\/11\/Devil-May-Hare-Tasmanian-Devil-Taz-2-600x600.jpg 600w, https:\/\/mouldking.store\/wp-content\/uploads\/2022\/11\/Devil-May-Hare-Tasmanian-Devil-Taz-2-150x150.jpg 150w, https:\/\/mouldking.store\/wp-content\/uploads\/2022\/11\/Devil-May-Hare-Tasmanian-Devil-Taz-2-60x60.jpg 60w, https:\/\/mouldking.store\/wp-content\/uploads\/2022\/11\/Devil-May-Hare-Tasmanian-Devil-Taz-2-90x90.jpg 90w\" sizes=\"(max-width: 1000px) 100vw, 1000px\" \/><figcaption id=\"caption-attachment-35921\" class=\"wp-caption-text\">MOC-100573 Devil May Hare Tasmanian Devil Taz mit 698 St\u00fcck<\/figcaption><\/figure>\n<figure id=\"attachment_35922\" aria-describedby=\"caption-attachment-35922\" style=\"width: 1000px\" class=\"wp-caption aligncenter\"><img loading=\"lazy\" decoding=\"async\" class=\"wp-image-35922 size-full\" src=\"https:\/\/mouldking.store\/wp-content\/uploads\/2022\/11\/Devil-May-Hare-Tasmanian-Devil-Taz-1.jpg\" alt=\"MOC-100573 Devil May Hare Tasmanian Devil Taz With 698 Pieces\" width=\"1000\" height=\"1000\" title=\"-\" srcset=\"https:\/\/mouldking.store\/wp-content\/uploads\/2022\/11\/Devil-May-Hare-Tasmanian-Devil-Taz-1.jpg 1000w, https:\/\/mouldking.store\/wp-content\/uploads\/2022\/11\/Devil-May-Hare-Tasmanian-Devil-Taz-1-300x300.jpg 300w, https:\/\/mouldking.store\/wp-content\/uploads\/2022\/11\/Devil-May-Hare-Tasmanian-Devil-Taz-1-768x768.jpg 768w, https:\/\/mouldking.store\/wp-content\/uploads\/2022\/11\/Devil-May-Hare-Tasmanian-Devil-Taz-1-600x600.jpg 600w, https:\/\/mouldking.store\/wp-content\/uploads\/2022\/11\/Devil-May-Hare-Tasmanian-Devil-Taz-1-150x150.jpg 150w, https:\/\/mouldking.store\/wp-content\/uploads\/2022\/11\/Devil-May-Hare-Tasmanian-Devil-Taz-1-60x60.jpg 60w, https:\/\/mouldking.store\/wp-content\/uploads\/2022\/11\/Devil-May-Hare-Tasmanian-Devil-Taz-1-90x90.jpg 90w\" sizes=\"(max-width: 1000px) 100vw, 1000px\" \/><figcaption id=\"caption-attachment-35922\" class=\"wp-caption-text\">MOC-100573 Devil May Hare Tasmanian Devil Taz mit 698 St\u00fcck<\/figcaption><\/figure>","protected":false},"excerpt":{"rendered":"<p>Product information: Brand: MOC Gender: Unisex Name: Devil May Hare Tasmanian Devil Taz Age Range: &gt; 6 years old Model Number: 100573 Classification: Assemblage Plastic Block Shape: Self-Locking Bricks Material: Plastic Plastic Type: ABS Bricks Blocks:698 PCS Size: 25 x 13.4 x 22.6 cm Weight:0.34 kg Contains detailed assembly instructions. Notice: 1. Without an original [&hellip;]<\/p>","protected":false},"featured_media":35939,"comment_status":"closed","ping_status":"closed","template":"","meta":{"_acf_changed":false},"product_cat":[1365],"product_tag":[8038,8042,8040,8037,8043,8036,8039,8041],"class_list":["product","first","instock","shipping-taxable","purchasable","product-type-simple"],"acf":[],"_links":{"self":[{"href":"https:\/\/mouldking.store\/de\/wp-json\/wp\/v2\/product\/35914","targetHints":{"allow":["GET"]}}],"collection":[{"href":"https:\/\/mouldking.store\/de\/wp-json\/wp\/v2\/product"}],"about":[{"href":"https:\/\/mouldking.store\/de\/wp-json\/wp\/v2\/types\/product"}],"replies":[{"embeddable":true,"href":"https:\/\/mouldking.store\/de\/wp-json\/wp\/v2\/comments?post=35914"}],"wp:featuredmedia":[{"embeddable":true,"href":"https:\/\/mouldking.store\/de\/wp-json\/wp\/v2\/media\/35939"}],"wp:attachment":[{"href":"https:\/\/mouldking.store\/de\/wp-json\/wp\/v2\/media?parent=35914"}],"wp:term":[{"taxonomy":"product_cat","embeddable":true,"href":"https:\/\/mouldking.store\/de\/wp-json\/wp\/v2\/product_cat?post=35914"},{"taxonomy":"product_tag","embeddable":true,"href":"https:\/\/mouldking.store\/de\/wp-json\/wp\/v2\/product_tag?post=35914"}],"curies":[{"name":"wp","href":"https:\/\/api.w.org\/{rel}","templated":true}]}}