{"id":35923,"date":"2022-11-22T17:44:41","date_gmt":"2022-11-22T10:44:41","guid":{"rendered":"https:\/\/mouldking.store\/?post_type=product&#038;p=35923"},"modified":"2025-12-25T09:12:22","modified_gmt":"2025-12-25T02:12:22","slug":"moc-70376-jawa-bust-helmet-collection-style-with-740-pieces","status":"publish","type":"product","link":"https:\/\/mouldking.store\/de\/shop\/moc-70376-jawa-bust-helmet-collection-style-with-740-pieces\/","title":{"rendered":"MOC-70376 Jawa B\u00fcste \u2013 Helmkollektion Stil mit 740 Teilen"},"content":{"rendered":"<p>Produktinformation:<\/p>\n<ol>\n<li>Marke: MOC<\/li>\n<li>Geschlecht: Unisex<\/li>\n<li>Name: Jawa Bust \u2013 Helmet Collection Style<\/li>\n<li>Altersspanne: &gt; 6 Jahre alt<\/li>\n<li>Model Number: 70376<\/li>\n<li>Einstufung: Assemblage<\/li>\n<li>Kunststoffblockform: Selbstsichernde Steine<\/li>\n<li>Material: Kunststoff<\/li>\n<li>Kunststofftyp: ABS<\/li>\n<li>Bricks Blocks:740 PCS<\/li>\n<li>Size: 12.8 x 12.8 x 20 cm<\/li>\n<li>Weight:0.7 kg<\/li>\n<li>Enth\u00e4lt eine ausf\u00fchrliche Montageanleitung.<\/li>\n<\/ol>\n<p>Notiz:<br \/>\n1. Ohne Originalverpackung, aber wir garantieren, dass unsere Produkte eine Qualit\u00e4tssicherung und eine sch\u00f6ne Verpackung haben.<br \/>\n2. Wie alle Teile, die wir vor dem Versand \u00fcberpr\u00fcft haben, machen Sie sich keine Sorgen, wenn Sie feststellen, dass einige Teile fehlen oder besch\u00e4digt sind, und kontaktieren Sie uns einfach, und wir k\u00f6nnen sie Ihnen umgehend kostenlos erneut zusenden.<\/p>\n<figure id=\"attachment_35924\" aria-describedby=\"caption-attachment-35924\" style=\"width: 730px\" class=\"wp-caption aligncenter\"><img fetchpriority=\"high\" decoding=\"async\" class=\"wp-image-35924 size-full\" src=\"https:\/\/mouldking.store\/wp-content\/uploads\/2022\/11\/MOC-70376-Star-Wars-Jawa-Bust-\u2013-Helmet-Collection-Style-MOC-FACTORY.png\" alt=\"MOC-70376 Jawa Bust \u2013 Helmet Collection Style With 740 Pieces\" width=\"730\" height=\"730\" title=\"-\" srcset=\"https:\/\/mouldking.store\/wp-content\/uploads\/2022\/11\/MOC-70376-Star-Wars-Jawa-Bust-\u2013-Helmet-Collection-Style-MOC-FACTORY.png 730w, https:\/\/mouldking.store\/wp-content\/uploads\/2022\/11\/MOC-70376-Star-Wars-Jawa-Bust-\u2013-Helmet-Collection-Style-MOC-FACTORY-300x300.png 300w, https:\/\/mouldking.store\/wp-content\/uploads\/2022\/11\/MOC-70376-Star-Wars-Jawa-Bust-\u2013-Helmet-Collection-Style-MOC-FACTORY-600x600.png 600w, https:\/\/mouldking.store\/wp-content\/uploads\/2022\/11\/MOC-70376-Star-Wars-Jawa-Bust-\u2013-Helmet-Collection-Style-MOC-FACTORY-150x150.png 150w, https:\/\/mouldking.store\/wp-content\/uploads\/2022\/11\/MOC-70376-Star-Wars-Jawa-Bust-\u2013-Helmet-Collection-Style-MOC-FACTORY-60x60.png 60w, https:\/\/mouldking.store\/wp-content\/uploads\/2022\/11\/MOC-70376-Star-Wars-Jawa-Bust-\u2013-Helmet-Collection-Style-MOC-FACTORY-90x90.png 90w\" sizes=\"(max-width: 730px) 100vw, 730px\" \/><figcaption id=\"caption-attachment-35924\" class=\"wp-caption-text\">MOC-70376 Jawa B\u00fcste \u2013 Helmkollektion Stil mit 740 Teilen<\/figcaption><\/figure>\n<figure id=\"attachment_35925\" aria-describedby=\"caption-attachment-35925\" style=\"width: 1000px\" class=\"wp-caption aligncenter\"><img decoding=\"async\" class=\"wp-image-35925 size-full\" src=\"https:\/\/mouldking.store\/wp-content\/uploads\/2022\/11\/MOC-70376-Star-War-Jawa-bust-Helmet-Collection-Style-6.jpg\" alt=\"MOC-70376 Jawa Bust \u2013 Helmet Collection Style With 740 Pieces\" width=\"1000\" height=\"1000\" title=\"-\" srcset=\"https:\/\/mouldking.store\/wp-content\/uploads\/2022\/11\/MOC-70376-Star-War-Jawa-bust-Helmet-Collection-Style-6.jpg 1000w, https:\/\/mouldking.store\/wp-content\/uploads\/2022\/11\/MOC-70376-Star-War-Jawa-bust-Helmet-Collection-Style-6-300x300.jpg 300w, https:\/\/mouldking.store\/wp-content\/uploads\/2022\/11\/MOC-70376-Star-War-Jawa-bust-Helmet-Collection-Style-6-768x768.jpg 768w, https:\/\/mouldking.store\/wp-content\/uploads\/2022\/11\/MOC-70376-Star-War-Jawa-bust-Helmet-Collection-Style-6-600x600.jpg 600w, https:\/\/mouldking.store\/wp-content\/uploads\/2022\/11\/MOC-70376-Star-War-Jawa-bust-Helmet-Collection-Style-6-150x150.jpg 150w, https:\/\/mouldking.store\/wp-content\/uploads\/2022\/11\/MOC-70376-Star-War-Jawa-bust-Helmet-Collection-Style-6-60x60.jpg 60w, https:\/\/mouldking.store\/wp-content\/uploads\/2022\/11\/MOC-70376-Star-War-Jawa-bust-Helmet-Collection-Style-6-90x90.jpg 90w\" sizes=\"(max-width: 1000px) 100vw, 1000px\" \/><figcaption id=\"caption-attachment-35925\" class=\"wp-caption-text\">MOC-70376 Jawa B\u00fcste \u2013 Helmkollektion Stil mit 740 Teilen<\/figcaption><\/figure>\n<figure id=\"attachment_35926\" aria-describedby=\"caption-attachment-35926\" style=\"width: 1000px\" class=\"wp-caption aligncenter\"><img decoding=\"async\" class=\"wp-image-35926 size-full\" src=\"https:\/\/mouldking.store\/wp-content\/uploads\/2022\/11\/MOC-70376-Star-War-Jawa-bust-Helmet-Collection-Style-5.jpg\" alt=\"MOC-70376 Jawa Bust \u2013 Helmet Collection Style With 740 Pieces\" width=\"1000\" height=\"1000\" title=\"-\" srcset=\"https:\/\/mouldking.store\/wp-content\/uploads\/2022\/11\/MOC-70376-Star-War-Jawa-bust-Helmet-Collection-Style-5.jpg 1000w, https:\/\/mouldking.store\/wp-content\/uploads\/2022\/11\/MOC-70376-Star-War-Jawa-bust-Helmet-Collection-Style-5-300x300.jpg 300w, https:\/\/mouldking.store\/wp-content\/uploads\/2022\/11\/MOC-70376-Star-War-Jawa-bust-Helmet-Collection-Style-5-768x768.jpg 768w, https:\/\/mouldking.store\/wp-content\/uploads\/2022\/11\/MOC-70376-Star-War-Jawa-bust-Helmet-Collection-Style-5-600x600.jpg 600w, https:\/\/mouldking.store\/wp-content\/uploads\/2022\/11\/MOC-70376-Star-War-Jawa-bust-Helmet-Collection-Style-5-150x150.jpg 150w, https:\/\/mouldking.store\/wp-content\/uploads\/2022\/11\/MOC-70376-Star-War-Jawa-bust-Helmet-Collection-Style-5-60x60.jpg 60w, https:\/\/mouldking.store\/wp-content\/uploads\/2022\/11\/MOC-70376-Star-War-Jawa-bust-Helmet-Collection-Style-5-90x90.jpg 90w\" sizes=\"(max-width: 1000px) 100vw, 1000px\" \/><figcaption id=\"caption-attachment-35926\" class=\"wp-caption-text\">MOC-70376 Jawa B\u00fcste \u2013 Helmkollektion Stil mit 740 Teilen<\/figcaption><\/figure>\n<figure id=\"attachment_35927\" aria-describedby=\"caption-attachment-35927\" style=\"width: 1000px\" class=\"wp-caption aligncenter\"><img loading=\"lazy\" decoding=\"async\" class=\"wp-image-35927 size-full\" src=\"https:\/\/mouldking.store\/wp-content\/uploads\/2022\/11\/MOC-70376-Star-War-Jawa-bust-Helmet-Collection-Style-4.jpg\" alt=\"MOC-70376 Jawa Bust \u2013 Helmet Collection Style With 740 Pieces\" width=\"1000\" height=\"1000\" title=\"-\" srcset=\"https:\/\/mouldking.store\/wp-content\/uploads\/2022\/11\/MOC-70376-Star-War-Jawa-bust-Helmet-Collection-Style-4.jpg 1000w, https:\/\/mouldking.store\/wp-content\/uploads\/2022\/11\/MOC-70376-Star-War-Jawa-bust-Helmet-Collection-Style-4-300x300.jpg 300w, https:\/\/mouldking.store\/wp-content\/uploads\/2022\/11\/MOC-70376-Star-War-Jawa-bust-Helmet-Collection-Style-4-768x768.jpg 768w, https:\/\/mouldking.store\/wp-content\/uploads\/2022\/11\/MOC-70376-Star-War-Jawa-bust-Helmet-Collection-Style-4-600x600.jpg 600w, https:\/\/mouldking.store\/wp-content\/uploads\/2022\/11\/MOC-70376-Star-War-Jawa-bust-Helmet-Collection-Style-4-150x150.jpg 150w, https:\/\/mouldking.store\/wp-content\/uploads\/2022\/11\/MOC-70376-Star-War-Jawa-bust-Helmet-Collection-Style-4-60x60.jpg 60w, https:\/\/mouldking.store\/wp-content\/uploads\/2022\/11\/MOC-70376-Star-War-Jawa-bust-Helmet-Collection-Style-4-90x90.jpg 90w\" sizes=\"(max-width: 1000px) 100vw, 1000px\" \/><figcaption id=\"caption-attachment-35927\" class=\"wp-caption-text\">MOC-70376 Jawa B\u00fcste \u2013 Helmkollektion Stil mit 740 Teilen<\/figcaption><\/figure>\n<figure id=\"attachment_35928\" aria-describedby=\"caption-attachment-35928\" style=\"width: 1000px\" class=\"wp-caption aligncenter\"><img loading=\"lazy\" decoding=\"async\" class=\"wp-image-35928 size-full\" src=\"https:\/\/mouldking.store\/wp-content\/uploads\/2022\/11\/MOC-70376-Star-War-Jawa-bust-Helmet-Collection-Style-3.jpg\" alt=\"MOC-70376 Jawa Bust \u2013 Helmet Collection Style With 740 Pieces\" width=\"1000\" height=\"1000\" title=\"-\" srcset=\"https:\/\/mouldking.store\/wp-content\/uploads\/2022\/11\/MOC-70376-Star-War-Jawa-bust-Helmet-Collection-Style-3.jpg 1000w, https:\/\/mouldking.store\/wp-content\/uploads\/2022\/11\/MOC-70376-Star-War-Jawa-bust-Helmet-Collection-Style-3-300x300.jpg 300w, https:\/\/mouldking.store\/wp-content\/uploads\/2022\/11\/MOC-70376-Star-War-Jawa-bust-Helmet-Collection-Style-3-768x768.jpg 768w, https:\/\/mouldking.store\/wp-content\/uploads\/2022\/11\/MOC-70376-Star-War-Jawa-bust-Helmet-Collection-Style-3-600x600.jpg 600w, https:\/\/mouldking.store\/wp-content\/uploads\/2022\/11\/MOC-70376-Star-War-Jawa-bust-Helmet-Collection-Style-3-150x150.jpg 150w, https:\/\/mouldking.store\/wp-content\/uploads\/2022\/11\/MOC-70376-Star-War-Jawa-bust-Helmet-Collection-Style-3-60x60.jpg 60w, https:\/\/mouldking.store\/wp-content\/uploads\/2022\/11\/MOC-70376-Star-War-Jawa-bust-Helmet-Collection-Style-3-90x90.jpg 90w\" sizes=\"(max-width: 1000px) 100vw, 1000px\" \/><figcaption id=\"caption-attachment-35928\" class=\"wp-caption-text\">MOC-70376 Jawa B\u00fcste \u2013 Helmkollektion Stil mit 740 Teilen<\/figcaption><\/figure>\n<figure id=\"attachment_35929\" aria-describedby=\"caption-attachment-35929\" style=\"width: 1000px\" class=\"wp-caption aligncenter\"><img loading=\"lazy\" decoding=\"async\" class=\"wp-image-35929 size-full\" src=\"https:\/\/mouldking.store\/wp-content\/uploads\/2022\/11\/MOC-70376-Star-War-Jawa-bust-Helmet-Collection-Style-2.jpg\" alt=\"MOC-70376 Jawa Bust \u2013 Helmet Collection Style With 740 Pieces\" width=\"1000\" height=\"1000\" title=\"-\" srcset=\"https:\/\/mouldking.store\/wp-content\/uploads\/2022\/11\/MOC-70376-Star-War-Jawa-bust-Helmet-Collection-Style-2.jpg 1000w, https:\/\/mouldking.store\/wp-content\/uploads\/2022\/11\/MOC-70376-Star-War-Jawa-bust-Helmet-Collection-Style-2-300x300.jpg 300w, https:\/\/mouldking.store\/wp-content\/uploads\/2022\/11\/MOC-70376-Star-War-Jawa-bust-Helmet-Collection-Style-2-768x768.jpg 768w, https:\/\/mouldking.store\/wp-content\/uploads\/2022\/11\/MOC-70376-Star-War-Jawa-bust-Helmet-Collection-Style-2-600x600.jpg 600w, https:\/\/mouldking.store\/wp-content\/uploads\/2022\/11\/MOC-70376-Star-War-Jawa-bust-Helmet-Collection-Style-2-150x150.jpg 150w, https:\/\/mouldking.store\/wp-content\/uploads\/2022\/11\/MOC-70376-Star-War-Jawa-bust-Helmet-Collection-Style-2-60x60.jpg 60w, https:\/\/mouldking.store\/wp-content\/uploads\/2022\/11\/MOC-70376-Star-War-Jawa-bust-Helmet-Collection-Style-2-90x90.jpg 90w\" sizes=\"(max-width: 1000px) 100vw, 1000px\" \/><figcaption id=\"caption-attachment-35929\" class=\"wp-caption-text\">MOC-70376 Jawa B\u00fcste \u2013 Helmkollektion Stil mit 740 Teilen<\/figcaption><\/figure>\n<figure id=\"attachment_35930\" aria-describedby=\"caption-attachment-35930\" style=\"width: 1000px\" class=\"wp-caption aligncenter\"><img loading=\"lazy\" decoding=\"async\" class=\"wp-image-35930 size-full\" src=\"https:\/\/mouldking.store\/wp-content\/uploads\/2022\/11\/MOC-70376-Star-War-Jawa-bust-Helmet-Collection-Style-1.jpg\" alt=\"MOC-70376 Jawa Bust \u2013 Helmet Collection Style With 740 Pieces\" width=\"1000\" height=\"1000\" title=\"-\" srcset=\"https:\/\/mouldking.store\/wp-content\/uploads\/2022\/11\/MOC-70376-Star-War-Jawa-bust-Helmet-Collection-Style-1.jpg 1000w, https:\/\/mouldking.store\/wp-content\/uploads\/2022\/11\/MOC-70376-Star-War-Jawa-bust-Helmet-Collection-Style-1-300x300.jpg 300w, https:\/\/mouldking.store\/wp-content\/uploads\/2022\/11\/MOC-70376-Star-War-Jawa-bust-Helmet-Collection-Style-1-768x768.jpg 768w, https:\/\/mouldking.store\/wp-content\/uploads\/2022\/11\/MOC-70376-Star-War-Jawa-bust-Helmet-Collection-Style-1-600x600.jpg 600w, https:\/\/mouldking.store\/wp-content\/uploads\/2022\/11\/MOC-70376-Star-War-Jawa-bust-Helmet-Collection-Style-1-150x150.jpg 150w, https:\/\/mouldking.store\/wp-content\/uploads\/2022\/11\/MOC-70376-Star-War-Jawa-bust-Helmet-Collection-Style-1-60x60.jpg 60w, https:\/\/mouldking.store\/wp-content\/uploads\/2022\/11\/MOC-70376-Star-War-Jawa-bust-Helmet-Collection-Style-1-90x90.jpg 90w\" sizes=\"(max-width: 1000px) 100vw, 1000px\" \/><figcaption id=\"caption-attachment-35930\" class=\"wp-caption-text\">MOC-70376 Jawa B\u00fcste \u2013 Helmkollektion Stil mit 740 Teilen<\/figcaption><\/figure>","protected":false},"excerpt":{"rendered":"<p>Product information: Brand: MOC Gender: Unisex Name: Jawa Bust \u2013 Helmet Collection Style Age Range: &gt; 6 years old Model Number: 70376 Classification: Assemblage Plastic Block Shape: Self-Locking Bricks Material: Plastic Plastic Type: ABS Bricks Blocks:740 PCS Size: 12.8 x 12.8 x 20 cm Weight:0.7 kg Contains detailed assembly instructions. Notice: 1. Without an original [&hellip;]<\/p>","protected":false},"featured_media":35924,"comment_status":"closed","ping_status":"closed","template":"","meta":{"_acf_changed":false},"product_cat":[415],"product_tag":[8047,8048,8046,8049,8045,8050,8044],"class_list":["product","first","instock","shipping-taxable","purchasable","product-type-simple"],"acf":[],"_links":{"self":[{"href":"https:\/\/mouldking.store\/de\/wp-json\/wp\/v2\/product\/35923","targetHints":{"allow":["GET"]}}],"collection":[{"href":"https:\/\/mouldking.store\/de\/wp-json\/wp\/v2\/product"}],"about":[{"href":"https:\/\/mouldking.store\/de\/wp-json\/wp\/v2\/types\/product"}],"replies":[{"embeddable":true,"href":"https:\/\/mouldking.store\/de\/wp-json\/wp\/v2\/comments?post=35923"}],"wp:featuredmedia":[{"embeddable":true,"href":"https:\/\/mouldking.store\/de\/wp-json\/wp\/v2\/media\/35924"}],"wp:attachment":[{"href":"https:\/\/mouldking.store\/de\/wp-json\/wp\/v2\/media?parent=35923"}],"wp:term":[{"taxonomy":"product_cat","embeddable":true,"href":"https:\/\/mouldking.store\/de\/wp-json\/wp\/v2\/product_cat?post=35923"},{"taxonomy":"product_tag","embeddable":true,"href":"https:\/\/mouldking.store\/de\/wp-json\/wp\/v2\/product_tag?post=35923"}],"curies":[{"name":"wp","href":"https:\/\/api.w.org\/{rel}","templated":true}]}}