{"id":35946,"date":"2022-11-23T09:30:58","date_gmt":"2022-11-23T02:30:58","guid":{"rendered":"https:\/\/mouldking.store\/?post_type=product&#038;p=35946"},"modified":"2025-12-25T09:12:22","modified_gmt":"2025-12-25T02:12:22","slug":"moc-89552-stranger-things-demogorgon-with-388-pieces","status":"publish","type":"product","link":"https:\/\/mouldking.store\/de\/shop\/moc-89552-stranger-things-demogorgon-with-388-pieces\/","title":{"rendered":"MOC-89552 Stranger Things Demogorgon mit 388 Teilen"},"content":{"rendered":"<p>Produktinformation:<\/p>\n<ol>\n<li>Marke: MOC<\/li>\n<li>Geschlecht: Unisex<\/li>\n<li>Name: Stranger Things Demogorgon<\/li>\n<li>Altersspanne: &gt; 6 Jahre alt<\/li>\n<li>Model Number: 89552<\/li>\n<li>Einstufung: Assemblage<\/li>\n<li>Kunststoffblockform: Selbstsichernde Steine<\/li>\n<li>Material: Kunststoff<\/li>\n<li>Kunststofftyp: ABS<\/li>\n<li>Bricks Blocks:388 PCS<\/li>\n<li>Size: \u00a022.3 x 16.3 x 29.4 cm<\/li>\n<li>Weight:\u00a00.17 kg<\/li>\n<li>Enth\u00e4lt eine ausf\u00fchrliche Montageanleitung.<\/li>\n<\/ol>\n<p>Notiz:<br \/>\n1. Ohne Originalverpackung, aber wir garantieren, dass unsere Produkte eine Qualit\u00e4tssicherung und eine sch\u00f6ne Verpackung haben.<br \/>\n2. Wie alle Teile, die wir vor dem Versand \u00fcberpr\u00fcft haben, machen Sie sich keine Sorgen, wenn Sie feststellen, dass einige Teile fehlen oder besch\u00e4digt sind, und kontaktieren Sie uns einfach, und wir k\u00f6nnen sie Ihnen umgehend kostenlos erneut zusenden.<\/p>\n<figure id=\"attachment_35947\" aria-describedby=\"caption-attachment-35947\" style=\"width: 730px\" class=\"wp-caption aligncenter\"><img fetchpriority=\"high\" decoding=\"async\" class=\"wp-image-35947 size-full\" src=\"https:\/\/mouldking.store\/wp-content\/uploads\/2022\/11\/MOC-89552-Creator-Stranger-Things-Demogorgon-MOC-FACTORY.png\" alt=\"MOC-89552 Stranger Things Demogorgon With 388 Pieces\" width=\"730\" height=\"730\" title=\"-\" srcset=\"https:\/\/mouldking.store\/wp-content\/uploads\/2022\/11\/MOC-89552-Creator-Stranger-Things-Demogorgon-MOC-FACTORY.png 730w, https:\/\/mouldking.store\/wp-content\/uploads\/2022\/11\/MOC-89552-Creator-Stranger-Things-Demogorgon-MOC-FACTORY-300x300.png 300w, https:\/\/mouldking.store\/wp-content\/uploads\/2022\/11\/MOC-89552-Creator-Stranger-Things-Demogorgon-MOC-FACTORY-600x600.png 600w, https:\/\/mouldking.store\/wp-content\/uploads\/2022\/11\/MOC-89552-Creator-Stranger-Things-Demogorgon-MOC-FACTORY-150x150.png 150w, https:\/\/mouldking.store\/wp-content\/uploads\/2022\/11\/MOC-89552-Creator-Stranger-Things-Demogorgon-MOC-FACTORY-60x60.png 60w, https:\/\/mouldking.store\/wp-content\/uploads\/2022\/11\/MOC-89552-Creator-Stranger-Things-Demogorgon-MOC-FACTORY-90x90.png 90w\" sizes=\"(max-width: 730px) 100vw, 730px\" \/><figcaption id=\"caption-attachment-35947\" class=\"wp-caption-text\">MOC-89552 Stranger Things Demogorgon mit 388 Teilen<\/figcaption><\/figure>\n<figure id=\"attachment_35948\" aria-describedby=\"caption-attachment-35948\" style=\"width: 1000px\" class=\"wp-caption aligncenter\"><img decoding=\"async\" class=\"wp-image-35948 size-full\" src=\"https:\/\/mouldking.store\/wp-content\/uploads\/2022\/11\/MOC-Stranger-Things-Demogorgon-11.jpg\" alt=\"MOC-89552 Stranger Things Demogorgon With 388 Pieces\" width=\"1000\" height=\"1000\" title=\"-\" srcset=\"https:\/\/mouldking.store\/wp-content\/uploads\/2022\/11\/MOC-Stranger-Things-Demogorgon-11.jpg 1000w, https:\/\/mouldking.store\/wp-content\/uploads\/2022\/11\/MOC-Stranger-Things-Demogorgon-11-300x300.jpg 300w, https:\/\/mouldking.store\/wp-content\/uploads\/2022\/11\/MOC-Stranger-Things-Demogorgon-11-768x768.jpg 768w, https:\/\/mouldking.store\/wp-content\/uploads\/2022\/11\/MOC-Stranger-Things-Demogorgon-11-600x600.jpg 600w, https:\/\/mouldking.store\/wp-content\/uploads\/2022\/11\/MOC-Stranger-Things-Demogorgon-11-150x150.jpg 150w, https:\/\/mouldking.store\/wp-content\/uploads\/2022\/11\/MOC-Stranger-Things-Demogorgon-11-60x60.jpg 60w, https:\/\/mouldking.store\/wp-content\/uploads\/2022\/11\/MOC-Stranger-Things-Demogorgon-11-90x90.jpg 90w\" sizes=\"(max-width: 1000px) 100vw, 1000px\" \/><figcaption id=\"caption-attachment-35948\" class=\"wp-caption-text\">MOC-89552 Stranger Things Demogorgon mit 388 Teilen<\/figcaption><\/figure>\n<figure id=\"attachment_35949\" aria-describedby=\"caption-attachment-35949\" style=\"width: 1000px\" class=\"wp-caption aligncenter\"><img decoding=\"async\" class=\"wp-image-35949 size-full\" src=\"https:\/\/mouldking.store\/wp-content\/uploads\/2022\/11\/MOC-Stranger-Things-Demogorgon-10.jpg\" alt=\"MOC-89552 Stranger Things Demogorgon With 388 Pieces\" width=\"1000\" height=\"1000\" title=\"-\" srcset=\"https:\/\/mouldking.store\/wp-content\/uploads\/2022\/11\/MOC-Stranger-Things-Demogorgon-10.jpg 1000w, https:\/\/mouldking.store\/wp-content\/uploads\/2022\/11\/MOC-Stranger-Things-Demogorgon-10-300x300.jpg 300w, https:\/\/mouldking.store\/wp-content\/uploads\/2022\/11\/MOC-Stranger-Things-Demogorgon-10-768x768.jpg 768w, https:\/\/mouldking.store\/wp-content\/uploads\/2022\/11\/MOC-Stranger-Things-Demogorgon-10-600x600.jpg 600w, https:\/\/mouldking.store\/wp-content\/uploads\/2022\/11\/MOC-Stranger-Things-Demogorgon-10-150x150.jpg 150w, https:\/\/mouldking.store\/wp-content\/uploads\/2022\/11\/MOC-Stranger-Things-Demogorgon-10-60x60.jpg 60w, https:\/\/mouldking.store\/wp-content\/uploads\/2022\/11\/MOC-Stranger-Things-Demogorgon-10-90x90.jpg 90w\" sizes=\"(max-width: 1000px) 100vw, 1000px\" \/><figcaption id=\"caption-attachment-35949\" class=\"wp-caption-text\">MOC-89552 Stranger Things Demogorgon mit 388 Teilen<\/figcaption><\/figure>\n<figure id=\"attachment_35950\" aria-describedby=\"caption-attachment-35950\" style=\"width: 1000px\" class=\"wp-caption aligncenter\"><img loading=\"lazy\" decoding=\"async\" class=\"wp-image-35950 size-full\" src=\"https:\/\/mouldking.store\/wp-content\/uploads\/2022\/11\/MOC-Stranger-Things-Demogorgon-9.jpg\" alt=\"MOC-89552 Stranger Things Demogorgon With 388 Pieces\" width=\"1000\" height=\"1000\" title=\"-\" srcset=\"https:\/\/mouldking.store\/wp-content\/uploads\/2022\/11\/MOC-Stranger-Things-Demogorgon-9.jpg 1000w, https:\/\/mouldking.store\/wp-content\/uploads\/2022\/11\/MOC-Stranger-Things-Demogorgon-9-300x300.jpg 300w, https:\/\/mouldking.store\/wp-content\/uploads\/2022\/11\/MOC-Stranger-Things-Demogorgon-9-768x768.jpg 768w, https:\/\/mouldking.store\/wp-content\/uploads\/2022\/11\/MOC-Stranger-Things-Demogorgon-9-600x600.jpg 600w, https:\/\/mouldking.store\/wp-content\/uploads\/2022\/11\/MOC-Stranger-Things-Demogorgon-9-150x150.jpg 150w, https:\/\/mouldking.store\/wp-content\/uploads\/2022\/11\/MOC-Stranger-Things-Demogorgon-9-60x60.jpg 60w, https:\/\/mouldking.store\/wp-content\/uploads\/2022\/11\/MOC-Stranger-Things-Demogorgon-9-90x90.jpg 90w\" sizes=\"(max-width: 1000px) 100vw, 1000px\" \/><figcaption id=\"caption-attachment-35950\" class=\"wp-caption-text\">MOC-89552 Stranger Things Demogorgon mit 388 Teilen<\/figcaption><\/figure>\n<figure id=\"attachment_35951\" aria-describedby=\"caption-attachment-35951\" style=\"width: 1000px\" class=\"wp-caption aligncenter\"><img loading=\"lazy\" decoding=\"async\" class=\"wp-image-35951 size-full\" src=\"https:\/\/mouldking.store\/wp-content\/uploads\/2022\/11\/MOC-Stranger-Things-Demogorgon-8.jpg\" alt=\"MOC-89552 Stranger Things Demogorgon With 388 Pieces\" width=\"1000\" height=\"1000\" title=\"-\" srcset=\"https:\/\/mouldking.store\/wp-content\/uploads\/2022\/11\/MOC-Stranger-Things-Demogorgon-8.jpg 1000w, https:\/\/mouldking.store\/wp-content\/uploads\/2022\/11\/MOC-Stranger-Things-Demogorgon-8-300x300.jpg 300w, https:\/\/mouldking.store\/wp-content\/uploads\/2022\/11\/MOC-Stranger-Things-Demogorgon-8-768x768.jpg 768w, https:\/\/mouldking.store\/wp-content\/uploads\/2022\/11\/MOC-Stranger-Things-Demogorgon-8-600x600.jpg 600w, https:\/\/mouldking.store\/wp-content\/uploads\/2022\/11\/MOC-Stranger-Things-Demogorgon-8-150x150.jpg 150w, https:\/\/mouldking.store\/wp-content\/uploads\/2022\/11\/MOC-Stranger-Things-Demogorgon-8-60x60.jpg 60w, https:\/\/mouldking.store\/wp-content\/uploads\/2022\/11\/MOC-Stranger-Things-Demogorgon-8-90x90.jpg 90w\" sizes=\"(max-width: 1000px) 100vw, 1000px\" \/><figcaption id=\"caption-attachment-35951\" class=\"wp-caption-text\">MOC-89552 Stranger Things Demogorgon mit 388 Teilen<\/figcaption><\/figure>\n<figure id=\"attachment_35952\" aria-describedby=\"caption-attachment-35952\" style=\"width: 1000px\" class=\"wp-caption aligncenter\"><img loading=\"lazy\" decoding=\"async\" class=\"wp-image-35952 size-full\" src=\"https:\/\/mouldking.store\/wp-content\/uploads\/2022\/11\/MOC-Stranger-Things-Demogorgon-7.jpg\" alt=\"MOC-89552 Stranger Things Demogorgon With 388 Pieces\" width=\"1000\" height=\"1000\" title=\"-\" srcset=\"https:\/\/mouldking.store\/wp-content\/uploads\/2022\/11\/MOC-Stranger-Things-Demogorgon-7.jpg 1000w, https:\/\/mouldking.store\/wp-content\/uploads\/2022\/11\/MOC-Stranger-Things-Demogorgon-7-300x300.jpg 300w, https:\/\/mouldking.store\/wp-content\/uploads\/2022\/11\/MOC-Stranger-Things-Demogorgon-7-768x768.jpg 768w, https:\/\/mouldking.store\/wp-content\/uploads\/2022\/11\/MOC-Stranger-Things-Demogorgon-7-600x600.jpg 600w, https:\/\/mouldking.store\/wp-content\/uploads\/2022\/11\/MOC-Stranger-Things-Demogorgon-7-150x150.jpg 150w, https:\/\/mouldking.store\/wp-content\/uploads\/2022\/11\/MOC-Stranger-Things-Demogorgon-7-60x60.jpg 60w, https:\/\/mouldking.store\/wp-content\/uploads\/2022\/11\/MOC-Stranger-Things-Demogorgon-7-90x90.jpg 90w\" sizes=\"(max-width: 1000px) 100vw, 1000px\" \/><figcaption id=\"caption-attachment-35952\" class=\"wp-caption-text\">MOC-89552 Stranger Things Demogorgon mit 388 Teilen<\/figcaption><\/figure>\n<figure id=\"attachment_35953\" aria-describedby=\"caption-attachment-35953\" style=\"width: 1000px\" class=\"wp-caption aligncenter\"><img loading=\"lazy\" decoding=\"async\" class=\"wp-image-35953 size-full\" src=\"https:\/\/mouldking.store\/wp-content\/uploads\/2022\/11\/MOC-Stranger-Things-Demogorgon-6.jpg\" alt=\"MOC-89552 Stranger Things Demogorgon With 388 Pieces\" width=\"1000\" height=\"1000\" title=\"-\" srcset=\"https:\/\/mouldking.store\/wp-content\/uploads\/2022\/11\/MOC-Stranger-Things-Demogorgon-6.jpg 1000w, https:\/\/mouldking.store\/wp-content\/uploads\/2022\/11\/MOC-Stranger-Things-Demogorgon-6-300x300.jpg 300w, https:\/\/mouldking.store\/wp-content\/uploads\/2022\/11\/MOC-Stranger-Things-Demogorgon-6-768x768.jpg 768w, https:\/\/mouldking.store\/wp-content\/uploads\/2022\/11\/MOC-Stranger-Things-Demogorgon-6-600x600.jpg 600w, https:\/\/mouldking.store\/wp-content\/uploads\/2022\/11\/MOC-Stranger-Things-Demogorgon-6-150x150.jpg 150w, https:\/\/mouldking.store\/wp-content\/uploads\/2022\/11\/MOC-Stranger-Things-Demogorgon-6-60x60.jpg 60w, https:\/\/mouldking.store\/wp-content\/uploads\/2022\/11\/MOC-Stranger-Things-Demogorgon-6-90x90.jpg 90w\" sizes=\"(max-width: 1000px) 100vw, 1000px\" \/><figcaption id=\"caption-attachment-35953\" class=\"wp-caption-text\">MOC-89552 Stranger Things Demogorgon mit 388 Teilen<\/figcaption><\/figure>\n<figure id=\"attachment_35954\" aria-describedby=\"caption-attachment-35954\" style=\"width: 1000px\" class=\"wp-caption aligncenter\"><img loading=\"lazy\" decoding=\"async\" class=\"wp-image-35954 size-full\" src=\"https:\/\/mouldking.store\/wp-content\/uploads\/2022\/11\/MOC-Stranger-Things-Demogorgon-5.jpg\" alt=\"MOC-89552 Stranger Things Demogorgon With 388 Pieces\" width=\"1000\" height=\"1000\" title=\"-\" srcset=\"https:\/\/mouldking.store\/wp-content\/uploads\/2022\/11\/MOC-Stranger-Things-Demogorgon-5.jpg 1000w, https:\/\/mouldking.store\/wp-content\/uploads\/2022\/11\/MOC-Stranger-Things-Demogorgon-5-300x300.jpg 300w, https:\/\/mouldking.store\/wp-content\/uploads\/2022\/11\/MOC-Stranger-Things-Demogorgon-5-768x768.jpg 768w, https:\/\/mouldking.store\/wp-content\/uploads\/2022\/11\/MOC-Stranger-Things-Demogorgon-5-600x600.jpg 600w, https:\/\/mouldking.store\/wp-content\/uploads\/2022\/11\/MOC-Stranger-Things-Demogorgon-5-150x150.jpg 150w, https:\/\/mouldking.store\/wp-content\/uploads\/2022\/11\/MOC-Stranger-Things-Demogorgon-5-60x60.jpg 60w, https:\/\/mouldking.store\/wp-content\/uploads\/2022\/11\/MOC-Stranger-Things-Demogorgon-5-90x90.jpg 90w\" sizes=\"(max-width: 1000px) 100vw, 1000px\" \/><figcaption id=\"caption-attachment-35954\" class=\"wp-caption-text\">MOC-89552 Stranger Things Demogorgon mit 388 Teilen<\/figcaption><\/figure>\n<figure id=\"attachment_35955\" aria-describedby=\"caption-attachment-35955\" style=\"width: 1000px\" class=\"wp-caption aligncenter\"><img loading=\"lazy\" decoding=\"async\" class=\"wp-image-35955 size-full\" src=\"https:\/\/mouldking.store\/wp-content\/uploads\/2022\/11\/MOC-Stranger-Things-Demogorgon-4.jpg\" alt=\"MOC-89552 Stranger Things Demogorgon With 388 Pieces\" width=\"1000\" height=\"1000\" title=\"-\" srcset=\"https:\/\/mouldking.store\/wp-content\/uploads\/2022\/11\/MOC-Stranger-Things-Demogorgon-4.jpg 1000w, https:\/\/mouldking.store\/wp-content\/uploads\/2022\/11\/MOC-Stranger-Things-Demogorgon-4-300x300.jpg 300w, https:\/\/mouldking.store\/wp-content\/uploads\/2022\/11\/MOC-Stranger-Things-Demogorgon-4-768x768.jpg 768w, https:\/\/mouldking.store\/wp-content\/uploads\/2022\/11\/MOC-Stranger-Things-Demogorgon-4-600x600.jpg 600w, https:\/\/mouldking.store\/wp-content\/uploads\/2022\/11\/MOC-Stranger-Things-Demogorgon-4-150x150.jpg 150w, https:\/\/mouldking.store\/wp-content\/uploads\/2022\/11\/MOC-Stranger-Things-Demogorgon-4-60x60.jpg 60w, https:\/\/mouldking.store\/wp-content\/uploads\/2022\/11\/MOC-Stranger-Things-Demogorgon-4-90x90.jpg 90w\" sizes=\"(max-width: 1000px) 100vw, 1000px\" \/><figcaption id=\"caption-attachment-35955\" class=\"wp-caption-text\">MOC-89552 Stranger Things Demogorgon mit 388 Teilen<\/figcaption><\/figure>\n<figure id=\"attachment_35957\" aria-describedby=\"caption-attachment-35957\" style=\"width: 1000px\" class=\"wp-caption aligncenter\"><img loading=\"lazy\" decoding=\"async\" class=\"wp-image-35957 size-full\" src=\"https:\/\/mouldking.store\/wp-content\/uploads\/2022\/11\/MOC-Stranger-Things-Demogorgon-2.jpg\" alt=\"MOC-89552 Stranger Things Demogorgon With 388 Pieces\" width=\"1000\" height=\"1000\" title=\"-\" srcset=\"https:\/\/mouldking.store\/wp-content\/uploads\/2022\/11\/MOC-Stranger-Things-Demogorgon-2.jpg 1000w, https:\/\/mouldking.store\/wp-content\/uploads\/2022\/11\/MOC-Stranger-Things-Demogorgon-2-300x300.jpg 300w, https:\/\/mouldking.store\/wp-content\/uploads\/2022\/11\/MOC-Stranger-Things-Demogorgon-2-768x768.jpg 768w, https:\/\/mouldking.store\/wp-content\/uploads\/2022\/11\/MOC-Stranger-Things-Demogorgon-2-600x600.jpg 600w, https:\/\/mouldking.store\/wp-content\/uploads\/2022\/11\/MOC-Stranger-Things-Demogorgon-2-150x150.jpg 150w, https:\/\/mouldking.store\/wp-content\/uploads\/2022\/11\/MOC-Stranger-Things-Demogorgon-2-60x60.jpg 60w, https:\/\/mouldking.store\/wp-content\/uploads\/2022\/11\/MOC-Stranger-Things-Demogorgon-2-90x90.jpg 90w\" sizes=\"(max-width: 1000px) 100vw, 1000px\" \/><figcaption id=\"caption-attachment-35957\" class=\"wp-caption-text\">MOC-89552 Stranger Things Demogorgon mit 388 Teilen<\/figcaption><\/figure>\n<figure id=\"attachment_35958\" aria-describedby=\"caption-attachment-35958\" style=\"width: 1000px\" class=\"wp-caption aligncenter\"><img loading=\"lazy\" decoding=\"async\" class=\"wp-image-35958 size-full\" src=\"https:\/\/mouldking.store\/wp-content\/uploads\/2022\/11\/MOC-Stranger-Things-Demogorgon-1.jpg\" alt=\"MOC-89552 Stranger Things Demogorgon With 388 Pieces\" width=\"1000\" height=\"1000\" title=\"-\" srcset=\"https:\/\/mouldking.store\/wp-content\/uploads\/2022\/11\/MOC-Stranger-Things-Demogorgon-1.jpg 1000w, https:\/\/mouldking.store\/wp-content\/uploads\/2022\/11\/MOC-Stranger-Things-Demogorgon-1-300x300.jpg 300w, https:\/\/mouldking.store\/wp-content\/uploads\/2022\/11\/MOC-Stranger-Things-Demogorgon-1-768x768.jpg 768w, https:\/\/mouldking.store\/wp-content\/uploads\/2022\/11\/MOC-Stranger-Things-Demogorgon-1-600x600.jpg 600w, https:\/\/mouldking.store\/wp-content\/uploads\/2022\/11\/MOC-Stranger-Things-Demogorgon-1-150x150.jpg 150w, https:\/\/mouldking.store\/wp-content\/uploads\/2022\/11\/MOC-Stranger-Things-Demogorgon-1-60x60.jpg 60w, https:\/\/mouldking.store\/wp-content\/uploads\/2022\/11\/MOC-Stranger-Things-Demogorgon-1-90x90.jpg 90w\" sizes=\"(max-width: 1000px) 100vw, 1000px\" \/><figcaption id=\"caption-attachment-35958\" class=\"wp-caption-text\">MOC-89552 Stranger Things Demogorgon mit 388 Teilen<\/figcaption><\/figure>","protected":false},"excerpt":{"rendered":"<p>Product information: Brand: MOC Gender: Unisex Name: Stranger Things Demogorgon Age Range: &gt; 6 years old Model Number: 89552 Classification: Assemblage Plastic Block Shape: Self-Locking Bricks Material: Plastic Plastic Type: ABS Bricks Blocks:388 PCS Size: \u00a022.3 x 16.3 x 29.4 cm Weight:\u00a00.17 kg Contains detailed assembly instructions. Notice: 1. Without an original box, but we [&hellip;]<\/p>","protected":false},"featured_media":35947,"comment_status":"closed","ping_status":"closed","template":"","meta":{"_acf_changed":false},"product_cat":[1365],"product_tag":[8061,8060,8063,8059,5944,8062],"class_list":["product","first","instock","shipping-taxable","purchasable","product-type-simple"],"acf":[],"_links":{"self":[{"href":"https:\/\/mouldking.store\/de\/wp-json\/wp\/v2\/product\/35946","targetHints":{"allow":["GET"]}}],"collection":[{"href":"https:\/\/mouldking.store\/de\/wp-json\/wp\/v2\/product"}],"about":[{"href":"https:\/\/mouldking.store\/de\/wp-json\/wp\/v2\/types\/product"}],"replies":[{"embeddable":true,"href":"https:\/\/mouldking.store\/de\/wp-json\/wp\/v2\/comments?post=35946"}],"wp:featuredmedia":[{"embeddable":true,"href":"https:\/\/mouldking.store\/de\/wp-json\/wp\/v2\/media\/35947"}],"wp:attachment":[{"href":"https:\/\/mouldking.store\/de\/wp-json\/wp\/v2\/media?parent=35946"}],"wp:term":[{"taxonomy":"product_cat","embeddable":true,"href":"https:\/\/mouldking.store\/de\/wp-json\/wp\/v2\/product_cat?post=35946"},{"taxonomy":"product_tag","embeddable":true,"href":"https:\/\/mouldking.store\/de\/wp-json\/wp\/v2\/product_tag?post=35946"}],"curies":[{"name":"wp","href":"https:\/\/api.w.org\/{rel}","templated":true}]}}