{"id":35983,"date":"2022-11-23T10:08:58","date_gmt":"2022-11-23T03:08:58","guid":{"rendered":"https:\/\/mouldking.store\/?post_type=product&#038;p=35983"},"modified":"2025-12-25T09:12:22","modified_gmt":"2025-12-25T02:12:22","slug":"moc-110254-the-witch-hunter-mech-suit-with-353-pieces","status":"publish","type":"product","link":"https:\/\/mouldking.store\/de\/shop\/moc-110254-the-witch-hunter-mech-suit-with-353-pieces\/","title":{"rendered":"MOC-110254 The Witch Hunter Mech-Anzug mit 353 Teilen"},"content":{"rendered":"<p>Produktinformation:<\/p>\n<ol>\n<li>Marke: MOC<\/li>\n<li>Geschlecht: Unisex<\/li>\n<li>Name: The Witch Hunter Mech Suit<\/li>\n<li>Altersspanne: &gt; 6 Jahre alt<\/li>\n<li>Model Number: 110254<\/li>\n<li>Einstufung: Assemblage<\/li>\n<li>Kunststoffblockform: Selbstsichernde Steine<\/li>\n<li>Material: Kunststoff<\/li>\n<li>Kunststofftyp: ABS<\/li>\n<li>Bricks Blocks:353 PCS<\/li>\n<li>Size: 16 x 8 x 12 cm<\/li>\n<li>Weight:\u00a00.14 kg<\/li>\n<li>Enth\u00e4lt eine ausf\u00fchrliche Montageanleitung.<\/li>\n<\/ol>\n<p>Notiz:<br \/>\n1. Ohne Originalverpackung, aber wir garantieren, dass unsere Produkte eine Qualit\u00e4tssicherung und eine sch\u00f6ne Verpackung haben.<br \/>\n2. Wie alle Teile, die wir vor dem Versand \u00fcberpr\u00fcft haben, machen Sie sich keine Sorgen, wenn Sie feststellen, dass einige Teile fehlen oder besch\u00e4digt sind, und kontaktieren Sie uns einfach, und wir k\u00f6nnen sie Ihnen umgehend kostenlos erneut zusenden.<\/p>\n<figure id=\"attachment_35984\" aria-describedby=\"caption-attachment-35984\" style=\"width: 1024px\" class=\"wp-caption aligncenter\"><img fetchpriority=\"high\" decoding=\"async\" class=\"wp-image-35984 size-large\" src=\"https:\/\/mouldking.store\/wp-content\/uploads\/2022\/11\/MOC-110254-Movie-The-Witch-Hunter-Mech-Suit-MOC-FACTORY-1024x1024.png\" alt=\"MOC-110254 The Witch Hunter Mech Suit With 353 Pieces\" width=\"1024\" height=\"1024\" title=\"-\" srcset=\"https:\/\/mouldking.store\/wp-content\/uploads\/2022\/11\/MOC-110254-Movie-The-Witch-Hunter-Mech-Suit-MOC-FACTORY-1024x1024.png 1024w, https:\/\/mouldking.store\/wp-content\/uploads\/2022\/11\/MOC-110254-Movie-The-Witch-Hunter-Mech-Suit-MOC-FACTORY-300x300.png 300w, https:\/\/mouldking.store\/wp-content\/uploads\/2022\/11\/MOC-110254-Movie-The-Witch-Hunter-Mech-Suit-MOC-FACTORY-768x768.png 768w, https:\/\/mouldking.store\/wp-content\/uploads\/2022\/11\/MOC-110254-Movie-The-Witch-Hunter-Mech-Suit-MOC-FACTORY-600x600.png 600w, https:\/\/mouldking.store\/wp-content\/uploads\/2022\/11\/MOC-110254-Movie-The-Witch-Hunter-Mech-Suit-MOC-FACTORY-150x150.png 150w, https:\/\/mouldking.store\/wp-content\/uploads\/2022\/11\/MOC-110254-Movie-The-Witch-Hunter-Mech-Suit-MOC-FACTORY-60x60.png 60w, https:\/\/mouldking.store\/wp-content\/uploads\/2022\/11\/MOC-110254-Movie-The-Witch-Hunter-Mech-Suit-MOC-FACTORY-90x90.png 90w, https:\/\/mouldking.store\/wp-content\/uploads\/2022\/11\/MOC-110254-Movie-The-Witch-Hunter-Mech-Suit-MOC-FACTORY.png 1095w\" sizes=\"(max-width: 1024px) 100vw, 1024px\" \/><figcaption id=\"caption-attachment-35984\" class=\"wp-caption-text\">MOC-110254 The Witch Hunter Mech-Anzug mit 353 Teilen<\/figcaption><\/figure>\n<figure id=\"attachment_35985\" aria-describedby=\"caption-attachment-35985\" style=\"width: 1000px\" class=\"wp-caption aligncenter\"><img decoding=\"async\" class=\"wp-image-35985 size-full\" src=\"https:\/\/mouldking.store\/wp-content\/uploads\/2022\/11\/MOC-110254-The-Witch-Hunter-Mech-Suit-6.jpg\" alt=\"MOC-110254 The Witch Hunter Mech Suit With 353 Pieces\" width=\"1000\" height=\"1000\" title=\"-\" srcset=\"https:\/\/mouldking.store\/wp-content\/uploads\/2022\/11\/MOC-110254-The-Witch-Hunter-Mech-Suit-6.jpg 1000w, https:\/\/mouldking.store\/wp-content\/uploads\/2022\/11\/MOC-110254-The-Witch-Hunter-Mech-Suit-6-300x300.jpg 300w, https:\/\/mouldking.store\/wp-content\/uploads\/2022\/11\/MOC-110254-The-Witch-Hunter-Mech-Suit-6-768x768.jpg 768w, https:\/\/mouldking.store\/wp-content\/uploads\/2022\/11\/MOC-110254-The-Witch-Hunter-Mech-Suit-6-600x600.jpg 600w, https:\/\/mouldking.store\/wp-content\/uploads\/2022\/11\/MOC-110254-The-Witch-Hunter-Mech-Suit-6-150x150.jpg 150w, https:\/\/mouldking.store\/wp-content\/uploads\/2022\/11\/MOC-110254-The-Witch-Hunter-Mech-Suit-6-60x60.jpg 60w, https:\/\/mouldking.store\/wp-content\/uploads\/2022\/11\/MOC-110254-The-Witch-Hunter-Mech-Suit-6-90x90.jpg 90w\" sizes=\"(max-width: 1000px) 100vw, 1000px\" \/><figcaption id=\"caption-attachment-35985\" class=\"wp-caption-text\">MOC-110254 The Witch Hunter Mech-Anzug mit 353 Teilen<\/figcaption><\/figure>\n<figure id=\"attachment_35986\" aria-describedby=\"caption-attachment-35986\" style=\"width: 1000px\" class=\"wp-caption aligncenter\"><img decoding=\"async\" class=\"wp-image-35986 size-full\" src=\"https:\/\/mouldking.store\/wp-content\/uploads\/2022\/11\/MOC-110254-The-Witch-Hunter-Mech-Suit-5.jpg\" alt=\"MOC-110254 The Witch Hunter Mech Suit With 353 Pieces\" width=\"1000\" height=\"1000\" title=\"-\" srcset=\"https:\/\/mouldking.store\/wp-content\/uploads\/2022\/11\/MOC-110254-The-Witch-Hunter-Mech-Suit-5.jpg 1000w, https:\/\/mouldking.store\/wp-content\/uploads\/2022\/11\/MOC-110254-The-Witch-Hunter-Mech-Suit-5-300x300.jpg 300w, https:\/\/mouldking.store\/wp-content\/uploads\/2022\/11\/MOC-110254-The-Witch-Hunter-Mech-Suit-5-768x768.jpg 768w, https:\/\/mouldking.store\/wp-content\/uploads\/2022\/11\/MOC-110254-The-Witch-Hunter-Mech-Suit-5-600x600.jpg 600w, https:\/\/mouldking.store\/wp-content\/uploads\/2022\/11\/MOC-110254-The-Witch-Hunter-Mech-Suit-5-150x150.jpg 150w, https:\/\/mouldking.store\/wp-content\/uploads\/2022\/11\/MOC-110254-The-Witch-Hunter-Mech-Suit-5-60x60.jpg 60w, https:\/\/mouldking.store\/wp-content\/uploads\/2022\/11\/MOC-110254-The-Witch-Hunter-Mech-Suit-5-90x90.jpg 90w\" sizes=\"(max-width: 1000px) 100vw, 1000px\" \/><figcaption id=\"caption-attachment-35986\" class=\"wp-caption-text\">MOC-110254 The Witch Hunter Mech-Anzug mit 353 Teilen<\/figcaption><\/figure>\n<figure id=\"attachment_35987\" aria-describedby=\"caption-attachment-35987\" style=\"width: 1000px\" class=\"wp-caption aligncenter\"><img loading=\"lazy\" decoding=\"async\" class=\"wp-image-35987 size-full\" src=\"https:\/\/mouldking.store\/wp-content\/uploads\/2022\/11\/MOC-110254-The-Witch-Hunter-Mech-Suit-4.jpg\" alt=\"MOC-110254 The Witch Hunter Mech Suit With 353 Pieces\" width=\"1000\" height=\"1000\" title=\"-\" srcset=\"https:\/\/mouldking.store\/wp-content\/uploads\/2022\/11\/MOC-110254-The-Witch-Hunter-Mech-Suit-4.jpg 1000w, https:\/\/mouldking.store\/wp-content\/uploads\/2022\/11\/MOC-110254-The-Witch-Hunter-Mech-Suit-4-300x300.jpg 300w, https:\/\/mouldking.store\/wp-content\/uploads\/2022\/11\/MOC-110254-The-Witch-Hunter-Mech-Suit-4-768x768.jpg 768w, https:\/\/mouldking.store\/wp-content\/uploads\/2022\/11\/MOC-110254-The-Witch-Hunter-Mech-Suit-4-600x600.jpg 600w, https:\/\/mouldking.store\/wp-content\/uploads\/2022\/11\/MOC-110254-The-Witch-Hunter-Mech-Suit-4-150x150.jpg 150w, https:\/\/mouldking.store\/wp-content\/uploads\/2022\/11\/MOC-110254-The-Witch-Hunter-Mech-Suit-4-60x60.jpg 60w, https:\/\/mouldking.store\/wp-content\/uploads\/2022\/11\/MOC-110254-The-Witch-Hunter-Mech-Suit-4-90x90.jpg 90w\" sizes=\"(max-width: 1000px) 100vw, 1000px\" \/><figcaption id=\"caption-attachment-35987\" class=\"wp-caption-text\">MOC-110254 The Witch Hunter Mech-Anzug mit 353 Teilen<\/figcaption><\/figure>\n<figure id=\"attachment_35988\" aria-describedby=\"caption-attachment-35988\" style=\"width: 1000px\" class=\"wp-caption aligncenter\"><img loading=\"lazy\" decoding=\"async\" class=\"wp-image-35988 size-full\" src=\"https:\/\/mouldking.store\/wp-content\/uploads\/2022\/11\/MOC-110254-The-Witch-Hunter-Mech-Suit-3.jpg\" alt=\"MOC-110254 The Witch Hunter Mech Suit With 353 Pieces\" width=\"1000\" height=\"1000\" title=\"-\" srcset=\"https:\/\/mouldking.store\/wp-content\/uploads\/2022\/11\/MOC-110254-The-Witch-Hunter-Mech-Suit-3.jpg 1000w, https:\/\/mouldking.store\/wp-content\/uploads\/2022\/11\/MOC-110254-The-Witch-Hunter-Mech-Suit-3-300x300.jpg 300w, https:\/\/mouldking.store\/wp-content\/uploads\/2022\/11\/MOC-110254-The-Witch-Hunter-Mech-Suit-3-768x768.jpg 768w, https:\/\/mouldking.store\/wp-content\/uploads\/2022\/11\/MOC-110254-The-Witch-Hunter-Mech-Suit-3-600x600.jpg 600w, https:\/\/mouldking.store\/wp-content\/uploads\/2022\/11\/MOC-110254-The-Witch-Hunter-Mech-Suit-3-150x150.jpg 150w, https:\/\/mouldking.store\/wp-content\/uploads\/2022\/11\/MOC-110254-The-Witch-Hunter-Mech-Suit-3-60x60.jpg 60w, https:\/\/mouldking.store\/wp-content\/uploads\/2022\/11\/MOC-110254-The-Witch-Hunter-Mech-Suit-3-90x90.jpg 90w\" sizes=\"(max-width: 1000px) 100vw, 1000px\" \/><figcaption id=\"caption-attachment-35988\" class=\"wp-caption-text\">MOC-110254 The Witch Hunter Mech-Anzug mit 353 Teilen<\/figcaption><\/figure>\n<figure id=\"attachment_35989\" aria-describedby=\"caption-attachment-35989\" style=\"width: 1000px\" class=\"wp-caption aligncenter\"><img loading=\"lazy\" decoding=\"async\" class=\"wp-image-35989 size-full\" src=\"https:\/\/mouldking.store\/wp-content\/uploads\/2022\/11\/MOC-110254-The-Witch-Hunter-Mech-Suit-2.jpg\" alt=\"MOC-110254 The Witch Hunter Mech Suit With 353 Pieces\" width=\"1000\" height=\"1000\" title=\"-\" srcset=\"https:\/\/mouldking.store\/wp-content\/uploads\/2022\/11\/MOC-110254-The-Witch-Hunter-Mech-Suit-2.jpg 1000w, https:\/\/mouldking.store\/wp-content\/uploads\/2022\/11\/MOC-110254-The-Witch-Hunter-Mech-Suit-2-300x300.jpg 300w, https:\/\/mouldking.store\/wp-content\/uploads\/2022\/11\/MOC-110254-The-Witch-Hunter-Mech-Suit-2-768x768.jpg 768w, https:\/\/mouldking.store\/wp-content\/uploads\/2022\/11\/MOC-110254-The-Witch-Hunter-Mech-Suit-2-600x600.jpg 600w, https:\/\/mouldking.store\/wp-content\/uploads\/2022\/11\/MOC-110254-The-Witch-Hunter-Mech-Suit-2-150x150.jpg 150w, https:\/\/mouldking.store\/wp-content\/uploads\/2022\/11\/MOC-110254-The-Witch-Hunter-Mech-Suit-2-60x60.jpg 60w, https:\/\/mouldking.store\/wp-content\/uploads\/2022\/11\/MOC-110254-The-Witch-Hunter-Mech-Suit-2-90x90.jpg 90w\" sizes=\"(max-width: 1000px) 100vw, 1000px\" \/><figcaption id=\"caption-attachment-35989\" class=\"wp-caption-text\">MOC-110254 The Witch Hunter Mech-Anzug mit 353 Teilen<\/figcaption><\/figure>\n<figure id=\"attachment_35990\" aria-describedby=\"caption-attachment-35990\" style=\"width: 1000px\" class=\"wp-caption aligncenter\"><img loading=\"lazy\" decoding=\"async\" class=\"wp-image-35990 size-full\" src=\"https:\/\/mouldking.store\/wp-content\/uploads\/2022\/11\/MOC-110254-The-Witch-Hunter-Mech-Suit-1.jpg\" alt=\"MOC-110254 The Witch Hunter Mech Suit With 353 Pieces\" width=\"1000\" height=\"1000\" title=\"-\" srcset=\"https:\/\/mouldking.store\/wp-content\/uploads\/2022\/11\/MOC-110254-The-Witch-Hunter-Mech-Suit-1.jpg 1000w, https:\/\/mouldking.store\/wp-content\/uploads\/2022\/11\/MOC-110254-The-Witch-Hunter-Mech-Suit-1-300x300.jpg 300w, https:\/\/mouldking.store\/wp-content\/uploads\/2022\/11\/MOC-110254-The-Witch-Hunter-Mech-Suit-1-768x768.jpg 768w, https:\/\/mouldking.store\/wp-content\/uploads\/2022\/11\/MOC-110254-The-Witch-Hunter-Mech-Suit-1-600x600.jpg 600w, https:\/\/mouldking.store\/wp-content\/uploads\/2022\/11\/MOC-110254-The-Witch-Hunter-Mech-Suit-1-150x150.jpg 150w, https:\/\/mouldking.store\/wp-content\/uploads\/2022\/11\/MOC-110254-The-Witch-Hunter-Mech-Suit-1-60x60.jpg 60w, https:\/\/mouldking.store\/wp-content\/uploads\/2022\/11\/MOC-110254-The-Witch-Hunter-Mech-Suit-1-90x90.jpg 90w\" sizes=\"(max-width: 1000px) 100vw, 1000px\" \/><figcaption id=\"caption-attachment-35990\" class=\"wp-caption-text\">MOC-110254 The Witch Hunter Mech-Anzug mit 353 Teilen<\/figcaption><\/figure>","protected":false},"excerpt":{"rendered":"<p>Product information: Brand: MOC Gender: Unisex Name: The Witch Hunter Mech Suit Age Range: &gt; 6 years old Model Number: 110254 Classification: Assemblage Plastic Block Shape: Self-Locking Bricks Material: Plastic Plastic Type: ABS Bricks Blocks:353 PCS Size: 16 x 8 x 12 cm Weight:\u00a00.14 kg Contains detailed assembly instructions. Notice: 1. Without an original box, [&hellip;]<\/p>","protected":false},"featured_media":35984,"comment_status":"closed","ping_status":"closed","template":"","meta":{"_acf_changed":false},"product_cat":[1406,1408],"product_tag":[8074,8083,8086,8082,8084,8085],"class_list":["product","first","instock","shipping-taxable","purchasable","product-type-simple"],"acf":[],"_links":{"self":[{"href":"https:\/\/mouldking.store\/de\/wp-json\/wp\/v2\/product\/35983","targetHints":{"allow":["GET"]}}],"collection":[{"href":"https:\/\/mouldking.store\/de\/wp-json\/wp\/v2\/product"}],"about":[{"href":"https:\/\/mouldking.store\/de\/wp-json\/wp\/v2\/types\/product"}],"replies":[{"embeddable":true,"href":"https:\/\/mouldking.store\/de\/wp-json\/wp\/v2\/comments?post=35983"}],"wp:featuredmedia":[{"embeddable":true,"href":"https:\/\/mouldking.store\/de\/wp-json\/wp\/v2\/media\/35984"}],"wp:attachment":[{"href":"https:\/\/mouldking.store\/de\/wp-json\/wp\/v2\/media?parent=35983"}],"wp:term":[{"taxonomy":"product_cat","embeddable":true,"href":"https:\/\/mouldking.store\/de\/wp-json\/wp\/v2\/product_cat?post=35983"},{"taxonomy":"product_tag","embeddable":true,"href":"https:\/\/mouldking.store\/de\/wp-json\/wp\/v2\/product_tag?post=35983"}],"curies":[{"name":"wp","href":"https:\/\/api.w.org\/{rel}","templated":true}]}}