{"id":36004,"date":"2022-11-23T10:35:46","date_gmt":"2022-11-23T03:35:46","guid":{"rendered":"https:\/\/mouldking.store\/?post_type=product&#038;p=36004"},"modified":"2025-12-25T09:12:21","modified_gmt":"2025-12-25T02:12:21","slug":"moc-90043-blue-origin-new-shepard-1110-scale-with-190-pieces","status":"publish","type":"product","link":"https:\/\/mouldking.store\/de\/shop\/moc-90043-blue-origin-new-shepard-1110-scale-with-190-pieces\/","title":{"rendered":"MOC-90043 Blue Origin New Shepard [Ma\u00dfstab 1:110] mit 190 Teilen"},"content":{"rendered":"<p>Produktinformation:<\/p>\n<ol>\n<li>Marke: MOC<\/li>\n<li>Geschlecht: Unisex<\/li>\n<li>Name: Blue Origin New Shepard [1:110 Scale]<\/li>\n<li>Altersspanne: &gt; 6 Jahre alt<\/li>\n<li>Model Number: 90043<\/li>\n<li>Einstufung: Assemblage<\/li>\n<li>Kunststoffblockform: Selbstsichernde Steine<\/li>\n<li>Material: Kunststoff<\/li>\n<li>Kunststofftyp: ABS<\/li>\n<li>Bricks Blocks:190 PCS<\/li>\n<li>Size:\u00a05 x 5 x 16 cm<\/li>\n<li>Weight:\u00a00.1 kg<\/li>\n<li>Enth\u00e4lt eine ausf\u00fchrliche Montageanleitung.<\/li>\n<\/ol>\n<p>Notiz:<br \/>\n1. Ohne Originalverpackung, aber wir garantieren, dass unsere Produkte eine Qualit\u00e4tssicherung und eine sch\u00f6ne Verpackung haben.<br \/>\n2. Wie alle Teile, die wir vor dem Versand \u00fcberpr\u00fcft haben, machen Sie sich keine Sorgen, wenn Sie feststellen, dass einige Teile fehlen oder besch\u00e4digt sind, und kontaktieren Sie uns einfach, und wir k\u00f6nnen sie Ihnen umgehend kostenlos erneut zusenden.<\/p>\n<p><figure id=\"attachment_36005\" aria-describedby=\"caption-attachment-36005\" style=\"width: 1024px\" class=\"wp-caption aligncenter\"><img fetchpriority=\"high\" decoding=\"async\" class=\"wp-image-36005 size-large\" src=\"https:\/\/mouldking.store\/wp-content\/uploads\/2022\/11\/MOC-90043-Space-Blue-Origin-New-Shepard-1110-Scale-MOC-FACTORY-1024x1024.png\" alt=\"MOC-90043 Blue Origin New Shepard [1:110 Scale] With 190 Pieces\" width=\"1024\" height=\"1024\" title=\"-\" srcset=\"https:\/\/mouldking.store\/wp-content\/uploads\/2022\/11\/MOC-90043-Space-Blue-Origin-New-Shepard-1110-Scale-MOC-FACTORY-1024x1024.png 1024w, https:\/\/mouldking.store\/wp-content\/uploads\/2022\/11\/MOC-90043-Space-Blue-Origin-New-Shepard-1110-Scale-MOC-FACTORY-300x300.png 300w, https:\/\/mouldking.store\/wp-content\/uploads\/2022\/11\/MOC-90043-Space-Blue-Origin-New-Shepard-1110-Scale-MOC-FACTORY-768x768.png 768w, https:\/\/mouldking.store\/wp-content\/uploads\/2022\/11\/MOC-90043-Space-Blue-Origin-New-Shepard-1110-Scale-MOC-FACTORY-600x600.png 600w, https:\/\/mouldking.store\/wp-content\/uploads\/2022\/11\/MOC-90043-Space-Blue-Origin-New-Shepard-1110-Scale-MOC-FACTORY-150x150.png 150w, https:\/\/mouldking.store\/wp-content\/uploads\/2022\/11\/MOC-90043-Space-Blue-Origin-New-Shepard-1110-Scale-MOC-FACTORY-60x60.png 60w, https:\/\/mouldking.store\/wp-content\/uploads\/2022\/11\/MOC-90043-Space-Blue-Origin-New-Shepard-1110-Scale-MOC-FACTORY-90x90.png 90w, https:\/\/mouldking.store\/wp-content\/uploads\/2022\/11\/MOC-90043-Space-Blue-Origin-New-Shepard-1110-Scale-MOC-FACTORY.png 1095w\" sizes=\"(max-width: 1024px) 100vw, 1024px\" \/><figcaption id=\"caption-attachment-36005\" class=\"wp-caption-text\">MOC-90043 Blue Origin New Shepard [Ma\u00dfstab 1:110] mit 190 Teilen<\/figcaption><\/figure><figure id=\"attachment_36006\" aria-describedby=\"caption-attachment-36006\" style=\"width: 1000px\" class=\"wp-caption aligncenter\"><img decoding=\"async\" class=\"wp-image-36006 size-full\" src=\"https:\/\/mouldking.store\/wp-content\/uploads\/2022\/11\/MOC-90043-Blue-Origin-New-Shepard-4.jpg\" alt=\"MOC-90043 Blue Origin New Shepard [1:110 Scale] With 190 Pieces\" width=\"1000\" height=\"1000\" title=\"-\" srcset=\"https:\/\/mouldking.store\/wp-content\/uploads\/2022\/11\/MOC-90043-Blue-Origin-New-Shepard-4.jpg 1000w, https:\/\/mouldking.store\/wp-content\/uploads\/2022\/11\/MOC-90043-Blue-Origin-New-Shepard-4-300x300.jpg 300w, https:\/\/mouldking.store\/wp-content\/uploads\/2022\/11\/MOC-90043-Blue-Origin-New-Shepard-4-768x768.jpg 768w, https:\/\/mouldking.store\/wp-content\/uploads\/2022\/11\/MOC-90043-Blue-Origin-New-Shepard-4-600x600.jpg 600w, https:\/\/mouldking.store\/wp-content\/uploads\/2022\/11\/MOC-90043-Blue-Origin-New-Shepard-4-150x150.jpg 150w, https:\/\/mouldking.store\/wp-content\/uploads\/2022\/11\/MOC-90043-Blue-Origin-New-Shepard-4-60x60.jpg 60w, https:\/\/mouldking.store\/wp-content\/uploads\/2022\/11\/MOC-90043-Blue-Origin-New-Shepard-4-90x90.jpg 90w\" sizes=\"(max-width: 1000px) 100vw, 1000px\" \/><figcaption id=\"caption-attachment-36006\" class=\"wp-caption-text\">MOC-90043 Blue Origin New Shepard [Ma\u00dfstab 1:110] mit 190 Teilen<\/figcaption><\/figure><figure id=\"attachment_36007\" aria-describedby=\"caption-attachment-36007\" style=\"width: 1000px\" class=\"wp-caption aligncenter\"><img decoding=\"async\" class=\"wp-image-36007 size-full\" src=\"https:\/\/mouldking.store\/wp-content\/uploads\/2022\/11\/MOC-90043-Blue-Origin-New-Shepard-3.jpg\" alt=\"MOC-90043 Blue Origin New Shepard [1:110 Scale] With 190 Pieces\" width=\"1000\" height=\"1000\" title=\"-\" srcset=\"https:\/\/mouldking.store\/wp-content\/uploads\/2022\/11\/MOC-90043-Blue-Origin-New-Shepard-3.jpg 1000w, https:\/\/mouldking.store\/wp-content\/uploads\/2022\/11\/MOC-90043-Blue-Origin-New-Shepard-3-300x300.jpg 300w, https:\/\/mouldking.store\/wp-content\/uploads\/2022\/11\/MOC-90043-Blue-Origin-New-Shepard-3-768x768.jpg 768w, https:\/\/mouldking.store\/wp-content\/uploads\/2022\/11\/MOC-90043-Blue-Origin-New-Shepard-3-600x600.jpg 600w, https:\/\/mouldking.store\/wp-content\/uploads\/2022\/11\/MOC-90043-Blue-Origin-New-Shepard-3-150x150.jpg 150w, https:\/\/mouldking.store\/wp-content\/uploads\/2022\/11\/MOC-90043-Blue-Origin-New-Shepard-3-60x60.jpg 60w, https:\/\/mouldking.store\/wp-content\/uploads\/2022\/11\/MOC-90043-Blue-Origin-New-Shepard-3-90x90.jpg 90w\" sizes=\"(max-width: 1000px) 100vw, 1000px\" \/><figcaption id=\"caption-attachment-36007\" class=\"wp-caption-text\">MOC-90043 Blue Origin New Shepard [Ma\u00dfstab 1:110] mit 190 Teilen<\/figcaption><\/figure><figure id=\"attachment_36008\" aria-describedby=\"caption-attachment-36008\" style=\"width: 1000px\" class=\"wp-caption aligncenter\"><img loading=\"lazy\" decoding=\"async\" class=\"wp-image-36008 size-full\" src=\"https:\/\/mouldking.store\/wp-content\/uploads\/2022\/11\/MOC-90043-Blue-Origin-New-Shepard-2.jpg\" alt=\"MOC-90043 Blue Origin New Shepard [1:110 Scale] With 190 Pieces\" width=\"1000\" height=\"1000\" title=\"-\" srcset=\"https:\/\/mouldking.store\/wp-content\/uploads\/2022\/11\/MOC-90043-Blue-Origin-New-Shepard-2.jpg 1000w, https:\/\/mouldking.store\/wp-content\/uploads\/2022\/11\/MOC-90043-Blue-Origin-New-Shepard-2-300x300.jpg 300w, https:\/\/mouldking.store\/wp-content\/uploads\/2022\/11\/MOC-90043-Blue-Origin-New-Shepard-2-768x768.jpg 768w, https:\/\/mouldking.store\/wp-content\/uploads\/2022\/11\/MOC-90043-Blue-Origin-New-Shepard-2-600x600.jpg 600w, https:\/\/mouldking.store\/wp-content\/uploads\/2022\/11\/MOC-90043-Blue-Origin-New-Shepard-2-150x150.jpg 150w, https:\/\/mouldking.store\/wp-content\/uploads\/2022\/11\/MOC-90043-Blue-Origin-New-Shepard-2-60x60.jpg 60w, https:\/\/mouldking.store\/wp-content\/uploads\/2022\/11\/MOC-90043-Blue-Origin-New-Shepard-2-90x90.jpg 90w\" sizes=\"(max-width: 1000px) 100vw, 1000px\" \/><figcaption id=\"caption-attachment-36008\" class=\"wp-caption-text\">MOC-90043 Blue Origin New Shepard [Ma\u00dfstab 1:110] mit 190 Teilen<\/figcaption><\/figure><figure id=\"attachment_36009\" aria-describedby=\"caption-attachment-36009\" style=\"width: 1000px\" class=\"wp-caption aligncenter\"><img loading=\"lazy\" decoding=\"async\" class=\"wp-image-36009 size-full\" src=\"https:\/\/mouldking.store\/wp-content\/uploads\/2022\/11\/MOC-90043-Blue-Origin-New-Shepard-1.jpg\" alt=\"MOC-90043 Blue Origin New Shepard [1:110 Scale] With 190 Pieces\" width=\"1000\" height=\"1000\" title=\"-\" srcset=\"https:\/\/mouldking.store\/wp-content\/uploads\/2022\/11\/MOC-90043-Blue-Origin-New-Shepard-1.jpg 1000w, https:\/\/mouldking.store\/wp-content\/uploads\/2022\/11\/MOC-90043-Blue-Origin-New-Shepard-1-300x300.jpg 300w, https:\/\/mouldking.store\/wp-content\/uploads\/2022\/11\/MOC-90043-Blue-Origin-New-Shepard-1-768x768.jpg 768w, https:\/\/mouldking.store\/wp-content\/uploads\/2022\/11\/MOC-90043-Blue-Origin-New-Shepard-1-600x600.jpg 600w, https:\/\/mouldking.store\/wp-content\/uploads\/2022\/11\/MOC-90043-Blue-Origin-New-Shepard-1-150x150.jpg 150w, https:\/\/mouldking.store\/wp-content\/uploads\/2022\/11\/MOC-90043-Blue-Origin-New-Shepard-1-60x60.jpg 60w, https:\/\/mouldking.store\/wp-content\/uploads\/2022\/11\/MOC-90043-Blue-Origin-New-Shepard-1-90x90.jpg 90w\" sizes=\"(max-width: 1000px) 100vw, 1000px\" \/><figcaption id=\"caption-attachment-36009\" class=\"wp-caption-text\">MOC-90043 Blue Origin New Shepard [Ma\u00dfstab 1:110] mit 190 Teilen<\/figcaption><\/figure><\/p>","protected":false},"excerpt":{"rendered":"<p>Product information: Brand: MOC Gender: Unisex Name: Blue Origin New Shepard [1:110 Scale] Age Range: &gt; 6 years old Model Number: 90043 Classification: Assemblage Plastic Block Shape: Self-Locking Bricks Material: Plastic Plastic Type: ABS Bricks Blocks:190 PCS Size:\u00a05 x 5 x 16 cm Weight:\u00a00.1 kg Contains detailed assembly instructions. Notice: 1. Without an original box, [&hellip;]<\/p>","protected":false},"featured_media":36005,"comment_status":"closed","ping_status":"closed","template":"","meta":{"_acf_changed":false},"product_cat":[1406,6016],"product_tag":[8099,8105,8107,8108,8104,8109,8103,8106],"class_list":["product","first","instock","shipping-taxable","purchasable","product-type-simple"],"acf":[],"_links":{"self":[{"href":"https:\/\/mouldking.store\/de\/wp-json\/wp\/v2\/product\/36004","targetHints":{"allow":["GET"]}}],"collection":[{"href":"https:\/\/mouldking.store\/de\/wp-json\/wp\/v2\/product"}],"about":[{"href":"https:\/\/mouldking.store\/de\/wp-json\/wp\/v2\/types\/product"}],"replies":[{"embeddable":true,"href":"https:\/\/mouldking.store\/de\/wp-json\/wp\/v2\/comments?post=36004"}],"wp:featuredmedia":[{"embeddable":true,"href":"https:\/\/mouldking.store\/de\/wp-json\/wp\/v2\/media\/36005"}],"wp:attachment":[{"href":"https:\/\/mouldking.store\/de\/wp-json\/wp\/v2\/media?parent=36004"}],"wp:term":[{"taxonomy":"product_cat","embeddable":true,"href":"https:\/\/mouldking.store\/de\/wp-json\/wp\/v2\/product_cat?post=36004"},{"taxonomy":"product_tag","embeddable":true,"href":"https:\/\/mouldking.store\/de\/wp-json\/wp\/v2\/product_tag?post=36004"}],"curies":[{"name":"wp","href":"https:\/\/api.w.org\/{rel}","templated":true}]}}