{"id":36027,"date":"2022-11-23T11:05:36","date_gmt":"2022-11-23T04:05:36","guid":{"rendered":"https:\/\/mouldking.store\/?post_type=product&#038;p=36027"},"modified":"2025-12-25T09:12:21","modified_gmt":"2025-12-25T02:12:21","slug":"moc-89550-anime-naruto-nine-tailed-fox-fair-with-999-pieces","status":"publish","type":"product","link":"https:\/\/mouldking.store\/de\/shop\/moc-89550-anime-naruto-nine-tailed-fox-fair-with-999-pieces\/","title":{"rendered":"MOC-89550 Anime Naruto Nine-tailed Fox Fair mit 999 Teilen"},"content":{"rendered":"<p>Produktinformation:<\/p>\n<ol>\n<li>Marke: MOC<\/li>\n<li>Geschlecht: Unisex<\/li>\n<li>Name: Anime Naruto Nine-tailed Fox Fair<\/li>\n<li>Altersspanne: &gt; 6 Jahre alt<\/li>\n<li>Modellnummer: 89550<\/li>\n<li>Einstufung: Assemblage<\/li>\n<li>Kunststoffblockform: Selbstsichernde Steine<\/li>\n<li>Material: Kunststoff<\/li>\n<li>Kunststofftyp: ABS<\/li>\n<li>Ziegelsteine: 999 St\u00fcck<\/li>\n<li>Enth\u00e4lt eine ausf\u00fchrliche Montageanleitung.<\/li>\n<\/ol>\n<p>Notiz:<br \/>\n1. Ohne Originalverpackung, aber wir garantieren, dass unsere Produkte eine Qualit\u00e4tssicherung und eine sch\u00f6ne Verpackung haben.<br \/>\n2. Wie alle Teile, die wir vor dem Versand \u00fcberpr\u00fcft haben, machen Sie sich keine Sorgen, wenn Sie feststellen, dass einige Teile fehlen oder besch\u00e4digt sind, und kontaktieren Sie uns einfach, und wir k\u00f6nnen sie Ihnen umgehend kostenlos erneut zusenden.<\/p>\n<figure id=\"attachment_36028\" aria-describedby=\"caption-attachment-36028\" style=\"width: 1095px\" class=\"wp-caption aligncenter\"><img fetchpriority=\"high\" decoding=\"async\" class=\"wp-image-36028 size-full\" src=\"https:\/\/mouldking.store\/wp-content\/uploads\/2022\/11\/MOC-89550-Movie-Anime-Naruto-Nine-tailed-Fox-Fair-MOC-FACTORY.png\" alt=\"MOC-89550 Anime Naruto Nine-tailed Fox Fair With 999 Pieces\" width=\"1095\" height=\"1095\" title=\"-\" srcset=\"https:\/\/mouldking.store\/wp-content\/uploads\/2022\/11\/MOC-89550-Movie-Anime-Naruto-Nine-tailed-Fox-Fair-MOC-FACTORY.png 1095w, https:\/\/mouldking.store\/wp-content\/uploads\/2022\/11\/MOC-89550-Movie-Anime-Naruto-Nine-tailed-Fox-Fair-MOC-FACTORY-300x300.png 300w, https:\/\/mouldking.store\/wp-content\/uploads\/2022\/11\/MOC-89550-Movie-Anime-Naruto-Nine-tailed-Fox-Fair-MOC-FACTORY-1024x1024.png 1024w, https:\/\/mouldking.store\/wp-content\/uploads\/2022\/11\/MOC-89550-Movie-Anime-Naruto-Nine-tailed-Fox-Fair-MOC-FACTORY-768x768.png 768w, https:\/\/mouldking.store\/wp-content\/uploads\/2022\/11\/MOC-89550-Movie-Anime-Naruto-Nine-tailed-Fox-Fair-MOC-FACTORY-600x600.png 600w, https:\/\/mouldking.store\/wp-content\/uploads\/2022\/11\/MOC-89550-Movie-Anime-Naruto-Nine-tailed-Fox-Fair-MOC-FACTORY-150x150.png 150w, https:\/\/mouldking.store\/wp-content\/uploads\/2022\/11\/MOC-89550-Movie-Anime-Naruto-Nine-tailed-Fox-Fair-MOC-FACTORY-60x60.png 60w, https:\/\/mouldking.store\/wp-content\/uploads\/2022\/11\/MOC-89550-Movie-Anime-Naruto-Nine-tailed-Fox-Fair-MOC-FACTORY-90x90.png 90w\" sizes=\"(max-width: 1095px) 100vw, 1095px\" \/><figcaption id=\"caption-attachment-36028\" class=\"wp-caption-text\">MOC-89550 Anime Naruto Nine-tailed Fox Fair mit 999 Teilen<\/figcaption><\/figure>\n<figure id=\"attachment_36029\" aria-describedby=\"caption-attachment-36029\" style=\"width: 800px\" class=\"wp-caption aligncenter\"><img decoding=\"async\" class=\"wp-image-36029 size-full\" src=\"https:\/\/mouldking.store\/wp-content\/uploads\/2022\/11\/Anime-Naruto-Nine-tailed-Fox-Fair-MOC-89550-2.jpg\" alt=\"MOC-89550 Anime Naruto Nine-tailed Fox Fair With 999 Pieces\" width=\"800\" height=\"800\" title=\"-\" srcset=\"https:\/\/mouldking.store\/wp-content\/uploads\/2022\/11\/Anime-Naruto-Nine-tailed-Fox-Fair-MOC-89550-2.jpg 800w, https:\/\/mouldking.store\/wp-content\/uploads\/2022\/11\/Anime-Naruto-Nine-tailed-Fox-Fair-MOC-89550-2-300x300.jpg 300w, https:\/\/mouldking.store\/wp-content\/uploads\/2022\/11\/Anime-Naruto-Nine-tailed-Fox-Fair-MOC-89550-2-768x768.jpg 768w, https:\/\/mouldking.store\/wp-content\/uploads\/2022\/11\/Anime-Naruto-Nine-tailed-Fox-Fair-MOC-89550-2-600x600.jpg 600w, https:\/\/mouldking.store\/wp-content\/uploads\/2022\/11\/Anime-Naruto-Nine-tailed-Fox-Fair-MOC-89550-2-150x150.jpg 150w, https:\/\/mouldking.store\/wp-content\/uploads\/2022\/11\/Anime-Naruto-Nine-tailed-Fox-Fair-MOC-89550-2-60x60.jpg 60w, https:\/\/mouldking.store\/wp-content\/uploads\/2022\/11\/Anime-Naruto-Nine-tailed-Fox-Fair-MOC-89550-2-90x90.jpg 90w\" sizes=\"(max-width: 800px) 100vw, 800px\" \/><figcaption id=\"caption-attachment-36029\" class=\"wp-caption-text\">MOC-89550 Anime Naruto Nine-tailed Fox Fair mit 999 Teilen<\/figcaption><\/figure>","protected":false},"excerpt":{"rendered":"<p>Product information: Brand: MOC Gender: Unisex Name: Anime Naruto Nine-tailed Fox Fair Age Range: &gt; 6 years old Model Number: 89550 Classification: Assemblage Plastic Block Shape: Self-Locking Bricks Material: Plastic Plastic Type: ABS Bricks Blocks:999 PCS Contains detailed assembly instructions. Notice: 1. Without an original box, but we guarantee our products have quality assurance and [&hellip;]<\/p>","protected":false},"featured_media":36028,"comment_status":"closed","ping_status":"closed","template":"","meta":{"_acf_changed":false},"product_cat":[1408],"product_tag":[8124,8128,8129,8126,8123,8130,8122,2383,8125,8127],"class_list":["product","first","instock","shipping-taxable","purchasable","product-type-simple"],"acf":[],"_links":{"self":[{"href":"https:\/\/mouldking.store\/de\/wp-json\/wp\/v2\/product\/36027","targetHints":{"allow":["GET"]}}],"collection":[{"href":"https:\/\/mouldking.store\/de\/wp-json\/wp\/v2\/product"}],"about":[{"href":"https:\/\/mouldking.store\/de\/wp-json\/wp\/v2\/types\/product"}],"replies":[{"embeddable":true,"href":"https:\/\/mouldking.store\/de\/wp-json\/wp\/v2\/comments?post=36027"}],"wp:featuredmedia":[{"embeddable":true,"href":"https:\/\/mouldking.store\/de\/wp-json\/wp\/v2\/media\/36028"}],"wp:attachment":[{"href":"https:\/\/mouldking.store\/de\/wp-json\/wp\/v2\/media?parent=36027"}],"wp:term":[{"taxonomy":"product_cat","embeddable":true,"href":"https:\/\/mouldking.store\/de\/wp-json\/wp\/v2\/product_cat?post=36027"},{"taxonomy":"product_tag","embeddable":true,"href":"https:\/\/mouldking.store\/de\/wp-json\/wp\/v2\/product_tag?post=36027"}],"curies":[{"name":"wp","href":"https:\/\/api.w.org\/{rel}","templated":true}]}}