{"id":36047,"date":"2022-11-23T11:40:14","date_gmt":"2022-11-23T04:40:14","guid":{"rendered":"https:\/\/mouldking.store\/?post_type=product&#038;p=36047"},"modified":"2025-12-25T09:12:21","modified_gmt":"2025-12-25T02:12:21","slug":"moc-123912-benthic-helmet-collection-with-776-pieces","status":"publish","type":"product","link":"https:\/\/mouldking.store\/de\/shop\/moc-123912-benthic-helmet-collection-with-776-pieces\/","title":{"rendered":"MOC-123912 Benthische Helmkollektion mit 776 Teilen"},"content":{"rendered":"<p>Produktinformation:<\/p>\n<ol>\n<li>Marke: MOC<\/li>\n<li>Geschlecht: Unisex<\/li>\n<li>Name: Benthic Helmet Collection<\/li>\n<li>Altersspanne: &gt; 6 Jahre alt<\/li>\n<li>Model Number: 123912<\/li>\n<li>Einstufung: Assemblage<\/li>\n<li>Kunststoffblockform: Selbstsichernde Steine<\/li>\n<li>Material: Kunststoff<\/li>\n<li>Kunststofftyp: ABS<\/li>\n<li>Ziegelsteine: 776 ST\u00dcCKE<\/li>\n<li>Size:10 x 10 x 23 cm<\/li>\n<li>Weight:0.49 kg<\/li>\n<li>Enth\u00e4lt eine ausf\u00fchrliche Montageanleitung.<\/li>\n<\/ol>\n<p>Notiz:<br \/>\n1. Ohne Originalverpackung, aber wir garantieren, dass unsere Produkte eine Qualit\u00e4tssicherung und eine sch\u00f6ne Verpackung haben.<br \/>\n2. Wie alle Teile, die wir vor dem Versand \u00fcberpr\u00fcft haben, machen Sie sich keine Sorgen, wenn Sie feststellen, dass einige Teile fehlen oder besch\u00e4digt sind, und kontaktieren Sie uns einfach, und wir k\u00f6nnen sie Ihnen umgehend kostenlos erneut zusenden.<\/p>\n<figure id=\"attachment_36048\" aria-describedby=\"caption-attachment-36048\" style=\"width: 1024px\" class=\"wp-caption aligncenter\"><img fetchpriority=\"high\" decoding=\"async\" class=\"wp-image-36048 size-large\" src=\"https:\/\/mouldking.store\/wp-content\/uploads\/2022\/11\/MOC-123912-Star-Wars-Benthic-Helmet-Collection-MOC-FACTORY-1024x1024.png\" alt=\"MOC-123912 Benthic Helmet Collection With 776 Pieces\" width=\"1024\" height=\"1024\" title=\"-\" srcset=\"https:\/\/mouldking.store\/wp-content\/uploads\/2022\/11\/MOC-123912-Star-Wars-Benthic-Helmet-Collection-MOC-FACTORY-1024x1024.png 1024w, https:\/\/mouldking.store\/wp-content\/uploads\/2022\/11\/MOC-123912-Star-Wars-Benthic-Helmet-Collection-MOC-FACTORY-300x300.png 300w, https:\/\/mouldking.store\/wp-content\/uploads\/2022\/11\/MOC-123912-Star-Wars-Benthic-Helmet-Collection-MOC-FACTORY-768x768.png 768w, https:\/\/mouldking.store\/wp-content\/uploads\/2022\/11\/MOC-123912-Star-Wars-Benthic-Helmet-Collection-MOC-FACTORY-600x600.png 600w, https:\/\/mouldking.store\/wp-content\/uploads\/2022\/11\/MOC-123912-Star-Wars-Benthic-Helmet-Collection-MOC-FACTORY-150x150.png 150w, https:\/\/mouldking.store\/wp-content\/uploads\/2022\/11\/MOC-123912-Star-Wars-Benthic-Helmet-Collection-MOC-FACTORY-60x60.png 60w, https:\/\/mouldking.store\/wp-content\/uploads\/2022\/11\/MOC-123912-Star-Wars-Benthic-Helmet-Collection-MOC-FACTORY-90x90.png 90w, https:\/\/mouldking.store\/wp-content\/uploads\/2022\/11\/MOC-123912-Star-Wars-Benthic-Helmet-Collection-MOC-FACTORY.png 1095w\" sizes=\"(max-width: 1024px) 100vw, 1024px\" \/><figcaption id=\"caption-attachment-36048\" class=\"wp-caption-text\">MOC-123912 Benthische Helmkollektion mit 776 Teilen<\/figcaption><\/figure>\n<figure id=\"attachment_36049\" aria-describedby=\"caption-attachment-36049\" style=\"width: 1000px\" class=\"wp-caption aligncenter\"><img decoding=\"async\" class=\"wp-image-36049 size-full\" src=\"https:\/\/mouldking.store\/wp-content\/uploads\/2022\/11\/MOC-123912-Star-Wars-Benthic-Helmet-Collection-4.jpg\" alt=\"MOC-123912 Benthic Helmet Collection With 776 Pieces\" width=\"1000\" height=\"1000\" title=\"-\" srcset=\"https:\/\/mouldking.store\/wp-content\/uploads\/2022\/11\/MOC-123912-Star-Wars-Benthic-Helmet-Collection-4.jpg 1000w, https:\/\/mouldking.store\/wp-content\/uploads\/2022\/11\/MOC-123912-Star-Wars-Benthic-Helmet-Collection-4-300x300.jpg 300w, https:\/\/mouldking.store\/wp-content\/uploads\/2022\/11\/MOC-123912-Star-Wars-Benthic-Helmet-Collection-4-768x768.jpg 768w, https:\/\/mouldking.store\/wp-content\/uploads\/2022\/11\/MOC-123912-Star-Wars-Benthic-Helmet-Collection-4-600x600.jpg 600w, https:\/\/mouldking.store\/wp-content\/uploads\/2022\/11\/MOC-123912-Star-Wars-Benthic-Helmet-Collection-4-150x150.jpg 150w, https:\/\/mouldking.store\/wp-content\/uploads\/2022\/11\/MOC-123912-Star-Wars-Benthic-Helmet-Collection-4-60x60.jpg 60w, https:\/\/mouldking.store\/wp-content\/uploads\/2022\/11\/MOC-123912-Star-Wars-Benthic-Helmet-Collection-4-90x90.jpg 90w\" sizes=\"(max-width: 1000px) 100vw, 1000px\" \/><figcaption id=\"caption-attachment-36049\" class=\"wp-caption-text\">MOC-123912 Benthische Helmkollektion mit 776 Teilen<\/figcaption><\/figure>\n<figure id=\"attachment_36050\" aria-describedby=\"caption-attachment-36050\" style=\"width: 1000px\" class=\"wp-caption aligncenter\"><img decoding=\"async\" class=\"wp-image-36050 size-full\" src=\"https:\/\/mouldking.store\/wp-content\/uploads\/2022\/11\/MOC-123912-Star-Wars-Benthic-Helmet-Collection-3.jpg\" alt=\"MOC-123912 Benthic Helmet Collection With 776 Pieces\" width=\"1000\" height=\"1000\" title=\"-\" srcset=\"https:\/\/mouldking.store\/wp-content\/uploads\/2022\/11\/MOC-123912-Star-Wars-Benthic-Helmet-Collection-3.jpg 1000w, https:\/\/mouldking.store\/wp-content\/uploads\/2022\/11\/MOC-123912-Star-Wars-Benthic-Helmet-Collection-3-300x300.jpg 300w, https:\/\/mouldking.store\/wp-content\/uploads\/2022\/11\/MOC-123912-Star-Wars-Benthic-Helmet-Collection-3-768x768.jpg 768w, https:\/\/mouldking.store\/wp-content\/uploads\/2022\/11\/MOC-123912-Star-Wars-Benthic-Helmet-Collection-3-600x600.jpg 600w, https:\/\/mouldking.store\/wp-content\/uploads\/2022\/11\/MOC-123912-Star-Wars-Benthic-Helmet-Collection-3-150x150.jpg 150w, https:\/\/mouldking.store\/wp-content\/uploads\/2022\/11\/MOC-123912-Star-Wars-Benthic-Helmet-Collection-3-60x60.jpg 60w, https:\/\/mouldking.store\/wp-content\/uploads\/2022\/11\/MOC-123912-Star-Wars-Benthic-Helmet-Collection-3-90x90.jpg 90w\" sizes=\"(max-width: 1000px) 100vw, 1000px\" \/><figcaption id=\"caption-attachment-36050\" class=\"wp-caption-text\">MOC-123912 Benthische Helmkollektion mit 776 Teilen<\/figcaption><\/figure>\n<figure id=\"attachment_36051\" aria-describedby=\"caption-attachment-36051\" style=\"width: 1000px\" class=\"wp-caption aligncenter\"><img loading=\"lazy\" decoding=\"async\" class=\"wp-image-36051 size-full\" src=\"https:\/\/mouldking.store\/wp-content\/uploads\/2022\/11\/MOC-123912-Star-Wars-Benthic-Helmet-Collection-2.jpg\" alt=\"MOC-123912 Benthic Helmet Collection With 776 Pieces\" width=\"1000\" height=\"1000\" title=\"-\" srcset=\"https:\/\/mouldking.store\/wp-content\/uploads\/2022\/11\/MOC-123912-Star-Wars-Benthic-Helmet-Collection-2.jpg 1000w, https:\/\/mouldking.store\/wp-content\/uploads\/2022\/11\/MOC-123912-Star-Wars-Benthic-Helmet-Collection-2-300x300.jpg 300w, https:\/\/mouldking.store\/wp-content\/uploads\/2022\/11\/MOC-123912-Star-Wars-Benthic-Helmet-Collection-2-768x768.jpg 768w, https:\/\/mouldking.store\/wp-content\/uploads\/2022\/11\/MOC-123912-Star-Wars-Benthic-Helmet-Collection-2-600x600.jpg 600w, https:\/\/mouldking.store\/wp-content\/uploads\/2022\/11\/MOC-123912-Star-Wars-Benthic-Helmet-Collection-2-150x150.jpg 150w, https:\/\/mouldking.store\/wp-content\/uploads\/2022\/11\/MOC-123912-Star-Wars-Benthic-Helmet-Collection-2-60x60.jpg 60w, https:\/\/mouldking.store\/wp-content\/uploads\/2022\/11\/MOC-123912-Star-Wars-Benthic-Helmet-Collection-2-90x90.jpg 90w\" sizes=\"(max-width: 1000px) 100vw, 1000px\" \/><figcaption id=\"caption-attachment-36051\" class=\"wp-caption-text\">MOC-123912 Benthische Helmkollektion mit 776 Teilen<\/figcaption><\/figure>\n<figure id=\"attachment_36052\" aria-describedby=\"caption-attachment-36052\" style=\"width: 538px\" class=\"wp-caption aligncenter\"><img loading=\"lazy\" decoding=\"async\" class=\"wp-image-36052 size-large\" src=\"https:\/\/mouldking.store\/wp-content\/uploads\/2022\/11\/MOC-123912-Star-Wars-Benthic-Helmet-Collection-1-538x1024.jpg\" alt=\"MOC-123912 Benthic Helmet Collection With 776 Pieces\" width=\"538\" height=\"1024\" title=\"-\" srcset=\"https:\/\/mouldking.store\/wp-content\/uploads\/2022\/11\/MOC-123912-Star-Wars-Benthic-Helmet-Collection-1-538x1024.jpg 538w, https:\/\/mouldking.store\/wp-content\/uploads\/2022\/11\/MOC-123912-Star-Wars-Benthic-Helmet-Collection-1-158x300.jpg 158w, https:\/\/mouldking.store\/wp-content\/uploads\/2022\/11\/MOC-123912-Star-Wars-Benthic-Helmet-Collection-1-300x571.jpg 300w, https:\/\/mouldking.store\/wp-content\/uploads\/2022\/11\/MOC-123912-Star-Wars-Benthic-Helmet-Collection-1-600x1143.jpg 600w, https:\/\/mouldking.store\/wp-content\/uploads\/2022\/11\/MOC-123912-Star-Wars-Benthic-Helmet-Collection-1-79x150.jpg 79w, https:\/\/mouldking.store\/wp-content\/uploads\/2022\/11\/MOC-123912-Star-Wars-Benthic-Helmet-Collection-1-32x60.jpg 32w, https:\/\/mouldking.store\/wp-content\/uploads\/2022\/11\/MOC-123912-Star-Wars-Benthic-Helmet-Collection-1-47x90.jpg 47w, https:\/\/mouldking.store\/wp-content\/uploads\/2022\/11\/MOC-123912-Star-Wars-Benthic-Helmet-Collection-1.jpg 630w\" sizes=\"(max-width: 538px) 100vw, 538px\" \/><figcaption id=\"caption-attachment-36052\" class=\"wp-caption-text\">MOC-123912 Benthische Helmkollektion mit 776 Teilen<\/figcaption><\/figure>","protected":false},"excerpt":{"rendered":"<p>Product information: Brand: MOC Gender: Unisex Name: Benthic Helmet Collection Age Range: &gt; 6 years old Model Number: 123912 Classification: Assemblage Plastic Block Shape: Self-Locking Bricks Material: Plastic Plastic Type: ABS Bricks Blocks:776 PCS Size:10 x 10 x 23 cm Weight:0.49 kg Contains detailed assembly instructions. Notice: 1. Without an original box, but we guarantee [&hellip;]<\/p>","protected":false},"featured_media":36048,"comment_status":"closed","ping_status":"closed","template":"","meta":{"_acf_changed":false},"product_cat":[415],"product_tag":[8148,8150,8149,8047,8147,8151,8146],"class_list":["product","first","instock","shipping-taxable","purchasable","product-type-simple"],"acf":[],"_links":{"self":[{"href":"https:\/\/mouldking.store\/de\/wp-json\/wp\/v2\/product\/36047","targetHints":{"allow":["GET"]}}],"collection":[{"href":"https:\/\/mouldking.store\/de\/wp-json\/wp\/v2\/product"}],"about":[{"href":"https:\/\/mouldking.store\/de\/wp-json\/wp\/v2\/types\/product"}],"replies":[{"embeddable":true,"href":"https:\/\/mouldking.store\/de\/wp-json\/wp\/v2\/comments?post=36047"}],"wp:featuredmedia":[{"embeddable":true,"href":"https:\/\/mouldking.store\/de\/wp-json\/wp\/v2\/media\/36048"}],"wp:attachment":[{"href":"https:\/\/mouldking.store\/de\/wp-json\/wp\/v2\/media?parent=36047"}],"wp:term":[{"taxonomy":"product_cat","embeddable":true,"href":"https:\/\/mouldking.store\/de\/wp-json\/wp\/v2\/product_cat?post=36047"},{"taxonomy":"product_tag","embeddable":true,"href":"https:\/\/mouldking.store\/de\/wp-json\/wp\/v2\/product_tag?post=36047"}],"curies":[{"name":"wp","href":"https:\/\/api.w.org\/{rel}","templated":true}]}}