{"id":36065,"date":"2022-11-23T12:03:21","date_gmt":"2022-11-23T05:03:21","guid":{"rendered":"https:\/\/mouldking.store\/?post_type=product&#038;p=36065"},"modified":"2025-12-25T09:12:20","modified_gmt":"2025-12-25T02:12:20","slug":"moc-101792-nasa-ares-i-rocket-1110-scale-with-516-pieces","status":"publish","type":"product","link":"https:\/\/mouldking.store\/de\/shop\/moc-101792-nasa-ares-i-rocket-1110-scale-with-516-pieces\/","title":{"rendered":"MOC-101792 NASA Ares I Rakete im Ma\u00dfstab 1:110 mit 516 Teilen"},"content":{"rendered":"<p>Produktinformation:<\/p>\n<ol>\n<li>Marke: MOC<\/li>\n<li>Geschlecht: Unisex<\/li>\n<li>Name: NASA Ares I Rocket 1:110 Scale<\/li>\n<li>Altersspanne: &gt; 6 Jahre alt<\/li>\n<li>Model Number: 101792<\/li>\n<li>Einstufung: Assemblage<\/li>\n<li>Kunststoffblockform: Selbstsichernde Steine<\/li>\n<li>Material: Kunststoff<\/li>\n<li>Kunststofftyp: ABS<\/li>\n<li>Bricks Blocks:516 PCS<\/li>\n<li>Size: 8 x 8 x 88 cm<\/li>\n<li>Weight:0.47 kg<\/li>\n<li>Enth\u00e4lt eine ausf\u00fchrliche Montageanleitung.<\/li>\n<\/ol>\n<p>Notiz:<br \/>\n1. Ohne Originalverpackung, aber wir garantieren, dass unsere Produkte eine Qualit\u00e4tssicherung und eine sch\u00f6ne Verpackung haben.<br \/>\n2. Wie alle Teile, die wir vor dem Versand \u00fcberpr\u00fcft haben, machen Sie sich keine Sorgen, wenn Sie feststellen, dass einige Teile fehlen oder besch\u00e4digt sind, und kontaktieren Sie uns einfach, und wir k\u00f6nnen sie Ihnen umgehend kostenlos erneut zusenden.<\/p>\n<figure id=\"attachment_36066\" aria-describedby=\"caption-attachment-36066\" style=\"width: 1024px\" class=\"wp-caption aligncenter\"><img fetchpriority=\"high\" decoding=\"async\" class=\"wp-image-36066 size-large\" src=\"https:\/\/mouldking.store\/wp-content\/uploads\/2022\/11\/MOC-101792-Space-NASA-Ares-I-Rocket-1110-Scale-MOC-FACTORY-1024x1024.png\" alt=\"MOC-101792 NASA Ares I Rocket 1:110 Scale With 516 Pieces\" width=\"1024\" height=\"1024\" title=\"-\" srcset=\"https:\/\/mouldking.store\/wp-content\/uploads\/2022\/11\/MOC-101792-Space-NASA-Ares-I-Rocket-1110-Scale-MOC-FACTORY-1024x1024.png 1024w, https:\/\/mouldking.store\/wp-content\/uploads\/2022\/11\/MOC-101792-Space-NASA-Ares-I-Rocket-1110-Scale-MOC-FACTORY-300x300.png 300w, https:\/\/mouldking.store\/wp-content\/uploads\/2022\/11\/MOC-101792-Space-NASA-Ares-I-Rocket-1110-Scale-MOC-FACTORY-768x768.png 768w, https:\/\/mouldking.store\/wp-content\/uploads\/2022\/11\/MOC-101792-Space-NASA-Ares-I-Rocket-1110-Scale-MOC-FACTORY-600x600.png 600w, https:\/\/mouldking.store\/wp-content\/uploads\/2022\/11\/MOC-101792-Space-NASA-Ares-I-Rocket-1110-Scale-MOC-FACTORY-150x150.png 150w, https:\/\/mouldking.store\/wp-content\/uploads\/2022\/11\/MOC-101792-Space-NASA-Ares-I-Rocket-1110-Scale-MOC-FACTORY-60x60.png 60w, https:\/\/mouldking.store\/wp-content\/uploads\/2022\/11\/MOC-101792-Space-NASA-Ares-I-Rocket-1110-Scale-MOC-FACTORY-90x90.png 90w, https:\/\/mouldking.store\/wp-content\/uploads\/2022\/11\/MOC-101792-Space-NASA-Ares-I-Rocket-1110-Scale-MOC-FACTORY.png 1095w\" sizes=\"(max-width: 1024px) 100vw, 1024px\" \/><figcaption id=\"caption-attachment-36066\" class=\"wp-caption-text\">MOC-101792 NASA Ares I Rakete im Ma\u00dfstab 1:110 mit 516 Teilen<\/figcaption><\/figure>\n<figure id=\"attachment_36067\" aria-describedby=\"caption-attachment-36067\" style=\"width: 1000px\" class=\"wp-caption aligncenter\"><img decoding=\"async\" class=\"wp-image-36067 size-full\" src=\"https:\/\/mouldking.store\/wp-content\/uploads\/2022\/11\/MOC-101792-NASA-Ares-I-Rocket-9.jpg\" alt=\"MOC-101792 NASA Ares I Rocket 1:110 Scale With 516 Pieces\" width=\"1000\" height=\"1000\" title=\"-\" srcset=\"https:\/\/mouldking.store\/wp-content\/uploads\/2022\/11\/MOC-101792-NASA-Ares-I-Rocket-9.jpg 1000w, https:\/\/mouldking.store\/wp-content\/uploads\/2022\/11\/MOC-101792-NASA-Ares-I-Rocket-9-300x300.jpg 300w, https:\/\/mouldking.store\/wp-content\/uploads\/2022\/11\/MOC-101792-NASA-Ares-I-Rocket-9-768x768.jpg 768w, https:\/\/mouldking.store\/wp-content\/uploads\/2022\/11\/MOC-101792-NASA-Ares-I-Rocket-9-600x600.jpg 600w, https:\/\/mouldking.store\/wp-content\/uploads\/2022\/11\/MOC-101792-NASA-Ares-I-Rocket-9-150x150.jpg 150w, https:\/\/mouldking.store\/wp-content\/uploads\/2022\/11\/MOC-101792-NASA-Ares-I-Rocket-9-60x60.jpg 60w, https:\/\/mouldking.store\/wp-content\/uploads\/2022\/11\/MOC-101792-NASA-Ares-I-Rocket-9-90x90.jpg 90w\" sizes=\"(max-width: 1000px) 100vw, 1000px\" \/><figcaption id=\"caption-attachment-36067\" class=\"wp-caption-text\">MOC-101792 NASA Ares I Rakete im Ma\u00dfstab 1:110 mit 516 Teilen<\/figcaption><\/figure>\n<figure id=\"attachment_36068\" aria-describedby=\"caption-attachment-36068\" style=\"width: 1000px\" class=\"wp-caption aligncenter\"><img decoding=\"async\" class=\"wp-image-36068 size-full\" src=\"https:\/\/mouldking.store\/wp-content\/uploads\/2022\/11\/MOC-101792-NASA-Ares-I-Rocket-8.jpg\" alt=\"MOC-101792 NASA Ares I Rocket 1:110 Scale With 516 Pieces\" width=\"1000\" height=\"1000\" title=\"-\" srcset=\"https:\/\/mouldking.store\/wp-content\/uploads\/2022\/11\/MOC-101792-NASA-Ares-I-Rocket-8.jpg 1000w, https:\/\/mouldking.store\/wp-content\/uploads\/2022\/11\/MOC-101792-NASA-Ares-I-Rocket-8-300x300.jpg 300w, https:\/\/mouldking.store\/wp-content\/uploads\/2022\/11\/MOC-101792-NASA-Ares-I-Rocket-8-768x768.jpg 768w, https:\/\/mouldking.store\/wp-content\/uploads\/2022\/11\/MOC-101792-NASA-Ares-I-Rocket-8-600x600.jpg 600w, https:\/\/mouldking.store\/wp-content\/uploads\/2022\/11\/MOC-101792-NASA-Ares-I-Rocket-8-150x150.jpg 150w, https:\/\/mouldking.store\/wp-content\/uploads\/2022\/11\/MOC-101792-NASA-Ares-I-Rocket-8-60x60.jpg 60w, https:\/\/mouldking.store\/wp-content\/uploads\/2022\/11\/MOC-101792-NASA-Ares-I-Rocket-8-90x90.jpg 90w\" sizes=\"(max-width: 1000px) 100vw, 1000px\" \/><figcaption id=\"caption-attachment-36068\" class=\"wp-caption-text\">MOC-101792 NASA Ares I Rakete im Ma\u00dfstab 1:110 mit 516 Teilen<\/figcaption><\/figure>\n<figure id=\"attachment_36069\" aria-describedby=\"caption-attachment-36069\" style=\"width: 1000px\" class=\"wp-caption aligncenter\"><img loading=\"lazy\" decoding=\"async\" class=\"wp-image-36069 size-full\" src=\"https:\/\/mouldking.store\/wp-content\/uploads\/2022\/11\/MOC-101792-NASA-Ares-I-Rocket-7.jpg\" alt=\"MOC-101792 NASA Ares I Rocket 1:110 Scale With 516 Pieces\" width=\"1000\" height=\"1000\" title=\"-\" srcset=\"https:\/\/mouldking.store\/wp-content\/uploads\/2022\/11\/MOC-101792-NASA-Ares-I-Rocket-7.jpg 1000w, https:\/\/mouldking.store\/wp-content\/uploads\/2022\/11\/MOC-101792-NASA-Ares-I-Rocket-7-300x300.jpg 300w, https:\/\/mouldking.store\/wp-content\/uploads\/2022\/11\/MOC-101792-NASA-Ares-I-Rocket-7-768x768.jpg 768w, https:\/\/mouldking.store\/wp-content\/uploads\/2022\/11\/MOC-101792-NASA-Ares-I-Rocket-7-600x600.jpg 600w, https:\/\/mouldking.store\/wp-content\/uploads\/2022\/11\/MOC-101792-NASA-Ares-I-Rocket-7-150x150.jpg 150w, https:\/\/mouldking.store\/wp-content\/uploads\/2022\/11\/MOC-101792-NASA-Ares-I-Rocket-7-60x60.jpg 60w, https:\/\/mouldking.store\/wp-content\/uploads\/2022\/11\/MOC-101792-NASA-Ares-I-Rocket-7-90x90.jpg 90w\" sizes=\"(max-width: 1000px) 100vw, 1000px\" \/><figcaption id=\"caption-attachment-36069\" class=\"wp-caption-text\">MOC-101792 NASA Ares I Rakete im Ma\u00dfstab 1:110 mit 516 Teilen<\/figcaption><\/figure>\n<figure id=\"attachment_36070\" aria-describedby=\"caption-attachment-36070\" style=\"width: 1000px\" class=\"wp-caption aligncenter\"><img loading=\"lazy\" decoding=\"async\" class=\"wp-image-36070 size-full\" src=\"https:\/\/mouldking.store\/wp-content\/uploads\/2022\/11\/MOC-101792-NASA-Ares-I-Rocket-6.jpg\" alt=\"MOC-101792 NASA Ares I Rocket 1:110 Scale With 516 Pieces\" width=\"1000\" height=\"1000\" title=\"-\" srcset=\"https:\/\/mouldking.store\/wp-content\/uploads\/2022\/11\/MOC-101792-NASA-Ares-I-Rocket-6.jpg 1000w, https:\/\/mouldking.store\/wp-content\/uploads\/2022\/11\/MOC-101792-NASA-Ares-I-Rocket-6-300x300.jpg 300w, https:\/\/mouldking.store\/wp-content\/uploads\/2022\/11\/MOC-101792-NASA-Ares-I-Rocket-6-768x768.jpg 768w, https:\/\/mouldking.store\/wp-content\/uploads\/2022\/11\/MOC-101792-NASA-Ares-I-Rocket-6-600x600.jpg 600w, https:\/\/mouldking.store\/wp-content\/uploads\/2022\/11\/MOC-101792-NASA-Ares-I-Rocket-6-150x150.jpg 150w, https:\/\/mouldking.store\/wp-content\/uploads\/2022\/11\/MOC-101792-NASA-Ares-I-Rocket-6-60x60.jpg 60w, https:\/\/mouldking.store\/wp-content\/uploads\/2022\/11\/MOC-101792-NASA-Ares-I-Rocket-6-90x90.jpg 90w\" sizes=\"(max-width: 1000px) 100vw, 1000px\" \/><figcaption id=\"caption-attachment-36070\" class=\"wp-caption-text\">MOC-101792 NASA Ares I Rakete im Ma\u00dfstab 1:110 mit 516 Teilen<\/figcaption><\/figure>\n<figure id=\"attachment_36071\" aria-describedby=\"caption-attachment-36071\" style=\"width: 1000px\" class=\"wp-caption aligncenter\"><img loading=\"lazy\" decoding=\"async\" class=\"wp-image-36071 size-full\" src=\"https:\/\/mouldking.store\/wp-content\/uploads\/2022\/11\/MOC-101792-NASA-Ares-I-Rocket-5.jpg\" alt=\"MOC-101792 NASA Ares I Rocket 1:110 Scale With 516 Pieces\" width=\"1000\" height=\"1000\" title=\"-\" srcset=\"https:\/\/mouldking.store\/wp-content\/uploads\/2022\/11\/MOC-101792-NASA-Ares-I-Rocket-5.jpg 1000w, https:\/\/mouldking.store\/wp-content\/uploads\/2022\/11\/MOC-101792-NASA-Ares-I-Rocket-5-300x300.jpg 300w, https:\/\/mouldking.store\/wp-content\/uploads\/2022\/11\/MOC-101792-NASA-Ares-I-Rocket-5-768x768.jpg 768w, https:\/\/mouldking.store\/wp-content\/uploads\/2022\/11\/MOC-101792-NASA-Ares-I-Rocket-5-600x600.jpg 600w, https:\/\/mouldking.store\/wp-content\/uploads\/2022\/11\/MOC-101792-NASA-Ares-I-Rocket-5-150x150.jpg 150w, https:\/\/mouldking.store\/wp-content\/uploads\/2022\/11\/MOC-101792-NASA-Ares-I-Rocket-5-60x60.jpg 60w, https:\/\/mouldking.store\/wp-content\/uploads\/2022\/11\/MOC-101792-NASA-Ares-I-Rocket-5-90x90.jpg 90w\" sizes=\"(max-width: 1000px) 100vw, 1000px\" \/><figcaption id=\"caption-attachment-36071\" class=\"wp-caption-text\">MOC-101792 NASA Ares I Rakete im Ma\u00dfstab 1:110 mit 516 Teilen<\/figcaption><\/figure>\n<figure id=\"attachment_36072\" aria-describedby=\"caption-attachment-36072\" style=\"width: 1000px\" class=\"wp-caption aligncenter\"><img loading=\"lazy\" decoding=\"async\" class=\"wp-image-36072 size-full\" src=\"https:\/\/mouldking.store\/wp-content\/uploads\/2022\/11\/MOC-101792-NASA-Ares-I-Rocket-4.jpg\" alt=\"MOC-101792 NASA Ares I Rocket 1:110 Scale With 516 Pieces\" width=\"1000\" height=\"1000\" title=\"-\" srcset=\"https:\/\/mouldking.store\/wp-content\/uploads\/2022\/11\/MOC-101792-NASA-Ares-I-Rocket-4.jpg 1000w, https:\/\/mouldking.store\/wp-content\/uploads\/2022\/11\/MOC-101792-NASA-Ares-I-Rocket-4-300x300.jpg 300w, https:\/\/mouldking.store\/wp-content\/uploads\/2022\/11\/MOC-101792-NASA-Ares-I-Rocket-4-768x768.jpg 768w, https:\/\/mouldking.store\/wp-content\/uploads\/2022\/11\/MOC-101792-NASA-Ares-I-Rocket-4-600x600.jpg 600w, https:\/\/mouldking.store\/wp-content\/uploads\/2022\/11\/MOC-101792-NASA-Ares-I-Rocket-4-150x150.jpg 150w, https:\/\/mouldking.store\/wp-content\/uploads\/2022\/11\/MOC-101792-NASA-Ares-I-Rocket-4-60x60.jpg 60w, https:\/\/mouldking.store\/wp-content\/uploads\/2022\/11\/MOC-101792-NASA-Ares-I-Rocket-4-90x90.jpg 90w\" sizes=\"(max-width: 1000px) 100vw, 1000px\" \/><figcaption id=\"caption-attachment-36072\" class=\"wp-caption-text\">MOC-101792 NASA Ares I Rakete im Ma\u00dfstab 1:110 mit 516 Teilen<\/figcaption><\/figure>\n<figure id=\"attachment_36073\" aria-describedby=\"caption-attachment-36073\" style=\"width: 1000px\" class=\"wp-caption aligncenter\"><img loading=\"lazy\" decoding=\"async\" class=\"wp-image-36073 size-full\" src=\"https:\/\/mouldking.store\/wp-content\/uploads\/2022\/11\/MOC-101792-NASA-Ares-I-Rocket-3.jpg\" alt=\"MOC-101792 NASA Ares I Rocket 1:110 Scale With 516 Pieces\" width=\"1000\" height=\"1000\" title=\"-\" srcset=\"https:\/\/mouldking.store\/wp-content\/uploads\/2022\/11\/MOC-101792-NASA-Ares-I-Rocket-3.jpg 1000w, https:\/\/mouldking.store\/wp-content\/uploads\/2022\/11\/MOC-101792-NASA-Ares-I-Rocket-3-300x300.jpg 300w, https:\/\/mouldking.store\/wp-content\/uploads\/2022\/11\/MOC-101792-NASA-Ares-I-Rocket-3-768x768.jpg 768w, https:\/\/mouldking.store\/wp-content\/uploads\/2022\/11\/MOC-101792-NASA-Ares-I-Rocket-3-600x600.jpg 600w, https:\/\/mouldking.store\/wp-content\/uploads\/2022\/11\/MOC-101792-NASA-Ares-I-Rocket-3-150x150.jpg 150w, https:\/\/mouldking.store\/wp-content\/uploads\/2022\/11\/MOC-101792-NASA-Ares-I-Rocket-3-60x60.jpg 60w, https:\/\/mouldking.store\/wp-content\/uploads\/2022\/11\/MOC-101792-NASA-Ares-I-Rocket-3-90x90.jpg 90w\" sizes=\"(max-width: 1000px) 100vw, 1000px\" \/><figcaption id=\"caption-attachment-36073\" class=\"wp-caption-text\">MOC-101792 NASA Ares I Rakete im Ma\u00dfstab 1:110 mit 516 Teilen<\/figcaption><\/figure>\n<figure id=\"attachment_36074\" aria-describedby=\"caption-attachment-36074\" style=\"width: 668px\" class=\"wp-caption aligncenter\"><img loading=\"lazy\" decoding=\"async\" class=\"wp-image-36074 size-large\" src=\"https:\/\/mouldking.store\/wp-content\/uploads\/2022\/11\/MOC-101792-NASA-Ares-I-Rocket-2-668x1024.jpg\" alt=\"MOC-101792 NASA Ares I Rocket 1:110 Scale With 516 Pieces\" width=\"668\" height=\"1024\" title=\"-\" srcset=\"https:\/\/mouldking.store\/wp-content\/uploads\/2022\/11\/MOC-101792-NASA-Ares-I-Rocket-2-668x1024.jpg 668w, https:\/\/mouldking.store\/wp-content\/uploads\/2022\/11\/MOC-101792-NASA-Ares-I-Rocket-2-196x300.jpg 196w, https:\/\/mouldking.store\/wp-content\/uploads\/2022\/11\/MOC-101792-NASA-Ares-I-Rocket-2-768x1177.jpg 768w, https:\/\/mouldking.store\/wp-content\/uploads\/2022\/11\/MOC-101792-NASA-Ares-I-Rocket-2-300x460.jpg 300w, https:\/\/mouldking.store\/wp-content\/uploads\/2022\/11\/MOC-101792-NASA-Ares-I-Rocket-2-600x920.jpg 600w, https:\/\/mouldking.store\/wp-content\/uploads\/2022\/11\/MOC-101792-NASA-Ares-I-Rocket-2-98x150.jpg 98w, https:\/\/mouldking.store\/wp-content\/uploads\/2022\/11\/MOC-101792-NASA-Ares-I-Rocket-2-39x60.jpg 39w, https:\/\/mouldking.store\/wp-content\/uploads\/2022\/11\/MOC-101792-NASA-Ares-I-Rocket-2-59x90.jpg 59w, https:\/\/mouldking.store\/wp-content\/uploads\/2022\/11\/MOC-101792-NASA-Ares-I-Rocket-2.jpg 783w\" sizes=\"(max-width: 668px) 100vw, 668px\" \/><figcaption id=\"caption-attachment-36074\" class=\"wp-caption-text\">MOC-101792 NASA Ares I Rakete im Ma\u00dfstab 1:110 mit 516 Teilen<\/figcaption><\/figure>\n<figure id=\"attachment_36075\" aria-describedby=\"caption-attachment-36075\" style=\"width: 1000px\" class=\"wp-caption aligncenter\"><img loading=\"lazy\" decoding=\"async\" class=\"wp-image-36075 size-full\" src=\"https:\/\/mouldking.store\/wp-content\/uploads\/2022\/11\/MOC-101792-NASA-Ares-I-Rocket-1.jpg\" alt=\"MOC-101792 NASA Ares I Rocket 1:110 Scale With 516 Pieces\" width=\"1000\" height=\"1000\" title=\"-\" srcset=\"https:\/\/mouldking.store\/wp-content\/uploads\/2022\/11\/MOC-101792-NASA-Ares-I-Rocket-1.jpg 1000w, https:\/\/mouldking.store\/wp-content\/uploads\/2022\/11\/MOC-101792-NASA-Ares-I-Rocket-1-300x300.jpg 300w, https:\/\/mouldking.store\/wp-content\/uploads\/2022\/11\/MOC-101792-NASA-Ares-I-Rocket-1-768x768.jpg 768w, https:\/\/mouldking.store\/wp-content\/uploads\/2022\/11\/MOC-101792-NASA-Ares-I-Rocket-1-600x600.jpg 600w, https:\/\/mouldking.store\/wp-content\/uploads\/2022\/11\/MOC-101792-NASA-Ares-I-Rocket-1-150x150.jpg 150w, https:\/\/mouldking.store\/wp-content\/uploads\/2022\/11\/MOC-101792-NASA-Ares-I-Rocket-1-60x60.jpg 60w, https:\/\/mouldking.store\/wp-content\/uploads\/2022\/11\/MOC-101792-NASA-Ares-I-Rocket-1-90x90.jpg 90w\" sizes=\"(max-width: 1000px) 100vw, 1000px\" \/><figcaption id=\"caption-attachment-36075\" class=\"wp-caption-text\">MOC-101792 NASA Ares I Rakete im Ma\u00dfstab 1:110 mit 516 Teilen<\/figcaption><\/figure>","protected":false},"excerpt":{"rendered":"<p>Product information: Brand: MOC Gender: Unisex Name: NASA Ares I Rocket 1:110 Scale Age Range: &gt; 6 years old Model Number: 101792 Classification: Assemblage Plastic Block Shape: Self-Locking Bricks Material: Plastic Plastic Type: ABS Bricks Blocks:516 PCS Size: 8 x 8 x 88 cm Weight:0.47 kg Contains detailed assembly instructions. Notice: 1. Without an original [&hellip;]<\/p>","protected":false},"featured_media":36066,"comment_status":"closed","ping_status":"closed","template":"","meta":{"_acf_changed":false},"product_cat":[6016],"product_tag":[8099,8161,8160,8165,8159,6111,8163,8164,8162],"class_list":["product","first","instock","shipping-taxable","purchasable","product-type-simple"],"acf":[],"_links":{"self":[{"href":"https:\/\/mouldking.store\/de\/wp-json\/wp\/v2\/product\/36065","targetHints":{"allow":["GET"]}}],"collection":[{"href":"https:\/\/mouldking.store\/de\/wp-json\/wp\/v2\/product"}],"about":[{"href":"https:\/\/mouldking.store\/de\/wp-json\/wp\/v2\/types\/product"}],"replies":[{"embeddable":true,"href":"https:\/\/mouldking.store\/de\/wp-json\/wp\/v2\/comments?post=36065"}],"wp:featuredmedia":[{"embeddable":true,"href":"https:\/\/mouldking.store\/de\/wp-json\/wp\/v2\/media\/36066"}],"wp:attachment":[{"href":"https:\/\/mouldking.store\/de\/wp-json\/wp\/v2\/media?parent=36065"}],"wp:term":[{"taxonomy":"product_cat","embeddable":true,"href":"https:\/\/mouldking.store\/de\/wp-json\/wp\/v2\/product_cat?post=36065"},{"taxonomy":"product_tag","embeddable":true,"href":"https:\/\/mouldking.store\/de\/wp-json\/wp\/v2\/product_tag?post=36065"}],"curies":[{"name":"wp","href":"https:\/\/api.w.org\/{rel}","templated":true}]}}