{"id":36077,"date":"2022-11-23T12:14:53","date_gmt":"2022-11-23T05:14:53","guid":{"rendered":"https:\/\/mouldking.store\/?post_type=product&#038;p=36077"},"modified":"2025-12-25T09:12:20","modified_gmt":"2025-12-25T02:12:20","slug":"moc-89547-horizon-zero-dawn-broadhead-with-189-pieces","status":"publish","type":"product","link":"https:\/\/mouldking.store\/de\/shop\/moc-89547-horizon-zero-dawn-broadhead-with-189-pieces\/","title":{"rendered":"MOC-89547 Horizon Zero Dawn Broadhead mit 189 St\u00fcck"},"content":{"rendered":"<p>Produktinformation:<\/p>\n<ol>\n<li>Marke: MOC<\/li>\n<li>Geschlecht: Unisex<\/li>\n<li>Name: Horizon Zero Dawn Broadhead<\/li>\n<li>Altersspanne: &gt; 6 Jahre alt<\/li>\n<li>Model Number: 89547<\/li>\n<li>Einstufung: Assemblage<\/li>\n<li>Kunststoffblockform: Selbstsichernde Steine<\/li>\n<li>Material: Kunststoff<\/li>\n<li>Kunststofftyp: ABS<\/li>\n<li>Bricks Blocks:189 PCS<\/li>\n<li>Size: 10.6 x 7.3x 9.5 cm<\/li>\n<li>Weight:0.05 kg<\/li>\n<li>Enth\u00e4lt eine ausf\u00fchrliche Montageanleitung.<\/li>\n<\/ol>\n<p>Notiz:<br \/>\n1. Ohne Originalverpackung, aber wir garantieren, dass unsere Produkte eine Qualit\u00e4tssicherung und eine sch\u00f6ne Verpackung haben.<br \/>\n2. Wie alle Teile, die wir vor dem Versand \u00fcberpr\u00fcft haben, machen Sie sich keine Sorgen, wenn Sie feststellen, dass einige Teile fehlen oder besch\u00e4digt sind, und kontaktieren Sie uns einfach, und wir k\u00f6nnen sie Ihnen umgehend kostenlos erneut zusenden.<\/p>\n<figure id=\"attachment_36078\" aria-describedby=\"caption-attachment-36078\" style=\"width: 1024px\" class=\"wp-caption aligncenter\"><img fetchpriority=\"high\" decoding=\"async\" class=\"wp-image-36078 size-large\" src=\"https:\/\/mouldking.store\/wp-content\/uploads\/2022\/11\/MOC-89547-Movie-Horizon-Zero-Dawn-Broadhead-MOC-FACTORY-1024x1024.png\" alt=\"MOC-89547 Horizon Zero Dawn Broadhead With 189 Pieces\" width=\"1024\" height=\"1024\" title=\"-\" srcset=\"https:\/\/mouldking.store\/wp-content\/uploads\/2022\/11\/MOC-89547-Movie-Horizon-Zero-Dawn-Broadhead-MOC-FACTORY-1024x1024.png 1024w, https:\/\/mouldking.store\/wp-content\/uploads\/2022\/11\/MOC-89547-Movie-Horizon-Zero-Dawn-Broadhead-MOC-FACTORY-300x300.png 300w, https:\/\/mouldking.store\/wp-content\/uploads\/2022\/11\/MOC-89547-Movie-Horizon-Zero-Dawn-Broadhead-MOC-FACTORY-768x768.png 768w, https:\/\/mouldking.store\/wp-content\/uploads\/2022\/11\/MOC-89547-Movie-Horizon-Zero-Dawn-Broadhead-MOC-FACTORY-600x600.png 600w, https:\/\/mouldking.store\/wp-content\/uploads\/2022\/11\/MOC-89547-Movie-Horizon-Zero-Dawn-Broadhead-MOC-FACTORY-150x150.png 150w, https:\/\/mouldking.store\/wp-content\/uploads\/2022\/11\/MOC-89547-Movie-Horizon-Zero-Dawn-Broadhead-MOC-FACTORY-60x60.png 60w, https:\/\/mouldking.store\/wp-content\/uploads\/2022\/11\/MOC-89547-Movie-Horizon-Zero-Dawn-Broadhead-MOC-FACTORY-90x90.png 90w, https:\/\/mouldking.store\/wp-content\/uploads\/2022\/11\/MOC-89547-Movie-Horizon-Zero-Dawn-Broadhead-MOC-FACTORY.png 1095w\" sizes=\"(max-width: 1024px) 100vw, 1024px\" \/><figcaption id=\"caption-attachment-36078\" class=\"wp-caption-text\">MOC-89547 Horizon Zero Dawn Broadhead mit 189 St\u00fcck<\/figcaption><\/figure>\n<figure id=\"attachment_36079\" aria-describedby=\"caption-attachment-36079\" style=\"width: 1000px\" class=\"wp-caption aligncenter\"><img decoding=\"async\" class=\"wp-image-36079 size-full\" src=\"https:\/\/mouldking.store\/wp-content\/uploads\/2022\/11\/MOC-Horizon-Zero-Dawn-Broadhead-7.jpg\" alt=\"MOC-89547 Horizon Zero Dawn Broadhead With 189 Pieces\" width=\"1000\" height=\"1000\" title=\"-\" srcset=\"https:\/\/mouldking.store\/wp-content\/uploads\/2022\/11\/MOC-Horizon-Zero-Dawn-Broadhead-7.jpg 1000w, https:\/\/mouldking.store\/wp-content\/uploads\/2022\/11\/MOC-Horizon-Zero-Dawn-Broadhead-7-300x300.jpg 300w, https:\/\/mouldking.store\/wp-content\/uploads\/2022\/11\/MOC-Horizon-Zero-Dawn-Broadhead-7-768x768.jpg 768w, https:\/\/mouldking.store\/wp-content\/uploads\/2022\/11\/MOC-Horizon-Zero-Dawn-Broadhead-7-600x600.jpg 600w, https:\/\/mouldking.store\/wp-content\/uploads\/2022\/11\/MOC-Horizon-Zero-Dawn-Broadhead-7-150x150.jpg 150w, https:\/\/mouldking.store\/wp-content\/uploads\/2022\/11\/MOC-Horizon-Zero-Dawn-Broadhead-7-60x60.jpg 60w, https:\/\/mouldking.store\/wp-content\/uploads\/2022\/11\/MOC-Horizon-Zero-Dawn-Broadhead-7-90x90.jpg 90w\" sizes=\"(max-width: 1000px) 100vw, 1000px\" \/><figcaption id=\"caption-attachment-36079\" class=\"wp-caption-text\">MOC-89547 Horizon Zero Dawn Broadhead mit 189 St\u00fcck<\/figcaption><\/figure>\n<figure id=\"attachment_36080\" aria-describedby=\"caption-attachment-36080\" style=\"width: 1000px\" class=\"wp-caption aligncenter\"><img decoding=\"async\" class=\"wp-image-36080 size-full\" src=\"https:\/\/mouldking.store\/wp-content\/uploads\/2022\/11\/MOC-Horizon-Zero-Dawn-Broadhead-6.jpg\" alt=\"MOC-89547 Horizon Zero Dawn Broadhead With 189 Pieces\" width=\"1000\" height=\"1000\" title=\"-\" srcset=\"https:\/\/mouldking.store\/wp-content\/uploads\/2022\/11\/MOC-Horizon-Zero-Dawn-Broadhead-6.jpg 1000w, https:\/\/mouldking.store\/wp-content\/uploads\/2022\/11\/MOC-Horizon-Zero-Dawn-Broadhead-6-300x300.jpg 300w, https:\/\/mouldking.store\/wp-content\/uploads\/2022\/11\/MOC-Horizon-Zero-Dawn-Broadhead-6-768x768.jpg 768w, https:\/\/mouldking.store\/wp-content\/uploads\/2022\/11\/MOC-Horizon-Zero-Dawn-Broadhead-6-600x600.jpg 600w, https:\/\/mouldking.store\/wp-content\/uploads\/2022\/11\/MOC-Horizon-Zero-Dawn-Broadhead-6-150x150.jpg 150w, https:\/\/mouldking.store\/wp-content\/uploads\/2022\/11\/MOC-Horizon-Zero-Dawn-Broadhead-6-60x60.jpg 60w, https:\/\/mouldking.store\/wp-content\/uploads\/2022\/11\/MOC-Horizon-Zero-Dawn-Broadhead-6-90x90.jpg 90w\" sizes=\"(max-width: 1000px) 100vw, 1000px\" \/><figcaption id=\"caption-attachment-36080\" class=\"wp-caption-text\">MOC-89547 Horizon Zero Dawn Broadhead mit 189 St\u00fcck<\/figcaption><\/figure>\n<figure id=\"attachment_36081\" aria-describedby=\"caption-attachment-36081\" style=\"width: 1000px\" class=\"wp-caption aligncenter\"><img loading=\"lazy\" decoding=\"async\" class=\"wp-image-36081 size-full\" src=\"https:\/\/mouldking.store\/wp-content\/uploads\/2022\/11\/MOC-Horizon-Zero-Dawn-Broadhead-5.jpg\" alt=\"MOC-89547 Horizon Zero Dawn Broadhead With 189 Pieces\" width=\"1000\" height=\"1000\" title=\"-\" srcset=\"https:\/\/mouldking.store\/wp-content\/uploads\/2022\/11\/MOC-Horizon-Zero-Dawn-Broadhead-5.jpg 1000w, https:\/\/mouldking.store\/wp-content\/uploads\/2022\/11\/MOC-Horizon-Zero-Dawn-Broadhead-5-300x300.jpg 300w, https:\/\/mouldking.store\/wp-content\/uploads\/2022\/11\/MOC-Horizon-Zero-Dawn-Broadhead-5-768x768.jpg 768w, https:\/\/mouldking.store\/wp-content\/uploads\/2022\/11\/MOC-Horizon-Zero-Dawn-Broadhead-5-600x600.jpg 600w, https:\/\/mouldking.store\/wp-content\/uploads\/2022\/11\/MOC-Horizon-Zero-Dawn-Broadhead-5-150x150.jpg 150w, https:\/\/mouldking.store\/wp-content\/uploads\/2022\/11\/MOC-Horizon-Zero-Dawn-Broadhead-5-60x60.jpg 60w, https:\/\/mouldking.store\/wp-content\/uploads\/2022\/11\/MOC-Horizon-Zero-Dawn-Broadhead-5-90x90.jpg 90w\" sizes=\"(max-width: 1000px) 100vw, 1000px\" \/><figcaption id=\"caption-attachment-36081\" class=\"wp-caption-text\">MOC-89547 Horizon Zero Dawn Broadhead mit 189 St\u00fcck<\/figcaption><\/figure>\n<figure id=\"attachment_36082\" aria-describedby=\"caption-attachment-36082\" style=\"width: 1000px\" class=\"wp-caption aligncenter\"><img loading=\"lazy\" decoding=\"async\" class=\"wp-image-36082 size-full\" src=\"https:\/\/mouldking.store\/wp-content\/uploads\/2022\/11\/MOC-Horizon-Zero-Dawn-Broadhead-4.jpg\" alt=\"MOC-89547 Horizon Zero Dawn Broadhead With 189 Pieces\" width=\"1000\" height=\"1000\" title=\"-\" srcset=\"https:\/\/mouldking.store\/wp-content\/uploads\/2022\/11\/MOC-Horizon-Zero-Dawn-Broadhead-4.jpg 1000w, https:\/\/mouldking.store\/wp-content\/uploads\/2022\/11\/MOC-Horizon-Zero-Dawn-Broadhead-4-300x300.jpg 300w, https:\/\/mouldking.store\/wp-content\/uploads\/2022\/11\/MOC-Horizon-Zero-Dawn-Broadhead-4-768x768.jpg 768w, https:\/\/mouldking.store\/wp-content\/uploads\/2022\/11\/MOC-Horizon-Zero-Dawn-Broadhead-4-600x600.jpg 600w, https:\/\/mouldking.store\/wp-content\/uploads\/2022\/11\/MOC-Horizon-Zero-Dawn-Broadhead-4-150x150.jpg 150w, https:\/\/mouldking.store\/wp-content\/uploads\/2022\/11\/MOC-Horizon-Zero-Dawn-Broadhead-4-60x60.jpg 60w, https:\/\/mouldking.store\/wp-content\/uploads\/2022\/11\/MOC-Horizon-Zero-Dawn-Broadhead-4-90x90.jpg 90w\" sizes=\"(max-width: 1000px) 100vw, 1000px\" \/><figcaption id=\"caption-attachment-36082\" class=\"wp-caption-text\">MOC-89547 Horizon Zero Dawn Broadhead mit 189 St\u00fcck<\/figcaption><\/figure>\n<figure id=\"attachment_36083\" aria-describedby=\"caption-attachment-36083\" style=\"width: 1000px\" class=\"wp-caption aligncenter\"><img loading=\"lazy\" decoding=\"async\" class=\"wp-image-36083 size-full\" src=\"https:\/\/mouldking.store\/wp-content\/uploads\/2022\/11\/MOC-Horizon-Zero-Dawn-Broadhead-3.jpg\" alt=\"MOC-89547 Horizon Zero Dawn Broadhead With 189 Pieces\" width=\"1000\" height=\"1000\" title=\"-\" srcset=\"https:\/\/mouldking.store\/wp-content\/uploads\/2022\/11\/MOC-Horizon-Zero-Dawn-Broadhead-3.jpg 1000w, https:\/\/mouldking.store\/wp-content\/uploads\/2022\/11\/MOC-Horizon-Zero-Dawn-Broadhead-3-300x300.jpg 300w, https:\/\/mouldking.store\/wp-content\/uploads\/2022\/11\/MOC-Horizon-Zero-Dawn-Broadhead-3-768x768.jpg 768w, https:\/\/mouldking.store\/wp-content\/uploads\/2022\/11\/MOC-Horizon-Zero-Dawn-Broadhead-3-600x600.jpg 600w, https:\/\/mouldking.store\/wp-content\/uploads\/2022\/11\/MOC-Horizon-Zero-Dawn-Broadhead-3-150x150.jpg 150w, https:\/\/mouldking.store\/wp-content\/uploads\/2022\/11\/MOC-Horizon-Zero-Dawn-Broadhead-3-60x60.jpg 60w, https:\/\/mouldking.store\/wp-content\/uploads\/2022\/11\/MOC-Horizon-Zero-Dawn-Broadhead-3-90x90.jpg 90w\" sizes=\"(max-width: 1000px) 100vw, 1000px\" \/><figcaption id=\"caption-attachment-36083\" class=\"wp-caption-text\">MOC-89547 Horizon Zero Dawn Broadhead mit 189 St\u00fcck<\/figcaption><\/figure>\n<figure id=\"attachment_36084\" aria-describedby=\"caption-attachment-36084\" style=\"width: 1000px\" class=\"wp-caption aligncenter\"><img loading=\"lazy\" decoding=\"async\" class=\"wp-image-36084 size-full\" src=\"https:\/\/mouldking.store\/wp-content\/uploads\/2022\/11\/MOC-Horizon-Zero-Dawn-Broadhead-2.jpg\" alt=\"MOC-89547 Horizon Zero Dawn Broadhead With 189 Pieces\" width=\"1000\" height=\"1000\" title=\"-\" srcset=\"https:\/\/mouldking.store\/wp-content\/uploads\/2022\/11\/MOC-Horizon-Zero-Dawn-Broadhead-2.jpg 1000w, https:\/\/mouldking.store\/wp-content\/uploads\/2022\/11\/MOC-Horizon-Zero-Dawn-Broadhead-2-300x300.jpg 300w, https:\/\/mouldking.store\/wp-content\/uploads\/2022\/11\/MOC-Horizon-Zero-Dawn-Broadhead-2-768x768.jpg 768w, https:\/\/mouldking.store\/wp-content\/uploads\/2022\/11\/MOC-Horizon-Zero-Dawn-Broadhead-2-600x600.jpg 600w, https:\/\/mouldking.store\/wp-content\/uploads\/2022\/11\/MOC-Horizon-Zero-Dawn-Broadhead-2-150x150.jpg 150w, https:\/\/mouldking.store\/wp-content\/uploads\/2022\/11\/MOC-Horizon-Zero-Dawn-Broadhead-2-60x60.jpg 60w, https:\/\/mouldking.store\/wp-content\/uploads\/2022\/11\/MOC-Horizon-Zero-Dawn-Broadhead-2-90x90.jpg 90w\" sizes=\"(max-width: 1000px) 100vw, 1000px\" \/><figcaption id=\"caption-attachment-36084\" class=\"wp-caption-text\">MOC-89547 Horizon Zero Dawn Broadhead mit 189 St\u00fcck<\/figcaption><\/figure>\n<figure id=\"attachment_36085\" aria-describedby=\"caption-attachment-36085\" style=\"width: 1000px\" class=\"wp-caption aligncenter\"><img loading=\"lazy\" decoding=\"async\" class=\"wp-image-36085 size-full\" src=\"https:\/\/mouldking.store\/wp-content\/uploads\/2022\/11\/MOC-Horizon-Zero-Dawn-Broadhead-1.jpg\" alt=\"MOC-89547 Horizon Zero Dawn Broadhead With 189 Pieces\" width=\"1000\" height=\"1000\" title=\"-\" srcset=\"https:\/\/mouldking.store\/wp-content\/uploads\/2022\/11\/MOC-Horizon-Zero-Dawn-Broadhead-1.jpg 1000w, https:\/\/mouldking.store\/wp-content\/uploads\/2022\/11\/MOC-Horizon-Zero-Dawn-Broadhead-1-300x300.jpg 300w, https:\/\/mouldking.store\/wp-content\/uploads\/2022\/11\/MOC-Horizon-Zero-Dawn-Broadhead-1-768x768.jpg 768w, https:\/\/mouldking.store\/wp-content\/uploads\/2022\/11\/MOC-Horizon-Zero-Dawn-Broadhead-1-600x600.jpg 600w, https:\/\/mouldking.store\/wp-content\/uploads\/2022\/11\/MOC-Horizon-Zero-Dawn-Broadhead-1-150x150.jpg 150w, https:\/\/mouldking.store\/wp-content\/uploads\/2022\/11\/MOC-Horizon-Zero-Dawn-Broadhead-1-60x60.jpg 60w, https:\/\/mouldking.store\/wp-content\/uploads\/2022\/11\/MOC-Horizon-Zero-Dawn-Broadhead-1-90x90.jpg 90w\" sizes=\"(max-width: 1000px) 100vw, 1000px\" \/><figcaption id=\"caption-attachment-36085\" class=\"wp-caption-text\">MOC-89547 Horizon Zero Dawn Broadhead mit 189 St\u00fcck<\/figcaption><\/figure>","protected":false},"excerpt":{"rendered":"<p>Product information: Brand: MOC Gender: Unisex Name: Horizon Zero Dawn Broadhead Age Range: &gt; 6 years old Model Number: 89547 Classification: Assemblage Plastic Block Shape: Self-Locking Bricks Material: Plastic Plastic Type: ABS Bricks Blocks:189 PCS Size: 10.6 x 7.3x 9.5 cm Weight:0.05 kg Contains detailed assembly instructions. Notice: 1. Without an original box, but we [&hellip;]<\/p>","protected":false},"featured_media":36078,"comment_status":"closed","ping_status":"closed","template":"","meta":{"_acf_changed":false},"product_cat":[1406,581],"product_tag":[5809,8168,5807,8167,8170,8166,8169],"class_list":["product","first","instock","shipping-taxable","purchasable","product-type-simple"],"acf":[],"_links":{"self":[{"href":"https:\/\/mouldking.store\/de\/wp-json\/wp\/v2\/product\/36077","targetHints":{"allow":["GET"]}}],"collection":[{"href":"https:\/\/mouldking.store\/de\/wp-json\/wp\/v2\/product"}],"about":[{"href":"https:\/\/mouldking.store\/de\/wp-json\/wp\/v2\/types\/product"}],"replies":[{"embeddable":true,"href":"https:\/\/mouldking.store\/de\/wp-json\/wp\/v2\/comments?post=36077"}],"wp:featuredmedia":[{"embeddable":true,"href":"https:\/\/mouldking.store\/de\/wp-json\/wp\/v2\/media\/36078"}],"wp:attachment":[{"href":"https:\/\/mouldking.store\/de\/wp-json\/wp\/v2\/media?parent=36077"}],"wp:term":[{"taxonomy":"product_cat","embeddable":true,"href":"https:\/\/mouldking.store\/de\/wp-json\/wp\/v2\/product_cat?post=36077"},{"taxonomy":"product_tag","embeddable":true,"href":"https:\/\/mouldking.store\/de\/wp-json\/wp\/v2\/product_tag?post=36077"}],"curies":[{"name":"wp","href":"https:\/\/api.w.org\/{rel}","templated":true}]}}