{"id":36188,"date":"2022-11-25T11:29:54","date_gmt":"2022-11-25T04:29:54","guid":{"rendered":"https:\/\/mouldking.store\/?post_type=product&#038;p=36188"},"modified":"2022-11-25T11:29:54","modified_gmt":"2022-11-25T04:29:54","slug":"sluban-m38-b0853-world-war-ii-d-day-willys-jeep-with-143-pieces","status":"publish","type":"product","link":"https:\/\/mouldking.store\/de\/shop\/sluban-m38-b0853-world-war-ii-d-day-willys-jeep-with-143-pieces\/","title":{"rendered":"SLUBAN M38-B0853 D-Day des Zweiten Weltkriegs: Willys Jeep mit 143 Teilen"},"content":{"rendered":"<p>Produktinformation:<\/p>\n<ol>\n<li>Marke: SLUBAN<\/li>\n<li>Geschlecht: Unisex<\/li>\n<li>Name: World War II D-Day: Willys Jeep<\/li>\n<li>Altersspanne: &gt; 6 Jahre alt<\/li>\n<li>Model Number: M38-B0853<\/li>\n<li>Einstufung: Assemblage<\/li>\n<li>Kunststoffblockform: Selbstsichernde Steine<\/li>\n<li>Material: Kunststoff<\/li>\n<li>Kunststofftyp: ABS<\/li>\n<li>Bricks Blocks:143 PCS<\/li>\n<li>Size: \u00a025.2 cm<\/li>\n<li>Enth\u00e4lt eine ausf\u00fchrliche Montageanleitung.<\/li>\n<\/ol>\n<p>Notiz:<br \/>\n1. Ohne Originalverpackung, aber wir garantieren, dass unsere Produkte eine Qualit\u00e4tssicherung und eine sch\u00f6ne Verpackung haben.<br \/>\n2. Wie alle Teile, die wir vor dem Versand \u00fcberpr\u00fcft haben, machen Sie sich keine Sorgen, wenn Sie feststellen, dass einige Teile fehlen oder besch\u00e4digt sind, und kontaktieren Sie uns einfach, und wir k\u00f6nnen sie Ihnen umgehend kostenlos erneut zusenden.<\/p>\n<figure id=\"attachment_36189\" aria-describedby=\"caption-attachment-36189\" style=\"width: 800px\" class=\"wp-caption aligncenter\"><img fetchpriority=\"high\" decoding=\"async\" class=\"wp-image-36189 size-full\" src=\"https:\/\/mouldking.store\/wp-content\/uploads\/2022\/11\/SLUBAN-M38-B0853-Willys-Jeep-4.jpg\" alt=\"SLUBAN M38-B0853 World War II D-Day: Willys Jeep With 143 Pieces\" width=\"800\" height=\"800\" title=\"-\" srcset=\"https:\/\/mouldking.store\/wp-content\/uploads\/2022\/11\/SLUBAN-M38-B0853-Willys-Jeep-4.jpg 800w, https:\/\/mouldking.store\/wp-content\/uploads\/2022\/11\/SLUBAN-M38-B0853-Willys-Jeep-4-300x300.jpg 300w, https:\/\/mouldking.store\/wp-content\/uploads\/2022\/11\/SLUBAN-M38-B0853-Willys-Jeep-4-768x768.jpg 768w, https:\/\/mouldking.store\/wp-content\/uploads\/2022\/11\/SLUBAN-M38-B0853-Willys-Jeep-4-600x600.jpg 600w, https:\/\/mouldking.store\/wp-content\/uploads\/2022\/11\/SLUBAN-M38-B0853-Willys-Jeep-4-150x150.jpg 150w, https:\/\/mouldking.store\/wp-content\/uploads\/2022\/11\/SLUBAN-M38-B0853-Willys-Jeep-4-60x60.jpg 60w, https:\/\/mouldking.store\/wp-content\/uploads\/2022\/11\/SLUBAN-M38-B0853-Willys-Jeep-4-90x90.jpg 90w\" sizes=\"(max-width: 800px) 100vw, 800px\" \/><figcaption id=\"caption-attachment-36189\" class=\"wp-caption-text\">SLUBAN M38-B0853 D-Day des Zweiten Weltkriegs: Willys Jeep mit 143 Teilen<\/figcaption><\/figure>\n<figure id=\"attachment_36190\" aria-describedby=\"caption-attachment-36190\" style=\"width: 800px\" class=\"wp-caption aligncenter\"><img decoding=\"async\" class=\"wp-image-36190 size-full\" src=\"https:\/\/mouldking.store\/wp-content\/uploads\/2022\/11\/SLUBAN-M38-B0853-Willys-Jeep-3.jpg\" alt=\"SLUBAN M38-B0853 World War II D-Day: Willys Jeep With 143 Pieces\" width=\"800\" height=\"800\" title=\"-\" srcset=\"https:\/\/mouldking.store\/wp-content\/uploads\/2022\/11\/SLUBAN-M38-B0853-Willys-Jeep-3.jpg 800w, https:\/\/mouldking.store\/wp-content\/uploads\/2022\/11\/SLUBAN-M38-B0853-Willys-Jeep-3-300x300.jpg 300w, https:\/\/mouldking.store\/wp-content\/uploads\/2022\/11\/SLUBAN-M38-B0853-Willys-Jeep-3-768x768.jpg 768w, https:\/\/mouldking.store\/wp-content\/uploads\/2022\/11\/SLUBAN-M38-B0853-Willys-Jeep-3-600x600.jpg 600w, https:\/\/mouldking.store\/wp-content\/uploads\/2022\/11\/SLUBAN-M38-B0853-Willys-Jeep-3-150x150.jpg 150w, https:\/\/mouldking.store\/wp-content\/uploads\/2022\/11\/SLUBAN-M38-B0853-Willys-Jeep-3-60x60.jpg 60w, https:\/\/mouldking.store\/wp-content\/uploads\/2022\/11\/SLUBAN-M38-B0853-Willys-Jeep-3-90x90.jpg 90w\" sizes=\"(max-width: 800px) 100vw, 800px\" \/><figcaption id=\"caption-attachment-36190\" class=\"wp-caption-text\">SLUBAN M38-B0853 D-Day des Zweiten Weltkriegs: Willys Jeep mit 143 Teilen<\/figcaption><\/figure>\n<figure id=\"attachment_36191\" aria-describedby=\"caption-attachment-36191\" style=\"width: 748px\" class=\"wp-caption aligncenter\"><img decoding=\"async\" class=\"wp-image-36191 size-full\" src=\"https:\/\/mouldking.store\/wp-content\/uploads\/2022\/11\/SLUBAN-M38-B0853-Willys-Jeep-2.jpg\" alt=\"SLUBAN M38-B0853 World War II D-Day: Willys Jeep With 143 Pieces\" width=\"748\" height=\"644\" title=\"-\" srcset=\"https:\/\/mouldking.store\/wp-content\/uploads\/2022\/11\/SLUBAN-M38-B0853-Willys-Jeep-2.jpg 748w, https:\/\/mouldking.store\/wp-content\/uploads\/2022\/11\/SLUBAN-M38-B0853-Willys-Jeep-2-300x258.jpg 300w, https:\/\/mouldking.store\/wp-content\/uploads\/2022\/11\/SLUBAN-M38-B0853-Willys-Jeep-2-600x517.jpg 600w, https:\/\/mouldking.store\/wp-content\/uploads\/2022\/11\/SLUBAN-M38-B0853-Willys-Jeep-2-150x129.jpg 150w, https:\/\/mouldking.store\/wp-content\/uploads\/2022\/11\/SLUBAN-M38-B0853-Willys-Jeep-2-70x60.jpg 70w, https:\/\/mouldking.store\/wp-content\/uploads\/2022\/11\/SLUBAN-M38-B0853-Willys-Jeep-2-105x90.jpg 105w\" sizes=\"(max-width: 748px) 100vw, 748px\" \/><figcaption id=\"caption-attachment-36191\" class=\"wp-caption-text\">SLUBAN M38-B0853 D-Day des Zweiten Weltkriegs: Willys Jeep mit 143 Teilen<\/figcaption><\/figure>\n<figure id=\"attachment_36192\" aria-describedby=\"caption-attachment-36192\" style=\"width: 748px\" class=\"wp-caption aligncenter\"><img loading=\"lazy\" decoding=\"async\" class=\"wp-image-36192 size-full\" src=\"https:\/\/mouldking.store\/wp-content\/uploads\/2022\/11\/SLUBAN-M38-B0853-Willys-Jeep-1.jpg\" alt=\"SLUBAN M38-B0853 World War II D-Day: Willys Jeep With 143 Pieces\" width=\"748\" height=\"584\" title=\"-\" srcset=\"https:\/\/mouldking.store\/wp-content\/uploads\/2022\/11\/SLUBAN-M38-B0853-Willys-Jeep-1.jpg 748w, https:\/\/mouldking.store\/wp-content\/uploads\/2022\/11\/SLUBAN-M38-B0853-Willys-Jeep-1-300x234.jpg 300w, https:\/\/mouldking.store\/wp-content\/uploads\/2022\/11\/SLUBAN-M38-B0853-Willys-Jeep-1-600x468.jpg 600w, https:\/\/mouldking.store\/wp-content\/uploads\/2022\/11\/SLUBAN-M38-B0853-Willys-Jeep-1-150x117.jpg 150w, https:\/\/mouldking.store\/wp-content\/uploads\/2022\/11\/SLUBAN-M38-B0853-Willys-Jeep-1-77x60.jpg 77w, https:\/\/mouldking.store\/wp-content\/uploads\/2022\/11\/SLUBAN-M38-B0853-Willys-Jeep-1-115x90.jpg 115w\" sizes=\"(max-width: 748px) 100vw, 748px\" \/><figcaption id=\"caption-attachment-36192\" class=\"wp-caption-text\">SLUBAN M38-B0853 D-Day des Zweiten Weltkriegs: Willys Jeep mit 143 Teilen<\/figcaption><\/figure>","protected":false},"excerpt":{"rendered":"<p>Keine Minifiguren<\/p>","protected":false},"featured_media":36189,"comment_status":"closed","ping_status":"closed","template":"","meta":{"_acf_changed":false},"product_cat":[1350],"product_tag":[8236,8234,7517,8239,8240,8233,8237,8235,8238],"class_list":["product","first","instock","shipping-taxable","purchasable","product-type-simple"],"acf":[],"_links":{"self":[{"href":"https:\/\/mouldking.store\/de\/wp-json\/wp\/v2\/product\/36188","targetHints":{"allow":["GET"]}}],"collection":[{"href":"https:\/\/mouldking.store\/de\/wp-json\/wp\/v2\/product"}],"about":[{"href":"https:\/\/mouldking.store\/de\/wp-json\/wp\/v2\/types\/product"}],"replies":[{"embeddable":true,"href":"https:\/\/mouldking.store\/de\/wp-json\/wp\/v2\/comments?post=36188"}],"wp:featuredmedia":[{"embeddable":true,"href":"https:\/\/mouldking.store\/de\/wp-json\/wp\/v2\/media\/36189"}],"wp:attachment":[{"href":"https:\/\/mouldking.store\/de\/wp-json\/wp\/v2\/media?parent=36188"}],"wp:term":[{"taxonomy":"product_cat","embeddable":true,"href":"https:\/\/mouldking.store\/de\/wp-json\/wp\/v2\/product_cat?post=36188"},{"taxonomy":"product_tag","embeddable":true,"href":"https:\/\/mouldking.store\/de\/wp-json\/wp\/v2\/product_tag?post=36188"}],"curies":[{"name":"wp","href":"https:\/\/api.w.org\/{rel}","templated":true}]}}