{"id":36193,"date":"2022-11-25T11:43:15","date_gmt":"2022-11-25T04:43:15","guid":{"rendered":"https:\/\/mouldking.store\/?post_type=product&#038;p=36193"},"modified":"2022-11-25T11:43:16","modified_gmt":"2022-11-25T04:43:16","slug":"panlos-632015-tiger-heavy-tank-with-1776-pieces","status":"publish","type":"product","link":"https:\/\/mouldking.store\/de\/shop\/panlos-632015-tiger-heavy-tank-with-1776-pieces\/","title":{"rendered":"PANLOS 632015 Tiger Schwerer Panzer mit 1776 Teilen"},"content":{"rendered":"<p>Produktinformation:<\/p>\n<ol>\n<li>Marke: PANLOS<\/li>\n<li>Geschlecht: Unisex<\/li>\n<li>Name: Tiger Heavy Tank<\/li>\n<li>Altersspanne: &gt; 6 Jahre alt<\/li>\n<li>Model Number: 632015<\/li>\n<li>Einstufung: Assemblage<\/li>\n<li>Kunststoffblockform: Selbstsichernde Steine<\/li>\n<li>Material: Kunststoff<\/li>\n<li>Kunststofftyp: ABS<\/li>\n<li>Bricks Blocks:1776 PCS<\/li>\n<li>Size: 33 \u00d7 13 \u00d7 12 cm<\/li>\n<li>Keine Minifiguren<\/li>\n<li>Enth\u00e4lt eine ausf\u00fchrliche Montageanleitung.<\/li>\n<\/ol>\n<p>Notiz:<br \/>\n1. Ohne Originalverpackung, aber wir garantieren, dass unsere Produkte eine Qualit\u00e4tssicherung und eine sch\u00f6ne Verpackung haben.<br \/>\n2. Wie alle Teile, die wir vor dem Versand \u00fcberpr\u00fcft haben, machen Sie sich keine Sorgen, wenn Sie feststellen, dass einige Teile fehlen oder besch\u00e4digt sind, und kontaktieren Sie uns einfach, und wir k\u00f6nnen sie Ihnen umgehend kostenlos erneut zusenden.<\/p>\n<figure id=\"attachment_36195\" aria-describedby=\"caption-attachment-36195\" style=\"width: 800px\" class=\"wp-caption aligncenter\"><img fetchpriority=\"high\" decoding=\"async\" class=\"wp-image-36195 size-full\" src=\"https:\/\/mouldking.store\/wp-content\/uploads\/2022\/11\/PANLOS-632015-Tiger-Heavy-Tank-11.jpg\" alt=\"PANLOS 632015 Tiger Heavy Tank With 1776 Pieces\" width=\"800\" height=\"800\" title=\"-\" srcset=\"https:\/\/mouldking.store\/wp-content\/uploads\/2022\/11\/PANLOS-632015-Tiger-Heavy-Tank-11.jpg 800w, https:\/\/mouldking.store\/wp-content\/uploads\/2022\/11\/PANLOS-632015-Tiger-Heavy-Tank-11-300x300.jpg 300w, https:\/\/mouldking.store\/wp-content\/uploads\/2022\/11\/PANLOS-632015-Tiger-Heavy-Tank-11-768x768.jpg 768w, https:\/\/mouldking.store\/wp-content\/uploads\/2022\/11\/PANLOS-632015-Tiger-Heavy-Tank-11-600x600.jpg 600w, https:\/\/mouldking.store\/wp-content\/uploads\/2022\/11\/PANLOS-632015-Tiger-Heavy-Tank-11-150x150.jpg 150w, https:\/\/mouldking.store\/wp-content\/uploads\/2022\/11\/PANLOS-632015-Tiger-Heavy-Tank-11-60x60.jpg 60w, https:\/\/mouldking.store\/wp-content\/uploads\/2022\/11\/PANLOS-632015-Tiger-Heavy-Tank-11-90x90.jpg 90w\" sizes=\"(max-width: 800px) 100vw, 800px\" \/><figcaption id=\"caption-attachment-36195\" class=\"wp-caption-text\">PANLOS 632015 Tiger Schwerer Panzer mit 1776 Teilen<\/figcaption><\/figure>\n<figure id=\"attachment_36196\" aria-describedby=\"caption-attachment-36196\" style=\"width: 800px\" class=\"wp-caption aligncenter\"><img decoding=\"async\" class=\"wp-image-36196 size-full\" src=\"https:\/\/mouldking.store\/wp-content\/uploads\/2022\/11\/PANLOS-632015-Tiger-Heavy-Tank-10.jpg\" alt=\"PANLOS 632015 Tiger Heavy Tank With 1776 Pieces\" width=\"800\" height=\"800\" title=\"-\" srcset=\"https:\/\/mouldking.store\/wp-content\/uploads\/2022\/11\/PANLOS-632015-Tiger-Heavy-Tank-10.jpg 800w, https:\/\/mouldking.store\/wp-content\/uploads\/2022\/11\/PANLOS-632015-Tiger-Heavy-Tank-10-300x300.jpg 300w, https:\/\/mouldking.store\/wp-content\/uploads\/2022\/11\/PANLOS-632015-Tiger-Heavy-Tank-10-768x768.jpg 768w, https:\/\/mouldking.store\/wp-content\/uploads\/2022\/11\/PANLOS-632015-Tiger-Heavy-Tank-10-600x600.jpg 600w, https:\/\/mouldking.store\/wp-content\/uploads\/2022\/11\/PANLOS-632015-Tiger-Heavy-Tank-10-150x150.jpg 150w, https:\/\/mouldking.store\/wp-content\/uploads\/2022\/11\/PANLOS-632015-Tiger-Heavy-Tank-10-60x60.jpg 60w, https:\/\/mouldking.store\/wp-content\/uploads\/2022\/11\/PANLOS-632015-Tiger-Heavy-Tank-10-90x90.jpg 90w\" sizes=\"(max-width: 800px) 100vw, 800px\" \/><figcaption id=\"caption-attachment-36196\" class=\"wp-caption-text\">PANLOS 632015 Tiger Schwerer Panzer mit 1776 Teilen<\/figcaption><\/figure>\n<figure id=\"attachment_36197\" aria-describedby=\"caption-attachment-36197\" style=\"width: 800px\" class=\"wp-caption aligncenter\"><img decoding=\"async\" class=\"wp-image-36197 size-full\" src=\"https:\/\/mouldking.store\/wp-content\/uploads\/2022\/11\/PANLOS-632015-Tiger-Heavy-Tank-9.jpg\" alt=\"PANLOS 632015 Tiger Heavy Tank With 1776 Pieces\" width=\"800\" height=\"800\" title=\"-\" srcset=\"https:\/\/mouldking.store\/wp-content\/uploads\/2022\/11\/PANLOS-632015-Tiger-Heavy-Tank-9.jpg 800w, https:\/\/mouldking.store\/wp-content\/uploads\/2022\/11\/PANLOS-632015-Tiger-Heavy-Tank-9-300x300.jpg 300w, https:\/\/mouldking.store\/wp-content\/uploads\/2022\/11\/PANLOS-632015-Tiger-Heavy-Tank-9-768x768.jpg 768w, https:\/\/mouldking.store\/wp-content\/uploads\/2022\/11\/PANLOS-632015-Tiger-Heavy-Tank-9-600x600.jpg 600w, https:\/\/mouldking.store\/wp-content\/uploads\/2022\/11\/PANLOS-632015-Tiger-Heavy-Tank-9-150x150.jpg 150w, https:\/\/mouldking.store\/wp-content\/uploads\/2022\/11\/PANLOS-632015-Tiger-Heavy-Tank-9-60x60.jpg 60w, https:\/\/mouldking.store\/wp-content\/uploads\/2022\/11\/PANLOS-632015-Tiger-Heavy-Tank-9-90x90.jpg 90w\" sizes=\"(max-width: 800px) 100vw, 800px\" \/><figcaption id=\"caption-attachment-36197\" class=\"wp-caption-text\">PANLOS 632015 Tiger Schwerer Panzer mit 1776 Teilen<\/figcaption><\/figure>\n<figure id=\"attachment_36198\" aria-describedby=\"caption-attachment-36198\" style=\"width: 661px\" class=\"wp-caption aligncenter\"><img loading=\"lazy\" decoding=\"async\" class=\"wp-image-36198 size-full\" src=\"https:\/\/mouldking.store\/wp-content\/uploads\/2022\/11\/PANLOS-632015-Tiger-Heavy-Tank-8.jpg\" alt=\"PANLOS 632015 Tiger Heavy Tank With 1776 Pieces\" width=\"661\" height=\"1024\" title=\"-\" srcset=\"https:\/\/mouldking.store\/wp-content\/uploads\/2022\/11\/PANLOS-632015-Tiger-Heavy-Tank-8.jpg 661w, https:\/\/mouldking.store\/wp-content\/uploads\/2022\/11\/PANLOS-632015-Tiger-Heavy-Tank-8-194x300.jpg 194w, https:\/\/mouldking.store\/wp-content\/uploads\/2022\/11\/PANLOS-632015-Tiger-Heavy-Tank-8-300x465.jpg 300w, https:\/\/mouldking.store\/wp-content\/uploads\/2022\/11\/PANLOS-632015-Tiger-Heavy-Tank-8-600x930.jpg 600w, https:\/\/mouldking.store\/wp-content\/uploads\/2022\/11\/PANLOS-632015-Tiger-Heavy-Tank-8-97x150.jpg 97w, https:\/\/mouldking.store\/wp-content\/uploads\/2022\/11\/PANLOS-632015-Tiger-Heavy-Tank-8-39x60.jpg 39w, https:\/\/mouldking.store\/wp-content\/uploads\/2022\/11\/PANLOS-632015-Tiger-Heavy-Tank-8-58x90.jpg 58w\" sizes=\"(max-width: 661px) 100vw, 661px\" \/><figcaption id=\"caption-attachment-36198\" class=\"wp-caption-text\">PANLOS 632015 Tiger Schwerer Panzer mit 1776 Teilen<\/figcaption><\/figure>\n<figure id=\"attachment_36199\" aria-describedby=\"caption-attachment-36199\" style=\"width: 927px\" class=\"wp-caption aligncenter\"><img loading=\"lazy\" decoding=\"async\" class=\"wp-image-36199 size-full\" src=\"https:\/\/mouldking.store\/wp-content\/uploads\/2022\/11\/PANLOS-632015-Tiger-Heavy-Tank-7.jpg\" alt=\"PANLOS 632015 Tiger Heavy Tank With 1776 Pieces\" width=\"927\" height=\"1024\" title=\"-\" srcset=\"https:\/\/mouldking.store\/wp-content\/uploads\/2022\/11\/PANLOS-632015-Tiger-Heavy-Tank-7.jpg 927w, https:\/\/mouldking.store\/wp-content\/uploads\/2022\/11\/PANLOS-632015-Tiger-Heavy-Tank-7-272x300.jpg 272w, https:\/\/mouldking.store\/wp-content\/uploads\/2022\/11\/PANLOS-632015-Tiger-Heavy-Tank-7-768x848.jpg 768w, https:\/\/mouldking.store\/wp-content\/uploads\/2022\/11\/PANLOS-632015-Tiger-Heavy-Tank-7-300x331.jpg 300w, https:\/\/mouldking.store\/wp-content\/uploads\/2022\/11\/PANLOS-632015-Tiger-Heavy-Tank-7-600x663.jpg 600w, https:\/\/mouldking.store\/wp-content\/uploads\/2022\/11\/PANLOS-632015-Tiger-Heavy-Tank-7-136x150.jpg 136w, https:\/\/mouldking.store\/wp-content\/uploads\/2022\/11\/PANLOS-632015-Tiger-Heavy-Tank-7-54x60.jpg 54w, https:\/\/mouldking.store\/wp-content\/uploads\/2022\/11\/PANLOS-632015-Tiger-Heavy-Tank-7-81x90.jpg 81w\" sizes=\"(max-width: 927px) 100vw, 927px\" \/><figcaption id=\"caption-attachment-36199\" class=\"wp-caption-text\">PANLOS 632015 Tiger Schwerer Panzer mit 1776 Teilen<\/figcaption><\/figure>\n<figure id=\"attachment_36200\" aria-describedby=\"caption-attachment-36200\" style=\"width: 800px\" class=\"wp-caption aligncenter\"><img loading=\"lazy\" decoding=\"async\" class=\"wp-image-36200 size-full\" src=\"https:\/\/mouldking.store\/wp-content\/uploads\/2022\/11\/PANLOS-632015-Tiger-Heavy-Tank-6.jpg\" alt=\"PANLOS 632015 Tiger Heavy Tank With 1776 Pieces\" width=\"800\" height=\"800\" title=\"-\" srcset=\"https:\/\/mouldking.store\/wp-content\/uploads\/2022\/11\/PANLOS-632015-Tiger-Heavy-Tank-6.jpg 800w, https:\/\/mouldking.store\/wp-content\/uploads\/2022\/11\/PANLOS-632015-Tiger-Heavy-Tank-6-300x300.jpg 300w, https:\/\/mouldking.store\/wp-content\/uploads\/2022\/11\/PANLOS-632015-Tiger-Heavy-Tank-6-768x768.jpg 768w, https:\/\/mouldking.store\/wp-content\/uploads\/2022\/11\/PANLOS-632015-Tiger-Heavy-Tank-6-600x600.jpg 600w, https:\/\/mouldking.store\/wp-content\/uploads\/2022\/11\/PANLOS-632015-Tiger-Heavy-Tank-6-150x150.jpg 150w, https:\/\/mouldking.store\/wp-content\/uploads\/2022\/11\/PANLOS-632015-Tiger-Heavy-Tank-6-60x60.jpg 60w, https:\/\/mouldking.store\/wp-content\/uploads\/2022\/11\/PANLOS-632015-Tiger-Heavy-Tank-6-90x90.jpg 90w\" sizes=\"(max-width: 800px) 100vw, 800px\" \/><figcaption id=\"caption-attachment-36200\" class=\"wp-caption-text\">PANLOS 632015 Tiger Schwerer Panzer mit 1776 Teilen<\/figcaption><\/figure>\n<figure id=\"attachment_36201\" aria-describedby=\"caption-attachment-36201\" style=\"width: 800px\" class=\"wp-caption aligncenter\"><img loading=\"lazy\" decoding=\"async\" class=\"wp-image-36201 size-full\" src=\"https:\/\/mouldking.store\/wp-content\/uploads\/2022\/11\/PANLOS-632015-Tiger-Heavy-Tank-5.jpg\" alt=\"PANLOS 632015 Tiger Heavy Tank With 1776 Pieces\" width=\"800\" height=\"800\" title=\"-\" srcset=\"https:\/\/mouldking.store\/wp-content\/uploads\/2022\/11\/PANLOS-632015-Tiger-Heavy-Tank-5.jpg 800w, https:\/\/mouldking.store\/wp-content\/uploads\/2022\/11\/PANLOS-632015-Tiger-Heavy-Tank-5-300x300.jpg 300w, https:\/\/mouldking.store\/wp-content\/uploads\/2022\/11\/PANLOS-632015-Tiger-Heavy-Tank-5-768x768.jpg 768w, https:\/\/mouldking.store\/wp-content\/uploads\/2022\/11\/PANLOS-632015-Tiger-Heavy-Tank-5-600x600.jpg 600w, https:\/\/mouldking.store\/wp-content\/uploads\/2022\/11\/PANLOS-632015-Tiger-Heavy-Tank-5-150x150.jpg 150w, https:\/\/mouldking.store\/wp-content\/uploads\/2022\/11\/PANLOS-632015-Tiger-Heavy-Tank-5-60x60.jpg 60w, https:\/\/mouldking.store\/wp-content\/uploads\/2022\/11\/PANLOS-632015-Tiger-Heavy-Tank-5-90x90.jpg 90w\" sizes=\"(max-width: 800px) 100vw, 800px\" \/><figcaption id=\"caption-attachment-36201\" class=\"wp-caption-text\">PANLOS 632015 Tiger Schwerer Panzer mit 1776 Teilen<\/figcaption><\/figure>\n<figure id=\"attachment_36202\" aria-describedby=\"caption-attachment-36202\" style=\"width: 800px\" class=\"wp-caption aligncenter\"><img loading=\"lazy\" decoding=\"async\" class=\"wp-image-36202 size-full\" src=\"https:\/\/mouldking.store\/wp-content\/uploads\/2022\/11\/PANLOS-632015-Tiger-Heavy-Tank-4.jpg\" alt=\"PANLOS 632015 Tiger Heavy Tank With 1776 Pieces\" width=\"800\" height=\"800\" title=\"-\" srcset=\"https:\/\/mouldking.store\/wp-content\/uploads\/2022\/11\/PANLOS-632015-Tiger-Heavy-Tank-4.jpg 800w, https:\/\/mouldking.store\/wp-content\/uploads\/2022\/11\/PANLOS-632015-Tiger-Heavy-Tank-4-300x300.jpg 300w, https:\/\/mouldking.store\/wp-content\/uploads\/2022\/11\/PANLOS-632015-Tiger-Heavy-Tank-4-768x768.jpg 768w, https:\/\/mouldking.store\/wp-content\/uploads\/2022\/11\/PANLOS-632015-Tiger-Heavy-Tank-4-600x600.jpg 600w, https:\/\/mouldking.store\/wp-content\/uploads\/2022\/11\/PANLOS-632015-Tiger-Heavy-Tank-4-150x150.jpg 150w, https:\/\/mouldking.store\/wp-content\/uploads\/2022\/11\/PANLOS-632015-Tiger-Heavy-Tank-4-60x60.jpg 60w, https:\/\/mouldking.store\/wp-content\/uploads\/2022\/11\/PANLOS-632015-Tiger-Heavy-Tank-4-90x90.jpg 90w\" sizes=\"(max-width: 800px) 100vw, 800px\" \/><figcaption id=\"caption-attachment-36202\" class=\"wp-caption-text\">PANLOS 632015 Tiger Schwerer Panzer mit 1776 Teilen<\/figcaption><\/figure>\n<figure id=\"attachment_36203\" aria-describedby=\"caption-attachment-36203\" style=\"width: 800px\" class=\"wp-caption aligncenter\"><img loading=\"lazy\" decoding=\"async\" class=\"wp-image-36203 size-full\" src=\"https:\/\/mouldking.store\/wp-content\/uploads\/2022\/11\/PANLOS-632015-Tiger-Heavy-Tank-3.jpg\" alt=\"PANLOS 632015 Tiger Heavy Tank With 1776 Pieces\" width=\"800\" height=\"800\" title=\"-\" srcset=\"https:\/\/mouldking.store\/wp-content\/uploads\/2022\/11\/PANLOS-632015-Tiger-Heavy-Tank-3.jpg 800w, https:\/\/mouldking.store\/wp-content\/uploads\/2022\/11\/PANLOS-632015-Tiger-Heavy-Tank-3-300x300.jpg 300w, https:\/\/mouldking.store\/wp-content\/uploads\/2022\/11\/PANLOS-632015-Tiger-Heavy-Tank-3-768x768.jpg 768w, https:\/\/mouldking.store\/wp-content\/uploads\/2022\/11\/PANLOS-632015-Tiger-Heavy-Tank-3-600x600.jpg 600w, https:\/\/mouldking.store\/wp-content\/uploads\/2022\/11\/PANLOS-632015-Tiger-Heavy-Tank-3-150x150.jpg 150w, https:\/\/mouldking.store\/wp-content\/uploads\/2022\/11\/PANLOS-632015-Tiger-Heavy-Tank-3-60x60.jpg 60w, https:\/\/mouldking.store\/wp-content\/uploads\/2022\/11\/PANLOS-632015-Tiger-Heavy-Tank-3-90x90.jpg 90w\" sizes=\"(max-width: 800px) 100vw, 800px\" \/><figcaption id=\"caption-attachment-36203\" class=\"wp-caption-text\">PANLOS 632015 Tiger Schwerer Panzer mit 1776 Teilen<\/figcaption><\/figure>\n<figure id=\"attachment_36204\" aria-describedby=\"caption-attachment-36204\" style=\"width: 800px\" class=\"wp-caption aligncenter\"><img loading=\"lazy\" decoding=\"async\" class=\"wp-image-36204 size-full\" src=\"https:\/\/mouldking.store\/wp-content\/uploads\/2022\/11\/PANLOS-632015-Tiger-Heavy-Tank-2.jpg\" alt=\"PANLOS 632015 Tiger Heavy Tank With 1776 Pieces\" width=\"800\" height=\"800\" title=\"-\" srcset=\"https:\/\/mouldking.store\/wp-content\/uploads\/2022\/11\/PANLOS-632015-Tiger-Heavy-Tank-2.jpg 800w, https:\/\/mouldking.store\/wp-content\/uploads\/2022\/11\/PANLOS-632015-Tiger-Heavy-Tank-2-300x300.jpg 300w, https:\/\/mouldking.store\/wp-content\/uploads\/2022\/11\/PANLOS-632015-Tiger-Heavy-Tank-2-768x768.jpg 768w, https:\/\/mouldking.store\/wp-content\/uploads\/2022\/11\/PANLOS-632015-Tiger-Heavy-Tank-2-600x600.jpg 600w, https:\/\/mouldking.store\/wp-content\/uploads\/2022\/11\/PANLOS-632015-Tiger-Heavy-Tank-2-150x150.jpg 150w, https:\/\/mouldking.store\/wp-content\/uploads\/2022\/11\/PANLOS-632015-Tiger-Heavy-Tank-2-60x60.jpg 60w, https:\/\/mouldking.store\/wp-content\/uploads\/2022\/11\/PANLOS-632015-Tiger-Heavy-Tank-2-90x90.jpg 90w\" sizes=\"(max-width: 800px) 100vw, 800px\" \/><figcaption id=\"caption-attachment-36204\" class=\"wp-caption-text\">PANLOS 632015 Tiger Schwerer Panzer mit 1776 Teilen<\/figcaption><\/figure>\n<figure id=\"attachment_36205\" aria-describedby=\"caption-attachment-36205\" style=\"width: 800px\" class=\"wp-caption aligncenter\"><img loading=\"lazy\" decoding=\"async\" class=\"wp-image-36205 size-full\" src=\"https:\/\/mouldking.store\/wp-content\/uploads\/2022\/11\/PANLOS-632015-Tiger-Heavy-Tank-1-1.jpg\" alt=\"PANLOS 632015 Tiger Heavy Tank With 1776 Pieces\" width=\"800\" height=\"800\" title=\"-\" srcset=\"https:\/\/mouldking.store\/wp-content\/uploads\/2022\/11\/PANLOS-632015-Tiger-Heavy-Tank-1-1.jpg 800w, https:\/\/mouldking.store\/wp-content\/uploads\/2022\/11\/PANLOS-632015-Tiger-Heavy-Tank-1-1-300x300.jpg 300w, https:\/\/mouldking.store\/wp-content\/uploads\/2022\/11\/PANLOS-632015-Tiger-Heavy-Tank-1-1-768x768.jpg 768w, https:\/\/mouldking.store\/wp-content\/uploads\/2022\/11\/PANLOS-632015-Tiger-Heavy-Tank-1-1-600x600.jpg 600w, https:\/\/mouldking.store\/wp-content\/uploads\/2022\/11\/PANLOS-632015-Tiger-Heavy-Tank-1-1-150x150.jpg 150w, https:\/\/mouldking.store\/wp-content\/uploads\/2022\/11\/PANLOS-632015-Tiger-Heavy-Tank-1-1-60x60.jpg 60w, https:\/\/mouldking.store\/wp-content\/uploads\/2022\/11\/PANLOS-632015-Tiger-Heavy-Tank-1-1-90x90.jpg 90w\" sizes=\"(max-width: 800px) 100vw, 800px\" \/><figcaption id=\"caption-attachment-36205\" class=\"wp-caption-text\">PANLOS 632015 Tiger Schwerer Panzer mit 1776 Teilen<\/figcaption><\/figure>","protected":false},"excerpt":{"rendered":"<p>Product information: Brand: PANLOS Gender: Unisex Name: Tiger Heavy Tank Age Range: &gt; 6 years old Model Number: 632015 Classification: Assemblage Plastic Block Shape: Self-Locking Bricks Material: Plastic Plastic Type: ABS Bricks Blocks:1776 PCS Size: 33 \u00d7 13 \u00d7 12 cm No minifigures Contains detailed assembly instructions. Notice: 1. Without an original box, but we [&hellip;]<\/p>","protected":false},"featured_media":36195,"comment_status":"closed","ping_status":"closed","template":"","meta":{"_acf_changed":false},"product_cat":[1350],"product_tag":[8242,8243,5469,1851,8245,8246,8241,485,6482,8244],"class_list":["product","first","instock","shipping-taxable","purchasable","product-type-simple"],"acf":[],"_links":{"self":[{"href":"https:\/\/mouldking.store\/de\/wp-json\/wp\/v2\/product\/36193","targetHints":{"allow":["GET"]}}],"collection":[{"href":"https:\/\/mouldking.store\/de\/wp-json\/wp\/v2\/product"}],"about":[{"href":"https:\/\/mouldking.store\/de\/wp-json\/wp\/v2\/types\/product"}],"replies":[{"embeddable":true,"href":"https:\/\/mouldking.store\/de\/wp-json\/wp\/v2\/comments?post=36193"}],"wp:featuredmedia":[{"embeddable":true,"href":"https:\/\/mouldking.store\/de\/wp-json\/wp\/v2\/media\/36195"}],"wp:attachment":[{"href":"https:\/\/mouldking.store\/de\/wp-json\/wp\/v2\/media?parent=36193"}],"wp:term":[{"taxonomy":"product_cat","embeddable":true,"href":"https:\/\/mouldking.store\/de\/wp-json\/wp\/v2\/product_cat?post=36193"},{"taxonomy":"product_tag","embeddable":true,"href":"https:\/\/mouldking.store\/de\/wp-json\/wp\/v2\/product_tag?post=36193"}],"curies":[{"name":"wp","href":"https:\/\/api.w.org\/{rel}","templated":true}]}}