{"id":36225,"date":"2022-11-25T12:08:39","date_gmt":"2022-11-25T05:08:39","guid":{"rendered":"https:\/\/mouldking.store\/?post_type=product&#038;p=36225"},"modified":"2022-11-25T12:08:39","modified_gmt":"2022-11-25T05:08:39","slug":"qizhile-23013-ford-gt-with-3038-pieces","status":"publish","type":"product","link":"https:\/\/mouldking.store\/de\/shop\/qizhile-23013-ford-gt-with-3038-pieces\/","title":{"rendered":"QIZHILE 23013 Ford GT mit 3038 Teilen"},"content":{"rendered":"<p>Produktinformation:<\/p>\n<ol>\n<li>Brand: QIZHILE<\/li>\n<li>Geschlecht: Unisex<\/li>\n<li>Name: Ford GT<\/li>\n<li>Altersspanne: &gt; 6 Jahre alt<\/li>\n<li>Model Number: 23013<\/li>\n<li>Einstufung: Assemblage<\/li>\n<li>Kunststoffblockform: Selbstsichernde Steine<\/li>\n<li>Material: Kunststoff<\/li>\n<li>Kunststofftyp: ABS<\/li>\n<li>Bricks Blocks:3038 PCS<\/li>\n<li>Size: 56 x 28 x 12.5 cm<\/li>\n<li>Enth\u00e4lt eine ausf\u00fchrliche Montageanleitung.<\/li>\n<\/ol>\n<p>Notiz:<br \/>\n1. Ohne Originalverpackung, aber wir garantieren, dass unsere Produkte eine Qualit\u00e4tssicherung und eine sch\u00f6ne Verpackung haben.<br \/>\n2. Wie alle Teile, die wir vor dem Versand \u00fcberpr\u00fcft haben, machen Sie sich keine Sorgen, wenn Sie feststellen, dass einige Teile fehlen oder besch\u00e4digt sind, und kontaktieren Sie uns einfach, und wir k\u00f6nnen sie Ihnen umgehend kostenlos erneut zusenden.<\/p>\n<figure id=\"attachment_36226\" aria-describedby=\"caption-attachment-36226\" style=\"width: 800px\" class=\"wp-caption aligncenter\"><img fetchpriority=\"high\" decoding=\"async\" class=\"wp-image-36226 size-full\" src=\"https:\/\/mouldking.store\/wp-content\/uploads\/2022\/11\/QIZHILE-23013-Ford-GT-9.jpg\" alt=\"QIZHILE 23013 Ford GT With 3038 Pieces\" width=\"800\" height=\"800\" title=\"-\" srcset=\"https:\/\/mouldking.store\/wp-content\/uploads\/2022\/11\/QIZHILE-23013-Ford-GT-9.jpg 800w, https:\/\/mouldking.store\/wp-content\/uploads\/2022\/11\/QIZHILE-23013-Ford-GT-9-300x300.jpg 300w, https:\/\/mouldking.store\/wp-content\/uploads\/2022\/11\/QIZHILE-23013-Ford-GT-9-768x768.jpg 768w, https:\/\/mouldking.store\/wp-content\/uploads\/2022\/11\/QIZHILE-23013-Ford-GT-9-600x600.jpg 600w, https:\/\/mouldking.store\/wp-content\/uploads\/2022\/11\/QIZHILE-23013-Ford-GT-9-150x150.jpg 150w, https:\/\/mouldking.store\/wp-content\/uploads\/2022\/11\/QIZHILE-23013-Ford-GT-9-60x60.jpg 60w, https:\/\/mouldking.store\/wp-content\/uploads\/2022\/11\/QIZHILE-23013-Ford-GT-9-90x90.jpg 90w\" sizes=\"(max-width: 800px) 100vw, 800px\" \/><figcaption id=\"caption-attachment-36226\" class=\"wp-caption-text\">QIZHILE 23013 Ford GT mit 3038 Teilen<\/figcaption><\/figure>\n<figure id=\"attachment_36227\" aria-describedby=\"caption-attachment-36227\" style=\"width: 800px\" class=\"wp-caption aligncenter\"><img decoding=\"async\" class=\"wp-image-36227 size-full\" src=\"https:\/\/mouldking.store\/wp-content\/uploads\/2022\/11\/QIZHILE-23013-Ford-GT-8.jpg\" alt=\"QIZHILE 23013 Ford GT With 3038 Pieces\" width=\"800\" height=\"800\" title=\"-\" srcset=\"https:\/\/mouldking.store\/wp-content\/uploads\/2022\/11\/QIZHILE-23013-Ford-GT-8.jpg 800w, https:\/\/mouldking.store\/wp-content\/uploads\/2022\/11\/QIZHILE-23013-Ford-GT-8-300x300.jpg 300w, https:\/\/mouldking.store\/wp-content\/uploads\/2022\/11\/QIZHILE-23013-Ford-GT-8-768x768.jpg 768w, https:\/\/mouldking.store\/wp-content\/uploads\/2022\/11\/QIZHILE-23013-Ford-GT-8-600x600.jpg 600w, https:\/\/mouldking.store\/wp-content\/uploads\/2022\/11\/QIZHILE-23013-Ford-GT-8-150x150.jpg 150w, https:\/\/mouldking.store\/wp-content\/uploads\/2022\/11\/QIZHILE-23013-Ford-GT-8-60x60.jpg 60w, https:\/\/mouldking.store\/wp-content\/uploads\/2022\/11\/QIZHILE-23013-Ford-GT-8-90x90.jpg 90w\" sizes=\"(max-width: 800px) 100vw, 800px\" \/><figcaption id=\"caption-attachment-36227\" class=\"wp-caption-text\">QIZHILE 23013 Ford GT mit 3038 Teilen<\/figcaption><\/figure>\n<figure id=\"attachment_36228\" aria-describedby=\"caption-attachment-36228\" style=\"width: 790px\" class=\"wp-caption aligncenter\"><img decoding=\"async\" class=\"wp-image-36228 size-full\" src=\"https:\/\/mouldking.store\/wp-content\/uploads\/2022\/11\/QIZHILE-23013-Ford-GT-7.jpg\" alt=\"QIZHILE 23013 Ford GT With 3038 Pieces\" width=\"790\" height=\"843\" title=\"-\" srcset=\"https:\/\/mouldking.store\/wp-content\/uploads\/2022\/11\/QIZHILE-23013-Ford-GT-7.jpg 790w, https:\/\/mouldking.store\/wp-content\/uploads\/2022\/11\/QIZHILE-23013-Ford-GT-7-281x300.jpg 281w, https:\/\/mouldking.store\/wp-content\/uploads\/2022\/11\/QIZHILE-23013-Ford-GT-7-768x820.jpg 768w, https:\/\/mouldking.store\/wp-content\/uploads\/2022\/11\/QIZHILE-23013-Ford-GT-7-300x320.jpg 300w, https:\/\/mouldking.store\/wp-content\/uploads\/2022\/11\/QIZHILE-23013-Ford-GT-7-600x640.jpg 600w, https:\/\/mouldking.store\/wp-content\/uploads\/2022\/11\/QIZHILE-23013-Ford-GT-7-141x150.jpg 141w, https:\/\/mouldking.store\/wp-content\/uploads\/2022\/11\/QIZHILE-23013-Ford-GT-7-56x60.jpg 56w, https:\/\/mouldking.store\/wp-content\/uploads\/2022\/11\/QIZHILE-23013-Ford-GT-7-84x90.jpg 84w\" sizes=\"(max-width: 790px) 100vw, 790px\" \/><figcaption id=\"caption-attachment-36228\" class=\"wp-caption-text\">QIZHILE 23013 Ford GT mit 3038 Teilen<\/figcaption><\/figure>\n<figure id=\"attachment_36229\" aria-describedby=\"caption-attachment-36229\" style=\"width: 790px\" class=\"wp-caption aligncenter\"><img loading=\"lazy\" decoding=\"async\" class=\"wp-image-36229 size-full\" src=\"https:\/\/mouldking.store\/wp-content\/uploads\/2022\/11\/QIZHILE-23013-Ford-GT-6.jpg\" alt=\"QIZHILE 23013 Ford GT With 3038 Pieces\" width=\"790\" height=\"997\" title=\"-\" srcset=\"https:\/\/mouldking.store\/wp-content\/uploads\/2022\/11\/QIZHILE-23013-Ford-GT-6.jpg 790w, https:\/\/mouldking.store\/wp-content\/uploads\/2022\/11\/QIZHILE-23013-Ford-GT-6-238x300.jpg 238w, https:\/\/mouldking.store\/wp-content\/uploads\/2022\/11\/QIZHILE-23013-Ford-GT-6-768x969.jpg 768w, https:\/\/mouldking.store\/wp-content\/uploads\/2022\/11\/QIZHILE-23013-Ford-GT-6-300x379.jpg 300w, https:\/\/mouldking.store\/wp-content\/uploads\/2022\/11\/QIZHILE-23013-Ford-GT-6-600x757.jpg 600w, https:\/\/mouldking.store\/wp-content\/uploads\/2022\/11\/QIZHILE-23013-Ford-GT-6-119x150.jpg 119w, https:\/\/mouldking.store\/wp-content\/uploads\/2022\/11\/QIZHILE-23013-Ford-GT-6-48x60.jpg 48w, https:\/\/mouldking.store\/wp-content\/uploads\/2022\/11\/QIZHILE-23013-Ford-GT-6-71x90.jpg 71w\" sizes=\"(max-width: 790px) 100vw, 790px\" \/><figcaption id=\"caption-attachment-36229\" class=\"wp-caption-text\">QIZHILE 23013 Ford GT mit 3038 Teilen<\/figcaption><\/figure>\n<figure id=\"attachment_36230\" aria-describedby=\"caption-attachment-36230\" style=\"width: 790px\" class=\"wp-caption aligncenter\"><img loading=\"lazy\" decoding=\"async\" class=\"wp-image-36230 size-full\" src=\"https:\/\/mouldking.store\/wp-content\/uploads\/2022\/11\/QIZHILE-23013-Ford-GT-5.jpg\" alt=\"QIZHILE 23013 Ford GT With 3038 Pieces\" width=\"790\" height=\"925\" title=\"-\" srcset=\"https:\/\/mouldking.store\/wp-content\/uploads\/2022\/11\/QIZHILE-23013-Ford-GT-5.jpg 790w, https:\/\/mouldking.store\/wp-content\/uploads\/2022\/11\/QIZHILE-23013-Ford-GT-5-256x300.jpg 256w, https:\/\/mouldking.store\/wp-content\/uploads\/2022\/11\/QIZHILE-23013-Ford-GT-5-768x899.jpg 768w, https:\/\/mouldking.store\/wp-content\/uploads\/2022\/11\/QIZHILE-23013-Ford-GT-5-300x351.jpg 300w, https:\/\/mouldking.store\/wp-content\/uploads\/2022\/11\/QIZHILE-23013-Ford-GT-5-600x703.jpg 600w, https:\/\/mouldking.store\/wp-content\/uploads\/2022\/11\/QIZHILE-23013-Ford-GT-5-128x150.jpg 128w, https:\/\/mouldking.store\/wp-content\/uploads\/2022\/11\/QIZHILE-23013-Ford-GT-5-51x60.jpg 51w, https:\/\/mouldking.store\/wp-content\/uploads\/2022\/11\/QIZHILE-23013-Ford-GT-5-77x90.jpg 77w\" sizes=\"(max-width: 790px) 100vw, 790px\" \/><figcaption id=\"caption-attachment-36230\" class=\"wp-caption-text\">QIZHILE 23013 Ford GT mit 3038 Teilen<\/figcaption><\/figure>\n<figure id=\"attachment_36231\" aria-describedby=\"caption-attachment-36231\" style=\"width: 790px\" class=\"wp-caption aligncenter\"><img loading=\"lazy\" decoding=\"async\" class=\"wp-image-36231 size-full\" src=\"https:\/\/mouldking.store\/wp-content\/uploads\/2022\/11\/QIZHILE-23013-Ford-GT-4.jpg\" alt=\"QIZHILE 23013 Ford GT With 3038 Pieces\" width=\"790\" height=\"925\" title=\"-\" srcset=\"https:\/\/mouldking.store\/wp-content\/uploads\/2022\/11\/QIZHILE-23013-Ford-GT-4.jpg 790w, https:\/\/mouldking.store\/wp-content\/uploads\/2022\/11\/QIZHILE-23013-Ford-GT-4-256x300.jpg 256w, https:\/\/mouldking.store\/wp-content\/uploads\/2022\/11\/QIZHILE-23013-Ford-GT-4-768x899.jpg 768w, https:\/\/mouldking.store\/wp-content\/uploads\/2022\/11\/QIZHILE-23013-Ford-GT-4-300x351.jpg 300w, https:\/\/mouldking.store\/wp-content\/uploads\/2022\/11\/QIZHILE-23013-Ford-GT-4-600x703.jpg 600w, https:\/\/mouldking.store\/wp-content\/uploads\/2022\/11\/QIZHILE-23013-Ford-GT-4-128x150.jpg 128w, https:\/\/mouldking.store\/wp-content\/uploads\/2022\/11\/QIZHILE-23013-Ford-GT-4-51x60.jpg 51w, https:\/\/mouldking.store\/wp-content\/uploads\/2022\/11\/QIZHILE-23013-Ford-GT-4-77x90.jpg 77w\" sizes=\"(max-width: 790px) 100vw, 790px\" \/><figcaption id=\"caption-attachment-36231\" class=\"wp-caption-text\">QIZHILE 23013 Ford GT mit 3038 Teilen<\/figcaption><\/figure>\n<figure id=\"attachment_36232\" aria-describedby=\"caption-attachment-36232\" style=\"width: 800px\" class=\"wp-caption aligncenter\"><img loading=\"lazy\" decoding=\"async\" class=\"wp-image-36232 size-full\" src=\"https:\/\/mouldking.store\/wp-content\/uploads\/2022\/11\/QIZHILE-23013-Ford-GT-3.jpg\" alt=\"QIZHILE 23013 Ford GT With 3038 Pieces\" width=\"800\" height=\"800\" title=\"-\" srcset=\"https:\/\/mouldking.store\/wp-content\/uploads\/2022\/11\/QIZHILE-23013-Ford-GT-3.jpg 800w, https:\/\/mouldking.store\/wp-content\/uploads\/2022\/11\/QIZHILE-23013-Ford-GT-3-300x300.jpg 300w, https:\/\/mouldking.store\/wp-content\/uploads\/2022\/11\/QIZHILE-23013-Ford-GT-3-768x768.jpg 768w, https:\/\/mouldking.store\/wp-content\/uploads\/2022\/11\/QIZHILE-23013-Ford-GT-3-600x600.jpg 600w, https:\/\/mouldking.store\/wp-content\/uploads\/2022\/11\/QIZHILE-23013-Ford-GT-3-150x150.jpg 150w, https:\/\/mouldking.store\/wp-content\/uploads\/2022\/11\/QIZHILE-23013-Ford-GT-3-60x60.jpg 60w, https:\/\/mouldking.store\/wp-content\/uploads\/2022\/11\/QIZHILE-23013-Ford-GT-3-90x90.jpg 90w\" sizes=\"(max-width: 800px) 100vw, 800px\" \/><figcaption id=\"caption-attachment-36232\" class=\"wp-caption-text\">QIZHILE 23013 Ford GT mit 3038 Teilen<\/figcaption><\/figure>\n<figure id=\"attachment_36233\" aria-describedby=\"caption-attachment-36233\" style=\"width: 790px\" class=\"wp-caption aligncenter\"><img loading=\"lazy\" decoding=\"async\" class=\"wp-image-36233 size-full\" src=\"https:\/\/mouldking.store\/wp-content\/uploads\/2022\/11\/QIZHILE-23013-Ford-GT-2.jpg\" alt=\"QIZHILE 23013 Ford GT With 3038 Pieces\" width=\"790\" height=\"736\" title=\"-\" srcset=\"https:\/\/mouldking.store\/wp-content\/uploads\/2022\/11\/QIZHILE-23013-Ford-GT-2.jpg 790w, https:\/\/mouldking.store\/wp-content\/uploads\/2022\/11\/QIZHILE-23013-Ford-GT-2-300x279.jpg 300w, https:\/\/mouldking.store\/wp-content\/uploads\/2022\/11\/QIZHILE-23013-Ford-GT-2-768x716.jpg 768w, https:\/\/mouldking.store\/wp-content\/uploads\/2022\/11\/QIZHILE-23013-Ford-GT-2-600x559.jpg 600w, https:\/\/mouldking.store\/wp-content\/uploads\/2022\/11\/QIZHILE-23013-Ford-GT-2-150x140.jpg 150w, https:\/\/mouldking.store\/wp-content\/uploads\/2022\/11\/QIZHILE-23013-Ford-GT-2-64x60.jpg 64w, https:\/\/mouldking.store\/wp-content\/uploads\/2022\/11\/QIZHILE-23013-Ford-GT-2-97x90.jpg 97w\" sizes=\"(max-width: 790px) 100vw, 790px\" \/><figcaption id=\"caption-attachment-36233\" class=\"wp-caption-text\">QIZHILE 23013 Ford GT mit 3038 Teilen<\/figcaption><\/figure>\n<figure id=\"attachment_36234\" aria-describedby=\"caption-attachment-36234\" style=\"width: 790px\" class=\"wp-caption aligncenter\"><img loading=\"lazy\" decoding=\"async\" class=\"wp-image-36234 size-full\" src=\"https:\/\/mouldking.store\/wp-content\/uploads\/2022\/11\/QIZHILE-23013-Ford-GT-1.jpg\" alt=\"QIZHILE 23013 Ford GT With 3038 Pieces\" width=\"790\" height=\"865\" title=\"-\" srcset=\"https:\/\/mouldking.store\/wp-content\/uploads\/2022\/11\/QIZHILE-23013-Ford-GT-1.jpg 790w, https:\/\/mouldking.store\/wp-content\/uploads\/2022\/11\/QIZHILE-23013-Ford-GT-1-274x300.jpg 274w, https:\/\/mouldking.store\/wp-content\/uploads\/2022\/11\/QIZHILE-23013-Ford-GT-1-768x841.jpg 768w, https:\/\/mouldking.store\/wp-content\/uploads\/2022\/11\/QIZHILE-23013-Ford-GT-1-300x328.jpg 300w, https:\/\/mouldking.store\/wp-content\/uploads\/2022\/11\/QIZHILE-23013-Ford-GT-1-600x657.jpg 600w, https:\/\/mouldking.store\/wp-content\/uploads\/2022\/11\/QIZHILE-23013-Ford-GT-1-137x150.jpg 137w, https:\/\/mouldking.store\/wp-content\/uploads\/2022\/11\/QIZHILE-23013-Ford-GT-1-55x60.jpg 55w, https:\/\/mouldking.store\/wp-content\/uploads\/2022\/11\/QIZHILE-23013-Ford-GT-1-82x90.jpg 82w\" sizes=\"(max-width: 790px) 100vw, 790px\" \/><figcaption id=\"caption-attachment-36234\" class=\"wp-caption-text\">QIZHILE 23013 Ford GT mit 3038 Teilen<\/figcaption><\/figure>","protected":false},"excerpt":{"rendered":"<p>Product information: Brand: QIZHILE Gender: Unisex Name: Ford GT Age Range: &gt; 6 years old Model Number: 23013 Classification: Assemblage Plastic Block Shape: Self-Locking Bricks Material: Plastic Plastic Type: ABS Bricks Blocks:3038 PCS Size: 56 x 28 x 12.5 cm Contains detailed assembly instructions. Notice: 1. Without an original box, but we guarantee our products [&hellip;]<\/p>","protected":false},"featured_media":36226,"comment_status":"closed","ping_status":"closed","template":"","meta":{"_acf_changed":false},"product_cat":[1360,1357],"product_tag":[4592,1747,8256,1750,8257,8258,8255],"class_list":["product","first","instock","shipping-taxable","purchasable","product-type-variable"],"acf":[],"_links":{"self":[{"href":"https:\/\/mouldking.store\/de\/wp-json\/wp\/v2\/product\/36225","targetHints":{"allow":["GET"]}}],"collection":[{"href":"https:\/\/mouldking.store\/de\/wp-json\/wp\/v2\/product"}],"about":[{"href":"https:\/\/mouldking.store\/de\/wp-json\/wp\/v2\/types\/product"}],"replies":[{"embeddable":true,"href":"https:\/\/mouldking.store\/de\/wp-json\/wp\/v2\/comments?post=36225"}],"wp:featuredmedia":[{"embeddable":true,"href":"https:\/\/mouldking.store\/de\/wp-json\/wp\/v2\/media\/36226"}],"wp:attachment":[{"href":"https:\/\/mouldking.store\/de\/wp-json\/wp\/v2\/media?parent=36225"}],"wp:term":[{"taxonomy":"product_cat","embeddable":true,"href":"https:\/\/mouldking.store\/de\/wp-json\/wp\/v2\/product_cat?post=36225"},{"taxonomy":"product_tag","embeddable":true,"href":"https:\/\/mouldking.store\/de\/wp-json\/wp\/v2\/product_tag?post=36225"}],"curies":[{"name":"wp","href":"https:\/\/api.w.org\/{rel}","templated":true}]}}