{"id":36257,"date":"2022-11-25T14:14:41","date_gmt":"2022-11-25T07:14:41","guid":{"rendered":"https:\/\/mouldking.store\/?post_type=product&#038;p=36257"},"modified":"2025-12-25T09:12:19","modified_gmt":"2025-12-25T02:12:19","slug":"moc-72869-1110-vega-collectors-edition-with-160-pieces","status":"publish","type":"product","link":"https:\/\/mouldking.store\/de\/shop\/moc-72869-1110-vega-collectors-edition-with-160-pieces\/","title":{"rendered":"MOC-72869 1:110 Vega Sammleredition mit 160 St\u00fcck"},"content":{"rendered":"<p>Produktinformation:<\/p>\n<ol>\n<li>Marke: MOC<\/li>\n<li>Geschlecht: Unisex<\/li>\n<li>Name: 1:110 Vega Sammleredition<\/li>\n<li>Altersspanne: &gt; 6 Jahre alt<\/li>\n<li>Modellnummer: 72869<\/li>\n<li>Einstufung: Assemblage<\/li>\n<li>Kunststoffblockform: Selbstsichernde Steine<\/li>\n<li>Material: Kunststoff<\/li>\n<li>Kunststofftyp: ABS<\/li>\n<li>Ziegelsteine: 160 St\u00fcck<\/li>\n<li>Gr\u00f6\u00dfe: 4 x 4 x 28 cm<\/li>\n<li>Gewicht: 0,07 kg<\/li>\n<li>Enth\u00e4lt eine ausf\u00fchrliche Montageanleitung.<\/li>\n<\/ol>\n<p>Notiz:<br \/>\n1. Ohne Originalverpackung, aber wir garantieren, dass unsere Produkte eine Qualit\u00e4tssicherung und eine sch\u00f6ne Verpackung haben.<br \/>\n2. Wie alle Teile, die wir vor dem Versand \u00fcberpr\u00fcft haben, machen Sie sich keine Sorgen, wenn Sie feststellen, dass einige Teile fehlen oder besch\u00e4digt sind, und kontaktieren Sie uns einfach, und wir k\u00f6nnen sie Ihnen umgehend kostenlos erneut zusenden.<\/p>\n<figure id=\"attachment_36258\" aria-describedby=\"caption-attachment-36258\" style=\"width: 1024px\" class=\"wp-caption aligncenter\"><img fetchpriority=\"high\" decoding=\"async\" class=\"wp-image-36258 size-large\" src=\"https:\/\/mouldking.store\/wp-content\/uploads\/2022\/11\/MOC-72869-Space-1110-Vega-Collectors-Edition-MOC-FACTORY-1024x1024.png\" alt=\"MOC-72869 1:110 Vega Collector\u2019s Edition With 160 Pieces\" width=\"1024\" height=\"1024\" title=\"-\" srcset=\"https:\/\/mouldking.store\/wp-content\/uploads\/2022\/11\/MOC-72869-Space-1110-Vega-Collectors-Edition-MOC-FACTORY-1024x1024.png 1024w, https:\/\/mouldking.store\/wp-content\/uploads\/2022\/11\/MOC-72869-Space-1110-Vega-Collectors-Edition-MOC-FACTORY-300x300.png 300w, https:\/\/mouldking.store\/wp-content\/uploads\/2022\/11\/MOC-72869-Space-1110-Vega-Collectors-Edition-MOC-FACTORY-768x768.png 768w, https:\/\/mouldking.store\/wp-content\/uploads\/2022\/11\/MOC-72869-Space-1110-Vega-Collectors-Edition-MOC-FACTORY-600x600.png 600w, https:\/\/mouldking.store\/wp-content\/uploads\/2022\/11\/MOC-72869-Space-1110-Vega-Collectors-Edition-MOC-FACTORY-150x150.png 150w, https:\/\/mouldking.store\/wp-content\/uploads\/2022\/11\/MOC-72869-Space-1110-Vega-Collectors-Edition-MOC-FACTORY-60x60.png 60w, https:\/\/mouldking.store\/wp-content\/uploads\/2022\/11\/MOC-72869-Space-1110-Vega-Collectors-Edition-MOC-FACTORY-90x90.png 90w, https:\/\/mouldking.store\/wp-content\/uploads\/2022\/11\/MOC-72869-Space-1110-Vega-Collectors-Edition-MOC-FACTORY.png 1095w\" sizes=\"(max-width: 1024px) 100vw, 1024px\" \/><figcaption id=\"caption-attachment-36258\" class=\"wp-caption-text\">MOC-72869 1:110 Vega Sammleredition mit 160 St\u00fcck<\/figcaption><\/figure>\n<figure id=\"attachment_36259\" aria-describedby=\"caption-attachment-36259\" style=\"width: 1000px\" class=\"wp-caption aligncenter\"><img decoding=\"async\" class=\"wp-image-36259 size-full\" src=\"https:\/\/mouldking.store\/wp-content\/uploads\/2022\/11\/MOC-72869-Vega-Collectors-Edition-5.jpg\" alt=\"MOC-72869 1:110 Vega Collector\u2019s Edition With 160 Pieces\" width=\"1000\" height=\"1000\" title=\"-\" srcset=\"https:\/\/mouldking.store\/wp-content\/uploads\/2022\/11\/MOC-72869-Vega-Collectors-Edition-5.jpg 1000w, https:\/\/mouldking.store\/wp-content\/uploads\/2022\/11\/MOC-72869-Vega-Collectors-Edition-5-300x300.jpg 300w, https:\/\/mouldking.store\/wp-content\/uploads\/2022\/11\/MOC-72869-Vega-Collectors-Edition-5-768x768.jpg 768w, https:\/\/mouldking.store\/wp-content\/uploads\/2022\/11\/MOC-72869-Vega-Collectors-Edition-5-600x600.jpg 600w, https:\/\/mouldking.store\/wp-content\/uploads\/2022\/11\/MOC-72869-Vega-Collectors-Edition-5-150x150.jpg 150w, https:\/\/mouldking.store\/wp-content\/uploads\/2022\/11\/MOC-72869-Vega-Collectors-Edition-5-60x60.jpg 60w, https:\/\/mouldking.store\/wp-content\/uploads\/2022\/11\/MOC-72869-Vega-Collectors-Edition-5-90x90.jpg 90w\" sizes=\"(max-width: 1000px) 100vw, 1000px\" \/><figcaption id=\"caption-attachment-36259\" class=\"wp-caption-text\">MOC-72869 1:110 Vega Sammleredition mit 160 St\u00fcck<\/figcaption><\/figure>\n<figure id=\"attachment_36260\" aria-describedby=\"caption-attachment-36260\" style=\"width: 1000px\" class=\"wp-caption aligncenter\"><img decoding=\"async\" class=\"wp-image-36260 size-full\" src=\"https:\/\/mouldking.store\/wp-content\/uploads\/2022\/11\/MOC-72869-Vega-Collectors-Edition-4.jpg\" alt=\"MOC-72869 1:110 Vega Collector\u2019s Edition With 160 Pieces\" width=\"1000\" height=\"1000\" title=\"-\" srcset=\"https:\/\/mouldking.store\/wp-content\/uploads\/2022\/11\/MOC-72869-Vega-Collectors-Edition-4.jpg 1000w, https:\/\/mouldking.store\/wp-content\/uploads\/2022\/11\/MOC-72869-Vega-Collectors-Edition-4-300x300.jpg 300w, https:\/\/mouldking.store\/wp-content\/uploads\/2022\/11\/MOC-72869-Vega-Collectors-Edition-4-768x768.jpg 768w, https:\/\/mouldking.store\/wp-content\/uploads\/2022\/11\/MOC-72869-Vega-Collectors-Edition-4-600x600.jpg 600w, https:\/\/mouldking.store\/wp-content\/uploads\/2022\/11\/MOC-72869-Vega-Collectors-Edition-4-150x150.jpg 150w, https:\/\/mouldking.store\/wp-content\/uploads\/2022\/11\/MOC-72869-Vega-Collectors-Edition-4-60x60.jpg 60w, https:\/\/mouldking.store\/wp-content\/uploads\/2022\/11\/MOC-72869-Vega-Collectors-Edition-4-90x90.jpg 90w\" sizes=\"(max-width: 1000px) 100vw, 1000px\" \/><figcaption id=\"caption-attachment-36260\" class=\"wp-caption-text\">MOC-72869 1:110 Vega Sammleredition mit 160 St\u00fcck<\/figcaption><\/figure>\n<figure id=\"attachment_36261\" aria-describedby=\"caption-attachment-36261\" style=\"width: 1000px\" class=\"wp-caption aligncenter\"><img loading=\"lazy\" decoding=\"async\" class=\"wp-image-36261 size-full\" src=\"https:\/\/mouldking.store\/wp-content\/uploads\/2022\/11\/MOC-72869-Vega-Collectors-Edition-3.jpg\" alt=\"MOC-72869 1:110 Vega Collector\u2019s Edition With 160 Pieces\" width=\"1000\" height=\"1000\" title=\"-\" srcset=\"https:\/\/mouldking.store\/wp-content\/uploads\/2022\/11\/MOC-72869-Vega-Collectors-Edition-3.jpg 1000w, https:\/\/mouldking.store\/wp-content\/uploads\/2022\/11\/MOC-72869-Vega-Collectors-Edition-3-300x300.jpg 300w, https:\/\/mouldking.store\/wp-content\/uploads\/2022\/11\/MOC-72869-Vega-Collectors-Edition-3-768x768.jpg 768w, https:\/\/mouldking.store\/wp-content\/uploads\/2022\/11\/MOC-72869-Vega-Collectors-Edition-3-600x600.jpg 600w, https:\/\/mouldking.store\/wp-content\/uploads\/2022\/11\/MOC-72869-Vega-Collectors-Edition-3-150x150.jpg 150w, https:\/\/mouldking.store\/wp-content\/uploads\/2022\/11\/MOC-72869-Vega-Collectors-Edition-3-60x60.jpg 60w, https:\/\/mouldking.store\/wp-content\/uploads\/2022\/11\/MOC-72869-Vega-Collectors-Edition-3-90x90.jpg 90w\" sizes=\"(max-width: 1000px) 100vw, 1000px\" \/><figcaption id=\"caption-attachment-36261\" class=\"wp-caption-text\">MOC-72869 1:110 Vega Sammleredition mit 160 St\u00fcck<\/figcaption><\/figure>\n<figure id=\"attachment_36262\" aria-describedby=\"caption-attachment-36262\" style=\"width: 1000px\" class=\"wp-caption aligncenter\"><img loading=\"lazy\" decoding=\"async\" class=\"wp-image-36262 size-full\" src=\"https:\/\/mouldking.store\/wp-content\/uploads\/2022\/11\/MOC-72869-Vega-Collectors-Edition-2.jpg\" alt=\"MOC-72869 1:110 Vega Collector\u2019s Edition With 160 Pieces\" width=\"1000\" height=\"1000\" title=\"-\" srcset=\"https:\/\/mouldking.store\/wp-content\/uploads\/2022\/11\/MOC-72869-Vega-Collectors-Edition-2.jpg 1000w, https:\/\/mouldking.store\/wp-content\/uploads\/2022\/11\/MOC-72869-Vega-Collectors-Edition-2-300x300.jpg 300w, https:\/\/mouldking.store\/wp-content\/uploads\/2022\/11\/MOC-72869-Vega-Collectors-Edition-2-768x768.jpg 768w, https:\/\/mouldking.store\/wp-content\/uploads\/2022\/11\/MOC-72869-Vega-Collectors-Edition-2-600x600.jpg 600w, https:\/\/mouldking.store\/wp-content\/uploads\/2022\/11\/MOC-72869-Vega-Collectors-Edition-2-150x150.jpg 150w, https:\/\/mouldking.store\/wp-content\/uploads\/2022\/11\/MOC-72869-Vega-Collectors-Edition-2-60x60.jpg 60w, https:\/\/mouldking.store\/wp-content\/uploads\/2022\/11\/MOC-72869-Vega-Collectors-Edition-2-90x90.jpg 90w\" sizes=\"(max-width: 1000px) 100vw, 1000px\" \/><figcaption id=\"caption-attachment-36262\" class=\"wp-caption-text\">MOC-72869 1:110 Vega Sammleredition mit 160 St\u00fcck<\/figcaption><\/figure>\n<figure id=\"attachment_36263\" aria-describedby=\"caption-attachment-36263\" style=\"width: 894px\" class=\"wp-caption aligncenter\"><img loading=\"lazy\" decoding=\"async\" class=\"wp-image-36263 size-full\" src=\"https:\/\/mouldking.store\/wp-content\/uploads\/2022\/11\/MOC-72869-Vega-Collectors-Edition-1.jpg\" alt=\"MOC-72869 1:110 Vega Collector\u2019s Edition With 160 Pieces\" width=\"894\" height=\"1200\" title=\"-\" srcset=\"https:\/\/mouldking.store\/wp-content\/uploads\/2022\/11\/MOC-72869-Vega-Collectors-Edition-1.jpg 894w, https:\/\/mouldking.store\/wp-content\/uploads\/2022\/11\/MOC-72869-Vega-Collectors-Edition-1-224x300.jpg 224w, https:\/\/mouldking.store\/wp-content\/uploads\/2022\/11\/MOC-72869-Vega-Collectors-Edition-1-763x1024.jpg 763w, https:\/\/mouldking.store\/wp-content\/uploads\/2022\/11\/MOC-72869-Vega-Collectors-Edition-1-768x1031.jpg 768w, https:\/\/mouldking.store\/wp-content\/uploads\/2022\/11\/MOC-72869-Vega-Collectors-Edition-1-300x403.jpg 300w, https:\/\/mouldking.store\/wp-content\/uploads\/2022\/11\/MOC-72869-Vega-Collectors-Edition-1-600x805.jpg 600w, https:\/\/mouldking.store\/wp-content\/uploads\/2022\/11\/MOC-72869-Vega-Collectors-Edition-1-112x150.jpg 112w, https:\/\/mouldking.store\/wp-content\/uploads\/2022\/11\/MOC-72869-Vega-Collectors-Edition-1-45x60.jpg 45w, https:\/\/mouldking.store\/wp-content\/uploads\/2022\/11\/MOC-72869-Vega-Collectors-Edition-1-67x90.jpg 67w\" sizes=\"(max-width: 894px) 100vw, 894px\" \/><figcaption id=\"caption-attachment-36263\" class=\"wp-caption-text\">MOC-72869 1:110 Vega Sammleredition mit 160 St\u00fcck<\/figcaption><\/figure>","protected":false},"excerpt":{"rendered":"<p>Product information: Brand: MOC Gender: Unisex Name: 1:110 Vega Collector\u2019s Edition Age Range: &gt; 6 years old Model Number: 72869 Classification: Assemblage Plastic Block Shape: Self-Locking Bricks Material: Plastic Plastic Type: ABS Bricks Blocks:160 PCS Size: 4 x 4 x 28 cm Weight: \u00a00.07 kg Contains detailed assembly instructions. Notice: 1. Without an original box, [&hellip;]<\/p>","protected":false},"featured_media":36258,"comment_status":"closed","ping_status":"closed","template":"","meta":{"_acf_changed":false},"product_cat":[1406,6016],"product_tag":[8285,8282,8283,8280,8286,8279,8281,8284],"class_list":["product","first","instock","shipping-taxable","purchasable","product-type-simple"],"acf":[],"_links":{"self":[{"href":"https:\/\/mouldking.store\/de\/wp-json\/wp\/v2\/product\/36257","targetHints":{"allow":["GET"]}}],"collection":[{"href":"https:\/\/mouldking.store\/de\/wp-json\/wp\/v2\/product"}],"about":[{"href":"https:\/\/mouldking.store\/de\/wp-json\/wp\/v2\/types\/product"}],"replies":[{"embeddable":true,"href":"https:\/\/mouldking.store\/de\/wp-json\/wp\/v2\/comments?post=36257"}],"wp:featuredmedia":[{"embeddable":true,"href":"https:\/\/mouldking.store\/de\/wp-json\/wp\/v2\/media\/36258"}],"wp:attachment":[{"href":"https:\/\/mouldking.store\/de\/wp-json\/wp\/v2\/media?parent=36257"}],"wp:term":[{"taxonomy":"product_cat","embeddable":true,"href":"https:\/\/mouldking.store\/de\/wp-json\/wp\/v2\/product_cat?post=36257"},{"taxonomy":"product_tag","embeddable":true,"href":"https:\/\/mouldking.store\/de\/wp-json\/wp\/v2\/product_tag?post=36257"}],"curies":[{"name":"wp","href":"https:\/\/api.w.org\/{rel}","templated":true}]}}