{"id":36264,"date":"2022-11-25T14:22:17","date_gmt":"2022-11-25T07:22:17","guid":{"rendered":"https:\/\/mouldking.store\/?post_type=product&#038;p=36264"},"modified":"2025-12-25T09:12:19","modified_gmt":"2025-12-25T02:12:19","slug":"moc-82322-1110-scale-roscosmos-angara-with-379-pieces","status":"publish","type":"product","link":"https:\/\/mouldking.store\/de\/shop\/moc-82322-1110-scale-roscosmos-angara-with-379-pieces\/","title":{"rendered":"MOC-82322 Roscosmos Angara im Ma\u00dfstab 1:110 mit 379 Teilen"},"content":{"rendered":"<p>Produktinformation:<\/p>\n<ol>\n<li>Marke: MOC<\/li>\n<li>Geschlecht: Unisex<\/li>\n<li>Name: Stranger Things Demogorgon<\/li>\n<li>Altersspanne: &gt; 6 Jahre alt<\/li>\n<li>Model Number: 82322<\/li>\n<li>Einstufung: Assemblage<\/li>\n<li>Kunststoffblockform: Selbstsichernde Steine<\/li>\n<li>Material: Kunststoff<\/li>\n<li>Kunststofftyp: ABS<\/li>\n<li>Bricks Blocks:379 PCS<\/li>\n<li>Size: 12 x 12 x 40 cm<\/li>\n<li>Weight:0.48 kg<\/li>\n<li>Enth\u00e4lt eine ausf\u00fchrliche Montageanleitung.<\/li>\n<\/ol>\n<p>Notiz:<br \/>\n1. Ohne Originalverpackung, aber wir garantieren, dass unsere Produkte eine Qualit\u00e4tssicherung und eine sch\u00f6ne Verpackung haben.<br \/>\n2. Wie alle Teile, die wir vor dem Versand \u00fcberpr\u00fcft haben, machen Sie sich keine Sorgen, wenn Sie feststellen, dass einige Teile fehlen oder besch\u00e4digt sind, und kontaktieren Sie uns einfach, und wir k\u00f6nnen sie Ihnen umgehend kostenlos erneut zusenden.<\/p>\n<figure id=\"attachment_36265\" aria-describedby=\"caption-attachment-36265\" style=\"width: 1024px\" class=\"wp-caption aligncenter\"><img fetchpriority=\"high\" decoding=\"async\" class=\"wp-image-36265 size-large\" src=\"https:\/\/mouldking.store\/wp-content\/uploads\/2022\/11\/MOC-82322-Space-1110-Scale-Roscosmos-Angara-MOC-FACTORY-1024x1024.png\" alt=\"MOC-82322 1:110 Scale Roscosmos Angara With 379 Pieces\" width=\"1024\" height=\"1024\" title=\"-\" srcset=\"https:\/\/mouldking.store\/wp-content\/uploads\/2022\/11\/MOC-82322-Space-1110-Scale-Roscosmos-Angara-MOC-FACTORY-1024x1024.png 1024w, https:\/\/mouldking.store\/wp-content\/uploads\/2022\/11\/MOC-82322-Space-1110-Scale-Roscosmos-Angara-MOC-FACTORY-300x300.png 300w, https:\/\/mouldking.store\/wp-content\/uploads\/2022\/11\/MOC-82322-Space-1110-Scale-Roscosmos-Angara-MOC-FACTORY-768x768.png 768w, https:\/\/mouldking.store\/wp-content\/uploads\/2022\/11\/MOC-82322-Space-1110-Scale-Roscosmos-Angara-MOC-FACTORY-600x600.png 600w, https:\/\/mouldking.store\/wp-content\/uploads\/2022\/11\/MOC-82322-Space-1110-Scale-Roscosmos-Angara-MOC-FACTORY-150x150.png 150w, https:\/\/mouldking.store\/wp-content\/uploads\/2022\/11\/MOC-82322-Space-1110-Scale-Roscosmos-Angara-MOC-FACTORY-60x60.png 60w, https:\/\/mouldking.store\/wp-content\/uploads\/2022\/11\/MOC-82322-Space-1110-Scale-Roscosmos-Angara-MOC-FACTORY-90x90.png 90w, https:\/\/mouldking.store\/wp-content\/uploads\/2022\/11\/MOC-82322-Space-1110-Scale-Roscosmos-Angara-MOC-FACTORY.png 1095w\" sizes=\"(max-width: 1024px) 100vw, 1024px\" \/><figcaption id=\"caption-attachment-36265\" class=\"wp-caption-text\">MOC-82322 Roscosmos Angara im Ma\u00dfstab 1:110 mit 379 Teilen<\/figcaption><\/figure>\n<figure id=\"attachment_36266\" aria-describedby=\"caption-attachment-36266\" style=\"width: 1000px\" class=\"wp-caption aligncenter\"><img decoding=\"async\" class=\"wp-image-36266 size-full\" src=\"https:\/\/mouldking.store\/wp-content\/uploads\/2022\/11\/MOC-82322-Roscosmos-Angara-A5-4.jpg\" alt=\"MOC-82322 1:110 Scale Roscosmos Angara With 379 Pieces\" width=\"1000\" height=\"1000\" title=\"-\" srcset=\"https:\/\/mouldking.store\/wp-content\/uploads\/2022\/11\/MOC-82322-Roscosmos-Angara-A5-4.jpg 1000w, https:\/\/mouldking.store\/wp-content\/uploads\/2022\/11\/MOC-82322-Roscosmos-Angara-A5-4-300x300.jpg 300w, https:\/\/mouldking.store\/wp-content\/uploads\/2022\/11\/MOC-82322-Roscosmos-Angara-A5-4-768x768.jpg 768w, https:\/\/mouldking.store\/wp-content\/uploads\/2022\/11\/MOC-82322-Roscosmos-Angara-A5-4-600x600.jpg 600w, https:\/\/mouldking.store\/wp-content\/uploads\/2022\/11\/MOC-82322-Roscosmos-Angara-A5-4-150x150.jpg 150w, https:\/\/mouldking.store\/wp-content\/uploads\/2022\/11\/MOC-82322-Roscosmos-Angara-A5-4-60x60.jpg 60w, https:\/\/mouldking.store\/wp-content\/uploads\/2022\/11\/MOC-82322-Roscosmos-Angara-A5-4-90x90.jpg 90w\" sizes=\"(max-width: 1000px) 100vw, 1000px\" \/><figcaption id=\"caption-attachment-36266\" class=\"wp-caption-text\">MOC-82322 Roscosmos Angara im Ma\u00dfstab 1:110 mit 379 Teilen<\/figcaption><\/figure>\n<figure id=\"attachment_36267\" aria-describedby=\"caption-attachment-36267\" style=\"width: 1000px\" class=\"wp-caption aligncenter\"><img decoding=\"async\" class=\"wp-image-36267 size-full\" src=\"https:\/\/mouldking.store\/wp-content\/uploads\/2022\/11\/MOC-82322-Roscosmos-Angara-A5-3.jpg\" alt=\"MOC-82322 1:110 Scale Roscosmos Angara With 379 Pieces\" width=\"1000\" height=\"1000\" title=\"-\" srcset=\"https:\/\/mouldking.store\/wp-content\/uploads\/2022\/11\/MOC-82322-Roscosmos-Angara-A5-3.jpg 1000w, https:\/\/mouldking.store\/wp-content\/uploads\/2022\/11\/MOC-82322-Roscosmos-Angara-A5-3-300x300.jpg 300w, https:\/\/mouldking.store\/wp-content\/uploads\/2022\/11\/MOC-82322-Roscosmos-Angara-A5-3-768x768.jpg 768w, https:\/\/mouldking.store\/wp-content\/uploads\/2022\/11\/MOC-82322-Roscosmos-Angara-A5-3-600x600.jpg 600w, https:\/\/mouldking.store\/wp-content\/uploads\/2022\/11\/MOC-82322-Roscosmos-Angara-A5-3-150x150.jpg 150w, https:\/\/mouldking.store\/wp-content\/uploads\/2022\/11\/MOC-82322-Roscosmos-Angara-A5-3-60x60.jpg 60w, https:\/\/mouldking.store\/wp-content\/uploads\/2022\/11\/MOC-82322-Roscosmos-Angara-A5-3-90x90.jpg 90w\" sizes=\"(max-width: 1000px) 100vw, 1000px\" \/><figcaption id=\"caption-attachment-36267\" class=\"wp-caption-text\">MOC-82322 Roscosmos Angara im Ma\u00dfstab 1:110 mit 379 Teilen<\/figcaption><\/figure>\n<figure id=\"attachment_36268\" aria-describedby=\"caption-attachment-36268\" style=\"width: 1000px\" class=\"wp-caption aligncenter\"><img loading=\"lazy\" decoding=\"async\" class=\"wp-image-36268 size-full\" src=\"https:\/\/mouldking.store\/wp-content\/uploads\/2022\/11\/MOC-82322-Roscosmos-Angara-A5-2.jpg\" alt=\"MOC-82322 1:110 Scale Roscosmos Angara With 379 Pieces\" width=\"1000\" height=\"1000\" title=\"-\" srcset=\"https:\/\/mouldking.store\/wp-content\/uploads\/2022\/11\/MOC-82322-Roscosmos-Angara-A5-2.jpg 1000w, https:\/\/mouldking.store\/wp-content\/uploads\/2022\/11\/MOC-82322-Roscosmos-Angara-A5-2-300x300.jpg 300w, https:\/\/mouldking.store\/wp-content\/uploads\/2022\/11\/MOC-82322-Roscosmos-Angara-A5-2-768x768.jpg 768w, https:\/\/mouldking.store\/wp-content\/uploads\/2022\/11\/MOC-82322-Roscosmos-Angara-A5-2-600x600.jpg 600w, https:\/\/mouldking.store\/wp-content\/uploads\/2022\/11\/MOC-82322-Roscosmos-Angara-A5-2-150x150.jpg 150w, https:\/\/mouldking.store\/wp-content\/uploads\/2022\/11\/MOC-82322-Roscosmos-Angara-A5-2-60x60.jpg 60w, https:\/\/mouldking.store\/wp-content\/uploads\/2022\/11\/MOC-82322-Roscosmos-Angara-A5-2-90x90.jpg 90w\" sizes=\"(max-width: 1000px) 100vw, 1000px\" \/><figcaption id=\"caption-attachment-36268\" class=\"wp-caption-text\">MOC-82322 Roscosmos Angara im Ma\u00dfstab 1:110 mit 379 Teilen<\/figcaption><\/figure>\n<figure id=\"attachment_36269\" aria-describedby=\"caption-attachment-36269\" style=\"width: 771px\" class=\"wp-caption aligncenter\"><img loading=\"lazy\" decoding=\"async\" class=\"wp-image-36269 size-full\" src=\"https:\/\/mouldking.store\/wp-content\/uploads\/2022\/11\/MOC-82322-Roscosmos-Angara-A5-1.jpg\" alt=\"MOC-82322 1:110 Scale Roscosmos Angara With 379 Pieces\" width=\"771\" height=\"1200\" title=\"-\" srcset=\"https:\/\/mouldking.store\/wp-content\/uploads\/2022\/11\/MOC-82322-Roscosmos-Angara-A5-1.jpg 771w, https:\/\/mouldking.store\/wp-content\/uploads\/2022\/11\/MOC-82322-Roscosmos-Angara-A5-1-193x300.jpg 193w, https:\/\/mouldking.store\/wp-content\/uploads\/2022\/11\/MOC-82322-Roscosmos-Angara-A5-1-658x1024.jpg 658w, https:\/\/mouldking.store\/wp-content\/uploads\/2022\/11\/MOC-82322-Roscosmos-Angara-A5-1-768x1195.jpg 768w, https:\/\/mouldking.store\/wp-content\/uploads\/2022\/11\/MOC-82322-Roscosmos-Angara-A5-1-300x467.jpg 300w, https:\/\/mouldking.store\/wp-content\/uploads\/2022\/11\/MOC-82322-Roscosmos-Angara-A5-1-600x934.jpg 600w, https:\/\/mouldking.store\/wp-content\/uploads\/2022\/11\/MOC-82322-Roscosmos-Angara-A5-1-96x150.jpg 96w, https:\/\/mouldking.store\/wp-content\/uploads\/2022\/11\/MOC-82322-Roscosmos-Angara-A5-1-39x60.jpg 39w, https:\/\/mouldking.store\/wp-content\/uploads\/2022\/11\/MOC-82322-Roscosmos-Angara-A5-1-58x90.jpg 58w\" sizes=\"(max-width: 771px) 100vw, 771px\" \/><figcaption id=\"caption-attachment-36269\" class=\"wp-caption-text\">MOC-82322 Roscosmos Angara im Ma\u00dfstab 1:110 mit 379 Teilen<\/figcaption><\/figure>","protected":false},"excerpt":{"rendered":"<p>Product information: Brand: MOC Gender: Unisex Name: Stranger Things Demogorgon Age Range: &gt; 6 years old Model Number: 82322 Classification: Assemblage Plastic Block Shape: Self-Locking Bricks Material: Plastic Plastic Type: ABS Bricks Blocks:379 PCS Size: 12 x 12 x 40 cm Weight:0.48 kg Contains detailed assembly instructions. Notice: 1. Without an original box, but we [&hellip;]<\/p>","protected":false},"featured_media":36265,"comment_status":"closed","ping_status":"closed","template":"","meta":{"_acf_changed":false},"product_cat":[1406,6016],"product_tag":[8099,8292,8290,8288,8293,8287,8289,8291],"class_list":["product","first","instock","shipping-taxable","purchasable","product-type-simple"],"acf":[],"_links":{"self":[{"href":"https:\/\/mouldking.store\/de\/wp-json\/wp\/v2\/product\/36264","targetHints":{"allow":["GET"]}}],"collection":[{"href":"https:\/\/mouldking.store\/de\/wp-json\/wp\/v2\/product"}],"about":[{"href":"https:\/\/mouldking.store\/de\/wp-json\/wp\/v2\/types\/product"}],"replies":[{"embeddable":true,"href":"https:\/\/mouldking.store\/de\/wp-json\/wp\/v2\/comments?post=36264"}],"wp:featuredmedia":[{"embeddable":true,"href":"https:\/\/mouldking.store\/de\/wp-json\/wp\/v2\/media\/36265"}],"wp:attachment":[{"href":"https:\/\/mouldking.store\/de\/wp-json\/wp\/v2\/media?parent=36264"}],"wp:term":[{"taxonomy":"product_cat","embeddable":true,"href":"https:\/\/mouldking.store\/de\/wp-json\/wp\/v2\/product_cat?post=36264"},{"taxonomy":"product_tag","embeddable":true,"href":"https:\/\/mouldking.store\/de\/wp-json\/wp\/v2\/product_tag?post=36264"}],"curies":[{"name":"wp","href":"https:\/\/api.w.org\/{rel}","templated":true}]}}