{"id":36280,"date":"2022-11-25T14:38:19","date_gmt":"2022-11-25T07:38:19","guid":{"rendered":"https:\/\/mouldking.store\/?post_type=product&#038;p=36280"},"modified":"2025-12-25T09:12:19","modified_gmt":"2025-12-25T02:12:19","slug":"moc-68234-cassini-huygens-scale-112-with-2096-pieces","status":"publish","type":"product","link":"https:\/\/mouldking.store\/de\/shop\/moc-68234-cassini-huygens-scale-112-with-2096-pieces\/","title":{"rendered":"MOC-68234 Cassini Huygens Ma\u00dfstab 1:12 mit 2096 Teilen"},"content":{"rendered":"<p>Produktinformation:<\/p>\n<ol>\n<li>Marke: MOC<\/li>\n<li>Geschlecht: Unisex<\/li>\n<li>Name: Cassini Huygens Ma\u00dfstab 1:12<\/li>\n<li>Altersspanne: &gt; 6 Jahre alt<\/li>\n<li>Modellnummer: 68234<\/li>\n<li>Einstufung: Assemblage<\/li>\n<li>Kunststoffblockform: Selbstsichernde Steine<\/li>\n<li>Material: Kunststoff<\/li>\n<li>Kunststofftyp: ABS<\/li>\n<li>Ziegelsteine: 2096 PCS<\/li>\n<li>Gr\u00f6\u00dfe: 44,3 x 32,4 x 69,6 cm<\/li>\n<li>Gewicht: 1,33 kg<\/li>\n<li>Enth\u00e4lt eine ausf\u00fchrliche Montageanleitung.<\/li>\n<\/ol>\n<p>Notiz:<br \/>\n1. Ohne Originalverpackung, aber wir garantieren, dass unsere Produkte eine Qualit\u00e4tssicherung und eine sch\u00f6ne Verpackung haben.<br \/>\n2. Wie alle Teile, die wir vor dem Versand \u00fcberpr\u00fcft haben, machen Sie sich keine Sorgen, wenn Sie feststellen, dass einige Teile fehlen oder besch\u00e4digt sind, und kontaktieren Sie uns einfach, und wir k\u00f6nnen sie Ihnen umgehend kostenlos erneut zusenden.<\/p>\n<figure id=\"attachment_36281\" aria-describedby=\"caption-attachment-36281\" style=\"width: 1024px\" class=\"wp-caption aligncenter\"><img fetchpriority=\"high\" decoding=\"async\" class=\"wp-image-36281 size-large\" src=\"https:\/\/mouldking.store\/wp-content\/uploads\/2022\/11\/MOC-68234-Space-Cassini-Huygens-Scale-112-MOC-FACTORY-1024x1024.png\" alt=\"MOC-68234 Cassini Huygens Scale 1:12 With 2096 Pieces\" width=\"1024\" height=\"1024\" title=\"-\" srcset=\"https:\/\/mouldking.store\/wp-content\/uploads\/2022\/11\/MOC-68234-Space-Cassini-Huygens-Scale-112-MOC-FACTORY-1024x1024.png 1024w, https:\/\/mouldking.store\/wp-content\/uploads\/2022\/11\/MOC-68234-Space-Cassini-Huygens-Scale-112-MOC-FACTORY-300x300.png 300w, https:\/\/mouldking.store\/wp-content\/uploads\/2022\/11\/MOC-68234-Space-Cassini-Huygens-Scale-112-MOC-FACTORY-768x768.png 768w, https:\/\/mouldking.store\/wp-content\/uploads\/2022\/11\/MOC-68234-Space-Cassini-Huygens-Scale-112-MOC-FACTORY-600x600.png 600w, https:\/\/mouldking.store\/wp-content\/uploads\/2022\/11\/MOC-68234-Space-Cassini-Huygens-Scale-112-MOC-FACTORY-150x150.png 150w, https:\/\/mouldking.store\/wp-content\/uploads\/2022\/11\/MOC-68234-Space-Cassini-Huygens-Scale-112-MOC-FACTORY-60x60.png 60w, https:\/\/mouldking.store\/wp-content\/uploads\/2022\/11\/MOC-68234-Space-Cassini-Huygens-Scale-112-MOC-FACTORY-90x90.png 90w, https:\/\/mouldking.store\/wp-content\/uploads\/2022\/11\/MOC-68234-Space-Cassini-Huygens-Scale-112-MOC-FACTORY.png 1095w\" sizes=\"(max-width: 1024px) 100vw, 1024px\" \/><figcaption id=\"caption-attachment-36281\" class=\"wp-caption-text\">MOC-68234 Cassini Huygens Ma\u00dfstab 1:12 mit 2096 Teilen<\/figcaption><\/figure>\n<figure id=\"attachment_36282\" aria-describedby=\"caption-attachment-36282\" style=\"width: 1000px\" class=\"wp-caption aligncenter\"><img decoding=\"async\" class=\"wp-image-36282 size-full\" src=\"https:\/\/mouldking.store\/wp-content\/uploads\/2022\/11\/MOC-68234-Cassini-Huygens-9.jpg\" alt=\"MOC-68234 Cassini Huygens Scale 1:12 With 2096 Pieces\" width=\"1000\" height=\"1000\" title=\"-\" srcset=\"https:\/\/mouldking.store\/wp-content\/uploads\/2022\/11\/MOC-68234-Cassini-Huygens-9.jpg 1000w, https:\/\/mouldking.store\/wp-content\/uploads\/2022\/11\/MOC-68234-Cassini-Huygens-9-300x300.jpg 300w, https:\/\/mouldking.store\/wp-content\/uploads\/2022\/11\/MOC-68234-Cassini-Huygens-9-768x768.jpg 768w, https:\/\/mouldking.store\/wp-content\/uploads\/2022\/11\/MOC-68234-Cassini-Huygens-9-600x600.jpg 600w, https:\/\/mouldking.store\/wp-content\/uploads\/2022\/11\/MOC-68234-Cassini-Huygens-9-150x150.jpg 150w, https:\/\/mouldking.store\/wp-content\/uploads\/2022\/11\/MOC-68234-Cassini-Huygens-9-60x60.jpg 60w, https:\/\/mouldking.store\/wp-content\/uploads\/2022\/11\/MOC-68234-Cassini-Huygens-9-90x90.jpg 90w\" sizes=\"(max-width: 1000px) 100vw, 1000px\" \/><figcaption id=\"caption-attachment-36282\" class=\"wp-caption-text\">MOC-68234 Cassini Huygens Ma\u00dfstab 1:12 mit 2096 Teilen<\/figcaption><\/figure>\n<figure id=\"attachment_36283\" aria-describedby=\"caption-attachment-36283\" style=\"width: 1000px\" class=\"wp-caption aligncenter\"><img decoding=\"async\" class=\"wp-image-36283 size-full\" src=\"https:\/\/mouldking.store\/wp-content\/uploads\/2022\/11\/MOC-68234-Cassini-Huygens-8.jpg\" alt=\"MOC-68234 Cassini Huygens Scale 1:12 With 2096 Pieces\" width=\"1000\" height=\"1000\" title=\"-\" srcset=\"https:\/\/mouldking.store\/wp-content\/uploads\/2022\/11\/MOC-68234-Cassini-Huygens-8.jpg 1000w, https:\/\/mouldking.store\/wp-content\/uploads\/2022\/11\/MOC-68234-Cassini-Huygens-8-300x300.jpg 300w, https:\/\/mouldking.store\/wp-content\/uploads\/2022\/11\/MOC-68234-Cassini-Huygens-8-768x768.jpg 768w, https:\/\/mouldking.store\/wp-content\/uploads\/2022\/11\/MOC-68234-Cassini-Huygens-8-600x600.jpg 600w, https:\/\/mouldking.store\/wp-content\/uploads\/2022\/11\/MOC-68234-Cassini-Huygens-8-150x150.jpg 150w, https:\/\/mouldking.store\/wp-content\/uploads\/2022\/11\/MOC-68234-Cassini-Huygens-8-60x60.jpg 60w, https:\/\/mouldking.store\/wp-content\/uploads\/2022\/11\/MOC-68234-Cassini-Huygens-8-90x90.jpg 90w\" sizes=\"(max-width: 1000px) 100vw, 1000px\" \/><figcaption id=\"caption-attachment-36283\" class=\"wp-caption-text\">MOC-68234 Cassini Huygens Ma\u00dfstab 1:12 mit 2096 Teilen<\/figcaption><\/figure>\n<figure id=\"attachment_36284\" aria-describedby=\"caption-attachment-36284\" style=\"width: 1000px\" class=\"wp-caption aligncenter\"><img loading=\"lazy\" decoding=\"async\" class=\"wp-image-36284 size-full\" src=\"https:\/\/mouldking.store\/wp-content\/uploads\/2022\/11\/MOC-68234-Cassini-Huygens-7.jpg\" alt=\"MOC-68234 Cassini Huygens Scale 1:12 With 2096 Pieces\" width=\"1000\" height=\"1000\" title=\"-\" srcset=\"https:\/\/mouldking.store\/wp-content\/uploads\/2022\/11\/MOC-68234-Cassini-Huygens-7.jpg 1000w, https:\/\/mouldking.store\/wp-content\/uploads\/2022\/11\/MOC-68234-Cassini-Huygens-7-300x300.jpg 300w, https:\/\/mouldking.store\/wp-content\/uploads\/2022\/11\/MOC-68234-Cassini-Huygens-7-768x768.jpg 768w, https:\/\/mouldking.store\/wp-content\/uploads\/2022\/11\/MOC-68234-Cassini-Huygens-7-600x600.jpg 600w, https:\/\/mouldking.store\/wp-content\/uploads\/2022\/11\/MOC-68234-Cassini-Huygens-7-150x150.jpg 150w, https:\/\/mouldking.store\/wp-content\/uploads\/2022\/11\/MOC-68234-Cassini-Huygens-7-60x60.jpg 60w, https:\/\/mouldking.store\/wp-content\/uploads\/2022\/11\/MOC-68234-Cassini-Huygens-7-90x90.jpg 90w\" sizes=\"(max-width: 1000px) 100vw, 1000px\" \/><figcaption id=\"caption-attachment-36284\" class=\"wp-caption-text\">MOC-68234 Cassini Huygens Ma\u00dfstab 1:12 mit 2096 Teilen<\/figcaption><\/figure>\n<figure id=\"attachment_36285\" aria-describedby=\"caption-attachment-36285\" style=\"width: 1000px\" class=\"wp-caption aligncenter\"><img loading=\"lazy\" decoding=\"async\" class=\"wp-image-36285 size-full\" src=\"https:\/\/mouldking.store\/wp-content\/uploads\/2022\/11\/MOC-68234-Cassini-Huygens-6.jpg\" alt=\"MOC-68234 Cassini Huygens Scale 1:12 With 2096 Pieces\" width=\"1000\" height=\"1000\" title=\"-\" srcset=\"https:\/\/mouldking.store\/wp-content\/uploads\/2022\/11\/MOC-68234-Cassini-Huygens-6.jpg 1000w, https:\/\/mouldking.store\/wp-content\/uploads\/2022\/11\/MOC-68234-Cassini-Huygens-6-300x300.jpg 300w, https:\/\/mouldking.store\/wp-content\/uploads\/2022\/11\/MOC-68234-Cassini-Huygens-6-768x768.jpg 768w, https:\/\/mouldking.store\/wp-content\/uploads\/2022\/11\/MOC-68234-Cassini-Huygens-6-600x600.jpg 600w, https:\/\/mouldking.store\/wp-content\/uploads\/2022\/11\/MOC-68234-Cassini-Huygens-6-150x150.jpg 150w, https:\/\/mouldking.store\/wp-content\/uploads\/2022\/11\/MOC-68234-Cassini-Huygens-6-60x60.jpg 60w, https:\/\/mouldking.store\/wp-content\/uploads\/2022\/11\/MOC-68234-Cassini-Huygens-6-90x90.jpg 90w\" sizes=\"(max-width: 1000px) 100vw, 1000px\" \/><figcaption id=\"caption-attachment-36285\" class=\"wp-caption-text\">MOC-68234 Cassini Huygens Ma\u00dfstab 1:12 mit 2096 Teilen<\/figcaption><\/figure>\n<figure id=\"attachment_36286\" aria-describedby=\"caption-attachment-36286\" style=\"width: 1000px\" class=\"wp-caption aligncenter\"><img loading=\"lazy\" decoding=\"async\" class=\"wp-image-36286 size-full\" src=\"https:\/\/mouldking.store\/wp-content\/uploads\/2022\/11\/MOC-68234-Cassini-Huygens-5.jpg\" alt=\"MOC-68234 Cassini Huygens Scale 1:12 With 2096 Pieces\" width=\"1000\" height=\"1000\" title=\"-\" srcset=\"https:\/\/mouldking.store\/wp-content\/uploads\/2022\/11\/MOC-68234-Cassini-Huygens-5.jpg 1000w, https:\/\/mouldking.store\/wp-content\/uploads\/2022\/11\/MOC-68234-Cassini-Huygens-5-300x300.jpg 300w, https:\/\/mouldking.store\/wp-content\/uploads\/2022\/11\/MOC-68234-Cassini-Huygens-5-768x768.jpg 768w, https:\/\/mouldking.store\/wp-content\/uploads\/2022\/11\/MOC-68234-Cassini-Huygens-5-600x600.jpg 600w, https:\/\/mouldking.store\/wp-content\/uploads\/2022\/11\/MOC-68234-Cassini-Huygens-5-150x150.jpg 150w, https:\/\/mouldking.store\/wp-content\/uploads\/2022\/11\/MOC-68234-Cassini-Huygens-5-60x60.jpg 60w, https:\/\/mouldking.store\/wp-content\/uploads\/2022\/11\/MOC-68234-Cassini-Huygens-5-90x90.jpg 90w\" sizes=\"(max-width: 1000px) 100vw, 1000px\" \/><figcaption id=\"caption-attachment-36286\" class=\"wp-caption-text\">MOC-68234 Cassini Huygens Ma\u00dfstab 1:12 mit 2096 Teilen<\/figcaption><\/figure>\n<figure id=\"attachment_36287\" aria-describedby=\"caption-attachment-36287\" style=\"width: 1000px\" class=\"wp-caption alignnone\"><img loading=\"lazy\" decoding=\"async\" class=\"wp-image-36287 size-full\" src=\"https:\/\/mouldking.store\/wp-content\/uploads\/2022\/11\/MOC-68234-Cassini-Huygens-4.jpg\" alt=\"MOC-68234 Cassini Huygens Scale 1:12 With 2096 Pieces\" width=\"1000\" height=\"1000\" title=\"-\" srcset=\"https:\/\/mouldking.store\/wp-content\/uploads\/2022\/11\/MOC-68234-Cassini-Huygens-4.jpg 1000w, https:\/\/mouldking.store\/wp-content\/uploads\/2022\/11\/MOC-68234-Cassini-Huygens-4-300x300.jpg 300w, https:\/\/mouldking.store\/wp-content\/uploads\/2022\/11\/MOC-68234-Cassini-Huygens-4-768x768.jpg 768w, https:\/\/mouldking.store\/wp-content\/uploads\/2022\/11\/MOC-68234-Cassini-Huygens-4-600x600.jpg 600w, https:\/\/mouldking.store\/wp-content\/uploads\/2022\/11\/MOC-68234-Cassini-Huygens-4-150x150.jpg 150w, https:\/\/mouldking.store\/wp-content\/uploads\/2022\/11\/MOC-68234-Cassini-Huygens-4-60x60.jpg 60w, https:\/\/mouldking.store\/wp-content\/uploads\/2022\/11\/MOC-68234-Cassini-Huygens-4-90x90.jpg 90w\" sizes=\"(max-width: 1000px) 100vw, 1000px\" \/><figcaption id=\"caption-attachment-36287\" class=\"wp-caption-text\">MOC-68234 Cassini Huygens Ma\u00dfstab 1:12 mit 2096 Teilen<\/figcaption><\/figure>\n<figure id=\"attachment_36288\" aria-describedby=\"caption-attachment-36288\" style=\"width: 1000px\" class=\"wp-caption aligncenter\"><img loading=\"lazy\" decoding=\"async\" class=\"wp-image-36288 size-full\" src=\"https:\/\/mouldking.store\/wp-content\/uploads\/2022\/11\/MOC-68234-Cassini-Huygens-3.jpg\" alt=\"MOC-68234 Cassini Huygens Scale 1:12 With 2096 Pieces\" width=\"1000\" height=\"1000\" title=\"-\" srcset=\"https:\/\/mouldking.store\/wp-content\/uploads\/2022\/11\/MOC-68234-Cassini-Huygens-3.jpg 1000w, https:\/\/mouldking.store\/wp-content\/uploads\/2022\/11\/MOC-68234-Cassini-Huygens-3-300x300.jpg 300w, https:\/\/mouldking.store\/wp-content\/uploads\/2022\/11\/MOC-68234-Cassini-Huygens-3-768x768.jpg 768w, https:\/\/mouldking.store\/wp-content\/uploads\/2022\/11\/MOC-68234-Cassini-Huygens-3-600x600.jpg 600w, https:\/\/mouldking.store\/wp-content\/uploads\/2022\/11\/MOC-68234-Cassini-Huygens-3-150x150.jpg 150w, https:\/\/mouldking.store\/wp-content\/uploads\/2022\/11\/MOC-68234-Cassini-Huygens-3-60x60.jpg 60w, https:\/\/mouldking.store\/wp-content\/uploads\/2022\/11\/MOC-68234-Cassini-Huygens-3-90x90.jpg 90w\" sizes=\"(max-width: 1000px) 100vw, 1000px\" \/><figcaption id=\"caption-attachment-36288\" class=\"wp-caption-text\">MOC-68234 Cassini Huygens Ma\u00dfstab 1:12 mit 2096 Teilen<\/figcaption><\/figure>\n<figure id=\"attachment_36289\" aria-describedby=\"caption-attachment-36289\" style=\"width: 1000px\" class=\"wp-caption aligncenter\"><img loading=\"lazy\" decoding=\"async\" class=\"wp-image-36289 size-full\" src=\"https:\/\/mouldking.store\/wp-content\/uploads\/2022\/11\/MOC-68234-Cassini-Huygens-2.jpg\" alt=\"MOC-68234 Cassini Huygens Scale 1:12 With 2096 Pieces\" width=\"1000\" height=\"1000\" title=\"-\" srcset=\"https:\/\/mouldking.store\/wp-content\/uploads\/2022\/11\/MOC-68234-Cassini-Huygens-2.jpg 1000w, https:\/\/mouldking.store\/wp-content\/uploads\/2022\/11\/MOC-68234-Cassini-Huygens-2-300x300.jpg 300w, https:\/\/mouldking.store\/wp-content\/uploads\/2022\/11\/MOC-68234-Cassini-Huygens-2-768x768.jpg 768w, https:\/\/mouldking.store\/wp-content\/uploads\/2022\/11\/MOC-68234-Cassini-Huygens-2-600x600.jpg 600w, https:\/\/mouldking.store\/wp-content\/uploads\/2022\/11\/MOC-68234-Cassini-Huygens-2-150x150.jpg 150w, https:\/\/mouldking.store\/wp-content\/uploads\/2022\/11\/MOC-68234-Cassini-Huygens-2-60x60.jpg 60w, https:\/\/mouldking.store\/wp-content\/uploads\/2022\/11\/MOC-68234-Cassini-Huygens-2-90x90.jpg 90w\" sizes=\"(max-width: 1000px) 100vw, 1000px\" \/><figcaption id=\"caption-attachment-36289\" class=\"wp-caption-text\">MOC-68234 Cassini Huygens Ma\u00dfstab 1:12 mit 2096 Teilen<\/figcaption><\/figure>\n<figure id=\"attachment_36290\" aria-describedby=\"caption-attachment-36290\" style=\"width: 571px\" class=\"wp-caption aligncenter\"><img loading=\"lazy\" decoding=\"async\" class=\"wp-image-36290 size-large\" src=\"https:\/\/mouldking.store\/wp-content\/uploads\/2022\/11\/MOC-68234-Cassini-Huygens-1-571x1024.jpg\" alt=\"MOC-68234 Cassini Huygens Scale 1:12 With 2096 Pieces\" width=\"571\" height=\"1024\" title=\"-\" srcset=\"https:\/\/mouldking.store\/wp-content\/uploads\/2022\/11\/MOC-68234-Cassini-Huygens-1-571x1024.jpg 571w, https:\/\/mouldking.store\/wp-content\/uploads\/2022\/11\/MOC-68234-Cassini-Huygens-1-167x300.jpg 167w, https:\/\/mouldking.store\/wp-content\/uploads\/2022\/11\/MOC-68234-Cassini-Huygens-1-300x538.jpg 300w, https:\/\/mouldking.store\/wp-content\/uploads\/2022\/11\/MOC-68234-Cassini-Huygens-1-600x1076.jpg 600w, https:\/\/mouldking.store\/wp-content\/uploads\/2022\/11\/MOC-68234-Cassini-Huygens-1-84x150.jpg 84w, https:\/\/mouldking.store\/wp-content\/uploads\/2022\/11\/MOC-68234-Cassini-Huygens-1-33x60.jpg 33w, https:\/\/mouldking.store\/wp-content\/uploads\/2022\/11\/MOC-68234-Cassini-Huygens-1-50x90.jpg 50w, https:\/\/mouldking.store\/wp-content\/uploads\/2022\/11\/MOC-68234-Cassini-Huygens-1.jpg 669w\" sizes=\"(max-width: 571px) 100vw, 571px\" \/><figcaption id=\"caption-attachment-36290\" class=\"wp-caption-text\">MOC-68234 Cassini Huygens Ma\u00dfstab 1:12 mit 2096 Teilen<\/figcaption><\/figure>","protected":false},"excerpt":{"rendered":"<p>Product information: Brand: MOC Gender: Unisex Name: Cassini Huygens Scale 1:12 Age Range: &gt; 6 years old Model Number: 68234 Classification: Assemblage Plastic Block Shape: Self-Locking Bricks Material: Plastic Plastic Type: ABS Bricks Blocks:2096 PCS Size: 44.3 x 32.4 x 69.6 cm Weight: 1.33 kg Contains detailed assembly instructions. Notice: 1. Without an original box, [&hellip;]<\/p>","protected":false},"featured_media":36281,"comment_status":"closed","ping_status":"closed","template":"","meta":{"_acf_changed":false},"product_cat":[1406,6016],"product_tag":[8301,8304,8305,8302,8300,8306,8299,8303],"class_list":["product","first","instock","shipping-taxable","purchasable","product-type-simple"],"acf":[],"_links":{"self":[{"href":"https:\/\/mouldking.store\/de\/wp-json\/wp\/v2\/product\/36280","targetHints":{"allow":["GET"]}}],"collection":[{"href":"https:\/\/mouldking.store\/de\/wp-json\/wp\/v2\/product"}],"about":[{"href":"https:\/\/mouldking.store\/de\/wp-json\/wp\/v2\/types\/product"}],"replies":[{"embeddable":true,"href":"https:\/\/mouldking.store\/de\/wp-json\/wp\/v2\/comments?post=36280"}],"wp:featuredmedia":[{"embeddable":true,"href":"https:\/\/mouldking.store\/de\/wp-json\/wp\/v2\/media\/36281"}],"wp:attachment":[{"href":"https:\/\/mouldking.store\/de\/wp-json\/wp\/v2\/media?parent=36280"}],"wp:term":[{"taxonomy":"product_cat","embeddable":true,"href":"https:\/\/mouldking.store\/de\/wp-json\/wp\/v2\/product_cat?post=36280"},{"taxonomy":"product_tag","embeddable":true,"href":"https:\/\/mouldking.store\/de\/wp-json\/wp\/v2\/product_tag?post=36280"}],"curies":[{"name":"wp","href":"https:\/\/api.w.org\/{rel}","templated":true}]}}