{"id":36291,"date":"2022-11-25T14:48:20","date_gmt":"2022-11-25T07:48:20","guid":{"rendered":"https:\/\/mouldking.store\/?post_type=product&#038;p=36291"},"modified":"2025-12-25T09:12:19","modified_gmt":"2025-12-25T02:12:19","slug":"moc-89543-rainbow-friends-evil-doer-with-186-pieces","status":"publish","type":"product","link":"https:\/\/mouldking.store\/de\/shop\/moc-89543-rainbow-friends-evil-doer-with-186-pieces\/","title":{"rendered":"MOC-89543 Rainbow Friends \u00dcbelt\u00e4ter mit 186 Teilen"},"content":{"rendered":"<p>Produktinformation:<\/p>\n<ol>\n<li>Marke: MOC<\/li>\n<li>Geschlecht: Unisex<\/li>\n<li>Name: Rainbow Friends Evil-doer<\/li>\n<li>Altersspanne: &gt; 6 Jahre alt<\/li>\n<li>Model Number: 89543<\/li>\n<li>Einstufung: Assemblage<\/li>\n<li>Kunststoffblockform: Selbstsichernde Steine<\/li>\n<li>Material: Kunststoff<\/li>\n<li>Kunststofftyp: ABS<\/li>\n<li>Bricks Blocks:186 PCS<\/li>\n<li>Size: 19.1 x 9.6 x 27.8 cm<\/li>\n<li>Gewicht: 0,1 kg<\/li>\n<li>Enth\u00e4lt eine ausf\u00fchrliche Montageanleitung.<\/li>\n<\/ol>\n<p>Notiz:<br \/>\n1. Ohne Originalverpackung, aber wir garantieren, dass unsere Produkte eine Qualit\u00e4tssicherung und eine sch\u00f6ne Verpackung haben.<br \/>\n2. Wie alle Teile, die wir vor dem Versand \u00fcberpr\u00fcft haben, machen Sie sich keine Sorgen, wenn Sie feststellen, dass einige Teile fehlen oder besch\u00e4digt sind, und kontaktieren Sie uns einfach, und wir k\u00f6nnen sie Ihnen umgehend kostenlos erneut zusenden.<\/p>\n<figure id=\"attachment_36292\" aria-describedby=\"caption-attachment-36292\" style=\"width: 1024px\" class=\"wp-caption aligncenter\"><img fetchpriority=\"high\" decoding=\"async\" class=\"wp-image-36292 size-large\" src=\"https:\/\/mouldking.store\/wp-content\/uploads\/2022\/11\/MOC-89543-Creator-Rainbow-Friends-Evil-doer-MOC-FACTORY-1024x1024.png\" alt=\"MOC-89543 Rainbow Friends Evil-doer With 186 Pieces\" width=\"1024\" height=\"1024\" title=\"-\" srcset=\"https:\/\/mouldking.store\/wp-content\/uploads\/2022\/11\/MOC-89543-Creator-Rainbow-Friends-Evil-doer-MOC-FACTORY-1024x1024.png 1024w, https:\/\/mouldking.store\/wp-content\/uploads\/2022\/11\/MOC-89543-Creator-Rainbow-Friends-Evil-doer-MOC-FACTORY-300x300.png 300w, https:\/\/mouldking.store\/wp-content\/uploads\/2022\/11\/MOC-89543-Creator-Rainbow-Friends-Evil-doer-MOC-FACTORY-768x768.png 768w, https:\/\/mouldking.store\/wp-content\/uploads\/2022\/11\/MOC-89543-Creator-Rainbow-Friends-Evil-doer-MOC-FACTORY-600x600.png 600w, https:\/\/mouldking.store\/wp-content\/uploads\/2022\/11\/MOC-89543-Creator-Rainbow-Friends-Evil-doer-MOC-FACTORY-150x150.png 150w, https:\/\/mouldking.store\/wp-content\/uploads\/2022\/11\/MOC-89543-Creator-Rainbow-Friends-Evil-doer-MOC-FACTORY-60x60.png 60w, https:\/\/mouldking.store\/wp-content\/uploads\/2022\/11\/MOC-89543-Creator-Rainbow-Friends-Evil-doer-MOC-FACTORY-90x90.png 90w, https:\/\/mouldking.store\/wp-content\/uploads\/2022\/11\/MOC-89543-Creator-Rainbow-Friends-Evil-doer-MOC-FACTORY.png 1095w\" sizes=\"(max-width: 1024px) 100vw, 1024px\" \/><figcaption id=\"caption-attachment-36292\" class=\"wp-caption-text\">MOC-89543 Rainbow Friends \u00dcbelt\u00e4ter mit 186 Teilen<\/figcaption><\/figure>\n<figure id=\"attachment_36293\" aria-describedby=\"caption-attachment-36293\" style=\"width: 1000px\" class=\"wp-caption aligncenter\"><img decoding=\"async\" class=\"wp-image-36293 size-full\" src=\"https:\/\/mouldking.store\/wp-content\/uploads\/2022\/11\/MOC-Rainbow-Friends-Evil-doer-9.jpg\" alt=\"MOC-89543 Rainbow Friends Evil-doer With 186 Pieces\" width=\"1000\" height=\"1000\" title=\"-\" srcset=\"https:\/\/mouldking.store\/wp-content\/uploads\/2022\/11\/MOC-Rainbow-Friends-Evil-doer-9.jpg 1000w, https:\/\/mouldking.store\/wp-content\/uploads\/2022\/11\/MOC-Rainbow-Friends-Evil-doer-9-300x300.jpg 300w, https:\/\/mouldking.store\/wp-content\/uploads\/2022\/11\/MOC-Rainbow-Friends-Evil-doer-9-768x768.jpg 768w, https:\/\/mouldking.store\/wp-content\/uploads\/2022\/11\/MOC-Rainbow-Friends-Evil-doer-9-600x600.jpg 600w, https:\/\/mouldking.store\/wp-content\/uploads\/2022\/11\/MOC-Rainbow-Friends-Evil-doer-9-150x150.jpg 150w, https:\/\/mouldking.store\/wp-content\/uploads\/2022\/11\/MOC-Rainbow-Friends-Evil-doer-9-60x60.jpg 60w, https:\/\/mouldking.store\/wp-content\/uploads\/2022\/11\/MOC-Rainbow-Friends-Evil-doer-9-90x90.jpg 90w\" sizes=\"(max-width: 1000px) 100vw, 1000px\" \/><figcaption id=\"caption-attachment-36293\" class=\"wp-caption-text\">MOC-89543 Rainbow Friends \u00dcbelt\u00e4ter mit 186 Teilen<\/figcaption><\/figure>\n<figure id=\"attachment_36294\" aria-describedby=\"caption-attachment-36294\" style=\"width: 1000px\" class=\"wp-caption aligncenter\"><img decoding=\"async\" class=\"wp-image-36294 size-full\" src=\"https:\/\/mouldking.store\/wp-content\/uploads\/2022\/11\/MOC-Rainbow-Friends-Evil-doer-8.jpg\" alt=\"MOC-89543 Rainbow Friends Evil-doer With 186 Pieces\" width=\"1000\" height=\"1000\" title=\"-\" srcset=\"https:\/\/mouldking.store\/wp-content\/uploads\/2022\/11\/MOC-Rainbow-Friends-Evil-doer-8.jpg 1000w, https:\/\/mouldking.store\/wp-content\/uploads\/2022\/11\/MOC-Rainbow-Friends-Evil-doer-8-300x300.jpg 300w, https:\/\/mouldking.store\/wp-content\/uploads\/2022\/11\/MOC-Rainbow-Friends-Evil-doer-8-768x768.jpg 768w, https:\/\/mouldking.store\/wp-content\/uploads\/2022\/11\/MOC-Rainbow-Friends-Evil-doer-8-600x600.jpg 600w, https:\/\/mouldking.store\/wp-content\/uploads\/2022\/11\/MOC-Rainbow-Friends-Evil-doer-8-150x150.jpg 150w, https:\/\/mouldking.store\/wp-content\/uploads\/2022\/11\/MOC-Rainbow-Friends-Evil-doer-8-60x60.jpg 60w, https:\/\/mouldking.store\/wp-content\/uploads\/2022\/11\/MOC-Rainbow-Friends-Evil-doer-8-90x90.jpg 90w\" sizes=\"(max-width: 1000px) 100vw, 1000px\" \/><figcaption id=\"caption-attachment-36294\" class=\"wp-caption-text\">MOC-89543 Rainbow Friends \u00dcbelt\u00e4ter mit 186 Teilen<\/figcaption><\/figure>\n<figure id=\"attachment_36295\" aria-describedby=\"caption-attachment-36295\" style=\"width: 1000px\" class=\"wp-caption aligncenter\"><img loading=\"lazy\" decoding=\"async\" class=\"wp-image-36295 size-full\" src=\"https:\/\/mouldking.store\/wp-content\/uploads\/2022\/11\/MOC-Rainbow-Friends-Evil-doer-7.jpg\" alt=\"MOC-89543 Rainbow Friends Evil-doer With 186 Pieces\" width=\"1000\" height=\"1000\" title=\"-\" srcset=\"https:\/\/mouldking.store\/wp-content\/uploads\/2022\/11\/MOC-Rainbow-Friends-Evil-doer-7.jpg 1000w, https:\/\/mouldking.store\/wp-content\/uploads\/2022\/11\/MOC-Rainbow-Friends-Evil-doer-7-300x300.jpg 300w, https:\/\/mouldking.store\/wp-content\/uploads\/2022\/11\/MOC-Rainbow-Friends-Evil-doer-7-768x768.jpg 768w, https:\/\/mouldking.store\/wp-content\/uploads\/2022\/11\/MOC-Rainbow-Friends-Evil-doer-7-600x600.jpg 600w, https:\/\/mouldking.store\/wp-content\/uploads\/2022\/11\/MOC-Rainbow-Friends-Evil-doer-7-150x150.jpg 150w, https:\/\/mouldking.store\/wp-content\/uploads\/2022\/11\/MOC-Rainbow-Friends-Evil-doer-7-60x60.jpg 60w, https:\/\/mouldking.store\/wp-content\/uploads\/2022\/11\/MOC-Rainbow-Friends-Evil-doer-7-90x90.jpg 90w\" sizes=\"(max-width: 1000px) 100vw, 1000px\" \/><figcaption id=\"caption-attachment-36295\" class=\"wp-caption-text\">MOC-89543 Rainbow Friends \u00dcbelt\u00e4ter mit 186 Teilen<\/figcaption><\/figure>\n<figure id=\"attachment_36296\" aria-describedby=\"caption-attachment-36296\" style=\"width: 1000px\" class=\"wp-caption aligncenter\"><img loading=\"lazy\" decoding=\"async\" class=\"wp-image-36296 size-full\" src=\"https:\/\/mouldking.store\/wp-content\/uploads\/2022\/11\/MOC-Rainbow-Friends-Evil-doer-6.jpg\" alt=\"MOC-89543 Rainbow Friends Evil-doer With 186 Pieces\" width=\"1000\" height=\"1000\" title=\"-\" srcset=\"https:\/\/mouldking.store\/wp-content\/uploads\/2022\/11\/MOC-Rainbow-Friends-Evil-doer-6.jpg 1000w, https:\/\/mouldking.store\/wp-content\/uploads\/2022\/11\/MOC-Rainbow-Friends-Evil-doer-6-300x300.jpg 300w, https:\/\/mouldking.store\/wp-content\/uploads\/2022\/11\/MOC-Rainbow-Friends-Evil-doer-6-768x768.jpg 768w, https:\/\/mouldking.store\/wp-content\/uploads\/2022\/11\/MOC-Rainbow-Friends-Evil-doer-6-600x600.jpg 600w, https:\/\/mouldking.store\/wp-content\/uploads\/2022\/11\/MOC-Rainbow-Friends-Evil-doer-6-150x150.jpg 150w, https:\/\/mouldking.store\/wp-content\/uploads\/2022\/11\/MOC-Rainbow-Friends-Evil-doer-6-60x60.jpg 60w, https:\/\/mouldking.store\/wp-content\/uploads\/2022\/11\/MOC-Rainbow-Friends-Evil-doer-6-90x90.jpg 90w\" sizes=\"(max-width: 1000px) 100vw, 1000px\" \/><figcaption id=\"caption-attachment-36296\" class=\"wp-caption-text\">MOC-89543 Rainbow Friends \u00dcbelt\u00e4ter mit 186 Teilen<\/figcaption><\/figure>\n<figure id=\"attachment_36297\" aria-describedby=\"caption-attachment-36297\" style=\"width: 1000px\" class=\"wp-caption aligncenter\"><img loading=\"lazy\" decoding=\"async\" class=\"wp-image-36297 size-full\" src=\"https:\/\/mouldking.store\/wp-content\/uploads\/2022\/11\/MOC-Rainbow-Friends-Evil-doer-5.jpg\" alt=\"MOC-89543 Rainbow Friends Evil-doer With 186 Pieces\" width=\"1000\" height=\"1000\" title=\"-\" srcset=\"https:\/\/mouldking.store\/wp-content\/uploads\/2022\/11\/MOC-Rainbow-Friends-Evil-doer-5.jpg 1000w, https:\/\/mouldking.store\/wp-content\/uploads\/2022\/11\/MOC-Rainbow-Friends-Evil-doer-5-300x300.jpg 300w, https:\/\/mouldking.store\/wp-content\/uploads\/2022\/11\/MOC-Rainbow-Friends-Evil-doer-5-768x768.jpg 768w, https:\/\/mouldking.store\/wp-content\/uploads\/2022\/11\/MOC-Rainbow-Friends-Evil-doer-5-600x600.jpg 600w, https:\/\/mouldking.store\/wp-content\/uploads\/2022\/11\/MOC-Rainbow-Friends-Evil-doer-5-150x150.jpg 150w, https:\/\/mouldking.store\/wp-content\/uploads\/2022\/11\/MOC-Rainbow-Friends-Evil-doer-5-60x60.jpg 60w, https:\/\/mouldking.store\/wp-content\/uploads\/2022\/11\/MOC-Rainbow-Friends-Evil-doer-5-90x90.jpg 90w\" sizes=\"(max-width: 1000px) 100vw, 1000px\" \/><figcaption id=\"caption-attachment-36297\" class=\"wp-caption-text\">MOC-89543 Rainbow Friends \u00dcbelt\u00e4ter mit 186 Teilen<\/figcaption><\/figure>\n<figure id=\"attachment_36298\" aria-describedby=\"caption-attachment-36298\" style=\"width: 1000px\" class=\"wp-caption aligncenter\"><img loading=\"lazy\" decoding=\"async\" class=\"wp-image-36298 size-full\" src=\"https:\/\/mouldking.store\/wp-content\/uploads\/2022\/11\/MOC-Rainbow-Friends-Evil-doer-4.jpg\" alt=\"MOC-89543 Rainbow Friends Evil-doer With 186 Pieces\" width=\"1000\" height=\"1000\" title=\"-\" srcset=\"https:\/\/mouldking.store\/wp-content\/uploads\/2022\/11\/MOC-Rainbow-Friends-Evil-doer-4.jpg 1000w, https:\/\/mouldking.store\/wp-content\/uploads\/2022\/11\/MOC-Rainbow-Friends-Evil-doer-4-300x300.jpg 300w, https:\/\/mouldking.store\/wp-content\/uploads\/2022\/11\/MOC-Rainbow-Friends-Evil-doer-4-768x768.jpg 768w, https:\/\/mouldking.store\/wp-content\/uploads\/2022\/11\/MOC-Rainbow-Friends-Evil-doer-4-600x600.jpg 600w, https:\/\/mouldking.store\/wp-content\/uploads\/2022\/11\/MOC-Rainbow-Friends-Evil-doer-4-150x150.jpg 150w, https:\/\/mouldking.store\/wp-content\/uploads\/2022\/11\/MOC-Rainbow-Friends-Evil-doer-4-60x60.jpg 60w, https:\/\/mouldking.store\/wp-content\/uploads\/2022\/11\/MOC-Rainbow-Friends-Evil-doer-4-90x90.jpg 90w\" sizes=\"(max-width: 1000px) 100vw, 1000px\" \/><figcaption id=\"caption-attachment-36298\" class=\"wp-caption-text\">MOC-89543 Rainbow Friends \u00dcbelt\u00e4ter mit 186 Teilen<\/figcaption><\/figure>\n<figure id=\"attachment_36299\" aria-describedby=\"caption-attachment-36299\" style=\"width: 1000px\" class=\"wp-caption aligncenter\"><img loading=\"lazy\" decoding=\"async\" class=\"wp-image-36299 size-full\" src=\"https:\/\/mouldking.store\/wp-content\/uploads\/2022\/11\/MOC-Rainbow-Friends-Evil-doer-3.jpg\" alt=\"MOC-89543 Rainbow Friends Evil-doer With 186 Pieces\" width=\"1000\" height=\"1000\" title=\"-\" srcset=\"https:\/\/mouldking.store\/wp-content\/uploads\/2022\/11\/MOC-Rainbow-Friends-Evil-doer-3.jpg 1000w, https:\/\/mouldking.store\/wp-content\/uploads\/2022\/11\/MOC-Rainbow-Friends-Evil-doer-3-300x300.jpg 300w, https:\/\/mouldking.store\/wp-content\/uploads\/2022\/11\/MOC-Rainbow-Friends-Evil-doer-3-768x768.jpg 768w, https:\/\/mouldking.store\/wp-content\/uploads\/2022\/11\/MOC-Rainbow-Friends-Evil-doer-3-600x600.jpg 600w, https:\/\/mouldking.store\/wp-content\/uploads\/2022\/11\/MOC-Rainbow-Friends-Evil-doer-3-150x150.jpg 150w, https:\/\/mouldking.store\/wp-content\/uploads\/2022\/11\/MOC-Rainbow-Friends-Evil-doer-3-60x60.jpg 60w, https:\/\/mouldking.store\/wp-content\/uploads\/2022\/11\/MOC-Rainbow-Friends-Evil-doer-3-90x90.jpg 90w\" sizes=\"(max-width: 1000px) 100vw, 1000px\" \/><figcaption id=\"caption-attachment-36299\" class=\"wp-caption-text\">MOC-89543 Rainbow Friends \u00dcbelt\u00e4ter mit 186 Teilen<\/figcaption><\/figure>\n<figure id=\"attachment_36300\" aria-describedby=\"caption-attachment-36300\" style=\"width: 1000px\" class=\"wp-caption aligncenter\"><img loading=\"lazy\" decoding=\"async\" class=\"wp-image-36300 size-full\" src=\"https:\/\/mouldking.store\/wp-content\/uploads\/2022\/11\/MOC-Rainbow-Friends-Evil-doer-2.jpg\" alt=\"MOC-89543 Rainbow Friends Evil-doer With 186 Pieces\" width=\"1000\" height=\"1000\" title=\"-\" srcset=\"https:\/\/mouldking.store\/wp-content\/uploads\/2022\/11\/MOC-Rainbow-Friends-Evil-doer-2.jpg 1000w, https:\/\/mouldking.store\/wp-content\/uploads\/2022\/11\/MOC-Rainbow-Friends-Evil-doer-2-300x300.jpg 300w, https:\/\/mouldking.store\/wp-content\/uploads\/2022\/11\/MOC-Rainbow-Friends-Evil-doer-2-768x768.jpg 768w, https:\/\/mouldking.store\/wp-content\/uploads\/2022\/11\/MOC-Rainbow-Friends-Evil-doer-2-600x600.jpg 600w, https:\/\/mouldking.store\/wp-content\/uploads\/2022\/11\/MOC-Rainbow-Friends-Evil-doer-2-150x150.jpg 150w, https:\/\/mouldking.store\/wp-content\/uploads\/2022\/11\/MOC-Rainbow-Friends-Evil-doer-2-60x60.jpg 60w, https:\/\/mouldking.store\/wp-content\/uploads\/2022\/11\/MOC-Rainbow-Friends-Evil-doer-2-90x90.jpg 90w\" sizes=\"(max-width: 1000px) 100vw, 1000px\" \/><figcaption id=\"caption-attachment-36300\" class=\"wp-caption-text\">MOC-89543 Rainbow Friends \u00dcbelt\u00e4ter mit 186 Teilen<\/figcaption><\/figure>\n<figure id=\"attachment_36301\" aria-describedby=\"caption-attachment-36301\" style=\"width: 1000px\" class=\"wp-caption aligncenter\"><img loading=\"lazy\" decoding=\"async\" class=\"wp-image-36301 size-full\" src=\"https:\/\/mouldking.store\/wp-content\/uploads\/2022\/11\/MOC-Rainbow-Friends-Evil-doer-1.jpg\" alt=\"MOC-89543 Rainbow Friends Evil-doer With 186 Pieces\" width=\"1000\" height=\"1000\" title=\"-\" srcset=\"https:\/\/mouldking.store\/wp-content\/uploads\/2022\/11\/MOC-Rainbow-Friends-Evil-doer-1.jpg 1000w, https:\/\/mouldking.store\/wp-content\/uploads\/2022\/11\/MOC-Rainbow-Friends-Evil-doer-1-300x300.jpg 300w, https:\/\/mouldking.store\/wp-content\/uploads\/2022\/11\/MOC-Rainbow-Friends-Evil-doer-1-768x768.jpg 768w, https:\/\/mouldking.store\/wp-content\/uploads\/2022\/11\/MOC-Rainbow-Friends-Evil-doer-1-600x600.jpg 600w, https:\/\/mouldking.store\/wp-content\/uploads\/2022\/11\/MOC-Rainbow-Friends-Evil-doer-1-150x150.jpg 150w, https:\/\/mouldking.store\/wp-content\/uploads\/2022\/11\/MOC-Rainbow-Friends-Evil-doer-1-60x60.jpg 60w, https:\/\/mouldking.store\/wp-content\/uploads\/2022\/11\/MOC-Rainbow-Friends-Evil-doer-1-90x90.jpg 90w\" sizes=\"(max-width: 1000px) 100vw, 1000px\" \/><figcaption id=\"caption-attachment-36301\" class=\"wp-caption-text\">MOC-89543 Rainbow Friends \u00dcbelt\u00e4ter mit 186 Teilen<\/figcaption><\/figure>","protected":false},"excerpt":{"rendered":"<p>Product information: Brand: MOC Gender: Unisex Name: Rainbow Friends Evil-doer Age Range: &gt; 6 years old Model Number: 89543 Classification: Assemblage Plastic Block Shape: Self-Locking Bricks Material: Plastic Plastic Type: ABS Bricks Blocks:186 PCS Size: 19.1 x 9.6 x 27.8 cm Weight: 0.1 kg Contains detailed assembly instructions. Notice: 1. Without an original box, but [&hellip;]<\/p>","protected":false},"featured_media":36292,"comment_status":"closed","ping_status":"closed","template":"","meta":{"_acf_changed":false},"product_cat":[1365,1406,371],"product_tag":[8309,8308,8311,8307,6690,8310],"class_list":["product","first","instock","shipping-taxable","purchasable","product-type-simple"],"acf":[],"_links":{"self":[{"href":"https:\/\/mouldking.store\/de\/wp-json\/wp\/v2\/product\/36291","targetHints":{"allow":["GET"]}}],"collection":[{"href":"https:\/\/mouldking.store\/de\/wp-json\/wp\/v2\/product"}],"about":[{"href":"https:\/\/mouldking.store\/de\/wp-json\/wp\/v2\/types\/product"}],"replies":[{"embeddable":true,"href":"https:\/\/mouldking.store\/de\/wp-json\/wp\/v2\/comments?post=36291"}],"wp:featuredmedia":[{"embeddable":true,"href":"https:\/\/mouldking.store\/de\/wp-json\/wp\/v2\/media\/36292"}],"wp:attachment":[{"href":"https:\/\/mouldking.store\/de\/wp-json\/wp\/v2\/media?parent=36291"}],"wp:term":[{"taxonomy":"product_cat","embeddable":true,"href":"https:\/\/mouldking.store\/de\/wp-json\/wp\/v2\/product_cat?post=36291"},{"taxonomy":"product_tag","embeddable":true,"href":"https:\/\/mouldking.store\/de\/wp-json\/wp\/v2\/product_tag?post=36291"}],"curies":[{"name":"wp","href":"https:\/\/api.w.org\/{rel}","templated":true}]}}