{"id":36324,"date":"2022-11-25T15:15:28","date_gmt":"2022-11-25T08:15:28","guid":{"rendered":"https:\/\/mouldking.store\/?post_type=product&#038;p=36324"},"modified":"2025-12-25T09:12:19","modified_gmt":"2025-12-25T02:12:19","slug":"moc-124049-empire-soldiers-house-pirates-series-1-with-923-pieces","status":"publish","type":"product","link":"https:\/\/mouldking.store\/de\/shop\/moc-124049-empire-soldiers-house-pirates-series-1-with-923-pieces\/","title":{"rendered":"MOC-124049 Empire Soldiers House (Pirates Series #1) mit 923 Teilen"},"content":{"rendered":"<p>Produktinformation:<\/p>\n<ol>\n<li>Marke: MOC<\/li>\n<li>Geschlecht: Unisex<\/li>\n<li>Name: Empire Soldiers House (Pirates Series #1)<\/li>\n<li>Altersspanne: &gt; 6 Jahre alt<\/li>\n<li>Model Number: 124049<\/li>\n<li>Einstufung: Assemblage<\/li>\n<li>Kunststoffblockform: Selbstsichernde Steine<\/li>\n<li>Material: Kunststoff<\/li>\n<li>Kunststofftyp: ABS<\/li>\n<li>Bricks Blocks:923 PCS<\/li>\n<li>Size: 16.7 x 12.7 x 19.3 cm<\/li>\n<li>Gewicht: 0,48 kg<\/li>\n<li>Enth\u00e4lt eine ausf\u00fchrliche Montageanleitung.<\/li>\n<\/ol>\n<p>Notiz:<br \/>\n1. Ohne Originalverpackung, aber wir garantieren, dass unsere Produkte eine Qualit\u00e4tssicherung und eine sch\u00f6ne Verpackung haben.<br \/>\n2. Wie alle Teile, die wir vor dem Versand \u00fcberpr\u00fcft haben, machen Sie sich keine Sorgen, wenn Sie feststellen, dass einige Teile fehlen oder besch\u00e4digt sind, und kontaktieren Sie uns einfach, und wir k\u00f6nnen sie Ihnen umgehend kostenlos erneut zusenden.<\/p>\n<figure id=\"attachment_36325\" aria-describedby=\"caption-attachment-36325\" style=\"width: 1095px\" class=\"wp-caption aligncenter\"><img fetchpriority=\"high\" decoding=\"async\" class=\"wp-image-36325 size-full\" src=\"https:\/\/mouldking.store\/wp-content\/uploads\/2022\/11\/MOC-124049-Modular-Building-Empire-Soldiers-House-Pirates-Series-1-MOC-FACTORY.png\" alt=\"MOC-124049 Empire Soldiers House (Pirates Series #1) With 923 Pieces\" width=\"1095\" height=\"1095\" title=\"-\" srcset=\"https:\/\/mouldking.store\/wp-content\/uploads\/2022\/11\/MOC-124049-Modular-Building-Empire-Soldiers-House-Pirates-Series-1-MOC-FACTORY.png 1095w, https:\/\/mouldking.store\/wp-content\/uploads\/2022\/11\/MOC-124049-Modular-Building-Empire-Soldiers-House-Pirates-Series-1-MOC-FACTORY-300x300.png 300w, https:\/\/mouldking.store\/wp-content\/uploads\/2022\/11\/MOC-124049-Modular-Building-Empire-Soldiers-House-Pirates-Series-1-MOC-FACTORY-1024x1024.png 1024w, https:\/\/mouldking.store\/wp-content\/uploads\/2022\/11\/MOC-124049-Modular-Building-Empire-Soldiers-House-Pirates-Series-1-MOC-FACTORY-768x768.png 768w, https:\/\/mouldking.store\/wp-content\/uploads\/2022\/11\/MOC-124049-Modular-Building-Empire-Soldiers-House-Pirates-Series-1-MOC-FACTORY-600x600.png 600w, https:\/\/mouldking.store\/wp-content\/uploads\/2022\/11\/MOC-124049-Modular-Building-Empire-Soldiers-House-Pirates-Series-1-MOC-FACTORY-150x150.png 150w, https:\/\/mouldking.store\/wp-content\/uploads\/2022\/11\/MOC-124049-Modular-Building-Empire-Soldiers-House-Pirates-Series-1-MOC-FACTORY-60x60.png 60w, https:\/\/mouldking.store\/wp-content\/uploads\/2022\/11\/MOC-124049-Modular-Building-Empire-Soldiers-House-Pirates-Series-1-MOC-FACTORY-90x90.png 90w\" sizes=\"(max-width: 1095px) 100vw, 1095px\" \/><figcaption id=\"caption-attachment-36325\" class=\"wp-caption-text\">MOC-124049 Empire Soldiers House (Pirates Series #1) mit 923 Teilen<\/figcaption><\/figure>\n<figure id=\"attachment_36326\" aria-describedby=\"caption-attachment-36326\" style=\"width: 1000px\" class=\"wp-caption aligncenter\"><img decoding=\"async\" class=\"wp-image-36326 size-full\" src=\"https:\/\/mouldking.store\/wp-content\/uploads\/2022\/11\/MOC-124049-Empire-Soldiers-House-6.jpg\" alt=\"MOC-124049 Empire Soldiers House (Pirates Series #1) With 923 Pieces\" width=\"1000\" height=\"1000\" title=\"-\" srcset=\"https:\/\/mouldking.store\/wp-content\/uploads\/2022\/11\/MOC-124049-Empire-Soldiers-House-6.jpg 1000w, https:\/\/mouldking.store\/wp-content\/uploads\/2022\/11\/MOC-124049-Empire-Soldiers-House-6-300x300.jpg 300w, https:\/\/mouldking.store\/wp-content\/uploads\/2022\/11\/MOC-124049-Empire-Soldiers-House-6-768x768.jpg 768w, https:\/\/mouldking.store\/wp-content\/uploads\/2022\/11\/MOC-124049-Empire-Soldiers-House-6-600x600.jpg 600w, https:\/\/mouldking.store\/wp-content\/uploads\/2022\/11\/MOC-124049-Empire-Soldiers-House-6-150x150.jpg 150w, https:\/\/mouldking.store\/wp-content\/uploads\/2022\/11\/MOC-124049-Empire-Soldiers-House-6-60x60.jpg 60w, https:\/\/mouldking.store\/wp-content\/uploads\/2022\/11\/MOC-124049-Empire-Soldiers-House-6-90x90.jpg 90w\" sizes=\"(max-width: 1000px) 100vw, 1000px\" \/><figcaption id=\"caption-attachment-36326\" class=\"wp-caption-text\">MOC-124049 Empire Soldiers House (Pirates Series #1) mit 923 Teilen<\/figcaption><\/figure>\n<figure id=\"attachment_36327\" aria-describedby=\"caption-attachment-36327\" style=\"width: 1000px\" class=\"wp-caption aligncenter\"><img decoding=\"async\" class=\"wp-image-36327 size-full\" src=\"https:\/\/mouldking.store\/wp-content\/uploads\/2022\/11\/MOC-124049-Empire-Soldiers-House-5.jpg\" alt=\"MOC-124049 Empire Soldiers House (Pirates Series #1) With 923 Pieces\" width=\"1000\" height=\"1000\" title=\"-\" srcset=\"https:\/\/mouldking.store\/wp-content\/uploads\/2022\/11\/MOC-124049-Empire-Soldiers-House-5.jpg 1000w, https:\/\/mouldking.store\/wp-content\/uploads\/2022\/11\/MOC-124049-Empire-Soldiers-House-5-300x300.jpg 300w, https:\/\/mouldking.store\/wp-content\/uploads\/2022\/11\/MOC-124049-Empire-Soldiers-House-5-768x768.jpg 768w, https:\/\/mouldking.store\/wp-content\/uploads\/2022\/11\/MOC-124049-Empire-Soldiers-House-5-600x600.jpg 600w, https:\/\/mouldking.store\/wp-content\/uploads\/2022\/11\/MOC-124049-Empire-Soldiers-House-5-150x150.jpg 150w, https:\/\/mouldking.store\/wp-content\/uploads\/2022\/11\/MOC-124049-Empire-Soldiers-House-5-60x60.jpg 60w, https:\/\/mouldking.store\/wp-content\/uploads\/2022\/11\/MOC-124049-Empire-Soldiers-House-5-90x90.jpg 90w\" sizes=\"(max-width: 1000px) 100vw, 1000px\" \/><figcaption id=\"caption-attachment-36327\" class=\"wp-caption-text\">MOC-124049 Empire Soldiers House (Pirates Series #1) mit 923 Teilen<\/figcaption><\/figure>\n<figure id=\"attachment_36328\" aria-describedby=\"caption-attachment-36328\" style=\"width: 1000px\" class=\"wp-caption aligncenter\"><img loading=\"lazy\" decoding=\"async\" class=\"wp-image-36328 size-full\" src=\"https:\/\/mouldking.store\/wp-content\/uploads\/2022\/11\/MOC-124049-Empire-Soldiers-House-4.jpg\" alt=\"MOC-124049 Empire Soldiers House (Pirates Series #1) With 923 Pieces\" width=\"1000\" height=\"1000\" title=\"-\" srcset=\"https:\/\/mouldking.store\/wp-content\/uploads\/2022\/11\/MOC-124049-Empire-Soldiers-House-4.jpg 1000w, https:\/\/mouldking.store\/wp-content\/uploads\/2022\/11\/MOC-124049-Empire-Soldiers-House-4-300x300.jpg 300w, https:\/\/mouldking.store\/wp-content\/uploads\/2022\/11\/MOC-124049-Empire-Soldiers-House-4-768x768.jpg 768w, https:\/\/mouldking.store\/wp-content\/uploads\/2022\/11\/MOC-124049-Empire-Soldiers-House-4-600x600.jpg 600w, https:\/\/mouldking.store\/wp-content\/uploads\/2022\/11\/MOC-124049-Empire-Soldiers-House-4-150x150.jpg 150w, https:\/\/mouldking.store\/wp-content\/uploads\/2022\/11\/MOC-124049-Empire-Soldiers-House-4-60x60.jpg 60w, https:\/\/mouldking.store\/wp-content\/uploads\/2022\/11\/MOC-124049-Empire-Soldiers-House-4-90x90.jpg 90w\" sizes=\"(max-width: 1000px) 100vw, 1000px\" \/><figcaption id=\"caption-attachment-36328\" class=\"wp-caption-text\">MOC-124049 Empire Soldiers House (Pirates Series #1) mit 923 Teilen<\/figcaption><\/figure>\n<figure id=\"attachment_36329\" aria-describedby=\"caption-attachment-36329\" style=\"width: 1000px\" class=\"wp-caption aligncenter\"><img loading=\"lazy\" decoding=\"async\" class=\"wp-image-36329 size-full\" src=\"https:\/\/mouldking.store\/wp-content\/uploads\/2022\/11\/MOC-124049-Empire-Soldiers-House-3.jpg\" alt=\"MOC-124049 Empire Soldiers House (Pirates Series #1) With 923 Pieces\" width=\"1000\" height=\"1000\" title=\"-\" srcset=\"https:\/\/mouldking.store\/wp-content\/uploads\/2022\/11\/MOC-124049-Empire-Soldiers-House-3.jpg 1000w, https:\/\/mouldking.store\/wp-content\/uploads\/2022\/11\/MOC-124049-Empire-Soldiers-House-3-300x300.jpg 300w, https:\/\/mouldking.store\/wp-content\/uploads\/2022\/11\/MOC-124049-Empire-Soldiers-House-3-768x768.jpg 768w, https:\/\/mouldking.store\/wp-content\/uploads\/2022\/11\/MOC-124049-Empire-Soldiers-House-3-600x600.jpg 600w, https:\/\/mouldking.store\/wp-content\/uploads\/2022\/11\/MOC-124049-Empire-Soldiers-House-3-150x150.jpg 150w, https:\/\/mouldking.store\/wp-content\/uploads\/2022\/11\/MOC-124049-Empire-Soldiers-House-3-60x60.jpg 60w, https:\/\/mouldking.store\/wp-content\/uploads\/2022\/11\/MOC-124049-Empire-Soldiers-House-3-90x90.jpg 90w\" sizes=\"(max-width: 1000px) 100vw, 1000px\" \/><figcaption id=\"caption-attachment-36329\" class=\"wp-caption-text\">MOC-124049 Empire Soldiers House (Pirates Series #1) mit 923 Teilen<\/figcaption><\/figure>\n<figure id=\"attachment_36330\" aria-describedby=\"caption-attachment-36330\" style=\"width: 1000px\" class=\"wp-caption aligncenter\"><img loading=\"lazy\" decoding=\"async\" class=\"wp-image-36330 size-full\" src=\"https:\/\/mouldking.store\/wp-content\/uploads\/2022\/11\/MOC-124049-Empire-Soldiers-House-2.jpg\" alt=\"MOC-124049 Empire Soldiers House (Pirates Series #1) With 923 Pieces\" width=\"1000\" height=\"1000\" title=\"-\" srcset=\"https:\/\/mouldking.store\/wp-content\/uploads\/2022\/11\/MOC-124049-Empire-Soldiers-House-2.jpg 1000w, https:\/\/mouldking.store\/wp-content\/uploads\/2022\/11\/MOC-124049-Empire-Soldiers-House-2-300x300.jpg 300w, https:\/\/mouldking.store\/wp-content\/uploads\/2022\/11\/MOC-124049-Empire-Soldiers-House-2-768x768.jpg 768w, https:\/\/mouldking.store\/wp-content\/uploads\/2022\/11\/MOC-124049-Empire-Soldiers-House-2-600x600.jpg 600w, https:\/\/mouldking.store\/wp-content\/uploads\/2022\/11\/MOC-124049-Empire-Soldiers-House-2-150x150.jpg 150w, https:\/\/mouldking.store\/wp-content\/uploads\/2022\/11\/MOC-124049-Empire-Soldiers-House-2-60x60.jpg 60w, https:\/\/mouldking.store\/wp-content\/uploads\/2022\/11\/MOC-124049-Empire-Soldiers-House-2-90x90.jpg 90w\" sizes=\"(max-width: 1000px) 100vw, 1000px\" \/><figcaption id=\"caption-attachment-36330\" class=\"wp-caption-text\">MOC-124049 Empire Soldiers House (Pirates Series #1) mit 923 Teilen<\/figcaption><\/figure>\n<figure id=\"attachment_36331\" aria-describedby=\"caption-attachment-36331\" style=\"width: 538px\" class=\"wp-caption aligncenter\"><img loading=\"lazy\" decoding=\"async\" class=\"wp-image-36331 size-large\" src=\"https:\/\/mouldking.store\/wp-content\/uploads\/2022\/11\/MOC-124049-Empire-Soldiers-House-1-538x1024.jpg\" alt=\"MOC-124049 Empire Soldiers House (Pirates Series #1) With 923 Pieces\" width=\"538\" height=\"1024\" title=\"-\" srcset=\"https:\/\/mouldking.store\/wp-content\/uploads\/2022\/11\/MOC-124049-Empire-Soldiers-House-1-538x1024.jpg 538w, https:\/\/mouldking.store\/wp-content\/uploads\/2022\/11\/MOC-124049-Empire-Soldiers-House-1-158x300.jpg 158w, https:\/\/mouldking.store\/wp-content\/uploads\/2022\/11\/MOC-124049-Empire-Soldiers-House-1-300x571.jpg 300w, https:\/\/mouldking.store\/wp-content\/uploads\/2022\/11\/MOC-124049-Empire-Soldiers-House-1-600x1143.jpg 600w, https:\/\/mouldking.store\/wp-content\/uploads\/2022\/11\/MOC-124049-Empire-Soldiers-House-1-79x150.jpg 79w, https:\/\/mouldking.store\/wp-content\/uploads\/2022\/11\/MOC-124049-Empire-Soldiers-House-1-32x60.jpg 32w, https:\/\/mouldking.store\/wp-content\/uploads\/2022\/11\/MOC-124049-Empire-Soldiers-House-1-47x90.jpg 47w, https:\/\/mouldking.store\/wp-content\/uploads\/2022\/11\/MOC-124049-Empire-Soldiers-House-1.jpg 630w\" sizes=\"(max-width: 538px) 100vw, 538px\" \/><figcaption id=\"caption-attachment-36331\" class=\"wp-caption-text\">MOC-124049 Empire Soldiers House (Pirates Series #1) mit 923 Teilen<\/figcaption><\/figure>","protected":false},"excerpt":{"rendered":"<p>Product information: Brand: MOC Gender: Unisex Name: Empire Soldiers House (Pirates Series #1) Age Range: &gt; 6 years old Model Number: 124049 Classification: Assemblage Plastic Block Shape: Self-Locking Bricks Material: Plastic Plastic Type: ABS Bricks Blocks:923 PCS Size: 16.7 x 12.7 x 19.3 cm Weight: 0.48 kg Contains detailed assembly instructions. Notice: 1. Without an [&hellip;]<\/p>","protected":false},"featured_media":36325,"comment_status":"closed","ping_status":"closed","template":"","meta":{"_acf_changed":false},"product_cat":[1395,1406,390],"product_tag":[8327,8330,8331,2318,8326,8332,8325,8329,8328],"class_list":["product","first","instock","shipping-taxable","purchasable","product-type-simple"],"acf":[],"_links":{"self":[{"href":"https:\/\/mouldking.store\/de\/wp-json\/wp\/v2\/product\/36324","targetHints":{"allow":["GET"]}}],"collection":[{"href":"https:\/\/mouldking.store\/de\/wp-json\/wp\/v2\/product"}],"about":[{"href":"https:\/\/mouldking.store\/de\/wp-json\/wp\/v2\/types\/product"}],"replies":[{"embeddable":true,"href":"https:\/\/mouldking.store\/de\/wp-json\/wp\/v2\/comments?post=36324"}],"wp:featuredmedia":[{"embeddable":true,"href":"https:\/\/mouldking.store\/de\/wp-json\/wp\/v2\/media\/36325"}],"wp:attachment":[{"href":"https:\/\/mouldking.store\/de\/wp-json\/wp\/v2\/media?parent=36324"}],"wp:term":[{"taxonomy":"product_cat","embeddable":true,"href":"https:\/\/mouldking.store\/de\/wp-json\/wp\/v2\/product_cat?post=36324"},{"taxonomy":"product_tag","embeddable":true,"href":"https:\/\/mouldking.store\/de\/wp-json\/wp\/v2\/product_tag?post=36324"}],"curies":[{"name":"wp","href":"https:\/\/api.w.org\/{rel}","templated":true}]}}