{"id":36332,"date":"2022-11-25T15:25:12","date_gmt":"2022-11-25T08:25:12","guid":{"rendered":"https:\/\/mouldking.store\/?post_type=product&#038;p=36332"},"modified":"2025-12-25T09:12:19","modified_gmt":"2025-12-25T02:12:19","slug":"moc-124936-90s-ninja-turtles-party-wagon-with-443-pieces","status":"publish","type":"product","link":"https:\/\/mouldking.store\/de\/shop\/moc-124936-90s-ninja-turtles-party-wagon-with-443-pieces\/","title":{"rendered":"MOC-124936 90er Ninja Turtles Partywagen mit 443 Teilen"},"content":{"rendered":"<p>Produktinformation:<\/p>\n<ol>\n<li>Marke: MOC<\/li>\n<li>Geschlecht: Unisex<\/li>\n<li>Name: Ninja Turtles Partywagen<\/li>\n<li>Altersspanne: &gt; 6 Jahre alt<\/li>\n<li>Modellnummer: 124936<\/li>\n<li>Einstufung: Assemblage<\/li>\n<li>Kunststoffblockform: Selbstsichernde Steine<\/li>\n<li>Material: Kunststoff<\/li>\n<li>Kunststofftyp: ABS<\/li>\n<li>Ziegelsteine: 443 ST\u00dcCKE<\/li>\n<li>Gr\u00f6\u00dfe: 16 x 8 x 9,6 cm<\/li>\n<li>Gewicht: 0,28 kg<\/li>\n<li>Enth\u00e4lt eine ausf\u00fchrliche Montageanleitung.<\/li>\n<\/ol>\n<p>Notiz:<br \/>\n1. Ohne Originalverpackung, aber wir garantieren, dass unsere Produkte eine Qualit\u00e4tssicherung und eine sch\u00f6ne Verpackung haben.<br \/>\n2. Wie alle Teile, die wir vor dem Versand \u00fcberpr\u00fcft haben, machen Sie sich keine Sorgen, wenn Sie feststellen, dass einige Teile fehlen oder besch\u00e4digt sind, und kontaktieren Sie uns einfach, und wir k\u00f6nnen sie Ihnen umgehend kostenlos erneut zusenden.<\/p>\n<figure id=\"attachment_36333\" aria-describedby=\"caption-attachment-36333\" style=\"width: 1024px\" class=\"wp-caption aligncenter\"><img fetchpriority=\"high\" decoding=\"async\" class=\"wp-image-36333 size-large\" src=\"https:\/\/mouldking.store\/wp-content\/uploads\/2022\/11\/MOC-124936-Technic-Ninja-Turtles-Party-Wagon-MOC-FACTORY-1024x1024.png\" alt=\"MOC-124936 90s Ninja Turtle\u2019s Party Wagon With 443 Pieces\" width=\"1024\" height=\"1024\" title=\"-\" srcset=\"https:\/\/mouldking.store\/wp-content\/uploads\/2022\/11\/MOC-124936-Technic-Ninja-Turtles-Party-Wagon-MOC-FACTORY-1024x1024.png 1024w, https:\/\/mouldking.store\/wp-content\/uploads\/2022\/11\/MOC-124936-Technic-Ninja-Turtles-Party-Wagon-MOC-FACTORY-300x300.png 300w, https:\/\/mouldking.store\/wp-content\/uploads\/2022\/11\/MOC-124936-Technic-Ninja-Turtles-Party-Wagon-MOC-FACTORY-768x768.png 768w, https:\/\/mouldking.store\/wp-content\/uploads\/2022\/11\/MOC-124936-Technic-Ninja-Turtles-Party-Wagon-MOC-FACTORY-600x600.png 600w, https:\/\/mouldking.store\/wp-content\/uploads\/2022\/11\/MOC-124936-Technic-Ninja-Turtles-Party-Wagon-MOC-FACTORY-150x150.png 150w, https:\/\/mouldking.store\/wp-content\/uploads\/2022\/11\/MOC-124936-Technic-Ninja-Turtles-Party-Wagon-MOC-FACTORY-60x60.png 60w, https:\/\/mouldking.store\/wp-content\/uploads\/2022\/11\/MOC-124936-Technic-Ninja-Turtles-Party-Wagon-MOC-FACTORY-90x90.png 90w, https:\/\/mouldking.store\/wp-content\/uploads\/2022\/11\/MOC-124936-Technic-Ninja-Turtles-Party-Wagon-MOC-FACTORY.png 1095w\" sizes=\"(max-width: 1024px) 100vw, 1024px\" \/><figcaption id=\"caption-attachment-36333\" class=\"wp-caption-text\">MOC-124936 90er Ninja Turtles Partywagen mit 443 Teilen<\/figcaption><\/figure>\n<figure id=\"attachment_36334\" aria-describedby=\"caption-attachment-36334\" style=\"width: 1000px\" class=\"wp-caption aligncenter\"><img decoding=\"async\" class=\"wp-image-36334 size-full\" src=\"https:\/\/mouldking.store\/wp-content\/uploads\/2022\/11\/MOC-124936-90s-Ninja-Turtles-Party-Wagon-6.jpg\" alt=\"MOC-124936 90s Ninja Turtle\u2019s Party Wagon With 443 Pieces\" width=\"1000\" height=\"1000\" title=\"-\" srcset=\"https:\/\/mouldking.store\/wp-content\/uploads\/2022\/11\/MOC-124936-90s-Ninja-Turtles-Party-Wagon-6.jpg 1000w, https:\/\/mouldking.store\/wp-content\/uploads\/2022\/11\/MOC-124936-90s-Ninja-Turtles-Party-Wagon-6-300x300.jpg 300w, https:\/\/mouldking.store\/wp-content\/uploads\/2022\/11\/MOC-124936-90s-Ninja-Turtles-Party-Wagon-6-768x768.jpg 768w, https:\/\/mouldking.store\/wp-content\/uploads\/2022\/11\/MOC-124936-90s-Ninja-Turtles-Party-Wagon-6-600x600.jpg 600w, https:\/\/mouldking.store\/wp-content\/uploads\/2022\/11\/MOC-124936-90s-Ninja-Turtles-Party-Wagon-6-150x150.jpg 150w, https:\/\/mouldking.store\/wp-content\/uploads\/2022\/11\/MOC-124936-90s-Ninja-Turtles-Party-Wagon-6-60x60.jpg 60w, https:\/\/mouldking.store\/wp-content\/uploads\/2022\/11\/MOC-124936-90s-Ninja-Turtles-Party-Wagon-6-90x90.jpg 90w\" sizes=\"(max-width: 1000px) 100vw, 1000px\" \/><figcaption id=\"caption-attachment-36334\" class=\"wp-caption-text\">MOC-124936 90er Ninja Turtles Partywagen mit 443 Teilen<\/figcaption><\/figure>\n<figure id=\"attachment_36335\" aria-describedby=\"caption-attachment-36335\" style=\"width: 1000px\" class=\"wp-caption aligncenter\"><img decoding=\"async\" class=\"wp-image-36335 size-full\" src=\"https:\/\/mouldking.store\/wp-content\/uploads\/2022\/11\/MOC-124936-90s-Ninja-Turtles-Party-Wagon-5.jpg\" alt=\"MOC-124936 90s Ninja Turtle\u2019s Party Wagon With 443 Pieces\" width=\"1000\" height=\"1000\" title=\"-\" srcset=\"https:\/\/mouldking.store\/wp-content\/uploads\/2022\/11\/MOC-124936-90s-Ninja-Turtles-Party-Wagon-5.jpg 1000w, https:\/\/mouldking.store\/wp-content\/uploads\/2022\/11\/MOC-124936-90s-Ninja-Turtles-Party-Wagon-5-300x300.jpg 300w, https:\/\/mouldking.store\/wp-content\/uploads\/2022\/11\/MOC-124936-90s-Ninja-Turtles-Party-Wagon-5-768x768.jpg 768w, https:\/\/mouldking.store\/wp-content\/uploads\/2022\/11\/MOC-124936-90s-Ninja-Turtles-Party-Wagon-5-600x600.jpg 600w, https:\/\/mouldking.store\/wp-content\/uploads\/2022\/11\/MOC-124936-90s-Ninja-Turtles-Party-Wagon-5-150x150.jpg 150w, https:\/\/mouldking.store\/wp-content\/uploads\/2022\/11\/MOC-124936-90s-Ninja-Turtles-Party-Wagon-5-60x60.jpg 60w, https:\/\/mouldking.store\/wp-content\/uploads\/2022\/11\/MOC-124936-90s-Ninja-Turtles-Party-Wagon-5-90x90.jpg 90w\" sizes=\"(max-width: 1000px) 100vw, 1000px\" \/><figcaption id=\"caption-attachment-36335\" class=\"wp-caption-text\">MOC-124936 90er Ninja Turtles Partywagen mit 443 Teilen<\/figcaption><\/figure>\n<figure id=\"attachment_36336\" aria-describedby=\"caption-attachment-36336\" style=\"width: 1000px\" class=\"wp-caption aligncenter\"><img loading=\"lazy\" decoding=\"async\" class=\"wp-image-36336 size-full\" src=\"https:\/\/mouldking.store\/wp-content\/uploads\/2022\/11\/MOC-124936-90s-Ninja-Turtles-Party-Wagon-4.jpg\" alt=\"MOC-124936 90s Ninja Turtle\u2019s Party Wagon With 443 Pieces\" width=\"1000\" height=\"1000\" title=\"-\" srcset=\"https:\/\/mouldking.store\/wp-content\/uploads\/2022\/11\/MOC-124936-90s-Ninja-Turtles-Party-Wagon-4.jpg 1000w, https:\/\/mouldking.store\/wp-content\/uploads\/2022\/11\/MOC-124936-90s-Ninja-Turtles-Party-Wagon-4-300x300.jpg 300w, https:\/\/mouldking.store\/wp-content\/uploads\/2022\/11\/MOC-124936-90s-Ninja-Turtles-Party-Wagon-4-768x768.jpg 768w, https:\/\/mouldking.store\/wp-content\/uploads\/2022\/11\/MOC-124936-90s-Ninja-Turtles-Party-Wagon-4-600x600.jpg 600w, https:\/\/mouldking.store\/wp-content\/uploads\/2022\/11\/MOC-124936-90s-Ninja-Turtles-Party-Wagon-4-150x150.jpg 150w, https:\/\/mouldking.store\/wp-content\/uploads\/2022\/11\/MOC-124936-90s-Ninja-Turtles-Party-Wagon-4-60x60.jpg 60w, https:\/\/mouldking.store\/wp-content\/uploads\/2022\/11\/MOC-124936-90s-Ninja-Turtles-Party-Wagon-4-90x90.jpg 90w\" sizes=\"(max-width: 1000px) 100vw, 1000px\" \/><figcaption id=\"caption-attachment-36336\" class=\"wp-caption-text\">MOC-124936 90er Ninja Turtles Partywagen mit 443 Teilen<\/figcaption><\/figure>\n<figure id=\"attachment_36337\" aria-describedby=\"caption-attachment-36337\" style=\"width: 1000px\" class=\"wp-caption aligncenter\"><img loading=\"lazy\" decoding=\"async\" class=\"wp-image-36337 size-full\" src=\"https:\/\/mouldking.store\/wp-content\/uploads\/2022\/11\/MOC-124936-90s-Ninja-Turtles-Party-Wagon-3.jpg\" alt=\"MOC-124936 90s Ninja Turtle\u2019s Party Wagon With 443 Pieces\" width=\"1000\" height=\"1000\" title=\"-\" srcset=\"https:\/\/mouldking.store\/wp-content\/uploads\/2022\/11\/MOC-124936-90s-Ninja-Turtles-Party-Wagon-3.jpg 1000w, https:\/\/mouldking.store\/wp-content\/uploads\/2022\/11\/MOC-124936-90s-Ninja-Turtles-Party-Wagon-3-300x300.jpg 300w, https:\/\/mouldking.store\/wp-content\/uploads\/2022\/11\/MOC-124936-90s-Ninja-Turtles-Party-Wagon-3-768x768.jpg 768w, https:\/\/mouldking.store\/wp-content\/uploads\/2022\/11\/MOC-124936-90s-Ninja-Turtles-Party-Wagon-3-600x600.jpg 600w, https:\/\/mouldking.store\/wp-content\/uploads\/2022\/11\/MOC-124936-90s-Ninja-Turtles-Party-Wagon-3-150x150.jpg 150w, https:\/\/mouldking.store\/wp-content\/uploads\/2022\/11\/MOC-124936-90s-Ninja-Turtles-Party-Wagon-3-60x60.jpg 60w, https:\/\/mouldking.store\/wp-content\/uploads\/2022\/11\/MOC-124936-90s-Ninja-Turtles-Party-Wagon-3-90x90.jpg 90w\" sizes=\"(max-width: 1000px) 100vw, 1000px\" \/><figcaption id=\"caption-attachment-36337\" class=\"wp-caption-text\">MOC-124936 90er Ninja Turtles Partywagen mit 443 Teilen<\/figcaption><\/figure>\n<figure id=\"attachment_36338\" aria-describedby=\"caption-attachment-36338\" style=\"width: 1000px\" class=\"wp-caption aligncenter\"><img loading=\"lazy\" decoding=\"async\" class=\"wp-image-36338 size-full\" src=\"https:\/\/mouldking.store\/wp-content\/uploads\/2022\/11\/MOC-124936-90s-Ninja-Turtles-Party-Wagon-2.jpg\" alt=\"MOC-124936 90s Ninja Turtle\u2019s Party Wagon With 443 Pieces\" width=\"1000\" height=\"1000\" title=\"-\" srcset=\"https:\/\/mouldking.store\/wp-content\/uploads\/2022\/11\/MOC-124936-90s-Ninja-Turtles-Party-Wagon-2.jpg 1000w, https:\/\/mouldking.store\/wp-content\/uploads\/2022\/11\/MOC-124936-90s-Ninja-Turtles-Party-Wagon-2-300x300.jpg 300w, https:\/\/mouldking.store\/wp-content\/uploads\/2022\/11\/MOC-124936-90s-Ninja-Turtles-Party-Wagon-2-768x768.jpg 768w, https:\/\/mouldking.store\/wp-content\/uploads\/2022\/11\/MOC-124936-90s-Ninja-Turtles-Party-Wagon-2-600x600.jpg 600w, https:\/\/mouldking.store\/wp-content\/uploads\/2022\/11\/MOC-124936-90s-Ninja-Turtles-Party-Wagon-2-150x150.jpg 150w, https:\/\/mouldking.store\/wp-content\/uploads\/2022\/11\/MOC-124936-90s-Ninja-Turtles-Party-Wagon-2-60x60.jpg 60w, https:\/\/mouldking.store\/wp-content\/uploads\/2022\/11\/MOC-124936-90s-Ninja-Turtles-Party-Wagon-2-90x90.jpg 90w\" sizes=\"(max-width: 1000px) 100vw, 1000px\" \/><figcaption id=\"caption-attachment-36338\" class=\"wp-caption-text\">MOC-124936 90er Ninja Turtles Partywagen mit 443 Teilen<\/figcaption><\/figure>\n<figure id=\"attachment_36339\" aria-describedby=\"caption-attachment-36339\" style=\"width: 630px\" class=\"wp-caption aligncenter\"><img loading=\"lazy\" decoding=\"async\" class=\"wp-image-36339 size-full\" src=\"https:\/\/mouldking.store\/wp-content\/uploads\/2022\/11\/MOC-124936-90s-Ninja-Turtles-Party-Wagon-1.jpg\" alt=\"MOC-124936 90s Ninja Turtle\u2019s Party Wagon With 443 Pieces\" width=\"630\" height=\"1200\" title=\"-\" srcset=\"https:\/\/mouldking.store\/wp-content\/uploads\/2022\/11\/MOC-124936-90s-Ninja-Turtles-Party-Wagon-1.jpg 630w, https:\/\/mouldking.store\/wp-content\/uploads\/2022\/11\/MOC-124936-90s-Ninja-Turtles-Party-Wagon-1-158x300.jpg 158w, https:\/\/mouldking.store\/wp-content\/uploads\/2022\/11\/MOC-124936-90s-Ninja-Turtles-Party-Wagon-1-538x1024.jpg 538w, https:\/\/mouldking.store\/wp-content\/uploads\/2022\/11\/MOC-124936-90s-Ninja-Turtles-Party-Wagon-1-300x571.jpg 300w, https:\/\/mouldking.store\/wp-content\/uploads\/2022\/11\/MOC-124936-90s-Ninja-Turtles-Party-Wagon-1-600x1143.jpg 600w, https:\/\/mouldking.store\/wp-content\/uploads\/2022\/11\/MOC-124936-90s-Ninja-Turtles-Party-Wagon-1-79x150.jpg 79w, https:\/\/mouldking.store\/wp-content\/uploads\/2022\/11\/MOC-124936-90s-Ninja-Turtles-Party-Wagon-1-32x60.jpg 32w, https:\/\/mouldking.store\/wp-content\/uploads\/2022\/11\/MOC-124936-90s-Ninja-Turtles-Party-Wagon-1-47x90.jpg 47w\" sizes=\"(max-width: 630px) 100vw, 630px\" \/><figcaption id=\"caption-attachment-36339\" class=\"wp-caption-text\">MOC-124936 90er Ninja Turtles Partywagen mit 443 Teilen<\/figcaption><\/figure>","protected":false},"excerpt":{"rendered":"<p>Product information: Brand: MOC Gender: Unisex Name: Ninja Turtle\u2019s Party Wagon Age Range: &gt; 6 years old Model Number: 124936 Classification: Assemblage Plastic Block Shape: Self-Locking Bricks Material: Plastic Plastic Type: ABS Bricks Blocks:443 PCS Size: 16 x 8 x 9.6 cm Weight: 0.28 kg Contains detailed assembly instructions. Notice: 1. Without an original box, [&hellip;]<\/p>","protected":false},"featured_media":36333,"comment_status":"closed","ping_status":"closed","template":"","meta":{"_acf_changed":false},"product_cat":[1406,364],"product_tag":[8339,8334,8340,8333,8335,8338,8337,8336,2310],"class_list":["product","first","instock","shipping-taxable","purchasable","product-type-simple"],"acf":[],"_links":{"self":[{"href":"https:\/\/mouldking.store\/de\/wp-json\/wp\/v2\/product\/36332","targetHints":{"allow":["GET"]}}],"collection":[{"href":"https:\/\/mouldking.store\/de\/wp-json\/wp\/v2\/product"}],"about":[{"href":"https:\/\/mouldking.store\/de\/wp-json\/wp\/v2\/types\/product"}],"replies":[{"embeddable":true,"href":"https:\/\/mouldking.store\/de\/wp-json\/wp\/v2\/comments?post=36332"}],"wp:featuredmedia":[{"embeddable":true,"href":"https:\/\/mouldking.store\/de\/wp-json\/wp\/v2\/media\/36333"}],"wp:attachment":[{"href":"https:\/\/mouldking.store\/de\/wp-json\/wp\/v2\/media?parent=36332"}],"wp:term":[{"taxonomy":"product_cat","embeddable":true,"href":"https:\/\/mouldking.store\/de\/wp-json\/wp\/v2\/product_cat?post=36332"},{"taxonomy":"product_tag","embeddable":true,"href":"https:\/\/mouldking.store\/de\/wp-json\/wp\/v2\/product_tag?post=36332"}],"curies":[{"name":"wp","href":"https:\/\/api.w.org\/{rel}","templated":true}]}}