{"id":36340,"date":"2022-11-25T15:32:35","date_gmt":"2022-11-25T08:32:35","guid":{"rendered":"https:\/\/mouldking.store\/?post_type=product&#038;p=36340"},"modified":"2025-12-25T09:12:19","modified_gmt":"2025-12-25T02:12:19","slug":"moc-89542-short-circuit-johnny-5-with-369-pieces","status":"publish","type":"product","link":"https:\/\/mouldking.store\/de\/shop\/moc-89542-short-circuit-johnny-5-with-369-pieces\/","title":{"rendered":"MOC-89542 Short Circuit Johnny 5 mit 369 Teilen"},"content":{"rendered":"<p>Produktinformation:<\/p>\n<ol>\n<li>Marke: MOC<\/li>\n<li>Geschlecht: Unisex<\/li>\n<li>Name: Short Circuit Johnny 5<\/li>\n<li>Altersspanne: &gt; 6 Jahre alt<\/li>\n<li>Model Number: 89542<\/li>\n<li>Einstufung: Assemblage<\/li>\n<li>Kunststoffblockform: Selbstsichernde Steine<\/li>\n<li>Material: Kunststoff<\/li>\n<li>Kunststofftyp: ABS<\/li>\n<li>Bricks Blocks:369 PCS<\/li>\n<li>Size: 8 x 8 x 16 cm<\/li>\n<li>Weight: 0.15 kg<\/li>\n<li>Enth\u00e4lt eine ausf\u00fchrliche Montageanleitung.<\/li>\n<\/ol>\n<p>Notiz:<br \/>\n1. Ohne Originalverpackung, aber wir garantieren, dass unsere Produkte eine Qualit\u00e4tssicherung und eine sch\u00f6ne Verpackung haben.<br \/>\n2. Wie alle Teile, die wir vor dem Versand \u00fcberpr\u00fcft haben, machen Sie sich keine Sorgen, wenn Sie feststellen, dass einige Teile fehlen oder besch\u00e4digt sind, und kontaktieren Sie uns einfach, und wir k\u00f6nnen sie Ihnen umgehend kostenlos erneut zusenden.<\/p>\n<figure id=\"attachment_36341\" aria-describedby=\"caption-attachment-36341\" style=\"width: 1024px\" class=\"wp-caption aligncenter\"><img fetchpriority=\"high\" decoding=\"async\" class=\"wp-image-36341 size-large\" src=\"https:\/\/mouldking.store\/wp-content\/uploads\/2022\/11\/MOC-89542-Technic-Short-Circuit-Johnny-5-MOC-FACTORY-1024x1024.png\" alt=\"MOC-89542 Short Circuit Johnny 5 With 369 Pieces\" width=\"1024\" height=\"1024\" title=\"-\" srcset=\"https:\/\/mouldking.store\/wp-content\/uploads\/2022\/11\/MOC-89542-Technic-Short-Circuit-Johnny-5-MOC-FACTORY-1024x1024.png 1024w, https:\/\/mouldking.store\/wp-content\/uploads\/2022\/11\/MOC-89542-Technic-Short-Circuit-Johnny-5-MOC-FACTORY-300x300.png 300w, https:\/\/mouldking.store\/wp-content\/uploads\/2022\/11\/MOC-89542-Technic-Short-Circuit-Johnny-5-MOC-FACTORY-768x768.png 768w, https:\/\/mouldking.store\/wp-content\/uploads\/2022\/11\/MOC-89542-Technic-Short-Circuit-Johnny-5-MOC-FACTORY-600x600.png 600w, https:\/\/mouldking.store\/wp-content\/uploads\/2022\/11\/MOC-89542-Technic-Short-Circuit-Johnny-5-MOC-FACTORY-150x150.png 150w, https:\/\/mouldking.store\/wp-content\/uploads\/2022\/11\/MOC-89542-Technic-Short-Circuit-Johnny-5-MOC-FACTORY-60x60.png 60w, https:\/\/mouldking.store\/wp-content\/uploads\/2022\/11\/MOC-89542-Technic-Short-Circuit-Johnny-5-MOC-FACTORY-90x90.png 90w, https:\/\/mouldking.store\/wp-content\/uploads\/2022\/11\/MOC-89542-Technic-Short-Circuit-Johnny-5-MOC-FACTORY.png 1095w\" sizes=\"(max-width: 1024px) 100vw, 1024px\" \/><figcaption id=\"caption-attachment-36341\" class=\"wp-caption-text\">MOC-89542 Short Circuit Johnny 5 mit 369 Teilen<\/figcaption><\/figure>\n<figure id=\"attachment_36342\" aria-describedby=\"caption-attachment-36342\" style=\"width: 1000px\" class=\"wp-caption aligncenter\"><img decoding=\"async\" class=\"wp-image-36342 size-full\" src=\"https:\/\/mouldking.store\/wp-content\/uploads\/2022\/11\/MOC-Short-Circuit-Johnny-5-6.jpg\" alt=\"MOC-89542 Short Circuit Johnny 5 With 369 Pieces\" width=\"1000\" height=\"1000\" title=\"-\" srcset=\"https:\/\/mouldking.store\/wp-content\/uploads\/2022\/11\/MOC-Short-Circuit-Johnny-5-6.jpg 1000w, https:\/\/mouldking.store\/wp-content\/uploads\/2022\/11\/MOC-Short-Circuit-Johnny-5-6-300x300.jpg 300w, https:\/\/mouldking.store\/wp-content\/uploads\/2022\/11\/MOC-Short-Circuit-Johnny-5-6-768x768.jpg 768w, https:\/\/mouldking.store\/wp-content\/uploads\/2022\/11\/MOC-Short-Circuit-Johnny-5-6-600x600.jpg 600w, https:\/\/mouldking.store\/wp-content\/uploads\/2022\/11\/MOC-Short-Circuit-Johnny-5-6-150x150.jpg 150w, https:\/\/mouldking.store\/wp-content\/uploads\/2022\/11\/MOC-Short-Circuit-Johnny-5-6-60x60.jpg 60w, https:\/\/mouldking.store\/wp-content\/uploads\/2022\/11\/MOC-Short-Circuit-Johnny-5-6-90x90.jpg 90w\" sizes=\"(max-width: 1000px) 100vw, 1000px\" \/><figcaption id=\"caption-attachment-36342\" class=\"wp-caption-text\">MOC-89542 Short Circuit Johnny 5 mit 369 Teilen<\/figcaption><\/figure>\n<figure id=\"attachment_36343\" aria-describedby=\"caption-attachment-36343\" style=\"width: 1000px\" class=\"wp-caption aligncenter\"><img decoding=\"async\" class=\"wp-image-36343 size-full\" src=\"https:\/\/mouldking.store\/wp-content\/uploads\/2022\/11\/MOC-Short-Circuit-Johnny-5-5.jpg\" alt=\"MOC-89542 Short Circuit Johnny 5 With 369 Pieces\" width=\"1000\" height=\"1000\" title=\"-\" srcset=\"https:\/\/mouldking.store\/wp-content\/uploads\/2022\/11\/MOC-Short-Circuit-Johnny-5-5.jpg 1000w, https:\/\/mouldking.store\/wp-content\/uploads\/2022\/11\/MOC-Short-Circuit-Johnny-5-5-300x300.jpg 300w, https:\/\/mouldking.store\/wp-content\/uploads\/2022\/11\/MOC-Short-Circuit-Johnny-5-5-768x768.jpg 768w, https:\/\/mouldking.store\/wp-content\/uploads\/2022\/11\/MOC-Short-Circuit-Johnny-5-5-600x600.jpg 600w, https:\/\/mouldking.store\/wp-content\/uploads\/2022\/11\/MOC-Short-Circuit-Johnny-5-5-150x150.jpg 150w, https:\/\/mouldking.store\/wp-content\/uploads\/2022\/11\/MOC-Short-Circuit-Johnny-5-5-60x60.jpg 60w, https:\/\/mouldking.store\/wp-content\/uploads\/2022\/11\/MOC-Short-Circuit-Johnny-5-5-90x90.jpg 90w\" sizes=\"(max-width: 1000px) 100vw, 1000px\" \/><figcaption id=\"caption-attachment-36343\" class=\"wp-caption-text\">MOC-89542 Short Circuit Johnny 5 mit 369 Teilen<\/figcaption><\/figure>\n<figure id=\"attachment_36344\" aria-describedby=\"caption-attachment-36344\" style=\"width: 1000px\" class=\"wp-caption aligncenter\"><img loading=\"lazy\" decoding=\"async\" class=\"wp-image-36344 size-full\" src=\"https:\/\/mouldking.store\/wp-content\/uploads\/2022\/11\/MOC-Short-Circuit-Johnny-5-4.jpg\" alt=\"MOC-89542 Short Circuit Johnny 5 With 369 Pieces\" width=\"1000\" height=\"1000\" title=\"-\" srcset=\"https:\/\/mouldking.store\/wp-content\/uploads\/2022\/11\/MOC-Short-Circuit-Johnny-5-4.jpg 1000w, https:\/\/mouldking.store\/wp-content\/uploads\/2022\/11\/MOC-Short-Circuit-Johnny-5-4-300x300.jpg 300w, https:\/\/mouldking.store\/wp-content\/uploads\/2022\/11\/MOC-Short-Circuit-Johnny-5-4-768x768.jpg 768w, https:\/\/mouldking.store\/wp-content\/uploads\/2022\/11\/MOC-Short-Circuit-Johnny-5-4-600x600.jpg 600w, https:\/\/mouldking.store\/wp-content\/uploads\/2022\/11\/MOC-Short-Circuit-Johnny-5-4-150x150.jpg 150w, https:\/\/mouldking.store\/wp-content\/uploads\/2022\/11\/MOC-Short-Circuit-Johnny-5-4-60x60.jpg 60w, https:\/\/mouldking.store\/wp-content\/uploads\/2022\/11\/MOC-Short-Circuit-Johnny-5-4-90x90.jpg 90w\" sizes=\"(max-width: 1000px) 100vw, 1000px\" \/><figcaption id=\"caption-attachment-36344\" class=\"wp-caption-text\">MOC-89542 Short Circuit Johnny 5 mit 369 Teilen<\/figcaption><\/figure>\n<figure id=\"attachment_36345\" aria-describedby=\"caption-attachment-36345\" style=\"width: 1000px\" class=\"wp-caption aligncenter\"><img loading=\"lazy\" decoding=\"async\" class=\"wp-image-36345 size-full\" src=\"https:\/\/mouldking.store\/wp-content\/uploads\/2022\/11\/MOC-Short-Circuit-Johnny-5-3.jpg\" alt=\"MOC-89542 Short Circuit Johnny 5 With 369 Pieces\" width=\"1000\" height=\"1000\" title=\"-\" srcset=\"https:\/\/mouldking.store\/wp-content\/uploads\/2022\/11\/MOC-Short-Circuit-Johnny-5-3.jpg 1000w, https:\/\/mouldking.store\/wp-content\/uploads\/2022\/11\/MOC-Short-Circuit-Johnny-5-3-300x300.jpg 300w, https:\/\/mouldking.store\/wp-content\/uploads\/2022\/11\/MOC-Short-Circuit-Johnny-5-3-768x768.jpg 768w, https:\/\/mouldking.store\/wp-content\/uploads\/2022\/11\/MOC-Short-Circuit-Johnny-5-3-600x600.jpg 600w, https:\/\/mouldking.store\/wp-content\/uploads\/2022\/11\/MOC-Short-Circuit-Johnny-5-3-150x150.jpg 150w, https:\/\/mouldking.store\/wp-content\/uploads\/2022\/11\/MOC-Short-Circuit-Johnny-5-3-60x60.jpg 60w, https:\/\/mouldking.store\/wp-content\/uploads\/2022\/11\/MOC-Short-Circuit-Johnny-5-3-90x90.jpg 90w\" sizes=\"(max-width: 1000px) 100vw, 1000px\" \/><figcaption id=\"caption-attachment-36345\" class=\"wp-caption-text\">MOC-89542 Short Circuit Johnny 5 mit 369 Teilen<\/figcaption><\/figure>\n<figure id=\"attachment_36346\" aria-describedby=\"caption-attachment-36346\" style=\"width: 1000px\" class=\"wp-caption aligncenter\"><img loading=\"lazy\" decoding=\"async\" class=\"wp-image-36346 size-full\" src=\"https:\/\/mouldking.store\/wp-content\/uploads\/2022\/11\/MOC-Short-Circuit-Johnny-5-2.jpg\" alt=\"MOC-89542 Short Circuit Johnny 5 With 369 Pieces\" width=\"1000\" height=\"1000\" title=\"-\" srcset=\"https:\/\/mouldking.store\/wp-content\/uploads\/2022\/11\/MOC-Short-Circuit-Johnny-5-2.jpg 1000w, https:\/\/mouldking.store\/wp-content\/uploads\/2022\/11\/MOC-Short-Circuit-Johnny-5-2-300x300.jpg 300w, https:\/\/mouldking.store\/wp-content\/uploads\/2022\/11\/MOC-Short-Circuit-Johnny-5-2-768x768.jpg 768w, https:\/\/mouldking.store\/wp-content\/uploads\/2022\/11\/MOC-Short-Circuit-Johnny-5-2-600x600.jpg 600w, https:\/\/mouldking.store\/wp-content\/uploads\/2022\/11\/MOC-Short-Circuit-Johnny-5-2-150x150.jpg 150w, https:\/\/mouldking.store\/wp-content\/uploads\/2022\/11\/MOC-Short-Circuit-Johnny-5-2-60x60.jpg 60w, https:\/\/mouldking.store\/wp-content\/uploads\/2022\/11\/MOC-Short-Circuit-Johnny-5-2-90x90.jpg 90w\" sizes=\"(max-width: 1000px) 100vw, 1000px\" \/><figcaption id=\"caption-attachment-36346\" class=\"wp-caption-text\">MOC-89542 Short Circuit Johnny 5 mit 369 Teilen<\/figcaption><\/figure>\n<figure id=\"attachment_36347\" aria-describedby=\"caption-attachment-36347\" style=\"width: 669px\" class=\"wp-caption aligncenter\"><img loading=\"lazy\" decoding=\"async\" class=\"wp-image-36347 size-full\" src=\"https:\/\/mouldking.store\/wp-content\/uploads\/2022\/11\/MOC-Short-Circuit-Johnny-5-1.jpg\" alt=\"MOC-89542 Short Circuit Johnny 5 With 369 Pieces\" width=\"669\" height=\"1200\" title=\"-\" srcset=\"https:\/\/mouldking.store\/wp-content\/uploads\/2022\/11\/MOC-Short-Circuit-Johnny-5-1.jpg 669w, https:\/\/mouldking.store\/wp-content\/uploads\/2022\/11\/MOC-Short-Circuit-Johnny-5-1-167x300.jpg 167w, https:\/\/mouldking.store\/wp-content\/uploads\/2022\/11\/MOC-Short-Circuit-Johnny-5-1-571x1024.jpg 571w, https:\/\/mouldking.store\/wp-content\/uploads\/2022\/11\/MOC-Short-Circuit-Johnny-5-1-300x538.jpg 300w, https:\/\/mouldking.store\/wp-content\/uploads\/2022\/11\/MOC-Short-Circuit-Johnny-5-1-600x1076.jpg 600w, https:\/\/mouldking.store\/wp-content\/uploads\/2022\/11\/MOC-Short-Circuit-Johnny-5-1-84x150.jpg 84w, https:\/\/mouldking.store\/wp-content\/uploads\/2022\/11\/MOC-Short-Circuit-Johnny-5-1-33x60.jpg 33w, https:\/\/mouldking.store\/wp-content\/uploads\/2022\/11\/MOC-Short-Circuit-Johnny-5-1-50x90.jpg 50w\" sizes=\"(max-width: 669px) 100vw, 669px\" \/><figcaption id=\"caption-attachment-36347\" class=\"wp-caption-text\">MOC-89542 Short Circuit Johnny 5 mit 369 Teilen<\/figcaption><\/figure>","protected":false},"excerpt":{"rendered":"<p>Product information: Brand: MOC Gender: Unisex Name: Short Circuit Johnny 5 Age Range: &gt; 6 years old Model Number: 89542 Classification: Assemblage Plastic Block Shape: Self-Locking Bricks Material: Plastic Plastic Type: ABS Bricks Blocks:369 PCS Size: 8 x 8 x 16 cm Weight: 0.15 kg Contains detailed assembly instructions. Notice: 1. Without an original box, [&hellip;]<\/p>","protected":false},"featured_media":36341,"comment_status":"closed","ping_status":"closed","template":"","meta":{"_acf_changed":false},"product_cat":[1357,1406,364],"product_tag":[8344,8342,8346,8341,8343,8345],"class_list":["product","first","instock","shipping-taxable","purchasable","product-type-simple"],"acf":[],"_links":{"self":[{"href":"https:\/\/mouldking.store\/de\/wp-json\/wp\/v2\/product\/36340","targetHints":{"allow":["GET"]}}],"collection":[{"href":"https:\/\/mouldking.store\/de\/wp-json\/wp\/v2\/product"}],"about":[{"href":"https:\/\/mouldking.store\/de\/wp-json\/wp\/v2\/types\/product"}],"replies":[{"embeddable":true,"href":"https:\/\/mouldking.store\/de\/wp-json\/wp\/v2\/comments?post=36340"}],"wp:featuredmedia":[{"embeddable":true,"href":"https:\/\/mouldking.store\/de\/wp-json\/wp\/v2\/media\/36341"}],"wp:attachment":[{"href":"https:\/\/mouldking.store\/de\/wp-json\/wp\/v2\/media?parent=36340"}],"wp:term":[{"taxonomy":"product_cat","embeddable":true,"href":"https:\/\/mouldking.store\/de\/wp-json\/wp\/v2\/product_cat?post=36340"},{"taxonomy":"product_tag","embeddable":true,"href":"https:\/\/mouldking.store\/de\/wp-json\/wp\/v2\/product_tag?post=36340"}],"curies":[{"name":"wp","href":"https:\/\/api.w.org\/{rel}","templated":true}]}}