{"id":36374,"date":"2022-11-25T16:03:11","date_gmt":"2022-11-25T09:03:11","guid":{"rendered":"https:\/\/mouldking.store\/?post_type=product&#038;p=36374"},"modified":"2022-11-25T16:03:11","modified_gmt":"2022-11-25T09:03:11","slug":"tuole-6012-tank-mega-commander-with-4052-pieces","status":"publish","type":"product","link":"https:\/\/mouldking.store\/de\/shop\/tuole-6012-tank-mega-commander-with-4052-pieces\/","title":{"rendered":"TUOLE 6012 Tank Mega Commander mit 4052 Teilen"},"content":{"rendered":"<p>Produktinformation:<\/p>\n<ol>\n<li>Marke: TUOL<\/li>\n<li>Geschlecht: Unisex<\/li>\n<li>Name: Tank Mega Commander<\/li>\n<li>Altersspanne: &gt; 6 Jahre alt<\/li>\n<li>Model Number: 6012<\/li>\n<li>Einstufung: Assemblage<\/li>\n<li>Kunststoffblockform: Selbstsichernde Steine<\/li>\n<li>Material: Kunststoff<\/li>\n<li>Kunststofftyp: ABS<\/li>\n<li>Bricks Blocks:4052 PCS<\/li>\n<li>Size: 30.4 \u00d7 23.4 \u00d7 42.3 cm<\/li>\n<li>Enth\u00e4lt eine ausf\u00fchrliche Montageanleitung.<\/li>\n<\/ol>\n<p>Notiz:<br \/>\n1. Ohne Originalverpackung, aber wir garantieren, dass unsere Produkte eine Qualit\u00e4tssicherung und eine sch\u00f6ne Verpackung haben.<br \/>\n2. Wie alle Teile, die wir vor dem Versand \u00fcberpr\u00fcft haben, machen Sie sich keine Sorgen, wenn Sie feststellen, dass einige Teile fehlen oder besch\u00e4digt sind, und kontaktieren Sie uns einfach, und wir k\u00f6nnen sie Ihnen umgehend kostenlos erneut zusenden.<\/p>\n<figure id=\"attachment_36375\" aria-describedby=\"caption-attachment-36375\" style=\"width: 800px\" class=\"wp-caption aligncenter\"><img fetchpriority=\"high\" decoding=\"async\" class=\"wp-image-36375 size-full\" src=\"https:\/\/mouldking.store\/wp-content\/uploads\/2022\/11\/Tank-Mega-Commander-TUOLE-6012-3.jpg\" alt=\"TUOLE 6012 Tank Mega Commander With 4052 Pieces\" width=\"800\" height=\"800\" title=\"-\" srcset=\"https:\/\/mouldking.store\/wp-content\/uploads\/2022\/11\/Tank-Mega-Commander-TUOLE-6012-3.jpg 800w, https:\/\/mouldking.store\/wp-content\/uploads\/2022\/11\/Tank-Mega-Commander-TUOLE-6012-3-300x300.jpg 300w, https:\/\/mouldking.store\/wp-content\/uploads\/2022\/11\/Tank-Mega-Commander-TUOLE-6012-3-768x768.jpg 768w, https:\/\/mouldking.store\/wp-content\/uploads\/2022\/11\/Tank-Mega-Commander-TUOLE-6012-3-600x600.jpg 600w, https:\/\/mouldking.store\/wp-content\/uploads\/2022\/11\/Tank-Mega-Commander-TUOLE-6012-3-150x150.jpg 150w, https:\/\/mouldking.store\/wp-content\/uploads\/2022\/11\/Tank-Mega-Commander-TUOLE-6012-3-60x60.jpg 60w, https:\/\/mouldking.store\/wp-content\/uploads\/2022\/11\/Tank-Mega-Commander-TUOLE-6012-3-90x90.jpg 90w\" sizes=\"(max-width: 800px) 100vw, 800px\" \/><figcaption id=\"caption-attachment-36375\" class=\"wp-caption-text\">TUOLE 6012 Tank Mega Commander mit 4052 Teilen<\/figcaption><\/figure>\n<figure id=\"attachment_36376\" aria-describedby=\"caption-attachment-36376\" style=\"width: 800px\" class=\"wp-caption aligncenter\"><img decoding=\"async\" class=\"wp-image-36376 size-full\" src=\"https:\/\/mouldking.store\/wp-content\/uploads\/2022\/11\/Tank-Mega-Commander-TUOLE-6012-2.jpg\" alt=\"TUOLE 6012 Tank Mega Commander With 4052 Pieces\" width=\"800\" height=\"800\" title=\"-\" srcset=\"https:\/\/mouldking.store\/wp-content\/uploads\/2022\/11\/Tank-Mega-Commander-TUOLE-6012-2.jpg 800w, https:\/\/mouldking.store\/wp-content\/uploads\/2022\/11\/Tank-Mega-Commander-TUOLE-6012-2-300x300.jpg 300w, https:\/\/mouldking.store\/wp-content\/uploads\/2022\/11\/Tank-Mega-Commander-TUOLE-6012-2-768x768.jpg 768w, https:\/\/mouldking.store\/wp-content\/uploads\/2022\/11\/Tank-Mega-Commander-TUOLE-6012-2-600x600.jpg 600w, https:\/\/mouldking.store\/wp-content\/uploads\/2022\/11\/Tank-Mega-Commander-TUOLE-6012-2-150x150.jpg 150w, https:\/\/mouldking.store\/wp-content\/uploads\/2022\/11\/Tank-Mega-Commander-TUOLE-6012-2-60x60.jpg 60w, https:\/\/mouldking.store\/wp-content\/uploads\/2022\/11\/Tank-Mega-Commander-TUOLE-6012-2-90x90.jpg 90w\" sizes=\"(max-width: 800px) 100vw, 800px\" \/><figcaption id=\"caption-attachment-36376\" class=\"wp-caption-text\">TUOLE 6012 Tank Mega Commander mit 4052 Teilen<\/figcaption><\/figure>\n<figure id=\"attachment_36377\" aria-describedby=\"caption-attachment-36377\" style=\"width: 800px\" class=\"wp-caption aligncenter\"><img decoding=\"async\" class=\"wp-image-36377 size-full\" src=\"https:\/\/mouldking.store\/wp-content\/uploads\/2022\/11\/Tank-Mega-Commander-TUOLE-6012-1.jpg\" alt=\"TUOLE 6012 Tank Mega Commander With 4052 Pieces\" width=\"800\" height=\"800\" title=\"-\" srcset=\"https:\/\/mouldking.store\/wp-content\/uploads\/2022\/11\/Tank-Mega-Commander-TUOLE-6012-1.jpg 800w, https:\/\/mouldking.store\/wp-content\/uploads\/2022\/11\/Tank-Mega-Commander-TUOLE-6012-1-300x300.jpg 300w, https:\/\/mouldking.store\/wp-content\/uploads\/2022\/11\/Tank-Mega-Commander-TUOLE-6012-1-768x768.jpg 768w, https:\/\/mouldking.store\/wp-content\/uploads\/2022\/11\/Tank-Mega-Commander-TUOLE-6012-1-600x600.jpg 600w, https:\/\/mouldking.store\/wp-content\/uploads\/2022\/11\/Tank-Mega-Commander-TUOLE-6012-1-150x150.jpg 150w, https:\/\/mouldking.store\/wp-content\/uploads\/2022\/11\/Tank-Mega-Commander-TUOLE-6012-1-60x60.jpg 60w, https:\/\/mouldking.store\/wp-content\/uploads\/2022\/11\/Tank-Mega-Commander-TUOLE-6012-1-90x90.jpg 90w\" sizes=\"(max-width: 800px) 100vw, 800px\" \/><figcaption id=\"caption-attachment-36377\" class=\"wp-caption-text\">TUOLE 6012 Tank Mega Commander mit 4052 Teilen<\/figcaption><\/figure>","protected":false},"excerpt":{"rendered":"<p>Product information: Brand: TUOLE Gender: Unisex Name: Tank Mega Commander Age Range: &gt; 6 years old Model Number: 6012 Classification: Assemblage Plastic Block Shape: Self-Locking Bricks Material: Plastic Plastic Type: ABS Bricks Blocks:4052 PCS Size: 30.4 \u00d7 23.4 \u00d7 42.3 cm Contains detailed assembly instructions. Notice: 1. Without an original box, but we guarantee our [&hellip;]<\/p>","protected":false},"featured_media":36375,"comment_status":"closed","ping_status":"closed","template":"","meta":{"_acf_changed":false},"product_cat":[581],"product_tag":[8366,8368,8367,485,8370,7803,8369,8371,8365],"class_list":["product","first","instock","shipping-taxable","purchasable","product-type-simple"],"acf":[],"_links":{"self":[{"href":"https:\/\/mouldking.store\/de\/wp-json\/wp\/v2\/product\/36374","targetHints":{"allow":["GET"]}}],"collection":[{"href":"https:\/\/mouldking.store\/de\/wp-json\/wp\/v2\/product"}],"about":[{"href":"https:\/\/mouldking.store\/de\/wp-json\/wp\/v2\/types\/product"}],"replies":[{"embeddable":true,"href":"https:\/\/mouldking.store\/de\/wp-json\/wp\/v2\/comments?post=36374"}],"wp:featuredmedia":[{"embeddable":true,"href":"https:\/\/mouldking.store\/de\/wp-json\/wp\/v2\/media\/36375"}],"wp:attachment":[{"href":"https:\/\/mouldking.store\/de\/wp-json\/wp\/v2\/media?parent=36374"}],"wp:term":[{"taxonomy":"product_cat","embeddable":true,"href":"https:\/\/mouldking.store\/de\/wp-json\/wp\/v2\/product_cat?post=36374"},{"taxonomy":"product_tag","embeddable":true,"href":"https:\/\/mouldking.store\/de\/wp-json\/wp\/v2\/product_tag?post=36374"}],"curies":[{"name":"wp","href":"https:\/\/api.w.org\/{rel}","templated":true}]}}